{"id":9005,"date":"2025-06-22T15:25:20","date_gmt":"2025-06-22T15:25:20","guid":{"rendered":"https:\/\/ryinz.cz\/velkoobchod\/?post_type=product&#038;p=9005"},"modified":"2026-01-18T20:17:20","modified_gmt":"2026-01-18T20:17:20","slug":"ryinz-klasicke-perforovane-kozene-rukavice-na-soferovanie-pre-muzov-dvojfarebne-opalene-cierne-stylove-rukavice-s-ventilacnym-gripom-na-klby-pre-vsetky-rocne-obdobia","status":"publish","type":"product","link":"https:\/\/ryinz.cz\/velkoobchod\/sk\/product\/ryinz-classic-perforated-leather-driving-gloves-for-men-two-tone-tan-black-stylish-knuckle-vent-grip-gloves-for-all-seasons\/","title":{"rendered":"RYINZ Klasick\u00e9 perforovan\u00e9 ko\u017een\u00e9 rukavice na \u0161of\u00e9rovanie pre mu\u017eov - dvojfarebn\u00e9 tan a \u010dierne, \u0161t\u00fdlov\u00e9 rukavice s vetrac\u00edm otvorom na k\u013aboch pre v\u0161etky ro\u010dn\u00e9 obdobia"},"content":{"rendered":"<p class=\"\" data-start=\"312\" data-end=\"696\">Str\u00e1nka <strong data-start=\"316\" data-end=\"367\">RYINZ Klasick\u00e9 perforovan\u00e9 ko\u017een\u00e9 rukavice pre vodi\u010dov<\/strong> s\u00fa dokonalou kombin\u00e1ciou v\u00fdkonu, elegancie a funk\u010dnosti. Tieto rukavice s\u00fa navrhnut\u00e9 pre n\u00e1ro\u010dn\u00fdch vodi\u010dov, ktor\u00ed t\u00fa\u017eia po vintage \u0161t\u00fdle s modernou presnos\u0165ou, a pon\u00fakaj\u00fa bezkonkuren\u010dn\u00fd z\u00e1\u017eitok z jazdy, a to tak z h\u013eadiska pocitu, ako aj vzh\u013eadu. S\u00fa ide\u00e1lne pre nad\u0161encov klasick\u00fdch automobilov, ka\u017edodenn\u00fdch vodi\u010dov alebo pre ka\u017ed\u00e9ho, kto oce\u0148uje nad\u010dasov\u00e9 spracovanie.<\/p>\n<p class=\"\" data-start=\"698\" data-end=\"1133\">Rukavice s\u00fa vyroben\u00e9 z vysokokvalitnej celozrnnej ko\u017ee a maj\u00fa hladk\u00fa a pru\u017en\u00fa \u0161trukt\u00faru, ktor\u00e1 zvy\u0161uje pohodlie aj odolnos\u0165. Dvojfarebn\u00fd dizajn - v\u00fdrazn\u00fd kontrast hnedej farby na vonkaj\u0161ej strane a \u010diernej na strane dlane - vy\u017earuje odv\u00e1\u017eny, ale sofistikovan\u00fd vzh\u013ead. Tento elegantn\u00fd \u0161t\u00fdl sa sp\u00e1ja so strategicky umiestnenou perfor\u00e1ciou, ktor\u00e1 zabezpe\u010duje optim\u00e1lne vetranie a priedu\u0161nos\u0165, v\u010faka \u010domu s\u00fa vhodn\u00e9 na celoro\u010dn\u00e9 nosenie.<\/p>\n<p class=\"\" data-start=\"1135\" data-end=\"1600\">V\u00fdrazn\u00fdm prvkom tohto modelu s\u00fa v\u00fdrezy na kostiach - \u0161tyri kruhov\u00e9 vetracie otvory, ktor\u00e9 nielen\u017ee poskytuj\u00fa dodato\u010dn\u00fa priedu\u0161nos\u0165, ale aj klasick\u00fd vintage vzh\u013ead pripom\u00ednaj\u00faci kult\u00faru jazdy v polovici storo\u010dia. Tieto v\u00fdrezy s\u00fa odborne dokon\u010den\u00e9 a vystu\u017een\u00e9, aby si \u010dasom zachovali svoj tvar bez naru\u0161enia \u0161truktur\u00e1lnej integrity rukav\u00edc. Rukavice s\u00fa zakon\u010den\u00e9 zap\u00ednan\u00edm na z\u00e1p\u00e4stie, ktor\u00e9 zabezpe\u010duje priliehav\u00e9 a bezpe\u010dn\u00e9 nosenie bez objemnosti alebo nepohodlia.<\/p>\n<p class=\"\" data-start=\"1602\" data-end=\"2004\">\u010ci u\u017e \u0161of\u00e9rujete luxusn\u00fd sedan, kabriolet na dia\u013enici, alebo man\u00e9vrujete v mestskej prem\u00e1vke, tieto rukavice poskytuj\u00fa lep\u0161iu pri\u013enavos\u0165, ktor\u00e1 udr\u017e\u00ed va\u0161e ruky bezpe\u010dne na volante. Nepod\u0161it\u00e1 ko\u017een\u00e1 dla\u0148 sa \u010dasom prisp\u00f4sob\u00ed va\u0161im ruk\u00e1m a poskytuje prisp\u00f4sobenie pri ka\u017edom pou\u017eit\u00ed. Absencia vn\u00fatorn\u00e9ho oblo\u017eenia z\u00e1rove\u0148 umo\u017e\u0148uje maxim\u00e1lnu hmatov\u00fa citlivos\u0165, v\u010faka \u010domu m\u00e1te pln\u00fa kontrolu nad ka\u017ed\u00fdm pohybom.<\/p>\n<p class=\"\" data-start=\"2006\" data-end=\"2312\">Ka\u017ed\u00fd steh je starostlivo umiestnen\u00fd kvalifikovan\u00fdmi remeseln\u00edkmi, \u010do zaru\u010duje prec\u00edzne spracovanie a v\u00fdnimo\u010dn\u00fa trvanlivos\u0165. \u0160vy s\u00fa z\u00e1merne minim\u00e1lne, umiestnen\u00e9 tak, aby sa vyhli z\u00f3nam s vysok\u00fdm kontaktn\u00fdm tren\u00edm a zabezpe\u010dili hlad\u0161ie a ergonomickej\u0161ie nosenie. Tieto rukavice nie s\u00fa len \u0161t\u00fdlov\u00e9 - s\u00fa stvoren\u00e9 na v\u00fdkon.<\/p>\n<p class=\"\" data-start=\"2314\" data-end=\"2705\">Od rann\u00e9ho doch\u00e1dzania do pr\u00e1ce a\u017e po v\u00edkendov\u00e9 v\u00fdlety alebo automobilov\u00e9 podujatia - rukavice na \u0161of\u00e9rovanie RYINZ dodaj\u00fa ka\u017edej ceste \u0161mrnc, funk\u010dnos\u0165 a pohodlie. S\u00fa navrhnut\u00e9 tak, aby sa dali nosi\u0165 ako s\u00fa\u010das\u0165 be\u017en\u00fdch aj form\u00e1lnych s\u00faprav, a rovnako dobre sa hodia aj do kab\u00e1tu alebo ko\u017eenej bundy. Ich \u0161t\u00edhly profil a rafinovan\u00e1 povrchov\u00e1 \u00faprava z nich robia ide\u00e1lne rukavice pre mu\u017eov, ktor\u00ed dbaj\u00fa na \u0161t\u00fdl a nikdy nerobia kompromisy v kvalite.<\/p>\n<p class=\"\" data-start=\"2707\" data-end=\"2863\">Tieto rukavice sa dod\u00e1vaj\u00fa v r\u00f4znych ve\u013ekostiach a s\u00fa starostlivo zabalen\u00e9 v ekologick\u00fdch obaloch - ide\u00e1lne na obdarovanie otca, priate\u013ea, man\u017eela alebo milovn\u00edka \u00e1ut.<\/p>\n<p class=\"\" data-start=\"2865\" data-end=\"3038\">Pokyny na starostlivos\u0165: Pravidelne o\u0161etrujte ko\u017eu pr\u00edrodn\u00fdm balzamom na ko\u017eu. Skladujte na chladnom a suchom mieste mimo dosahu priameho slne\u010dn\u00e9ho svetla.<\/p>\n<p class=\"\" data-start=\"3040\" data-end=\"3131\">Za\u017eite cestu ako nikdy predt\u00fdm - s bezkonkuren\u010dnou pri\u013enavos\u0165ou, presnos\u0165ou a sofistikovanos\u0165ou.<\/p>","protected":false},"excerpt":{"rendered":"<p>S ko\u017een\u00fdmi perforovan\u00fdmi rukavicami RYINZ Classic dod\u00e1te svojej \u0161of\u00e9rskej rutine n\u00e1dych vintage elegancie. Tieto dvojfarebn\u00e9 rukavice kombinuj\u00face hned\u00fa a \u010diernu ko\u017eu s\u00fa vytvoren\u00e9 pre \u0161t\u00fdl aj ovl\u00e1danie. Ikonick\u00e9 v\u00fdrezy na k\u013aboch prstov a priedu\u0161n\u00fd perforovan\u00fd vrchn\u00fd diel zvy\u0161uj\u00fa pr\u00fadenie vzduchu a pohodlie, zatia\u013e \u010do nepod\u0161it\u00e1 dla\u0148 pon\u00faka vynikaj\u00facu hmatov\u00fa sp\u00e4tn\u00fa v\u00e4zbu. Zap\u00ednanie na gomb\u00edk zaru\u010duje bezpe\u010dn\u00e9 nosenie a elegantn\u00fd profil dop\u013a\u0148a le\u017e\u00e9rne aj elegantn\u00e9 oble\u010denie. \u010ci u\u017e ste nad\u0161encom klasick\u00fdch \u00e1ut, alebo jednoducho milujete nad\u010dasov\u00e9 doplnky, tieto rukavice poskytuj\u00fa pohodlie, pri\u013enavos\u0165 a nezamenite\u013en\u00fd charakter.<\/p>","protected":false},"featured_media":9072,"comment_status":"closed","ping_status":"closed","template":"","meta":[],"product_brand":[35],"product_cat":[193,99],"product_tag":[192,194,195,196],"class_list":{"0":"post-9005","1":"product","2":"type-product","3":"status-publish","4":"has-post-thumbnail","6":"product_brand-ryinz","7":"product_cat-driving-gloves","8":"product_cat-gloves","9":"product_tag-classic-car-gloves","10":"product_tag-driving-gloves","11":"product_tag-leather-strap-gloves","12":"product_tag-perforated-leather-gloves","14":"first","15":"instock","16":"taxable","17":"shipping-taxable","18":"purchasable","19":"product-type-simple"},"_links":{"self":[{"href":"https:\/\/ryinz.cz\/velkoobchod\/sk\/wp-json\/wp\/v2\/product\/9005","targetHints":{"allow":["GET"]}}],"collection":[{"href":"https:\/\/ryinz.cz\/velkoobchod\/sk\/wp-json\/wp\/v2\/product"}],"about":[{"href":"https:\/\/ryinz.cz\/velkoobchod\/sk\/wp-json\/wp\/v2\/types\/product"}],"replies":[{"embeddable":true,"href":"https:\/\/ryinz.cz\/velkoobchod\/sk\/wp-json\/wp\/v2\/comments?post=9005"}],"wp:featuredmedia":[{"embeddable":true,"href":"https:\/\/ryinz.cz\/velkoobchod\/sk\/wp-json\/wp\/v2\/media\/9072"}],"wp:attachment":[{"href":"https:\/\/ryinz.cz\/velkoobchod\/sk\/wp-json\/wp\/v2\/media?parent=9005"}],"wp:term":[{"taxonomy":"product_brand","embeddable":true,"href":"https:\/\/ryinz.cz\/velkoobchod\/sk\/wp-json\/wp\/v2\/product_brand?post=9005"},{"taxonomy":"product_cat","embeddable":true,"href":"https:\/\/ryinz.cz\/velkoobchod\/sk\/wp-json\/wp\/v2\/product_cat?post=9005"},{"taxonomy":"product_tag","embeddable":true,"href":"https:\/\/ryinz.cz\/velkoobchod\/sk\/wp-json\/wp\/v2\/product_tag?post=9005"}],"curies":[{"name":"wp","href":"https:\/\/api.w.org\/{rel}","templated":true}]}}