{"id":8995,"date":"2025-06-22T15:24:51","date_gmt":"2025-06-22T15:24:51","guid":{"rendered":"https:\/\/ryinz.cz\/velkoobchod\/?post_type=product&#038;p=8995"},"modified":"2026-01-18T20:17:19","modified_gmt":"2026-01-18T20:17:19","slug":"rukavice-na-bicykli-na-ulici-velkoobchod-ryinz-pro-cyklisticke-rukavice-na-bicykli-eu-dizajn-vyrobcu-a-sukromneho-dodavatela-znaciek","status":"publish","type":"product","link":"https:\/\/ryinz.cz\/velkoobchod\/sk\/product\/street-bike-gloves-wholesale-ryinz-pro-cycling-gym-gloves-eu-design-manufacturer-and-private-label-supplier\/","title":{"rendered":"Ve\u013ekoobchod s rukavicami na bicykel | Ryinz | Pro Cycling &amp; Gym Gloves | EU Design | V\u00fdrobca a dod\u00e1vate\u013e s\u00fakromn\u00fdch zna\u010diek"},"content":{"rendered":"<p class=\"\" data-start=\"216\" data-end=\"337\"><strong data-start=\"216\" data-end=\"337\">Ve\u013ekoobchod s rukavicami na bicykel | Ryinz | Pro Cycling &amp; Gym Gloves | EU Design | V\u00fdrobca a dod\u00e1vate\u013e s\u00fakromn\u00fdch zna\u010diek<\/strong><\/p>\n<p class=\"\" data-start=\"339\" data-end=\"585\">Na str\u00e1nke <strong data-start=\"342\" data-end=\"351\">Ryinz<\/strong>, prip\u00e1jame <strong data-start=\"364\" data-end=\"401\">zna\u010dky, v\u00fdrobcovia a kupuj\u00faci<\/strong> na celom svete - <strong data-start=\"418\" data-end=\"465\">nevidite\u013en\u00fd motor medzin\u00e1rodn\u00e9ho obchodu<\/strong>, \u010d\u00edm sa otv\u00e1raj\u00fa nov\u00e9 obchodn\u00e9 pr\u00edle\u017eitosti v Eur\u00f3pe, USA a \u00c1zii.<br data-start=\"531\" data-end=\"534\" \/>N\u00e1\u0161 cie\u013e: <strong data-start=\"544\" data-end=\"585\">Otv\u00e1rame dvere, aby ste mohli uzatv\u00e1ra\u0165 predaj.<\/strong><\/p>\n<p class=\"\" data-start=\"587\" data-end=\"768\">Predstavujeme <strong data-start=\"603\" data-end=\"645\">Rukavice Ryinz Black &amp; Brown Street Bike<\/strong> - Vytvoren\u00e9 pre jazdcov, \u0161portovcov a mestsk\u00fdch dobrodruhov, ktor\u00ed vy\u017eaduj\u00fa prvotriedne pohodlie, bezkonkuren\u010dn\u00fa pri\u013enavos\u0165 a \u0161t\u00fdlov\u00fd minimalizmus.<\/p>\n<hr class=\"\" data-start=\"770\" data-end=\"773\" \/>\n<h3 class=\"\" data-start=\"775\" data-end=\"802\"><strong data-start=\"779\" data-end=\"801\">Najd\u00f4le\u017eitej\u0161ie inform\u00e1cie o produkte<\/strong>:<\/h3>\n<p class=\"\" data-start=\"804\" data-end=\"1269\">\u2705 <strong data-start=\"806\" data-end=\"822\">N\u00e1zov produktu<\/strong>: Rukavice Ryinz Pro Street Bike Half-Finger<br data-start=\"864\" data-end=\"867\" \/>\u2705 <strong data-start=\"869\" data-end=\"881\">Materi\u00e1l<\/strong>: Ko\u017ea z mikrovl\u00e1kna + vetracie panely zo sie\u0165oviny<br data-start=\"927\" data-end=\"930\" \/>\u2705 <strong data-start=\"932\" data-end=\"941\">Farba<\/strong>: \u010cierny z\u00e1klad s hned\u00fdmi akcentmi na prstoch<br data-start=\"979\" data-end=\"982\" \/>\u2705 <strong data-start=\"984\" data-end=\"1000\">Mo\u017enosti loga<\/strong>: pr\u00e1zdne, vy\u0161\u00edvan\u00e9, sie\u0165otla\u010d, silik\u00f3nov\u00e9 logo<br data-start=\"1049\" data-end=\"1052\" \/>\u2705 <strong data-start=\"1054\" data-end=\"1073\">Funkcie dizajnu<\/strong>:<br data-start=\"1074\" data-end=\"1077\" \/>- Priedu\u0161n\u00e9 vetracie perfor\u00e1cie<br data-start=\"1114\" data-end=\"1117\" \/>- Z\u00f3ny dlane s polstrovan\u00edm tlmiacim n\u00e1razy<br data-start=\"1152\" data-end=\"1155\" \/>- Polovi\u010dn\u00fd strih pre maxim\u00e1lne ovl\u00e1danie riadidiel<br data-start=\"1202\" data-end=\"1205\" \/>- Proti\u0161mykov\u00fd \u00fachopov\u00fd povrch<br data-start=\"1229\" data-end=\"1232\" \/>- R\u00fdchle nastavenie such\u00e9ho zipsu na z\u00e1p\u00e4st\u00ed<\/p>\n<p class=\"\" data-start=\"1271\" data-end=\"1335\">\u2705 <strong data-start=\"1273\" data-end=\"1292\">Dostupn\u00e9 ve\u013ekosti<\/strong>: S, M, L, XL (prisp\u00f4soben\u00e9 ve\u013ekosti k dispoz\u00edcii)<\/p>\n<p class=\"\" data-start=\"1337\" data-end=\"1545\">\u2705 <strong data-start=\"1339\" data-end=\"1346\">Fit<\/strong>: Ergonomick\u00fd, vysoko v\u00fdkonn\u00fd, stre\u010dov\u00fd komfort<br data-start=\"1392\" data-end=\"1395\" \/>\u2705 <strong data-start=\"1397\" data-end=\"1404\">Pou\u017eite<\/strong>: Cyklistika na ulici, Cyklistika v posil\u0148ovni, Cyklistika na ceste, Outdoorov\u00e9 \u0161porty, Elektronick\u00e9 bicyklovanie<br data-start=\"1473\" data-end=\"1476\" \/>\u2705 <strong data-start=\"1478\" data-end=\"1485\">MOQ<\/strong>: N\u00edzke minim\u00e1 pre ve\u013ekoobchod, s\u00fakromn\u00e9 zna\u010dky, vlastn\u00e9 zna\u010dky<\/p>\n<hr class=\"\" data-start=\"1547\" data-end=\"1550\" \/>\n<h3 class=\"\" data-start=\"1552\" data-end=\"1581\"><strong data-start=\"1556\" data-end=\"1580\">Podrobn\u00fd opis<\/strong>:<\/h3>\n<p class=\"\" data-start=\"1583\" data-end=\"1730\">Kon\u0161truovan\u00fd pre pevnos\u0165 a navrhnut\u00fd pre r\u00fdchlos\u0165 <strong data-start=\"1635\" data-end=\"1677\">Rukavice Ryinz Black &amp; Brown Street Bike<\/strong> s\u00fa skon\u0161truovan\u00e9 tak, aby zvl\u00e1dli aj tie najn\u00e1ro\u010dnej\u0161ie jazdy a tr\u00e9ningy.<\/p>\n<p class=\"\" data-start=\"1732\" data-end=\"2035\">Tieto rukavice maj\u00fa <strong data-start=\"1753\" data-end=\"1783\">pr\u00e9miov\u00e1 ko\u017ea z mikrovl\u00e1kna<\/strong> pre odolnos\u0165 a m\u00e4kk\u00fa pru\u017enos\u0165 v kombin\u00e1cii s <strong data-start=\"1835\" data-end=\"1863\">vetracie perfor\u00e1cie<\/strong> pre vynikaj\u00face pr\u00fadenie vzduchu.<br data-start=\"1885\" data-end=\"1888\" \/>Str\u00e1nka <strong data-start=\"1892\" data-end=\"1929\">strategicky umiestnen\u00e9 polstrovanie dlane<\/strong> absorbuje n\u00e1razy a chr\u00e1ni pred odieran\u00edm, \u010d\u00edm zabezpe\u010duje vynikaj\u00facu pri\u013enavos\u0165 a pohodlie r\u00fak po\u010das dlh\u00fdch seden\u00ed.<\/p>\n<p class=\"\" data-start=\"2037\" data-end=\"2229\">Str\u00e1nka <strong data-start=\"2041\" data-end=\"2063\">dizajn s polovi\u010dn\u00fdm prstom<\/strong> umo\u017e\u0148uj\u00fa maxim\u00e1lnu kontrolu nad riadidlami, prevodmi a dotykov\u00fdmi displejmi, v\u010faka \u010domu s\u00fa tieto rukavice ide\u00e1lne na pouli\u010dn\u00fa cyklistiku, tr\u00e9ning v posil\u0148ovni, jazdu na e-kolobe\u017eke a tr\u00e9ning v pr\u00edrode.<\/p>\n<p class=\"\" data-start=\"2231\" data-end=\"2421\">Ide\u00e1lne pre <strong data-start=\"2241\" data-end=\"2272\">\u0161portov\u00e9 zna\u010dky s\u00fakromn\u00fdch zna\u010diek<\/strong>, <strong data-start=\"2274\" data-end=\"2295\">fitnes spolo\u010dnosti<\/strong>, <strong data-start=\"2297\" data-end=\"2314\">cyklistick\u00e9 obchody<\/strong>, <strong data-start=\"2316\" data-end=\"2344\">streetwear m\u00f3dne l\u00ednie<\/strong>, a <strong data-start=\"2350\" data-end=\"2370\">online predajcovia<\/strong> ktor\u00ed chc\u00fa ma\u0165 modern\u00e9 a dobre predajn\u00e9 rukavice.<\/p>\n<hr class=\"\" data-start=\"2423\" data-end=\"2426\" \/>\n<h3 class=\"\" data-start=\"2428\" data-end=\"2481\"><strong data-start=\"2432\" data-end=\"2480\">K\u013e\u00fa\u010dov\u00e9 funkcie pre ve\u013ekoobchodn\u00fdch a maloobchodn\u00fdch odberate\u013eov<\/strong>:<\/h3>\n<p class=\"\" data-start=\"2483\" data-end=\"3001\">???? <strong data-start=\"2486\" data-end=\"2523\">Modern\u00fd eur\u00f3psky minimalistick\u00fd dizajn<\/strong>: Elegantn\u00fd, odv\u00e1\u017eny a zameran\u00fd na v\u00fdkon.<br data-start=\"2562\" data-end=\"2565\" \/>???? <strong data-start=\"2568\" data-end=\"2602\">Cenov\u00e1 v\u00fdhoda v\u00fdrobcu<\/strong>: Zv\u00fd\u0161te ziskov\u00e9 rozp\u00e4tie v\u010faka priamym dod\u00e1vkam do tov\u00e1rne.<br data-start=\"2652\" data-end=\"2655\" \/>???? <strong data-start=\"2658\" data-end=\"2693\">K dispoz\u00edcii s\u00fa v\u0161etky mo\u017enosti zna\u010dky<\/strong>: Sie\u0165otla\u010d, v\u00fd\u0161ivka, gumov\u00e9 n\u00e1\u0161ivky, silik\u00f3nov\u00e9 log\u00e1.<br data-start=\"2752\" data-end=\"2755\" \/>???? <strong data-start=\"2758\" data-end=\"2780\">\u0160irok\u00fd dopyt na trhu<\/strong>: Zna\u010dky cyklistick\u00e9ho, fitness, telocvi\u010dn\u00e9ho, streetov\u00e9ho a akt\u00edvneho oble\u010denia.<br data-start=\"2834\" data-end=\"2837\" \/>???? <strong data-start=\"2840\" data-end=\"2881\">R\u00fdchla v\u00fdroba a spo\u013eahliv\u00e1 preprava<\/strong>: Glob\u00e1lne dod\u00e1vky do Eur\u00f3py, USA a \u00c1zie.<br data-start=\"2924\" data-end=\"2927\" \/>???? <strong data-start=\"2930\" data-end=\"2952\">Skon\u0161truovan\u00e9 na n\u00e1ro\u010dn\u00e9 pou\u017e\u00edvanie<\/strong>: Kombin\u00e1cia odolnosti, priedu\u0161nosti a ochrany.<\/p>\n<hr class=\"\" data-start=\"3003\" data-end=\"3006\" \/>\n<h3 class=\"\" data-start=\"3008\" data-end=\"3034\"><strong data-start=\"3012\" data-end=\"3033\">N\u00e1pady na aplik\u00e1cie<\/strong>:<\/h3>\n<p class=\"\" data-start=\"3036\" data-end=\"3289\">- Obchody s cyklistick\u00fdm v\u00fdstrojom<br data-start=\"3055\" data-end=\"3058\" \/>- Maloobchodn\u00edci s telocvi\u010d\u0148ami a fitnes vybaven\u00edm<br data-start=\"3093\" data-end=\"3096\" \/>- Priv\u00e1tne zna\u010dky pre cyklistiku a fitness<br data-start=\"3138\" data-end=\"3141\" \/>- Outdoorov\u00e9 dobrodru\u017estvo a \u0161portov\u00e9 obchody<br data-start=\"3178\" data-end=\"3181\" \/>- Predajcovia pr\u00edslu\u0161enstva pre sk\u00fatre a elektrobicykle<br data-start=\"3219\" data-end=\"3222\" \/>- Agent\u00fary pre reklamn\u00e9 produkty<br data-start=\"3253\" data-end=\"3256\" \/>- M\u00f3dne a streetwearov\u00e9 startupy<\/p>\n<hr class=\"\" data-start=\"3291\" data-end=\"3294\" \/>\n<h3 class=\"\" data-start=\"3296\" data-end=\"3333\"><strong data-start=\"3300\" data-end=\"3332\">Perfektn\u00e1 ve\u013ekos\u0165 a prisp\u00f4sobenie Podrobnosti<\/strong>:<\/h3>\n<div class=\"group pointer-events-none relative flex justify-center *:pointer-events-auto\">\n<p>&nbsp;<\/p>\n<div class=\"tableContainer horzScrollShadows relative\">\n<table class=\"min-w-full\" data-start=\"3335\" data-end=\"3526\">\n<thead data-start=\"3335\" data-end=\"3387\">\n<tr data-start=\"3335\" data-end=\"3387\">\n<th data-start=\"3335\" data-end=\"3342\">Ve\u013ekos\u0165<\/th>\n<th data-start=\"3342\" data-end=\"3360\">\u0160\u00edrka dlane (cm)<\/th>\n<th data-start=\"3360\" data-end=\"3387\">Obvod dlane (cm)<\/th>\n<\/tr>\n<\/thead>\n<tbody data-start=\"3441\" data-end=\"3526\">\n<tr data-start=\"3441\" data-end=\"3460\">\n<td class=\"max-w-[calc(var(--thread-content-max-width)*2\/3)]\" data-start=\"3441\" data-end=\"3445\">S<\/td>\n<td class=\"max-w-[calc(var(--thread-content-max-width)*2\/3)]\" data-start=\"3445\" data-end=\"3451\">7.5<\/td>\n<td class=\"max-w-[calc(var(--thread-content-max-width)*2\/3)]\" data-start=\"3451\" data-end=\"3460\">17-18<\/td>\n<\/tr>\n<tr data-start=\"3461\" data-end=\"3482\">\n<td class=\"max-w-[calc(var(--thread-content-max-width)*2\/3)]\" data-start=\"3461\" data-end=\"3465\">M<\/td>\n<td class=\"max-w-[calc(var(--thread-content-max-width)*2\/3)]\" data-start=\"3465\" data-end=\"3471\">8.5<\/td>\n<td class=\"max-w-[calc(var(--thread-content-max-width)*2\/3)]\" data-start=\"3471\" data-end=\"3482\">18-19.5<\/td>\n<\/tr>\n<tr data-start=\"3483\" data-end=\"3504\">\n<td class=\"max-w-[calc(var(--thread-content-max-width)*2\/3)]\" data-start=\"3483\" data-end=\"3487\">L<\/td>\n<td class=\"max-w-[calc(var(--thread-content-max-width)*2\/3)]\" data-start=\"3487\" data-end=\"3493\">9.5<\/td>\n<td class=\"max-w-[calc(var(--thread-content-max-width)*2\/3)]\" data-start=\"3493\" data-end=\"3504\">19.5-21<\/td>\n<\/tr>\n<tr data-start=\"3505\" data-end=\"3526\">\n<td class=\"max-w-[calc(var(--thread-content-max-width)*2\/3)]\" data-start=\"3505\" data-end=\"3510\">XL<\/td>\n<td class=\"max-w-[calc(var(--thread-content-max-width)*2\/3)]\" data-start=\"3510\" data-end=\"3517\">10.5<\/td>\n<td class=\"max-w-[calc(var(--thread-content-max-width)*2\/3)]\" data-start=\"3517\" data-end=\"3526\">21-23<\/td>\n<\/tr>\n<\/tbody>\n<\/table>\n<\/div>\n<\/div>\n<p class=\"\" data-start=\"3528\" data-end=\"3575\">(Navrhnut\u00e9 pre bezpe\u010dn\u00e9 a pohybliv\u00e9 nosenie.)<\/p>","protected":false},"excerpt":{"rendered":"<h3 class=\"\" data-start=\"2428\" data-end=\"2481\"><strong data-start=\"2432\" data-end=\"2480\">K\u013e\u00fa\u010dov\u00e9 funkcie pre ve\u013ekoobchodn\u00fdch a maloobchodn\u00fdch odberate\u013eov<\/strong>:<\/h3>\n<p class=\"\" data-start=\"2483\" data-end=\"3001\">???? <strong data-start=\"2486\" data-end=\"2523\">Modern\u00fd eur\u00f3psky minimalistick\u00fd dizajn<\/strong>: Elegantn\u00fd, odv\u00e1\u017eny a zameran\u00fd na v\u00fdkon.<br data-start=\"2562\" data-end=\"2565\" \/>???? <strong data-start=\"2568\" data-end=\"2602\">Cenov\u00e1 v\u00fdhoda v\u00fdrobcu<\/strong>: Zv\u00fd\u0161te ziskov\u00e9 rozp\u00e4tie v\u010faka priamym dod\u00e1vkam do tov\u00e1rne.<br data-start=\"2652\" data-end=\"2655\" \/>???? <strong data-start=\"2658\" data-end=\"2693\">K dispoz\u00edcii s\u00fa v\u0161etky mo\u017enosti zna\u010dky<\/strong>: Sie\u0165otla\u010d, v\u00fd\u0161ivka, gumov\u00e9 n\u00e1\u0161ivky, silik\u00f3nov\u00e9 log\u00e1.<br data-start=\"2752\" data-end=\"2755\" \/>???? <strong data-start=\"2758\" data-end=\"2780\">\u0160irok\u00fd dopyt na trhu<\/strong>: Zna\u010dky cyklistick\u00e9ho, fitness, telocvi\u010dn\u00e9ho, streetov\u00e9ho a akt\u00edvneho oble\u010denia.<br data-start=\"2834\" data-end=\"2837\" \/>???? <strong data-start=\"2840\" data-end=\"2881\">R\u00fdchla v\u00fdroba a spo\u013eahliv\u00e1 preprava<\/strong>: Glob\u00e1lne dod\u00e1vky do Eur\u00f3py, USA a \u00c1zie.<br data-start=\"2924\" data-end=\"2927\" \/>???? <strong data-start=\"2930\" data-end=\"2952\">Skon\u0161truovan\u00e9 na n\u00e1ro\u010dn\u00e9 pou\u017e\u00edvanie<\/strong>: Kombin\u00e1cia odolnosti, priedu\u0161nosti a ochrany.<\/p>","protected":false},"featured_media":9043,"comment_status":"closed","ping_status":"closed","template":"","meta":[],"product_brand":[35],"product_cat":[152],"product_tag":[185,46,186,180,187,188,189,153,190,191],"class_list":{"0":"post-8995","1":"product","2":"type-product","3":"status-publish","4":"has-post-thumbnail","6":"product_brand-ryinz","7":"product_cat-street-bike-gloves","8":"product_tag-biking-gloves-for-street-riders","9":"product_tag-breathable-mesh-gloves","10":"product_tag-customizable-bike-gloves","11":"product_tag-ergonomic-street-bike-gloves","12":"product_tag-fingerless-street-bike-gloves","13":"product_tag-lycra-fourchettes-gloves","14":"product_tag-serino-palm-bike-gloves","15":"product_tag-street-bike-gloves","16":"product_tag-towel-thumb-bike-gloves","17":"product_tag-urban-biking-gloves","19":"first","20":"instock","21":"taxable","22":"shipping-taxable","23":"purchasable","24":"product-type-simple"},"_links":{"self":[{"href":"https:\/\/ryinz.cz\/velkoobchod\/sk\/wp-json\/wp\/v2\/product\/8995","targetHints":{"allow":["GET"]}}],"collection":[{"href":"https:\/\/ryinz.cz\/velkoobchod\/sk\/wp-json\/wp\/v2\/product"}],"about":[{"href":"https:\/\/ryinz.cz\/velkoobchod\/sk\/wp-json\/wp\/v2\/types\/product"}],"replies":[{"embeddable":true,"href":"https:\/\/ryinz.cz\/velkoobchod\/sk\/wp-json\/wp\/v2\/comments?post=8995"}],"wp:featuredmedia":[{"embeddable":true,"href":"https:\/\/ryinz.cz\/velkoobchod\/sk\/wp-json\/wp\/v2\/media\/9043"}],"wp:attachment":[{"href":"https:\/\/ryinz.cz\/velkoobchod\/sk\/wp-json\/wp\/v2\/media?parent=8995"}],"wp:term":[{"taxonomy":"product_brand","embeddable":true,"href":"https:\/\/ryinz.cz\/velkoobchod\/sk\/wp-json\/wp\/v2\/product_brand?post=8995"},{"taxonomy":"product_cat","embeddable":true,"href":"https:\/\/ryinz.cz\/velkoobchod\/sk\/wp-json\/wp\/v2\/product_cat?post=8995"},{"taxonomy":"product_tag","embeddable":true,"href":"https:\/\/ryinz.cz\/velkoobchod\/sk\/wp-json\/wp\/v2\/product_tag?post=8995"}],"curies":[{"name":"wp","href":"https:\/\/api.w.org\/{rel}","templated":true}]}}