{"id":8994,"date":"2025-06-22T15:24:50","date_gmt":"2025-06-22T15:24:50","guid":{"rendered":"https:\/\/ryinz.cz\/velkoobchod\/?post_type=product&#038;p=8994"},"modified":"2026-01-18T20:17:19","modified_gmt":"2026-01-18T20:17:19","slug":"ryinz-polprstove-mestske-rukavice-premium-comfort-pre-street-biking-fitness-trening-velkoobchod-a-sukromna-znacka","status":"publish","type":"product","link":"https:\/\/ryinz.cz\/velkoobchod\/sk\/product\/ryinz-half-finger-urban-performance-gloves-premium-comfort-for-street-biking-gym-fitness-training-wholesale-and-private-label\/","title":{"rendered":"Rukavice Ryinz Half-Finger Urban Performance | Pr\u00e9miov\u00e9 pohodlie pre pouli\u010dn\u00fa cyklistiku, posil\u0148ov\u0148u, fitness tr\u00e9ning - ve\u013ekoobchod a priv\u00e1tna zna\u010dka"},"content":{"rendered":"<p class=\"\" data-start=\"480\" data-end=\"727\">Na str\u00e1nke <strong data-start=\"483\" data-end=\"492\">Ryinz<\/strong>, sme hrd\u00ed na to, \u017ee dod\u00e1vame pr\u00e9miov\u00e9 produkty, ktor\u00e9 posil\u0148uj\u00fa zna\u010dky, zvy\u0161uj\u00fa \u00farove\u0148 predajcov a te\u0161ia koncov\u00fdch pou\u017e\u00edvate\u013eov v Eur\u00f3pe, USA a \u00c1zii.<br data-start=\"630\" data-end=\"633\" \/>Sme nevidite\u013en\u00fdm motorom medzin\u00e1rodn\u00e9ho obchodu - otv\u00e1rame dvere, aby ste mohli uzatv\u00e1ra\u0165 obchody.<\/p>\n<p class=\"\" data-start=\"729\" data-end=\"1045\">Predstavujeme najnov\u0161ie <strong data-start=\"752\" data-end=\"798\">Rukavice Ryinz Half-Finger Urban Performance<\/strong> - dokonal\u00e9 spojenie funk\u010dnosti, pohodlia a modern\u00e9ho dizajnu. Tieto rukavice s\u00fa odborne navrhnut\u00e9 pre jazdcov, \u0161portovcov, doch\u00e1dzaj\u00facich do pr\u00e1ce a nad\u0161encov do posil\u0148ovne, ktor\u00ed vy\u017eaduj\u00fa maxim\u00e1lnu obratnos\u0165, pri\u013enavos\u0165 a priedu\u0161nos\u0165 po\u010das vysoko v\u00fdkonn\u00fdch aktiv\u00edt.<\/p>\n<p class=\"\" data-start=\"1047\" data-end=\"1482\">Tieto rukavice s\u00fa vyroben\u00e9 z vynikaj\u00facej zmesi pru\u017en\u00fdch a odoln\u00fdch tkan\u00edn a pon\u00fakaj\u00fa dokonal\u00fd ergonomick\u00fd strih, ktor\u00fd sa prirodzene pohybuje spolu s va\u0161imi rukami. Kon\u0161trukcia poskytuje \u00fapln\u00e9 vetranie cez chrb\u00e1t ruky a z\u00e1rove\u0148 pon\u00faka vysoko odoln\u00fa dla\u0148 so semi\u0161ovou text\u00farou pre ist\u00fd \u00fachop za v\u0161etk\u00fdch podmienok. \u010ci u\u017e ide o \u00fachop riadidiel, zdv\u00edhanie \u010diniek alebo manipul\u00e1ciu s taktick\u00fdm vybaven\u00edm, tieto rukavice poskytuj\u00fa presn\u00fa kontrolu a celodenn\u00e9 pohodlie.<\/p>\n<p class=\"\" data-start=\"1484\" data-end=\"1796\">V\u010faka elegantn\u00e9mu minimalistick\u00e9mu \u0161t\u00fdlu s\u00fa ide\u00e1lne nielen na v\u00fdkonnostn\u00e9 pou\u017eitie, ale aj pre nad\u0161encov mestskej m\u00f3dy, ktor\u00ed h\u013eadaj\u00fa \u0161portov\u00fd \u0161t\u00fdl. Ich \u013eahk\u00e1 a priedu\u0161n\u00e1 kon\u0161trukcia z nich rob\u00ed dokonal\u00e9 rukavice na aktivity v teplom po\u010das\u00ed, fitnes tr\u00e9ningy, doch\u00e1dzanie do pr\u00e1ce v meste alebo pr\u00edle\u017eitostn\u00e9 dobrodru\u017estv\u00e1 v pr\u00edrode.<\/p>\n<p class=\"\" data-start=\"1798\" data-end=\"2163\">Spolo\u010dnos\u0165 Ryinz pon\u00faka slu\u017eby priv\u00e1tnej zna\u010dky, vlastn\u00e9ho loga, v\u00fdroby OEM a ve\u013ekoobchodnej distrib\u00facie, ktor\u00e9 v\u00e1m pom\u00f4\u017eu \u013eahko roz\u0161\u00edri\u0165 va\u0161u zna\u010dku na eur\u00f3pskych a americk\u00fdch trhoch.<br data-start=\"1980\" data-end=\"1983\" \/>Spolo\u010dnos\u0165 Ryinz sa zaviazala poskytova\u0165 \u0161k\u00e1lovate\u013en\u00e9, vysokokvalitn\u00e9 rie\u0161enia s flexibiln\u00fdmi minim\u00e1lnymi mno\u017estvami objedn\u00e1vok (MOQ) a r\u00fdchlymi v\u00fdrobn\u00fdmi \u010dasmi, a to od mal\u00fdch za\u010d\u00ednaj\u00facich podnikov a\u017e po ve\u013ek\u00fdch distrib\u00fatorov.<\/p>\n<p class=\"\" data-start=\"2165\" data-end=\"2303\">Vyberte si rukavice Ryinz Half-Finger Urban Performance, ktor\u00e9 va\u0161im z\u00e1kazn\u00edkom poskytn\u00fa \u0161pi\u010dkov\u00fa kvalitu, modern\u00fd dizajn a maxim\u00e1lny v\u00fdkon.<\/p>\n<hr class=\"\" data-start=\"2305\" data-end=\"2308\" \/>\n<h1 class=\"\" data-start=\"2310\" data-end=\"2344\">???? <strong data-start=\"2315\" data-end=\"2344\">K\u013e\u00fa\u010dov\u00e9 vlastnosti a v\u00fdhody<\/strong><\/h1>\n<p class=\"\" data-start=\"2346\" data-end=\"2513\">???? <strong data-start=\"2349\" data-end=\"2380\">Pr\u00e9miov\u00e1 tkaninov\u00e1 kon\u0161trukcia<\/strong><br data-start=\"2380\" data-end=\"2383\" \/>Vyroben\u00e9 z vysoko elastick\u00fdch, \u013eahk\u00fdch materi\u00e1lov, ktor\u00e9 zabezpe\u010duj\u00fa tesn\u00e9 a prirodzen\u00e9 nosenie, ktor\u00e9 podporuje pln\u00fa pohyblivos\u0165 r\u00fak bez obmedzenia.<\/p>\n<p class=\"\" data-start=\"2515\" data-end=\"2679\">???? <strong data-start=\"2518\" data-end=\"2552\">Vystu\u017een\u00e1 dla\u0148 so semi\u0161ovou text\u00farou<\/strong><br data-start=\"2552\" data-end=\"2555\" \/>Poskytuje v\u00fdnimo\u010dn\u00fa pri\u013enavos\u0165 a ochranu proti odrenin\u00e1m, \u010d\u00edm jazdcom, \u0161portovcom a osob\u00e1m doch\u00e1dzaj\u00facim do pr\u00e1ce poskytuje mimoriadnu kontrolu a bezpe\u010dnos\u0165.<\/p>\n<p class=\"\" data-start=\"2681\" data-end=\"2828\">???? <strong data-start=\"2684\" data-end=\"2714\">Priedu\u0161n\u00e9 zadn\u00e9 panely<\/strong><br data-start=\"2714\" data-end=\"2717\" \/>Maximalizuje pr\u00fadenie vzduchu, zni\u017euje hromadenie potu a udr\u017euje ruky chladnej\u0161ie po\u010das tr\u00e9ningu, jazdy alebo outdoorov\u00fdch aktiv\u00edt.<\/p>\n<p class=\"\" data-start=\"2830\" data-end=\"3011\">???? <strong data-start=\"2833\" data-end=\"2877\">Polovi\u010dn\u00fd dizajn prstov pre maxim\u00e1lnu obratnos\u0165<\/strong><br data-start=\"2877\" data-end=\"2880\" \/>Poskytuje pou\u017e\u00edvate\u013eom v\u00e4\u010d\u0161iu vo\u013enos\u0165 a hmatov\u00fa sp\u00e4tn\u00fa v\u00e4zbu, \u010do je ide\u00e1lne na presn\u00e9 ovl\u00e1danie riadidiel, pou\u017e\u00edvanie smartf\u00f3nu alebo manipul\u00e1ciu s vybaven\u00edm v posil\u0148ovni.<\/p>\n<p class=\"\" data-start=\"3013\" data-end=\"3193\">???? <strong data-start=\"3016\" data-end=\"3046\">Minimalistick\u00fd mestsk\u00fd \u0161t\u00fdl<\/strong><br data-start=\"3046\" data-end=\"3049\" \/>Modern\u00e1 a \u010dist\u00e1 estetika zaru\u010duje, \u017ee tieto rukavice s\u00fa nielen funk\u010dn\u00e9, ale aj dostato\u010dne \u0161t\u00fdlov\u00e9 na be\u017en\u00e9 nosenie, \u0161portov\u00e9 oble\u010denie a ka\u017edodenn\u00fa mestsk\u00fa m\u00f3du.<\/p>\n<p class=\"\" data-start=\"3195\" data-end=\"3321\">???? <strong data-start=\"3198\" data-end=\"3239\">R\u00fdchloschn\u00faca a vlhkos\u0165 odv\u00e1dzaj\u00faca pod\u0161\u00edvka<\/strong><br data-start=\"3239\" data-end=\"3242\" \/>Zabezpe\u010duje such\u00e9 a pohodln\u00e9 ruky aj po\u010das intenz\u00edvnych fyzick\u00fdch aktiv\u00edt.<\/p>\n<p class=\"\" data-start=\"3323\" data-end=\"3471\">???? <strong data-start=\"3326\" data-end=\"3357\">Bezpe\u010dn\u00e9 zap\u00ednanie na such\u00fd zips<\/strong><br data-start=\"3357\" data-end=\"3360\" \/>Nastavite\u013en\u00fd p\u00e1sik na z\u00e1p\u00e4stie pon\u00faka individu\u00e1lne bezpe\u010dn\u00e9 uchytenie, v\u010faka ktor\u00e9mu rukavice zostan\u00fa na svojom mieste aj po\u010das n\u00e1ro\u010dn\u00e9ho pou\u017e\u00edvania.<\/p>\n<p class=\"\" data-start=\"3473\" data-end=\"3626\">???? <strong data-start=\"3476\" data-end=\"3508\">Ide\u00e1lne na pou\u017eitie v teplom po\u010das\u00ed<\/strong><br data-start=\"3508\" data-end=\"3511\" \/>V\u010faka \u013eahkej kon\u0161trukcii s\u00fa tieto rukavice ide\u00e1lne na jarn\u00fa a letn\u00fa jazdu, tr\u00e9ning v posil\u0148ovni a fitnes tr\u00e9ning.<\/p>\n<p class=\"\" data-start=\"3628\" data-end=\"3824\">???? <strong data-start=\"3631\" data-end=\"3683\">Dostupn\u00e9 slu\u017eby vlastn\u00e9ho loga a s\u00fakromnej zna\u010dky<\/strong><br data-start=\"3683\" data-end=\"3686\" \/>Spolo\u010dnos\u0165 Ryinz pon\u00faka rie\u0161enia zna\u010dky na mieru, ktor\u00e9 v\u00e1m pom\u00f4\u017eu podpori\u0165 va\u0161u identitu, a pon\u00faka vlastn\u00e9 log\u00e1, obaly a personaliz\u00e1ciu produktov.<\/p>\n<p class=\"\" data-start=\"3826\" data-end=\"3990\">???? <strong data-start=\"3829\" data-end=\"3870\">Flexibiln\u00e9 rie\u0161enia MOQ a hromadn\u00fdch objedn\u00e1vok<\/strong><br data-start=\"3870\" data-end=\"3873\" \/>Za\u010dnite v malom alebo sa r\u00fdchlo roz\u0161\u00edrte v\u010faka na\u0161im flexibiln\u00fdm po\u017eiadavk\u00e1m na minim\u00e1lnu objedn\u00e1vku a efekt\u00edvnym medzin\u00e1rodn\u00fdm prepravn\u00fdm slu\u017eb\u00e1m.<\/p>\n<hr class=\"\" data-start=\"3992\" data-end=\"3995\" \/>\n<h1 class=\"\" data-start=\"3997\" data-end=\"4028\">???? <strong data-start=\"4002\" data-end=\"4028\">\u0160pecifik\u00e1cie produktu<\/strong><\/h1>\n<p class=\"\" data-start=\"4030\" data-end=\"4513\">- <strong data-start=\"4032\" data-end=\"4044\">Materi\u00e1l<\/strong>: Vysoko elastick\u00e1 tkanina + semi\u0161ov\u00e1 zosilnen\u00e1 dla\u0148<br data-start=\"4107\" data-end=\"4110\" \/>- <strong data-start=\"4112\" data-end=\"4121\">Farba<\/strong>: Mestsk\u00e1 siv\u00e1 a \u010dierna (k dispoz\u00edcii s\u00fa vlastn\u00e9 farby)<br data-start=\"4169\" data-end=\"4172\" \/>- <strong data-start=\"4174\" data-end=\"4183\">Ve\u013ekosti<\/strong>: S, M, L, XL, XXL<br data-start=\"4201\" data-end=\"4204\" \/>- <strong data-start=\"4206\" data-end=\"4221\">Sez\u00f3nnos\u0165<\/strong>: Ide\u00e1lne na jar, leto a mierne po\u010dasie<br data-start=\"4265\" data-end=\"4268\" \/>- <strong data-start=\"4270\" data-end=\"4280\">Dizajn<\/strong>: Ergonomick\u00e9 prisp\u00f4sobenie na polovicu prsta<br data-start=\"4307\" data-end=\"4310\" \/>- <strong data-start=\"4312\" data-end=\"4323\">Uz\u00e1ver<\/strong>: Nastavite\u013en\u00fd p\u00e1sik na z\u00e1p\u00e4stie so such\u00fdm zipsom<br data-start=\"4354\" data-end=\"4357\" \/>- <strong data-start=\"4359\" data-end=\"4376\">Prisp\u00f4sobenie<\/strong>: Tla\u010d loga, s\u00fakromn\u00e1 zna\u010dka, OEM v\u00fdroba k dispoz\u00edcii<br data-start=\"4432\" data-end=\"4435\" \/>- <strong data-start=\"4437\" data-end=\"4444\">MOQ<\/strong>: Od n\u00edzkych minim\u00e1lnych cien - ide\u00e1lne pre mal\u00e9 zna\u010dky a ve\u013ekoodberate\u013eov<\/p>\n<hr class=\"\" data-start=\"4515\" data-end=\"4518\" \/>\n<h1 class=\"\" data-start=\"4520\" data-end=\"4558\">???? <strong data-start=\"4525\" data-end=\"4558\">Aplik\u00e1cie a ide\u00e1lni kupuj\u00faci<\/strong><\/h1>\n<p class=\"\" data-start=\"4560\" data-end=\"4873\">- Jazdci na pouli\u010dn\u00fdch bicykloch<br data-start=\"4580\" data-end=\"4583\" \/>- Cestuj\u00faci na motocykli a sk\u00fatri<br data-start=\"4617\" data-end=\"4620\" \/>- Nad\u0161enci fitnes a posil\u0148ovne<br data-start=\"4649\" data-end=\"4652\" \/>- Fan\u00fa\u0161ikovia dobrodru\u017estva a outdoorov\u00fdch \u0161portov<br data-start=\"4687\" data-end=\"4690\" \/>- CrossFit a vzpieranie \u0161portovcov<br data-start=\"4727\" data-end=\"4730\" \/>- Mestsk\u00e9 m\u00f3dne zna\u010dky<br data-start=\"4752\" data-end=\"4755\" \/>- Poskytovatelia taktick\u00e9ho v\u00fdstroja<br data-start=\"4780\" data-end=\"4783\" \/>- Predajcovia elektronick\u00e9ho obchodu a Dropshippers<br data-start=\"4820\" data-end=\"4823\" \/>- Obchody s motocyklov\u00fdm v\u00fdstrojom<br data-start=\"4846\" data-end=\"4849\" \/>- Za\u010d\u00ednaj\u00face podniky so s\u00fakromnou zna\u010dkou<\/p>\n<hr class=\"\" data-start=\"4875\" data-end=\"4878\" \/>\n<h1 class=\"\" data-start=\"4880\" data-end=\"4946\">???? <strong data-start=\"4885\" data-end=\"4946\">Pre\u010do si vybra\u0165 spolo\u010dnos\u0165 Ryinz na v\u00fdrobu a dod\u00e1vku rukav\u00edc<\/strong><\/h1>\n<p class=\"\" data-start=\"4948\" data-end=\"5245\">- D\u00f4veryhodn\u00fd dod\u00e1vate\u013e OEM\/ODM pre E\u00da a USA<br data-start=\"4989\" data-end=\"4992\" \/>- Modern\u00e9 dizajny, ktor\u00e9 zodpovedaj\u00fa eur\u00f3pskym trendom<br data-start=\"5035\" data-end=\"5038\" \/>- Ve\u013ekoobchodn\u00e9 hromadn\u00e9 z\u013eavy a n\u00edzke MOQ<br data-start=\"5076\" data-end=\"5079\" \/>- \u00dapln\u00e1 podpora s\u00fakromn\u00fdch zna\u010diek a zna\u010diek<br data-start=\"5120\" data-end=\"5123\" \/>- \u0160pecializovan\u00fd t\u00edm podpory kupuj\u00facich<br data-start=\"5153\" data-end=\"5156\" \/>- R\u00fdchla v\u00fdroba a medzin\u00e1rodn\u00e1 doprava<br data-start=\"5200\" data-end=\"5203\" \/>- D\u00f4sledn\u00e1 kontrola kvality a normy<\/p>","protected":false},"excerpt":{"rendered":"<p class=\"\" data-start=\"2346\" data-end=\"2513\">???? <strong data-start=\"2349\" data-end=\"2380\">Pr\u00e9miov\u00e1 tkaninov\u00e1 kon\u0161trukcia<\/strong><br data-start=\"2380\" data-end=\"2383\" \/>Vyroben\u00e9 z vysoko elastick\u00fdch, \u013eahk\u00fdch materi\u00e1lov, ktor\u00e9 zabezpe\u010duj\u00fa tesn\u00e9 a prirodzen\u00e9 nosenie, ktor\u00e9 podporuje pln\u00fa pohyblivos\u0165 r\u00fak bez obmedzenia.<\/p>\n<p class=\"\" data-start=\"2515\" data-end=\"2679\">???? <strong data-start=\"2518\" data-end=\"2552\">Vystu\u017een\u00e1 dla\u0148 so semi\u0161ovou text\u00farou<\/strong><br data-start=\"2552\" data-end=\"2555\" \/>Poskytuje v\u00fdnimo\u010dn\u00fa pri\u013enavos\u0165 a ochranu proti odrenin\u00e1m, \u010d\u00edm jazdcom, \u0161portovcom a osob\u00e1m doch\u00e1dzaj\u00facim do pr\u00e1ce poskytuje mimoriadnu kontrolu a bezpe\u010dnos\u0165.<\/p>\n<p class=\"\" data-start=\"2681\" data-end=\"2828\">???? <strong data-start=\"2684\" data-end=\"2714\">Priedu\u0161n\u00e9 zadn\u00e9 panely<\/strong><\/p>","protected":false},"featured_media":9056,"comment_status":"closed","ping_status":"closed","template":"","meta":[],"product_brand":[35],"product_cat":[152],"product_tag":[185,46,186,180,187,188,189,153,190,191],"class_list":{"0":"post-8994","1":"product","2":"type-product","3":"status-publish","4":"has-post-thumbnail","6":"product_brand-ryinz","7":"product_cat-street-bike-gloves","8":"product_tag-biking-gloves-for-street-riders","9":"product_tag-breathable-mesh-gloves","10":"product_tag-customizable-bike-gloves","11":"product_tag-ergonomic-street-bike-gloves","12":"product_tag-fingerless-street-bike-gloves","13":"product_tag-lycra-fourchettes-gloves","14":"product_tag-serino-palm-bike-gloves","15":"product_tag-street-bike-gloves","16":"product_tag-towel-thumb-bike-gloves","17":"product_tag-urban-biking-gloves","19":"first","20":"instock","21":"taxable","22":"shipping-taxable","23":"purchasable","24":"product-type-simple"},"_links":{"self":[{"href":"https:\/\/ryinz.cz\/velkoobchod\/sk\/wp-json\/wp\/v2\/product\/8994","targetHints":{"allow":["GET"]}}],"collection":[{"href":"https:\/\/ryinz.cz\/velkoobchod\/sk\/wp-json\/wp\/v2\/product"}],"about":[{"href":"https:\/\/ryinz.cz\/velkoobchod\/sk\/wp-json\/wp\/v2\/types\/product"}],"replies":[{"embeddable":true,"href":"https:\/\/ryinz.cz\/velkoobchod\/sk\/wp-json\/wp\/v2\/comments?post=8994"}],"wp:featuredmedia":[{"embeddable":true,"href":"https:\/\/ryinz.cz\/velkoobchod\/sk\/wp-json\/wp\/v2\/media\/9056"}],"wp:attachment":[{"href":"https:\/\/ryinz.cz\/velkoobchod\/sk\/wp-json\/wp\/v2\/media?parent=8994"}],"wp:term":[{"taxonomy":"product_brand","embeddable":true,"href":"https:\/\/ryinz.cz\/velkoobchod\/sk\/wp-json\/wp\/v2\/product_brand?post=8994"},{"taxonomy":"product_cat","embeddable":true,"href":"https:\/\/ryinz.cz\/velkoobchod\/sk\/wp-json\/wp\/v2\/product_cat?post=8994"},{"taxonomy":"product_tag","embeddable":true,"href":"https:\/\/ryinz.cz\/velkoobchod\/sk\/wp-json\/wp\/v2\/product_tag?post=8994"}],"curies":[{"name":"wp","href":"https:\/\/api.w.org\/{rel}","templated":true}]}}