{"id":8993,"date":"2025-06-22T15:24:50","date_gmt":"2025-06-22T15:24:50","guid":{"rendered":"https:\/\/ryinz.cz\/velkoobchod\/?post_type=product&#038;p=8993"},"modified":"2026-01-18T20:17:18","modified_gmt":"2026-01-18T20:17:18","slug":"rukavice-na-poulicne-bicykle-velkoobchod-ryinz-lahka-ochrana-eu-vzory-vyrobca-a-vlastny-dodavatel-loga","status":"publish","type":"product","link":"https:\/\/ryinz.cz\/velkoobchod\/sk\/product\/street-bike-gloves-wholesale-ryinz-lightweight-protection-eu-designs-manufacturer-and-custom-logo-supplier\/","title":{"rendered":"Ve\u013ekoobchod s rukavicami na bicykel | Ryinz | \u013dahk\u00e1 ochrana | Dizajny E\u00da | V\u00fdrobca a dod\u00e1vate\u013e s vlastn\u00fdm logom"},"content":{"rendered":"<p class=\"\" data-start=\"267\" data-end=\"385\"><strong data-start=\"267\" data-end=\"385\">Ve\u013ekoobchod s rukavicami na bicykel | Ryinz | \u013dahk\u00e1 ochrana | Dizajny E\u00da | V\u00fdrobca a dod\u00e1vate\u013e s vlastn\u00fdm logom<\/strong><\/p>\n<p class=\"\" data-start=\"387\" data-end=\"737\">Na str\u00e1nke <strong data-start=\"390\" data-end=\"399\">Ryinz<\/strong>, poh\u00e1\u0148ame zna\u010dky a podniky na celom svete t\u00fdm, \u017ee pon\u00fakame vysoko v\u00fdkonn\u00e9 v\u00fdrobky navrhnut\u00e9 pod\u013ea eur\u00f3pskych noriem kvality.<br data-start=\"521\" data-end=\"524\" \/>Sme <strong data-start=\"535\" data-end=\"582\">nevidite\u013en\u00fd motor medzin\u00e1rodn\u00e9ho obchodu<\/strong>, ktor\u00e1 sp\u00e1ja pr\u00e9miov\u00fdch v\u00fdrobcov, zna\u010dky a n\u00e1kupcov v Eur\u00f3pe, USA a \u00c1zii.<br data-start=\"670\" data-end=\"673\" \/>Na\u0161e poslanie je jednoduch\u00e9: <strong data-start=\"696\" data-end=\"737\">Otv\u00e1rame dvere, aby ste mohli uzatv\u00e1ra\u0165 predaj.<\/strong><\/p>\n<p class=\"\" data-start=\"739\" data-end=\"919\">Predstavujeme <strong data-start=\"755\" data-end=\"783\">Rukavice Ryinz Street Bike<\/strong> - dokonal\u00e9 spojenie pohodlia, ochrany, \u0161t\u00fdlu a v\u00fdkonu. Ide\u00e1lne pre jazdcov, ktor\u00ed vy\u017eaduj\u00fa v\u00fdstroj, ktor\u00e1 funguje rovnako tvrdo ako oni.<\/p>\n<hr class=\"\" data-start=\"921\" data-end=\"924\" \/>\n<h3 class=\"\" data-start=\"926\" data-end=\"953\"><strong data-start=\"930\" data-end=\"952\">Najd\u00f4le\u017eitej\u0161ie inform\u00e1cie o produkte<\/strong>:<\/h3>\n<p class=\"\" data-start=\"955\" data-end=\"1402\">\u2705 <strong data-start=\"957\" data-end=\"973\">N\u00e1zov produktu<\/strong>: Rukavice na jazdu na bicykli Ryinz Street<br data-start=\"1006\" data-end=\"1009\" \/>\u2705 <strong data-start=\"1011\" data-end=\"1023\">Materi\u00e1l<\/strong>: Priedu\u0161n\u00e1 sie\u0165ovina + zosilnen\u00e1 PU dla\u0148<br data-start=\"1068\" data-end=\"1071\" \/>\u2705 <strong data-start=\"1073\" data-end=\"1082\">Farba<\/strong>: Nebesky modr\u00e1\/\u010dierna (k dispoz\u00edcii s\u00fa vlastn\u00e9 farby)<br data-start=\"1124\" data-end=\"1127\" \/>\u2705 <strong data-start=\"1129\" data-end=\"1145\">Mo\u017enosti loga<\/strong>: pr\u00e1zdne, vlastn\u00e1 sie\u0165otla\u010d, gumov\u00e1 z\u00e1plata, v\u00fd\u0161ivka<br data-start=\"1202\" data-end=\"1205\" \/>\u2705 <strong data-start=\"1207\" data-end=\"1217\">Dizajn<\/strong>:<br data-start=\"1218\" data-end=\"1221\" \/>- Polovi\u010dn\u00fd dizajn pre maxim\u00e1lne ovl\u00e1danie<br data-start=\"1261\" data-end=\"1264\" \/>- Polstrovan\u00e1 dla\u0148 na tlmenie n\u00e1razov<br data-start=\"1298\" data-end=\"1301\" \/>- Nastavite\u013en\u00fd remienok na z\u00e1p\u00e4stie pre bezpe\u010dn\u00e9 uchytenie<br data-start=\"1340\" data-end=\"1343\" \/>- Proti\u0161mykov\u00e9 vylep\u0161enia \u00fachopu<br data-start=\"1372\" data-end=\"1375\" \/>- Priedu\u0161n\u00e1 sie\u0165ovina Airflow Mesh<\/p>\n<p class=\"\" data-start=\"1404\" data-end=\"1464\">\u2705 <strong data-start=\"1406\" data-end=\"1425\">Dostupn\u00e9 ve\u013ekosti<\/strong>: S, M, L, XL (k dispoz\u00edcii s\u00fa vlastn\u00e9 ve\u013ekosti)<\/p>\n<p class=\"\" data-start=\"1466\" data-end=\"1681\">\u2705 <strong data-start=\"1468\" data-end=\"1475\">Fit<\/strong>: \u013dahk\u00fd, ergonomick\u00fd, vysoko v\u00fdkonn\u00fd fit<br data-start=\"1521\" data-end=\"1524\" \/>\u2705 <strong data-start=\"1526\" data-end=\"1533\">Pou\u017eite<\/strong>: Cyklistika na ulici, Cestn\u00e1 cyklistika, Fitness, Outdoorov\u00e9 aktivity, Jazda na E-kolobe\u017eke<br data-start=\"1609\" data-end=\"1612\" \/>\u2705 <strong data-start=\"1614\" data-end=\"1621\">MOQ<\/strong>: N\u00edzke minim\u00e1 pre ve\u013ekoobchod a prisp\u00f4sobenie s\u00fakromnej zna\u010dky<\/p>\n<hr class=\"\" data-start=\"1683\" data-end=\"1686\" \/>\n<h3 class=\"\" data-start=\"1688\" data-end=\"1717\"><strong data-start=\"1692\" data-end=\"1716\">Podrobn\u00fd opis<\/strong>:<\/h3>\n<p class=\"\" data-start=\"1719\" data-end=\"1872\">Jazdite tvrd\u0161ie, dlh\u0161ie a inteligentnej\u0161ie s <strong data-start=\"1761\" data-end=\"1789\">Rukavice Ryinz Street Bike<\/strong> - vytvoren\u00e9 pre mestsk\u00fdch bojovn\u00edkov, fitness nad\u0161encov a jazdcov zameran\u00fdch na v\u00fdkon.<\/p>\n<p class=\"\" data-start=\"1874\" data-end=\"2175\">Tieto rukavice kombinuj\u00fa <strong data-start=\"1895\" data-end=\"1926\">\u013eahk\u00e1 priedu\u0161n\u00e1 sie\u0165ovina<\/strong> s <strong data-start=\"1932\" data-end=\"1962\">vystu\u017een\u00e9 dlane s PU polstrovan\u00edm<\/strong>, ktor\u00e9 poskytuj\u00fa \u00fa\u010dinn\u00fa kombin\u00e1ciu pohodlia, vetrania a pri\u013enavosti.<br data-start=\"2024\" data-end=\"2027\" \/>Kon\u0161trukcia s polovi\u010dn\u00fdmi prstami pon\u00faka <strong data-start=\"2057\" data-end=\"2081\">\u00fapln\u00e9 hmatov\u00e9 ovl\u00e1danie<\/strong>, v\u010faka \u010domu jazdci m\u00f4\u017eu s istotou a presnos\u0165ou dr\u017ea\u0165 riadidl\u00e1, brzdy a plynov\u00e9 p\u00e1ky.<\/p>\n<p class=\"\" data-start=\"2177\" data-end=\"2472\">. <strong data-start=\"2180\" data-end=\"2206\">nastavite\u013en\u00fd remienok na z\u00e1p\u00e4stie<\/strong> zaru\u010duje individu\u00e1lne prisp\u00f4sobenie, zatia\u013e \u010do proti\u0161mykov\u00e9 vylep\u0161enia na dlani zabezpe\u010duj\u00fa stabilitu v mokr\u00fdch alebo such\u00fdch podmienkach.<br data-start=\"2323\" data-end=\"2326\" \/>Ide\u00e1lne pre <strong data-start=\"2338\" data-end=\"2355\">pouli\u010dn\u00ed cyklisti<\/strong>, <strong data-start=\"2357\" data-end=\"2374\">cestn\u00ed cyklisti<\/strong>, <strong data-start=\"2376\" data-end=\"2393\">Jazdci na elektrobicykloch<\/strong>, a dokonca <strong data-start=\"2404\" data-end=\"2417\">n\u00e1v\u0161tevn\u00edci posil\u0148ovne<\/strong> h\u013ead\u00e1te extra pri\u013enavos\u0165 po\u010das vysoko intenz\u00edvnych tr\u00e9ningov.<\/p>\n<p class=\"\" data-start=\"2474\" data-end=\"2647\">K dispoz\u00edcii s <strong data-start=\"2489\" data-end=\"2516\">mo\u017enosti vlastn\u00e9ho ozna\u010denia<\/strong>, Rukavice Ryinz s\u00fa fantastick\u00fdm propaga\u010dn\u00fdm produktom, doplnkom maloobchodn\u00e9ho sortimentu alebo zna\u010dkov\u00fdm tovarom pre podujatia, t\u00edmy a spolo\u010dnosti.<\/p>\n<hr class=\"\" data-start=\"2649\" data-end=\"2652\" \/>\n<h3 class=\"\" data-start=\"2654\" data-end=\"2707\"><strong data-start=\"2658\" data-end=\"2706\">K\u013e\u00fa\u010dov\u00e9 funkcie pre ve\u013ekoobchodn\u00fdch a maloobchodn\u00fdch odberate\u013eov<\/strong>:<\/h3>\n<p><strong data-start=\"2712\" data-end=\"2736\">Dizajn navrhnut\u00fd v E\u00da<\/strong>: Kombinuje funk\u010dnos\u0165, strih a svie\u017ei \u0161t\u00fdl vyladen\u00fd pre eur\u00f3pske a svetov\u00e9 trhy.<br data-start=\"2816\" data-end=\"2819\" \/><strong data-start=\"2822\" data-end=\"2853\">Ceny priamo od v\u00fdrobcu<\/strong>: Najlep\u0161ia hodnota bez sprostredkovate\u013ea.<br data-start=\"2884\" data-end=\"2887\" \/><strong data-start=\"2890\" data-end=\"2911\">Pripraven\u00e9 vlastn\u00e9 logo<\/strong>: Pridajte svoju zna\u010dku prostredn\u00edctvom sie\u0165otla\u010de, v\u00fd\u0161ivky alebo gumov\u00fdch n\u00e1\u0161iviek s logom.<br data-start=\"2981\" data-end=\"2984\" \/><strong data-start=\"2987\" data-end=\"3010\">\u0160irok\u00fd trhov\u00fd z\u00e1ber<\/strong>: Ide\u00e1lne pre mestsk\u00fdch jazdcov, cyklistick\u00e9 obchody, \u0161portov\u00e9 zna\u010dky, telocvi\u010dne a online predajcov.<br data-start=\"3095\" data-end=\"3098\" \/><strong data-start=\"3101\" data-end=\"3133\">R\u00fdchla v\u00fdroba a dodanie<\/strong>: \u00dapln\u00e1 podpora pre celosvetov\u00fdch kupuj\u00facich B2B.<strong data-start=\"3179\" data-end=\"3207\">Odolnos\u0165 sa stret\u00e1va s pohodl\u00edm<\/strong>: Zosilnen\u00e9 \u0161vy, bezpe\u010dn\u00e9 z\u00f3ny uchopenia, pr\u00e9miov\u00e9 priedu\u0161n\u00e9 materi\u00e1ly.<\/p>\n<hr class=\"\" data-start=\"3281\" data-end=\"3284\" \/>\n<h3 class=\"\" data-start=\"3286\" data-end=\"3312\"><strong data-start=\"3290\" data-end=\"3311\">N\u00e1pady na aplik\u00e1cie<\/strong>:<\/h3>\n<p class=\"\" data-start=\"3314\" data-end=\"3555\">- Maloobchodn\u00edci s motocyklov\u00fdm v\u00fdstrojom a v\u00fdbavou<br data-start=\"3357\" data-end=\"3360\" \/>- Cyklistick\u00e9 obchody a obchody s elektrosk\u00fatrami<br data-start=\"3389\" data-end=\"3392\" \/>- Zna\u010dky fitness a posil\u0148ovn\u00ed<br data-start=\"3416\" data-end=\"3419\" \/>- Maloobchodn\u00edci s outdoorov\u00fdm dobrodru\u017estvom<br data-start=\"3448\" data-end=\"3451\" \/>- Startupy mestsk\u00e9ho \u0161portov\u00e9ho oble\u010denia<br data-start=\"3478\" data-end=\"3481\" \/>- Priv\u00e1tne zna\u010dky Streetwear<br data-start=\"3514\" data-end=\"3517\" \/>- Dar\u010deky k podujatiam a propag\u00e1cia zna\u010dky<\/p>\n<hr class=\"\" data-start=\"3557\" data-end=\"3560\" \/>\n<h3 class=\"\" data-start=\"3562\" data-end=\"3599\"><strong data-start=\"3566\" data-end=\"3598\">Perfektn\u00e1 ve\u013ekos\u0165 a prisp\u00f4sobenie Podrobnosti<\/strong>:<\/h3>\n<div class=\"group pointer-events-none relative flex justify-center *:pointer-events-auto\">\n<p>&nbsp;<\/p>\n<div class=\"tableContainer horzScrollShadows relative\">\n<table class=\"min-w-full\" data-start=\"3601\" data-end=\"3792\">\n<thead data-start=\"3601\" data-end=\"3653\">\n<tr data-start=\"3601\" data-end=\"3653\">\n<th data-start=\"3601\" data-end=\"3608\">Ve\u013ekos\u0165<\/th>\n<th data-start=\"3608\" data-end=\"3626\">\u0160\u00edrka dlane (cm)<\/th>\n<th data-start=\"3626\" data-end=\"3653\">Obvod dlane (cm)<\/th>\n<\/tr>\n<\/thead>\n<tbody data-start=\"3707\" data-end=\"3792\">\n<tr data-start=\"3707\" data-end=\"3726\">\n<td class=\"max-w-[calc(var(--thread-content-max-width)*2\/3)]\" data-start=\"3707\" data-end=\"3711\">S<\/td>\n<td class=\"max-w-[calc(var(--thread-content-max-width)*2\/3)]\" data-start=\"3711\" data-end=\"3717\">7.5<\/td>\n<td class=\"max-w-[calc(var(--thread-content-max-width)*2\/3)]\" data-start=\"3717\" data-end=\"3726\">17-18<\/td>\n<\/tr>\n<tr data-start=\"3727\" data-end=\"3748\">\n<td class=\"max-w-[calc(var(--thread-content-max-width)*2\/3)]\" data-start=\"3727\" data-end=\"3731\">M<\/td>\n<td class=\"max-w-[calc(var(--thread-content-max-width)*2\/3)]\" data-start=\"3731\" data-end=\"3737\">8.5<\/td>\n<td class=\"max-w-[calc(var(--thread-content-max-width)*2\/3)]\" data-start=\"3737\" data-end=\"3748\">18-19.5<\/td>\n<\/tr>\n<tr data-start=\"3749\" data-end=\"3770\">\n<td class=\"max-w-[calc(var(--thread-content-max-width)*2\/3)]\" data-start=\"3749\" data-end=\"3753\">L<\/td>\n<td class=\"max-w-[calc(var(--thread-content-max-width)*2\/3)]\" data-start=\"3753\" data-end=\"3759\">9.5<\/td>\n<td class=\"max-w-[calc(var(--thread-content-max-width)*2\/3)]\" data-start=\"3759\" data-end=\"3770\">19.5-21<\/td>\n<\/tr>\n<tr data-start=\"3771\" data-end=\"3792\">\n<td class=\"max-w-[calc(var(--thread-content-max-width)*2\/3)]\" data-start=\"3771\" data-end=\"3776\">XL<\/td>\n<td class=\"max-w-[calc(var(--thread-content-max-width)*2\/3)]\" data-start=\"3776\" data-end=\"3783\">10.5<\/td>\n<td class=\"max-w-[calc(var(--thread-content-max-width)*2\/3)]\" data-start=\"3783\" data-end=\"3792\">21-23<\/td>\n<\/tr>\n<\/tbody>\n<\/table>\n<\/div>\n<\/div>\n<p class=\"\" data-start=\"3794\" data-end=\"3868\">(Ve\u013ekos\u0165 je prisp\u00f4soben\u00e1 na bezpe\u010dn\u00e9 a v\u00fdkonn\u00e9 nosenie v r\u00f4znych ve\u013ekostiach r\u00fak.)<\/p>\n<hr class=\"\" data-start=\"3870\" data-end=\"3873\" \/>\n<h3 class=\"\" data-start=\"3875\" data-end=\"3919\"><strong data-start=\"3879\" data-end=\"3918\">K\u013e\u00fa\u010dov\u00e9 slov\u00e1 bohat\u00e9 na SEO (oddelen\u00e9 \u010diarkou)<\/strong>:<\/h3>\n<p class=\"\" data-start=\"3921\" data-end=\"4558\">Ve\u013ekoobchod s rukavicami na bicykel, dod\u00e1vate\u013e cyklistick\u00fdch rukav\u00edc Ryinz, v\u00fdrobca rukav\u00edc na bicykel s polovi\u010dn\u00fdm prstom, vlastn\u00e9 cyklistick\u00e9 rukavice s logom, ve\u013ekoobchod s \u013eahk\u00fdmi motocyklov\u00fdmi rukavicami, dod\u00e1vate\u013e rukav\u00edc na bicykel s dizajnom E\u00da, priedu\u0161n\u00e9 rukavice na jazdu na ulici, ve\u013ekoobchod s rukavicami so zosilnenou dla\u0148ou, dod\u00e1vate\u013e proti\u0161mykov\u00fdch cyklistick\u00fdch rukav\u00edc, rukavice na bicykel s vlastnou zna\u010dkou pre Eur\u00f3pu, fitness rukavice na jazdu v meste, ve\u013ekoobchodn\u00fd dod\u00e1vate\u013e rukav\u00edc na e-bike, rukavice s vlastnou zna\u010dkou pre \u0161portov\u00e9 zna\u010dky, ve\u013ekoobchod s rukavicami na motocyklov\u00e9 vybavenie, outdoorov\u00e9 \u0161portov\u00e9 rukavice pre Eur\u00f3pu, odoln\u00e9 jazdeck\u00e9 rukavice pre maloobchod, cestn\u00e9 cyklistick\u00e9 rukavice vo ve\u013ekom, v\u00fdrobca \u0161portov\u00fdch rukav\u00edc na ulicu, mestsk\u00e9 cyklistick\u00e9 rukavice pre elektronick\u00fd obchod<\/p>\n<hr class=\"\" data-start=\"4560\" data-end=\"4563\" \/>\n<h3 class=\"\" data-start=\"4565\" data-end=\"4590\"><strong data-start=\"4569\" data-end=\"4590\">Pre\u010do si vybra\u0165 spolo\u010dnos\u0165 Ryinz?<\/strong><\/h3>\n<p class=\"\" data-start=\"4592\" data-end=\"4898\"><strong data-start=\"4595\" data-end=\"4604\">Ryinz<\/strong> umo\u017e\u0148uje maloobchodn\u00edkom, zna\u010dk\u00e1m a podnikom priamy pr\u00edstup ku kvalitn\u00fdm a \u017eiadan\u00fdm produktom.<br data-start=\"4708\" data-end=\"4711\" \/>\u00a0So spolo\u010dnos\u0165ou Ryinz z\u00edskate r\u00fdchle prisp\u00f4sobenie, pr\u00e9miov\u00fa v\u00fdrobu a inteligentn\u00e9 rie\u0161enia zna\u010dky, ktor\u00e9 v\u00e1m pom\u00f4\u017eu vynikn\u00fa\u0165 a r\u00fdchlo r\u00e1s\u0165 - \u010di u\u017e pred\u00e1vate online, v obchodoch alebo na podujatiach.<\/p>\n<p class=\"\" data-start=\"4900\" data-end=\"5006\">Ke\u010f si vyberiete spolo\u010dnos\u0165 Ryinz, rozhodnete sa pre inov\u00e1cie, partnerstvo a pr\u00edstup k podnikaniu zameran\u00fd na bud\u00facnos\u0165.<\/p>\n<hr class=\"\" data-start=\"5008\" data-end=\"5011\" \/>\n<h3 class=\"\" data-start=\"5013\" data-end=\"5073\"><strong data-start=\"5017\" data-end=\"5073\">Kontaktujte spolo\u010dnos\u0165 Ryinz pre ve\u013ekoobchodn\u00e9 a s\u00fakromn\u00e9 objedn\u00e1vky<\/strong><\/h3>\n<p class=\"\" data-start=\"5075\" data-end=\"5152\">Ste pripraven\u00ed pon\u00faka\u0165 vysoko v\u00fdkonn\u00e9 rukavice na bicykel, ktor\u00e9 si va\u0161i z\u00e1kazn\u00edci zamiluj\u00fa?<\/p>\n<p class=\"\" data-start=\"5154\" data-end=\"5282\"><strong data-start=\"5157\" data-end=\"5168\">Webov\u00e1 lokalita<\/strong>: <a class=\"\" href=\"https:\/\/ryinz.cz\/velkoobchod\/sk\/\" target=\"_new\" rel=\"noopener\" data-start=\"5170\" data-end=\"5208\">www.ryinz.com<\/a><br data-start=\"5208\" data-end=\"5211\" \/><strong data-start=\"5214\" data-end=\"5223\">E-mail<\/strong>: <a class=\"cursor-pointer\" rel=\"noopener\" data-start=\"5225\" data-end=\"5240\">lavie@ryinz.cz<\/a><br data-start=\"5240\" data-end=\"5243\" \/><strong data-start=\"5246\" data-end=\"5264\">Telef\u00f3n\/WhatsApp<\/strong>: +420 604 413 141<\/p>\n<p class=\"\" data-start=\"5284\" data-end=\"5329\"><strong data-start=\"5284\" data-end=\"5329\">Ryinz - Grip Your Ride, Power Your Brand.<\/strong><\/p>","protected":false},"excerpt":{"rendered":"<p class=\"\" data-start=\"955\" data-end=\"1402\">\u2705 <strong data-start=\"957\" data-end=\"973\">N\u00e1zov produktu<\/strong>: Rukavice na jazdu na bicykli Ryinz Street<br data-start=\"1006\" data-end=\"1009\" \/>\u2705 <strong data-start=\"1011\" data-end=\"1023\">Materi\u00e1l<\/strong>: Priedu\u0161n\u00e1 sie\u0165ovina + zosilnen\u00e1 PU dla\u0148<br data-start=\"1068\" data-end=\"1071\" \/>\u2705 <strong data-start=\"1073\" data-end=\"1082\">Farba<\/strong>: Nebesky modr\u00e1\/\u010dierna (k dispoz\u00edcii s\u00fa vlastn\u00e9 farby)<br data-start=\"1124\" data-end=\"1127\" \/>\u2705 <strong data-start=\"1129\" data-end=\"1145\">Mo\u017enosti loga<\/strong>: pr\u00e1zdne, vlastn\u00e1 sie\u0165otla\u010d, gumov\u00e1 z\u00e1plata, v\u00fd\u0161ivka<br data-start=\"1202\" data-end=\"1205\" \/>\u2705 <strong data-start=\"1207\" data-end=\"1217\">Dizajn<\/strong>:<br data-start=\"1218\" data-end=\"1221\" \/>- Polovi\u010dn\u00fd dizajn pre maxim\u00e1lne ovl\u00e1danie<br data-start=\"1261\" data-end=\"1264\" \/>- Polstrovan\u00e1 dla\u0148 na tlmenie n\u00e1razov<br data-start=\"1298\" data-end=\"1301\" \/>- Nastavite\u013en\u00fd remienok na z\u00e1p\u00e4stie pre bezpe\u010dn\u00e9 uchytenie<br data-start=\"1340\" data-end=\"1343\" \/>- Proti\u0161mykov\u00e9 vylep\u0161enia \u00fachopu<br data-start=\"1372\" data-end=\"1375\" \/>- Priedu\u0161n\u00e1 sie\u0165ovina Airflow Mesh<\/p>\n<p class=\"\" data-start=\"1404\" data-end=\"1464\">\u2705 <strong data-start=\"1406\" data-end=\"1425\">Dostupn\u00e9 ve\u013ekosti<\/strong>: S, M, L, XL (k dispoz\u00edcii s\u00fa vlastn\u00e9 ve\u013ekosti)<\/p>\n<p class=\"\" data-start=\"1466\" data-end=\"1681\">\u2705 <strong data-start=\"1468\" data-end=\"1475\">Fit<\/strong>: \u013dahk\u00fd, ergonomick\u00fd, vysoko v\u00fdkonn\u00fd fit<br data-start=\"1521\" data-end=\"1524\" \/>\u2705 <strong data-start=\"1526\" data-end=\"1533\">Pou\u017eite<\/strong>: Cyklistika na ulici, Cestn\u00e1 cyklistika, Fitness, Outdoorov\u00e9 aktivity, Jazda na E-kolobe\u017eke<br data-start=\"1609\" data-end=\"1612\" \/>\u2705 <strong data-start=\"1614\" data-end=\"1621\">MOQ<\/strong>: N\u00edzke minim\u00e1 pre ve\u013ekoobchod a prisp\u00f4sobenie s\u00fakromnej zna\u010dky<\/p>","protected":false},"featured_media":9061,"comment_status":"closed","ping_status":"closed","template":"","meta":[],"product_brand":[35],"product_cat":[68,152],"product_tag":[185,46,186,180,187,188,189,153,190,191],"class_list":{"0":"post-8993","1":"product","2":"type-product","3":"status-publish","4":"has-post-thumbnail","6":"product_brand-ryinz","7":"product_cat-ryinz","8":"product_cat-street-bike-gloves","9":"product_tag-biking-gloves-for-street-riders","10":"product_tag-breathable-mesh-gloves","11":"product_tag-customizable-bike-gloves","12":"product_tag-ergonomic-street-bike-gloves","13":"product_tag-fingerless-street-bike-gloves","14":"product_tag-lycra-fourchettes-gloves","15":"product_tag-serino-palm-bike-gloves","16":"product_tag-street-bike-gloves","17":"product_tag-towel-thumb-bike-gloves","18":"product_tag-urban-biking-gloves","20":"first","21":"instock","22":"taxable","23":"shipping-taxable","24":"purchasable","25":"product-type-simple"},"_links":{"self":[{"href":"https:\/\/ryinz.cz\/velkoobchod\/sk\/wp-json\/wp\/v2\/product\/8993","targetHints":{"allow":["GET"]}}],"collection":[{"href":"https:\/\/ryinz.cz\/velkoobchod\/sk\/wp-json\/wp\/v2\/product"}],"about":[{"href":"https:\/\/ryinz.cz\/velkoobchod\/sk\/wp-json\/wp\/v2\/types\/product"}],"replies":[{"embeddable":true,"href":"https:\/\/ryinz.cz\/velkoobchod\/sk\/wp-json\/wp\/v2\/comments?post=8993"}],"wp:featuredmedia":[{"embeddable":true,"href":"https:\/\/ryinz.cz\/velkoobchod\/sk\/wp-json\/wp\/v2\/media\/9061"}],"wp:attachment":[{"href":"https:\/\/ryinz.cz\/velkoobchod\/sk\/wp-json\/wp\/v2\/media?parent=8993"}],"wp:term":[{"taxonomy":"product_brand","embeddable":true,"href":"https:\/\/ryinz.cz\/velkoobchod\/sk\/wp-json\/wp\/v2\/product_brand?post=8993"},{"taxonomy":"product_cat","embeddable":true,"href":"https:\/\/ryinz.cz\/velkoobchod\/sk\/wp-json\/wp\/v2\/product_cat?post=8993"},{"taxonomy":"product_tag","embeddable":true,"href":"https:\/\/ryinz.cz\/velkoobchod\/sk\/wp-json\/wp\/v2\/product_tag?post=8993"}],"curies":[{"name":"wp","href":"https:\/\/api.w.org\/{rel}","templated":true}]}}