{"id":8991,"date":"2025-06-22T15:24:49","date_gmt":"2025-06-22T15:24:49","guid":{"rendered":"https:\/\/ryinz.cz\/velkoobchod\/?post_type=product&#038;p=8991"},"modified":"2026-01-18T20:17:15","modified_gmt":"2026-01-18T20:17:15","slug":"poulicne-cyklisticke-rukavice-velkoobchod-ryinz-polovica-prstov-cyklisticke-rukavice-eu-vzory-vyrobca-a-sukromny-dodavatel-znacky","status":"publish","type":"product","link":"https:\/\/ryinz.cz\/velkoobchod\/sk\/product\/street-bike-gloves-wholesale-ryinz-half-finger-cycling-gloves-eu-designs-manufacturer-and-private-label-supplier\/","title":{"rendered":"Ve\u013ekoobchod s rukavicami na bicykel | Ryinz | Cyklistick\u00e9 rukavice s polovi\u010dn\u00fdmi prstami | Dizajn E\u00da | V\u00fdrobca a dod\u00e1vate\u013e s\u00fakromn\u00fdch zna\u010diek"},"content":{"rendered":"<p class=\"\" data-start=\"173\" data-end=\"297\"><strong data-start=\"173\" data-end=\"297\">Ve\u013ekoobchod s rukavicami na bicykel | Ryinz | Cyklistick\u00e9 rukavice s polovi\u010dn\u00fdmi prstami | Dizajn E\u00da | V\u00fdrobca a dod\u00e1vate\u013e s\u00fakromn\u00fdch zna\u010diek<\/strong><\/p>\n<p class=\"\" data-start=\"299\" data-end=\"521\">Na str\u00e1nke <strong data-start=\"302\" data-end=\"311\">Ryinz<\/strong>, prip\u00e1jame <strong data-start=\"324\" data-end=\"376\">v\u00fdrobcovia, zna\u010dky a kupuj\u00faci s vysok\u00fdm potenci\u00e1lom<\/strong> v Eur\u00f3pe, USA a \u00c1zii - <strong data-start=\"416\" data-end=\"463\">nevidite\u013en\u00fd motor medzin\u00e1rodn\u00e9ho obchodu<\/strong>.<br data-start=\"464\" data-end=\"467\" \/>Na\u0161e poslanie: <strong data-start=\"480\" data-end=\"520\">Otv\u00e1rame dvere, aby ste mohli uzatv\u00e1ra\u0165 predaje<\/strong>.<\/p>\n<p class=\"\" data-start=\"523\" data-end=\"685\">Predstavujeme <strong data-start=\"539\" data-end=\"574\">Fialov\u00e9 rukavice Ryinz Street Bike<\/strong> - navrhnut\u00e9 pre cyklistov, \u0161portovcov a dobrodruhov, ktor\u00ed vy\u017eaduj\u00fa \u0161pi\u010dkov\u00fd v\u00fdkon, pohodlie a modern\u00fd \u0161t\u00fdl.<\/p>\n<hr class=\"\" data-start=\"687\" data-end=\"690\" \/>\n<h3 class=\"\" data-start=\"692\" data-end=\"719\"><strong data-start=\"696\" data-end=\"718\">Najd\u00f4le\u017eitej\u0161ie inform\u00e1cie o produkte<\/strong>:<\/h3>\n<p class=\"\" data-start=\"721\" data-end=\"1230\">\u2705 <strong data-start=\"723\" data-end=\"739\">N\u00e1zov produktu<\/strong>: Ryinz Purple Street Bike Half-Finger Rukavice<br data-start=\"784\" data-end=\"787\" \/>\u2705 <strong data-start=\"789\" data-end=\"801\">Materi\u00e1l<\/strong>: Priedu\u0161n\u00fd Spandex + odoln\u00e1 PU rukov\u00e4\u0165 na dlani<br data-start=\"844\" data-end=\"847\" \/>\u2705 <strong data-start=\"849\" data-end=\"858\">Farba<\/strong>: \u017diariv\u00e1 fialov\u00e1\/\u010dierna s bielymi akcentmi (k dispoz\u00edcii s\u00fa prisp\u00f4sobite\u013en\u00e9 farby)<br data-start=\"931\" data-end=\"934\" \/>\u2705 <strong data-start=\"936\" data-end=\"952\">Mo\u017enosti loga<\/strong>: pr\u00e1zdne, vlastn\u00e1 tla\u010d, v\u00fd\u0161ivka, silik\u00f3nov\u00e1 potla\u010d<br data-start=\"1004\" data-end=\"1007\" \/>\u2705 <strong data-start=\"1009\" data-end=\"1028\">Funkcie dizajnu<\/strong>:<br data-start=\"1029\" data-end=\"1032\" \/>- \u013dahk\u00fd priedu\u0161n\u00fd vrchn\u00fd diel zo sie\u0165oviny<br data-start=\"1065\" data-end=\"1068\" \/>- Dizajn s polovi\u010dn\u00fdmi prstami pre \u00fapln\u00e9 ovl\u00e1danie riadidiel<br data-start=\"1115\" data-end=\"1118\" \/>- Polstrovan\u00e1 proti\u0161mykov\u00e1 ochrana dlane<br data-start=\"1152\" data-end=\"1155\" \/>- Bezpe\u010dn\u00fd nastavite\u013en\u00fd remienok na z\u00e1p\u00e4stie<br data-start=\"1186\" data-end=\"1189\" \/>- Materi\u00e1l odv\u00e1dzaj\u00faci pot na dlh\u00e9 jazdy<\/p>\n<p class=\"\" data-start=\"1232\" data-end=\"1282\">\u2705 <strong data-start=\"1234\" data-end=\"1243\">Ve\u013ekosti<\/strong>: S, M, L, XL (k dispoz\u00edcii s\u00fa vlastn\u00e9 ve\u013ekosti)<\/p>\n<p class=\"\" data-start=\"1284\" data-end=\"1481\">\u2705 <strong data-start=\"1286\" data-end=\"1293\">Fit<\/strong>: Flexibiln\u00fd, ergonomick\u00fd, ve\u013emi pohodln\u00fd<br data-start=\"1333\" data-end=\"1336\" \/>\u2705 <strong data-start=\"1338\" data-end=\"1345\">Pou\u017eite<\/strong>: Cyklistika na ulici, Cyklistika, Posil\u0148ov\u0148a, Vonkaj\u0161\u00ed fitness, Jazda na kolobe\u017eke<br data-start=\"1407\" data-end=\"1410\" \/>\u2705 <strong data-start=\"1412\" data-end=\"1419\">MOQ<\/strong>: N\u00edzke minim\u00e1 pre ve\u013ekoobchodn\u00e9, maloobchodn\u00e9 a s\u00fakromn\u00e9 objedn\u00e1vky<\/p>\n<hr class=\"\" data-start=\"1483\" data-end=\"1486\" \/>\n<h3 class=\"\" data-start=\"1488\" data-end=\"1517\"><strong data-start=\"1492\" data-end=\"1516\">Podrobn\u00fd opis<\/strong>:<\/h3>\n<p class=\"\" data-start=\"1519\" data-end=\"1758\"><strong data-start=\"1519\" data-end=\"1551\">Ovl\u00e1dajte ulice so \u0161t\u00fdlom.<\/strong><br data-start=\"1551\" data-end=\"1554\" \/>Str\u00e1nka <strong data-start=\"1558\" data-end=\"1593\">Fialov\u00e9 rukavice Ryinz Street Bike<\/strong> s\u00fa \u013eahk\u00e9, priedu\u0161n\u00e9 a vyroben\u00e9 pre vysok\u00fd v\u00fdkon - \u010di u\u017e sa preh\u00e1\u0148ate po mestsk\u00fdch cest\u00e1ch, tla\u010d\u00edte sa v posil\u0148ovni, alebo sk\u00famate trasy na dvoch koles\u00e1ch.<\/p>\n<p class=\"\" data-start=\"1760\" data-end=\"1924\">Postaven\u00e9 s <strong data-start=\"1773\" data-end=\"1798\">pr\u00e9miov\u00fd spandexov\u00fd zvr\u0161ok<\/strong> a <strong data-start=\"1805\" data-end=\"1827\">Dla\u0148 vystu\u017een\u00e1 PU<\/strong>, tieto rukavice poskytuj\u00fa vynikaj\u00facu pri\u013enavos\u0165, tlmenie n\u00e1razov a ochranu pred tren\u00edm a odieran\u00edm.<\/p>\n<p class=\"\" data-start=\"1926\" data-end=\"2177\">Ich <strong data-start=\"1932\" data-end=\"1954\">dizajn s polovi\u010dn\u00fdm prstom<\/strong> poskytuje maxim\u00e1lnu obratnos\u0165 a citlivos\u0165 riadidiel, zatia\u013e \u010do <strong data-start=\"2019\" data-end=\"2048\">sie\u0165ovina odv\u00e1dzaj\u00faca pot<\/strong> udr\u017e\u00ed va\u0161e ruky chladn\u00e9 a such\u00e9 aj po\u010das dlh\u0161\u00edch j\u00e1zd.<br data-start=\"2095\" data-end=\"2098\" \/>Str\u00e1nka <strong data-start=\"2102\" data-end=\"2130\">nastavite\u013en\u00e9 zap\u00ednanie na z\u00e1p\u00e4st\u00ed<\/strong> zais\u0165uje v\u017edy bezpe\u010dn\u00e9 a individu\u00e1lne prisp\u00f4sobenie.<\/p>\n<p class=\"\" data-start=\"2179\" data-end=\"2325\">Ide\u00e1lne pre <strong data-start=\"2191\" data-end=\"2219\">\u0161portov\u00e9 oble\u010denie s\u00fakromnej zna\u010dky<\/strong>, <strong data-start=\"2221\" data-end=\"2242\">cyklistick\u00ed predajcovia<\/strong>, <strong data-start=\"2244\" data-end=\"2269\">propaga\u010dn\u00e9 dar\u010deky<\/strong>, <strong data-start=\"2271\" data-end=\"2289\">fitness zna\u010dky<\/strong>, a <strong data-start=\"2295\" data-end=\"2324\">mestsk\u00e9 streetwear startupy<\/strong>.<\/p>\n<hr class=\"\" data-start=\"2327\" data-end=\"2330\" \/>\n<h3 class=\"\" data-start=\"2332\" data-end=\"2385\"><strong data-start=\"2336\" data-end=\"2384\">K\u013e\u00fa\u010dov\u00e9 funkcie pre ve\u013ekoobchodn\u00fdch a maloobchodn\u00fdch odberate\u013eov<\/strong>:<\/h3>\n<p class=\"\" data-start=\"2387\" data-end=\"2867\">???? <strong data-start=\"2390\" data-end=\"2416\">Modern\u00fd dizajn v \u0161t\u00fdle E\u00da<\/strong>: P\u00fatav\u00e9, v\u00fdkonn\u00e9, pripraven\u00e9 na ulicu.<br data-start=\"2465\" data-end=\"2468\" \/>???? <strong data-start=\"2471\" data-end=\"2497\">Priame tov\u00e1rensk\u00e9 ceny<\/strong>: Zv\u00fd\u0161te svoje mar\u017ee v\u010faka kvalite a cenovej dostupnosti.<br data-start=\"2549\" data-end=\"2552\" \/>???? <strong data-start=\"2555\" data-end=\"2577\">Plne prisp\u00f4sobite\u013en\u00e9<\/strong>: Ide\u00e1lne pre log\u00e1 zna\u010diek, n\u00e1zvy t\u00edmov, zna\u010dky klubov.<br data-start=\"2630\" data-end=\"2633\" \/>???? <strong data-start=\"2636\" data-end=\"2659\">\u0160irok\u00fd cie\u013eov\u00fd trh<\/strong>: Motork\u00e1ri, cyklisti, jazdci na sk\u00fatroch, n\u00e1v\u0161tevn\u00edci posil\u0148ovn\u00ed, dobrodruhovia.<br data-start=\"2718\" data-end=\"2721\" \/>???? <strong data-start=\"2724\" data-end=\"2750\">R\u00fdchle v\u00fdrobn\u00e9 \u010dasy<\/strong>: R\u00fdchle dod\u00e1vky do Eur\u00f3py, USA a \u00c1zie.<br data-start=\"2793\" data-end=\"2796\" \/>???? <strong data-start=\"2799\" data-end=\"2824\">Vytvoren\u00e9 pre v\u00fdkon<\/strong>: Priedu\u0161n\u00e9, pru\u017en\u00e9, odoln\u00e9, proti\u0161mykov\u00e9.<\/p>\n<hr class=\"\" data-start=\"2869\" data-end=\"2872\" \/>\n<h3 class=\"\" data-start=\"2874\" data-end=\"2900\"><strong data-start=\"2878\" data-end=\"2899\">N\u00e1pady na aplik\u00e1cie<\/strong>:<\/h3>\n<p class=\"\" data-start=\"2902\" data-end=\"3175\">- Maloobchodn\u00edci s v\u00fdstrojom na pouli\u010dn\u00e9 bicykle<br data-start=\"2930\" data-end=\"2933\" \/>- Zna\u010dky fitness oble\u010denia a doplnkov<br data-start=\"2973\" data-end=\"2976\" \/>- Predajne e-sk\u00fatrov a e-bicyklov<br data-start=\"3004\" data-end=\"3007\" \/>- Dod\u00e1vatelia outdoorov\u00e9ho a dobrodru\u017en\u00e9ho vybavenia<br data-start=\"3045\" data-end=\"3048\" \/>- Projekty s\u00fakromnej zna\u010dky cyklistick\u00e9ho vybavenia<br data-start=\"3085\" data-end=\"3088\" \/>- T\u00edmov\u00fd tovar a dar\u010deky k podujatiam<br data-start=\"3126\" data-end=\"3129\" \/>- Online maloobchodn\u00edci na Shopify, Amazon, Zalando<\/p>\n<hr class=\"\" data-start=\"3177\" data-end=\"3180\" \/>\n<h3 class=\"\" data-start=\"3182\" data-end=\"3217\"><strong data-start=\"3186\" data-end=\"3216\">Tabu\u013eka dokonalej ve\u013ekosti a prisp\u00f4sobenia<\/strong>:<\/h3>\n<div class=\"group pointer-events-none relative flex justify-center *:pointer-events-auto\"><button class=\"hover:bg-token-main-surface-secondary text-token-text-secondary pointer-events-auto rounded-lg px-1 py-1 opacity-0 transition-opacity duration-200 group-focus-within:opacity-100 group-hover:opacity-100\"><\/button><\/p>\n<div class=\"tableContainer horzScrollShadows relative\">\n<table class=\"min-w-full\" data-start=\"3219\" data-end=\"3410\">\n<thead data-start=\"3219\" data-end=\"3271\">\n<tr data-start=\"3219\" data-end=\"3271\">\n<th data-start=\"3219\" data-end=\"3226\">Ve\u013ekos\u0165<\/th>\n<th data-start=\"3226\" data-end=\"3244\">\u0160\u00edrka dlane (cm)<\/th>\n<th data-start=\"3244\" data-end=\"3271\">Obvod dlane (cm)<\/th>\n<\/tr>\n<\/thead>\n<tbody data-start=\"3325\" data-end=\"3410\">\n<tr data-start=\"3325\" data-end=\"3344\">\n<td class=\"max-w-[calc(var(--thread-content-max-width)*2\/3)]\" data-start=\"3325\" data-end=\"3329\">S<\/td>\n<td class=\"max-w-[calc(var(--thread-content-max-width)*2\/3)]\" data-start=\"3329\" data-end=\"3335\">7.5<\/td>\n<td class=\"max-w-[calc(var(--thread-content-max-width)*2\/3)]\" data-start=\"3335\" data-end=\"3344\">17-18<\/td>\n<\/tr>\n<tr data-start=\"3345\" data-end=\"3366\">\n<td class=\"max-w-[calc(var(--thread-content-max-width)*2\/3)]\" data-start=\"3345\" data-end=\"3349\">M<\/td>\n<td class=\"max-w-[calc(var(--thread-content-max-width)*2\/3)]\" data-start=\"3349\" data-end=\"3355\">8.5<\/td>\n<td class=\"max-w-[calc(var(--thread-content-max-width)*2\/3)]\" data-start=\"3355\" data-end=\"3366\">18-19.5<\/td>\n<\/tr>\n<tr data-start=\"3367\" data-end=\"3388\">\n<td class=\"max-w-[calc(var(--thread-content-max-width)*2\/3)]\" data-start=\"3367\" data-end=\"3371\">L<\/td>\n<td class=\"max-w-[calc(var(--thread-content-max-width)*2\/3)]\" data-start=\"3371\" data-end=\"3377\">9.5<\/td>\n<td class=\"max-w-[calc(var(--thread-content-max-width)*2\/3)]\" data-start=\"3377\" data-end=\"3388\">19.5-21<\/td>\n<\/tr>\n<tr data-start=\"3389\" data-end=\"3410\">\n<td class=\"max-w-[calc(var(--thread-content-max-width)*2\/3)]\" data-start=\"3389\" data-end=\"3394\">XL<\/td>\n<td class=\"max-w-[calc(var(--thread-content-max-width)*2\/3)]\" data-start=\"3394\" data-end=\"3401\">10.5<\/td>\n<td class=\"max-w-[calc(var(--thread-content-max-width)*2\/3)]\" data-start=\"3401\" data-end=\"3410\">21-23<\/td>\n<\/tr>\n<\/tbody>\n<\/table>\n<\/div>\n<\/div>","protected":false},"excerpt":{"rendered":"<h3 class=\"\" data-start=\"2332\" data-end=\"2385\"><strong data-start=\"2336\" data-end=\"2384\">K\u013e\u00fa\u010dov\u00e9 funkcie pre ve\u013ekoobchodn\u00fdch a maloobchodn\u00fdch odberate\u013eov<\/strong>:<\/h3>\n<p class=\"\" data-start=\"2387\" data-end=\"2867\">???? <strong data-start=\"2390\" data-end=\"2416\">Modern\u00fd dizajn v \u0161t\u00fdle E\u00da<\/strong>: P\u00fatav\u00e9, v\u00fdkonn\u00e9, pripraven\u00e9 na ulicu.<br data-start=\"2465\" data-end=\"2468\" \/>???? <strong data-start=\"2471\" data-end=\"2497\">Priame tov\u00e1rensk\u00e9 ceny<\/strong>: Zv\u00fd\u0161te svoje mar\u017ee v\u010faka kvalite a cenovej dostupnosti.<br data-start=\"2549\" data-end=\"2552\" \/>???? <strong data-start=\"2555\" data-end=\"2577\">Plne prisp\u00f4sobite\u013en\u00e9<\/strong>: Ide\u00e1lne pre log\u00e1 zna\u010diek, n\u00e1zvy t\u00edmov, zna\u010dky klubov.<br data-start=\"2630\" data-end=\"2633\" \/>???? <strong data-start=\"2636\" data-end=\"2659\">\u0160irok\u00fd cie\u013eov\u00fd trh<\/strong>: Motork\u00e1ri, cyklisti, jazdci na sk\u00fatroch, n\u00e1v\u0161tevn\u00edci posil\u0148ovn\u00ed, dobrodruhovia.<br data-start=\"2718\" data-end=\"2721\" \/>???? <strong data-start=\"2724\" data-end=\"2750\">R\u00fdchle v\u00fdrobn\u00e9 \u010dasy<\/strong>: R\u00fdchle dod\u00e1vky do Eur\u00f3py, USA a \u00c1zie.<br data-start=\"2793\" data-end=\"2796\" \/>???? <strong data-start=\"2799\" data-end=\"2824\">Vytvoren\u00e9 pre v\u00fdkon<\/strong>: Priedu\u0161n\u00e9, pru\u017en\u00e9, odoln\u00e9, proti\u0161mykov\u00e9.<\/p>","protected":false},"featured_media":9046,"comment_status":"closed","ping_status":"closed","template":"","meta":[],"product_brand":[35],"product_cat":[152],"product_tag":[172,173,174,175,176,177,178,153,179,134],"class_list":{"0":"post-8991","1":"product","2":"type-product","3":"status-publish","4":"has-post-thumbnail","6":"product_brand-ryinz","7":"product_cat-street-bike-gloves","8":"product_tag-branded-street-gloves","9":"product_tag-breathable-riding-gloves","10":"product_tag-customizable-street-gloves","11":"product_tag-fourway-fabric","12":"product_tag-gel-foam-padding","13":"product_tag-neoprene-cuff","14":"product_tag-performance-bike-gloves","15":"product_tag-street-bike-gloves","16":"product_tag-synthetic-leather-gloves","17":"product_tag-velcro-closure-gloves","19":"first","20":"instock","21":"taxable","22":"shipping-taxable","23":"purchasable","24":"product-type-simple"},"_links":{"self":[{"href":"https:\/\/ryinz.cz\/velkoobchod\/sk\/wp-json\/wp\/v2\/product\/8991","targetHints":{"allow":["GET"]}}],"collection":[{"href":"https:\/\/ryinz.cz\/velkoobchod\/sk\/wp-json\/wp\/v2\/product"}],"about":[{"href":"https:\/\/ryinz.cz\/velkoobchod\/sk\/wp-json\/wp\/v2\/types\/product"}],"replies":[{"embeddable":true,"href":"https:\/\/ryinz.cz\/velkoobchod\/sk\/wp-json\/wp\/v2\/comments?post=8991"}],"wp:featuredmedia":[{"embeddable":true,"href":"https:\/\/ryinz.cz\/velkoobchod\/sk\/wp-json\/wp\/v2\/media\/9046"}],"wp:attachment":[{"href":"https:\/\/ryinz.cz\/velkoobchod\/sk\/wp-json\/wp\/v2\/media?parent=8991"}],"wp:term":[{"taxonomy":"product_brand","embeddable":true,"href":"https:\/\/ryinz.cz\/velkoobchod\/sk\/wp-json\/wp\/v2\/product_brand?post=8991"},{"taxonomy":"product_cat","embeddable":true,"href":"https:\/\/ryinz.cz\/velkoobchod\/sk\/wp-json\/wp\/v2\/product_cat?post=8991"},{"taxonomy":"product_tag","embeddable":true,"href":"https:\/\/ryinz.cz\/velkoobchod\/sk\/wp-json\/wp\/v2\/product_tag?post=8991"}],"curies":[{"name":"wp","href":"https:\/\/api.w.org\/{rel}","templated":true}]}}