{"id":8990,"date":"2025-08-26T11:48:33","date_gmt":"2025-08-26T11:48:33","guid":{"rendered":"https:\/\/ryinz.cz\/velkoobchod\/?post_type=product&#038;p=8990"},"modified":"2026-01-18T20:17:14","modified_gmt":"2026-01-18T20:17:14","slug":"ryinz-premiove-kozene-polprstove-rukavice-na-soferovanie-klasicky-vyrez-pre-muzov-motorkarov-na-soferovanie-a-bezne-nosenie","status":"publish","type":"product","link":"https:\/\/ryinz.cz\/velkoobchod\/sk\/product\/ryinz-premium-leather-half-finger-driving-gloves-classic-cutout-design-for-men-biker-driving-and-casual-wear\/","title":{"rendered":"Rukavice Ryinz Premium Leather Half-Finger Driving Gloves | Classic Cutout Design for Men - Biker, Driving, and Casual Wear"},"content":{"rendered":"<p class=\"\" data-start=\"431\" data-end=\"682\">Na str\u00e1nke <strong data-start=\"434\" data-end=\"443\">Ryinz<\/strong>, ver\u00edme, \u017ee \u0161t\u00fdl, pohodlie a funk\u010dnos\u0165 m\u00f4\u017eu harmonicky koexistova\u0165. Vytv\u00e1rame vysokokvalitn\u00e9, m\u00f3dne v\u00fdrobky, ktor\u00e9 s\u00fa navrhnut\u00e9 tak, aby fungovali, a bezprobl\u00e9movo prep\u00e1jame v\u00fdrobcov, predajcov a z\u00e1kazn\u00edkov v Eur\u00f3pe, USA a \u00c1zii.<\/p>\n<p class=\"\" data-start=\"684\" data-end=\"1053\">Predstavujeme nad\u010dasov\u00fd \u0161t\u00fdl <strong data-start=\"718\" data-end=\"770\">Ko\u017een\u00e9 polprstov\u00e9 rukavice Ryinz Premium<\/strong>, navrhnut\u00e9 pre n\u00e1ro\u010dn\u00fdch z\u00e1kazn\u00edkov, ktor\u00ed vy\u017eaduj\u00fa eleganciu a v\u00fdkon. Tieto rukavice sp\u00e1jaj\u00fa klasick\u00fa estetiku s modern\u00fdm remeseln\u00fdm spracovan\u00edm, s\u00fa vybaven\u00e9 prvotriednou pravou ko\u017eou, prec\u00edznou perfor\u00e1ciou pre priedu\u0161nos\u0165 a tradi\u010dn\u00fdmi v\u00fdrezmi na k\u013aboch prstov pre flexibilitu a eleganciu.<\/p>\n<p class=\"\" data-start=\"1055\" data-end=\"1389\">Tieto rukavice s\u00fa ide\u00e1lne pre motoristov, motork\u00e1rov, m\u00f3dnych nad\u0161encov a zberate\u013eov luxusn\u00fdch doplnkov a s\u00fa dostato\u010dne univerz\u00e1lne na \u0161of\u00e9rovanie aj ka\u017edodenn\u00e9 nosenie v meste. Poddajn\u00e1 ko\u017ea zaru\u010duje vynikaj\u00face pohodlie, jemn\u00fd dotyk a dlhotrvaj\u00facu odolnos\u0165, \u010do z nich rob\u00ed nevyhnutn\u00fd k\u00fasok pre ka\u017ed\u00e9ho, kto oce\u0148uje kvalitn\u00e9 remeseln\u00e9 spracovanie.<\/p>\n<p class=\"\" data-start=\"1391\" data-end=\"1680\">Ka\u017ed\u00e1 rukavica je starostlivo vyroben\u00e1 s ru\u010dne dokon\u010den\u00fdm tradi\u010dn\u00fdm zap\u00ednan\u00edm na gomb\u00edk na z\u00e1p\u00e4st\u00ed, ktor\u00e9 umo\u017e\u0148uje nastavite\u013en\u00e9 priliehanie.<br data-start=\"1525\" data-end=\"1528\" \/>Perfor\u00e1cie na prstoch a chrbte ruky zabezpe\u010duj\u00fa vynikaj\u00face pr\u00fadenie vzduchu, tak\u017ee va\u0161e ruky zostan\u00fa chladn\u00e9 po\u010das dlh\u00fdch j\u00e1zd, doch\u00e1dzania do pr\u00e1ce alebo jazdy na motocykli.<\/p>\n<p class=\"\" data-start=\"1682\" data-end=\"1965\">Spolo\u010dnos\u0165 Ryinz, ktor\u00e1 je ide\u00e1lna pre pr\u00edle\u017eitosti s\u00fakromn\u00fdch zna\u010diek, ve\u013ekoobchodn\u00fa distrib\u00faciu alebo maloobchodn\u00fdch predajcov, ktor\u00ed chc\u00fa roz\u0161\u00edri\u0165 svoju kolekciu \u0161pi\u010dkov\u00fdch doplnkov, pon\u00faka vlastn\u00e9 zna\u010dky, razenie loga, v\u00fdrobu OEM a flexibiln\u00e9 mo\u017enosti hromadn\u00fdch objedn\u00e1vok, ktor\u00e9 v\u00e1m pom\u00f4\u017eu rozv\u00edja\u0165 va\u0161e podnikanie na medzin\u00e1rodnej \u00farovni.<\/p>\n<p class=\"\" data-start=\"1967\" data-end=\"2143\">Ke\u010f ste partnerom spolo\u010dnosti Ryinz, nez\u00edskavate len produkty - odomyk\u00e1te trhy.<br data-start=\"2048\" data-end=\"2051\" \/>Sme va\u0161\u00edm nevidite\u013en\u00fdm partnerom pri budovan\u00ed glob\u00e1lnych kontaktov, ktor\u00e9 v\u00e1m pom\u00e1haj\u00fa uzatv\u00e1ra\u0165 skuto\u010dn\u00e9 predaje.<\/p>\n<hr class=\"\" data-start=\"2145\" data-end=\"2148\" \/>\n<h1 class=\"\" data-start=\"2150\" data-end=\"2184\">???? <strong data-start=\"2155\" data-end=\"2184\">K\u013e\u00fa\u010dov\u00e9 vlastnosti a v\u00fdhody<\/strong><\/h1>\n<p class=\"\" data-start=\"2186\" data-end=\"2364\">???? <strong data-start=\"2189\" data-end=\"2229\">Pr\u00e9miov\u00e1 kon\u0161trukcia z pravej ko\u017ee<\/strong><br data-start=\"2229\" data-end=\"2232\" \/>Odborne op\u00e1len\u00e9 a dokon\u010den\u00e9 pre m\u00e4kk\u00fd, pru\u017en\u00fd dotyk, ktor\u00fd sa nosen\u00edm prirodzene prisp\u00f4sob\u00ed tvaru va\u0161ej ruky a poskytuje luxusn\u00e9 pohodlie.<\/p>\n<p class=\"\" data-start=\"2366\" data-end=\"2515\">???? <strong data-start=\"2369\" data-end=\"2402\">Klasick\u00fd dizajn s v\u00fdrezom pre k\u013aby<\/strong><br data-start=\"2402\" data-end=\"2405\" \/>Nad\u010dasov\u00e9, vintage in\u0161pirovan\u00e9 v\u00fdrezy zlep\u0161uj\u00fa vetranie a z\u00e1rove\u0148 poskytuj\u00fa bezkonkuren\u010dn\u00fa flexibilitu a ikonick\u00fd \u0161t\u00fdl.<\/p>\n<p class=\"\" data-start=\"2517\" data-end=\"2680\">???? <strong data-start=\"2520\" data-end=\"2552\">Presn\u00fd perfora\u010dn\u00fd syst\u00e9m<\/strong><br data-start=\"2552\" data-end=\"2555\" \/>Strategicky umiestnen\u00e1 perfor\u00e1cia umo\u017e\u0148uje optim\u00e1lnu priedu\u0161nos\u0165, \u010d\u00edm zabra\u0148uje hromadeniu potu po\u010das dlh\u00fdch j\u00e1zd autom alebo na bicykli.<\/p>\n<p class=\"\" data-start=\"2682\" data-end=\"2896\">???? <strong data-start=\"2685\" data-end=\"2730\">Vo\u013enos\u0165 polovice prstov pre maxim\u00e1lnu obratnos\u0165<\/strong><br data-start=\"2730\" data-end=\"2733\" \/>Ide\u00e1lne pre t\u00fdch, ktor\u00ed potrebuj\u00fa pevn\u00fd \u00fachop volantu, rukov\u00e4t\u00ed motorky alebo pri be\u017en\u00fdch outdoorov\u00fdch aktivit\u00e1ch, a to v\u0161etko pri zachovan\u00ed pln\u00e9ho hmatov\u00e9ho vnemu.<\/p>\n<p class=\"\" data-start=\"2898\" data-end=\"3056\">???? <strong data-start=\"2901\" data-end=\"2936\">Bezpe\u010dn\u00e9 nastavite\u013en\u00e9 uzavretie z\u00e1p\u00e4stia<\/strong><br data-start=\"2936\" data-end=\"2939\" \/>Tradi\u010dn\u00fd dizajn so zap\u00ednan\u00edm na gomb\u00edky pon\u00faka klasick\u00fd vzh\u013ead a z\u00e1rove\u0148 umo\u017e\u0148uje pohodln\u00e9 a bezpe\u010dn\u00e9 nastavenie strihu.<\/p>\n<p class=\"\" data-start=\"3058\" data-end=\"3210\">???? <strong data-start=\"3061\" data-end=\"3091\">\u013dahk\u00e9 a priedu\u0161n\u00e9<\/strong><br data-start=\"3091\" data-end=\"3094\" \/>Navrhnut\u00e9 na jazdu v teplom po\u010das\u00ed, pon\u00fakaj\u00fa prirodzen\u00fd syst\u00e9m chladenia bez toho, aby sa zn\u00ed\u017eila ochrana.<\/p>\n<p class=\"\" data-start=\"3212\" data-end=\"3371\">???? <strong data-start=\"3215\" data-end=\"3235\">Viac\u00fa\u010delov\u00e9 pou\u017eitie<\/strong><br data-start=\"3235\" data-end=\"3238\" \/>Ide\u00e1lne na jazdu autom, na motorke, klasick\u00fa jazdu autom, doch\u00e1dzanie do pr\u00e1ce v meste, jazdu na bicykli alebo aj ako \u0161t\u00fdlov\u00fd m\u00f3dny doplnok na ka\u017edodenn\u00e9 pou\u017eitie.<\/p>\n<p class=\"\" data-start=\"3373\" data-end=\"3552\">???? <strong data-start=\"3376\" data-end=\"3410\">Elegantn\u00fd a rafinovan\u00fd vzh\u013ead<\/strong><br data-start=\"3410\" data-end=\"3413\" \/>Vysokokvalitn\u00e9 remeseln\u00e9 spracovanie v kombin\u00e1cii s minimalistick\u00fdmi \u00fapravami vytv\u00e1ra rukavicu, ktor\u00e1 pozdvihne ka\u017ed\u00fd \u0161atn\u00edk, \u010di u\u017e ide o le\u017e\u00e9rne alebo form\u00e1lne oble\u010denie.<\/p>\n<p class=\"\" data-start=\"3554\" data-end=\"3763\">???? <strong data-start=\"3557\" data-end=\"3602\">K dispoz\u00edcii je s\u00fakromn\u00e1 zna\u010dka a vlastn\u00e1 zna\u010dka<\/strong><br data-start=\"3602\" data-end=\"3605\" \/>Spolo\u010dnos\u0165 Ryinz pon\u00faka kompletn\u00e9 slu\u017eby prisp\u00f4sobenia vr\u00e1tane vyrazenia loga, prisp\u00f4sobenia farieb, zna\u010dkov\u00fdch obalov a \u010fal\u0161\u00edch slu\u017eieb, ktor\u00e9 v\u00e1m pom\u00f4\u017eu vybudova\u0165 si vlastn\u00fa zna\u010dku.<\/p>\n<p class=\"\" data-start=\"3765\" data-end=\"3918\">???? <strong data-start=\"3768\" data-end=\"3789\">Perfektn\u00fd dar\u010dekov\u00fd predmet<\/strong><br data-start=\"3789\" data-end=\"3792\" \/>Luxusn\u00fd a praktick\u00fd dar\u010dek pre milovn\u00edkov \u00e1ut, motork\u00e1rov a v\u0161etk\u00fdch, ktor\u00ed oce\u0148uj\u00fa spojenie funk\u010dnosti a m\u00f3dy.<\/p>\n<hr class=\"\" data-start=\"3920\" data-end=\"3923\" \/>\n<h1 class=\"\" data-start=\"3925\" data-end=\"3956\">???? <strong data-start=\"3930\" data-end=\"3956\">\u0160pecifik\u00e1cie produktu<\/strong><\/h1>\n<p class=\"\" data-start=\"3958\" data-end=\"4421\">- <strong data-start=\"3960\" data-end=\"3972\">Materi\u00e1l<\/strong>: 100% Pr\u00e9miov\u00e1 prav\u00e1 ko\u017ea<br data-start=\"4002\" data-end=\"4005\" \/>- <strong data-start=\"4007\" data-end=\"4016\">Farba<\/strong>: \u010cierna s kontrastn\u00fdm lemovan\u00edm (k dispoz\u00edcii s\u00fa vlastn\u00e9 farby)<br data-start=\"4068\" data-end=\"4071\" \/>- <strong data-start=\"4073\" data-end=\"4082\">Ve\u013ekosti<\/strong>: S, M, L, XL, XXL (odstup\u0148ovanie pod\u013ea ve\u013ekosti v E\u00da a USA)<br data-start=\"4123\" data-end=\"4126\" \/>- <strong data-start=\"4128\" data-end=\"4143\">Sez\u00f3nnos\u0165<\/strong>: Najlep\u0161ie na jar, leto, jese\u0148<br data-start=\"4174\" data-end=\"4177\" \/>- <strong data-start=\"4179\" data-end=\"4189\">Dizajn<\/strong>: Vintage v\u00fdrez na polovicu prsta<br data-start=\"4224\" data-end=\"4227\" \/>- <strong data-start=\"4229\" data-end=\"4240\">Uz\u00e1ver<\/strong>: Snap tla\u010didlo z\u00e1p\u00e4stia uzavretie<br data-start=\"4267\" data-end=\"4270\" \/>- <strong data-start=\"4272\" data-end=\"4289\">Prisp\u00f4sobenie<\/strong>: S\u00fakromn\u00e1 zna\u010dka, reli\u00e9fne logo, \u0161peci\u00e1lne farebn\u00e9 objedn\u00e1vky<br data-start=\"4342\" data-end=\"4345\" \/>- <strong data-start=\"4347\" data-end=\"4354\">MOQ<\/strong>: N\u00edzke minim\u00e1lne mno\u017estv\u00e1 objedn\u00e1vok pre za\u010d\u00ednaj\u00face podniky a butiky<\/p>\n<hr class=\"\" data-start=\"4423\" data-end=\"4426\" \/>\n<h1 class=\"\" data-start=\"4428\" data-end=\"4466\">???? <strong data-start=\"4433\" data-end=\"4466\">Aplik\u00e1cie a ide\u00e1lni kupuj\u00faci<\/strong><\/h1>\n<p class=\"\" data-start=\"4468\" data-end=\"4779\">- Nad\u0161enci klasick\u00fdch automobilov<br data-start=\"4493\" data-end=\"4496\" \/>- Jazdci na motocykloch<br data-start=\"4515\" data-end=\"4518\" \/>- Maloobchodn\u00edci a butiky s m\u00f3dou<br data-start=\"4551\" data-end=\"4554\" \/>- Distrib\u00fatori hnacieho \u00fastrojenstva<br data-start=\"4581\" data-end=\"4584\" \/>- Zna\u010dky ko\u017een\u00fdch doplnkov<br data-start=\"4612\" data-end=\"4615\" \/>- Online predajcovia elektronick\u00e9ho obchodu<br data-start=\"4642\" data-end=\"4645\" \/>- Obchody s motoristick\u00fdm \u017eivotn\u00fdm \u0161t\u00fdlom<br data-start=\"4673\" data-end=\"4676\" \/>- Vlastn\u00edci zna\u010dky Private Label<br data-start=\"4704\" data-end=\"4707\" \/>- Dod\u00e1vatelia luxusn\u00fdch firemn\u00fdch dar\u010dekov<br data-start=\"4743\" data-end=\"4746\" \/>- Eur\u00f3pske, americk\u00e9 a \u00e1zijsk\u00e9 trhy<\/p>\n<hr class=\"\" data-start=\"4781\" data-end=\"4784\" \/>\n<h1 class=\"\" data-start=\"4786\" data-end=\"4849\">???? <strong data-start=\"4791\" data-end=\"4849\">Pre\u010do si vybra\u0165 spolo\u010dnos\u0165 Ryinz na v\u00fdrobu ko\u017een\u00fdch rukav\u00edc<\/strong><\/h1>\n<p class=\"\" data-start=\"4851\" data-end=\"5154\">- Desa\u0165ro\u010dia sk\u00fasenost\u00ed so z\u00e1sobovan\u00edm Eur\u00f3py a USA<br data-start=\"4898\" data-end=\"4901\" \/>- Dizajny a v\u00fdrobn\u00e9 normy v s\u00falade s E\u00da<br data-start=\"4948\" data-end=\"4951\" \/>- Flexibiln\u00e9 slu\u017eby s\u00fakromnej zna\u010dky a OEM<br data-start=\"4992\" data-end=\"4995\" \/>- \u00dapln\u00e9 prisp\u00f4sobenie a \u0161k\u00e1lovate\u013en\u00e9 mo\u017enosti MOQ<br data-start=\"5040\" data-end=\"5043\" \/>- Siln\u00e9 zameranie na kvalitu, \u0161t\u00fdl a v\u010dasn\u00e9 dod\u00e1vky<br data-start=\"5099\" data-end=\"5102\" \/>- \u0160pecializovan\u00e1 podpora a poradenstvo v oblasti medzin\u00e1rodn\u00e9ho obchodu<\/p>","protected":false},"excerpt":{"rendered":"<p class=\"\" data-start=\"2186\" data-end=\"2364\">???? <strong data-start=\"2189\" data-end=\"2229\">Pr\u00e9miov\u00e1 kon\u0161trukcia z pravej ko\u017ee<\/strong><br data-start=\"2229\" data-end=\"2232\" \/>Odborne op\u00e1len\u00e9 a dokon\u010den\u00e9 pre m\u00e4kk\u00fd, pru\u017en\u00fd dotyk, ktor\u00fd sa nosen\u00edm prirodzene prisp\u00f4sob\u00ed tvaru va\u0161ej ruky a poskytuje luxusn\u00e9 pohodlie.<\/p>\n<p class=\"\" data-start=\"2366\" data-end=\"2515\">???? <strong data-start=\"2369\" data-end=\"2402\">Klasick\u00fd dizajn s v\u00fdrezom pre k\u013aby<\/strong><br data-start=\"2402\" data-end=\"2405\" \/>Nad\u010dasov\u00e9, vintage in\u0161pirovan\u00e9 v\u00fdrezy zlep\u0161uj\u00fa vetranie a z\u00e1rove\u0148 poskytuj\u00fa bezkonkuren\u010dn\u00fa flexibilitu a ikonick\u00fd \u0161t\u00fdl.<\/p>\n<p class=\"\" data-start=\"2517\" data-end=\"2680\">???? <strong data-start=\"2520\" data-end=\"2552\">Presn\u00fd perfora\u010dn\u00fd syst\u00e9m<\/strong><br data-start=\"2552\" data-end=\"2555\" \/>Strategicky umiestnen\u00e1 perfor\u00e1cia umo\u017e\u0148uje optim\u00e1lnu priedu\u0161nos\u0165, \u010d\u00edm zabra\u0148uje hromadeniu potu po\u010das dlh\u00fdch j\u00e1zd autom alebo na bicykli.<\/p>\n<p class=\"\" data-start=\"2682\" data-end=\"2896\">???? <strong data-start=\"2685\" data-end=\"2730\">Vo\u013enos\u0165 polovice prstov pre maxim\u00e1lnu obratnos\u0165<\/strong><br data-start=\"2730\" data-end=\"2733\" \/>Ide\u00e1lne pre t\u00fdch, ktor\u00ed potrebuj\u00fa pevn\u00fd \u00fachop volantu, rukov\u00e4t\u00ed motorky alebo pri be\u017en\u00fdch outdoorov\u00fdch aktivit\u00e1ch, a to v\u0161etko pri zachovan\u00ed pln\u00e9ho hmatov\u00e9ho vnemu.<\/p>\n<p class=\"\" data-start=\"2898\" data-end=\"3056\">???? <strong data-start=\"2901\" data-end=\"2936\">Bezpe\u010dn\u00e9 nastavite\u013en\u00e9 uzavretie z\u00e1p\u00e4stia<\/strong><br data-start=\"2936\" data-end=\"2939\" \/>Tradi\u010dn\u00fd dizajn so zap\u00ednan\u00edm na gomb\u00edky pon\u00faka klasick\u00fd vzh\u013ead a z\u00e1rove\u0148 umo\u017e\u0148uje pohodln\u00e9 a bezpe\u010dn\u00e9 nastavenie strihu.<\/p>\n<p class=\"\" data-start=\"3058\" data-end=\"3210\">???? <strong data-start=\"3061\" data-end=\"3091\">\u013dahk\u00e9 a priedu\u0161n\u00e9<\/strong><br data-start=\"3091\" data-end=\"3094\" \/>Navrhnut\u00e9 na jazdu v teplom po\u010das\u00ed, pon\u00fakaj\u00fa prirodzen\u00fd syst\u00e9m chladenia bez toho, aby sa zn\u00ed\u017eila ochrana.<\/p>\n<p class=\"\" data-start=\"3212\" data-end=\"3371\">???? <strong data-start=\"3215\" data-end=\"3235\">Viac\u00fa\u010delov\u00e9 pou\u017eitie<\/strong><br data-start=\"3235\" data-end=\"3238\" \/>Ide\u00e1lne na jazdu autom, na motorke, klasick\u00fa jazdu autom, doch\u00e1dzanie do pr\u00e1ce v meste, jazdu na bicykli alebo aj ako \u0161t\u00fdlov\u00fd m\u00f3dny doplnok na ka\u017edodenn\u00e9 pou\u017eitie.<\/p>","protected":false},"featured_media":9055,"comment_status":"closed","ping_status":"closed","template":"","meta":[],"product_brand":[35],"product_cat":[152],"product_tag":[167,168,169,170,171],"class_list":{"0":"post-8990","1":"product","2":"type-product","3":"status-publish","4":"has-post-thumbnail","6":"product_brand-ryinz","7":"product_cat-street-bike-gloves","8":"product_tag-breathable-street-bike-gloves","9":"product_tag-customizable-biker-gloves","10":"product_tag-half-finger-bike-gloves","11":"product_tag-leather-bike-gloves","12":"product_tag-secure-fit-street-gloves","14":"first","15":"instock","16":"taxable","17":"shipping-taxable","18":"purchasable","19":"product-type-simple"},"_links":{"self":[{"href":"https:\/\/ryinz.cz\/velkoobchod\/sk\/wp-json\/wp\/v2\/product\/8990","targetHints":{"allow":["GET"]}}],"collection":[{"href":"https:\/\/ryinz.cz\/velkoobchod\/sk\/wp-json\/wp\/v2\/product"}],"about":[{"href":"https:\/\/ryinz.cz\/velkoobchod\/sk\/wp-json\/wp\/v2\/types\/product"}],"replies":[{"embeddable":true,"href":"https:\/\/ryinz.cz\/velkoobchod\/sk\/wp-json\/wp\/v2\/comments?post=8990"}],"wp:featuredmedia":[{"embeddable":true,"href":"https:\/\/ryinz.cz\/velkoobchod\/sk\/wp-json\/wp\/v2\/media\/9055"}],"wp:attachment":[{"href":"https:\/\/ryinz.cz\/velkoobchod\/sk\/wp-json\/wp\/v2\/media?parent=8990"}],"wp:term":[{"taxonomy":"product_brand","embeddable":true,"href":"https:\/\/ryinz.cz\/velkoobchod\/sk\/wp-json\/wp\/v2\/product_brand?post=8990"},{"taxonomy":"product_cat","embeddable":true,"href":"https:\/\/ryinz.cz\/velkoobchod\/sk\/wp-json\/wp\/v2\/product_cat?post=8990"},{"taxonomy":"product_tag","embeddable":true,"href":"https:\/\/ryinz.cz\/velkoobchod\/sk\/wp-json\/wp\/v2\/product_tag?post=8990"}],"curies":[{"name":"wp","href":"https:\/\/api.w.org\/{rel}","templated":true}]}}