{"id":8989,"date":"2025-06-22T15:24:49","date_gmt":"2025-06-22T15:24:49","guid":{"rendered":"https:\/\/ryinz.cz\/velkoobchod\/?post_type=product&#038;p=8989"},"modified":"2026-01-18T20:17:14","modified_gmt":"2026-01-18T20:17:14","slug":"rukavice-na-poulicne-bicykle-velkoobchod-ryinz-plnoprste-motocyklove-rukavice-eu-vzory-vyrobca-a-sukromny-dodavatel-znacky","status":"publish","type":"product","link":"https:\/\/ryinz.cz\/velkoobchod\/sk\/product\/street-bike-gloves-wholesale-ryinz-full-finger-motorcycle-gloves-eu-designs-manufacturer-and-private-label-supplier\/","title":{"rendered":"Ve\u013ekoobchod s rukavicami na pouli\u010dn\u00e9 bicykle | Ryinz | Rukavice na motorku s pln\u00fdmi prstami | Dizajn E\u00da | V\u00fdrobca a dod\u00e1vate\u013e s\u00fakromn\u00fdch zna\u010diek"},"content":{"rendered":"<p class=\"\" data-start=\"209\" data-end=\"336\"><strong data-start=\"209\" data-end=\"336\">Ve\u013ekoobchod s rukavicami na pouli\u010dn\u00e9 bicykle | Ryinz | Rukavice na motorku s pln\u00fdmi prstami | Dizajn E\u00da | V\u00fdrobca a dod\u00e1vate\u013e s\u00fakromn\u00fdch zna\u010diek<\/strong><\/p>\n<p class=\"\" data-start=\"338\" data-end=\"609\">Na str\u00e1nke <strong data-start=\"341\" data-end=\"350\">Ryinz<\/strong>, poh\u00e1\u0148ame glob\u00e1lne zna\u010dky t\u00fdm, \u017ee sp\u00e1jame <strong data-start=\"389\" data-end=\"456\">pr\u00e9miov\u00ed v\u00fdrobcovia, kreat\u00edvne zna\u010dky a profesion\u00e1lni n\u00e1kupcovia<\/strong> v Eur\u00f3pe, USA a \u00c1zii.<br data-start=\"490\" data-end=\"493\" \/>Sme <strong data-start=\"504\" data-end=\"551\">nevidite\u013en\u00fd motor medzin\u00e1rodn\u00e9ho obchodu<\/strong>.<br data-start=\"552\" data-end=\"555\" \/>Na\u0161e poslanie: <strong data-start=\"568\" data-end=\"609\">Otv\u00e1rame dvere, aby ste mohli uzatv\u00e1ra\u0165 predaj.<\/strong><\/p>\n<p class=\"\" data-start=\"611\" data-end=\"765\">Predstavujeme <strong data-start=\"627\" data-end=\"667\">Rukavice Ryinz s cel\u00fdmi prstami na bicykel<\/strong> - s\u00fa ur\u010den\u00e9 pre n\u00e1ro\u010dn\u00fdch cyklistov, mestsk\u00fdch jazdcov, dobrodruhov v ter\u00e9ne a objavite\u013eov, ktor\u00ed sa riadia \u0161t\u00fdlom.<\/p>\n<hr class=\"\" data-start=\"767\" data-end=\"770\" \/>\n<h3 class=\"\" data-start=\"772\" data-end=\"799\"><strong data-start=\"776\" data-end=\"798\">Najd\u00f4le\u017eitej\u0161ie inform\u00e1cie o produkte<\/strong>:<\/h3>\n<p class=\"\" data-start=\"801\" data-end=\"1306\">\u2705 <strong data-start=\"803\" data-end=\"819\">N\u00e1zov produktu<\/strong>: Rukavice Ryinz Tactical s cel\u00fdmi prstami na bicykli<br data-start=\"866\" data-end=\"869\" \/>\u2705 <strong data-start=\"871\" data-end=\"883\">Materi\u00e1l<\/strong>: Zosilnen\u00e9 mikrovl\u00e1kno + elastick\u00e1 sie\u0165ovina + ochrann\u00fd gumov\u00fd pancier<br data-start=\"947\" data-end=\"950\" \/>\u2705 <strong data-start=\"952\" data-end=\"961\">Farba<\/strong>: \u010cierna kamufl\u00e1\u017e Stealth so siv\u00fdmi akcentmi<br data-start=\"1005\" data-end=\"1008\" \/>\u2705 <strong data-start=\"1010\" data-end=\"1026\">Mo\u017enosti loga<\/strong>: pr\u00e1zdny, s potla\u010dou, silik\u00f3nov\u00fd, gumov\u00fd odznak, vy\u0161\u00edvan\u00fd<br data-start=\"1079\" data-end=\"1082\" \/>\u2705 <strong data-start=\"1084\" data-end=\"1103\">Funkcie dizajnu<\/strong>:<br data-start=\"1104\" data-end=\"1107\" \/>- Chr\u00e1ni\u010de k\u013abov pohlcuj\u00face n\u00e1razy<br data-start=\"1143\" data-end=\"1146\" \/>- Priedu\u0161n\u00e1 stre\u010dov\u00e1 sie\u0165ovina pre pohodlie<br data-start=\"1183\" data-end=\"1186\" \/>- Proti\u0161mykov\u00e9 rukov\u00e4te do dlane pre maxim\u00e1lnu kontrolu<br data-start=\"1228\" data-end=\"1231\" \/>- Ergonomick\u00e9 prisp\u00f4sobenie pre cel\u00e9 prsty<br data-start=\"1258\" data-end=\"1261\" \/>- Nastavite\u013en\u00fd popruh na z\u00e1p\u00e4stie na bezpe\u010dn\u00e9 uzavretie<\/p>\n<p class=\"\" data-start=\"1308\" data-end=\"1373\">\u2705 <strong data-start=\"1310\" data-end=\"1329\">Dostupn\u00e9 ve\u013ekosti<\/strong>: S, M, L, XL, XXL (mo\u017enos\u0165 prisp\u00f4sobenia ve\u013ekosti)<\/p>\n<p class=\"\" data-start=\"1375\" data-end=\"1603\">\u2705 <strong data-start=\"1377\" data-end=\"1384\">Fit<\/strong>: Taktick\u00e9, flexibiln\u00e9, bezpe\u010dn\u00e9 uchopenie<br data-start=\"1417\" data-end=\"1420\" \/>\u2705 <strong data-start=\"1422\" data-end=\"1429\">Pou\u017eite<\/strong>: Cyklistika na ulici, Jazda na motocykli, Horsk\u00e1 cyklistika, Taktick\u00fd v\u00fdcvik, Outdoorov\u00e9 \u0161porty<br data-start=\"1515\" data-end=\"1518\" \/>\u2705 <strong data-start=\"1520\" data-end=\"1527\">MOQ<\/strong>: N\u00edzke minim\u00e1 pre ve\u013ekoobchod, maloobchod a v\u00fdvoj s\u00fakromn\u00fdch zna\u010diek<\/p>\n<hr class=\"\" data-start=\"1605\" data-end=\"1608\" \/>\n<h3 class=\"\" data-start=\"1610\" data-end=\"1639\"><strong data-start=\"1614\" data-end=\"1638\">Podrobn\u00fd opis<\/strong>:<\/h3>\n<p class=\"\" data-start=\"1641\" data-end=\"1670\"><strong data-start=\"1641\" data-end=\"1670\">Sila. \u0160t\u00fdl. Ovl\u00e1danie.<\/strong><\/p>\n<p class=\"\" data-start=\"1672\" data-end=\"1979\">Str\u00e1nka <strong data-start=\"1676\" data-end=\"1716\">Rukavice Ryinz s cel\u00fdmi prstami na bicykel<\/strong> s\u00fa ur\u010den\u00e9 pre seri\u00f3znych jazdcov, ktor\u00ed od svojej v\u00fdbavy vy\u017eaduj\u00fa viac.<br data-start=\"1781\" data-end=\"1784\" \/>Postaven\u00e9 s <strong data-start=\"1795\" data-end=\"1828\">vystu\u017een\u00e1 ko\u017ea z mikrovl\u00e1kna<\/strong>, <strong data-start=\"1830\" data-end=\"1863\">n\u00e1razuvzdorn\u00fd pancier na k\u013aby<\/strong>, a <strong data-start=\"1869\" data-end=\"1892\">ergonomick\u00e9 podlo\u017eky na uchopenie<\/strong>, tieto rukavice pon\u00fakaj\u00fa ochranu na elitnej \u00farovni bez toho, aby bola obetovan\u00e1 flexibilita alebo pohodlie.<\/p>\n<p class=\"\" data-start=\"1981\" data-end=\"2177\">Str\u00e1nka <strong data-start=\"1985\" data-end=\"2008\">elastick\u00e1 sie\u0165ovina<\/strong> zabezpe\u010duje priedu\u0161nos\u0165 aj po\u010das dlh\u00fdch j\u00e1zd, zatia\u013e \u010do <strong data-start=\"2065\" data-end=\"2084\">taktick\u00fd dizajn<\/strong> poskytuje zv\u00fd\u0161en\u00fa ochranu pred n\u00e1razmi na ulici, v ter\u00e9ne alebo v taktickom v\u00fdcvikovom prostred\u00ed.<\/p>\n<p class=\"\" data-start=\"2179\" data-end=\"2315\"><strong data-start=\"2179\" data-end=\"2205\">Proti\u0161mykov\u00e9 polstrovan\u00e9 dlane<\/strong> zlep\u0161enie \u00fachopu riadidiel a <strong data-start=\"2234\" data-end=\"2258\">pokrytie cel\u00e9ho prsta<\/strong> poskytuje lep\u0161iu ochranu pred ne\u010distotami, vetrom a chladom.<\/p>\n<p class=\"\" data-start=\"2317\" data-end=\"2490\">Ide\u00e1lne pre <strong data-start=\"2327\" data-end=\"2362\">s\u00fakromn\u00e9 zna\u010dky motocyklov<\/strong>, <strong data-start=\"2364\" data-end=\"2385\">streetwear zna\u010dky<\/strong>, <strong data-start=\"2387\" data-end=\"2419\">predajcovia elektronick\u00fdch bicyklov a sk\u00fatrov<\/strong>, a <strong data-start=\"2425\" data-end=\"2453\">outdoorov\u00e9 \u0161portov\u00e9 spolo\u010dnosti<\/strong> h\u013ead\u00e1te v\u00fdbavu zameran\u00fa na v\u00fdkon.<\/p>\n<hr class=\"\" data-start=\"2492\" data-end=\"2495\" \/>\n<h3 class=\"\" data-start=\"2497\" data-end=\"2550\"><strong data-start=\"2501\" data-end=\"2549\">K\u013e\u00fa\u010dov\u00e9 funkcie pre ve\u013ekoobchodn\u00fdch a maloobchodn\u00fdch odberate\u013eov<\/strong>:<\/h3>\n<p class=\"\" data-start=\"2552\" data-end=\"3022\">???? <strong data-start=\"2555\" data-end=\"2580\">Taktick\u00fd mestsk\u00fd dizajn<\/strong>: Modern\u00e9, agres\u00edvne a vysoko funk\u010dn\u00e9.<br data-start=\"2624\" data-end=\"2627\" \/>???? <strong data-start=\"2630\" data-end=\"2656\">Priame tov\u00e1rensk\u00e9 ceny<\/strong>: Maximalizujte mar\u017ee s pr\u00e9miovou hodnotou.<br data-start=\"2694\" data-end=\"2697\" \/>???? <strong data-start=\"2700\" data-end=\"2725\">Pripraven\u00e9 vlastn\u00e9 ozna\u010denie<\/strong>: K dispoz\u00edcii je sie\u0165otla\u010d, v\u00fd\u0161ivka, silik\u00f3nov\u00e9 odznaky.<br data-start=\"2779\" data-end=\"2782\" \/>???? <strong data-start=\"2785\" data-end=\"2814\">Segmenty pou\u017e\u00edvate\u013eov s vysok\u00fdm dopytom<\/strong>: Pouli\u010dn\u00ed cyklisti, dobrodru\u017en\u00ed jazdci, mestsk\u00ed doch\u00e1dzaj\u00faci, taktick\u00ed pou\u017e\u00edvatelia.<br data-start=\"2880\" data-end=\"2883\" \/>???? <strong data-start=\"2886\" data-end=\"2928\">R\u00fdchla a spo\u013eahliv\u00e1 v\u00fdroba a preprava<\/strong>: Priamo do Eur\u00f3py, USA, \u00c1zie.<br data-start=\"2960\" data-end=\"2963\" \/>???? <strong data-start=\"2966\" data-end=\"2993\">Odolnos\u0165 a pohodlie<\/strong>: Jazdite tvrd\u0161ie, dlh\u0161ie a bezpe\u010dnej\u0161ie.<\/p>\n<hr class=\"\" data-start=\"3024\" data-end=\"3027\" \/>\n<h3 class=\"\" data-start=\"3029\" data-end=\"3055\"><strong data-start=\"3033\" data-end=\"3054\">N\u00e1pady na aplik\u00e1cie<\/strong>:<\/h3>\n<p class=\"\" data-start=\"3057\" data-end=\"3354\">- Obchody s pr\u00edslu\u0161enstvom pre pouli\u010dn\u00e9 bicykle a motocykle<br data-start=\"3101\" data-end=\"3104\" \/>- Predajcovia sk\u00fatrov a elektronick\u00fdch bicyklov<br data-start=\"3134\" data-end=\"3137\" \/>- Dod\u00e1vatelia outdoorov\u00e9ho dobrodru\u017estva a \u0161portov\u00e9ho vybavenia<br data-start=\"3182\" data-end=\"3185\" \/>- Zna\u010dky s\u00fakromnej zna\u010dky Streetwear a taktick\u00e9ho vybavenia<br data-start=\"3236\" data-end=\"3239\" \/>- Udalostn\u00fd tovar pre autosal\u00f3ny a vonkaj\u0161ie festivaly<br data-start=\"3296\" data-end=\"3299\" \/>- Zna\u010dky elektronick\u00e9ho obchodu pred\u00e1vaj\u00face fitness a motocyklov\u00fd v\u00fdstroj<\/p>\n<hr class=\"\" data-start=\"3356\" data-end=\"3359\" \/>\n<h3 class=\"\" data-start=\"3361\" data-end=\"3396\"><strong data-start=\"3365\" data-end=\"3395\">Tabu\u013eka dokonalej ve\u013ekosti a prisp\u00f4sobenia<\/strong>:<\/h3>\n<div class=\"group pointer-events-none relative flex justify-center *:pointer-events-auto\"><button class=\"hover:bg-token-main-surface-secondary text-token-text-secondary pointer-events-auto rounded-lg px-1 py-1 opacity-0 transition-opacity duration-200 group-focus-within:opacity-100 group-hover:opacity-100\"><\/button><\/p>\n<div class=\"tableContainer horzScrollShadows relative\">\n<table class=\"min-w-full\" data-start=\"3398\" data-end=\"3612\">\n<thead data-start=\"3398\" data-end=\"3450\">\n<tr data-start=\"3398\" data-end=\"3450\">\n<th data-start=\"3398\" data-end=\"3405\">Ve\u013ekos\u0165<\/th>\n<th data-start=\"3405\" data-end=\"3423\">\u0160\u00edrka dlane (cm)<\/th>\n<th data-start=\"3423\" data-end=\"3450\">Obvod dlane (cm)<\/th>\n<\/tr>\n<\/thead>\n<tbody data-start=\"3504\" data-end=\"3612\">\n<tr data-start=\"3504\" data-end=\"3523\">\n<td class=\"max-w-[calc(var(--thread-content-max-width)*2\/3)]\" data-start=\"3504\" data-end=\"3508\">S<\/td>\n<td class=\"max-w-[calc(var(--thread-content-max-width)*2\/3)]\" data-start=\"3508\" data-end=\"3514\">7.5<\/td>\n<td class=\"max-w-[calc(var(--thread-content-max-width)*2\/3)]\" data-start=\"3514\" data-end=\"3523\">17-18<\/td>\n<\/tr>\n<tr data-start=\"3524\" data-end=\"3545\">\n<td class=\"max-w-[calc(var(--thread-content-max-width)*2\/3)]\" data-start=\"3524\" data-end=\"3528\">M<\/td>\n<td class=\"max-w-[calc(var(--thread-content-max-width)*2\/3)]\" data-start=\"3528\" data-end=\"3534\">8.5<\/td>\n<td class=\"max-w-[calc(var(--thread-content-max-width)*2\/3)]\" data-start=\"3534\" data-end=\"3545\">18-19.5<\/td>\n<\/tr>\n<tr data-start=\"3546\" data-end=\"3567\">\n<td class=\"max-w-[calc(var(--thread-content-max-width)*2\/3)]\" data-start=\"3546\" data-end=\"3550\">L<\/td>\n<td class=\"max-w-[calc(var(--thread-content-max-width)*2\/3)]\" data-start=\"3550\" data-end=\"3556\">9.5<\/td>\n<td class=\"max-w-[calc(var(--thread-content-max-width)*2\/3)]\" data-start=\"3556\" data-end=\"3567\">19.5-21<\/td>\n<\/tr>\n<tr data-start=\"3568\" data-end=\"3589\">\n<td class=\"max-w-[calc(var(--thread-content-max-width)*2\/3)]\" data-start=\"3568\" data-end=\"3573\">XL<\/td>\n<td class=\"max-w-[calc(var(--thread-content-max-width)*2\/3)]\" data-start=\"3573\" data-end=\"3580\">10.5<\/td>\n<td class=\"max-w-[calc(var(--thread-content-max-width)*2\/3)]\" data-start=\"3580\" data-end=\"3589\">21-23<\/td>\n<\/tr>\n<tr data-start=\"3590\" data-end=\"3612\">\n<td class=\"max-w-[calc(var(--thread-content-max-width)*2\/3)]\" data-start=\"3590\" data-end=\"3596\">XXL<\/td>\n<td class=\"max-w-[calc(var(--thread-content-max-width)*2\/3)]\" data-start=\"3596\" data-end=\"3603\">11.5<\/td>\n<td class=\"max-w-[calc(var(--thread-content-max-width)*2\/3)]\" data-start=\"3603\" data-end=\"3612\">23-25<\/td>\n<\/tr>\n<\/tbody>\n<\/table>\n<\/div>\n<\/div>\n<p class=\"\" data-start=\"3614\" data-end=\"3674\">(Navrhnut\u00e9 pre ergonomick\u00e9, atletick\u00e9, pohybovo pr\u00edjemn\u00e9 nosenie.)<\/p>","protected":false},"excerpt":{"rendered":"<h3 class=\"\" data-start=\"2497\" data-end=\"2550\"><strong data-start=\"2501\" data-end=\"2549\">K\u013e\u00fa\u010dov\u00e9 funkcie pre ve\u013ekoobchodn\u00fdch a maloobchodn\u00fdch odberate\u013eov<\/strong>:<\/h3>\n<p class=\"\" data-start=\"2552\" data-end=\"3022\">???? <strong data-start=\"2555\" data-end=\"2580\">Taktick\u00fd mestsk\u00fd dizajn<\/strong>: Modern\u00e9, agres\u00edvne a vysoko funk\u010dn\u00e9.<br data-start=\"2624\" data-end=\"2627\" \/>???? <strong data-start=\"2630\" data-end=\"2656\">Priame tov\u00e1rensk\u00e9 ceny<\/strong>: Maximalizujte mar\u017ee s pr\u00e9miovou hodnotou.<br data-start=\"2694\" data-end=\"2697\" \/>???? <strong data-start=\"2700\" data-end=\"2725\">Pripraven\u00e9 vlastn\u00e9 ozna\u010denie<\/strong>: K dispoz\u00edcii je sie\u0165otla\u010d, v\u00fd\u0161ivka, silik\u00f3nov\u00e9 odznaky.<br data-start=\"2779\" data-end=\"2782\" \/>???? <strong data-start=\"2785\" data-end=\"2814\">Segmenty pou\u017e\u00edvate\u013eov s vysok\u00fdm dopytom<\/strong>: Pouli\u010dn\u00ed cyklisti, dobrodru\u017en\u00ed jazdci, mestsk\u00ed doch\u00e1dzaj\u00faci, taktick\u00ed pou\u017e\u00edvatelia.<br data-start=\"2880\" data-end=\"2883\" \/>???? <strong data-start=\"2886\" data-end=\"2928\">R\u00fdchla a spo\u013eahliv\u00e1 v\u00fdroba a preprava<\/strong>: Priamo do Eur\u00f3py, USA, \u00c1zie.<br data-start=\"2960\" data-end=\"2963\" \/>???? <strong data-start=\"2966\" data-end=\"2993\">Odolnos\u0165 a pohodlie<\/strong>: Jazdite tvrd\u0161ie, dlh\u0161ie a bezpe\u010dnej\u0161ie.<\/p>","protected":false},"featured_media":9041,"comment_status":"closed","ping_status":"closed","template":"","meta":[],"product_brand":[35],"product_cat":[152],"product_tag":[163,159,164,165,166],"class_list":{"0":"post-8989","1":"product","2":"type-product","3":"status-publish","4":"has-post-thumbnail","6":"product_brand-ryinz","7":"product_cat-street-bike-gloves","8":"product_tag-carbon-protector-street-gloves","9":"product_tag-customizable-street-bike-gloves","10":"product_tag-reinforced-biking-gloves","11":"product_tag-safety-gloves-for-street-bikers","12":"product_tag-touchscreen-compatible-bike-gloves","14":"first","15":"instock","16":"taxable","17":"shipping-taxable","18":"purchasable","19":"product-type-simple"},"_links":{"self":[{"href":"https:\/\/ryinz.cz\/velkoobchod\/sk\/wp-json\/wp\/v2\/product\/8989","targetHints":{"allow":["GET"]}}],"collection":[{"href":"https:\/\/ryinz.cz\/velkoobchod\/sk\/wp-json\/wp\/v2\/product"}],"about":[{"href":"https:\/\/ryinz.cz\/velkoobchod\/sk\/wp-json\/wp\/v2\/types\/product"}],"replies":[{"embeddable":true,"href":"https:\/\/ryinz.cz\/velkoobchod\/sk\/wp-json\/wp\/v2\/comments?post=8989"}],"wp:featuredmedia":[{"embeddable":true,"href":"https:\/\/ryinz.cz\/velkoobchod\/sk\/wp-json\/wp\/v2\/media\/9041"}],"wp:attachment":[{"href":"https:\/\/ryinz.cz\/velkoobchod\/sk\/wp-json\/wp\/v2\/media?parent=8989"}],"wp:term":[{"taxonomy":"product_brand","embeddable":true,"href":"https:\/\/ryinz.cz\/velkoobchod\/sk\/wp-json\/wp\/v2\/product_brand?post=8989"},{"taxonomy":"product_cat","embeddable":true,"href":"https:\/\/ryinz.cz\/velkoobchod\/sk\/wp-json\/wp\/v2\/product_cat?post=8989"},{"taxonomy":"product_tag","embeddable":true,"href":"https:\/\/ryinz.cz\/velkoobchod\/sk\/wp-json\/wp\/v2\/product_tag?post=8989"}],"curies":[{"name":"wp","href":"https:\/\/api.w.org\/{rel}","templated":true}]}}