{"id":8988,"date":"2025-06-22T15:24:49","date_gmt":"2025-06-22T15:24:49","guid":{"rendered":"https:\/\/ryinz.cz\/velkoobchod\/?post_type=product&#038;p=8988"},"modified":"2026-01-18T20:17:13","modified_gmt":"2026-01-18T20:17:13","slug":"ryinz-velkoobchodne-premiove-motocyklove-kozene-rukavice-street-bike-dobrodruzstvo-touring-takticke-jazdenie-oem-sukromna-znacka-vyrobca-europa","status":"publish","type":"product","link":"https:\/\/ryinz.cz\/velkoobchod\/sk\/product\/ryinz-wholesale-premium-motorcycle-leather-gloves-street-bike-adventure-touring-tactical-riding-oem-private-label-manufacturer-europe\/","title":{"rendered":"Ryinz Ve\u013ekoobchod Premium Motocyklov\u00e9 ko\u017een\u00e9 rukavice - Street Bike, Adventure Touring, Tactical Riding - OEM\/Private Label Manufacturer Europe"},"content":{"rendered":"<h1 class=\"\" data-start=\"266\" data-end=\"341\"><strong data-start=\"271\" data-end=\"341\">Pr\u00e9miov\u00e9 \u010dierne ko\u017een\u00e9 rukavice na motorku Ryinz<\/strong><\/h1>\n<p class=\"\" data-start=\"343\" data-end=\"829\">Na str\u00e1nke <strong data-start=\"346\" data-end=\"355\">Ryinz<\/strong>, ver\u00edme, \u017ee spr\u00e1vna v\u00fdbava men\u00ed z\u00e1\u017eitok z jazdy. Na\u0161e poslanie je jednoduch\u00e9, ale siln\u00e9: <strong data-start=\"453\" data-end=\"493\">Otv\u00e1rame dvere, aby ste mohli uzatv\u00e1ra\u0165 predaje<\/strong>. Ako d\u00f4veryhodn\u00e9 prepojenie medzi <strong data-start=\"521\" data-end=\"587\">zna\u010dky, n\u00e1kupcovia a v\u00fdrobcovia v Eur\u00f3pe, USA a \u00c1zii<\/strong>, s hrdos\u0165ou predstavujeme <strong data-start=\"614\" data-end=\"663\">Pr\u00e9miov\u00e9 \u010dierne ko\u017een\u00e9 rukavice na motorku Ryinz<\/strong> - dokonal\u00e1 kombin\u00e1cia <strong data-start=\"685\" data-end=\"724\">luxus, ochrana a v\u00fdkon<\/strong> ur\u010den\u00e9 pre seri\u00f3znych cyklistov, pouli\u010dn\u00fdch jazdcov, taktick\u00fdch dobrodruhov a v\u0161etk\u00fdch, ktor\u00ed si cenia prvotriednu kvalitu.<\/p>\n<p class=\"\" data-start=\"831\" data-end=\"1163\">Vyroben\u00e9 z najjemnej\u0161\u00edch <strong data-start=\"852\" data-end=\"880\">celoko\u017een\u00e1 \u010dierna ko\u017ea<\/strong>, tieto rukavice pon\u00fakaj\u00fa bezkonkuren\u010dn\u00fa odolnos\u0165, flexibilitu a \u0161t\u00fdl. Ich nad\u010dasov\u00fd dizajn, zosilnen\u00fd \u00fachop na dlani, ergonomick\u00fd strih a povrchov\u00e1 \u00faprava odoln\u00e1 vo\u010di poveternostn\u00fdm vplyvom z nich robia najlep\u0161iu vo\u013ebu pre <strong data-start=\"1069\" data-end=\"1162\">jazdci na pouli\u010dn\u00fdch motocykloch, nad\u0161enci motocyklovej turistiky, taktick\u00e9 jednotky a prieskumn\u00edci v pr\u00edrode<\/strong>.<\/p>\n<p class=\"\" data-start=\"1165\" data-end=\"1371\">Ide\u00e1lne pre obe <strong data-start=\"1182\" data-end=\"1199\">s\u00fakromn\u00e1 zna\u010dka<\/strong> zna\u010dky a <strong data-start=\"1211\" data-end=\"1231\">ve\u013ekoobchodn\u00ed odberatelia<\/strong>, tieto rukavice s\u00fa k dispoz\u00edcii s <strong data-start=\"1265\" data-end=\"1307\">vlastn\u00e9 log\u00e1, mo\u017enosti s\u00fakromn\u00e9ho brandingu<\/strong>, a <strong data-start=\"1313\" data-end=\"1332\">r\u00fdchla v\u00fdroba<\/strong> v celej Eur\u00f3pe a mimo nej.<\/p>\n<hr class=\"\" data-start=\"1373\" data-end=\"1376\" \/>\n<h1 class=\"\" data-start=\"1378\" data-end=\"1412\">???? <strong data-start=\"1383\" data-end=\"1412\">K\u013e\u00fa\u010dov\u00e9 vlastnosti a v\u00fdhody<\/strong><\/h1>\n<p class=\"\" data-start=\"1414\" data-end=\"1667\">???? <strong data-start=\"1417\" data-end=\"1460\">Pr\u00e9miov\u00e1 celoko\u017een\u00e1 kon\u0161trukcia<\/strong>:<br data-start=\"1461\" data-end=\"1464\" \/>Vyroben\u00e9 z ve\u013emi odolnej, vysoko kvalitnej ko\u017ee, ktor\u00e1 poskytuje prirodzen\u00fa odolnos\u0165 proti oderu a z\u00e1rove\u0148 zost\u00e1va pru\u017en\u00e1 a ohybn\u00e1 na ka\u017edodenn\u00e9 nosenie. Pon\u00faka dlh\u00fa \u017eivotnos\u0165, robustn\u00fd v\u00fdkon a vynikaj\u00facu ochranu.<\/p>\n<p class=\"\" data-start=\"1669\" data-end=\"1907\">???? <strong data-start=\"1672\" data-end=\"1705\">Ochrana pri jazde za ka\u017ed\u00e9ho po\u010dasia<\/strong>:<br data-start=\"1706\" data-end=\"1709\" \/>Tieto rukavice s\u00fa navrhnut\u00e9 tak, aby zvl\u00e1dli d\u00e1\u017e\u010f, chlad a vietor, tak\u017ee s\u00fa vhodn\u00e9 na v\u0161etky ro\u010dn\u00e9 obdobia. \u010ci u\u017e s\u00fa chladn\u00e9 r\u00e1na alebo da\u017ediv\u00e9 jazdy, va\u0161e ruky zostan\u00fa v pohodl\u00ed, teple a chr\u00e1nen\u00e9 pred nepriazniv\u00fdmi vplyvmi.<\/p>\n<p class=\"\" data-start=\"1909\" data-end=\"2110\">???? <strong data-start=\"1912\" data-end=\"1941\">Ergonomick\u00e9 prisp\u00f4sobenie pre cel\u00e9 prsty<\/strong>:<br data-start=\"1942\" data-end=\"1945\" \/>Anatomicky tvarovan\u00e9 prsty zabezpe\u010duj\u00fa maxim\u00e1lnu obratnos\u0165 a kontrolu, \u010do umo\u017e\u0148uje bezpe\u010dn\u00e9 uchopenie riadidiel, spojok a brzdov\u00fdch p\u00e1k. Potrebn\u00fd minim\u00e1lny \u010das na zabehnutie.<\/p>\n<p class=\"\" data-start=\"2112\" data-end=\"2312\">???? <strong data-start=\"2115\" data-end=\"2145\">Zosilnen\u00e9 z\u00f3ny \u00fachopu dlane<\/strong>:<br data-start=\"2146\" data-end=\"2149\" \/>Dodato\u010dn\u00e9 vrstvenie ko\u017ee v kritick\u00fdch tlakov\u00fdch bodoch zvy\u0161uje pevnos\u0165 \u00fachopu, zni\u017euje \u00fanavu r\u00fak pri dlh\u00fdch jazd\u00e1ch a zvy\u0161uje odolnos\u0165 pri pou\u017e\u00edvan\u00ed pri vysok\u00fdch n\u00e1razoch.<\/p>\n<p class=\"\" data-start=\"2314\" data-end=\"2502\">???? <strong data-start=\"2317\" data-end=\"2369\">Elastick\u00e1 \u010das\u0165 z\u00e1p\u00e4stia + nastavite\u013en\u00fd uzatv\u00e1rac\u00ed popruh<\/strong>:<br data-start=\"2370\" data-end=\"2373\" \/>Poskytuje bezpe\u010dn\u00e9, priliehav\u00e9 uchytenie, ktor\u00e9 zabra\u0148uje sk\u013aznutiu alebo skr\u00fateniu po\u010das jazdy. Jednoduch\u00e9 nasadenie a vyzle\u010denie bez nutnosti vyzliec\u0165 si druh\u00fa rukavicu.<\/p>\n<p class=\"\" data-start=\"2504\" data-end=\"2669\">???? <strong data-start=\"2507\" data-end=\"2531\">M\u00e4kk\u00e1 vn\u00fatorn\u00e1 pod\u0161\u00edvka<\/strong>:<br data-start=\"2532\" data-end=\"2535\" \/>\u013dahk\u00e9 vn\u00fatorn\u00e9 polstrovanie zvy\u0161uje pohodlie pri dlh\u0161om nosen\u00ed bez toho, aby sa zn\u00ed\u017eila citlivos\u0165 ovl\u00e1dania. Absorbuje vlhkos\u0165 a udr\u017euje ruky v suchu.<\/p>\n<p class=\"\" data-start=\"2671\" data-end=\"2856\">???? <strong data-start=\"2674\" data-end=\"2701\">Priedu\u0161n\u00fd a pru\u017en\u00fd<\/strong>:<br data-start=\"2702\" data-end=\"2705\" \/>Inteligentn\u00e1 ventila\u010dn\u00e1 kon\u0161trukcia umo\u017e\u0148uje rukaviciam d\u00fdcha\u0165, \u010d\u00edm zabra\u0148uje prehriatiu po\u010das teplej\u0161\u00edch j\u00e1zd bez toho, aby bola obetovan\u00e1 ochrana proti vetru po\u010das chladnej\u0161\u00edch mesiacov.<\/p>\n<p class=\"\" data-start=\"2858\" data-end=\"3053\">???? <strong data-start=\"2861\" data-end=\"2894\">Taktick\u00e1 estetika streetwear<\/strong>:<br data-start=\"2895\" data-end=\"2898\" \/>Matn\u00e1 \u010dierna povrchov\u00e1 \u00faprava so zlatou zna\u010dkou Ryinz zaru\u010duje, \u017ee tieto rukavice doplnia streetov\u00e9 oble\u010denie, taktick\u00fa v\u00fdbavu a pr\u00e9miov\u00e9 motork\u00e1rske oble\u010denie. Elegantn\u00e9 a z\u00e1rove\u0148 agres\u00edvne.<\/p>\n<p class=\"\" data-start=\"3055\" data-end=\"3246\">???? <strong data-start=\"3058\" data-end=\"3101\">Vlastn\u00e1 zna\u010dka a s\u00fakromn\u00e1 zna\u010dka Pripraven\u00e9<\/strong>:<br data-start=\"3102\" data-end=\"3105\" \/>Pon\u00faknite vlastn\u00e9 logo alebo identitu zna\u010dky pomocou mo\u017enost\u00ed, ako je sie\u0165otla\u010d, gumov\u00e9 n\u00e1\u0161ivky alebo reli\u00e9f. Ide\u00e1lne pre zna\u010dky, kluby a podujatia.<\/p>\n<p class=\"\" data-start=\"3248\" data-end=\"3429\">???? <strong data-start=\"3251\" data-end=\"3297\">N\u00edzke minim\u00e1lne objedn\u00e1vky + hromadn\u00e9 z\u013eavy<\/strong>:<br data-start=\"3298\" data-end=\"3301\" \/>K dispoz\u00edcii na ve\u013ekoobchodn\u00fa distrib\u00faciu a maloobchodn\u00e9 skladovanie. Hromadn\u00e9 objedn\u00e1vky r\u00fdchlo zasielame do celej Eur\u00f3py, USA, na Stredn\u00fd v\u00fdchod a do \u00c1zie.<\/p>\n<hr class=\"\" data-start=\"3431\" data-end=\"3434\" \/>\n<h1 class=\"\" data-start=\"3436\" data-end=\"3474\">???? <strong data-start=\"3441\" data-end=\"3474\">Aplik\u00e1cie a ide\u00e1lni kupuj\u00faci<\/strong><\/h1>\n<p class=\"\" data-start=\"3476\" data-end=\"4044\">\u2705 <strong data-start=\"3478\" data-end=\"3495\">Pouli\u010dn\u00ed cyklisti<\/strong> - Mestsk\u00ed cestuj\u00faci doch\u00e1dzaj\u00faci do pr\u00e1ce a mestsk\u00ed cyklisti<br data-start=\"3529\" data-end=\"3532\" \/>\u2705 <strong data-start=\"3534\" data-end=\"3554\">Dobrodru\u017en\u00ed jazdci<\/strong> - Cestovanie na motocykli na dlh\u00e9 vzdialenosti<br data-start=\"3589\" data-end=\"3592\" \/>\u2705 <strong data-start=\"3594\" data-end=\"3612\">Taktick\u00e9 jednotky<\/strong> - Vojensk\u00e1 oblas\u0165, bezpe\u010dnos\u0165 a presadzovanie pr\u00e1va<br data-start=\"3650\" data-end=\"3653\" \/>\u2705 <strong data-start=\"3655\" data-end=\"3675\">Jazdci na e-sk\u00fatri<\/strong> - Denn\u00ed pou\u017e\u00edvatelia mestskej dopravy<br data-start=\"3709\" data-end=\"3712\" \/>\u2705 <strong data-start=\"3714\" data-end=\"3743\">Streetwear m\u00f3dne zna\u010dky<\/strong> - Prid\u00e1vanie rukav\u00edc do zbierok<br data-start=\"3774\" data-end=\"3777\" \/>\u2705 <strong data-start=\"3779\" data-end=\"3811\">Priv\u00e1tne zna\u010dky a zna\u010dky OEM<\/strong> - Uvedenie na trh alebo roz\u0161\u00edrenie sortimentu v\u00fdrobkov<br data-start=\"3844\" data-end=\"3847\" \/>\u2705 <strong data-start=\"3849\" data-end=\"3874\">Obchody s motocyklov\u00fdm v\u00fdstrojom<\/strong> - Roz\u0161\u00edrenie ponuky pr\u00e9miov\u00e9ho v\u00fdstroja<br data-start=\"3905\" data-end=\"3908\" \/>\u2705 <strong data-start=\"3910\" data-end=\"3932\">Predajcovia elektronick\u00e9ho obchodu<\/strong> - Pridanie luxusn\u00fdch rukav\u00edc do online obchodov<br data-start=\"3969\" data-end=\"3972\" \/>\u2705 <strong data-start=\"3974\" data-end=\"4002\">Outdoorov\u00e9 dobrodru\u017estvo Obchody<\/strong> - Predaj pre dobrodruhov a cestovate\u013eov<\/p>\n<hr class=\"\" data-start=\"4046\" data-end=\"4049\" \/>\n<h1 class=\"\" data-start=\"4051\" data-end=\"4082\">???? <strong data-start=\"4056\" data-end=\"4082\">\u0160pecifik\u00e1cie produktu<\/strong><\/h1>\n<p class=\"\" data-start=\"4084\" data-end=\"4588\">- <strong data-start=\"4086\" data-end=\"4098\">Materi\u00e1l<\/strong>: 100% Celozrnn\u00e1 \u010dierna ko\u017ea<br data-start=\"4129\" data-end=\"4132\" \/>- <strong data-start=\"4134\" data-end=\"4150\">Vn\u00fatorn\u00e1 pod\u0161\u00edvka<\/strong>: M\u00e4kk\u00e1 pohodln\u00e1 sie\u0165ovina + \u013eahk\u00e9 polstrovanie<br data-start=\"4185\" data-end=\"4188\" \/>- <strong data-start=\"4190\" data-end=\"4199\">Farba<\/strong>: \u010cierna ko\u017ea so zlat\u00fdm logom Ryinz<br data-start=\"4237\" data-end=\"4240\" \/>- <strong data-start=\"4242\" data-end=\"4251\">Ve\u013ekosti<\/strong>: S, M, L, XL, XXL (mo\u017enos\u0165 prisp\u00f4sobenia ve\u013ekosti)<br data-start=\"4295\" data-end=\"4298\" \/>- <strong data-start=\"4300\" data-end=\"4322\">Odolnos\u0165 vo\u010di poveternostn\u00fdm vplyvom<\/strong>: Odolnos\u0165 proti vetru, da\u017e\u010fu, chladu<br data-start=\"4366\" data-end=\"4369\" \/>- <strong data-start=\"4371\" data-end=\"4393\">Zosilnenie \u00fachopu<\/strong>: Polstrovan\u00e9 \u010dasti dlane na proti\u0161mykov\u00e9 ovl\u00e1danie<br data-start=\"4437\" data-end=\"4440\" \/>- <strong data-start=\"4442\" data-end=\"4460\">Syst\u00e9m uzatv\u00e1rania<\/strong>: Elastick\u00fd p\u00e1sik na z\u00e1p\u00e4stie + nastavite\u013en\u00fd p\u00e1sik na such\u00fd zips<br data-start=\"4506\" data-end=\"4509\" \/>- <strong data-start=\"4511\" data-end=\"4531\">Mo\u017enosti ozna\u010dovania<\/strong>: S\u00fakromn\u00e1 zna\u010dka, tla\u010d vlastn\u00e9ho loga, slu\u017eba OEM k dispoz\u00edcii<\/p>\n<hr class=\"\" data-start=\"4590\" data-end=\"4593\" \/>\n<h1 class=\"\" data-start=\"4595\" data-end=\"4649\">???? <strong data-start=\"4600\" data-end=\"4649\">Ve\u013ekoobchodn\u00e9 slu\u017eby a slu\u017eby s\u00fakromn\u00fdch zna\u010diek od spolo\u010dnosti Ryinz<\/strong><\/h1>\n<p class=\"\" data-start=\"4651\" data-end=\"4967\">Spolo\u010dnos\u0165 Ryinz ako medzin\u00e1rodn\u00e1 dod\u00e1vate\u013esk\u00e1 spolo\u010dnos\u0165 u\u013eah\u010duje spolo\u010dnostiam <strong data-start=\"4731\" data-end=\"4799\">z\u00edskava\u0165 rukavice pr\u00e9miovej kvality priamo od odborn\u00fdch v\u00fdrobcov<\/strong> a z\u00e1rove\u0148 u\u0161etri\u0165 \u010das a peniaze.<br data-start=\"4828\" data-end=\"4831\" \/>Poskytujeme kompletn\u00e9 <strong data-start=\"4851\" data-end=\"4858\">OEM<\/strong>, <strong data-start=\"4860\" data-end=\"4877\">s\u00fakromn\u00e1 zna\u010dka<\/strong>, <strong data-start=\"4879\" data-end=\"4901\">hromadn\u00e1 v\u00fdroba<\/strong>, a <strong data-start=\"4907\" data-end=\"4933\">slu\u017eby prisp\u00f4sobenia<\/strong> na str\u00e1nke . <strong data-start=\"4941\" data-end=\"4966\">Eur\u00f3pa, USA a \u00c1zia<\/strong>.<\/p>\n<p class=\"\" data-start=\"4969\" data-end=\"5144\">Spolo\u010dnos\u0165 Ryinz zabezpe\u010duje r\u00fdchlu realiz\u00e1ciu, pr\u00edsnu kontrolu kvality a siln\u00fa podporu zna\u010dky pre mal\u00e9 podniky aj ve\u013ek\u00e9 zna\u010dky, a to od n\u00e1vrhu cez v\u00fdrobu a\u017e po dodanie.<\/p>\n<p class=\"\" data-start=\"5146\" data-end=\"5285\">Nez\u00e1le\u017e\u00ed na tom, \u010di ste za\u010d\u00ednaj\u00faci m\u00f3dny butik, pr\u00e9miov\u00e1 motocyklov\u00e1 zna\u010dka alebo spolo\u010dnos\u0165 zaoberaj\u00faca sa taktick\u00fdmi potrebami, <strong data-start=\"5247\" data-end=\"5285\">Spolo\u010dnos\u0165 Ryinz je va\u0161\u00edm partnerom pre \u00faspech.<\/strong><\/p>\n<hr class=\"\" data-start=\"5287\" data-end=\"5290\" \/>\n<h1 class=\"\" data-start=\"5292\" data-end=\"5318\">???? <strong data-start=\"5297\" data-end=\"5318\">Pre\u010do si vybra\u0165 spolo\u010dnos\u0165 Ryinz?<\/strong><\/h1>\n<p class=\"\" data-start=\"5320\" data-end=\"5736\">- Priame ceny v\u00fdrobcu - lep\u0161ie mar\u017ee<br data-start=\"5366\" data-end=\"5369\" \/>- Mo\u017enosti vlastn\u00e9ho loga - vybudujte si identitu zna\u010dky<br data-start=\"5418\" data-end=\"5421\" \/>- Dizajny vyhovuj\u00face po\u017eiadavk\u00e1m E\u00da - oslovenie eur\u00f3pskych kupuj\u00facich<br data-start=\"5471\" data-end=\"5474\" \/>- N\u00edzke MOQ - ide\u00e1lne pre za\u010d\u00ednaj\u00face a rast\u00face zna\u010dky<br data-start=\"5525\" data-end=\"5528\" \/>- R\u00fdchla glob\u00e1lna doprava - doru\u010denie od dver\u00ed k dver\u00e1m<br data-start=\"5574\" data-end=\"5577\" \/>- \u0160pecializovan\u00ed mana\u017e\u00e9ri \u00fa\u010dtu - personalizovan\u00e9 slu\u017eby<br data-start=\"5628\" data-end=\"5631\" \/>- Dostupn\u00e9 hromadn\u00e9 z\u013eavy - Jednoduch\u00e9 \u0161k\u00e1lovanie predaja<br data-start=\"5683\" data-end=\"5686\" \/>- D\u00f4veryhodn\u00e9 pre viac ako 100 zna\u010diek v Eur\u00f3pe a Amerike<\/p>","protected":false},"excerpt":{"rendered":"<p class=\"\" data-start=\"2477\" data-end=\"2668\">???? <strong data-start=\"2480\" data-end=\"2518\">Pr\u00e9miov\u00e1 \u010dierna ko\u017een\u00e1 kon\u0161trukcia<\/strong>: Vyroben\u00e9 z pravej ko\u017ee pre bezkonkuren\u010dn\u00fa odolnos\u0165, flexibilitu a \u0161t\u00fdl. Ide\u00e1lne do ka\u017ed\u00e9ho po\u010dasia vr\u00e1tane chladn\u00fdch j\u00e1zd a da\u017ediv\u00fdch dn\u00ed.<\/p>\n<p class=\"\" data-start=\"2670\" data-end=\"2835\">???? <strong data-start=\"2673\" data-end=\"2701\">Interi\u00e9r s celodenn\u00fdm komfortom<\/strong>: M\u00e4kk\u00e1 vn\u00fatorn\u00e1 pod\u0161\u00edvka poskytuje teplo a pohodlie bez straty obratnosti. Udr\u017euje ruky uvo\u013enen\u00e9 a bez \u00fanavy po\u010das dlh\u00fdch j\u00e1zd.<\/p>\n<p class=\"\" data-start=\"2837\" data-end=\"3000\">???? <strong data-start=\"2840\" data-end=\"2875\">Ochrana proti poveternostn\u00fdm vplyvom a oderu<\/strong>: Odolnos\u0165 vo\u010di vetru, chladu a cestn\u00fdm ne\u010distot\u00e1m. Poskytuje spo\u013eahliv\u00fa ochranu r\u00fak pred ka\u017edodenn\u00fdm opotrebovan\u00edm a neo\u010dak\u00e1van\u00fdmi nehodami.<\/p>\n<p class=\"\" data-start=\"3002\" data-end=\"3153\">???? <strong data-start=\"3005\" data-end=\"3037\">Ergonomick\u00fd dizajn pre cel\u00e9 prsty<\/strong>: Starostlivo navrhnut\u00e9 krivky prstov poskytuj\u00fa vynikaj\u00facu kontrolu nad riadidlami, brzdami a spojkami bez tuhosti.<\/p>\n<p class=\"\" data-start=\"3155\" data-end=\"3312\">???? <strong data-start=\"3158\" data-end=\"3182\">Zosilnen\u00e1 oblas\u0165 dlan\u00ed<\/strong>: Pridan\u00e9 ochrann\u00e9 z\u00f3ny zlep\u0161uj\u00fa \u00fachop a chr\u00e1nia dlane pri p\u00e1doch alebo n\u00e1hlom zastaven\u00ed. Udr\u017euje vynikaj\u00face trenie pre bezpe\u010dn\u00e9 ovl\u00e1danie.<\/p>\n<p class=\"\" data-start=\"3314\" data-end=\"3478\">???? <strong data-start=\"3317\" data-end=\"3357\">Elastick\u00e1 man\u017eeta s nastavite\u013en\u00fdm uz\u00e1verom<\/strong>: Prisp\u00f4sobenie z\u00e1p\u00e4stia na mieru, ktor\u00e9 zabra\u0148uje sk\u013aznutiu a blokuje vstup studen\u00e9ho vzduchu. \u013dahko sa nasadzuje a vyzlieka aj jednou rukou.<\/p>\n<p class=\"\" data-start=\"3480\" data-end=\"3634\">???? <strong data-start=\"3483\" data-end=\"3524\">Mo\u017enosti s\u00fakromnej zna\u010dky a vlastn\u00e9ho loga<\/strong>: K dispoz\u00edcii je sie\u0165otla\u010d, reli\u00e9fna tla\u010d, gumov\u00e9 odznaky a v\u00fd\u0161ivka - ide\u00e1lne na budovanie vlastnej zna\u010dky.<\/p>\n<p class=\"\" data-start=\"3636\" data-end=\"3799\">???? <strong data-start=\"3639\" data-end=\"3673\">Eur\u00f3psky pouli\u010dn\u00fd \u0161t\u00fdl in\u0161pirovan\u00fd<\/strong>: Minimalistick\u00fd elegantn\u00fd vzh\u013ead s taktickou funk\u010dnos\u0165ou - hod\u00ed sa ku ka\u017ed\u00e9mu typu jazdeck\u00e9ho oble\u010denia od ko\u017een\u00fdch b\u00fand a\u017e po mestsk\u00e9 oble\u010denie.<\/p>\n<p class=\"\" data-start=\"3801\" data-end=\"3935\">???? <strong data-start=\"3804\" data-end=\"3828\">\u0160irok\u00e9 pou\u017eitie<\/strong>: Ide\u00e1lne na pouli\u010dn\u00fa cyklistiku, zimn\u00e9 jazdy, doch\u00e1dzanie do mesta, dobrodru\u017en\u00fa jazdu, turistiku a taktick\u00fd tr\u00e9ning.<\/p>\n<p class=\"\" data-start=\"3937\" data-end=\"4133\">???? <strong data-start=\"3940\" data-end=\"3973\">Ve\u013ekoobchod a maloobchod<\/strong>: N\u00edzke MOQ, r\u00fdchla v\u00fdroba a spo\u013eahliv\u00e1 preprava po trhoch E\u00da, USA a \u00c1zie. Vynikaj\u00face pre e-shopy, obchody s motocyklov\u00fdm vybaven\u00edm a s\u00fakromn\u00e9 zna\u010dky.<\/p>","protected":false},"featured_media":9040,"comment_status":"closed","ping_status":"closed","template":"","meta":[],"product_brand":[35],"product_cat":[152],"product_tag":[139,159,160,161,162],"class_list":{"0":"post-8988","1":"product","2":"type-product","3":"status-publish","4":"has-post-thumbnail","6":"product_brand-ryinz","7":"product_cat-street-bike-gloves","8":"product_tag-all-weather-motorcycle-gloves","9":"product_tag-customizable-street-bike-gloves","10":"product_tag-fleece-lined-bike-gloves","11":"product_tag-leather-gloves-for-bikers","12":"product_tag-waterproof-street-bike-gloves","14":"first","15":"instock","16":"taxable","17":"shipping-taxable","18":"purchasable","19":"product-type-simple"},"_links":{"self":[{"href":"https:\/\/ryinz.cz\/velkoobchod\/sk\/wp-json\/wp\/v2\/product\/8988","targetHints":{"allow":["GET"]}}],"collection":[{"href":"https:\/\/ryinz.cz\/velkoobchod\/sk\/wp-json\/wp\/v2\/product"}],"about":[{"href":"https:\/\/ryinz.cz\/velkoobchod\/sk\/wp-json\/wp\/v2\/types\/product"}],"replies":[{"embeddable":true,"href":"https:\/\/ryinz.cz\/velkoobchod\/sk\/wp-json\/wp\/v2\/comments?post=8988"}],"wp:featuredmedia":[{"embeddable":true,"href":"https:\/\/ryinz.cz\/velkoobchod\/sk\/wp-json\/wp\/v2\/media\/9040"}],"wp:attachment":[{"href":"https:\/\/ryinz.cz\/velkoobchod\/sk\/wp-json\/wp\/v2\/media?parent=8988"}],"wp:term":[{"taxonomy":"product_brand","embeddable":true,"href":"https:\/\/ryinz.cz\/velkoobchod\/sk\/wp-json\/wp\/v2\/product_brand?post=8988"},{"taxonomy":"product_cat","embeddable":true,"href":"https:\/\/ryinz.cz\/velkoobchod\/sk\/wp-json\/wp\/v2\/product_cat?post=8988"},{"taxonomy":"product_tag","embeddable":true,"href":"https:\/\/ryinz.cz\/velkoobchod\/sk\/wp-json\/wp\/v2\/product_tag?post=8988"}],"curies":[{"name":"wp","href":"https:\/\/api.w.org\/{rel}","templated":true}]}}