{"id":8979,"date":"2025-06-22T15:24:11","date_gmt":"2025-06-22T15:24:11","guid":{"rendered":"https:\/\/ryinz.cz\/velkoobchod\/?post_type=product&#038;p=8979"},"modified":"2026-01-18T20:17:13","modified_gmt":"2026-01-18T20:17:13","slug":"ryinz-premiove-cierne-kozene-rukavice-na-motorku-rebrovany-flex-dizajn-motorkar-street-a-dobrodruzstvo-jazdecke-rukavice-velkoobchod-vlastne-znacky-k-dispozicii","status":"publish","type":"product","link":"https:\/\/ryinz.cz\/velkoobchod\/sk\/product\/ryinz-premium-black-leather-motorcycle-gloves-ribbed-flex-design-biker-street-and-adventure-riding-gloves-wholesale-custom-branding-available\/","title":{"rendered":"Ryinz Premium Black Leather Motorcycle Gloves | Ribbed Flex Design | Biker, Street, and Adventure Riding Gloves - Wholesale &amp; Custom Branding Available"},"content":{"rendered":"<p class=\"\" data-start=\"424\" data-end=\"625\">Na str\u00e1nke <strong data-start=\"427\" data-end=\"436\">Ryinz<\/strong>, prep\u00e1jame medzin\u00e1rodn\u00fdch n\u00e1kupcov, zna\u010dky s vysok\u00fdm potenci\u00e1lom a \u0161pi\u010dkov\u00fdch v\u00fdrobcov v Eur\u00f3pe, USA a \u00c1zii.<br data-start=\"545\" data-end=\"548\" \/>Na\u0161e poslanie je jednoduch\u00e9, ale siln\u00e9: <strong data-start=\"584\" data-end=\"625\">Otv\u00e1rame dvere, aby ste mohli uzatv\u00e1ra\u0165 predaj.<\/strong><\/p>\n<p class=\"\" data-start=\"627\" data-end=\"971\">Predstavujeme <strong data-start=\"643\" data-end=\"692\">Pr\u00e9miov\u00e9 \u010dierne ko\u017een\u00e9 rukavice na motorku Ryinz<\/strong> - odv\u00e1\u017ena kombin\u00e1cia <strong data-start=\"717\" data-end=\"793\">luxusn\u00e1 estetika, taktick\u00e1 flexibilita a vynikaj\u00faci jazdn\u00fd v\u00fdkon<\/strong>. Tieto rukavice s\u00fa ur\u010den\u00e9 pre modern\u00fdch jazdcov, mestsk\u00fdch dobrodruhov, taktick\u00e9 jednotky a cyklistov, ktor\u00ed si potrpia na \u0161t\u00fdl. <strong data-start=\"907\" data-end=\"970\">\u00fapln\u00e1 ochrana, prvotriedny komfort a bezkonkuren\u010dn\u00e1 odolnos\u0165<\/strong>.<\/p>\n<p class=\"\" data-start=\"973\" data-end=\"1346\">Zostaven\u00e9 z vysokokvalitn\u00fdch <strong data-start=\"997\" data-end=\"1022\">prav\u00e1 \u010dierna ko\u017ea<\/strong>, tieto rukavice maj\u00fa jedine\u010dn\u00fd <strong data-start=\"1054\" data-end=\"1076\">rebrovan\u00fd dizajn flex<\/strong> cez k\u013aby pre vynikaj\u00facu vo\u013enos\u0165 pohybu, vynikaj\u00facu absorpciu n\u00e1razov a futuristick\u00fd motork\u00e1rsky \u0161t\u00fdl.<br data-start=\"1188\" data-end=\"1191\" \/>\u010ci u\u017e jazd\u00edte po mestsk\u00fdch uliciach, pretek\u00e1te na dia\u013eniciach alebo sa vyd\u00e1vate na dlh\u00e9 motocyklov\u00e9 t\u00fary, rukavice Ryinz udr\u017eia va\u0161e ruky v bezpe\u010d\u00ed, istote a \u0161t\u00fdle.<\/p>\n<p class=\"\" data-start=\"1348\" data-end=\"1566\">Ide\u00e1lne pre <strong data-start=\"1358\" data-end=\"1375\">s\u00fakromn\u00e1 zna\u010dka<\/strong>, <strong data-start=\"1377\" data-end=\"1395\">V\u00fdroba OEM<\/strong>, a <strong data-start=\"1401\" data-end=\"1427\">ve\u013ekoobchodn\u00e1 distrib\u00facia<\/strong> v Eur\u00f3pe, USA, na Bl\u00edzkom v\u00fdchode a v \u00c1zii, Ryinz pon\u00faka <strong data-start=\"1484\" data-end=\"1508\">vlastn\u00e1 tla\u010d loga<\/strong>, <strong data-start=\"1510\" data-end=\"1532\">r\u00fdchla v\u00fdroba<\/strong>, a <strong data-start=\"1538\" data-end=\"1565\">slu\u017eby priate\u013esk\u00e9 k zna\u010dke<\/strong>.<\/p>\n<hr class=\"\" data-start=\"1568\" data-end=\"1571\" \/>\n<h1 class=\"\" data-start=\"1573\" data-end=\"1607\">???? <strong data-start=\"1578\" data-end=\"1607\">K\u013e\u00fa\u010dov\u00e9 vlastnosti a v\u00fdhody<\/strong><\/h1>\n<p class=\"\" data-start=\"1609\" data-end=\"1766\">???? <strong data-start=\"1612\" data-end=\"1652\">Pr\u00e9miov\u00e1 kon\u0161trukcia z pravej ko\u017ee<\/strong>:<br data-start=\"1653\" data-end=\"1656\" \/>Prvotriedna celoko\u017een\u00e1 ko\u017ea poskytuje prirodzen\u00fa trvanlivos\u0165, odolnos\u0165 proti oderu a elegantn\u00fd, profesion\u00e1lny vzh\u013ead.<\/p>\n<p class=\"\" data-start=\"1768\" data-end=\"1965\">???? <strong data-start=\"1771\" data-end=\"1811\">Podpisov\u00fd rebrovan\u00fd dizajn k\u013abov Flex<\/strong>:<br data-start=\"1812\" data-end=\"1815\" \/>\u0160peci\u00e1lne navrhnut\u00e9 horizont\u00e1lne rebrovanie na k\u013aboch umo\u017e\u0148uje prirodzen\u00fd pohyb ruky, vynikaj\u00facu flexibilitu a maxim\u00e1lne pohodlie po\u010das dlh\u00fdch j\u00e1zd.<\/p>\n<p class=\"\" data-start=\"1967\" data-end=\"2105\">???? <strong data-start=\"1970\" data-end=\"1996\">Ochrana cel\u00fdch prstov<\/strong>:<br data-start=\"1997\" data-end=\"2000\" \/>Komplexn\u00e9 krytie chr\u00e1ni prsty a k\u013aby pred vetrom, \u00falomkami, odreninami a neo\u010dak\u00e1van\u00fdmi n\u00e1razmi.<\/p>\n<p class=\"\" data-start=\"2107\" data-end=\"2263\">???? <strong data-start=\"2110\" data-end=\"2136\">Z\u00f3ny absorpcie n\u00e1razov<\/strong>:<br data-start=\"2137\" data-end=\"2140\" \/>Integrovan\u00e9 polstrovanie v rebrovan\u00fdch \u010dastiach chr\u00e1ni ruky pred vibr\u00e1ciami a n\u00e1razmi na ceste pre dlh\u0161iu a plynulej\u0161iu jazdu.<\/p>\n<p class=\"\" data-start=\"2265\" data-end=\"2444\">???? <strong data-start=\"2268\" data-end=\"2298\">Ergonomick\u00e9 vylep\u0161enie \u00fachopu<\/strong>:<br data-start=\"2299\" data-end=\"2302\" \/>Presn\u00e9 uchytenie zlep\u0161uje ovl\u00e1danie rukov\u00e4te riadidiel a zabezpe\u010duje bezpe\u010dn\u00e9 brzdenie, ovl\u00e1danie plynu a spojky aj po\u010das dlh\u0161\u00edch ciest.<\/p>\n<p class=\"\" data-start=\"2446\" data-end=\"2581\">???? <strong data-start=\"2449\" data-end=\"2478\">Vn\u00fatorn\u00e1 pod\u0161\u00edvka Soft Comfort<\/strong>:<br data-start=\"2479\" data-end=\"2482\" \/>Priedu\u0161n\u00e1 pod\u0161\u00edvka udr\u017euje ruky v suchu, bez potu a v pohodl\u00ed bez oh\u013eadu na intenzitu jazdy.<\/p>\n<p class=\"\" data-start=\"2583\" data-end=\"2737\">???? <strong data-start=\"2586\" data-end=\"2611\">Exteri\u00e9r odoln\u00fd vo\u010di poveternostn\u00fdm vplyvom<\/strong>:<br data-start=\"2612\" data-end=\"2615\" \/>Vodoodpudiv\u00e1 \u00faprava ko\u017ee pom\u00e1ha odol\u00e1va\u0165 slab\u00e9mu da\u017e\u010fu a br\u00e1ni studen\u00e9mu vetru, tak\u017ee tieto rukavice s\u00fa ide\u00e1lne na celoro\u010dn\u00e9 pou\u017eitie.<\/p>\n<p class=\"\" data-start=\"2739\" data-end=\"2904\">???? <strong data-start=\"2742\" data-end=\"2789\">Bezpe\u010dn\u00e9 elastick\u00e9 z\u00e1p\u00e4stie so skryt\u00fdm uz\u00e1verom<\/strong>:<br data-start=\"2790\" data-end=\"2793\" \/>Poskytuje \u010dist\u00fd, minimalistick\u00fd vzh\u013ead a z\u00e1rove\u0148 zaru\u010duje, \u017ee rukavice zostan\u00fa pevne na svojom mieste aj po\u010das jazdy vysokou r\u00fdchlos\u0165ou.<\/p>\n<p class=\"\" data-start=\"2906\" data-end=\"3137\">???? <strong data-start=\"2909\" data-end=\"2950\">Mo\u017enosti vlastn\u00e9ho loga a s\u00fakromnej zna\u010dky<\/strong>:<br data-start=\"2951\" data-end=\"2954\" \/>Prisp\u00f4sobte rukavice logu svojej zna\u010dky pomocou v\u00fd\u0161ivky, potla\u010de alebo techniky gumov\u00e9ho odznaku. Ide\u00e1lne pre zna\u010dky motocyklov\u00e9ho vybavenia, predajcov elektronick\u00e9ho obchodu a spolo\u010dnosti zaoberaj\u00face sa taktick\u00fdm z\u00e1sobovan\u00edm.<\/p>\n<p class=\"\" data-start=\"3139\" data-end=\"3282\">???? <strong data-start=\"3142\" data-end=\"3180\">N\u00edzke minim\u00e1lne mno\u017estv\u00e1 objedn\u00e1vok (MOQ)<\/strong>:<br data-start=\"3181\" data-end=\"3184\" \/>Za\u010dnite v malom a r\u00fdchlo sa roz\u0161\u00edrte. Ide\u00e1lne pre butikov\u00e9 zna\u010dky, nov\u00e9 firmy alebo rast\u00face produktov\u00e9 rady.<\/p>\n<p class=\"\" data-start=\"3284\" data-end=\"3432\">???? <strong data-start=\"3287\" data-end=\"3330\">R\u00fdchle dodanie po celej Eur\u00f3pe a Amerike<\/strong>:<br data-start=\"3331\" data-end=\"3334\" \/>K dispoz\u00edcii s\u00fa sklady a logistick\u00e1 podpora na r\u00fdchle vybavenie a priamu prepravu.<\/p>\n<hr class=\"\" data-start=\"3434\" data-end=\"3437\" \/>\n<h1 class=\"\" data-start=\"3439\" data-end=\"3477\">???? <strong data-start=\"3444\" data-end=\"3477\">Aplik\u00e1cie a ide\u00e1lni kupuj\u00faci<\/strong><\/h1>\n<p class=\"\" data-start=\"3479\" data-end=\"4009\">\u2705 <strong data-start=\"3481\" data-end=\"3502\">Jazdci na motocykloch<\/strong> - Pouli\u010dn\u00ed cyklisti, turistick\u00ed jazdci, cafe raceri<br data-start=\"3547\" data-end=\"3550\" \/>\u2705 <strong data-start=\"3552\" data-end=\"3572\">Dobrodru\u017en\u00ed jazdci<\/strong> - Prieskumn\u00edci na dlh\u00e9 vzdialenosti, cestovatelia po s\u00fa\u0161i<br data-start=\"3611\" data-end=\"3614\" \/>\u2705 <strong data-start=\"3616\" data-end=\"3646\">Cestuj\u00faci na sk\u00fatroch a elektrobicykloch<\/strong> - Mestsk\u00e1 doprava a denn\u00ed cestuj\u00faci<br data-start=\"3680\" data-end=\"3683\" \/>\u2705 <strong data-start=\"3685\" data-end=\"3707\">Obchody s outdoorov\u00fdm vybaven\u00edm<\/strong> - Dobrodru\u017en\u00e9 \u0161porty a taktick\u00e9 obchody<br data-start=\"3746\" data-end=\"3749\" \/>\u2705 <strong data-start=\"3751\" data-end=\"3772\">Zna\u010dky streetwear<\/strong> - Mestsk\u00e9 m\u00f3dne zna\u010dky, ktor\u00e9 potrebuj\u00fa pr\u00edslu\u0161enstvo<br data-start=\"3815\" data-end=\"3818\" \/>\u2705 <strong data-start=\"3820\" data-end=\"3846\">Za\u010d\u00ednaj\u00face podniky so s\u00fakromnou zna\u010dkou<\/strong> - Spustite vlastn\u00fa l\u00edniu rukav\u00edc<br data-start=\"3875\" data-end=\"3878\" \/>\u2705 <strong data-start=\"3880\" data-end=\"3909\">Maloobchodn\u00edci a ve\u013ekoobchodn\u00edci<\/strong> - R\u00fdchle roz\u0161\u00edrenie katal\u00f3gu produktov<br data-start=\"3942\" data-end=\"3945\" \/>\u2705 <strong data-start=\"3947\" data-end=\"3979\">Motoristick\u00e9 v\u00fdstavy a podujatia pre motork\u00e1rov<\/strong> - Merchandise a dar\u010deky<\/p>\n<hr class=\"\" data-start=\"4011\" data-end=\"4014\" \/>\n<h1 class=\"\" data-start=\"4016\" data-end=\"4047\">???? <strong data-start=\"4021\" data-end=\"4047\">\u0160pecifik\u00e1cie produktu<\/strong><\/h1>\n<p class=\"\" data-start=\"4049\" data-end=\"4479\">- <strong data-start=\"4051\" data-end=\"4063\">Materi\u00e1l<\/strong>: Pr\u00e9miov\u00e1 celoko\u017een\u00e1 \u010dierna ko\u017ea<br data-start=\"4097\" data-end=\"4100\" \/>- <strong data-start=\"4102\" data-end=\"4112\">Dizajn<\/strong>: Rebrovan\u00e9 panely Knuckle Flex + minimalistick\u00e9 telo<br data-start=\"4158\" data-end=\"4161\" \/>- <strong data-start=\"4163\" data-end=\"4172\">Farba<\/strong>: \u010cierna (vlastn\u00e9 farby s\u00fa k dispoz\u00edcii vo ve\u013ekom)<br data-start=\"4214\" data-end=\"4217\" \/>- <strong data-start=\"4219\" data-end=\"4228\">Ve\u013ekosti<\/strong>: S, M, L, XL, XXL<br data-start=\"4246\" data-end=\"4249\" \/>- <strong data-start=\"4251\" data-end=\"4273\">Odolnos\u0165 vo\u010di poveternostn\u00fdm vplyvom<\/strong>: Vetruodoln\u00e1 + vodeodoln\u00e1 ko\u017ea<br data-start=\"4310\" data-end=\"4313\" \/>- <strong data-start=\"4315\" data-end=\"4331\">Vn\u00fatorn\u00e1 pod\u0161\u00edvka<\/strong>: Priedu\u0161n\u00e1 m\u00e4kk\u00e1 komfortn\u00e1 sie\u0165ovina<br data-start=\"4361\" data-end=\"4364\" \/>- <strong data-start=\"4366\" data-end=\"4382\">Syst\u00e9m z\u00e1p\u00e4stia<\/strong>: Elastick\u00fd fit + skryt\u00e9 uzavretie<br data-start=\"4415\" data-end=\"4418\" \/>- <strong data-start=\"4420\" data-end=\"4432\">Zna\u010dkovanie<\/strong>: Mo\u017enos\u0165 prisp\u00f4sobenia pomocou loga, n\u00e1\u0161iviek, reli\u00e9fu<\/p>\n<hr class=\"\" data-start=\"4481\" data-end=\"4484\" \/>\n<h1 class=\"\" data-start=\"4486\" data-end=\"4536\">???? <strong data-start=\"4491\" data-end=\"4536\">Pre\u010do si vybra\u0165 ko\u017een\u00e9 rukavice Ryinz?<\/strong><\/h1>\n<p class=\"\" data-start=\"4538\" data-end=\"4854\">- Priame tov\u00e1rensk\u00e9 ceny - lep\u0161ie mar\u017ee pre v\u00e1s<br data-start=\"4587\" data-end=\"4590\" \/>- Odbornos\u0165 na eur\u00f3pskom trhu - dizajny, ktor\u00e9 sa pred\u00e1vaj\u00fa<br data-start=\"4637\" data-end=\"4640\" \/>- Slu\u017eby OEM, ODM a priv\u00e1tnych zna\u010diek<br data-start=\"4678\" data-end=\"4681\" \/>- N\u00edzke MOQ - jednoduch\u00fd vstup pre nov\u00e9 podniky<br data-start=\"4722\" data-end=\"4725\" \/>- Glob\u00e1lna preprava - Eur\u00f3pa, USA, \u00c1zia<br data-start=\"4762\" data-end=\"4765\" \/>- \u00dapln\u00e1 podpora prisp\u00f4sobenia - farby, log\u00e1, \u0161t\u00edtky<br data-start=\"4817\" data-end=\"4820\" \/>- D\u00f4veryhodn\u00e9 pre viac ako 100 zna\u010diek na celom svete<\/p>","protected":false},"excerpt":{"rendered":"<h1 class=\"\" data-start=\"4486\" data-end=\"4536\"><strong data-start=\"4491\" data-end=\"4536\">Pre\u010do si vybra\u0165 ko\u017een\u00e9 rukavice Ryinz?<\/strong><\/h1>\n<p class=\"\" data-start=\"4538\" data-end=\"4854\">- Priame tov\u00e1rensk\u00e9 ceny - lep\u0161ie mar\u017ee pre v\u00e1s<br data-start=\"4587\" data-end=\"4590\" \/>- Odbornos\u0165 na eur\u00f3pskom trhu - dizajny, ktor\u00e9 sa pred\u00e1vaj\u00fa<br data-start=\"4637\" data-end=\"4640\" \/>- Slu\u017eby OEM, ODM a priv\u00e1tnych zna\u010diek<br data-start=\"4678\" data-end=\"4681\" \/>- N\u00edzke MOQ - jednoduch\u00fd vstup pre nov\u00e9 podniky<br data-start=\"4722\" data-end=\"4725\" \/>- Glob\u00e1lna preprava - Eur\u00f3pa, USA, \u00c1zia<br data-start=\"4762\" data-end=\"4765\" \/>- \u00dapln\u00e1 podpora prisp\u00f4sobenia - farby, log\u00e1, \u0161t\u00edtky<br data-start=\"4817\" data-end=\"4820\" \/>- D\u00f4veryhodn\u00e9 pre viac ako 100 zna\u010diek na celom svete<\/p>","protected":false},"featured_media":9039,"comment_status":"closed","ping_status":"closed","template":"","meta":[],"product_brand":[35],"product_cat":[152],"product_tag":[138,139,140,141,142,143,144,145,146,147,148,149,150,151,153,154,155,156,157,158],"class_list":{"0":"post-8979","1":"product","2":"type-product","3":"status-publish","4":"has-post-thumbnail","6":"product_brand-ryinz","7":"product_cat-street-bike-gloves","8":"product_tag-adventure-rider-gloves","9":"product_tag-all-weather-motorcycle-gloves","10":"product_tag-black-motorcycle-gloves","11":"product_tag-city-rider-motorcycle-gloves","12":"product_tag-customizable-street-riding-gloves","13":"product_tag-durable-motorcycle-gloves","14":"product_tag-full-finger-motorbike-gloves","15":"product_tag-genuine-leather-biker-gloves","16":"product_tag-motorbike-touring-gloves","17":"product_tag-premium-street-riding-gloves","18":"product_tag-protective-riding-gloves","19":"product_tag-real-leather-gloves","20":"product_tag-ribbed-leather-biker-gloves","21":"product_tag-ryinz-biker-gloves","22":"product_tag-street-bike-gloves","23":"product_tag-stylish-leather-gloves-europe","24":"product_tag-tactical-leather-gloves","25":"product_tag-waterproof-biker-gloves-wholesale","26":"product_tag-winter-riding-gloves-europe","27":"product_tag-ykk-zipper-gloves","29":"first","30":"instock","31":"taxable","32":"shipping-taxable","33":"purchasable","34":"product-type-simple"},"_links":{"self":[{"href":"https:\/\/ryinz.cz\/velkoobchod\/sk\/wp-json\/wp\/v2\/product\/8979","targetHints":{"allow":["GET"]}}],"collection":[{"href":"https:\/\/ryinz.cz\/velkoobchod\/sk\/wp-json\/wp\/v2\/product"}],"about":[{"href":"https:\/\/ryinz.cz\/velkoobchod\/sk\/wp-json\/wp\/v2\/types\/product"}],"replies":[{"embeddable":true,"href":"https:\/\/ryinz.cz\/velkoobchod\/sk\/wp-json\/wp\/v2\/comments?post=8979"}],"wp:featuredmedia":[{"embeddable":true,"href":"https:\/\/ryinz.cz\/velkoobchod\/sk\/wp-json\/wp\/v2\/media\/9039"}],"wp:attachment":[{"href":"https:\/\/ryinz.cz\/velkoobchod\/sk\/wp-json\/wp\/v2\/media?parent=8979"}],"wp:term":[{"taxonomy":"product_brand","embeddable":true,"href":"https:\/\/ryinz.cz\/velkoobchod\/sk\/wp-json\/wp\/v2\/product_brand?post=8979"},{"taxonomy":"product_cat","embeddable":true,"href":"https:\/\/ryinz.cz\/velkoobchod\/sk\/wp-json\/wp\/v2\/product_cat?post=8979"},{"taxonomy":"product_tag","embeddable":true,"href":"https:\/\/ryinz.cz\/velkoobchod\/sk\/wp-json\/wp\/v2\/product_tag?post=8979"}],"curies":[{"name":"wp","href":"https:\/\/api.w.org\/{rel}","templated":true}]}}