{"id":8978,"date":"2025-08-26T11:48:33","date_gmt":"2025-08-26T11:48:33","guid":{"rendered":"https:\/\/ryinz.cz\/velkoobchod\/?post_type=product&#038;p=8978"},"modified":"2026-01-18T20:17:12","modified_gmt":"2026-01-18T20:17:12","slug":"ryinz-celokozene-pretekarske-rukavice-na-motorku-dokonala-ochrana-splna-preciznu-techniku","status":"publish","type":"product","link":"https:\/\/ryinz.cz\/velkoobchod\/sk\/product\/ryinz-full-grain-leather-motorbike-racing-gloves-ultimate-protection-meets-precision-engineering\/","title":{"rendered":"Ryinz Celozrnn\u00e9 ko\u017een\u00e9 pretek\u00e1rske rukavice na motorku - dokonal\u00e1 ochrana sp\u013a\u0148a po\u017eiadavky prec\u00edzneho in\u017einierstva"},"content":{"rendered":"<p class=\"\" data-start=\"153\" data-end=\"375\"><strong data-start=\"153\" data-end=\"373\">Ryinz Profesion\u00e1lne celoko\u017een\u00e9 motocyklov\u00e9 pretek\u00e1rske rukavice pre mu\u017eov a \u017eeny - pr\u00e9miov\u00e9 motocyklov\u00e9 rukavice s tvrdou ochranou k\u013abov, podporou z\u00e1p\u00e4stia a viacer\u00fdmi farebn\u00fdmi mo\u017enos\u0165ami - \u010derven\u00e9, zelen\u00e9, modr\u00e9 a \u010dierne<\/strong><\/p>\n<p class=\"\" data-start=\"377\" data-end=\"954\">Za\u017eite dokonal\u00fa ochranu, \u0161t\u00fdl a v\u00fdkon s modelom <strong data-start=\"448\" data-end=\"514\">Ryinz Profesion\u00e1lne celoko\u017een\u00e9 motocyklov\u00e9 pretek\u00e1rske rukavice<\/strong>. Tieto rukavice, navrhnut\u00e9 \u0161peci\u00e1lne pre v\u00e1\u0161niv\u00fdch jazdcov a profesion\u00e1lnych pretek\u00e1rov, kombinuj\u00fa odolnos\u0165, pohodlie a \u0161pi\u010dkov\u00e9 ochrann\u00e9 prvky. S\u00fa vyroben\u00e9 z vysokokvalitnej celozrnnej ko\u017ee a pon\u00fakaj\u00fa vynikaj\u00facu odolnos\u0165 proti oderu pri zachovan\u00ed m\u00e4kk\u00e9ho a pohodln\u00e9ho strihu. \u010ci u\u017e jazd\u00edte po dia\u013enici, z\u00fa\u010dast\u0148ujete sa pretekov alebo sk\u00famate drsn\u00fd ter\u00e9n, tieto rukavice poskytuj\u00fa dokonal\u00fa rovnov\u00e1hu medzi bezpe\u010dnos\u0165ou a \u0161t\u00fdlom.<\/p>\n<p class=\"\" data-start=\"956\" data-end=\"1361\">Rukavice na motorku Ryinz maj\u00fa tieto vlastnosti <strong data-start=\"991\" data-end=\"1025\">n\u00e1razuvzdorn\u00fd pancier na k\u013aby<\/strong> pre maxim\u00e1lnu ochranu po\u010das kol\u00edzi\u00ed alebo neh\u00f4d. Ka\u017ed\u00e1 rukavica je starostlivo vystu\u017een\u00e1 tvarovan\u00fdm chr\u00e1ni\u010dom s vysokou hustotou cez k\u013aby a prsty, ktor\u00fd chr\u00e1ni ruky pred n\u00e1razmi, \u00falomkami z cesty a odreninami. Kon\u0161trukcia obsahuje aj dodato\u010dn\u00e9 polstrovanie na dlani a prstoch na tlmenie n\u00e1razov a minimaliz\u00e1ciu zranen\u00ed.<\/p>\n<p class=\"\" data-start=\"1363\" data-end=\"1812\">Rukavice s\u00fa navrhnut\u00e9 s oh\u013eadom na profesion\u00e1lnych jazdcov. Maj\u00fa pred\u013a\u017een\u00fa man\u017eetu na ochranu z\u00e1p\u00e4stia s nastavite\u013en\u00fdm zap\u00ednan\u00edm na p\u00e1sik, \u010do zaru\u010duje bezpe\u010dn\u00e9 a prisp\u00f4soben\u00e9 nosenie. Dlh\u00e1 man\u017eeta dokonale zakr\u00fdva ruk\u00e1v bundy, \u010d\u00edm zabra\u0148uje vniknutiu vetra alebo ne\u010dist\u00f4t, \u010do je pri jazde vysokou r\u00fdchlos\u0165ou ve\u013emi d\u00f4le\u017eit\u00e9. Nastavite\u013en\u00e9 popruhy na such\u00fd zips poskytuj\u00fa priliehav\u00e9 a prisp\u00f4soben\u00e9 nosenie, v\u010faka ktor\u00e9mu rukavice pevne dr\u017eia na svojom mieste aj po\u010das najintenz\u00edvnej\u0161\u00edch j\u00e1zd.<\/p>\n<p class=\"\" data-start=\"1814\" data-end=\"2197\">Rukavice na motorku Ryinz pon\u00fakaj\u00fa vynikaj\u00facu ventil\u00e1ciu na zv\u00fd\u0161enie v\u00fdkonu. Strategick\u00e9 perfor\u00e1cie v ko\u017ei umo\u017e\u0148uj\u00fa \u013eahk\u00e9 pr\u00fadenie vzduchu, v\u010faka \u010domu s\u00fa va\u0161e ruky chladn\u00e9 a nepotia sa ani po\u010das najhor\u00facej\u0161\u00edch dn\u00ed. Priedu\u0161n\u00e1 kon\u0161trukcia zabezpe\u010duje optim\u00e1lny odvod vlhkosti, v\u010faka \u010domu s\u00fa tieto rukavice ide\u00e1lne na dia\u013ekov\u00e9 cestovanie, letn\u00e9 preteky alebo celoro\u010dn\u00e9 motocyklov\u00e9 dobrodru\u017estv\u00e1.<\/p>\n<p class=\"\" data-start=\"2199\" data-end=\"2522\">K dispoz\u00edcii v \u0161tyroch v\u00fdrazn\u00fdch farebn\u00fdch variantoch - <strong data-start=\"2242\" data-end=\"2304\">klasick\u00e1 \u010dierna, v\u00fdrazn\u00e1 \u010derven\u00e1, energick\u00e1 zelen\u00e1 a \u017eiariv\u00e1 modr\u00e1<\/strong> - rukavice Ryinz v\u00e1m umo\u017enia zladi\u0165 v\u00fdbavu so \u0161t\u00fdlom motocykla. Farebn\u00e9 varianty maj\u00fa \u0161t\u00fdlov\u00e9 akcenty bez kompromisov v oblasti odolnosti a robustn\u00e9ho dizajnu, v\u010faka \u010domu z\u00edskate agres\u00edvny vzh\u013ead, ktor\u00fd miluje ka\u017ed\u00fd jazdec.<\/p>\n<p class=\"\" data-start=\"2524\" data-end=\"2915\">Rukavice Ryinz s\u00fa ur\u010den\u00e9 pre v\u0161etk\u00fdch nad\u0161encov motocyklov, od ka\u017edodenn\u00fdch jazdcov do pr\u00e1ce a\u017e po pretek\u00e1rov na okruhoch, a s\u00fa ve\u013emi v\u0161estrann\u00e9. S\u00fa ide\u00e1lne na pou\u017eitie v <strong data-start=\"2666\" data-end=\"2766\">motocyklov\u00e9 preteky, motokros, jazda na ter\u00e9nnych motocykloch, turistick\u00e9 a dobrodru\u017en\u00e9 jazdy a be\u017en\u00e9 jazdy po meste<\/strong>. \u010ci u\u017e jazd\u00edte na \u0161portovom, cestovnom alebo dobrodru\u017enom motocykli, tieto rukavice poskytuj\u00fa vynikaj\u00facu ochranu, pohodlie a pri\u013enavos\u0165.<\/p>\n<p class=\"\" data-start=\"2917\" data-end=\"3339\">Medzi \u010fal\u0161ie funkcie patr\u00ed <strong data-start=\"2947\" data-end=\"2981\">kon\u0161trukcia s vopred zakriven\u00fdmi prstami<\/strong> ktor\u00e1 zni\u017euje \u00fanavu jazdca a zabezpe\u010duje lep\u0161iu kontrolu nad riadidlami a p\u00e1\u010dkami. Ergonomick\u00fd dizajn zvy\u0161uje obratnos\u0165 a pon\u00faka prirodzen\u00e9 prisp\u00f4sobenie a pohyb, ktor\u00e9 pom\u00e1haj\u00fa udr\u017ea\u0165 optim\u00e1lnu kontrolu po\u010das vysokor\u00fdchlostnej aj technickej jazdy. Zosilnen\u00e9 \u0161itie po celej d\u013a\u017eke zvy\u0161uje odolnos\u0165, v\u010faka \u010domu s\u00fa tieto rukavice dlhodobou invest\u00edciou pre seri\u00f3znych jazdcov.<\/p>\n<p class=\"\" data-start=\"3341\" data-end=\"3648\">Bezpe\u010dnos\u0165 je z\u00e1kladom zna\u010dky Ryinz. Ka\u017ed\u00e1 rukavica je pr\u00edsne testovan\u00e1 v re\u00e1lnych podmienkach, aby sa zabezpe\u010dilo, \u017ee sp\u013a\u0148a a prevy\u0161uje najvy\u0161\u0161ie \u0161tandardy kvality a bezpe\u010dnosti. \u010ci u\u017e jazd\u00edte pre z\u00e1bavu, denne doch\u00e1dzate do pr\u00e1ce alebo profesion\u00e1lne s\u00fa\u0165a\u017e\u00edte, d\u00f4verujte spolo\u010dnosti Ryinz, \u017ee ochr\u00e1ni va\u0161e najd\u00f4le\u017eitej\u0161ie n\u00e1stroje - va\u0161e ruky.<\/p>\n<p class=\"\" data-start=\"3650\" data-end=\"4031\">Tieto rukavice s\u00fa navrhnut\u00e9 pre v\u00e1\u0161niv\u00fdch cyklistov a poskytuj\u00fa ide\u00e1lnu rovnov\u00e1hu medzi formou a funk\u010dnos\u0165ou. Vlo\u017ete si ruky do p\u00e1ru motocyklov\u00fdch rukav\u00edc Ryinz a poc\u00ed\u0165te rozdiel, ktor\u00fd prin\u00e1\u0161aj\u00fa \u0161pi\u010dkov\u00e9 materi\u00e1ly, odborn\u00e9 spracovanie a dizajn zameran\u00fd na jazdca. Jazdite s istotou, preto\u017ee viete, \u017ee ste vybaven\u00ed najlep\u0161\u00edmi motocyklov\u00fdmi rukavicami stvoren\u00fdmi na cestu, tra\u0165 aj mimo nej.<\/p>\n<p class=\"\" data-start=\"4033\" data-end=\"4052\"><strong data-start=\"4033\" data-end=\"4050\">K\u013e\u00fa\u010dov\u00e9 vlastnosti:<\/strong><\/p>\n<ul data-start=\"4053\" data-end=\"4690\">\n<li class=\"\" data-start=\"4053\" data-end=\"4119\">\n<p class=\"\" data-start=\"4055\" data-end=\"4119\">Pr\u00e9miov\u00e1 celoko\u017een\u00e1 kon\u0161trukcia pre maxim\u00e1lnu odolnos\u0165<\/p>\n<\/li>\n<li class=\"\" data-start=\"4120\" data-end=\"4185\">\n<p class=\"\" data-start=\"4122\" data-end=\"4185\">Tvrd\u00e9 tvarovan\u00e9 chr\u00e1ni\u010de k\u013abov pre vynikaj\u00facu odolnos\u0165 vo\u010di n\u00e1razom<\/p>\n<\/li>\n<li class=\"\" data-start=\"4186\" data-end=\"4245\">\n<p class=\"\" data-start=\"4188\" data-end=\"4245\">Zosilnen\u00e9 polstrovanie dlane pre dodato\u010dn\u00e9 tlmenie n\u00e1razov<\/p>\n<\/li>\n<li class=\"\" data-start=\"4246\" data-end=\"4308\">\n<p class=\"\" data-start=\"4248\" data-end=\"4308\">Pred\u013a\u017een\u00e1 man\u017eeta so such\u00fdm zipsom na bezpe\u010dn\u00fa podporu z\u00e1p\u00e4stia<\/p>\n<\/li>\n<li class=\"\" data-start=\"4309\" data-end=\"4364\">\n<p class=\"\" data-start=\"4311\" data-end=\"4364\">Viacero farebn\u00fdch mo\u017enost\u00ed: \u010cierna, \u010derven\u00e1, zelen\u00e1 a modr\u00e1<\/p>\n<\/li>\n<li class=\"\" data-start=\"4365\" data-end=\"4429\">\n<p class=\"\" data-start=\"4367\" data-end=\"4429\">Priedu\u0161n\u00e9 perfor\u00e1cie na vetranie a odvod potu<\/p>\n<\/li>\n<li class=\"\" data-start=\"4430\" data-end=\"4496\">\n<p class=\"\" data-start=\"4432\" data-end=\"4496\">Predbe\u017ene zakriven\u00fd dizajn prstov na zn\u00ed\u017eenie \u00fanavy a zlep\u0161enie ovl\u00e1dania<\/p>\n<\/li>\n<li class=\"\" data-start=\"4497\" data-end=\"4554\">\n<p class=\"\" data-start=\"4499\" data-end=\"4554\">Siln\u00e9 \u0161itie pre dlh\u0161iu \u017eivotnos\u0165 a robustn\u00e9 pou\u017e\u00edvanie<\/p>\n<\/li>\n<li class=\"\" data-start=\"4555\" data-end=\"4620\">\n<p class=\"\" data-start=\"4557\" data-end=\"4620\">\u0160t\u00fdlov\u00fd a agres\u00edvny dizajn vhodn\u00fd pre v\u0161etky typy bicyklov<\/p>\n<\/li>\n<li class=\"\" data-start=\"4621\" data-end=\"4690\">\n<p class=\"\" data-start=\"4623\" data-end=\"4690\">Ide\u00e1lny na preteky, turistiku, doch\u00e1dzanie do mesta a dobrodru\u017en\u00fa jazdu<\/p>\n<\/li>\n<\/ul>\n<p class=\"\" data-start=\"4692\" data-end=\"4723\"><strong data-start=\"4692\" data-end=\"4721\">Technick\u00e9 \u0161pecifik\u00e1cie:<\/strong><\/p>\n<ul data-start=\"4724\" data-end=\"5061\">\n<li class=\"\" data-start=\"4724\" data-end=\"4769\">\n<p class=\"\" data-start=\"4726\" data-end=\"4769\">Materi\u00e1l: 100% Pr\u00e9miov\u00e1 celozrnn\u00e1 ko\u017ea<\/p>\n<\/li>\n<li class=\"\" data-start=\"4770\" data-end=\"4842\">\n<p class=\"\" data-start=\"4772\" data-end=\"4842\">Ochrana: Tvrd\u00fd chr\u00e1ni\u010d k\u013abov, polstrovan\u00e9 dlane, zosilnen\u00e9 prsty<\/p>\n<\/li>\n<li class=\"\" data-start=\"4843\" data-end=\"4900\">\n<p class=\"\" data-start=\"4845\" data-end=\"4900\">Vetranie: Strategick\u00e9 perfor\u00e1cie pre priedu\u0161nos\u0165<\/p>\n<\/li>\n<li class=\"\" data-start=\"4901\" data-end=\"4946\">\n<p class=\"\" data-start=\"4903\" data-end=\"4946\">Dostupn\u00e9 farby: \u010cierna, \u010derven\u00e1, zelen\u00e1, modr\u00e1<\/p>\n<\/li>\n<li class=\"\" data-start=\"4947\" data-end=\"4984\">\n<p class=\"\" data-start=\"4949\" data-end=\"4984\">Dostupn\u00e9 ve\u013ekosti: S, M, L, XL, XXL<\/p>\n<\/li>\n<li class=\"\" data-start=\"4985\" data-end=\"5026\">\n<p class=\"\" data-start=\"4987\" data-end=\"5026\">Typ uz\u00e1veru: Nastavite\u013en\u00fd p\u00e1sik na such\u00fd zips<\/p>\n<\/li>\n<li class=\"\" data-start=\"5027\" data-end=\"5061\">\n<p class=\"\" data-start=\"5029\" data-end=\"5061\">Pohlavie: Unisex (mu\u017ei a \u017eeny)<\/p>\n<\/li>\n<\/ul>\n<p class=\"\" data-start=\"5063\" data-end=\"5311\">Vyberte si <strong data-start=\"5070\" data-end=\"5104\">Motocyklov\u00e9 pretek\u00e1rske rukavice Ryinz<\/strong> aby ste si vylep\u0161ili z\u00e1\u017eitok z jazdy maxim\u00e1lnou bezpe\u010dnos\u0165ou, prvotriednym komfortom a bezkonkuren\u010dn\u00fdm \u0161t\u00fdlom. Ide\u00e1lne pre v\u00e1\u0161niv\u00fdch motocyklistov, ktor\u00ed od svojej v\u00fdbavy vy\u017eaduj\u00fa viac. Ryinz - kde sa v\u00fdkon sn\u00fabi s ochranou.<\/p>","protected":false},"excerpt":{"rendered":"<h4><strong>Navrhnut\u00e9 pre v\u00fdkon a pohodlie<\/strong><\/h4>\n<ul>\n<li>\n<p class=\"ds-markdown-paragraph\"><strong>Predbe\u017ene zakriven\u00fd dizajn prstov:<\/strong>\u00a0Anatomicky tvarovan\u00e9 na zn\u00ed\u017eenie \u00fanavy r\u00fak, \u010do umo\u017e\u0148uje\u00a0<strong>prirodzen\u00fd \u00fachop riadidiel<\/strong>\u00a0bez n\u00e1mahy.<\/p>\n<\/li>\n<li>\n<p class=\"ds-markdown-paragraph\"><strong>Perforovan\u00e9 z\u00f3ny Flex:<\/strong>\u00a0Laserom vyrez\u00e1van\u00e9 vetracie panely na prstoch a zadnej strane zlep\u0161uj\u00fa pr\u00fadenie vzduchu a zabra\u0148uj\u00fa hromadeniu potu po\u010das intenz\u00edvnej jazdy.<\/p>\n<\/li>\n<li>\n<p class=\"ds-markdown-paragraph\"><strong>Proti\u0161mykov\u00e1 rukov\u00e4\u0165 na dlani:<\/strong>\u00a0<strong>Silik\u00f3nov\u00e1 mikrotla\u010d alebo pr\u00e9miov\u00e9 semi\u0161ov\u00e9 n\u00e1\u0161ivky<\/strong>\u00a0zvy\u0161uje trenie pre presn\u00e9 ovl\u00e1danie plynu a b\u0155zd, a to aj za mokra.<\/p>\n<\/li>\n<li>\n<p class=\"ds-markdown-paragraph\"><strong>Ukazov\u00e1k a palec kompatibiln\u00fd s dotykovou obrazovkou:<\/strong>\u00a0Zosta\u0148te v spojen\u00ed bez nutnosti vyzliec\u0165 si rukavice - ide\u00e1lne na navig\u00e1ciu GPS alebo r\u00fdchle pou\u017eitie telef\u00f3nu.<\/p>\n<\/li>\n<li>\n<p class=\"ds-markdown-paragraph\"><strong>Nastavite\u013en\u00e9 uzavretie man\u017eety:<\/strong>\u00a0A\u00a0<strong>\u0161irok\u00fd, bezpe\u010dn\u00fd popruh na z\u00e1p\u00e4stie<\/strong>\u00a0so zosilnen\u00fdm pre\u0161\u00edvan\u00edm zabra\u0148uje sk\u013aznutiu a z\u00e1rove\u0148 umo\u017e\u0148uje jednoduch\u00e9 nasadenie a vyzle\u010denie.<\/p>\n<\/li>\n<\/ul>","protected":false},"featured_media":9023,"comment_status":"closed","ping_status":"closed","template":"","meta":[],"product_brand":[35],"product_cat":[1111,122],"product_tag":[133],"class_list":{"0":"post-8978","1":"product","2":"type-product","3":"status-publish","4":"has-post-thumbnail","6":"product_brand-ryinz","7":"product_cat-motorbike","8":"product_cat-motorbike-racing-gloves","9":"product_tag-tpu-knuckle-protection","11":"first","12":"instock","13":"taxable","14":"shipping-taxable","15":"purchasable","16":"product-type-simple"},"_links":{"self":[{"href":"https:\/\/ryinz.cz\/velkoobchod\/sk\/wp-json\/wp\/v2\/product\/8978","targetHints":{"allow":["GET"]}}],"collection":[{"href":"https:\/\/ryinz.cz\/velkoobchod\/sk\/wp-json\/wp\/v2\/product"}],"about":[{"href":"https:\/\/ryinz.cz\/velkoobchod\/sk\/wp-json\/wp\/v2\/types\/product"}],"replies":[{"embeddable":true,"href":"https:\/\/ryinz.cz\/velkoobchod\/sk\/wp-json\/wp\/v2\/comments?post=8978"}],"wp:featuredmedia":[{"embeddable":true,"href":"https:\/\/ryinz.cz\/velkoobchod\/sk\/wp-json\/wp\/v2\/media\/9023"}],"wp:attachment":[{"href":"https:\/\/ryinz.cz\/velkoobchod\/sk\/wp-json\/wp\/v2\/media?parent=8978"}],"wp:term":[{"taxonomy":"product_brand","embeddable":true,"href":"https:\/\/ryinz.cz\/velkoobchod\/sk\/wp-json\/wp\/v2\/product_brand?post=8978"},{"taxonomy":"product_cat","embeddable":true,"href":"https:\/\/ryinz.cz\/velkoobchod\/sk\/wp-json\/wp\/v2\/product_cat?post=8978"},{"taxonomy":"product_tag","embeddable":true,"href":"https:\/\/ryinz.cz\/velkoobchod\/sk\/wp-json\/wp\/v2\/product_tag?post=8978"}],"curies":[{"name":"wp","href":"https:\/\/api.w.org\/{rel}","templated":true}]}}