{"id":8977,"date":"2025-08-26T11:48:33","date_gmt":"2025-08-26T11:48:33","guid":{"rendered":"https:\/\/ryinz.cz\/velkoobchod\/?post_type=product&#038;p=8977"},"modified":"2026-01-18T20:17:11","modified_gmt":"2026-01-18T20:17:11","slug":"ryinz-plna-ochrana-z-uhlikovych-vlakien-motocyklove-pretekarske-rukavice-premiovy-vyrobca-a-velkoobchodny-dodavatel","status":"publish","type":"product","link":"https:\/\/ryinz.cz\/velkoobchod\/sk\/product\/ryinz-full-protection-carbon-fiber-motorcycle-racing-gloves-premium-manufacturer-and-wholesale-supplier\/","title":{"rendered":"RYINZ Full Protection Carbon Fiber Motorcycle Racing Gloves - pr\u00e9miov\u00fd v\u00fdrobca a ve\u013ekoobchodn\u00fd dod\u00e1vate\u013e"},"content":{"rendered":"<p class=\"\" data-start=\"720\" data-end=\"1070\">Predstavujeme <strong data-start=\"736\" data-end=\"799\">RYINZ Full Protection Carbon Fiber Motocyklov\u00e9 pretek\u00e1rske rukavice<\/strong>, najlep\u0161ia vo\u013eba pre motocyklov\u00fdch nad\u0161encov, ktor\u00ed vy\u017eaduj\u00fa najvy\u0161\u0161iu \u00farove\u0148 v\u00fdkonu, pohodlia a bezpe\u010dnosti. Tieto rukavice, vytvoren\u00e9 pomocou \u0161pi\u010dkovej technol\u00f3gie a prvotriednych materi\u00e1lov, s\u00fa prisp\u00f4soben\u00e9 na pretekanie, \u0161portov\u00fa jazdu, turistiku a agres\u00edvnu jazdu v uliciach.<\/p>\n<p class=\"\" data-start=\"1072\" data-end=\"1443\">Tieto rukavice na motorku s\u00fa vyroben\u00e9 zo zmesi prvotriednej pravej ko\u017ee a odolnej sie\u0165oviny a poskytuj\u00fa dokonal\u00fa rovnov\u00e1hu medzi ochranou a priedu\u0161nos\u0165ou. Chr\u00e1ni\u010de k\u013abov z uhl\u00edkov\u00fdch vl\u00e1kien s\u00fa navrhnut\u00e9 tak, aby chr\u00e1nili va\u0161e ruky pred n\u00e1razmi a odreninami po\u010das vysokor\u00fdchlostnej jazdy, zatia\u013e \u010do zosilnen\u00e9 oblasti dlane poskytuj\u00fa v\u00fdnimo\u010dn\u00fd \u00fachop a kontrolu aj za mokra.<\/p>\n<p class=\"\" data-start=\"1445\" data-end=\"1846\">Rukavice s\u00fa navrhnut\u00e9 s vopred zakrivenou \u0161trukt\u00farou prstov, ktor\u00e1 zais\u0165uje prirodzen\u00fa a neunavuj\u00facu polohu pri jazde. V\u010faka zv\u00fd\u0161enej flexibilite v oblasti k\u013abov a prisp\u00f4soben\u00e9mu strihu umo\u017e\u0148uj\u00fa pretek\u00e1rske rukavice RYINZ Full Protection neobmedzen\u00fd pohyb r\u00fak na optim\u00e1lne ovl\u00e1danie motocykla. Ka\u017ed\u00e1 rukavica je vybaven\u00e1 strategicky umiestnen\u00fdmi vetrac\u00edmi panelmi, ktor\u00e9 zabezpe\u010dia, \u017ee va\u0161e ruky zostan\u00fa po\u010das jazdy chladn\u00e9 a such\u00e9.<\/p>\n<p class=\"\" data-start=\"1848\" data-end=\"2215\">Pokro\u010dil\u00fd pancier k\u013abov a chr\u00e1ni\u010de prstov z uhl\u00edkov\u00fdch vl\u00e1kien chr\u00e1nia kritick\u00e9 oblasti bez toho, aby bola ohrozen\u00e1 ich flexibilita. Zosilnen\u00e9 polstrovanie v dlani a pozd\u013a\u017e oblast\u00ed s vysok\u00fdm opotrebovan\u00edm poskytuje dodato\u010dn\u00fa absorpciu n\u00e1razov, \u010d\u00edm zni\u017euje \u00fanavu z vibr\u00e1ci\u00ed pri dlh\u00fdch jazd\u00e1ch. Dvojito pre\u0161it\u00e9 \u0161vy zvy\u0161uj\u00fa odolnos\u0165, tak\u017ee tieto rukavice s\u00fa invest\u00edciou, ktor\u00e1 vydr\u017e\u00ed sez\u00f3nu za sez\u00f3nou.<\/p>\n<p class=\"\" data-start=\"2217\" data-end=\"2500\">Nastavite\u013en\u00fd p\u00e1sik na such\u00fd zips na z\u00e1p\u00e4st\u00ed zais\u0165uje bezpe\u010dn\u00e9 uchytenie a zabra\u0148uje sk\u013aznutiu alebo uvo\u013eneniu rukav\u00edc po\u010das agres\u00edvnych man\u00e9vrov. Tieto rukavice s\u00fa tie\u017e kompatibiln\u00e9 s dotykov\u00fdm displejom, \u010do v\u00e1m umo\u017en\u00ed ovl\u00e1da\u0165 smartf\u00f3ny, jednotky GPS a digit\u00e1lne zariadenia bez nutnosti vyzliec\u0165 si rukavice.<\/p>\n<p class=\"\" data-start=\"2502\" data-end=\"2778\">Na str\u00e1nke <strong data-start=\"2505\" data-end=\"2514\">RYINZ<\/strong>, sme odhodlan\u00ed poskytova\u0165 v\u00fdnimo\u010dn\u00fa kvalitu a v\u00fdkon. Na\u0161e rukavice navrhuj\u00fa odborn\u00edci a vyr\u00e1baj\u00fa ich pod\u013ea pr\u00edsnych noriem kontroly kvality, aby sp\u013a\u0148ali po\u017eiadavky profesion\u00e1lnych jazdcov, pretek\u00e1rskych nad\u0161encov, \u013eud\u00ed doch\u00e1dzaj\u00facich do pr\u00e1ce aj dobrodruhov.<\/p>\n<p class=\"\" data-start=\"2780\" data-end=\"3112\">\u010ci u\u017e jazd\u00edte v mestsk\u00fdch uliciach, na dia\u013eniciach, po\u013en\u00fdch cest\u00e1ch alebo na profesion\u00e1lnych pretek\u00e1rskych okruhoch. <strong data-start=\"2879\" data-end=\"2942\">RYINZ Full Protection Carbon Fiber Motocyklov\u00e9 pretek\u00e1rske rukavice<\/strong> s\u00fa skon\u0161truovan\u00e9 tak, aby chr\u00e1nili, pod\u00e1vali v\u00fdkon a zap\u00f4sobili. Ovl\u00e1dnite svoju jazdu v\u010faka vynikaj\u00facej ochrane, ergonomick\u00e9mu pohodliu a \u0161t\u00fdlov\u00e9mu pretek\u00e1rskemu vzh\u013eadu, ktor\u00fd v\u00e1s odl\u00ed\u0161i od davu.<\/p>\n<p class=\"\" data-start=\"3114\" data-end=\"3440\">Tento p\u00e1r motocyklov\u00fdch rukav\u00edc je ide\u00e1lny pre jazdcov na superbikoch, motokrosov\u00fdch pretek\u00e1rov, dobrodruhov v ter\u00e9ne, turistick\u00fdch motork\u00e1rov a kaskad\u00e9rov. S\u00fa ide\u00e1lne na letn\u00e9 jazdy, mierne zimn\u00e9 dojazdy a s\u00fa\u0165a\u017en\u00e9 pretek\u00e1rske podujatia. Ka\u017ed\u00fd steh, materi\u00e1l a kon\u0161truk\u010dn\u00fd prvok je vytvoren\u00fd s oh\u013eadom na sk\u00fasenosti a bezpe\u010dnos\u0165 jazdca.<\/p>\n<p class=\"\" data-start=\"3442\" data-end=\"3580\">D\u00f4verujte spolo\u010dnosti RYINZ - preferovanej vo\u013ebe jazdcov na celom svete - a z\u00edskajte rukavice, ktor\u00e9 s\u00fa rovnako siln\u00e9 ako va\u0161a v\u00e1\u0161e\u0148 pre jazdu na otvorenej ceste.<\/p>\n<hr class=\"\" data-start=\"3582\" data-end=\"3585\" \/>\n<h3 class=\"\" data-start=\"3587\" data-end=\"3610\"><strong data-start=\"3591\" data-end=\"3608\">K\u013e\u00fa\u010dov\u00e9 vlastnosti:<\/strong><\/h3>\n<ul data-start=\"3611\" data-end=\"4457\">\n<li class=\"\" data-start=\"3611\" data-end=\"3668\">\n<p class=\"\" data-start=\"3613\" data-end=\"3668\">Pr\u00e9miov\u00e1 prav\u00e1 ko\u017ea v kombin\u00e1cii s priedu\u0161nou sie\u0165ovinou<\/p>\n<\/li>\n<li class=\"\" data-start=\"3669\" data-end=\"3734\">\n<p class=\"\" data-start=\"3671\" data-end=\"3734\">Chr\u00e1ni\u010de k\u013abov z uhl\u00edkov\u00fdch vl\u00e1kien pre maxim\u00e1lnu odolnos\u0165 vo\u010di n\u00e1razom<\/p>\n<\/li>\n<li class=\"\" data-start=\"3735\" data-end=\"3795\">\n<p class=\"\" data-start=\"3737\" data-end=\"3795\">Zosilnen\u00e1 ko\u017een\u00e1 dla\u0148 pre lep\u0161iu pri\u013enavos\u0165 a odolnos\u0165<\/p>\n<\/li>\n<li class=\"\" data-start=\"3796\" data-end=\"3844\">\n<p class=\"\" data-start=\"3798\" data-end=\"3844\">Predbe\u017ene zakriven\u00fd dizajn prstov na zn\u00ed\u017eenie \u00fanavy<\/p>\n<\/li>\n<li class=\"\" data-start=\"3845\" data-end=\"3892\">\n<p class=\"\" data-start=\"3847\" data-end=\"3892\">Odvetr\u00e1van\u00e9 panely zo sie\u0165oviny pre vynikaj\u00face pr\u00fadenie vzduchu<\/p>\n<\/li>\n<li class=\"\" data-start=\"3893\" data-end=\"3947\">\n<p class=\"\" data-start=\"3895\" data-end=\"3947\">Polstrovanie dlane absorbuj\u00face n\u00e1razy na minimaliz\u00e1ciu vibr\u00e1ci\u00ed<\/p>\n<\/li>\n<li class=\"\" data-start=\"3948\" data-end=\"4006\">\n<p class=\"\" data-start=\"3950\" data-end=\"4006\">Dvojito pre\u0161it\u00e9 \u0161vy pre v\u00e4\u010d\u0161iu pevnos\u0165 a dlh\u00fa \u017eivotnos\u0165<\/p>\n<\/li>\n<li class=\"\" data-start=\"4007\" data-end=\"4071\">\n<p class=\"\" data-start=\"4009\" data-end=\"4071\">Nastavite\u013en\u00fd p\u00e1sik na z\u00e1p\u00e4stie so such\u00fdm zipsom pre bezpe\u010dn\u00e9 a prisp\u00f4soben\u00e9 nosenie<\/p>\n<\/li>\n<li class=\"\" data-start=\"4072\" data-end=\"4125\">\n<p class=\"\" data-start=\"4074\" data-end=\"4125\">Kompatibiln\u00e9 kon\u010deky prstov s dotykovou obrazovkou pre pohodlie<\/p>\n<\/li>\n<li class=\"\" data-start=\"4126\" data-end=\"4169\">\n<p class=\"\" data-start=\"4128\" data-end=\"4169\">\u013dahk\u00e1, ale odoln\u00e1 kon\u0161trukcia<\/p>\n<\/li>\n<li class=\"\" data-start=\"4170\" data-end=\"4224\">\n<p class=\"\" data-start=\"4172\" data-end=\"4224\">Ur\u010den\u00e9 pre profesion\u00e1lnych pretek\u00e1rov a pouli\u010dn\u00fdch jazdcov<\/p>\n<\/li>\n<li class=\"\" data-start=\"4225\" data-end=\"4289\">\n<p class=\"\" data-start=\"4227\" data-end=\"4289\">Vhodn\u00e9 na motokros, superbike, turistiku a kaskad\u00e9rsku jazdu<\/p>\n<\/li>\n<li class=\"\" data-start=\"4290\" data-end=\"4338\">\n<p class=\"\" data-start=\"4292\" data-end=\"4338\">Vysok\u00e1 odolnos\u0165 proti oderu a ochrana proti roztrhnutiu<\/p>\n<\/li>\n<li class=\"\" data-start=\"4339\" data-end=\"4392\">\n<p class=\"\" data-start=\"4341\" data-end=\"4392\">\u0160t\u00fdlov\u00fd agres\u00edvny dizajn pre pr\u00e9miov\u00fd pretek\u00e1rsky vzh\u013ead<\/p>\n<\/li>\n<li class=\"\" data-start=\"4393\" data-end=\"4457\">\n<p class=\"\" data-start=\"4395\" data-end=\"4457\">Vyroben\u00e9 s pr\u00edsnymi kontrolami kvality na zabezpe\u010denie dokonalosti<\/p>\n<\/li>\n<\/ul>","protected":false},"excerpt":{"rendered":"<h3 class=\"\" data-start=\"3587\" data-end=\"3610\"><strong data-start=\"3591\" data-end=\"3608\">K\u013e\u00fa\u010dov\u00e9 vlastnosti:<\/strong><\/h3>\n<ul data-start=\"3611\" data-end=\"4457\">\n<li class=\"\" data-start=\"3611\" data-end=\"3668\">\n<p class=\"\" data-start=\"3613\" data-end=\"3668\">Pr\u00e9miov\u00e1 prav\u00e1 ko\u017ea v kombin\u00e1cii s priedu\u0161nou sie\u0165ovinou<\/p>\n<\/li>\n<li class=\"\" data-start=\"3669\" data-end=\"3734\">\n<p class=\"\" data-start=\"3671\" data-end=\"3734\">Chr\u00e1ni\u010de k\u013abov z uhl\u00edkov\u00fdch vl\u00e1kien pre maxim\u00e1lnu odolnos\u0165 vo\u010di n\u00e1razom<\/p>\n<\/li>\n<li class=\"\" data-start=\"3735\" data-end=\"3795\">\n<p class=\"\" data-start=\"3737\" data-end=\"3795\">Zosilnen\u00e1 ko\u017een\u00e1 dla\u0148 pre lep\u0161iu pri\u013enavos\u0165 a odolnos\u0165<\/p>\n<\/li>\n<li class=\"\" data-start=\"3796\" data-end=\"3844\">\n<p class=\"\" data-start=\"3798\" data-end=\"3844\">Predbe\u017ene zakriven\u00fd dizajn prstov na zn\u00ed\u017eenie \u00fanavy<\/p>\n<\/li>\n<li class=\"\" data-start=\"3845\" data-end=\"3892\">\n<p class=\"\" data-start=\"3847\" data-end=\"3892\">Odvetr\u00e1van\u00e9 panely zo sie\u0165oviny pre vynikaj\u00face pr\u00fadenie vzduchu<\/p>\n<\/li>\n<li class=\"\" data-start=\"3893\" data-end=\"3947\">\n<p class=\"\" data-start=\"3895\" data-end=\"3947\">Polstrovanie dlane absorbuj\u00face n\u00e1razy na minimaliz\u00e1ciu vibr\u00e1ci\u00ed<\/p>\n<\/li>\n<\/ul>","protected":false},"featured_media":9026,"comment_status":"closed","ping_status":"closed","template":"","meta":[],"product_brand":[35],"product_cat":[1111,122],"product_tag":[137,136,124],"class_list":{"0":"post-8977","1":"product","2":"type-product","3":"status-publish","4":"has-post-thumbnail","6":"product_brand-ryinz","7":"product_cat-motorbike","8":"product_cat-motorbike-racing-gloves","9":"product_tag-impact-resistant-gloves","10":"product_tag-leather-gloves","11":"product_tag-motorbike-racing-gloves","13":"first","14":"instock","15":"taxable","16":"shipping-taxable","17":"purchasable","18":"product-type-simple"},"_links":{"self":[{"href":"https:\/\/ryinz.cz\/velkoobchod\/sk\/wp-json\/wp\/v2\/product\/8977","targetHints":{"allow":["GET"]}}],"collection":[{"href":"https:\/\/ryinz.cz\/velkoobchod\/sk\/wp-json\/wp\/v2\/product"}],"about":[{"href":"https:\/\/ryinz.cz\/velkoobchod\/sk\/wp-json\/wp\/v2\/types\/product"}],"replies":[{"embeddable":true,"href":"https:\/\/ryinz.cz\/velkoobchod\/sk\/wp-json\/wp\/v2\/comments?post=8977"}],"wp:featuredmedia":[{"embeddable":true,"href":"https:\/\/ryinz.cz\/velkoobchod\/sk\/wp-json\/wp\/v2\/media\/9026"}],"wp:attachment":[{"href":"https:\/\/ryinz.cz\/velkoobchod\/sk\/wp-json\/wp\/v2\/media?parent=8977"}],"wp:term":[{"taxonomy":"product_brand","embeddable":true,"href":"https:\/\/ryinz.cz\/velkoobchod\/sk\/wp-json\/wp\/v2\/product_brand?post=8977"},{"taxonomy":"product_cat","embeddable":true,"href":"https:\/\/ryinz.cz\/velkoobchod\/sk\/wp-json\/wp\/v2\/product_cat?post=8977"},{"taxonomy":"product_tag","embeddable":true,"href":"https:\/\/ryinz.cz\/velkoobchod\/sk\/wp-json\/wp\/v2\/product_tag?post=8977"}],"curies":[{"name":"wp","href":"https:\/\/api.w.org\/{rel}","templated":true}]}}