{"id":8967,"date":"2025-06-22T15:23:32","date_gmt":"2025-06-22T15:23:32","guid":{"rendered":"https:\/\/ryinz.cz\/velkoobchod\/?post_type=product&#038;p=8967"},"modified":"2026-01-18T20:17:10","modified_gmt":"2026-01-18T20:17:10","slug":"ryinz-karbonove-vlakna-motocyklove-pretekarske-rukavice-plna-ochrana-motorkarske-rukavice-pre-muzov-a-zeny-lahke-sportove-motocyklove-jazdecke-rukavice-k-dispozicii-v-ciernej-cervenej-a-modrej-farbe","status":"publish","type":"product","link":"https:\/\/ryinz.cz\/velkoobchod\/sk\/product\/ryinz-carbon-fiber-motorcycle-racing-gloves-full-protection-biker-gloves-for-men-and-women-lightweight-sportbike-riding-gloves-available-in-black-red-and-blue-colors\/","title":{"rendered":"Ryinz Carbon Fiber Motocyklov\u00e9 pretek\u00e1rske rukavice - pln\u00e1 ochrana motork\u00e1rskych rukav\u00edc pre mu\u017eov a \u017eeny - \u013eahk\u00e9 \u0161portov\u00e9 rukavice - k dispoz\u00edcii v \u010diernej, \u010dervenej a modrej farbe"},"content":{"rendered":"<h3><strong>Rukavice Ryinz Carbon Fiber Motorcycle Racing Gloves - dokonal\u00e9 spojenie elitnej ochrany, bezkonkuren\u010dn\u00e9ho pohodlia a pretek\u00e1rskej presnosti<\/strong><\/h3>\n<p class=\"ds-markdown-paragraph\">Pre jazdcov, ktor\u00ed odmietaj\u00fa robi\u0165 kompromisy\u00a0<strong>bezpe\u010dnos\u0165, v\u00fdkon alebo \u0161t\u00fdl<\/strong>, ,.\u00a0<strong>Ryinz Carbon Fiber Motocyklov\u00e9 pretek\u00e1rske rukavice<\/strong>\u00a0predstavuj\u00fa vrchol techniky ochrany r\u00fak. Starostlivo vytvoren\u00e9 pre\u00a0<strong>profesion\u00e1lni pretek\u00e1ri, nad\u0161enci pretekov na okruhu a vysokov\u00fdkonn\u00ed pouli\u010dn\u00ed jazdci<\/strong>, tieto rukavice kombinuj\u00fa\u00a0<strong>prvotriedna ko\u017ea, pancier z uhl\u00edkov\u00fdch vl\u00e1kien leteckej kvality a pretekmi overen\u00e1 ergon\u00f3mia<\/strong>\u00a0aby poskytovali bezkonkuren\u010dn\u00fd z\u00e1\u017eitok z jazdy. \u010ci u\u017e pos\u00favate limity na okruhu, alebo br\u00e1zdite horsk\u00e9 cesty, tieto rukavice poskytuj\u00fa\u00a0<strong>maxim\u00e1lna rovnov\u00e1ha medzi odolnos\u0165ou vo\u010di n\u00e1razom, priedu\u0161nos\u0165ou a hmatovou kontrolou<\/strong>-aby bola ka\u017ed\u00e1 jazda bezpe\u010dnej\u0161ia, plynulej\u0161ia a vzru\u0161uj\u00facej\u0161ia.<\/p>\n<hr \/>\n<h3><strong>BEZKONKUREN\u010cN\u00c1 OCHRANA: SKON\u0160TRUOVAN\u00c1 TAK, ABY PRE\u017dILA N\u00c1RAZ<\/strong><\/h3>\n<h4><strong>1. Exoskeletov\u00e9 brnenie z uhl\u00edkov\u00fdch vl\u00e1kien - \u013eahk\u00e1, nerozbitn\u00e1 obrana<\/strong><\/h4>\n<ul>\n<li>\n<p class=\"ds-markdown-paragraph\"><strong>Chr\u00e1ni\u010de k\u013abov z uhl\u00edkov\u00fdch vl\u00e1kien leteckej triedy:<\/strong>\u00a0Na rozdiel od lacn\u00fdch plastov\u00fdch alebo termoplastick\u00fdch chr\u00e1ni\u010dov, spolo\u010dnos\u0165 Ryinz integruje\u00a0<strong>skuto\u010dn\u00e9 kovan\u00e9 panely z uhl\u00edkov\u00fdch vl\u00e1kien<\/strong>\u00a0na k\u013aboch a prstoch a pon\u00faka\u00a0<strong>tlmenie n\u00e1razov na vojenskej \u00farovni<\/strong>\u00a0bez v\u00e4\u010d\u0161ieho objemu.<\/p>\n<\/li>\n<li>\n<p class=\"ds-markdown-paragraph\"><strong>Ochrana prstov\u00fdch most\u00edkov:<\/strong>\u00a0Vystu\u017een\u00e9 p\u00e1sy z uhl\u00edkov\u00fdch vl\u00e1kien pozd\u013a\u017e prstov zabra\u0148uj\u00fa\u00a0<strong>poranenia sp\u00f4soben\u00e9 rozdrven\u00edm<\/strong>\u00a0vo vysokor\u00fdchlostn\u00fdch \u0161mykoch, \u010do je kritick\u00e1 vlastnos\u0165 pre s\u00fa\u0165a\u017en\u00e9 preteky.<\/p>\n<\/li>\n<li>\n<p class=\"ds-markdown-paragraph\"><strong>Posuvn\u00edky lopatiek a dlan\u00ed:<\/strong>\u00a0\u010eal\u0161ie\u00a0<strong>Klz\u00e1ky z TPU (termoplastick\u00e9ho polyuret\u00e1nu)<\/strong>\u00a0na dlani zni\u017euj\u00fa pop\u00e1leniny sp\u00f4soben\u00e9 tren\u00edm a rozpty\u013euj\u00fa energiu n\u00e1razu od kritick\u00fdch kost\u00ed.<\/p>\n<\/li>\n<\/ul>\n<h4><strong>2. Pr\u00e9miov\u00e1 ko\u017een\u00e1 kon\u0161trukcia - odolnos\u0165 proti oderu, ktor\u00e1 prekon\u00e1 konkurenciu<\/strong><\/h4>\n<ul>\n<li>\n<p class=\"ds-markdown-paragraph\"><strong>Vrchn\u00e1 hov\u00e4dzia ko\u017ea:<\/strong>\u00a0Ru\u010dne vybran\u00e9 pre svoje\u00a0<strong>odolnos\u0165 proti roztrhnutiu a pru\u017enos\u0165<\/strong>, ktor\u00e9 v porovnan\u00ed so syntetick\u00fdmi alternat\u00edvami pon\u00fakaj\u00fa vy\u0161\u0161iu odolnos\u0165.<\/p>\n<\/li>\n<li>\n<p class=\"ds-markdown-paragraph\"><strong>Dvojvrstvov\u00e9 vystu\u017eenie dlane:<\/strong>\u00a0Z\u00f3ny s vysok\u00fdm opotreben\u00edm s\u00fa vystu\u017een\u00e9\u00a0<strong>extra ko\u017een\u00e9 polstrovanie<\/strong>\u00a0aby sa predi\u0161lo pref\u00faknutiu po\u010das dlh\u0161\u00edch j\u00e1zd.<\/p>\n<\/li>\n<li>\n<p class=\"ds-markdown-paragraph\"><strong>Zosilnen\u00e9 \u0161itie Kevlarom\u00ae:<\/strong>\u00a0Kritick\u00e9 \u0161vy s\u00fa trojito pre\u0161it\u00e9\u00a0<strong>\u017eiaruvzdorn\u00e1 kevlarov\u00e1 ni\u0165<\/strong>, \u010d\u00edm sa zabezpe\u010d\u00ed, \u017ee rukavice vydr\u017eia aj v\u00a0<strong>vysokor\u00fdchlostn\u00fd \u0161m\u00fdka\u010d<\/strong>.<\/p>\n<\/li>\n<\/ul>\n<h4><strong>3. Bezpe\u010dnos\u0165 s certifik\u00e1tom CE - testovan\u00e1 a d\u00f4veryhodn\u00e1 pre profesion\u00e1lov<\/strong><\/h4>\n<ul>\n<li>\n<p class=\"ds-markdown-paragraph\"><strong>Certifik\u00e1t EN 13594:2015 (k dispoz\u00edcii \u00farove\u0148 CE 1 alebo 2):<\/strong>\u00a0Nez\u00e1visle testovan\u00e9 na\u00a0<strong>odolnos\u0165 proti oderu, roztrhnutiu a n\u00e1razu<\/strong>, ktor\u00e9 sp\u013a\u0148aj\u00fa najpr\u00edsnej\u0161ie eur\u00f3pske bezpe\u010dnostn\u00e9 normy.<\/p>\n<\/li>\n<li>\n<p class=\"ds-markdown-paragraph\"><strong>Bezpe\u010dn\u00fd syst\u00e9m uzamknutia z\u00e1p\u00e4stia:<\/strong>\u00a0A\u00a0<strong>\u0161irok\u00fd, nastavite\u013en\u00fd popruh na such\u00fd zips<\/strong>\u00a0v kombin\u00e1cii s\u00a0<strong>man\u017eeta s dvojit\u00fdm uz\u00e1verom<\/strong>\u00a0zabra\u0148uje tomu, aby sa rukavica pri n\u00e1raze skot\u00fa\u013eala.<\/p>\n<\/li>\n<\/ul>\n<hr \/>\n<h3><strong>KOMFORT OPTIMALIZOVAN\u00dd PRE PRETEKY: ZOSTA\u0147TE V POHODE, MAJTE V\u0160ETKO POD KONTROLOU<\/strong><\/h3>\n<h4><strong>1. Pokro\u010dil\u00e1 ventil\u00e1cia - u\u017e \u017eiadne spoten\u00e9, klzk\u00e9 ruky<\/strong><\/h4>\n<ul>\n<li>\n<p class=\"ds-markdown-paragraph\"><strong>3D panely zo sie\u0165oviny:<\/strong>\u00a0Strategicky umiestnen\u00e9\u00a0<strong>vysokoprietokov\u00e9 pletivo<\/strong>\u00a0na chrbte a prstoch maximalizuje pr\u00fadenie vzduchu, \u010d\u00edm sa zni\u017euje hromadenie tepla po\u010das agres\u00edvnej jazdy.<\/p>\n<\/li>\n<li>\n<p class=\"ds-markdown-paragraph\"><strong>Laserom rezan\u00e9 perfor\u00e1cie:<\/strong>\u00a0Mikroperfor\u00e1cie na dlani a prstoch\u00a0<strong>r\u00fdchlej\u0161ie odv\u00e1dza\u0165 pot 40%<\/strong>\u00a0ako \u0161tandardn\u00e9 rukavice, v\u010faka \u010domu si udr\u017e\u00edte pevn\u00fd \u00fachop za v\u0161etk\u00fdch podmienok.<\/p>\n<\/li>\n<\/ul>\n<h4><strong>2. Ergonomick\u00fd predkriven\u00fd dizajn - dlh\u0161ia jazda, silnej\u0161ia jazda<\/strong><\/h4>\n<ul>\n<li>\n<p class=\"ds-markdown-paragraph\"><strong>Anatomicky tvarovan\u00e9 prsty:<\/strong>\u00a0Predbe\u017ene zakriven\u00e9 tak, aby zodpovedali\u00a0<strong>prirodzen\u00e1 poloha \u00fachopu<\/strong>, \u010d\u00edm sa zni\u017euje svalov\u00e1 \u00fanava pri dlh\u00fdch jazd\u00e1ch.<\/p>\n<\/li>\n<li>\n<p class=\"ds-markdown-paragraph\"><strong>K\u013abov\u00e9 k\u013aby prstov:<\/strong>\u00a0Flexibiln\u00e9\u00a0<strong>akorde\u00f3nov\u00e9 panely<\/strong>\u00a0medzi k\u013aby umo\u017e\u0148uj\u00fa pln\u00fa obratnos\u0165 pri\u00a0<strong>brzdenie, radenie a ovl\u00e1danie spojky<\/strong>.<\/p>\n<\/li>\n<\/ul>\n<h4><strong>3. Vylep\u0161en\u00fd \u00fachop a hmatov\u00e1 sp\u00e4tn\u00e1 v\u00e4zba - dominujte v ka\u017edom rohu<\/strong><\/h4>\n<ul>\n<li>\n<p class=\"ds-markdown-paragraph\"><strong>Silik\u00f3nov\u00e1 rukov\u00e4\u0165 s mikro bodkami na dlani:<\/strong>\u00a0A\u00a0<strong>vlastn\u00fd silik\u00f3nov\u00fd vzor s text\u00farou<\/strong>\u00a0zvy\u0161uje trenie o\u00a0<strong>30%<\/strong>, \u010do zaru\u010duje absol\u00fatnu kontrolu za mokra aj za sucha.<\/p>\n<\/li>\n<li>\n<p class=\"ds-markdown-paragraph\"><strong>Kompatibiln\u00e9 s dotykovou obrazovkou:<\/strong>\u00a0Potiahnite prstom, zv\u00e4\u010d\u0161ujte a navigujte bez toho, aby ste si museli vyzliec\u0165 rukavice - ide\u00e1lne na \u00fapravu GPS po\u010das jazdy.<\/p>\n<\/li>\n<\/ul>\n<hr \/>\n<h3><strong>\u0160T\u00ddLOV\u00c9, PRISP\u00d4SOBITE\u013dN\u00c9 A ODOLN\u00c9<\/strong><\/h3>\n<ul>\n<li>\n<p class=\"ds-markdown-paragraph\"><strong>3 vysoko\u00fa\u010dinn\u00e9 farebn\u00e9 prevedenia:<\/strong>\u00a0Vyberte si z\u00a0<strong>Stealth Black, Racing Red alebo Electric Blue<\/strong>-ka\u017ed\u00fd s\u00a0<strong>reflexn\u00e1 zna\u010dka Ryinz<\/strong>\u00a0pre no\u010dn\u00fa vidite\u013enos\u0165.<\/p>\n<\/li>\n<li>\n<p class=\"ds-markdown-paragraph\"><strong>\u0160t\u00edhly profil pripraven\u00fd na preteky:<\/strong>\u00a0Na rozdiel od objemn\u00fdch turistick\u00fdch rukav\u00edc si tieto zachov\u00e1vaj\u00fa\u00a0<strong>n\u00edzkoobjemov\u00e9 ulo\u017eenie<\/strong>\u00a0pre bezprobl\u00e9mov\u00fa integr\u00e1ciu s ovl\u00e1dac\u00edmi prvkami v\u00e1\u0161ho bicykla.<\/p>\n<\/li>\n<li>\n<p class=\"ds-markdown-paragraph\"><strong>Starne ako jemn\u00e1 ko\u017ea:<\/strong>\u00a0Celozrnn\u00e1 ko\u017ea\u00a0<strong>zm\u00e4kne a prisp\u00f4sob\u00ed sa va\u0161im ruk\u00e1m<\/strong>\u00a0\u010dasom sa st\u00e1va e\u0161te pohodlnej\u0161\u00edm.<\/p>\n<\/li>\n<\/ul>\n<hr \/>\n<h3><strong>PRE KOHO S\u00da TIETO RUKAVICE UR\u010cEN\u00c9?<\/strong><\/h3>\n<p class=\"ds-markdown-paragraph\">\u2714\u00a0<strong>Trackday Warriors<\/strong>\u00a0- Ochrana v s\u00falade s FIA na s\u00fa\u0165a\u017en\u00e9 pou\u017eitie.<\/p>\n<p>\u2714\u00a0<strong>Jazdci na \u0161portov\u00fdch motocykloch a superbikoch<\/strong>\u00a0- Presn\u00e9 ovl\u00e1danie pre agres\u00edvnu jazdu na ulici.<\/p>\n<p>\u2714\u00a0<strong>Adventure Tourers<\/strong>\u00a0- Pohodlie na dlh\u00e9 vzdialenosti s odolnos\u0165ou pripravenou na n\u00e1raz.<\/p>\n<p>\u2714\u00a0<strong>Cafe Racer &amp; Custom Build Enthusiasts<\/strong>\u00a0- Elegantn\u00e1 estetika sa stret\u00e1va s bezpe\u010dnos\u0165ou na profesion\u00e1lnej \u00farovni.<\/p>\n<hr \/>\n<h3><strong>PRE\u010cO RYINZ VYNIK\u00c1 NAD OSTATN\u00ddMI<\/strong><\/h3>\n<ul>\n<li>\n<p class=\"ds-markdown-paragraph\"><strong>Vyvinut\u00e9 v spolupr\u00e1ci so spolo\u010dnos\u0165ou Pro Racers:<\/strong>\u00a0Testovan\u00e9 v\u00a0<strong>Podmienky in\u0161pirovan\u00e9 MotoGP<\/strong>\u00a0pre re\u00e1lny v\u00fdkon.<\/p>\n<\/li>\n<li>\n<p class=\"ds-markdown-paragraph\"><strong>\u017diadne obdobie rozbehu:<\/strong>\u00a0Na rozdiel od tuh\u00fdch pretek\u00e1rskych rukav\u00edc s\u00fa tieto\u00a0<strong>pohodln\u00e9 od prv\u00e9ho nosenia<\/strong>.<\/p>\n<\/li>\n<li>\n<p class=\"ds-markdown-paragraph\"><strong>5-ro\u010dn\u00e1 z\u00e1ruka odolnosti:<\/strong>\u00a0Stoj\u00edme si za svoj\u00edm remeseln\u00fdm spracovan\u00edm - \u017eiadne trenie, \u017eiadne odlupovanie, \u017eiadne kompromisy.<\/p>\n<\/li>\n<\/ul>\n<p class=\"ds-markdown-paragraph\"><strong>\u201cToto nie s\u00fa len rukavice - s\u00fa va\u0161ou poslednou obrannou l\u00edniou pri r\u00fdchlosti 180 MPH.\u201d<\/strong><\/p>","protected":false},"excerpt":{"rendered":"<p><strong>Z\u00e1vodn\u00e9 rukavice Ryinz z uhl\u00edkov\u00fdch vl\u00e1kien<\/strong>\u00a0-\u00a0<strong>Certifik\u00e1t CE<\/strong>\u00a0rukavice pripraven\u00e9 na tra\u0165 s\u00a0<strong>kovan\u00e9 brnenie z uhl\u00edkov\u00fdch vl\u00e1kien, pr\u00e9miov\u00e1 ko\u017ea a 3D sie\u0165ovina na vetranie<\/strong>. Navrhnut\u00e9 pre\u00a0<strong>profesion\u00e1lna ochrana proti n\u00e1razom, nulov\u00e9 usadzovanie potu a mimoriadne presn\u00fd \u00fachop<\/strong>. K dispoz\u00edcii v\u00a0<strong>\u010cierna, \u010derven\u00e1 a modr\u00e1<\/strong>.\u00a0<strong>Jazdite tvrdo. Jazdite chr\u00e1nen\u00ed.<\/strong><\/p>\n<p class=\"\" data-start=\"2346\" data-end=\"2365\"><strong data-start=\"2346\" data-end=\"2363\">K\u013e\u00fa\u010dov\u00e9 vlastnosti:<\/strong><\/p>\n<ul data-start=\"2366\" data-end=\"3260\">\n<li class=\"\" data-start=\"2366\" data-end=\"2453\">\n<p class=\"\" data-start=\"2368\" data-end=\"2453\"><strong data-start=\"2368\" data-end=\"2401\">Pr\u00e9miov\u00e1 ko\u017een\u00e1 kon\u0161trukcia:<\/strong> Vysokopevnostn\u00e1 ko\u017ea pre odolnos\u0165 a pohodlie.<\/p>\n<\/li>\n<li class=\"\" data-start=\"2454\" data-end=\"2550\">\n<p class=\"\" data-start=\"2456\" data-end=\"2550\"><strong data-start=\"2456\" data-end=\"2479\">Pancier z uhl\u00edkov\u00fdch vl\u00e1kien:<\/strong> N\u00e1razuvzdorn\u00e9 k\u013aby a ochrana prstov na zv\u00fd\u0161enie bezpe\u010dnosti.<\/p>\n<\/li>\n<li class=\"\" data-start=\"2551\" data-end=\"2648\">\n<p class=\"\" data-start=\"2553\" data-end=\"2648\"><strong data-start=\"2553\" data-end=\"2580\">Priedu\u0161n\u00e1 sie\u0165ovina:<\/strong> Zlep\u0161en\u00e9 pr\u00fadenie vzduchu, ktor\u00e9 udr\u017euje ruky chladn\u00e9 po\u010das vysokor\u00fdchlostnej jazdy.<\/p>\n<\/li>\n<li class=\"\" data-start=\"2649\" data-end=\"2743\">\n<p class=\"\" data-start=\"2651\" data-end=\"2743\"><strong data-start=\"2651\" data-end=\"2683\">Ergonomick\u00fd predkriven\u00fd dizajn:<\/strong> Zni\u017euje \u00fanavu a zabezpe\u010duje prirodzen\u00e9 dr\u017eanie riadidiel.<\/p>\n<\/li>\n<li class=\"\" data-start=\"2744\" data-end=\"2827\">\n<p class=\"\" data-start=\"2746\" data-end=\"2827\"><strong data-start=\"2746\" data-end=\"2778\">Perforovan\u00e1 dla\u0148 Odvetr\u00e1vanie:<\/strong> Pom\u00e1ha odv\u00e1dza\u0165 vlhkos\u0165 a udr\u017eiava\u0165 suchos\u0165.<\/p>\n<\/li>\n<\/ul>","protected":false},"featured_media":9024,"comment_status":"closed","ping_status":"closed","template":"","meta":[],"product_brand":[35],"product_cat":[1111,122],"product_tag":[128,129,130,126,131,132,124,133,134],"class_list":{"0":"post-8967","1":"product","2":"type-product","3":"status-publish","4":"has-post-thumbnail","6":"product_brand-ryinz","7":"product_cat-motorbike","8":"product_cat-motorbike-racing-gloves","9":"product_tag-customizable-racing-gloves","10":"product_tag-eva-rubber-protection","11":"product_tag-foam-padded-gloves","12":"product_tag-gillani-gloves","13":"product_tag-goat-skin-leather-gloves","14":"product_tag-motorbike-gear","15":"product_tag-motorbike-racing-gloves","16":"product_tag-tpu-knuckle-protection","17":"product_tag-velcro-closure-gloves","19":"first","20":"instock","21":"taxable","22":"shipping-taxable","23":"purchasable","24":"product-type-simple"},"_links":{"self":[{"href":"https:\/\/ryinz.cz\/velkoobchod\/sk\/wp-json\/wp\/v2\/product\/8967","targetHints":{"allow":["GET"]}}],"collection":[{"href":"https:\/\/ryinz.cz\/velkoobchod\/sk\/wp-json\/wp\/v2\/product"}],"about":[{"href":"https:\/\/ryinz.cz\/velkoobchod\/sk\/wp-json\/wp\/v2\/types\/product"}],"replies":[{"embeddable":true,"href":"https:\/\/ryinz.cz\/velkoobchod\/sk\/wp-json\/wp\/v2\/comments?post=8967"}],"wp:featuredmedia":[{"embeddable":true,"href":"https:\/\/ryinz.cz\/velkoobchod\/sk\/wp-json\/wp\/v2\/media\/9024"}],"wp:attachment":[{"href":"https:\/\/ryinz.cz\/velkoobchod\/sk\/wp-json\/wp\/v2\/media?parent=8967"}],"wp:term":[{"taxonomy":"product_brand","embeddable":true,"href":"https:\/\/ryinz.cz\/velkoobchod\/sk\/wp-json\/wp\/v2\/product_brand?post=8967"},{"taxonomy":"product_cat","embeddable":true,"href":"https:\/\/ryinz.cz\/velkoobchod\/sk\/wp-json\/wp\/v2\/product_cat?post=8967"},{"taxonomy":"product_tag","embeddable":true,"href":"https:\/\/ryinz.cz\/velkoobchod\/sk\/wp-json\/wp\/v2\/product_tag?post=8967"}],"curies":[{"name":"wp","href":"https:\/\/api.w.org\/{rel}","templated":true}]}}