{"id":8966,"date":"2025-08-26T11:48:33","date_gmt":"2025-08-26T11:48:33","guid":{"rendered":"https:\/\/ryinz.cz\/velkoobchod\/?post_type=product&#038;p=8966"},"modified":"2026-01-18T20:17:09","modified_gmt":"2026-01-18T20:17:09","slug":"ryinz-celokozene-motocyklove-pretekarske-rukavice-premiove-motocyklove-rukavice-pre-muzov-a-zeny-tvrda-ochrana-klbov-pretekarsky-vykon-k-dispozicii-v-cervenej-ciernej-bielej-a-modrej-farbe","status":"publish","type":"product","link":"https:\/\/ryinz.cz\/velkoobchod\/sk\/product\/ryinz-full-leather-motorcycle-racing-gloves-premium-motorbike-gloves-for-men-and-women-hard-knuckle-protection-racing-performance-available-in-red-black-white-and-blue\/","title":{"rendered":"Ryinz Celoko\u017een\u00e9 motocyklov\u00e9 pretek\u00e1rske rukavice - pr\u00e9miov\u00e9 rukavice na motorku pre mu\u017eov a \u017eeny - ochrana tvrd\u00fdch k\u013abov, pretek\u00e1rsky v\u00fdkon, k dispoz\u00edcii v \u010dervenej, \u010diernej, bielej a modrej farbe"},"content":{"rendered":"<p class=\"\" data-start=\"336\" data-end=\"738\">Pripravte sa na dokonal\u00fa ochranu a bezkonkuren\u010dn\u00fd \u0161t\u00fdl s <strong data-start=\"400\" data-end=\"447\">Ryinz Celoko\u017een\u00e9 motocyklov\u00e9 pretek\u00e1rske rukavice<\/strong>. Tieto rukavice s\u00fa ur\u010den\u00e9 pre v\u00e1\u017enych jazdcov a profesion\u00e1lnych pretek\u00e1rov a poskytuj\u00fa \u0161pi\u010dkov\u00fd v\u00fdkon, maxim\u00e1lnu ochranu a vynikaj\u00face pohodlie. \u010ci u\u017e pretek\u00e1te na okruhu, jazd\u00edte po dia\u013enici alebo v ter\u00e9ne, rukavice Ryinz na motorku udr\u017eia va\u0161e ruky v bezpe\u010d\u00ed, agiln\u00e9 a \u0161t\u00fdlov\u00e9.<\/p>\n<p class=\"\" data-start=\"740\" data-end=\"1219\">Vyroben\u00e9 z <strong data-start=\"758\" data-end=\"801\">100% pr\u00e9miov\u00e1 celoko\u017een\u00e1 hov\u00e4dzia ko\u017ea<\/strong>, tieto rukavice zaru\u010duj\u00fa v\u00fdnimo\u010dn\u00fa odolnos\u0165 proti oderu a trvanlivos\u0165. Ko\u017een\u00e1 kon\u0161trukcia zaru\u010duje nielen dlh\u00fa \u017eivotnos\u0165, ale aj prirodzen\u00e9 prisp\u00f4sobenie sa tvaru ruky, \u010d\u00edm sa \u010dasom prisp\u00f4sob\u00ed. Rukavice s\u00fa starostlivo pre\u0161it\u00e9 siln\u00fdmi ni\u0165ami, v\u010faka \u010domu s\u00fa ide\u00e1lne aj do t\u00fdch najn\u00e1ro\u010dnej\u0161\u00edch jazdeck\u00fdch podmienok. Ka\u017ed\u00fd centimeter rukav\u00edc je skon\u0161truovan\u00fd tak, aby vydr\u017eal extr\u00e9mne prostredie a ochr\u00e1nil v\u00e1s v pr\u00edpade nehody.<\/p>\n<p class=\"\" data-start=\"1221\" data-end=\"1602\">Na ochranu s\u00fa tieto pretek\u00e1rske rukavice Ryinz vybaven\u00e9 <strong data-start=\"1271\" data-end=\"1315\">pokro\u010dil\u00e9 tvrd\u00e9 brnenie k\u013abov z uhl\u00edkov\u00fdch vl\u00e1kien<\/strong>. Karb\u00f3nov\u00e9 k\u013aby chr\u00e1nia ruky pred n\u00e1razmi a zr\u00e1\u017ekami, zatia\u013e \u010do zosilnen\u00e9 chr\u00e1ni\u010de prstov poskytuj\u00fa dodato\u010dn\u00fa ochranu pred nebezpe\u010denstvom na ceste. Rukavice maj\u00fa aj polstrovan\u00fa ochranu na dlaniach, ktor\u00e1 minimalizuje vibr\u00e1cie od riadidiel a absorbuje n\u00e1razy v pr\u00edpade p\u00e1du.<\/p>\n<p class=\"\" data-start=\"1604\" data-end=\"1954\">Preteky si vy\u017eaduj\u00fa presnos\u0165 a kontrolu. Preto rukavice Ryinz pon\u00fakaj\u00fa <strong data-start=\"1673\" data-end=\"1718\">predkriven\u00e9 prsty a ergonomick\u00e9 oblo\u017eenie<\/strong>. Prehnut\u00e1 \u0161trukt\u00fara zni\u017euje \u00fanavu a umo\u017e\u0148uje prirodzen\u00fd pohyb prstov pre optim\u00e1lne dr\u017eanie plynu, brzdy a spojky. Oblas\u0165 dlane je vybaven\u00e1 \u010fal\u0161\u00edmi silik\u00f3nov\u00fdmi v\u00fdstuhami, ktor\u00e9 zais\u0165uj\u00fa vynikaj\u00facu pri\u013enavos\u0165 aj za mokra.<\/p>\n<p class=\"\" data-start=\"1956\" data-end=\"2332\">Rukavice na motorku Ryinz pre pohodlie jazdca obsahuj\u00fa <strong data-start=\"2007\" data-end=\"2039\">strategick\u00e9 vetracie panely<\/strong> na prstoch a z\u00e1p\u00e4st\u00ed, \u010do umo\u017e\u0148uje pr\u00fadenie vzduchu bez ohrozenia bezpe\u010dnosti. Tieto priedu\u0161n\u00e9 kon\u0161trukcie pom\u00e1haj\u00fa udr\u017ea\u0165 ruky v chlade a suchu aj po\u010das letn\u00fdch pretekov alebo dlh\u00fdch j\u00e1zd. Vn\u00fatorn\u00e1 pod\u0161\u00edvka odv\u00e1dzaj\u00faca pot dod\u00e1va \u010fal\u0161iu vrstvu pohodlia a zabra\u0148uje sk\u013aznutiu sp\u00f4soben\u00e9mu spoten\u00fdmi dla\u0148ami.<\/p>\n<p class=\"\" data-start=\"2334\" data-end=\"2654\">Rukavice sa m\u00f4\u017eu pochv\u00e1li\u0165 <strong data-start=\"2353\" data-end=\"2376\">dlh\u00e1, pred\u013a\u017een\u00e1 man\u017eeta<\/strong> dizajn s dvojit\u00fdm zap\u00ednan\u00edm na such\u00fd zips pre maxim\u00e1lnu ochranu z\u00e1p\u00e4stia a bezpe\u010dn\u00e9 uchytenie. Nastavite\u013en\u00e9 zap\u00ednanie zaru\u010duje, \u017ee rukavice zostan\u00fa pevne na svojom mieste aj po\u010das extr\u00e9mnych pretek\u00e1rskych man\u00e9vrov. T\u00e1to dodato\u010dn\u00e1 podpora z\u00e1p\u00e4stia je k\u013e\u00fa\u010dov\u00e1 pre prevenciu zranen\u00ed po\u010das neh\u00f4d vo vysok\u00fdch r\u00fdchlostiach.<\/p>\n<p class=\"\" data-start=\"2656\" data-end=\"3002\">\u0160t\u00fdl je rovnako d\u00f4le\u017eit\u00fd ako v\u00fdkon a pretek\u00e1rske rukavice Ryinz v\u00e1s nesklam\u00fa. K dispoz\u00edcii v <strong data-start=\"2755\" data-end=\"2809\">\u0161tyri v\u00fdrazn\u00e9 farby - \u010dierna, biela, \u010derven\u00e1 a modr\u00e1<\/strong> - tieto rukavice umo\u017e\u0148uj\u00fa jazdcom zladi\u0165 ich v\u00fdbavu alebo farby bicyklov. Odv\u00e1\u017eny dizajn v kombin\u00e1cii s elegantn\u00fdmi l\u00edniami a agres\u00edvnymi detailmi rob\u00ed z t\u00fdchto rukav\u00edc skuto\u010dn\u00fd p\u00fata\u010d pozornosti na trati aj mimo nej.<\/p>\n<p class=\"\" data-start=\"3004\" data-end=\"3020\"><strong data-start=\"3004\" data-end=\"3018\">Ide\u00e1lne pre:<\/strong><\/p>\n<ul data-start=\"3021\" data-end=\"3186\">\n<li class=\"\" data-start=\"3021\" data-end=\"3042\">\n<p class=\"\" data-start=\"3023\" data-end=\"3042\">Motocyklov\u00e9 preteky<\/p>\n<\/li>\n<li class=\"\" data-start=\"3043\" data-end=\"3063\">\n<p class=\"\" data-start=\"3045\" data-end=\"3063\">Jazda na \u0161portovom motocykli<\/p>\n<\/li>\n<li class=\"\" data-start=\"3064\" data-end=\"3084\">\n<p class=\"\" data-start=\"3066\" data-end=\"3084\">Cestovanie po dia\u013enici<\/p>\n<\/li>\n<li class=\"\" data-start=\"3085\" data-end=\"3106\">\n<p class=\"\" data-start=\"3087\" data-end=\"3106\">Dobrodru\u017en\u00e1 turistika<\/p>\n<\/li>\n<li class=\"\" data-start=\"3107\" data-end=\"3141\">\n<p class=\"\" data-start=\"3109\" data-end=\"3141\">Motokros a jazda na ter\u00e9nnom bicykli<\/p>\n<\/li>\n<li class=\"\" data-start=\"3142\" data-end=\"3186\">\n<p class=\"\" data-start=\"3144\" data-end=\"3186\">Dni na trati a profesion\u00e1lne s\u00fa\u0165a\u017ee<\/p>\n<\/li>\n<\/ul>\n<p class=\"\" data-start=\"3188\" data-end=\"3426\">Ka\u017ed\u00e1 rukavica Ryinz prech\u00e1dza pr\u00edsnou kontrolou kvality a testovan\u00edm v ter\u00e9ne, aby sa zabezpe\u010dilo, \u017ee sp\u013a\u0148a najvy\u0161\u0161ie bezpe\u010dnostn\u00e9 normy. Jazdci na celom svete d\u00f4veruj\u00fa spolo\u010dnosti Ryinz, \u017ee chr\u00e1ni ich ruky a z\u00e1rove\u0148 poskytuje bezkonkuren\u010dn\u00fd \u0161t\u00fdl, pohodlie a odolnos\u0165.<\/p>\n<p class=\"\" data-start=\"3428\" data-end=\"3592\">Ke\u010f ste v\u00e1\u0161niv\u00fd motork\u00e1r, nerob\u00edte kompromisy. Vyberte si <strong data-start=\"3500\" data-end=\"3547\">Ryinz Celoko\u017een\u00e9 motocyklov\u00e9 pretek\u00e1rske rukavice<\/strong> - navrhnut\u00e9 pre v\u00ed\u0165azov, vyroben\u00e9 pre \u0161ampi\u00f3nov.<\/p>\n<hr class=\"\" data-start=\"3594\" data-end=\"3597\" \/>\n<p class=\"\" data-start=\"3599\" data-end=\"3618\"><strong data-start=\"3599\" data-end=\"3616\">K\u013e\u00fa\u010dov\u00e9 vlastnosti:<\/strong><\/p>\n<ul data-start=\"3619\" data-end=\"4039\">\n<li class=\"\" data-start=\"3619\" data-end=\"3667\">\n<p class=\"\" data-start=\"3621\" data-end=\"3667\">100% Celozrnn\u00e1 kon\u0161trukcia z prvotriednej ko\u017ee<\/p>\n<\/li>\n<li class=\"\" data-start=\"3668\" data-end=\"3703\">\n<p class=\"\" data-start=\"3670\" data-end=\"3703\">Ochrana k\u013abov z uhl\u00edkov\u00fdch vl\u00e1kien<\/p>\n<\/li>\n<li class=\"\" data-start=\"3704\" data-end=\"3748\">\n<p class=\"\" data-start=\"3706\" data-end=\"3748\">Zosilnen\u00e9 klz\u00e1ky na dlani pre v\u00e4\u010d\u0161iu bezpe\u010dnos\u0165<\/p>\n<\/li>\n<li class=\"\" data-start=\"3749\" data-end=\"3787\">\n<p class=\"\" data-start=\"3751\" data-end=\"3787\">Predbe\u017ene zakriven\u00fd ergonomick\u00fd dizajn prstov<\/p>\n<\/li>\n<li class=\"\" data-start=\"3788\" data-end=\"3833\">\n<p class=\"\" data-start=\"3790\" data-end=\"3833\">Priedu\u0161n\u00e9 vetracie panely na chladenie<\/p>\n<\/li>\n<li class=\"\" data-start=\"3834\" data-end=\"3877\">\n<p class=\"\" data-start=\"3836\" data-end=\"3877\">Dlh\u00e1 man\u017eeta pre \u00fapln\u00fa ochranu z\u00e1p\u00e4stia<\/p>\n<\/li>\n<li class=\"\" data-start=\"3878\" data-end=\"3924\">\n<p class=\"\" data-start=\"3880\" data-end=\"3924\">Dvojit\u00e9 zap\u00ednanie na such\u00fd zips pre dokonal\u00e9 prisp\u00f4sobenie<\/p>\n<\/li>\n<li class=\"\" data-start=\"3925\" data-end=\"3964\">\n<p class=\"\" data-start=\"3927\" data-end=\"3964\">Siln\u00e9 \u0161itie na robustn\u00e9 pou\u017e\u00edvanie<\/p>\n<\/li>\n<li class=\"\" data-start=\"3965\" data-end=\"3998\">\n<p class=\"\" data-start=\"3967\" data-end=\"3998\">Vn\u00fatorn\u00e1 pod\u0161\u00edvka odv\u00e1dzaj\u00faca vlhkos\u0165<\/p>\n<\/li>\n<li class=\"\" data-start=\"3999\" data-end=\"4039\">\n<p class=\"\" data-start=\"4001\" data-end=\"4039\">K dispoz\u00edcii v \u010diernej, bielej, \u010dervenej a modrej farbe<\/p>\n<\/li>\n<\/ul>\n<p class=\"\" data-start=\"4041\" data-end=\"4065\"><strong data-start=\"4041\" data-end=\"4063\">Technick\u00e9 \u00fadaje:<\/strong><\/p>\n<ul data-start=\"4066\" data-end=\"4310\">\n<li class=\"\" data-start=\"4066\" data-end=\"4111\">\n<p class=\"\" data-start=\"4068\" data-end=\"4111\">Materi\u00e1l: 100% Celozrnn\u00e1 hov\u00e4dzia ko\u017ea<\/p>\n<\/li>\n<li class=\"\" data-start=\"4112\" data-end=\"4175\">\n<p class=\"\" data-start=\"4114\" data-end=\"4175\">Ochrana: Karb\u00f3nov\u00e9 k\u013aby, zosilnen\u00e9 dlane, pancier na prsty<\/p>\n<\/li>\n<li class=\"\" data-start=\"4176\" data-end=\"4203\">\n<p class=\"\" data-start=\"4178\" data-end=\"4203\">Ve\u013ekosti: S, M, L, XL, XXL<\/p>\n<\/li>\n<li class=\"\" data-start=\"4204\" data-end=\"4238\">\n<p class=\"\" data-start=\"4206\" data-end=\"4238\">Pohlavie: Unisex (mu\u017ei a \u017eeny)<\/p>\n<\/li>\n<li class=\"\" data-start=\"4239\" data-end=\"4274\">\n<p class=\"\" data-start=\"4241\" data-end=\"4274\">Uzavretie: Dvojit\u00fd nastavite\u013en\u00fd such\u00fd zips<\/p>\n<\/li>\n<li class=\"\" data-start=\"4275\" data-end=\"4310\">\n<p class=\"\" data-start=\"4277\" data-end=\"4310\">Farby: \u010cierna, \u010derven\u00e1, biela, modr\u00e1<\/p>\n<\/li>\n<\/ul>","protected":false},"excerpt":{"rendered":"<p>S celoko\u017een\u00fdmi motocyklov\u00fdmi rukavicami Ryinz posuniete svoje pretek\u00e1rske z\u00e1\u017eitky na vy\u0161\u0161iu \u00farove\u0148. Tieto rukavice, navrhnut\u00e9 pre seri\u00f3znych jazdcov, pon\u00fakaj\u00fa karb\u00f3nov\u00fa ochranu, celoko\u017een\u00fa kon\u0161trukciu, perfektn\u00fd strih a v\u00fdkon pripraven\u00fd na preteky.<\/p>\n<p class=\"\" data-start=\"3599\" data-end=\"3618\"><strong data-start=\"3599\" data-end=\"3616\">K\u013e\u00fa\u010dov\u00e9 vlastnosti:<\/strong><\/p>\n<ul data-start=\"3619\" data-end=\"4039\">\n<li class=\"\" data-start=\"3619\" data-end=\"3667\">\n<p class=\"\" data-start=\"3621\" data-end=\"3667\">100% Celozrnn\u00e1 kon\u0161trukcia z prvotriednej ko\u017ee<\/p>\n<\/li>\n<li class=\"\" data-start=\"3668\" data-end=\"3703\">\n<p class=\"\" data-start=\"3670\" data-end=\"3703\">Ochrana k\u013abov z uhl\u00edkov\u00fdch vl\u00e1kien<\/p>\n<\/li>\n<li class=\"\" data-start=\"3704\" data-end=\"3748\">\n<p class=\"\" data-start=\"3706\" data-end=\"3748\">Zosilnen\u00e9 klz\u00e1ky na dlani pre v\u00e4\u010d\u0161iu bezpe\u010dnos\u0165<\/p>\n<\/li>\n<li class=\"\" data-start=\"3749\" data-end=\"3787\">\n<p class=\"\" data-start=\"3751\" data-end=\"3787\">Predbe\u017ene zakriven\u00fd ergonomick\u00fd dizajn prstov<\/p>\n<\/li>\n<li class=\"\" data-start=\"3788\" data-end=\"3833\">\n<p class=\"\" data-start=\"3790\" data-end=\"3833\">Priedu\u0161n\u00e9 vetracie panely na chladenie<\/p>\n<\/li>\n<li class=\"\" data-start=\"3834\" data-end=\"3877\">\n<p class=\"\" data-start=\"3836\" data-end=\"3877\">Dlh\u00e1 man\u017eeta pre \u00fapln\u00fa ochranu z\u00e1p\u00e4stia<\/p>\n<\/li>\n<\/ul>","protected":false},"featured_media":9021,"comment_status":"closed","ping_status":"closed","template":"","meta":[],"product_brand":[35],"product_cat":[1111,122],"product_tag":[125,126,127,123],"class_list":{"0":"post-8966","1":"product","2":"type-product","3":"status-publish","4":"has-post-thumbnail","6":"product_brand-ryinz","7":"product_cat-motorbike","8":"product_cat-motorbike-racing-gloves","9":"product_tag-environmentally-friendly-motorbike-gloves","10":"product_tag-gillani-gloves","11":"product_tag-knuckle-protection-gloves","12":"product_tag-racing-gloves","14":"first","15":"instock","16":"taxable","17":"shipping-taxable","18":"purchasable","19":"product-type-simple"},"_links":{"self":[{"href":"https:\/\/ryinz.cz\/velkoobchod\/sk\/wp-json\/wp\/v2\/product\/8966","targetHints":{"allow":["GET"]}}],"collection":[{"href":"https:\/\/ryinz.cz\/velkoobchod\/sk\/wp-json\/wp\/v2\/product"}],"about":[{"href":"https:\/\/ryinz.cz\/velkoobchod\/sk\/wp-json\/wp\/v2\/types\/product"}],"replies":[{"embeddable":true,"href":"https:\/\/ryinz.cz\/velkoobchod\/sk\/wp-json\/wp\/v2\/comments?post=8966"}],"wp:featuredmedia":[{"embeddable":true,"href":"https:\/\/ryinz.cz\/velkoobchod\/sk\/wp-json\/wp\/v2\/media\/9021"}],"wp:attachment":[{"href":"https:\/\/ryinz.cz\/velkoobchod\/sk\/wp-json\/wp\/v2\/media?parent=8966"}],"wp:term":[{"taxonomy":"product_brand","embeddable":true,"href":"https:\/\/ryinz.cz\/velkoobchod\/sk\/wp-json\/wp\/v2\/product_brand?post=8966"},{"taxonomy":"product_cat","embeddable":true,"href":"https:\/\/ryinz.cz\/velkoobchod\/sk\/wp-json\/wp\/v2\/product_cat?post=8966"},{"taxonomy":"product_tag","embeddable":true,"href":"https:\/\/ryinz.cz\/velkoobchod\/sk\/wp-json\/wp\/v2\/product_tag?post=8966"}],"curies":[{"name":"wp","href":"https:\/\/api.w.org\/{rel}","templated":true}]}}