{"id":8965,"date":"2025-08-26T11:48:32","date_gmt":"2025-08-26T11:48:32","guid":{"rendered":"https:\/\/ryinz.cz\/velkoobchod\/?post_type=product&#038;p=8965"},"modified":"2026-01-18T20:17:08","modified_gmt":"2026-01-18T20:17:08","slug":"ryinz-premiove-pretekarske-rukavice-na-motorku-s-ochranou-z-uhlikovych-vlakien","status":"publish","type":"product","link":"https:\/\/ryinz.cz\/velkoobchod\/sk\/product\/ryinz-premium-motorbike-racing-gloves-with-carbon-fiber-protection\/","title":{"rendered":"RYINZ Pr\u00e9miov\u00e9 motocyklov\u00e9 pretek\u00e1rske rukavice s ochranou z uhl\u00edkov\u00fdch vl\u00e1kien"},"content":{"rendered":"<p class=\"\" data-start=\"592\" data-end=\"961\">Predstavujeme <strong data-start=\"608\" data-end=\"678\">RYINZ Pr\u00e9miov\u00e9 motocyklov\u00e9 pretek\u00e1rske rukavice s ochranou z uhl\u00edkov\u00fdch vl\u00e1kien<\/strong>, revolu\u010dn\u00fd dizajn, ktor\u00fd sp\u00e1ja v\u00fdkon, bezpe\u010dnos\u0165 a \u0161t\u00fdl pre ka\u017ed\u00e9ho nad\u0161enca motoriek. Tieto rukavice s\u00fa prec\u00edzne navrhnut\u00e9 pre maxim\u00e1lnu kontrolu, dokonal\u00fa pri\u013enavos\u0165 a bezkonkuren\u010dn\u00fa ochranu, v\u010faka \u010domu s\u00fa dokonal\u00fdm spolo\u010dn\u00edkom na preteky, cestovanie a ka\u017edodenn\u00e9 doch\u00e1dzanie do pr\u00e1ce.<\/p>\n<p class=\"\" data-start=\"963\" data-end=\"1413\">Rukavice RYINZ Motorbike Racing s\u00fa vyroben\u00e9 z vysokokvalitnej pravej ko\u017ee a pon\u00fakaj\u00fa vynikaj\u00facu odolnos\u0165 a luxusn\u00fd pocit. Za\u010dlenenie ochrany k\u013abov z uhl\u00edkov\u00fdch vl\u00e1kien zaru\u010duje, \u017ee va\u0161e ruky s\u00fa chr\u00e1nen\u00e9 pred n\u00e1razmi, odreninami a zraneniami, a poskytuje tak najvy\u0161\u0161ie bezpe\u010dnostn\u00e9 \u0161tandardy na trati alebo na ceste. Inovat\u00edvny dizajn je vybaven\u00fd priedu\u0161n\u00fdmi perfor\u00e1ciami na udr\u017eanie pr\u00fadenia vzduchu, v\u010faka \u010domu zostan\u00fa va\u0161e ruky chladn\u00e9 a such\u00e9 aj po\u010das intenz\u00edvnej jazdy.<\/p>\n<p class=\"\" data-start=\"1415\" data-end=\"1836\">Tieto rukavice sa m\u00f4\u017eu pochv\u00e1li\u0165 ergonomickou kon\u0161trukciou s vopred zakriven\u00fdmi prstami, ktor\u00e1 zni\u017euje \u00fanavu a zvy\u0161uje pohodlie po\u010das dlh\u00fdch j\u00e1zd. Zosilnen\u00e9 polstrovanie dlane zlep\u0161uje tlmenie n\u00e1razov a pon\u00faka vynikaj\u00facu kontrolu nad \u00fachopom, \u010d\u00edm zaru\u010duje, \u017ee sa budete pevne dr\u017ea\u0165 riadidiel bez oh\u013eadu na podmienky. Pru\u017en\u00e1 kon\u0161trukcia umo\u017e\u0148uje pln\u00fd pohyb prstov bez obmedzen\u00ed, \u010d\u00edm posil\u0148uje va\u0161u obratnos\u0165 a reak\u010dn\u00fd \u010das na bicykli.<\/p>\n<p class=\"\" data-start=\"1838\" data-end=\"2172\">Rukavice RYINZ s\u00fa navrhnut\u00e9 pre modern\u00fdch jazdcov a s\u00fa vybaven\u00e9 kon\u010dekmi prstov kompatibiln\u00fdmi s dotykovou obrazovkou, \u010do v\u00e1m umo\u017e\u0148uje pou\u017e\u00edva\u0165 smartf\u00f3n, GPS alebo in\u00e9 zariadenia bez toho, aby ste si museli vyzlieka\u0165 rukavice. Nastavite\u013en\u00e9 zap\u00ednanie na such\u00fd zips na z\u00e1p\u00e4st\u00ed zais\u0165uje bezpe\u010dn\u00e9 a individu\u00e1lne prisp\u00f4sobenie, poskytuje dodato\u010dn\u00fa podporu z\u00e1p\u00e4stia a zabra\u0148uje sk\u013aznutiu po\u010das jazdy.<\/p>\n<p class=\"\" data-start=\"2174\" data-end=\"2435\">Tieto rukavice poskytuj\u00fa \u0161pi\u010dkov\u00fd v\u00fdkon s d\u00f4razom na bezpe\u010dnos\u0165 a pohodlie bez oh\u013eadu na to, \u010di jazd\u00edte na pretek\u00e1rskej trati, na dia\u013enici alebo v uliciach mesta. V\u010faka elegantn\u00e9mu a agres\u00edvnemu dizajnu nielen chr\u00e1nia, ale aj vylep\u0161uj\u00fa v\u00e1\u0161 jazdeck\u00fd vzh\u013ead.<\/p>\n<p class=\"\" data-start=\"2437\" data-end=\"2821\">Na str\u00e1nke <strong data-start=\"2440\" data-end=\"2449\">RYINZ<\/strong>, ch\u00e1peme, \u017ee seri\u00f3zni jazdci potrebuj\u00fa seri\u00f3znu v\u00fdbavu. Na\u0161e motocyklov\u00e9 pretek\u00e1rske rukavice s\u00fa starostlivo vyroben\u00e9 tak, aby poskytovali odolnos\u0165, pru\u017enos\u0165 a spo\u013eahlivos\u0165, ktor\u00e9 potrebujete na ka\u017ed\u00e9 dobrodru\u017estvo. Ka\u017ed\u00fd p\u00e1r je vyroben\u00fd pod\u013ea pr\u00edsnych noriem s pou\u017eit\u00edm najlep\u0161\u00edch materi\u00e1lov a najmodernej\u0161\u00edch techn\u00edk, \u010do zaru\u010duje dlhotrvaj\u00faci v\u00fdkon aj v t\u00fdch najn\u00e1ro\u010dnej\u0161\u00edch podmienkach.<\/p>\n<p class=\"\" data-start=\"2823\" data-end=\"3140\">Tieto rukavice s\u00fa ide\u00e1lne na motocyklov\u00e9 preteky, pouli\u010dn\u00e9 preteky, motokros, supermoto, dobrodru\u017en\u00fa jazdu, jazdu na \u0161portovom motocykli, cruiser biking, kaskad\u00e9rsku jazdu a profesion\u00e1lne pretek\u00e1rske podujatia. S\u00fa skon\u0161truovan\u00e9 tak, aby vydr\u017eali naj\u0165a\u017e\u0161ie podmienky, a pon\u00fakaj\u00fa odolnos\u0165 proti opotrebovaniu, \u00falomkom z cesty, n\u00e1razom vetra a n\u00e1hodn\u00fdm p\u00e1dom.<\/p>\n<p class=\"\" data-start=\"3142\" data-end=\"3445\">V\u010faka svojej univerz\u00e1lnej pr\u00ed\u0165a\u017elivosti si rukavice RYINZ Motorbike Racing ob\u013e\u00fabili pretek\u00e1ri, hobbyisti, profesion\u00e1lni motork\u00e1ri, \u013eudia doch\u00e1dzaj\u00faci do pr\u00e1ce a milovn\u00edci moto dobrodru\u017estiev po celom svete. Vyberte si rukavice RYINZ pre jazdeck\u00fd z\u00e1\u017eitok, ktor\u00fd s\u013eubuje dokonalos\u0165, presnos\u0165 a ochranu - preto\u017ee va\u0161e ruky si zasl\u00fa\u017eia len to najlep\u0161ie.<\/p>\n<hr class=\"\" data-start=\"3447\" data-end=\"3450\" \/>\n<h3 class=\"\" data-start=\"3452\" data-end=\"3475\"><strong data-start=\"3456\" data-end=\"3473\">K\u013e\u00fa\u010dov\u00e9 vlastnosti:<\/strong><\/h3>\n<ul data-start=\"3476\" data-end=\"4342\">\n<li class=\"\" data-start=\"3476\" data-end=\"3526\">\n<p class=\"\" data-start=\"3478\" data-end=\"3526\">Pr\u00e9miov\u00e1 prav\u00e1 ko\u017ea pre maxim\u00e1lnu odolnos\u0165<\/p>\n<\/li>\n<li class=\"\" data-start=\"3527\" data-end=\"3589\">\n<p class=\"\" data-start=\"3529\" data-end=\"3589\">Chr\u00e1ni\u010de k\u013abov z uhl\u00edkov\u00fdch vl\u00e1kien pre vynikaj\u00facu ochranu pred n\u00e1razmi<\/p>\n<\/li>\n<li class=\"\" data-start=\"3590\" data-end=\"3646\">\n<p class=\"\" data-start=\"3592\" data-end=\"3646\">Priedu\u0161n\u00fd perforovan\u00fd dizajn pre optim\u00e1lne vetranie<\/p>\n<\/li>\n<li class=\"\" data-start=\"3647\" data-end=\"3697\">\n<p class=\"\" data-start=\"3649\" data-end=\"3697\">Predbe\u017ene zakriven\u00e9 ergonomick\u00e9 prsty na zn\u00ed\u017eenie \u00fanavy<\/p>\n<\/li>\n<li class=\"\" data-start=\"3698\" data-end=\"3760\">\n<p class=\"\" data-start=\"3700\" data-end=\"3760\">Polstrovanie dlane absorbuj\u00face n\u00e1razy pre lep\u0161\u00ed \u00fachop a pohodlie<\/p>\n<\/li>\n<li class=\"\" data-start=\"3761\" data-end=\"3821\">\n<p class=\"\" data-start=\"3763\" data-end=\"3821\">Nastavite\u013en\u00fd p\u00e1sik na z\u00e1p\u00e4stie so such\u00fdm zipsom pre bezpe\u010dn\u00e9 a prisp\u00f4soben\u00e9 nosenie<\/p>\n<\/li>\n<li class=\"\" data-start=\"3822\" data-end=\"3875\">\n<p class=\"\" data-start=\"3824\" data-end=\"3875\">Kompatibiln\u00e9 s dotykov\u00fdm displejom pre pohodlie<\/p>\n<\/li>\n<li class=\"\" data-start=\"3876\" data-end=\"3935\">\n<p class=\"\" data-start=\"3878\" data-end=\"3935\">Elegantn\u00fd, agres\u00edvny dizajn vhodn\u00fd pre profesion\u00e1lnych jazdcov<\/p>\n<\/li>\n<li class=\"\" data-start=\"3936\" data-end=\"3995\">\n<p class=\"\" data-start=\"3938\" data-end=\"3995\">Zosilnen\u00e9 \u0161itie pre v\u00e4\u010d\u0161iu pevnos\u0165 a spo\u013eahlivos\u0165<\/p>\n<\/li>\n<li class=\"\" data-start=\"3996\" data-end=\"4060\">\n<p class=\"\" data-start=\"3998\" data-end=\"4060\">Vhodn\u00e9 na preteky, turistiku, doch\u00e1dzanie do pr\u00e1ce a dobrodru\u017en\u00e9 jazdy<\/p>\n<\/li>\n<li class=\"\" data-start=\"4061\" data-end=\"4116\">\n<p class=\"\" data-start=\"4063\" data-end=\"4116\">Odolnos\u0165 vo\u010di odrenin\u00e1m, cestn\u00fdm ne\u010distot\u00e1m a chladn\u00e9mu vetru<\/p>\n<\/li>\n<li class=\"\" data-start=\"4117\" data-end=\"4168\">\n<p class=\"\" data-start=\"4119\" data-end=\"4168\">\u013dahk\u00e1, ale silne ochrann\u00e1 kon\u0161trukcia<\/p>\n<\/li>\n<li class=\"\" data-start=\"4169\" data-end=\"4230\">\n<p class=\"\" data-start=\"4171\" data-end=\"4230\">Prec\u00edzne vyroben\u00e9 pre profesion\u00e1lnych aj pr\u00edle\u017eitostn\u00fdch cyklistov<\/p>\n<\/li>\n<li class=\"\" data-start=\"4231\" data-end=\"4289\">\n<p class=\"\" data-start=\"4233\" data-end=\"4289\">Flexibiln\u00e9 a vysoko citliv\u00e9 pre lep\u0161ie ovl\u00e1danie bicykla<\/p>\n<\/li>\n<li class=\"\" data-start=\"4290\" data-end=\"4342\">\n<p class=\"\" data-start=\"4292\" data-end=\"4342\">Ide\u00e1lne na v\u0161etky ro\u010dn\u00e9 obdobia vr\u00e1tane miernej zimy<\/p>\n<\/li>\n<\/ul>","protected":false},"excerpt":{"rendered":"<p>Za\u017eite bezkonkuren\u010dn\u00fa ochranu a pohodlie s pretek\u00e1rskymi rukavicami RYINZ Premium Motorbike Racing. Tieto rukavice s\u00fa navrhnut\u00e9 s chr\u00e1ni\u010dmi k\u013abov z uhl\u00edkov\u00fdch vl\u00e1kien, pr\u00e9miovou ko\u017eenou kon\u0161trukciou a ergonomick\u00fdm strihom a s\u00fa ur\u010den\u00e9 pre jazdcov, ktor\u00ed vy\u017eaduj\u00fa v\u00fdkon, bezpe\u010dnos\u0165 a \u0161t\u00fdl. S\u00fa ide\u00e1lne na preteky, pouli\u010dn\u00fa cyklistiku, turistiku a ka\u017edodenn\u00e9 jazdy.<\/p>\n<h3 class=\"\" data-start=\"3452\" data-end=\"3475\"><strong data-start=\"3456\" data-end=\"3473\">K\u013e\u00fa\u010dov\u00e9 vlastnosti:<\/strong><\/h3>\n<ul data-start=\"3476\" data-end=\"4342\">\n<li class=\"\" data-start=\"3476\" data-end=\"3526\">\n<p class=\"\" data-start=\"3478\" data-end=\"3526\">Pr\u00e9miov\u00e1 prav\u00e1 ko\u017ea pre maxim\u00e1lnu odolnos\u0165<\/p>\n<\/li>\n<li class=\"\" data-start=\"3476\" data-end=\"3526\">\n<p class=\"\" data-start=\"3478\" data-end=\"3526\">Chr\u00e1ni\u010de k\u013abov z uhl\u00edkov\u00fdch vl\u00e1kien pre vynikaj\u00facu ochranu pred n\u00e1razmi<\/p>\n<\/li>\n<li class=\"\" data-start=\"3590\" data-end=\"3646\">\n<p class=\"\" data-start=\"3592\" data-end=\"3646\">Priedu\u0161n\u00fd perforovan\u00fd dizajn pre optim\u00e1lne vetranie<\/p>\n<\/li>\n<li class=\"\" data-start=\"3647\" data-end=\"3697\">\n<p class=\"\" data-start=\"3649\" data-end=\"3697\">Predbe\u017ene zakriven\u00e9 ergonomick\u00e9 prsty na zn\u00ed\u017eenie \u00fanavy<\/p>\n<\/li>\n<li class=\"\" data-start=\"3698\" data-end=\"3760\">\n<p class=\"\" data-start=\"3700\" data-end=\"3760\">Polstrovanie dlane absorbuj\u00face n\u00e1razy pre lep\u0161\u00ed \u00fachop a pohodlie<\/p>\n<\/li>\n<li class=\"\" data-start=\"3761\" data-end=\"3821\">\n<p class=\"\" data-start=\"3763\" data-end=\"3821\">Nastavite\u013en\u00fd p\u00e1sik na z\u00e1p\u00e4stie so such\u00fdm zipsom pre bezpe\u010dn\u00e9 a prisp\u00f4soben\u00e9 nosenie<\/p>\n<\/li>\n<\/ul>","protected":false},"featured_media":9026,"comment_status":"closed","ping_status":"closed","template":"","meta":[],"product_brand":[35],"product_cat":[1111,122],"product_tag":[124,123],"class_list":{"0":"post-8965","1":"product","2":"type-product","3":"status-publish","4":"has-post-thumbnail","6":"product_brand-ryinz","7":"product_cat-motorbike","8":"product_cat-motorbike-racing-gloves","9":"product_tag-motorbike-racing-gloves","10":"product_tag-racing-gloves","12":"first","13":"instock","14":"taxable","15":"shipping-taxable","16":"purchasable","17":"product-type-simple"},"_links":{"self":[{"href":"https:\/\/ryinz.cz\/velkoobchod\/sk\/wp-json\/wp\/v2\/product\/8965","targetHints":{"allow":["GET"]}}],"collection":[{"href":"https:\/\/ryinz.cz\/velkoobchod\/sk\/wp-json\/wp\/v2\/product"}],"about":[{"href":"https:\/\/ryinz.cz\/velkoobchod\/sk\/wp-json\/wp\/v2\/types\/product"}],"replies":[{"embeddable":true,"href":"https:\/\/ryinz.cz\/velkoobchod\/sk\/wp-json\/wp\/v2\/comments?post=8965"}],"wp:featuredmedia":[{"embeddable":true,"href":"https:\/\/ryinz.cz\/velkoobchod\/sk\/wp-json\/wp\/v2\/media\/9026"}],"wp:attachment":[{"href":"https:\/\/ryinz.cz\/velkoobchod\/sk\/wp-json\/wp\/v2\/media?parent=8965"}],"wp:term":[{"taxonomy":"product_brand","embeddable":true,"href":"https:\/\/ryinz.cz\/velkoobchod\/sk\/wp-json\/wp\/v2\/product_brand?post=8965"},{"taxonomy":"product_cat","embeddable":true,"href":"https:\/\/ryinz.cz\/velkoobchod\/sk\/wp-json\/wp\/v2\/product_cat?post=8965"},{"taxonomy":"product_tag","embeddable":true,"href":"https:\/\/ryinz.cz\/velkoobchod\/sk\/wp-json\/wp\/v2\/product_tag?post=8965"}],"curies":[{"name":"wp","href":"https:\/\/api.w.org\/{rel}","templated":true}]}}