{"id":8964,"date":"2025-08-26T11:48:32","date_gmt":"2025-08-26T11:48:32","guid":{"rendered":"https:\/\/ryinz.cz\/velkoobchod\/?post_type=product&#038;p=8964"},"modified":"2026-01-18T20:17:06","modified_gmt":"2026-01-18T20:17:06","slug":"ryinz-premiove-kozene-pretekarske-rukavice-na-motorku-plna-ochrana-ruk-s-karbonovym-pancierom-rukavice-na-motorku-na-pretekanie-a-dobrodruznu-jazdu-k-dispozicii-v-cervenej-ciernej-farbe","status":"publish","type":"product","link":"https:\/\/ryinz.cz\/velkoobchod\/sk\/product\/ryinz-premium-leather-motorcycle-racing-gloves-full-hand-protection-with-carbon-armor-motorbike-gloves-for-racing-cruising-and-adventure-riding-available-in-red-black\/","title":{"rendered":"Ryinz Pr\u00e9miov\u00e9 ko\u017een\u00e9 pretek\u00e1rske rukavice na motorku - \u00fapln\u00e1 ochrana r\u00fak s karb\u00f3nov\u00fdm pancierom - rukavice na motorku na preteky, cestovanie a dobrodru\u017en\u00fa jazdu - k dispoz\u00edcii v \u010dervenej, \u010diernej, bielej a modrej farbe"},"content":{"rendered":"<p class=\"\" data-start=\"338\" data-end=\"723\">Vst\u00fapte do dokonal\u00e9ho jazdeck\u00e9ho z\u00e1\u017eitku s ko\u017een\u00fdmi pretek\u00e1rskymi rukavicami Ryinz Premium - kde sa ochrana sn\u00fabi s v\u00fdkonom. Tieto rukavice, navrhnut\u00e9 pre seri\u00f3znych jazdcov, ktor\u00ed vy\u017eaduj\u00fa odolnos\u0165, \u0161t\u00fdl a bezkonkuren\u010dn\u00fa ochranu r\u00fak, s\u00fa navrhnut\u00e9 tak, aby dosahovali lep\u0161ie v\u00fdsledky za ka\u017ed\u00fdch podmienok, \u010di u\u017e pretek\u00e1te, jazd\u00edte po dia\u013eniciach alebo sk\u00famate n\u00e1ro\u010dn\u00fd ter\u00e9n.<\/p>\n<p class=\"\" data-start=\"725\" data-end=\"1102\">Tieto rukavice s\u00fa vyroben\u00e9 z najkvalitnej\u0161ej prvotriednej ko\u017ee a poskytuj\u00fa v\u00fdnimo\u010dn\u00fa kombin\u00e1ciu pru\u017enosti a odolnosti, v\u010faka \u010domu v\u00e1m poskytuj\u00fa vynikaj\u00face pohodlie bez toho, aby ste museli obetova\u0165 ochranu. Rukavice maj\u00fa celoplo\u0161ne zosilnen\u00fa kon\u0161trukciu, ktor\u00e1 kombinuje najnov\u0161ie technol\u00f3gie v oblasti absorpcie n\u00e1razov a odolnosti proti oderu, aby chr\u00e1nila va\u0161e ruky pred p\u00e1dmi, kol\u00edziami a nebezpe\u010denstvami na ceste.<\/p>\n<p class=\"\" data-start=\"1104\" data-end=\"1579\">Strategicky umiestnen\u00e9 k\u013aby a chr\u00e1ni\u010de prstov z karb\u00f3nov\u00e9ho panciera poskytuj\u00fa maxim\u00e1lnu ochranu pred n\u00e1hlymi n\u00e1razmi, zatia\u013e \u010do inteligentn\u00fd ergonomick\u00fd dizajn zabezpe\u010duje prirodzen\u00e9 zakrivenie ruky, \u010d\u00edm sa predch\u00e1dza \u00fanave r\u00fak pri dlh\u00fdch jazd\u00e1ch. Ventila\u010dn\u00e9 panely s\u00fa odborne integrovan\u00e9 tak, aby udr\u017eiavali pr\u00fadenie vzduchu a udr\u017eiavali va\u0161e ruky chladn\u00e9 a such\u00e9 aj po\u010das intenz\u00edvnych letn\u00fdch j\u00e1zd. Rukavice pon\u00fakaj\u00fa nastavite\u013en\u00fd syst\u00e9m zap\u00ednania na z\u00e1p\u00e4st\u00ed, v\u010faka ktor\u00e9mu v\u00e1m dobre a bezpe\u010dne padn\u00fa a neprepustia prach, ne\u010distoty a da\u017e\u010fov\u00fa vodu.<\/p>\n<p class=\"\" data-start=\"1581\" data-end=\"1945\">Oblasti dlan\u00ed s\u00fa vystu\u017een\u00e9 proti\u0161mykov\u00fdmi polstrovan\u00fdmi v\u00fdstuhami, ktor\u00e9 zaru\u010duj\u00fa vynikaj\u00facu pri\u013enavos\u0165 k riadidl\u00e1m a zlep\u0161uj\u00fa va\u0161u kontrolu pri vysok\u00fdch r\u00fdchlostiach alebo na nerovnom ter\u00e9ne. \u010ci u\u017e ste profesion\u00e1lny pretek\u00e1r, v\u00edkendov\u00fd dobrodruh, alebo denne doch\u00e1dzate do pr\u00e1ce, pretek\u00e1rske rukavice Ryinz s\u013eubuj\u00fa dokonal\u00fa kombin\u00e1ciu bezpe\u010dnosti, funk\u010dnosti a pohodlia jazdca.<\/p>\n<p class=\"\" data-start=\"1947\" data-end=\"2222\">V\u010faka viacer\u00fdm farebn\u00fdm variantom - \u010dervenej, \u010diernej, bielej a modrej - s\u00fa tieto rukavice navrhnut\u00e9 tak, aby sa hodili k v\u00e1\u0161mu bicyklu, v\u00fdstroju a osobn\u00e9mu \u0161t\u00fdlu. Jemn\u00e1 zna\u010dka Ryinz ozna\u010duje rukavice ako symbol prvotriednej kvality a d\u00f4very, v\u010faka \u010domu vyniknete eleganciou a autoritou.<\/p>\n<p class=\"\" data-start=\"2224\" data-end=\"2455\">Tieto rukavice, ktor\u00e9 s\u00fa testovan\u00e9 z h\u013eadiska spo\u013eahlivosti a ktor\u00fdm d\u00f4veruj\u00fa jazdci na celom svete, s\u00fa povinnou v\u00fdbavou pre ka\u017ed\u00e9ho, kto db\u00e1 na bezpe\u010dnos\u0165 a pohodlie pri jazde. Za\u017eite dokonal\u00fa kombin\u00e1ciu formy, funk\u010dnosti a ne\u013e\u00fatostnej ochrany - iba s rukavicami Ryinz.<\/p>\n<hr class=\"\" data-start=\"2457\" data-end=\"2460\" \/>\n<p class=\"\" data-start=\"2462\" data-end=\"2481\"><strong data-start=\"2462\" data-end=\"2479\">K\u013e\u00fa\u010dov\u00e9 vlastnosti:<\/strong><\/p>\n<ul data-start=\"2482\" data-end=\"3500\">\n<li class=\"\" data-start=\"2482\" data-end=\"2587\">\n<p class=\"\" data-start=\"2484\" data-end=\"2587\"><strong data-start=\"2484\" data-end=\"2515\">Pr\u00e9miov\u00e1 celoko\u017een\u00e1 ko\u017ea:<\/strong> M\u00e4kk\u00e1, ale odoln\u00e1 kon\u0161trukcia pre maxim\u00e1lnu ochranu a flexibilitu.<\/p>\n<\/li>\n<li class=\"\" data-start=\"2588\" data-end=\"2685\">\n<p class=\"\" data-start=\"2590\" data-end=\"2685\"><strong data-start=\"2590\" data-end=\"2613\">Pancier z uhl\u00edkov\u00fdch vl\u00e1kien:<\/strong> Zosilnen\u00e9 k\u013aby a chr\u00e1ni\u010de prstov pre vy\u0161\u0161iu odolnos\u0165 vo\u010di n\u00e1razom.<\/p>\n<\/li>\n<li class=\"\" data-start=\"2686\" data-end=\"2795\">\n<p class=\"\" data-start=\"2688\" data-end=\"2795\"><strong data-start=\"2688\" data-end=\"2722\">Pokro\u010dil\u00e1 technol\u00f3gia \u00fachopu do dlane:<\/strong> Nek\u013azav\u00fd dizajn polstrovanej dlane pre lep\u0161ie ovl\u00e1danie a zn\u00ed\u017eenie vibr\u00e1ci\u00ed.<\/p>\n<\/li>\n<li class=\"\" data-start=\"2796\" data-end=\"2895\">\n<p class=\"\" data-start=\"2798\" data-end=\"2895\"><strong data-start=\"2798\" data-end=\"2832\">Priedu\u0161n\u00e9 vetracie panely:<\/strong> Udr\u017eiavajte ruky v suchu a pohodl\u00ed po\u010das letn\u00fdch a dlh\u00fdch j\u00e1zd.<\/p>\n<\/li>\n<li class=\"\" data-start=\"2896\" data-end=\"2997\">\n<p class=\"\" data-start=\"2898\" data-end=\"2997\"><strong data-start=\"2898\" data-end=\"2916\">Ergonomick\u00e9 prisp\u00f4sobenie:<\/strong> Prirodzen\u00e9 tvarovanie kriviek zni\u017euje \u00fanavu r\u00fak a umo\u017e\u0148uje lep\u0161iu ovl\u00e1date\u013enos\u0165.<\/p>\n<\/li>\n<li class=\"\" data-start=\"2998\" data-end=\"3093\">\n<p class=\"\" data-start=\"3000\" data-end=\"3093\"><strong data-start=\"3000\" data-end=\"3029\">Nastavite\u013en\u00fd uz\u00e1ver na z\u00e1p\u00e4st\u00ed:<\/strong> Zabezpe\u010duje bezpe\u010dn\u00e9 a individu\u00e1lne prisp\u00f4sobenie pre r\u00f4zne ve\u013ekosti z\u00e1p\u00e4stia.<\/p>\n<\/li>\n<li class=\"\" data-start=\"3094\" data-end=\"3188\">\n<p class=\"\" data-start=\"3096\" data-end=\"3188\"><strong data-start=\"3096\" data-end=\"3122\">Pena na absorpciu n\u00e1razov:<\/strong> Pridan\u00e9 polstrovanie v k\u013e\u00fa\u010dov\u00fdch z\u00f3nach n\u00e1razu pre dodato\u010dn\u00fa ochranu r\u00fak.<\/p>\n<\/li>\n<li class=\"\" data-start=\"3189\" data-end=\"3292\">\n<p class=\"\" data-start=\"3191\" data-end=\"3292\"><strong data-start=\"3191\" data-end=\"3220\">Viacfarebn\u00e9 Dostupnos\u0165:<\/strong> Pon\u00faka sa v \u010dervenej, \u010diernej, bielej a modrej farbe, aby sa hodil k v\u00e1\u0161mu motocyklov\u00e9mu vybaveniu.<\/p>\n<\/li>\n<li class=\"\" data-start=\"3293\" data-end=\"3404\">\n<p class=\"\" data-start=\"3295\" data-end=\"3404\"><strong data-start=\"3295\" data-end=\"3325\">Kompatibilita s dotykov\u00fdm displejom:<\/strong> Navrhnut\u00e9 na jednoduch\u00e9 pou\u017e\u00edvanie zariadenia bez nutnosti vyzliekania rukav\u00edc (volite\u013en\u00e1 verzia).<\/p>\n<\/li>\n<li class=\"\" data-start=\"3405\" data-end=\"3500\">\n<p class=\"\" data-start=\"3407\" data-end=\"3500\"><strong data-start=\"3407\" data-end=\"3439\">Profesion\u00e1lna pretek\u00e1rska kvalita:<\/strong> D\u00f4veruj\u00fa mu pretek\u00e1ri, cruiseri a dobrodru\u017en\u00ed jazdci po celom svete.<\/p>\n<\/li>\n<\/ul>","protected":false},"excerpt":{"rendered":"<p class=\"\" data-start=\"2462\" data-end=\"2481\"><strong data-start=\"2462\" data-end=\"2479\">K\u013e\u00fa\u010dov\u00e9 vlastnosti:<\/strong><\/p>\n<ul data-start=\"2482\" data-end=\"3500\">\n<li class=\"\" data-start=\"2482\" data-end=\"2587\">\n<p class=\"\" data-start=\"2484\" data-end=\"2587\"><strong data-start=\"2484\" data-end=\"2515\">Pr\u00e9miov\u00e1 celoko\u017een\u00e1 ko\u017ea:<\/strong> M\u00e4kk\u00e1, ale odoln\u00e1 kon\u0161trukcia pre maxim\u00e1lnu ochranu a flexibilitu.<\/p>\n<\/li>\n<li class=\"\" data-start=\"2588\" data-end=\"2685\">\n<p class=\"\" data-start=\"2590\" data-end=\"2685\"><strong data-start=\"2590\" data-end=\"2613\">Pancier z uhl\u00edkov\u00fdch vl\u00e1kien:<\/strong> Zosilnen\u00e9 k\u013aby a chr\u00e1ni\u010de prstov pre vy\u0161\u0161iu odolnos\u0165 vo\u010di n\u00e1razom.<\/p>\n<\/li>\n<li class=\"\" data-start=\"2686\" data-end=\"2795\">\n<p class=\"\" data-start=\"2688\" data-end=\"2795\"><strong data-start=\"2688\" data-end=\"2722\">Pokro\u010dil\u00e1 technol\u00f3gia \u00fachopu do dlane:<\/strong> Nek\u013azav\u00fd dizajn polstrovanej dlane pre lep\u0161ie ovl\u00e1danie a zn\u00ed\u017eenie vibr\u00e1ci\u00ed.<\/p>\n<\/li>\n<li class=\"\" data-start=\"2796\" data-end=\"2895\">\n<p class=\"\" data-start=\"2798\" data-end=\"2895\"><strong data-start=\"2798\" data-end=\"2832\">Priedu\u0161n\u00e9 vetracie panely:<\/strong> Udr\u017eiavajte ruky v suchu a pohodl\u00ed po\u010das letn\u00fdch a dlh\u00fdch j\u00e1zd.<\/p>\n<\/li>\n<li class=\"\" data-start=\"2896\" data-end=\"2997\">\n<p class=\"\" data-start=\"2898\" data-end=\"2997\"><strong data-start=\"2898\" data-end=\"2916\">Ergonomick\u00e9 prisp\u00f4sobenie:<\/strong> Prirodzen\u00e9 tvarovanie kriviek zni\u017euje \u00fanavu r\u00fak a umo\u017e\u0148uje lep\u0161iu ovl\u00e1date\u013enos\u0165.<\/p>\n<\/li>\n<li class=\"\" data-start=\"2998\" data-end=\"3093\">\n<p class=\"\" data-start=\"3000\" data-end=\"3093\"><strong data-start=\"3000\" data-end=\"3029\">Nastavite\u013en\u00fd uz\u00e1ver na z\u00e1p\u00e4st\u00ed:<\/strong> Zabezpe\u010duje bezpe\u010dn\u00e9 a individu\u00e1lne prisp\u00f4sobenie pre r\u00f4zne ve\u013ekosti z\u00e1p\u00e4stia.<\/p>\n<\/li>\n<\/ul>","protected":false},"featured_media":9020,"comment_status":"closed","ping_status":"closed","template":"","meta":[],"product_brand":[35],"product_cat":[1111,122],"product_tag":[124,123],"class_list":{"0":"post-8964","1":"product","2":"type-product","3":"status-publish","4":"has-post-thumbnail","6":"product_brand-ryinz","7":"product_cat-motorbike","8":"product_cat-motorbike-racing-gloves","9":"product_tag-motorbike-racing-gloves","10":"product_tag-racing-gloves","12":"first","13":"instock","14":"taxable","15":"shipping-taxable","16":"purchasable","17":"product-type-simple"},"_links":{"self":[{"href":"https:\/\/ryinz.cz\/velkoobchod\/sk\/wp-json\/wp\/v2\/product\/8964","targetHints":{"allow":["GET"]}}],"collection":[{"href":"https:\/\/ryinz.cz\/velkoobchod\/sk\/wp-json\/wp\/v2\/product"}],"about":[{"href":"https:\/\/ryinz.cz\/velkoobchod\/sk\/wp-json\/wp\/v2\/types\/product"}],"replies":[{"embeddable":true,"href":"https:\/\/ryinz.cz\/velkoobchod\/sk\/wp-json\/wp\/v2\/comments?post=8964"}],"wp:featuredmedia":[{"embeddable":true,"href":"https:\/\/ryinz.cz\/velkoobchod\/sk\/wp-json\/wp\/v2\/media\/9020"}],"wp:attachment":[{"href":"https:\/\/ryinz.cz\/velkoobchod\/sk\/wp-json\/wp\/v2\/media?parent=8964"}],"wp:term":[{"taxonomy":"product_brand","embeddable":true,"href":"https:\/\/ryinz.cz\/velkoobchod\/sk\/wp-json\/wp\/v2\/product_brand?post=8964"},{"taxonomy":"product_cat","embeddable":true,"href":"https:\/\/ryinz.cz\/velkoobchod\/sk\/wp-json\/wp\/v2\/product_cat?post=8964"},{"taxonomy":"product_tag","embeddable":true,"href":"https:\/\/ryinz.cz\/velkoobchod\/sk\/wp-json\/wp\/v2\/product_tag?post=8964"}],"curies":[{"name":"wp","href":"https:\/\/api.w.org\/{rel}","templated":true}]}}