{"id":8963,"date":"2025-08-26T11:48:32","date_gmt":"2025-08-26T11:48:32","guid":{"rendered":"https:\/\/ryinz.cz\/velkoobchod\/?post_type=product&#038;p=8963"},"modified":"2026-01-18T20:17:06","modified_gmt":"2026-01-18T20:17:06","slug":"ryinz-motocyklove-pretekarske-rukavice-vyrobca-ochrannych-pomocok-na-motorku-velkoobchod","status":"publish","type":"product","link":"https:\/\/ryinz.cz\/velkoobchod\/sk\/product\/ryinz-motorcycle-racing-gloves-motorbike-protective-gear-manufacturer-wholesale\/","title":{"rendered":"RYINZ Motocyklov\u00e9 pretek\u00e1rske rukavice | Motocyklov\u00e9 ochrann\u00e9 vybavenie | V\u00fdrobca a ve\u013ekoobchod"},"content":{"rendered":"<p class=\"\" data-start=\"274\" data-end=\"737\">Za\u017eite dokonal\u00fa ochranu a v\u00fdkon s <strong data-start=\"330\" data-end=\"364\">RYINZ Motocyklov\u00e9 pretek\u00e1rske rukavice<\/strong>, starostlivo vytvoren\u00fd pre profesion\u00e1lnych jazdcov, pouli\u010dn\u00fdch pretek\u00e1rov a dobrodru\u017en\u00fdch motocyklistov. Tieto rukavice, navrhnut\u00e9 na jazdu vysokou r\u00fdchlos\u0165ou a intenz\u00edvne pretek\u00e1rske podmienky, poskytuj\u00fa bezkonkuren\u010dn\u00fa odolnos\u0165, ochranu, pohodlie a \u0161t\u00fdl. Bez oh\u013eadu na to, \u010di ste ka\u017edodenn\u00fd motork\u00e1r, ktor\u00fd doch\u00e1dza do pr\u00e1ce, alebo nad\u0161enec do pretekov na okruhu. <strong data-start=\"671\" data-end=\"694\">Z\u00e1vodn\u00e9 rukavice RYINZ<\/strong> s\u00fa t\u00fdm najlep\u0161\u00edm partnerom na va\u0161ej ceste.<\/p>\n<p class=\"\" data-start=\"739\" data-end=\"1178\">Tieto rukavice s\u00fa vyroben\u00e9 z prvotriednej syntetickej ko\u017ee a materi\u00e1lov odoln\u00fdch proti oderu, aby odolali n\u00e1razom, \u0161myku a sklzu. Pevne tvarovan\u00fd pancier k\u013abov, zosilnen\u00e9 polstrovanie dlane a pru\u017en\u00e1 ochrana prstov poskytuj\u00fa \u00fapln\u00fa bezpe\u010dnos\u0165 bez toho, aby bola ohrozen\u00e1 flexibilita. Strategicky umiestnen\u00e1 ochrana z uhl\u00edkov\u00fdch vl\u00e1kien zvy\u0161uje pevnos\u0165 na kritick\u00fdch miestach, \u010d\u00edm poskytuje va\u0161im ruk\u00e1m pokro\u010dil\u00fa ochranu pred p\u00e1dmi a n\u00e1razmi pri vysok\u00fdch r\u00fdchlostiach.<\/p>\n<p class=\"\" data-start=\"1180\" data-end=\"1567\">Ergonomicky navrhnut\u00e9 predkriven\u00e9 prsty zabezpe\u010duj\u00fa prirodzen\u00e9 dr\u017eanie riadidiel, \u010d\u00edm podporuj\u00fa lep\u0161iu kontrolu a zni\u017euj\u00fa \u00fanavu po\u010das dlh\u00fdch j\u00e1zd. Priedu\u0161n\u00e9 panely zo sie\u0165oviny s\u00fa inteligentne umiestnen\u00e9 tak, aby zlep\u0161ovali pr\u00fadenie vzduchu, a udr\u017eiavali va\u0161e ruky chladn\u00e9 a bez potu aj po\u010das hor\u00facich letn\u00fdch j\u00e1zd. Nastavite\u013en\u00e9 zap\u00ednanie na z\u00e1p\u00e4st\u00ed zais\u0165uje pohodln\u00e9 nosenie a umo\u017e\u0148uje bezprobl\u00e9mov\u00e9 obliekanie a vyzliekanie rukav\u00edc.<\/p>\n<p class=\"\" data-start=\"1569\" data-end=\"1908\">Navrhnut\u00e9 tak, aby sp\u013a\u0148ali potreby najn\u00e1ro\u010dnej\u0161\u00edch jazdcov, <strong data-start=\"1626\" data-end=\"1652\">Motocyklov\u00e9 rukavice RYINZ<\/strong> s\u00fa testovan\u00e9 pre pretek\u00e1rske prostredie a pon\u00fakaj\u00fa optim\u00e1lny v\u00fdkon pri agres\u00edvnej jazde, doch\u00e1dzan\u00ed do mesta, turistike a dobrodru\u017estv\u00e1ch v ter\u00e9ne. Od be\u017enej jazdy a\u017e po s\u00fa\u0165a\u017en\u00e9 preteky - tieto rukavice zv\u00fd\u0161ia v\u00e1\u0161 z\u00e1\u017eitok z jazdy v\u010faka kvalite na profesion\u00e1lnej \u00farovni.<\/p>\n<p class=\"\" data-start=\"1910\" data-end=\"2219\">Str\u00e1nka <strong data-start=\"1914\" data-end=\"1957\">\u0161t\u00fdlov\u00fd dvojfarebn\u00fd \u010dierno-hned\u00fd dizajn<\/strong> robia z t\u00fdchto rukav\u00edc nielen ochrann\u00fd prostriedok, ale aj m\u00f3dny doplnok pre motork\u00e1rov, ktor\u00ed odmietaj\u00fa robi\u0165 kompromisy vo vzh\u013eade. Zosilnen\u00e9 \u0161itie zaru\u010duje, \u017ee ka\u017ed\u00fd p\u00e1r vydr\u017e\u00ed roky n\u00e1ro\u010dn\u00e9ho pou\u017e\u00edvania, od ka\u017edodenn\u00e9ho doch\u00e1dzania do pr\u00e1ce a\u017e po drsn\u00fd ter\u00e9n a n\u00e1ro\u010dn\u00e9 okruhy.<\/p>\n<p class=\"\" data-start=\"2221\" data-end=\"2499\"><strong data-start=\"2221\" data-end=\"2248\">RYINZ Rukavice na motorku<\/strong> d\u00f4veruj\u00fa motocyklov\u00ed pretek\u00e1ri, majitelia superbikov, turistick\u00ed jazdci, ter\u00e9nni motork\u00e1ri a kaskad\u00e9ri po celom svete. \u010ci u\u017e jazd\u00edte na cruiseri, \u0161portovej motorke alebo dobrodru\u017enom turistickom motocykli, RYINZ zaru\u010duje vynikaj\u00face pohodlie, prisp\u00f4sobenie, pri\u013enavos\u0165 a bezpe\u010dnos\u0165.<\/p>\n<p class=\"\" data-start=\"2501\" data-end=\"2518\"><strong data-start=\"2501\" data-end=\"2518\">K\u013e\u00fa\u010dov\u00e9 vlastnosti:<\/strong><\/p>\n<ul data-start=\"2519\" data-end=\"4057\">\n<li class=\"\" data-start=\"2519\" data-end=\"2632\">\n<p class=\"\" data-start=\"2521\" data-end=\"2632\"><strong data-start=\"2521\" data-end=\"2544\">Pr\u00e9miov\u00e1 ochrana:<\/strong> Tvrd\u00fd pancier k\u013abov a zosilnen\u00e9 chr\u00e1ni\u010de prstov chr\u00e1nia pred n\u00e1razmi a odreninami.<\/p>\n<\/li>\n<li class=\"\" data-start=\"2633\" data-end=\"2743\">\n<p class=\"\" data-start=\"2635\" data-end=\"2743\"><strong data-start=\"2635\" data-end=\"2653\">Pokro\u010dil\u00fd \u00fachop:<\/strong> Proti\u0161mykov\u00e9 vank\u00fa\u0161iky na dlani a ergonomick\u00e1 kon\u0161trukcia prstov pre dokonal\u00fa kontrolu nad riadidlami.<\/p>\n<\/li>\n<li class=\"\" data-start=\"2744\" data-end=\"2860\">\n<p class=\"\" data-start=\"2746\" data-end=\"2860\"><strong data-start=\"2746\" data-end=\"2769\">\u0160pi\u010dkov\u00e9 materi\u00e1ly:<\/strong> Vyroben\u00e9 z vysokokvalitnej syntetickej ko\u017ee odolnej vo\u010di oderu a priedu\u0161nej sie\u0165oviny.<\/p>\n<\/li>\n<li class=\"\" data-start=\"2861\" data-end=\"2958\">\n<p class=\"\" data-start=\"2863\" data-end=\"2958\"><strong data-start=\"2863\" data-end=\"2881\">Pohodlie jazdca:<\/strong> Prehnut\u00fd dizajn zni\u017euje \u00fanavu r\u00fak a zabezpe\u010duje prirodzen\u00fd postoj pri jazde.<\/p>\n<\/li>\n<li class=\"\" data-start=\"2959\" data-end=\"3057\">\n<p class=\"\" data-start=\"2961\" data-end=\"3057\"><strong data-start=\"2961\" data-end=\"2977\">Perfektne sa hod\u00ed:<\/strong> Nastavite\u013en\u00e9 z\u00e1p\u00e4stn\u00e9 popruhy so such\u00fdm zipsom pon\u00fakaj\u00fa bezpe\u010dn\u00e9 a prisp\u00f4sobite\u013en\u00e9 nosenie.<\/p>\n<\/li>\n<li class=\"\" data-start=\"3058\" data-end=\"3163\">\n<p class=\"\" data-start=\"3060\" data-end=\"3163\"><strong data-start=\"3060\" data-end=\"3087\">Priedu\u0161n\u00e1 ventil\u00e1cia:<\/strong> Strategicky umiestnen\u00e9 panely zo sie\u0165oviny zlep\u0161uj\u00fa pr\u00fadenie vzduchu, \u010do je ide\u00e1lne na letn\u00e9 jazdy.<\/p>\n<\/li>\n<li class=\"\" data-start=\"3164\" data-end=\"3249\">\n<p class=\"\" data-start=\"3166\" data-end=\"3249\"><strong data-start=\"3166\" data-end=\"3183\">\u0160t\u00fdlov\u00fd vzh\u013ead:<\/strong> Jedine\u010dn\u00e1 \u010dierno-hned\u00e1 kombin\u00e1cia s modernou pretek\u00e1rskou estetikou.<\/p>\n<\/li>\n<li class=\"\" data-start=\"3250\" data-end=\"3355\">\n<p class=\"\" data-start=\"3252\" data-end=\"3355\"><strong data-start=\"3252\" data-end=\"3272\">V\u0161estrann\u00e9 pou\u017eitie:<\/strong> Ide\u00e1lne na jazdu v meste, jazdu po dia\u013enici, profesion\u00e1lne preteky a jazdu v ter\u00e9ne.<\/p>\n<\/li>\n<li class=\"\" data-start=\"3356\" data-end=\"3451\">\n<p class=\"\" data-start=\"3358\" data-end=\"3451\"><strong data-start=\"3358\" data-end=\"3373\">Odolnos\u0165:<\/strong> Zosilnen\u00e9 \u0161vy a n\u00e1razov\u00e9 z\u00f3ny na pred\u013a\u017eenie \u017eivotnosti aj pri n\u00e1ro\u010dnom pou\u017e\u00edvan\u00ed.<\/p>\n<\/li>\n<li class=\"\" data-start=\"3452\" data-end=\"3574\">\n<p class=\"\" data-start=\"3454\" data-end=\"3574\"><strong data-start=\"3454\" data-end=\"3477\">Odolnos\u0165 vo\u010di poveternostn\u00fdm vplyvom:<\/strong> S\u00fa navrhnut\u00e9 do r\u00f4znych poveternostn\u00fdch podmienok a udr\u017eiavaj\u00fa ruky chr\u00e1nen\u00e9 a pohodln\u00e9.<\/p>\n<\/li>\n<li class=\"\" data-start=\"3575\" data-end=\"3694\">\n<p class=\"\" data-start=\"3577\" data-end=\"3694\"><strong data-start=\"3577\" data-end=\"3608\">Kompatibilita s dotykovou obrazovkou:<\/strong> \u0160peci\u00e1lne kon\u010deky prstov umo\u017e\u0148uj\u00fa pou\u017e\u00edva\u0165 smartf\u00f3ny a zariadenia GPS bez nutnosti vyzliec\u0165 si rukavice.<\/p>\n<\/li>\n<li class=\"\" data-start=\"3695\" data-end=\"3806\">\n<p class=\"\" data-start=\"3697\" data-end=\"3806\"><strong data-start=\"3697\" data-end=\"3728\">V\u00fdrobca a ve\u013ekoobchod:<\/strong> Hromadn\u00e9 dod\u00e1vky pre predajcov, pretek\u00e1rske t\u00edmy a obchody s motocyklov\u00fdm vybaven\u00edm.<\/p>\n<\/li>\n<li class=\"\" data-start=\"3807\" data-end=\"3893\">\n<p class=\"\" data-start=\"3809\" data-end=\"3893\"><strong data-start=\"3809\" data-end=\"3829\">Dostupn\u00e9 ve\u013ekosti:<\/strong> Viacero ve\u013ekost\u00ed (S, M, L, XL, XXL), ktor\u00e9 vyhovuj\u00fa v\u0161etk\u00fdm typom r\u00fak.<\/p>\n<\/li>\n<li class=\"\" data-start=\"3894\" data-end=\"3974\">\n<p class=\"\" data-start=\"3896\" data-end=\"3974\"><strong data-start=\"3896\" data-end=\"3913\">Testovan\u00fd jazdec:<\/strong> D\u00f4veruj\u00fa mu profesion\u00e1lni aj amat\u00e9rski pretek\u00e1ri na celom svete.<\/p>\n<\/li>\n<li class=\"\" data-start=\"3975\" data-end=\"4057\">\n<p class=\"\" data-start=\"3977\" data-end=\"4057\"><strong data-start=\"3977\" data-end=\"3999\">Ofici\u00e1lna zna\u010dka:<\/strong> Ofici\u00e1lne logo RYINZ zaru\u010duje originalitu a pravos\u0165.<\/p>\n<\/li>\n<\/ul>\n<p class=\"\" data-start=\"4059\" data-end=\"4227\"><strong data-start=\"4059\" data-end=\"4073\">Pr\u00edpady pou\u017eitia:<\/strong><br data-start=\"4073\" data-end=\"4076\" \/>Motocyklov\u00e9 preteky, superbike touring, jazda na motokrose, dobrodru\u017en\u00e1 jazda na bicykli, off-road rallye, doch\u00e1dzanie do pr\u00e1ce na mestskom motocykli, jazda na sk\u00fatri a extr\u00e9mne \u0161porty.<\/p>\n<p class=\"\" data-start=\"4229\" data-end=\"4386\"><strong data-start=\"4229\" data-end=\"4251\">Pokyny na starostlivos\u0165:<\/strong><br data-start=\"4251\" data-end=\"4254\" \/>Um\u00fdvajte len ru\u010dne s jemn\u00fdm mydlom. Su\u0161te prirodzene. Aby sa zachovala celistvos\u0165 materi\u00e1lu, nevystavujte ho dlh\u0161\u00ed \u010das priamemu slne\u010dn\u00e9mu \u017eiareniu.<\/p>\n<p class=\"\" data-start=\"4388\" data-end=\"4656\"><strong data-start=\"4388\" data-end=\"4404\">O spolo\u010dnosti RYINZ:<\/strong><br data-start=\"4404\" data-end=\"4407\" \/>Spolo\u010dnos\u0165 RYINZ je d\u00f4veryhodnou zna\u010dkou v oblasti v\u00fdroby a ve\u013ekoobchodn\u00fdch dod\u00e1vok prvotriednych motocyklov\u00fdch rukav\u00edc a bezpe\u010dnostn\u00e9ho vybavenia pre jazdcov. Na\u0161a v\u00e1\u0161e\u0148 pre v\u00fdkon, ochranu a inov\u00e1cie n\u00e1s vedie k tomu, aby sme dod\u00e1vali prvotriedne v\u00fdrobky pre motocyklistov na celom svete.<\/p>","protected":false},"excerpt":{"rendered":"<p class=\"\" data-start=\"2501\" data-end=\"2518\"><strong data-start=\"2501\" data-end=\"2518\">K\u013e\u00fa\u010dov\u00e9 vlastnosti:<\/strong><\/p>\n<ul data-start=\"2519\" data-end=\"4057\">\n<li class=\"\" data-start=\"2519\" data-end=\"2632\">\n<p class=\"\" data-start=\"2521\" data-end=\"2632\"><strong data-start=\"2521\" data-end=\"2544\">Pr\u00e9miov\u00e1 ochrana:<\/strong> Tvrd\u00fd pancier k\u013abov a zosilnen\u00e9 chr\u00e1ni\u010de prstov chr\u00e1nia pred n\u00e1razmi a odreninami.<\/p>\n<\/li>\n<li class=\"\" data-start=\"2633\" data-end=\"2743\">\n<p class=\"\" data-start=\"2635\" data-end=\"2743\"><strong data-start=\"2635\" data-end=\"2653\">Pokro\u010dil\u00fd \u00fachop:<\/strong> Proti\u0161mykov\u00e9 vank\u00fa\u0161iky na dlani a ergonomick\u00e1 kon\u0161trukcia prstov pre dokonal\u00fa kontrolu nad riadidlami.<\/p>\n<\/li>\n<li class=\"\" data-start=\"2744\" data-end=\"2860\">\n<p class=\"\" data-start=\"2746\" data-end=\"2860\"><strong data-start=\"2746\" data-end=\"2769\">\u0160pi\u010dkov\u00e9 materi\u00e1ly:<\/strong> Vyroben\u00e9 z vysokokvalitnej syntetickej ko\u017ee odolnej vo\u010di oderu a priedu\u0161nej sie\u0165oviny.<\/p>\n<\/li>\n<li class=\"\" data-start=\"2861\" data-end=\"2958\">\n<p class=\"\" data-start=\"2863\" data-end=\"2958\"><strong data-start=\"2863\" data-end=\"2881\">Pohodlie jazdca:<\/strong> Prehnut\u00fd dizajn zni\u017euje \u00fanavu r\u00fak a zabezpe\u010duje prirodzen\u00fd postoj pri jazde.<\/p>\n<\/li>\n<li class=\"\" data-start=\"2959\" data-end=\"3057\">\n<p class=\"\" data-start=\"2961\" data-end=\"3057\"><strong data-start=\"2961\" data-end=\"2977\">Perfektne sa hod\u00ed:<\/strong> Nastavite\u013en\u00e9 z\u00e1p\u00e4stn\u00e9 popruhy so such\u00fdm zipsom pon\u00fakaj\u00fa bezpe\u010dn\u00e9 a prisp\u00f4sobite\u013en\u00e9 nosenie.<\/p>\n<\/li>\n<\/ul>","protected":false},"featured_media":9019,"comment_status":"closed","ping_status":"closed","template":"","meta":[],"product_brand":[35],"product_cat":[1111,122],"product_tag":[121,123],"class_list":{"0":"post-8963","1":"product","2":"type-product","3":"status-publish","4":"has-post-thumbnail","6":"product_brand-ryinz","7":"product_cat-motorbike","8":"product_cat-motorbike-racing-gloves","9":"product_tag-motorbike-gloves","10":"product_tag-racing-gloves","12":"first","13":"instock","14":"taxable","15":"shipping-taxable","16":"purchasable","17":"product-type-simple"},"_links":{"self":[{"href":"https:\/\/ryinz.cz\/velkoobchod\/sk\/wp-json\/wp\/v2\/product\/8963","targetHints":{"allow":["GET"]}}],"collection":[{"href":"https:\/\/ryinz.cz\/velkoobchod\/sk\/wp-json\/wp\/v2\/product"}],"about":[{"href":"https:\/\/ryinz.cz\/velkoobchod\/sk\/wp-json\/wp\/v2\/types\/product"}],"replies":[{"embeddable":true,"href":"https:\/\/ryinz.cz\/velkoobchod\/sk\/wp-json\/wp\/v2\/comments?post=8963"}],"wp:featuredmedia":[{"embeddable":true,"href":"https:\/\/ryinz.cz\/velkoobchod\/sk\/wp-json\/wp\/v2\/media\/9019"}],"wp:attachment":[{"href":"https:\/\/ryinz.cz\/velkoobchod\/sk\/wp-json\/wp\/v2\/media?parent=8963"}],"wp:term":[{"taxonomy":"product_brand","embeddable":true,"href":"https:\/\/ryinz.cz\/velkoobchod\/sk\/wp-json\/wp\/v2\/product_brand?post=8963"},{"taxonomy":"product_cat","embeddable":true,"href":"https:\/\/ryinz.cz\/velkoobchod\/sk\/wp-json\/wp\/v2\/product_cat?post=8963"},{"taxonomy":"product_tag","embeddable":true,"href":"https:\/\/ryinz.cz\/velkoobchod\/sk\/wp-json\/wp\/v2\/product_tag?post=8963"}],"curies":[{"name":"wp","href":"https:\/\/api.w.org\/{rel}","templated":true}]}}