{"id":8962,"date":"2025-06-22T15:23:29","date_gmt":"2025-06-22T15:23:29","guid":{"rendered":"https:\/\/ryinz.cz\/velkoobchod\/?post_type=product&#038;p=8962"},"modified":"2026-01-18T20:17:05","modified_gmt":"2026-01-18T20:17:05","slug":"ryinz-vojenske-takticke-polprstove-rukavice-armadne-bojove-policajne-strelecke-vybavenie-profesionalny-vyrobca-velkoobchodny-dodavatel","status":"publish","type":"product","link":"https:\/\/ryinz.cz\/velkoobchod\/sk\/product\/ryinz-military-tactical-half-finger-gloves-army-combat-police-shooting-gear-professional-manufacturer-wholesale-supplier\/","title":{"rendered":"Ryinz Military Tactical Half Finger Gloves - Army Combat, Police, Shooting Gear | Profesion\u00e1lny v\u00fdrobca a ve\u013ekoobchodn\u00fd dod\u00e1vate\u013e"},"content":{"rendered":"<p class=\"\" data-start=\"438\" data-end=\"847\">Zv\u00fd\u0161te svoj taktick\u00fd v\u00fdkon pomocou <strong data-start=\"481\" data-end=\"527\">Ryinz Vojensk\u00e9 taktick\u00e9 rukavice s polovi\u010dn\u00fdmi prstami<\/strong>, skon\u0161truovan\u00e9 pre maxim\u00e1lne ovl\u00e1danie, odolnos\u0165 a pohodlie v n\u00e1ro\u010dn\u00fdch prostrediach. Tieto arm\u00e1dne zelen\u00e9 bojov\u00e9 rukavice s\u00fa ur\u010den\u00e9 pre vojensk\u00fd person\u00e1l, policajtov, t\u00edmy presadzovania pr\u00e1va, streleck\u00fdch nad\u0161encov, po\u013eovn\u00edkov, milovn\u00edkov pre\u017eitia a dobrodruhov v pr\u00edrode, ktor\u00ed vy\u017eaduj\u00fa ochranu a presnos\u0165 na profesion\u00e1lnej \u00farovni.<\/p>\n<p class=\"\" data-start=\"849\" data-end=\"1048\">Ako <strong data-start=\"854\" data-end=\"901\">popredn\u00fd v\u00fdrobca a ve\u013ekoobchodn\u00fd dod\u00e1vate\u013e<\/strong> taktick\u00fdch rukav\u00edc v Eur\u00f3pe a na medzin\u00e1rodnej \u00farovni, <strong data-start=\"952\" data-end=\"961\">Ryinz<\/strong> sa zameriava na vytv\u00e1ranie produktov, ktor\u00e9 sp\u013a\u0148aj\u00fa re\u00e1lne potreby taktick\u00fdch profesion\u00e1lov.<\/p>\n<p class=\"\" data-start=\"1050\" data-end=\"1392\">Kon\u0161truovan\u00e9 s <strong data-start=\"1067\" data-end=\"1100\">zosilnen\u00e1 ochrana k\u013abov<\/strong> a vysoko v\u00fdkonn\u00fdch syntetick\u00fdch tkan\u00edn, tieto rukavice poskytuj\u00fa dokonal\u00fa ochranu proti n\u00e1razom pri zachovan\u00ed vynikaj\u00facej flexibility. Str\u00e1nka . <strong data-start=\"1236\" data-end=\"1258\">dizajn s polovi\u010dn\u00fdm prstom<\/strong> poskytuje zv\u00fd\u0161en\u00fa obratnos\u0165, \u010do umo\u017e\u0148uje lep\u0161ie ovl\u00e1danie sp\u00fa\u0161te, manipul\u00e1ciu so zbra\u0148ou a obsluhu v\u00fdstroja bez toho, aby bola obetovan\u00e1 ochrana.<\/p>\n<p class=\"\" data-start=\"1394\" data-end=\"1705\">Str\u00e1nka <strong data-start=\"1398\" data-end=\"1420\">proti\u0161mykov\u00e1 rukov\u00e4\u0165 na dlani<\/strong> zais\u0165uj\u00fa pevn\u00e9 uchopenie zbran\u00ed, n\u00e1strojov alebo riadidiel, v\u010faka \u010domu s\u00fa tieto rukavice nevyhnutn\u00e9 pre boj zbl\u00edzka (CQB), taktick\u00fa stre\u013ebu, mestsk\u00e9 oper\u00e1cie a tr\u00e9ning pre\u017eitia v pr\u00edrode. Priedu\u0161n\u00e9 materi\u00e1ly umo\u017e\u0148uj\u00fa pr\u00fadenie vzduchu, v\u010faka \u010domu zostan\u00fa va\u0161e ruky chladn\u00e9 a such\u00e9 aj pri extr\u00e9mnych teplot\u00e1ch.<\/p>\n<p class=\"\" data-start=\"1707\" data-end=\"1973\">Vojensk\u00e9 taktick\u00e9 rukavice Ryinz s\u00fa odoln\u00e9 pre n\u00e1ro\u010dn\u00e9 misie. <strong data-start=\"1783\" data-end=\"1819\">nastavite\u013en\u00e9 such\u00e9 zipsy na z\u00e1p\u00e4st\u00ed<\/strong> pre bezpe\u010dn\u00e9 uchytenie na mieru a odoln\u00e1 kon\u0161trukcia zaru\u010duje, \u017ee tieto rukavice vydr\u017eia odreniny, rezn\u00e9 rany a ka\u017edodenn\u00e9 nosenie po\u010das intenz\u00edvnych taktick\u00fdch scen\u00e1rov.<\/p>\n<p class=\"\" data-start=\"1975\" data-end=\"2388\">\u010ci u\u017e ste zapojen\u00ed do <strong data-start=\"2003\" data-end=\"2111\">vojensk\u00e9 cvi\u010denia, policajn\u00e9 oper\u00e1cie v ter\u00e9ne, taktick\u00fd v\u00fdcvik, dobrodru\u017estv\u00e1 v pr\u00edrode alebo misie na pre\u017eitie.<\/strong>, Rukavice Ryinz s\u00fa va\u0161\u00edm dokonal\u00fdm partnerom pri obrane. Na\u0161e odborn\u00e9 znalosti v oblasti <strong data-start=\"2178\" data-end=\"2199\">V\u00fdroba OEM<\/strong> tie\u017e umo\u017e\u0148uje <strong data-start=\"2216\" data-end=\"2242\">priv\u00e1tna zna\u010dka<\/strong>, n\u00e1vrhy na mieru a rie\u0161enia hromadn\u00fdch objedn\u00e1vok pre distrib\u00fatorov taktick\u00e9ho vybavenia, org\u00e1ny \u010dinn\u00e9 v trestnom konan\u00ed, arm\u00e1dnych dod\u00e1vate\u013eov a maloobchodn\u00edkov s outdoorov\u00fdmi \u0161portmi.<\/p>\n<p class=\"\" data-start=\"2390\" data-end=\"2411\">Perfektne sa hod\u00ed pre:<\/p>\n<ul data-start=\"2412\" data-end=\"2765\">\n<li class=\"\" data-start=\"2412\" data-end=\"2456\">\n<p class=\"\" data-start=\"2414\" data-end=\"2456\">Vojensk\u00e9 taktick\u00e9 t\u00edmy a misie v ter\u00e9ne<\/p>\n<\/li>\n<li class=\"\" data-start=\"2457\" data-end=\"2485\">\n<p class=\"\" data-start=\"2459\" data-end=\"2485\">Oper\u00e1cie presadzovania pr\u00e1va<\/p>\n<\/li>\n<li class=\"\" data-start=\"2486\" data-end=\"2505\">\n<p class=\"\" data-start=\"2488\" data-end=\"2505\">Policajn\u00e9 jednotky SWAT<\/p>\n<\/li>\n<li class=\"\" data-start=\"2506\" data-end=\"2546\">\n<p class=\"\" data-start=\"2508\" data-end=\"2546\">\u0160peci\u00e1lne jednotky a dod\u00e1vatelia obrann\u00fdch slu\u017eieb<\/p>\n<\/li>\n<li class=\"\" data-start=\"2547\" data-end=\"2585\">\n<p class=\"\" data-start=\"2549\" data-end=\"2585\">Cvi\u010denie a v\u00fdcvik na strelnici<\/p>\n<\/li>\n<li class=\"\" data-start=\"2586\" data-end=\"2619\">\n<p class=\"\" data-start=\"2588\" data-end=\"2619\">Loveck\u00e9 a ryb\u00e1rske v\u00fdpravy<\/p>\n<\/li>\n<li class=\"\" data-start=\"2620\" data-end=\"2647\">\n<p class=\"\" data-start=\"2622\" data-end=\"2647\">Jazdci na motocykloch a \u0161tvorkolk\u00e1ch<\/p>\n<\/li>\n<li class=\"\" data-start=\"2648\" data-end=\"2683\">\n<p class=\"\" data-start=\"2650\" data-end=\"2683\">Bezpe\u010dnostn\u00ed pracovn\u00edci a str\u00e1\u017ecovia<\/p>\n<\/li>\n<li class=\"\" data-start=\"2684\" data-end=\"2719\">\n<p class=\"\" data-start=\"2686\" data-end=\"2719\">Nad\u0161enci airsoftu a paintballu<\/p>\n<\/li>\n<li class=\"\" data-start=\"2720\" data-end=\"2765\">\n<p class=\"\" data-start=\"2722\" data-end=\"2765\">Predajcovia outdoorov\u00e9ho vybavenia na pre\u017eitie a dobrodru\u017estvo<\/p>\n<\/li>\n<\/ul>\n<p class=\"\" data-start=\"2767\" data-end=\"2786\">\u2705 <strong data-start=\"2769\" data-end=\"2786\">K\u013e\u00fa\u010dov\u00e9 vlastnosti:<\/strong><\/p>\n<ul data-start=\"2787\" data-end=\"3611\">\n<li class=\"\" data-start=\"2787\" data-end=\"2843\">\n<p class=\"\" data-start=\"2789\" data-end=\"2843\">Taktick\u00e9 rukavice vojenskej kvality s polovi\u010dn\u00fdm dizajnom prstov<\/p>\n<\/li>\n<li class=\"\" data-start=\"2844\" data-end=\"2890\">\n<p class=\"\" data-start=\"2846\" data-end=\"2890\">Robustn\u00e1 ochrana k\u013abov pre maxim\u00e1lnu bezpe\u010dnos\u0165<\/p>\n<\/li>\n<li class=\"\" data-start=\"2891\" data-end=\"2935\">\n<p class=\"\" data-start=\"2893\" data-end=\"2935\">Zosilnen\u00e1 syntetick\u00e1 tkanina pre odolnos\u0165<\/p>\n<\/li>\n<li class=\"\" data-start=\"2936\" data-end=\"2994\">\n<p class=\"\" data-start=\"2938\" data-end=\"2994\">Nek\u013azav\u00e9 rukov\u00e4te na dlani pre vynikaj\u00face ovl\u00e1danie zbrane a n\u00e1stroja<\/p>\n<\/li>\n<li class=\"\" data-start=\"2995\" data-end=\"3047\">\n<p class=\"\" data-start=\"2997\" data-end=\"3047\">Priedu\u0161n\u00e9 a pot odv\u00e1dzaj\u00face materi\u00e1ly pre pohodlie<\/p>\n<\/li>\n<li class=\"\" data-start=\"3048\" data-end=\"3104\">\n<p class=\"\" data-start=\"3050\" data-end=\"3104\">Nastavite\u013en\u00e9 popruhy na z\u00e1p\u00e4stie so such\u00fdm zipsom pre bezpe\u010dn\u00e9 prisp\u00f4sobenie<\/p>\n<\/li>\n<li class=\"\" data-start=\"3105\" data-end=\"3160\">\n<p class=\"\" data-start=\"3107\" data-end=\"3160\">Vysok\u00e1 obratnos\u0165 pri manipul\u00e1cii so zbra\u0148ami a taktick\u00fdm vybaven\u00edm<\/p>\n<\/li>\n<li class=\"\" data-start=\"3161\" data-end=\"3208\">\n<p class=\"\" data-start=\"3163\" data-end=\"3208\">Kon\u0161trukcia odoln\u00e1 proti oderu a n\u00e1razom<\/p>\n<\/li>\n<li class=\"\" data-start=\"3209\" data-end=\"3275\">\n<p class=\"\" data-start=\"3211\" data-end=\"3275\">Ur\u010den\u00e9 pre pol\u00edciu, arm\u00e1du, taktick\u00e9 jednotky a bojovn\u00edkov v pr\u00edrode<\/p>\n<\/li>\n<li class=\"\" data-start=\"3276\" data-end=\"3319\">\n<p class=\"\" data-start=\"3278\" data-end=\"3319\">\u013dahk\u00fd a flexibiln\u00fd na dlh\u0161ie pou\u017e\u00edvanie<\/p>\n<\/li>\n<li class=\"\" data-start=\"3320\" data-end=\"3360\">\n<p class=\"\" data-start=\"3322\" data-end=\"3360\">K dispoz\u00edcii pre OEM a ve\u013ekoobchodn\u00e9 objedn\u00e1vky<\/p>\n<\/li>\n<li class=\"\" data-start=\"3361\" data-end=\"3400\">\n<p class=\"\" data-start=\"3363\" data-end=\"3400\">Mo\u017enosti vlastn\u00e9ho loga a s\u00fakromnej zna\u010dky<\/p>\n<\/li>\n<li class=\"\" data-start=\"3401\" data-end=\"3464\">\n<p class=\"\" data-start=\"3403\" data-end=\"3464\">Vyroben\u00e9 v s\u00falade s normami E\u00da pre jednoduch\u00fd dovoz\/v\u00fdvoz<\/p>\n<\/li>\n<li class=\"\" data-start=\"3465\" data-end=\"3540\">\n<p class=\"\" data-start=\"3467\" data-end=\"3540\">Ide\u00e1lne na \u0161portov\u00fa stre\u013ebu, jazdu na motocykli, po\u013eovn\u00edctvo a tr\u00e9ning v ter\u00e9ne<\/p>\n<\/li>\n<li class=\"\" data-start=\"3541\" data-end=\"3611\">\n<p class=\"\" data-start=\"3543\" data-end=\"3611\">Navrhnut\u00e9 spolo\u010dnos\u0165ou Ryinz - d\u00f4veryhodn\u00fdm dod\u00e1vate\u013eom profesion\u00e1lneho taktick\u00e9ho vybavenia<\/p>\n<\/li>\n<\/ul>\n<p class=\"\" data-start=\"3613\" data-end=\"3981\">Na str\u00e1nke <strong data-start=\"3616\" data-end=\"3625\">Ryinz<\/strong>, rozumieme kritick\u00fdm po\u017eiadavk\u00e1m taktick\u00e9ho prostredia. Preto vyr\u00e1bame rukavice, ktor\u00e9 sp\u00e1jaj\u00fa odolnos\u0165, obratnos\u0165 a ochranu v jednom v\u00fdkonnom balen\u00ed. \u010ci u\u017e sa pripravujete na \u010fal\u0161iu misiu, pripravujete sa na streleck\u00fa s\u00fa\u0165a\u017e alebo si jednoducho u\u017e\u00edvate pobyt v pr\u00edrode, rukavice Ryinz poskytuj\u00fa spo\u013eahlivos\u0165 a v\u00fdkon, ktor\u00fdm m\u00f4\u017eete d\u00f4verova\u0165.<\/p>\n<p class=\"\" data-start=\"3983\" data-end=\"4070\">Vyberte si <strong data-start=\"3990\" data-end=\"4036\">Ryinz Vojensk\u00e9 taktick\u00e9 rukavice s polovi\u010dn\u00fdmi prstami<\/strong> - kde sa sila stret\u00e1va s presnos\u0165ou.<\/p>","protected":false},"excerpt":{"rendered":"<p class=\"\" data-start=\"2390\" data-end=\"2411\">Perfektne sa hod\u00ed pre:<\/p>\n<ul data-start=\"2412\" data-end=\"2765\">\n<li class=\"\" data-start=\"2412\" data-end=\"2456\">\n<p class=\"\" data-start=\"2414\" data-end=\"2456\">Vojensk\u00e9 taktick\u00e9 t\u00edmy a misie v ter\u00e9ne<\/p>\n<\/li>\n<li class=\"\" data-start=\"2457\" data-end=\"2485\">\n<p class=\"\" data-start=\"2459\" data-end=\"2485\">Oper\u00e1cie presadzovania pr\u00e1va<\/p>\n<\/li>\n<li class=\"\" data-start=\"2486\" data-end=\"2505\">\n<p class=\"\" data-start=\"2488\" data-end=\"2505\">Policajn\u00e9 jednotky SWAT<\/p>\n<\/li>\n<li class=\"\" data-start=\"2506\" data-end=\"2546\">\n<p class=\"\" data-start=\"2508\" data-end=\"2546\">\u0160peci\u00e1lne jednotky a dod\u00e1vatelia obrann\u00fdch slu\u017eieb<\/p>\n<\/li>\n<li class=\"\" data-start=\"2547\" data-end=\"2585\">\n<p class=\"\" data-start=\"2549\" data-end=\"2585\">Cvi\u010denie a v\u00fdcvik na strelnici<\/p>\n<\/li>\n<li class=\"\" data-start=\"2586\" data-end=\"2619\">\n<p class=\"\" data-start=\"2588\" data-end=\"2619\">Loveck\u00e9 a ryb\u00e1rske v\u00fdpravy<\/p>\n<\/li>\n<li class=\"\" data-start=\"2620\" data-end=\"2647\">\n<p class=\"\" data-start=\"2622\" data-end=\"2647\">Jazdci na motocykloch a \u0161tvorkolk\u00e1ch<\/p>\n<\/li>\n<li class=\"\" data-start=\"2648\" data-end=\"2683\">\n<p class=\"\" data-start=\"2650\" data-end=\"2683\">Bezpe\u010dnostn\u00ed pracovn\u00edci a str\u00e1\u017ecovia<\/p>\n<\/li>\n<li class=\"\" data-start=\"2684\" data-end=\"2719\">\n<p class=\"\" data-start=\"2686\" data-end=\"2719\">Nad\u0161enci airsoftu a paintballu<\/p>\n<\/li>\n<li class=\"\" data-start=\"2720\" data-end=\"2765\">\n<p class=\"\" data-start=\"2722\" data-end=\"2765\">Predajcovia outdoorov\u00e9ho vybavenia na pre\u017eitie a dobrodru\u017estvo<\/p>\n<\/li>\n<\/ul>","protected":false},"featured_media":8999,"comment_status":"closed","ping_status":"closed","template":"","meta":[],"product_brand":[35],"product_cat":[99,100],"product_tag":[119,120,113],"class_list":{"0":"post-8962","1":"product","2":"type-product","3":"status-publish","4":"has-post-thumbnail","6":"product_brand-ryinz","7":"product_cat-gloves","8":"product_cat-police-gloves","9":"product_tag-military-gloves","10":"product_tag-shooting-gloves","11":"product_tag-tactical-gloves","13":"first","14":"instock","15":"taxable","16":"shipping-taxable","17":"purchasable","18":"product-type-simple"},"_links":{"self":[{"href":"https:\/\/ryinz.cz\/velkoobchod\/sk\/wp-json\/wp\/v2\/product\/8962","targetHints":{"allow":["GET"]}}],"collection":[{"href":"https:\/\/ryinz.cz\/velkoobchod\/sk\/wp-json\/wp\/v2\/product"}],"about":[{"href":"https:\/\/ryinz.cz\/velkoobchod\/sk\/wp-json\/wp\/v2\/types\/product"}],"replies":[{"embeddable":true,"href":"https:\/\/ryinz.cz\/velkoobchod\/sk\/wp-json\/wp\/v2\/comments?post=8962"}],"wp:featuredmedia":[{"embeddable":true,"href":"https:\/\/ryinz.cz\/velkoobchod\/sk\/wp-json\/wp\/v2\/media\/8999"}],"wp:attachment":[{"href":"https:\/\/ryinz.cz\/velkoobchod\/sk\/wp-json\/wp\/v2\/media?parent=8962"}],"wp:term":[{"taxonomy":"product_brand","embeddable":true,"href":"https:\/\/ryinz.cz\/velkoobchod\/sk\/wp-json\/wp\/v2\/product_brand?post=8962"},{"taxonomy":"product_cat","embeddable":true,"href":"https:\/\/ryinz.cz\/velkoobchod\/sk\/wp-json\/wp\/v2\/product_cat?post=8962"},{"taxonomy":"product_tag","embeddable":true,"href":"https:\/\/ryinz.cz\/velkoobchod\/sk\/wp-json\/wp\/v2\/product_tag?post=8962"}],"curies":[{"name":"wp","href":"https:\/\/api.w.org\/{rel}","templated":true}]}}