{"id":8959,"date":"2025-06-22T15:23:05","date_gmt":"2025-06-22T15:23:05","guid":{"rendered":"https:\/\/ryinz.cz\/velkoobchod\/?post_type=product&#038;p=8959"},"modified":"2026-01-18T20:17:03","modified_gmt":"2026-01-18T20:17:03","slug":"ryinz-profesionalne-takticke-rukavice-na-presadzovanie-prava-pre-policajnu-bezpecnost-vojenske-a-strelecke-rukavice-s-vysokou-obratnostou-vyrobca-velkoobchodny-dodavatel","status":"publish","type":"product","link":"https:\/\/ryinz.cz\/velkoobchod\/sk\/product\/ryinz-professional-tactical-law-enforcement-gloves-for-police-security-military-and-shooting-high-dexterity-duty-gloves-manufacturer-wholesale-supplier\/","title":{"rendered":"Ryinz Profesion\u00e1lne taktick\u00e9 rukavice pre pol\u00edciu, bezpe\u010dnos\u0165, arm\u00e1du a stre\u013ebu - v\u00fdrobca a ve\u013ekoobchodn\u00fd dod\u00e1vate\u013e pracovn\u00fdch rukav\u00edc s vysokou obratnos\u0165ou"},"content":{"rendered":"<p class=\"\" data-start=\"404\" data-end=\"825\">Ke\u010f si to vy\u017eaduje povinnos\u0165, d\u00f4verujte \u0161pi\u010dkov\u00e9mu v\u00fdkonu <strong data-start=\"455\" data-end=\"509\">Ryinz Profesion\u00e1lne taktick\u00e9 rukavice pre org\u00e1ny \u010dinn\u00e9 v trestnom konan\u00ed<\/strong>, ur\u010den\u00e9 pre vysoko intenz\u00edvne oper\u00e1cie policajtov, bezpe\u010dnostn\u00fdch pracovn\u00edkov, arm\u00e1dnych vojakov, taktick\u00fdch oper\u00e1torov a profesion\u00e1lnych strelcov. Ako \u0161pecializovan\u00fd <strong data-start=\"667\" data-end=\"706\">v\u00fdrobca a ve\u013ekoobchodn\u00fd dod\u00e1vate\u013e<\/strong>, Ryinz pon\u00faka v\u00fdnimo\u010dne kvalitn\u00e9 taktick\u00e9 rukavice navrhnut\u00e9 tak, aby poskytovali maxim\u00e1lnu obratnos\u0165, ochranu a odolnos\u0165.<\/p>\n<p class=\"\" data-start=\"827\" data-end=\"1164\">Tieto str\u00e1nky <strong data-start=\"833\" data-end=\"859\">rukavice pre org\u00e1ny \u010dinn\u00e9 v trestnom konan\u00ed<\/strong> maj\u00fa inteligentn\u00fa kombin\u00e1ciu prvotriednych materi\u00e1lov - dlane z pravej ko\u017ee pre v\u00fdnimo\u010dn\u00fa pri\u013enavos\u0165, syntetick\u00e9 priedu\u0161n\u00e9 tkaniny na chrbte pre flexibiln\u00fd pohyb a zosilnen\u00e9 panely pre ochranu pred n\u00e1razmi - v\u010faka \u010domu s\u00fa ide\u00e1lne na taktick\u00e9 misie, hliadkovanie, zat\u00fdkanie, obrann\u00e9 aktivity a streleck\u00e9 oper\u00e1cie.<\/p>\n<p class=\"\" data-start=\"1166\" data-end=\"1475\">Str\u00e1nka <strong data-start=\"1170\" data-end=\"1201\">ergonomicky tvarovan\u00fd strih<\/strong> umo\u017e\u0148uje bezkonkuren\u010dn\u00fa obratnos\u0165, zaru\u010duje r\u00fdchlu reakciu sp\u00fa\u0161te, manipul\u00e1ciu s v\u00fdstrojom a ovl\u00e1danie zbrane. Taktick\u00e9 rukavice Ryinz poskytuj\u00fa pocit druhej ko\u017ee a z\u00e1rove\u0148 zabezpe\u010duj\u00fa taktick\u00fa v\u00fdhodu, \u010di u\u017e ide o zvl\u00e1danie kontroly davu, taktick\u00fd v\u00fdcvik, \u00falohy v utajen\u00ed alebo osobn\u00fa obranu.<\/p>\n<p class=\"\" data-start=\"1477\" data-end=\"1854\">Strategicky umiestnen\u00e9 polstrovanie na dlaniach a k\u013aboch prstov poskytuje ochranu proti n\u00e1razom a oderu bez toho, aby sa zn\u00ed\u017eila citlivos\u0165 prstov. Pokro\u010dil\u00e9 \u0161itie zaru\u010duje dlhodob\u00fa odolnos\u0165 aj v drsn\u00fdch prev\u00e1dzkov\u00fdch podmienkach. Nastavite\u013en\u00fd p\u00e1sik na z\u00e1p\u00e4stie so zap\u00ednan\u00edm na such\u00fd zips zais\u0165uje bezpe\u010dn\u00e9 prisp\u00f4sobenie, \u010do u\u013eah\u010duje r\u00fdchle nasadenie alebo vyzle\u010denie rukav\u00edc pod tlakom.<\/p>\n<p class=\"\" data-start=\"1856\" data-end=\"2076\">Pod\u0161\u00edvka odv\u00e1dzaj\u00faca vlhkos\u0165 udr\u017e\u00ed va\u0161e ruky v suchu a pohodl\u00ed po\u010das dlh\u00fdch misi\u00ed, zatia\u013e \u010do \u013eahk\u00e1 a priedu\u0161n\u00e1 kon\u0161trukcia zabra\u0148uje prehrievaniu - \u010do je ve\u013emi d\u00f4le\u017eit\u00e9 pre udr\u017eanie maxim\u00e1lneho v\u00fdkonu za ka\u017ed\u00e9ho po\u010dasia.<\/p>\n<p class=\"\" data-start=\"2078\" data-end=\"2341\">\u010ci u\u017e potrebujete spo\u013eahliv\u00e9 taktick\u00e9 rukavice pre svoje oddelenie presadzovania pr\u00e1va, s\u00fakromn\u00fa bezpe\u010dnostn\u00fa agent\u00faru, vojensk\u00fa jednotku alebo obchod so streleck\u00fdmi \u0161portmi, spolo\u010dnos\u0165 Ryinz pon\u00faka v\u00fdrobu s\u00fakromn\u00fdch zna\u010diek, slu\u017eby OEM a ve\u013ekoobchodn\u00e9 mo\u017enosti prisp\u00f4soben\u00e9 va\u0161ej zna\u010dke a po\u017eiadavk\u00e1m.<\/p>\n<p class=\"\" data-start=\"2343\" data-end=\"2362\">\u2705 <strong data-start=\"2345\" data-end=\"2362\">K\u013e\u00fa\u010dov\u00e9 vlastnosti:<\/strong><\/p>\n<ul data-start=\"2363\" data-end=\"3292\">\n<li class=\"\" data-start=\"2363\" data-end=\"2448\">\n<p class=\"\" data-start=\"2365\" data-end=\"2448\">Taktick\u00e9 rukavice navrhnut\u00e9 \u0161peci\u00e1lne pre pol\u00edciu, arm\u00e1du a bezpe\u010dnostn\u00e9 oper\u00e1cie<\/p>\n<\/li>\n<li class=\"\" data-start=\"2449\" data-end=\"2505\">\n<p class=\"\" data-start=\"2451\" data-end=\"2505\">Dlane z pravej ko\u017ee pre lep\u0161iu pri\u013enavos\u0165 a odolnos\u0165<\/p>\n<\/li>\n<li class=\"\" data-start=\"2506\" data-end=\"2560\">\n<p class=\"\" data-start=\"2508\" data-end=\"2560\">Syntetick\u00fd elastick\u00fd chrb\u00e1t pre flexibiln\u00fd pohyb<\/p>\n<\/li>\n<li class=\"\" data-start=\"2561\" data-end=\"2608\">\n<p class=\"\" data-start=\"2563\" data-end=\"2608\">\u013dahk\u00e9 a priedu\u0161n\u00e9 na celoro\u010dn\u00e9 pou\u017e\u00edvanie<\/p>\n<\/li>\n<li class=\"\" data-start=\"2609\" data-end=\"2645\">\n<p class=\"\" data-start=\"2611\" data-end=\"2645\">Zosilnen\u00e9 ochrann\u00e9 z\u00f3ny proti n\u00e1razu<\/p>\n<\/li>\n<li class=\"\" data-start=\"2646\" data-end=\"2703\">\n<p class=\"\" data-start=\"2648\" data-end=\"2703\">Ergonomick\u00fd predkriven\u00fd dizajn prstov pre prirodzen\u00fd pohyb<\/p>\n<\/li>\n<li class=\"\" data-start=\"2704\" data-end=\"2750\">\n<p class=\"\" data-start=\"2706\" data-end=\"2750\">Nastavite\u013en\u00fd p\u00e1sik na z\u00e1p\u00e4stie so such\u00fdm zipsom pre bezpe\u010dn\u00e9 uchytenie<\/p>\n<\/li>\n<li class=\"\" data-start=\"2751\" data-end=\"2805\">\n<p class=\"\" data-start=\"2753\" data-end=\"2805\">Vn\u00fatorn\u00e1 pod\u0161\u00edvka odv\u00e1dzaj\u00faca vlhkos\u0165 pre celodenn\u00e9 pohodlie<\/p>\n<\/li>\n<li class=\"\" data-start=\"2806\" data-end=\"2857\">\n<p class=\"\" data-start=\"2808\" data-end=\"2857\">Siln\u00e9 \u0161itie pre vynikaj\u00facu odolnos\u0165 proti roztrhnutiu<\/p>\n<\/li>\n<li class=\"\" data-start=\"2858\" data-end=\"2944\">\n<p class=\"\" data-start=\"2860\" data-end=\"2944\">Optim\u00e1lne na manipul\u00e1ciu so strelnou zbra\u0148ou, obsluhu taktick\u00e9ho vybavenia a obranu zbl\u00edzka<\/p>\n<\/li>\n<li class=\"\" data-start=\"2945\" data-end=\"3011\">\n<p class=\"\" data-start=\"2947\" data-end=\"3011\">Priv\u00e1tna zna\u010dka a vlastn\u00e1 zna\u010dka k dispoz\u00edcii pre ve\u013ekoobchodn\u00fdch odberate\u013eov<\/p>\n<\/li>\n<li class=\"\" data-start=\"3012\" data-end=\"3063\">\n<p class=\"\" data-start=\"3014\" data-end=\"3063\">Navrhnut\u00e9 tak, aby sp\u013a\u0148ali medzin\u00e1rodn\u00e9 taktick\u00e9 normy<\/p>\n<\/li>\n<li class=\"\" data-start=\"3064\" data-end=\"3175\">\n<p class=\"\" data-start=\"3066\" data-end=\"3175\">Vhodn\u00e9 pre mestsk\u00fa bezpe\u010dnos\u0165, oper\u00e1cie SWAT, potl\u00e1\u010danie nepokojov, taktick\u00e9 \u00falohy v utajen\u00ed a streleck\u00fd v\u00fdcvik<\/p>\n<\/li>\n<li class=\"\" data-start=\"3176\" data-end=\"3292\">\n<p class=\"\" data-start=\"3178\" data-end=\"3292\">Profesion\u00e1lne taktick\u00e9 rukavice, ktor\u00fdm d\u00f4veruj\u00fa dod\u00e1vatelia obrann\u00e9ho materi\u00e1lu, dod\u00e1vatelia policajn\u00e9ho v\u00fdstroja a poskytovatelia bezpe\u010dnostn\u00fdch slu\u017eieb<\/p>\n<\/li>\n<\/ul>\n<p class=\"\" data-start=\"3294\" data-end=\"3611\">Na str\u00e1nke <strong data-start=\"3297\" data-end=\"3306\">Ryinz<\/strong>, na\u0161\u00edm poslan\u00edm je vybavi\u0165 modern\u00fdch bojovn\u00edkov profesion\u00e1lnym taktick\u00fdm vybaven\u00edm, ktor\u00e9 sp\u013a\u0148a najvy\u0161\u0161ie priemyseln\u00e9 \u0161tandardy. Na\u0161e str\u00e1nky <strong data-start=\"3427\" data-end=\"3466\">Profesion\u00e1lne rukavice pre org\u00e1ny \u010dinn\u00e9 v trestnom konan\u00ed<\/strong> ktor\u00fdm d\u00f4veruj\u00fa popredn\u00e9 taktick\u00e9 t\u00edmy v Eur\u00f3pe a USA pre ich v\u00fdkon, ochranu a spo\u013eahlivos\u0165 v najn\u00e1ro\u010dnej\u0161\u00edch podmienkach.<\/p>\n<p class=\"\" data-start=\"3613\" data-end=\"3747\">Vybavte svoj t\u00edm, vylep\u0161ite svoj arzen\u00e1l a ochr\u00e1\u0148te svoje ruky so syst\u00e9mom Ryinz - kde sa taktick\u00e1 dokonalos\u0165 stret\u00e1va s profesion\u00e1lnym spracovan\u00edm.<\/p>\n<p class=\"\" data-start=\"3749\" data-end=\"3856\"><strong data-start=\"3749\" data-end=\"3769\">Kontaktujte n\u00e1s e\u0161te dnes<\/strong> pre ve\u013ekoobchodn\u00e9 objedn\u00e1vky, ot\u00e1zky t\u00fdkaj\u00face sa s\u00fakromn\u00fdch zna\u010diek a vlastn\u00e9 rie\u0161enia taktick\u00fdch rukav\u00edc!<\/p>","protected":false},"excerpt":{"rendered":"<p class=\"\" data-start=\"2343\" data-end=\"2362\">\u2705 <strong data-start=\"2345\" data-end=\"2362\">K\u013e\u00fa\u010dov\u00e9 vlastnosti:<\/strong><\/p>\n<ul data-start=\"2363\" data-end=\"3292\">\n<li class=\"\" data-start=\"2363\" data-end=\"2448\">\n<p class=\"\" data-start=\"2365\" data-end=\"2448\">Taktick\u00e9 rukavice navrhnut\u00e9 \u0161peci\u00e1lne pre pol\u00edciu, arm\u00e1du a bezpe\u010dnostn\u00e9 oper\u00e1cie<\/p>\n<\/li>\n<li class=\"\" data-start=\"2449\" data-end=\"2505\">\n<p class=\"\" data-start=\"2451\" data-end=\"2505\">Dlane z pravej ko\u017ee pre lep\u0161iu pri\u013enavos\u0165 a odolnos\u0165<\/p>\n<\/li>\n<li class=\"\" data-start=\"2506\" data-end=\"2560\">\n<p class=\"\" data-start=\"2508\" data-end=\"2560\">Syntetick\u00fd elastick\u00fd chrb\u00e1t pre flexibiln\u00fd pohyb<\/p>\n<\/li>\n<li class=\"\" data-start=\"2561\" data-end=\"2608\">\n<p class=\"\" data-start=\"2563\" data-end=\"2608\">\u013dahk\u00e9 a priedu\u0161n\u00e9 na celoro\u010dn\u00e9 pou\u017e\u00edvanie<\/p>\n<\/li>\n<li class=\"\" data-start=\"2609\" data-end=\"2645\">\n<p class=\"\" data-start=\"2611\" data-end=\"2645\">Zosilnen\u00e9 ochrann\u00e9 z\u00f3ny proti n\u00e1razu<\/p>\n<\/li>\n<li class=\"\" data-start=\"2646\" data-end=\"2703\">\n<p class=\"\" data-start=\"2648\" data-end=\"2703\">Ergonomick\u00fd predkriven\u00fd dizajn prstov pre prirodzen\u00fd pohyb<\/p>\n<\/li>\n<\/ul>","protected":false},"featured_media":8997,"comment_status":"closed","ping_status":"closed","template":"","meta":[],"product_brand":[35],"product_cat":[99,100],"product_tag":[117,104],"class_list":{"0":"post-8959","1":"product","2":"type-product","3":"status-publish","4":"has-post-thumbnail","6":"product_brand-ryinz","7":"product_cat-gloves","8":"product_cat-police-gloves","9":"product_tag-law-enforcement-gloves","10":"product_tag-tactical-police-gloves","12":"first","13":"instock","14":"taxable","15":"shipping-taxable","16":"purchasable","17":"product-type-simple"},"_links":{"self":[{"href":"https:\/\/ryinz.cz\/velkoobchod\/sk\/wp-json\/wp\/v2\/product\/8959","targetHints":{"allow":["GET"]}}],"collection":[{"href":"https:\/\/ryinz.cz\/velkoobchod\/sk\/wp-json\/wp\/v2\/product"}],"about":[{"href":"https:\/\/ryinz.cz\/velkoobchod\/sk\/wp-json\/wp\/v2\/types\/product"}],"replies":[{"embeddable":true,"href":"https:\/\/ryinz.cz\/velkoobchod\/sk\/wp-json\/wp\/v2\/comments?post=8959"}],"wp:featuredmedia":[{"embeddable":true,"href":"https:\/\/ryinz.cz\/velkoobchod\/sk\/wp-json\/wp\/v2\/media\/8997"}],"wp:attachment":[{"href":"https:\/\/ryinz.cz\/velkoobchod\/sk\/wp-json\/wp\/v2\/media?parent=8959"}],"wp:term":[{"taxonomy":"product_brand","embeddable":true,"href":"https:\/\/ryinz.cz\/velkoobchod\/sk\/wp-json\/wp\/v2\/product_brand?post=8959"},{"taxonomy":"product_cat","embeddable":true,"href":"https:\/\/ryinz.cz\/velkoobchod\/sk\/wp-json\/wp\/v2\/product_cat?post=8959"},{"taxonomy":"product_tag","embeddable":true,"href":"https:\/\/ryinz.cz\/velkoobchod\/sk\/wp-json\/wp\/v2\/product_tag?post=8959"}],"curies":[{"name":"wp","href":"https:\/\/api.w.org\/{rel}","templated":true}]}}