{"id":8956,"date":"2025-08-26T11:48:33","date_gmt":"2025-08-26T11:48:33","guid":{"rendered":"https:\/\/ryinz.cz\/velkoobchod\/?post_type=product&#038;p=8956"},"modified":"2026-01-18T20:17:02","modified_gmt":"2026-01-18T20:17:02","slug":"ryinz-klasicke-kozene-pracovne-rukavice","status":"publish","type":"product","link":"https:\/\/ryinz.cz\/velkoobchod\/sk\/product\/ryinz-classic-leather-work-gloves\/","title":{"rendered":"Ko\u017een\u00e9 pracovn\u00e9 rukavice Ryinz Classic"},"content":{"rendered":"<p class=\"\" data-start=\"248\" data-end=\"512\">Na str\u00e1nke <strong data-start=\"251\" data-end=\"260\">Ryinz<\/strong>, sme hrd\u00ed na to, \u017ee sme nevidite\u013en\u00fdm motorom medzin\u00e1rodn\u00e9ho obchodu, ktor\u00fd sp\u00e1ja v\u00fdrobcov, zna\u010dky a kupuj\u00facich s vysok\u00fdm potenci\u00e1lom v Eur\u00f3pe, USA a \u00c1zii. N\u00e1\u0161 cie\u013e je jednoduch\u00fd: otv\u00e1rame dvere k nov\u00fdm pr\u00edle\u017eitostiam, aby ste mohli uzatv\u00e1ra\u0165 tie najlep\u0161ie obchody.<\/p>\n<p class=\"\" data-start=\"514\" data-end=\"788\">Predstavujeme <strong data-start=\"530\" data-end=\"567\">Ko\u017een\u00e9 pracovn\u00e9 rukavice Ryinz Classic<\/strong>, dokonal\u00e1 kombin\u00e1cia nad\u010dasov\u00e9ho \u0161t\u00fdlu, bezkonkuren\u010dnej odolnosti a vynikaj\u00facej ochrany. Tieto rukavice, ru\u010dne vyroben\u00e9 z prvotriednej pr\u00edrodnej ko\u017ee, s\u00fa nevyhnutnou s\u00fa\u010das\u0165ou v\u00fdbavy profesion\u00e1lov, ktor\u00ed si cenia kvalitu a v\u00fdkon.<\/p>\n<p class=\"\" data-start=\"790\" data-end=\"1163\">Navrhnut\u00e9 s <strong data-start=\"806\" data-end=\"841\">hladk\u00fd, pru\u017en\u00fd ko\u017een\u00fd exteri\u00e9r<\/strong>, pracovn\u00e9 rukavice Ryinz Classic pon\u00fakaj\u00fa neuverite\u013en\u00e9 pohodlie bez toho, aby ste museli obetova\u0165 ochranu. Pr\u00edrodn\u00e1 text\u00fara zaru\u010duje pevn\u00fd \u00fachop, zatia\u013e \u010do zosilnen\u00e1 dla\u0148 poskytuje zv\u00fd\u0161en\u00fa odolnos\u0165 pri ka\u017edodennom pou\u017e\u00edvan\u00ed. \u010ci u\u017e pracujete vonku, jazd\u00edte na motorke, \u0161of\u00e9rujete alebo rie\u0161ite stavebn\u00e9 \u00falohy, tieto rukavice v\u00e1m ich poskytn\u00fa.<\/p>\n<p class=\"\" data-start=\"1165\" data-end=\"1337\">Str\u00e1nka <strong data-start=\"1169\" data-end=\"1191\">elastick\u00e1 man\u017eeta na z\u00e1p\u00e4stie<\/strong> pon\u00faka bezpe\u010dn\u00e9 a priliehav\u00e9 uchytenie, ktor\u00e9 zabra\u0148uje prenikaniu prachu, ne\u010dist\u00f4t a \u00falomkov do rukav\u00edc, \u010d\u00edm zabezpe\u010duje celodenn\u00e9 pohodlie a ochranu v akomko\u013evek prostred\u00ed.<\/p>\n<p class=\"\" data-start=\"1339\" data-end=\"1534\">Tieto rukavice s\u00fa navrhnut\u00e9 pre v\u0161estrann\u00e9 pou\u017eitie a s\u00fa ide\u00e1lne na be\u017en\u00e9 aj profesion\u00e1lne pou\u017eitie - od \u0161of\u00e9rovania a jazdy na motocykli a\u017e po pr\u00e1cu na farme, taktick\u00e9 oper\u00e1cie v ter\u00e9ne, tes\u00e1rske pr\u00e1ce, projekty pre dom\u00e1cich majstrov a \u010fal\u0161ie.<\/p>\n<p class=\"\" data-start=\"1536\" data-end=\"1759\">Spolo\u010dnos\u0165 Ryinz pon\u00faka ve\u013ekoobchodn\u00edkom, maloobchodn\u00edkom a zna\u010dk\u00e1m v Eur\u00f3pe aj mimo nej kompletn\u00fa <strong data-start=\"1619\" data-end=\"1636\">s\u00fakromn\u00e1 zna\u010dka<\/strong> a <strong data-start=\"1641\" data-end=\"1664\">mo\u017enosti vlastn\u00e9ho loga<\/strong> rozv\u00edja\u0165 identitu va\u0161ej zna\u010dky a z\u00e1rove\u0148 poskytova\u0165 \u0161pi\u010dkov\u00fa kvalitu rukav\u00edc, ktorej bud\u00fa va\u0161i z\u00e1kazn\u00edci d\u00f4verova\u0165.<\/p>\n<p class=\"\" data-start=\"1761\" data-end=\"1969\">Vyroben\u00e9 v s\u00falade s normami Eur\u00f3pskej \u00fanie (E\u00da), testovan\u00e9 na robustn\u00e9 pou\u017eitie a navrhnut\u00e9 pre modern\u00fdch profesion\u00e1lov - <strong data-start=\"1877\" data-end=\"1901\">Ko\u017een\u00e9 rukavice Ryinz<\/strong> s\u00fa va\u0161ou vstupnou br\u00e1nou do bud\u00facnosti pr\u00e9miov\u00fdch pracovn\u00fdch odevov a doplnkov.<\/p>\n<hr class=\"\" data-start=\"1971\" data-end=\"1974\" \/>\n<h1 class=\"\" data-start=\"1976\" data-end=\"2010\">???? <strong data-start=\"1981\" data-end=\"2010\">K\u013e\u00fa\u010dov\u00e9 vlastnosti a v\u00fdhody<\/strong><\/h1>\n<p class=\"\" data-start=\"2012\" data-end=\"2114\">???? <strong data-start=\"2015\" data-end=\"2042\">Pr\u00e9miov\u00e1 pr\u00edrodn\u00e1 ko\u017ea<\/strong><br data-start=\"2042\" data-end=\"2045\" \/>M\u00e4kk\u00e9, priedu\u0161n\u00e9 a mimoriadne odoln\u00e9 pre dlhotrvaj\u00faci v\u00fdkon.<\/p>\n<p class=\"\" data-start=\"2116\" data-end=\"2220\">???? <strong data-start=\"2119\" data-end=\"2144\">Klasick\u00e1 hladk\u00e1 povrchov\u00e1 \u00faprava<\/strong><br data-start=\"2144\" data-end=\"2147\" \/>Elegantn\u00fd vzh\u013ead vhodn\u00fd na profesion\u00e1lne, be\u017en\u00e9 aj priemyseln\u00e9 pou\u017eitie.<\/p>\n<p class=\"\" data-start=\"2222\" data-end=\"2313\">???? <strong data-start=\"2225\" data-end=\"2244\">Zosilnen\u00e1 dla\u0148<\/strong><br data-start=\"2244\" data-end=\"2247\" \/>Zosilnen\u00e1 oblas\u0165 na extra ochranu a pri\u013enavos\u0165 po\u010das n\u00e1ro\u010dnej pr\u00e1ce.<\/p>\n<p class=\"\" data-start=\"2315\" data-end=\"2403\">???? <strong data-start=\"2318\" data-end=\"2340\">Elastick\u00e1 man\u017eeta na z\u00e1p\u00e4stie<\/strong><br data-start=\"2340\" data-end=\"2343\" \/>Zabra\u0148uje vniknutiu ne\u010dist\u00f4t a z\u00e1rove\u0148 zabezpe\u010duje jednoduch\u00e9 obliekanie a vyzliekanie a dokonal\u00e9 prisp\u00f4sobenie.<\/p>\n<p class=\"\" data-start=\"2405\" data-end=\"2506\">???? <strong data-start=\"2408\" data-end=\"2436\">Flexibiln\u00e9 prisp\u00f4sobenie pre pohodlie<\/strong><br data-start=\"2436\" data-end=\"2439\" \/>Prisp\u00f4sob\u00ed sa prirodzen\u00e9mu tvaru va\u0161ej ruky a umo\u017e\u0148uje pln\u00fd rozsah pohybu.<\/p>\n<p class=\"\" data-start=\"2508\" data-end=\"2641\">???? <strong data-start=\"2511\" data-end=\"2541\">Viac\u00fa\u010delov\u00e9 aplik\u00e1cie<\/strong><br data-start=\"2541\" data-end=\"2544\" \/>Ide\u00e1lne na \u0161of\u00e9rovanie, jazdu na koni, po\u013enohospod\u00e1rstvo, taktick\u00e9 \u00falohy, tes\u00e1rstvo, bezpe\u010dnostn\u00e9 slu\u017eby a ka\u017edodenn\u00e9 nosenie.<\/p>\n<p class=\"\" data-start=\"2643\" data-end=\"2759\">???? <strong data-start=\"2646\" data-end=\"2679\">Ve\u013ekoobchodn\u00e9 prisp\u00f4sobenie Ready<\/strong><br data-start=\"2679\" data-end=\"2682\" \/>Pre ve\u013ekoodberate\u013eov je k dispoz\u00edcii vlastn\u00e9 logo, ozna\u010denie zna\u010dky a \u0161peci\u00e1lne balenie.<\/p>\n<p class=\"\" data-start=\"2761\" data-end=\"2861\">???? <strong data-start=\"2764\" data-end=\"2788\">Zabezpe\u010denie kvality E\u00da<\/strong><br data-start=\"2788\" data-end=\"2791\" \/>Navrhnut\u00e9 tak, aby sp\u013a\u0148ali po\u017eiadavky eur\u00f3pskych odborn\u00edkov a priemyseln\u00fdch odvetv\u00ed.<\/p>\n<p class=\"\" data-start=\"2863\" data-end=\"2954\">???? <strong data-start=\"2866\" data-end=\"2887\">Odoln\u00e9 \u0161itie<\/strong><br data-start=\"2887\" data-end=\"2890\" \/>Siln\u00e9 \u0161itie zabra\u0148uje roztrhnutiu alebo rozt\u0159epeniu pri n\u00e1ro\u010dnom pou\u017e\u00edvan\u00ed.<\/p>\n<p class=\"\" data-start=\"2956\" data-end=\"3040\">???? <strong data-start=\"2959\" data-end=\"2981\">Ochrana pred poveternostn\u00fdmi vplyvmi<\/strong><br data-start=\"2981\" data-end=\"2984\" \/>Spo\u013eahliv\u00e1 ochrana r\u00fak pred vetrom, prachom a miernym da\u017e\u010fom.<\/p>\n<hr class=\"\" data-start=\"3042\" data-end=\"3045\" \/>\n<h1 class=\"\" data-start=\"3047\" data-end=\"3078\">???? <strong data-start=\"3052\" data-end=\"3078\">\u0160pecifik\u00e1cie produktu<\/strong><\/h1>\n<p class=\"\" data-start=\"3080\" data-end=\"3443\">- <strong data-start=\"3082\" data-end=\"3094\">Materi\u00e1l<\/strong>: 100% Prav\u00e1 ko\u017ea<br data-start=\"3116\" data-end=\"3119\" \/>- <strong data-start=\"3121\" data-end=\"3130\">Farba<\/strong>: Klasick\u00e1 \u010dierna (prisp\u00f4sobite\u013en\u00e1)<br data-start=\"3160\" data-end=\"3163\" \/>- <strong data-start=\"3165\" data-end=\"3174\">Ve\u013ekosti<\/strong>: S, M, L, XL, XXL<br data-start=\"3192\" data-end=\"3195\" \/>- <strong data-start=\"3197\" data-end=\"3213\">Typ uz\u00e1veru<\/strong>: Elastick\u00e9 zap\u00ednanie na z\u00e1p\u00e4st\u00ed<br data-start=\"3236\" data-end=\"3239\" \/>- <strong data-start=\"3241\" data-end=\"3257\">Aplik\u00e1cie<\/strong>: Pracovn\u00e9 odevy, jazda na koni, \u0161of\u00e9rovanie, po\u013enohospod\u00e1rstvo, taktick\u00e9, outdoorov\u00e9 aktivity<br data-start=\"3323\" data-end=\"3326\" \/>- <strong data-start=\"3328\" data-end=\"3349\">OEM\/s\u00fakromn\u00e1 zna\u010dka<\/strong>: K dispoz\u00edcii na vy\u017eiadanie<br data-start=\"3371\" data-end=\"3374\" \/>- <strong data-start=\"3376\" data-end=\"3394\">Certifik\u00e1ty<\/strong>: S\u00falad E\u00da pre pracovn\u00e9 a osobn\u00e9 ochrann\u00e9 prostriedky<\/p>\n<hr class=\"\" data-start=\"3445\" data-end=\"3448\" \/>\n<h1 class=\"\" data-start=\"3450\" data-end=\"3486\">???? <strong data-start=\"3455\" data-end=\"3486\">Ide\u00e1lni kupuj\u00faci a odvetvia<\/strong><\/h1>\n<p class=\"\" data-start=\"3488\" data-end=\"3792\">- Dod\u00e1vatelia pracovn\u00e9ho oble\u010denia<br data-start=\"3508\" data-end=\"3511\" \/>- Maloobchodn\u00edci s motocyklov\u00fdm v\u00fdstrojom<br data-start=\"3537\" data-end=\"3540\" \/>- Distrib\u00fatori ko\u017een\u00e9ho tovaru<br data-start=\"3568\" data-end=\"3571\" \/>- Maloobchodn\u00edci s vonkaj\u0161\u00edm vybaven\u00edm<br data-start=\"3600\" data-end=\"3603\" \/>- B2B dovozcovia a v\u00fdvozcovia<br data-start=\"3632\" data-end=\"3635\" \/>- Dod\u00e1vatelia stavebn\u00fdch bezpe\u010dnostn\u00fdch zariaden\u00ed<br data-start=\"3676\" data-end=\"3679\" \/>- Taktick\u00e9 a bezpe\u010dnostn\u00e9 sily<br data-start=\"3709\" data-end=\"3712\" \/>- Elektronick\u00e9 obchody pre pr\u00edslu\u0161enstvo<br data-start=\"3747\" data-end=\"3750\" \/>- Dod\u00e1vatelia uniforiem pre vodi\u010dov a jazdcov<\/p>","protected":false},"excerpt":{"rendered":"<p class=\"\" data-start=\"2012\" data-end=\"2114\">???? <strong data-start=\"2015\" data-end=\"2042\">Pr\u00e9miov\u00e1 pr\u00edrodn\u00e1 ko\u017ea<\/strong><br data-start=\"2042\" data-end=\"2045\" \/>M\u00e4kk\u00e9, priedu\u0161n\u00e9 a mimoriadne odoln\u00e9 pre dlhotrvaj\u00faci v\u00fdkon.<\/p>\n<p class=\"\" data-start=\"2116\" data-end=\"2220\">???? <strong data-start=\"2119\" data-end=\"2144\">Klasick\u00e1 hladk\u00e1 povrchov\u00e1 \u00faprava<\/strong><br data-start=\"2144\" data-end=\"2147\" \/>Elegantn\u00fd vzh\u013ead vhodn\u00fd na profesion\u00e1lne, be\u017en\u00e9 aj priemyseln\u00e9 pou\u017eitie.<\/p>\n<p class=\"\" data-start=\"2222\" data-end=\"2313\">???? <strong data-start=\"2225\" data-end=\"2244\">Zosilnen\u00e1 dla\u0148<\/strong><br data-start=\"2244\" data-end=\"2247\" \/>Zosilnen\u00e1 oblas\u0165 na extra ochranu a pri\u013enavos\u0165 po\u010das n\u00e1ro\u010dnej pr\u00e1ce.<\/p>\n<p class=\"\" data-start=\"2315\" data-end=\"2403\">???? <strong data-start=\"2318\" data-end=\"2340\">Elastick\u00e1 man\u017eeta na z\u00e1p\u00e4stie<\/strong><br data-start=\"2340\" data-end=\"2343\" \/>Zabra\u0148uje vniknutiu ne\u010dist\u00f4t a z\u00e1rove\u0148 zabezpe\u010duje jednoduch\u00e9 obliekanie a vyzliekanie a dokonal\u00e9 prisp\u00f4sobenie.<\/p>","protected":false},"featured_media":8987,"comment_status":"closed","ping_status":"closed","template":"","meta":[],"product_brand":[35],"product_cat":[99,100],"product_tag":[116],"class_list":{"0":"post-8956","1":"product","2":"type-product","3":"status-publish","4":"has-post-thumbnail","6":"product_brand-ryinz","7":"product_cat-gloves","8":"product_cat-police-gloves","9":"product_tag-protective-gloves-for-law-enforcement","11":"first","12":"instock","13":"taxable","14":"shipping-taxable","15":"purchasable","16":"product-type-simple"},"_links":{"self":[{"href":"https:\/\/ryinz.cz\/velkoobchod\/sk\/wp-json\/wp\/v2\/product\/8956","targetHints":{"allow":["GET"]}}],"collection":[{"href":"https:\/\/ryinz.cz\/velkoobchod\/sk\/wp-json\/wp\/v2\/product"}],"about":[{"href":"https:\/\/ryinz.cz\/velkoobchod\/sk\/wp-json\/wp\/v2\/types\/product"}],"replies":[{"embeddable":true,"href":"https:\/\/ryinz.cz\/velkoobchod\/sk\/wp-json\/wp\/v2\/comments?post=8956"}],"wp:featuredmedia":[{"embeddable":true,"href":"https:\/\/ryinz.cz\/velkoobchod\/sk\/wp-json\/wp\/v2\/media\/8987"}],"wp:attachment":[{"href":"https:\/\/ryinz.cz\/velkoobchod\/sk\/wp-json\/wp\/v2\/media?parent=8956"}],"wp:term":[{"taxonomy":"product_brand","embeddable":true,"href":"https:\/\/ryinz.cz\/velkoobchod\/sk\/wp-json\/wp\/v2\/product_brand?post=8956"},{"taxonomy":"product_cat","embeddable":true,"href":"https:\/\/ryinz.cz\/velkoobchod\/sk\/wp-json\/wp\/v2\/product_cat?post=8956"},{"taxonomy":"product_tag","embeddable":true,"href":"https:\/\/ryinz.cz\/velkoobchod\/sk\/wp-json\/wp\/v2\/product_tag?post=8956"}],"curies":[{"name":"wp","href":"https:\/\/api.w.org\/{rel}","templated":true}]}}