{"id":8943,"date":"2025-06-22T15:22:08","date_gmt":"2025-06-22T15:22:08","guid":{"rendered":"https:\/\/ryinz.cz\/velkoobchod\/?post_type=product&#038;p=8943"},"modified":"2026-01-18T20:17:01","modified_gmt":"2026-01-18T20:17:01","slug":"ryinz-policajne-takticke-rukavice-profesionalna-ochrana-pre-sluzobnu-bezpecnost-a-strelbu","status":"publish","type":"product","link":"https:\/\/ryinz.cz\/velkoobchod\/sk\/product\/ryinz-police-tactical-gloves-professional-protection-for-duty-security-and-shooting\/","title":{"rendered":"Policajn\u00e9 taktick\u00e9 rukavice Ryinz - profesion\u00e1lna ochrana pre slu\u017ebu, bezpe\u010dnos\u0165 a stre\u013ebu"},"content":{"rendered":"<p>Predstavujeme taktick\u00e9 rukavice Ryinz Police, ktor\u00e9 s\u00fa ur\u010den\u00e9 v\u00fdhradne pre profesion\u00e1lov, ktor\u00ed vy\u017eaduj\u00fa \u0161pi\u010dkov\u00fa kvalitu, pohodlie a bezkonkuren\u010dn\u00fd v\u00fdkon. \u010ci u\u017e ste pr\u00edslu\u0161n\u00edk policajn\u00e9ho zboru, vojensk\u00fd person\u00e1l, bezpe\u010dnostn\u00fd pracovn\u00edk, nad\u0161enec strelnice alebo taktick\u00fd oper\u00e1tor, tieto rukavice poskytuj\u00fa vynikaj\u00facu ochranu, obratnos\u0165 a \u00fachop presne vtedy, ke\u010f to najviac potrebujete.<\/p>\n<p>Rukavice Ryinz s\u00fa vyroben\u00e9 z prvotriednej syntetickej ko\u017ee a zosilnen\u00e9ho \u0161itia, aby vydr\u017eali intenz\u00edvne opotrebovanie. Tieto rukavice, navrhnut\u00e9 \u0161peci\u00e1lne pre org\u00e1ny \u010dinn\u00e9 v trestnom konan\u00ed, arm\u00e1du a taktick\u00e9 misie, s\u00fa dostato\u010dne odoln\u00e9, aby pre\u017eili aj tie najn\u00e1ro\u010dnej\u0161ie podmienky bez toho, aby sa zn\u00ed\u017eilo pohodlie a flexibilita.<\/p>\n<p>Ergonomick\u00fd dizajn zaru\u010duje, \u017ee ka\u017ed\u00e1 rukavica padne ako druh\u00e1 ko\u017ea a pon\u00faka vynikaj\u00facu obratnos\u0165 pri manipul\u00e1cii so zbra\u0148ami, komunika\u010dn\u00fdmi zariadeniami a taktick\u00fdm vybaven\u00edm. V\u010faka proti\u0161mykovej v\u00fdstu\u017ei na dlani si pou\u017e\u00edvatelia m\u00f4\u017eu udr\u017ea\u0165 pevn\u00fd a ist\u00fd \u00fachop aj v mokrom, mastnom alebo vysoko nam\u00e1hanom prostred\u00ed.<\/p>\n<p>Priedu\u0161n\u00e9 materi\u00e1ly odv\u00e1dzaj\u00face vlhkos\u0165 udr\u017eia va\u0161e ruky v suchu a pohodl\u00ed po\u010das dlh\u00fdch hod\u00edn pou\u017e\u00edvania. Pru\u017en\u00e1 stre\u010dov\u00e1 tkanina na chrbte sa prisp\u00f4sob\u00ed ka\u017ed\u00e9mu pohybu, poskytuje obratnos\u0165 a zni\u017euje \u00fanavu r\u00fak pri dlh\u0161ej pr\u00e1ci.<\/p>\n<p>Taktick\u00e9 rukavice Ryinz Police s\u00fa vybaven\u00e9 zap\u00ednan\u00edm na z\u00e1p\u00e4stie na h\u00e1\u010dik a slu\u010dku, \u010do zaru\u010duje, \u017ee ka\u017ed\u00e9mu pou\u017e\u00edvate\u013eovi dobre padn\u00fa a prisp\u00f4sobia sa jeho potreb\u00e1m. Tieto rukavice sa \u013eahko nosia a vyzliekaj\u00fa a umo\u017e\u0148uj\u00fa r\u00fdchle nasadenie v kritick\u00fdch momentoch bez toho, aby v\u00e1s spoma\u013eovali.<\/p>\n<p>Spolo\u010dnos\u0165 Ryinz sa ako popredn\u00fd v\u00fdrobca, ve\u013ekoobchodn\u00edk a dod\u00e1vate\u013e \u0161pecializuje na policajn\u00e9 rukavice, arm\u00e1dne rukavice, vojensk\u00e9 taktick\u00e9 rukavice, streleck\u00e9 rukavice, bezpe\u010dnostn\u00e9 rukavice a rukavice pre org\u00e1ny \u010dinn\u00e9 v trestnom konan\u00ed. Podporujeme medzin\u00e1rodn\u00fd obchod v Eur\u00f3pe, USA a \u00c1zii a umo\u017e\u0148ujeme zna\u010dk\u00e1m, dovozcom, ve\u013ekoobchodn\u00edkom a maloobchodn\u00edkom roz\u0161irova\u0165 svoje podnikanie na celom svete.<\/p>\n<p>\u010ci u\u017e pre svoju zna\u010dku h\u013ead\u00e1te vlastn\u00fa potla\u010d loga, s\u00fakromn\u00e9 ozna\u010dovanie, hromadn\u00fa v\u00fdrobu alebo taktick\u00e9 rukavice vyhovuj\u00face po\u017eiadavk\u00e1m E\u00da, spolo\u010dnos\u0165 Ryinz je nevidite\u013en\u00fdm motorom, ktor\u00fd poh\u00e1\u0148a v\u00e1\u0161 \u00faspech.<\/p>\n<p>Na\u0161e poslanie je jednoduch\u00e9: My otv\u00e1rame dvere, aby ste vy mohli uzatv\u00e1ra\u0165 obchody. To znamen\u00e1 priame z\u00e1sobovanie tov\u00e1rne, konkurencieschopn\u00e9 ceny, konzistentn\u00fa kvalitu a r\u00fdchlu glob\u00e1lnu prepravu.<\/p>\n<p>Ka\u017ed\u00fd v\u00fdrobok Ryinz sa vyr\u00e1ba pod\u013ea pr\u00edsnych noriem kontroly kvality, \u010d\u00edm sa zabezpe\u010duje maxim\u00e1lna spokojnos\u0165 maloobchodn\u00fdch aj ve\u013ekoobchodn\u00fdch z\u00e1kazn\u00edkov. K dispoz\u00edcii s\u00fa prisp\u00f4soben\u00e9 dizajny, slu\u017eby OEM a ODM a mo\u017enosti mal\u00e9ho MOQ, v\u010faka \u010domu sme ide\u00e1lnym partnerom pre zna\u010dky a obchody zameran\u00e9 na rast\u00faci trh s taktick\u00fdm vybaven\u00edm a ochrann\u00fdm oble\u010den\u00edm.<\/p>\n<p>Ide\u00e1lne pre:<\/p>\n<p>Policajn\u00e9 hliadky<\/p>\n<p>Vojensk\u00e9 misie v ter\u00e9ne<\/p>\n<p>Oper\u00e1cie bezpe\u010dnostn\u00fdch agent\u00far<\/p>\n<p>Taktick\u00e9 jednotky presadzovania pr\u00e1va<\/p>\n<p>Streleck\u00e9 \u0161porty a tr\u00e9ning<\/p>\n<p>Aktivity na pre\u017eitie v pr\u00edrode<\/p>\n<p>\u0160peci\u00e1lne jednotky a SWAT t\u00edmy<\/p>\n<p>\u2705 K\u013e\u00fa\u010dov\u00e9 vlastnosti:<\/p>\n<p>Pr\u00e9miov\u00e1 syntetick\u00e1 ko\u017ea so zosilnen\u00fdmi \u0161vami<\/p>\n<p>Proti\u0161mykov\u00e1 rukov\u00e4\u0165 na ovl\u00e1danie zbrane<\/p>\n<p>Pru\u017en\u00fd chrb\u00e1t pre maxim\u00e1lnu obratnos\u0165<\/p>\n<p>Priedu\u0161n\u00fd, pot odv\u00e1dzaj\u00faci interi\u00e9r pre pohodlie<\/p>\n<p>Bezpe\u010dn\u00fd nastavite\u013en\u00fd p\u00e1sik na such\u00fd zips na podporu z\u00e1p\u00e4stia<\/p>\n<p>\u013dahk\u00e1, ale n\u00e1razuvzdorn\u00e1 kon\u0161trukcia<\/p>\n<p>R\u00fdchloschn\u00face materi\u00e1ly, ide\u00e1lne do ka\u017ed\u00e9ho po\u010dasia<\/p>\n<p>Jednoduch\u00e9 um\u00fdvanie a \u00fadr\u017eba<\/p>\n<p>Robustn\u00e1 taktick\u00e1 estetika so zna\u010dkou Ryinz<\/p>\n<p>K dispoz\u00edcii pre ve\u013ekoobchod, maloobchod a partnerstv\u00e1 s\u00fakromn\u00fdch zna\u010diek<\/p>\n<p>Vlastn\u00e9 log\u00e1 a obaly s\u00fa k dispoz\u00edcii na po\u017eiadanie<\/p>\n<p>V\u00fdroba v s\u00falade s po\u017eiadavkami E\u00da na bezprobl\u00e9mov\u00fa eur\u00f3psku distrib\u00faciu<\/p>\n<p>Navrhnut\u00e9 pre profesion\u00e1lov, ktor\u00ed potrebuj\u00fa spo\u013eahlivos\u0165 a ochranu<\/p>\n<p>Ide\u00e1lne pre predajne uniforiem, dod\u00e1vate\u013eov taktick\u00e9ho vybavenia a distrib\u00fatorov bezpe\u010dnostn\u00e9ho vybavenia<\/p>","protected":false},"excerpt":{"rendered":"<p>\u2705 K\u013e\u00fa\u010dov\u00e9 vlastnosti:<\/p>\n<p>Pr\u00e9miov\u00e1 syntetick\u00e1 ko\u017ea so zosilnen\u00fdmi \u0161vami<\/p>\n<p>Proti\u0161mykov\u00e1 rukov\u00e4\u0165 na ovl\u00e1danie zbrane<\/p>\n<p>Pru\u017en\u00fd chrb\u00e1t pre maxim\u00e1lnu obratnos\u0165<\/p>\n<p>Priedu\u0161n\u00fd, pot odv\u00e1dzaj\u00faci interi\u00e9r pre pohodlie<\/p>\n<p>Bezpe\u010dn\u00fd nastavite\u013en\u00fd p\u00e1sik na such\u00fd zips na podporu z\u00e1p\u00e4stia<\/p>\n<p>\u013dahk\u00e1, ale n\u00e1razuvzdorn\u00e1 kon\u0161trukcia<\/p>","protected":false},"featured_media":8982,"comment_status":"closed","ping_status":"closed","template":"","meta":[],"product_brand":[35],"product_cat":[99,100],"product_tag":[116],"class_list":{"0":"post-8943","1":"product","2":"type-product","3":"status-publish","4":"has-post-thumbnail","6":"product_brand-ryinz","7":"product_cat-gloves","8":"product_cat-police-gloves","9":"product_tag-protective-gloves-for-law-enforcement","11":"first","12":"instock","13":"taxable","14":"shipping-taxable","15":"purchasable","16":"product-type-simple"},"_links":{"self":[{"href":"https:\/\/ryinz.cz\/velkoobchod\/sk\/wp-json\/wp\/v2\/product\/8943","targetHints":{"allow":["GET"]}}],"collection":[{"href":"https:\/\/ryinz.cz\/velkoobchod\/sk\/wp-json\/wp\/v2\/product"}],"about":[{"href":"https:\/\/ryinz.cz\/velkoobchod\/sk\/wp-json\/wp\/v2\/types\/product"}],"replies":[{"embeddable":true,"href":"https:\/\/ryinz.cz\/velkoobchod\/sk\/wp-json\/wp\/v2\/comments?post=8943"}],"wp:featuredmedia":[{"embeddable":true,"href":"https:\/\/ryinz.cz\/velkoobchod\/sk\/wp-json\/wp\/v2\/media\/8982"}],"wp:attachment":[{"href":"https:\/\/ryinz.cz\/velkoobchod\/sk\/wp-json\/wp\/v2\/media?parent=8943"}],"wp:term":[{"taxonomy":"product_brand","embeddable":true,"href":"https:\/\/ryinz.cz\/velkoobchod\/sk\/wp-json\/wp\/v2\/product_brand?post=8943"},{"taxonomy":"product_cat","embeddable":true,"href":"https:\/\/ryinz.cz\/velkoobchod\/sk\/wp-json\/wp\/v2\/product_cat?post=8943"},{"taxonomy":"product_tag","embeddable":true,"href":"https:\/\/ryinz.cz\/velkoobchod\/sk\/wp-json\/wp\/v2\/product_tag?post=8943"}],"curies":[{"name":"wp","href":"https:\/\/api.w.org\/{rel}","templated":true}]}}