{"id":8938,"date":"2025-06-22T15:22:04","date_gmt":"2025-06-22T15:22:04","guid":{"rendered":"https:\/\/ryinz.cz\/velkoobchod\/?post_type=product&#038;p=8938"},"modified":"2026-01-18T20:16:58","modified_gmt":"2026-01-18T20:16:58","slug":"ryinz-takticke-rukavice-pre-vojensku-policiu-s-vysokou-ochranou-a-vykonom","status":"publish","type":"product","link":"https:\/\/ryinz.cz\/velkoobchod\/sk\/product\/ryinz-tactical-military-police-gloves-heavy-duty-protection-and-performance\/","title":{"rendered":"Taktick\u00e9 vojensk\u00e9 a policajn\u00e9 rukavice Ryinz - ochrana a v\u00fdkon pri vysok\u00fdch za\u0165a\u017eeniach"},"content":{"rendered":"<p class=\"\" data-start=\"491\" data-end=\"753\">Na str\u00e1nke <strong data-start=\"494\" data-end=\"503\">Ryinz<\/strong>, prep\u00e1jame elitn\u00fdch v\u00fdrobcov, zna\u010dky, ve\u013ekoobchodn\u00edkov a maloobchodn\u00edkov v Eur\u00f3pe, USA a \u00c1zii s najlep\u0161\u00edm taktick\u00fdm vybaven\u00edm ur\u010den\u00fdm pre re\u00e1lne misie. Ako nevidite\u013en\u00fd motor medzin\u00e1rodn\u00e9ho obchodu otv\u00e1rame dvere - vy uzatv\u00e1rate predaj.<\/p>\n<p class=\"\" data-start=\"755\" data-end=\"1065\">Predstavujeme <strong data-start=\"771\" data-end=\"814\">Taktick\u00e9 vojensk\u00e9 a policajn\u00e9 rukavice Ryinz<\/strong>, vytvoren\u00e9 na profesion\u00e1lne pou\u017eitie v n\u00e1ro\u010dn\u00fdch podmienkach. \u010ci u\u017e sl\u00fa\u017eite v arm\u00e1de, v org\u00e1noch \u010dinn\u00fdch v trestnom konan\u00ed, v s\u00fakromnej bezpe\u010dnosti, alebo ste outdoorov\u00fd nad\u0161enec, ktor\u00fd potrebuje extr\u00e9mnu ochranu, tieto rukavice poskytuj\u00fa bezkonkuren\u010dn\u00fa odolnos\u0165, presnos\u0165 a pohodlie.<\/p>\n<p class=\"\" data-start=\"1067\" data-end=\"1441\">Taktick\u00e9 rukavice Ryinz s\u00fa vyroben\u00e9 z kombin\u00e1cie prvotriednej zosilnenej syntetickej ko\u017ee, nylonu vojenskej kvality a polstrovania EVA s vysokou hustotou a s\u00fa ur\u010den\u00e9 na najn\u00e1ro\u010dnej\u0161ie misie. Ergonomick\u00fd tvrd\u00fd pancier na k\u013aboch prstov poskytuje nevyhnutn\u00fa ochranu proti n\u00e1razom, odrenin\u00e1m a fyzick\u00fdm konfront\u00e1ci\u00e1m, v\u010faka \u010domu s\u00fa nevyhnutnou s\u00fa\u010das\u0165ou v\u00fdstroja ka\u017ed\u00e9ho d\u00f4stojn\u00edka alebo vojaka.<\/p>\n<p class=\"\" data-start=\"1443\" data-end=\"1819\">Tieto rukavice s\u00fa navrhnut\u00e9 pre taktick\u00fa flexibilitu, maj\u00fa presne prisp\u00f4soben\u00e9 prsty, zdokonalen\u00fa technol\u00f3giu uchopenia, zosilnen\u00e9 z\u00f3ny na dlani a nastavite\u013en\u00e9 z\u00e1p\u00e4stn\u00e9 uz\u00e1very, ktor\u00e9 zabezpe\u010duj\u00fa maxim\u00e1lnu pohyblivos\u0165 bez toho, aby bola obetovan\u00e1 ochrana. \u010ci u\u017e manipulujete so zbra\u0148ami, z\u00fa\u010dast\u0148ujete sa na boji zbl\u00edzka alebo vykon\u00e1vate vysoko rizikov\u00e9 oper\u00e1cie, tieto rukavice si zachov\u00e1vaj\u00fa dokonal\u00fa kontrolu a citlivos\u0165.<\/p>\n<p class=\"\" data-start=\"1821\" data-end=\"2043\">Priedu\u0161n\u00e9 tkaniny zni\u017euj\u00fa \u00fanavu r\u00fak a udr\u017euj\u00fa v\u00e1s v chlade po\u010das dlh\u0161ieho pou\u017e\u00edvania, zatia\u013e \u010do robustn\u00e9 vonkaj\u0161ie materi\u00e1ly odoln\u00e9 proti po\u0161kriabaniu s\u00fa pripraven\u00e9 na n\u00e1ro\u010dn\u00e9 \u00falohy v akomko\u013evek prostred\u00ed - v p\u00fa\u0161ti, d\u017eungli, snehu alebo v mestskom prostred\u00ed.<\/p>\n<p class=\"\" data-start=\"2045\" data-end=\"2302\"><strong data-start=\"2045\" data-end=\"2070\">Taktick\u00e9 rukavice Ryinz<\/strong> s\u00fa k dispoz\u00edcii na ve\u013ekoobchodn\u00e9, maloobchodn\u00e9, OEM\/ODM zna\u010dkov\u00e9 a s\u00fakromn\u00e9 projekty pre bezpe\u010dnostn\u00e9 agent\u00fary, dod\u00e1vate\u013eov vojenskej v\u00fdstroje, loveck\u00e9 v\u00fdstroje, maloobchodn\u00e9 predajne outdoorov\u00fdch \u0161portov a elektronick\u00e9 obchody v Eur\u00f3pe a USA.<\/p>\n<p class=\"\" data-start=\"2304\" data-end=\"2456\">Spolupracujte so spolo\u010dnos\u0165ou Ryinz a poskytnite svojim z\u00e1kazn\u00edkom elitn\u00fd taktick\u00fd v\u00fdkon - preto\u017ee ke\u010f z\u00e1le\u017e\u00ed na bezpe\u010dnosti, sile a v\u00fdkone, sta\u010d\u00ed len to najlep\u0161ie.<\/p>\n<hr class=\"\" data-start=\"2458\" data-end=\"2461\" \/>\n<h1 class=\"\" data-start=\"2463\" data-end=\"2497\">???? <strong data-start=\"2468\" data-end=\"2497\">K\u013e\u00fa\u010dov\u00e9 vlastnosti a v\u00fdhody<\/strong><\/h1>\n<p class=\"\" data-start=\"2499\" data-end=\"2643\">???? <strong data-start=\"2502\" data-end=\"2535\">Pevn\u00e1 ochrana k\u013abov<\/strong><br data-start=\"2535\" data-end=\"2538\" \/>Vstrekovan\u00e9 chr\u00e1ni\u010de k\u013abov chr\u00e1nia pred n\u00e1razmi, odreninami a zraneniami po\u010das intenz\u00edvnych oper\u00e1ci\u00ed.<\/p>\n<p class=\"\" data-start=\"2645\" data-end=\"2781\">???? <strong data-start=\"2648\" data-end=\"2683\">Technol\u00f3gia zosilnen\u00e9ho \u00fachopu dlane<\/strong><br data-start=\"2683\" data-end=\"2686\" \/>Text\u00farovan\u00fd proti\u0161mykov\u00fd materi\u00e1l zlep\u0161uje ovl\u00e1danie zbrane, manipul\u00e1ciu s vozidlom a obsluhu zariadenia.<\/p>\n<p class=\"\" data-start=\"2783\" data-end=\"2890\">???? <strong data-start=\"2786\" data-end=\"2814\">Polstrovanie EVA s vysokou hustotou<\/strong><br data-start=\"2814\" data-end=\"2817\" \/>Poskytuje dodato\u010dn\u00e9 tlmenie n\u00e1razov pri \u00faderoch rukou a sp\u00e4tnom r\u00e1ze strelnej zbrane.<\/p>\n<p class=\"\" data-start=\"2892\" data-end=\"3033\">???? <strong data-start=\"2895\" data-end=\"2928\">Priedu\u0161n\u00fd a odoln\u00fd materi\u00e1l<\/strong><br data-start=\"2928\" data-end=\"2931\" \/>Tkaniny taktickej triedy pon\u00fakaj\u00fa vysok\u00fa odolnos\u0165 proti oderu a z\u00e1rove\u0148 umo\u017e\u0148uj\u00fa vetranie pre v\u00e4\u010d\u0161ie pohodlie.<\/p>\n<p class=\"\" data-start=\"3035\" data-end=\"3152\">???? <strong data-start=\"3038\" data-end=\"3063\">Nastavite\u013en\u00e9 bezpe\u010dn\u00e9 uchytenie<\/strong><br data-start=\"3063\" data-end=\"3066\" \/>P\u00e1siky na such\u00fd zips na z\u00e1p\u00e4st\u00ed zais\u0165uj\u00fa priliehav\u00e9, prisp\u00f4sobite\u013en\u00e9 nosenie, ktor\u00e9 zostane na mieste aj po\u010das akcie.<\/p>\n<p class=\"\" data-start=\"3154\" data-end=\"3285\">???? <strong data-start=\"3157\" data-end=\"3189\">Profesion\u00e1lny taktick\u00fd dizajn<\/strong><br data-start=\"3189\" data-end=\"3192\" \/>Predkriven\u00e9 prsty na prirodzen\u00e9 pohyby ruky po\u010das stre\u013eby, jazdy, lezenia a boja.<\/p>\n<p class=\"\" data-start=\"3287\" data-end=\"3405\">???? <strong data-start=\"3290\" data-end=\"3323\">V\u00fdkonnos\u0165 vo viacer\u00fdch prostrediach<\/strong><br data-start=\"3323\" data-end=\"3326\" \/>Je skon\u0161truovan\u00e1 tak, aby odolala drsn\u00fdm p\u00fa\u0161tnym, zimn\u00fdm, d\u017eung\u013eov\u00fdm a mestsk\u00fdm taktick\u00fdm podmienkam.<\/p>\n<p class=\"\" data-start=\"3407\" data-end=\"3542\">???? <strong data-start=\"3410\" data-end=\"3443\">Mo\u017enosti OEM a prisp\u00f4sobenia<\/strong><br data-start=\"3443\" data-end=\"3446\" \/>Pon\u00fakame vlastn\u00e9 umiestnenie loga, balenie a rie\u0161enia pre vlastn\u00fa zna\u010dku pre va\u0161u zna\u010dku alebo agent\u00faru.<\/p>\n<p class=\"\" data-start=\"3544\" data-end=\"3670\">???? <strong data-start=\"3547\" data-end=\"3575\">\u0160tandardy vojenskej triedy<\/strong><br data-start=\"3575\" data-end=\"3578\" \/>Sp\u013a\u0148a profesion\u00e1lne \u0161pecifik\u00e1cie pre potreby arm\u00e1dy, org\u00e1nov \u010dinn\u00fdch v trestnom konan\u00ed a s\u00fakromnej bezpe\u010dnosti.<\/p>\n<p class=\"\" data-start=\"3672\" data-end=\"3793\">???? <strong data-start=\"3675\" data-end=\"3702\">Pripravenos\u0165 na trh E\u00da a USA<\/strong><br data-start=\"3702\" data-end=\"3705\" \/>Ide\u00e1lne pre eur\u00f3pskych distrib\u00fatorov, dod\u00e1vate\u013eov taktick\u00e9ho vybavenia z USA a medzin\u00e1rodn\u00fdch odberate\u013eov.<\/p>\n<hr class=\"\" data-start=\"3795\" data-end=\"3798\" \/>\n<h1 class=\"\" data-start=\"3800\" data-end=\"3831\">???? <strong data-start=\"3805\" data-end=\"3831\">\u0160pecifik\u00e1cie produktu<\/strong><\/h1>\n<p class=\"\" data-start=\"3833\" data-end=\"4267\">- <strong data-start=\"3835\" data-end=\"3847\">Materi\u00e1l<\/strong>: Zosilnen\u00e1 syntetick\u00e1 ko\u017ea + vojensk\u00fd nylon + pancier EVA<br data-start=\"3912\" data-end=\"3915\" \/>- <strong data-start=\"3917\" data-end=\"3926\">Farba<\/strong>: Kombin\u00e1cia arm\u00e1dnej zelenej a \u010diernej<br data-start=\"3960\" data-end=\"3963\" \/>- <strong data-start=\"3965\" data-end=\"3984\">Dostupn\u00e9 ve\u013ekosti<\/strong>: S, M, L, XL, XXL<br data-start=\"4002\" data-end=\"4005\" \/>- <strong data-start=\"4007\" data-end=\"4022\">Aplik\u00e1cia<\/strong>: Vojenstvo, presadzovanie pr\u00e1va, taktick\u00e9 oper\u00e1cie, bezpe\u010dnos\u0165, po\u013eovn\u00edctvo, outdoorov\u00e9 \u0161porty<br data-start=\"4105\" data-end=\"4108\" \/>- <strong data-start=\"4110\" data-end=\"4130\">Ochrann\u00e9 oblasti<\/strong>: K\u013aby, dlane, prsty<br data-start=\"4156\" data-end=\"4159\" \/>- <strong data-start=\"4161\" data-end=\"4177\">Typ uz\u00e1veru<\/strong>: Nastavite\u013en\u00fd popruh na such\u00fd zips<br data-start=\"4202\" data-end=\"4205\" \/>- <strong data-start=\"4207\" data-end=\"4234\">Dostupn\u00e9 prisp\u00f4sobenie<\/strong>: \u00c1no (OEM\/ODM, s\u00fakromn\u00e9 ozna\u010dovanie)<\/p>\n<hr class=\"\" data-start=\"4269\" data-end=\"4272\" \/>\n<h1 class=\"\" data-start=\"4274\" data-end=\"4309\">???? <strong data-start=\"4279\" data-end=\"4309\">Dokonal\u00ed kupuj\u00faci a trhy<\/strong><\/h1>\n<p class=\"\" data-start=\"4311\" data-end=\"4617\">- Vojensk\u00e9 dod\u00e1vate\u013esk\u00e9 re\u0165azce<br data-start=\"4335\" data-end=\"4338\" \/>- Distrib\u00fatori zariaden\u00ed pre presadzovanie pr\u00e1va<br data-start=\"4378\" data-end=\"4381\" \/>- S\u00fakromn\u00e9 bezpe\u010dnostn\u00e9 spolo\u010dnosti<br data-start=\"4409\" data-end=\"4412\" \/>- Maloobchodn\u00edci s outdoorov\u00fdm dobrodru\u017estvom<br data-start=\"4441\" data-end=\"4444\" \/>- Obchody s taktick\u00fdm v\u00fdstrojom<br data-start=\"4465\" data-end=\"4468\" \/>- Streleck\u00e9 \u0161portov\u00e9 predajne<br data-start=\"4493\" data-end=\"4496\" \/>- Dod\u00e1vatelia po\u013eovn\u00edckeho vybavenia a vybavenia na pre\u017eitie<br data-start=\"4533\" data-end=\"4536\" \/>- Amazon, eBay, Shopify Taktick\u00ed predajcovia<br data-start=\"4576\" data-end=\"4579\" \/>- Katal\u00f3gy vojensk\u00fdch produktov Europages<\/p>","protected":false},"excerpt":{"rendered":"<p class=\"\" data-start=\"2499\" data-end=\"2643\">???? <strong data-start=\"2502\" data-end=\"2535\">Pevn\u00e1 ochrana k\u013abov<\/strong><br data-start=\"2535\" data-end=\"2538\" \/>Vstrekovan\u00e9 chr\u00e1ni\u010de k\u013abov chr\u00e1nia pred n\u00e1razmi, odreninami a zraneniami po\u010das intenz\u00edvnych oper\u00e1ci\u00ed.<\/p>\n<p class=\"\" data-start=\"2645\" data-end=\"2781\">???? <strong data-start=\"2648\" data-end=\"2683\">Technol\u00f3gia zosilnen\u00e9ho \u00fachopu dlane<\/strong><br data-start=\"2683\" data-end=\"2686\" \/>Text\u00farovan\u00fd proti\u0161mykov\u00fd materi\u00e1l zlep\u0161uje ovl\u00e1danie zbrane, manipul\u00e1ciu s vozidlom a obsluhu zariadenia.<\/p>\n<p class=\"\" data-start=\"2783\" data-end=\"2890\">???? <strong data-start=\"2786\" data-end=\"2814\">Polstrovanie EVA s vysokou hustotou<\/strong><br data-start=\"2814\" data-end=\"2817\" \/>Poskytuje dodato\u010dn\u00e9 tlmenie n\u00e1razov pri \u00faderoch rukou a sp\u00e4tnom r\u00e1ze strelnej zbrane.<\/p>\n<p class=\"\" data-start=\"2892\" data-end=\"3033\">???? <strong data-start=\"2895\" data-end=\"2928\">Priedu\u0161n\u00fd a odoln\u00fd materi\u00e1l<\/strong><br data-start=\"2928\" data-end=\"2931\" \/>Tkaniny taktickej triedy pon\u00fakaj\u00fa vysok\u00fa odolnos\u0165 proti oderu a z\u00e1rove\u0148 umo\u017e\u0148uj\u00fa vetranie pre v\u00e4\u010d\u0161ie pohodlie.<\/p>","protected":false},"featured_media":8998,"comment_status":"closed","ping_status":"closed","template":"","meta":[],"product_brand":[35],"product_cat":[99,100],"product_tag":[116],"class_list":{"0":"post-8938","1":"product","2":"type-product","3":"status-publish","4":"has-post-thumbnail","6":"product_brand-ryinz","7":"product_cat-gloves","8":"product_cat-police-gloves","9":"product_tag-protective-gloves-for-law-enforcement","11":"first","12":"instock","13":"taxable","14":"shipping-taxable","15":"purchasable","16":"product-type-simple"},"_links":{"self":[{"href":"https:\/\/ryinz.cz\/velkoobchod\/sk\/wp-json\/wp\/v2\/product\/8938","targetHints":{"allow":["GET"]}}],"collection":[{"href":"https:\/\/ryinz.cz\/velkoobchod\/sk\/wp-json\/wp\/v2\/product"}],"about":[{"href":"https:\/\/ryinz.cz\/velkoobchod\/sk\/wp-json\/wp\/v2\/types\/product"}],"replies":[{"embeddable":true,"href":"https:\/\/ryinz.cz\/velkoobchod\/sk\/wp-json\/wp\/v2\/comments?post=8938"}],"wp:featuredmedia":[{"embeddable":true,"href":"https:\/\/ryinz.cz\/velkoobchod\/sk\/wp-json\/wp\/v2\/media\/8998"}],"wp:attachment":[{"href":"https:\/\/ryinz.cz\/velkoobchod\/sk\/wp-json\/wp\/v2\/media?parent=8938"}],"wp:term":[{"taxonomy":"product_brand","embeddable":true,"href":"https:\/\/ryinz.cz\/velkoobchod\/sk\/wp-json\/wp\/v2\/product_brand?post=8938"},{"taxonomy":"product_cat","embeddable":true,"href":"https:\/\/ryinz.cz\/velkoobchod\/sk\/wp-json\/wp\/v2\/product_cat?post=8938"},{"taxonomy":"product_tag","embeddable":true,"href":"https:\/\/ryinz.cz\/velkoobchod\/sk\/wp-json\/wp\/v2\/product_tag?post=8938"}],"curies":[{"name":"wp","href":"https:\/\/api.w.org\/{rel}","templated":true}]}}