{"id":8937,"date":"2025-08-26T11:48:32","date_gmt":"2025-08-26T11:48:32","guid":{"rendered":"https:\/\/ryinz.cz\/velkoobchod\/?post_type=product&#038;p=8937"},"modified":"2026-01-18T20:16:58","modified_gmt":"2026-01-18T20:16:58","slug":"ryinz-takticke-strelecke-rukavice-vonkajsie-vojenske-bojove-rukavice-pre-profesionalov","status":"publish","type":"product","link":"https:\/\/ryinz.cz\/velkoobchod\/sk\/product\/ryinz-tactical-shooting-gloves-outdoor-military-combat-gloves-for-professionals\/","title":{"rendered":"Ryinz Taktick\u00e9 streleck\u00e9 rukavice - Outdoorov\u00e9 vojensk\u00e9 bojov\u00e9 rukavice pre profesion\u00e1lov"},"content":{"rendered":"<p class=\"\" data-start=\"377\" data-end=\"832\">Na str\u00e1nke <strong data-start=\"380\" data-end=\"389\">Ryinz<\/strong>, sme viac ne\u017e len zna\u010dka - sme nevidite\u013en\u00fdm motorom, ktor\u00fd poh\u00e1\u0148a medzin\u00e1rodn\u00fd obchod v Eur\u00f3pe, USA a \u00c1zii. Sp\u00e1jame v\u00fdrobcov s vysok\u00fdm potenci\u00e1lom, glob\u00e1lne zna\u010dky a seri\u00f3znych kupuj\u00facich, otv\u00e1rame dvere, aby ste mohli uzatv\u00e1ra\u0165 obchody. \u010ci u\u017e ste ve\u013ekoobchodn\u00edk, maloobchodn\u00edk, tvorca zna\u010dky alebo distrib\u00fator taktick\u00e9ho vybavenia, <strong data-start=\"718\" data-end=\"727\">Ryinz<\/strong> stoj\u00ed po va\u0161om boku a dod\u00e1va v\u00e1m \u0161pi\u010dkov\u00e9 produkty, ktor\u00e9 s\u00fa vytvoren\u00e9 pre v\u00fdkon, v\u00fddr\u017e a glob\u00e1lny \u00faspech.<\/p>\n<p class=\"\" data-start=\"834\" data-end=\"1189\">Predstavujeme <strong data-start=\"850\" data-end=\"884\">Taktick\u00e9 streleck\u00e9 rukavice Ryinz<\/strong>, ktor\u00e1 predstavuje dokonal\u00e9 spojenie odolnej ochrany, n\u00edzkej hmotnosti a v\u00fdkonu overen\u00e9ho na bojisku. Tieto rukavice s\u00fa ur\u010den\u00e9 pre taktick\u00fdch oper\u00e1torov, vojensk\u00fd person\u00e1l, profesion\u00e1lov v oblasti presadzovania pr\u00e1va, motocyklistov, strelcov, airsoftov\u00fdch nad\u0161encov a outdoorov\u00fdch dobrodruhov a stanovuj\u00fa nov\u00fd \u0161tandard taktickej v\u00fdbavy.<\/p>\n<p class=\"\" data-start=\"1191\" data-end=\"1619\">Tieto rukavice s\u00fa vyroben\u00e9 z odolnej kombin\u00e1cie zosilnen\u00fdch syntetick\u00fdch tkan\u00edn, priedu\u0161nej sie\u0165oviny a pr\u00e9miov\u00fdch ko\u017een\u00fdch vlo\u017eiek a poskytuj\u00fa bezkonkuren\u010dn\u00fa obratnos\u0165 a odolnos\u0165 vo\u010di n\u00e1razom. Strategicky umiestnen\u00e9 tvarovan\u00e9 chr\u00e1ni\u010de na k\u013aboch a prstoch absorbuj\u00fa n\u00e1razy a chr\u00e1nia va\u0161e ruky po\u010das rizikov\u00fdch oper\u00e1ci\u00ed. Proti\u0161mykov\u00fd dizajn dlane zais\u0165uje vynikaj\u00facu pri\u013enavos\u0165 k zbraniam, n\u00e1strojom, riadidl\u00e1m a v\u00fdstroju za ka\u017ed\u00e9ho po\u010dasia.<\/p>\n<p class=\"\" data-start=\"1621\" data-end=\"2042\">Flexibilita sa sn\u00fabi s pevnos\u0165ou - taktick\u00e9 streleck\u00e9 rukavice Ryinz maj\u00fa elastick\u00e9 stre\u010dov\u00e9 z\u00f3ny, prec\u00edzne strihan\u00e9 ergonomick\u00e9 vzory a zosilnen\u00e9 \u0161vy, ktor\u00e9 maximalizuj\u00fa pohyblivos\u0165 r\u00fak bez toho, aby bola obetovan\u00e1 ochrana. Tieto rukavice s\u00fa navrhnut\u00e9 na intenz\u00edvne taktick\u00e9 misie, outdoorov\u00e9 \u0161porty, jazdy na motocykli, po\u013eovn\u00edcke v\u00fdlety, streleck\u00e9 s\u00fa\u0165a\u017ee, turistick\u00e9 dobrodru\u017estv\u00e1 a dokonca aj na doch\u00e1dzanie do pr\u00e1ce v meste - tieto rukavice s\u00fa va\u0161\u00edm vern\u00fdm partnerom pri v\u0161etkom.<\/p>\n<p class=\"\" data-start=\"2044\" data-end=\"2269\">V\u010faka kon\u010dekom prstov kompatibiln\u00fdm s dotykovou obrazovkou m\u00f4\u017eete zosta\u0165 v spojen\u00ed bez toho, aby ste si museli vyzliec\u0165 rukavice. Nastavite\u013en\u00fd p\u00e1sik na z\u00e1p\u00e4stie so such\u00fdm zipsom zaru\u010duje pohodln\u00e9 a prisp\u00f4soben\u00e9 nosenie, v\u010faka \u010domu s\u00fa rukavice bezpe\u010dn\u00e9 aj po\u010das agres\u00edvnej akcie.<\/p>\n<p class=\"\" data-start=\"2271\" data-end=\"2487\">Spolo\u010dnos\u0165 Ryinz poskytuje aj kompletn\u00e9 slu\u017eby OEM\/ODM a slu\u017eby priv\u00e1tnych zna\u010diek pre podniky v Eur\u00f3pe a Amerike. Pracujeme s flexibiln\u00fdmi MOQ, personalizovan\u00fdmi n\u00e1vrhmi, vlastn\u00fdmi logami, baliacimi rie\u0161eniami a r\u00fdchlou exped\u00edciou po celom svete.<\/p>\n<p class=\"\" data-start=\"2489\" data-end=\"2603\">Uvo\u013enite svoj pln\u00fd potenci\u00e1l s <strong data-start=\"2522\" data-end=\"2556\">Taktick\u00e9 streleck\u00e9 rukavice Ryinz<\/strong> - d\u00f4veryhodn\u00fd pre bojovn\u00edkov, ur\u010den\u00fd pre \u0161ampi\u00f3nov.<\/p>\n<hr class=\"\" data-start=\"2605\" data-end=\"2608\" \/>\n<h1 class=\"\" data-start=\"2610\" data-end=\"2644\">???? <strong data-start=\"2615\" data-end=\"2644\">K\u013e\u00fa\u010dov\u00e9 vlastnosti a v\u00fdhody<\/strong><\/h1>\n<p class=\"\" data-start=\"2646\" data-end=\"2778\">???? <strong data-start=\"2649\" data-end=\"2678\">Ochrana na vojenskej \u00farovni<\/strong><br data-start=\"2678\" data-end=\"2681\" \/>Pokro\u010dil\u00e9 tvrd\u00e9 chr\u00e1ni\u010de k\u013abov a chr\u00e1ni\u010de prstov chr\u00e1nia pred n\u00e1razmi, odreninami a zraneniami.<\/p>\n<p class=\"\" data-start=\"2780\" data-end=\"2916\">???? <strong data-start=\"2783\" data-end=\"2812\">Vynikaj\u00faci \u00fachopov\u00fd v\u00fdkon<\/strong><br data-start=\"2812\" data-end=\"2815\" \/>Zosilnen\u00e1 proti\u0161mykov\u00e1 dla\u0148 poskytuje lep\u0161iu manipul\u00e1ciu so zbra\u0148ou, ovl\u00e1danie n\u00e1strojov a bezpe\u010dn\u00e9 uchopenie motocykla.<\/p>\n<p class=\"\" data-start=\"2918\" data-end=\"3058\">???? <strong data-start=\"2921\" data-end=\"2945\">Dizajn s vysokou mobilitou<\/strong><br data-start=\"2945\" data-end=\"2948\" \/>Predkriven\u00e9 prsty a flexibiln\u00e9 panely umo\u017e\u0148uj\u00fa pln\u00fd rozsah pohybu pre r\u00fdchle reflexy a presn\u00e9 pohyby.<\/p>\n<p class=\"\" data-start=\"3060\" data-end=\"3200\">???? <strong data-start=\"3063\" data-end=\"3093\">Taktick\u00e1 \u013eahk\u00e1 kon\u0161trukcia<\/strong><br data-start=\"3093\" data-end=\"3096\" \/>\u013dahk\u00e9 materi\u00e1ly vyva\u017euj\u00fa pevnos\u0165 a priedu\u0161nos\u0165 pre pohodlie po\u010das dlh\u0161\u00edch misi\u00ed a j\u00e1zd.<\/p>\n<p class=\"\" data-start=\"3202\" data-end=\"3334\">???? <strong data-start=\"3205\" data-end=\"3226\">Pripravenos\u0165 na dotykov\u00fa obrazovku<\/strong><br data-start=\"3226\" data-end=\"3229\" \/>Ukazov\u00e1k a palec s\u00fa kompatibiln\u00e9 s dotykovou obrazovkou na pou\u017e\u00edvanie smartf\u00f3nov, GPS alebo tabletov bez nutnosti ich odstra\u0148ovania.<\/p>\n<p class=\"\" data-start=\"3336\" data-end=\"3465\">???? <strong data-start=\"3339\" data-end=\"3359\">Prisp\u00f4sobite\u013en\u00e9 prisp\u00f4sobenie<\/strong><br data-start=\"3359\" data-end=\"3362\" \/>Nastavite\u013en\u00e9 zap\u00ednanie na such\u00fd zips zais\u0165uje dokonal\u00e9 prisp\u00f4sobenie z\u00e1p\u00e4stia, chr\u00e1ni pred prachom a ne\u010distotami a zvy\u0161uje pohodlie.<\/p>\n<p class=\"\" data-start=\"3467\" data-end=\"3616\">???? <strong data-start=\"3470\" data-end=\"3506\">Profesion\u00e1lna taktick\u00e1 estetika<\/strong><br data-start=\"3506\" data-end=\"3509\" \/>Matn\u00e1 vojensk\u00e1 zelen\u00e1 s taktick\u00fdmi \u010diernymi detailmi a logom Ryinz - ostr\u00e1, autoritat\u00edvna a \u0161t\u00fdlov\u00e1.<\/p>\n<p class=\"\" data-start=\"3618\" data-end=\"3757\">???? <strong data-start=\"3621\" data-end=\"3651\">Dostupn\u00e9 slu\u017eby OEM\/ODM<\/strong><br data-start=\"3651\" data-end=\"3654\" \/>Vlastn\u00e1 tla\u010d loga, s\u00fakromn\u00e9 ozna\u010dovanie a \u0161peci\u00e1lne mo\u017enosti balenia pre ve\u013ekoobchodn\u00fdch z\u00e1kazn\u00edkov a zna\u010dky.<\/p>\n<p class=\"\" data-start=\"3759\" data-end=\"3907\">???? <strong data-start=\"3762\" data-end=\"3802\">S\u00falad s normami kvality E\u00da<\/strong><br data-start=\"3802\" data-end=\"3805\" \/>V\u00fdrobky navrhnut\u00e9 a vyroben\u00e9 tak, aby prekra\u010dovali pr\u00edsne eur\u00f3pske predpisy pre osobn\u00e9 ochrann\u00e9 prostriedky.<\/p>\n<p class=\"\" data-start=\"3909\" data-end=\"4104\">???? <strong data-start=\"3912\" data-end=\"3938\">V\u0161estrann\u00e9 aplik\u00e1cie<\/strong><br data-start=\"3938\" data-end=\"3941\" \/>Ide\u00e1lne na vojensk\u00fd v\u00fdcvik, taktick\u00e9 misie, airsoft, paintball, streleck\u00e9 \u0161porty, lov, pre\u017eitie v pr\u00edrode, jazdu na koni, cyklistiku, kempovanie a bezpe\u010dnostn\u00e9 oper\u00e1cie.<\/p>\n<hr class=\"\" data-start=\"4106\" data-end=\"4109\" \/>\n<h1 class=\"\" data-start=\"4111\" data-end=\"4142\">???? <strong data-start=\"4116\" data-end=\"4142\">\u0160pecifik\u00e1cie produktu<\/strong><\/h1>\n<p class=\"\" data-start=\"4144\" data-end=\"4595\">- <strong data-start=\"4146\" data-end=\"4159\">Materi\u00e1ly<\/strong>: Syntetick\u00e1 zosilnen\u00e1 tkanina + vlo\u017eky z pravej ko\u017ee + tvrd\u00fd pancier na k\u013aby<br data-start=\"4235\" data-end=\"4238\" \/>- <strong data-start=\"4240\" data-end=\"4249\">Farba<\/strong>: Arm\u00e1dna zelen\u00e1 a \u010dierna<br data-start=\"4271\" data-end=\"4274\" \/>- <strong data-start=\"4276\" data-end=\"4285\">Ve\u013ekosti<\/strong>: S, M, L, XL, XXL (eur\u00f3pske ve\u013ekosti)<br data-start=\"4321\" data-end=\"4324\" \/>- <strong data-start=\"4326\" data-end=\"4345\">Odpor\u00fa\u010dan\u00e9 pou\u017eitie<\/strong>: Taktick\u00e1 stre\u013eba, Po\u013eovn\u00edctvo, Outdoorov\u00e9 dobrodru\u017estvo, Airsoft, Paintball, Jazda na motocykli, Aktivity na pre\u017eitie<br data-start=\"4447\" data-end=\"4450\" \/>- <strong data-start=\"4452\" data-end=\"4468\">Typ uz\u00e1veru<\/strong>: Nastavite\u013en\u00fd popruh na such\u00fd zips<br data-start=\"4493\" data-end=\"4496\" \/>- <strong data-start=\"4498\" data-end=\"4521\">Funkcia dotykovej obrazovky<\/strong>: \u00c1no<br data-start=\"4526\" data-end=\"4529\" \/>- <strong data-start=\"4531\" data-end=\"4554\">Prisp\u00f4sobenie zna\u010dky<\/strong>: K dispoz\u00edcii (n\u00edzke MOQ a r\u00fdchla realiz\u00e1cia)<\/p>\n<hr class=\"\" data-start=\"4597\" data-end=\"4600\" \/>\n<h1 class=\"\" data-start=\"4602\" data-end=\"4635\">???? <strong data-start=\"4607\" data-end=\"4635\">Ide\u00e1lne trhy a kupuj\u00faci<\/strong><\/h1>\n<p class=\"\" data-start=\"4637\" data-end=\"4938\">- Ve\u013ekoobchodn\u00edci s taktick\u00fdm v\u00fdstrojom<br data-start=\"4664\" data-end=\"4667\" \/>- Obchody s outdoorov\u00fdm vybaven\u00edm<br data-start=\"4702\" data-end=\"4705\" \/>- Vojensk\u00ed a bezpe\u010dnostn\u00ed dod\u00e1vatelia<br data-start=\"4738\" data-end=\"4741\" \/>- Predajcovia zariaden\u00ed na strelnice<br data-start=\"4775\" data-end=\"4778\" \/>- Distrib\u00fatori po\u013eovn\u00edckeho v\u00fdstroja<br data-start=\"4805\" data-end=\"4808\" \/>- Predajcovia airsoftu a paintballu<br data-start=\"4841\" data-end=\"4844\" \/>- Maloobchodn\u00ed predajcovia outdoorov\u00fdch \u0161portov v Eur\u00f3pe a USA<br data-start=\"4888\" data-end=\"4891\" \/>- Predajcovia elektronick\u00e9ho obchodu na Amazon, eBay, Alibaba<\/p>\n<hr class=\"\" data-start=\"4940\" data-end=\"4943\" \/>\n<h1 class=\"\" data-start=\"4945\" data-end=\"4964\">???? <strong data-start=\"4950\" data-end=\"4964\">Pre\u010do Ryinz?<\/strong><\/h1>\n<p class=\"\" data-start=\"4966\" data-end=\"5308\">- V\u00fdhody priameho v\u00fdrobcu - priame tov\u00e1rensk\u00e9 ceny<br data-start=\"5022\" data-end=\"5025\" \/>- Kompletn\u00e9 mo\u017enosti OEM\/ODM - Va\u0161a zna\u010dka, V\u00e1\u0161 sp\u00f4sob<br data-start=\"5075\" data-end=\"5078\" \/>- N\u00edzke minim\u00e1lne mno\u017estv\u00e1 objedn\u00e1vok - roz\u0161\u00edrte svoje podnikanie<br data-start=\"5130\" data-end=\"5133\" \/>- R\u00fdchla, glob\u00e1lna doprava - Eur\u00f3pa, USA, \u00c1zia<br data-start=\"5184\" data-end=\"5187\" \/>- Personalizovan\u00e1 podpora - viacjazy\u010dn\u00ed odborn\u00edci na telef\u00f3ne<br data-start=\"5240\" data-end=\"5243\" \/>- Viac ako 20 rokov sk\u00fasenost\u00ed v odvetv\u00ed - d\u00f4veryhodn\u00fd medzin\u00e1rodn\u00fd partner<\/p>\n<hr class=\"\" data-start=\"5310\" data-end=\"5313\" \/>","protected":false},"excerpt":{"rendered":"<p class=\"\" data-start=\"2646\" data-end=\"2778\">???? <strong data-start=\"2649\" data-end=\"2678\">Ochrana na vojenskej \u00farovni<\/strong><br data-start=\"2678\" data-end=\"2681\" \/>Pokro\u010dil\u00e9 tvrd\u00e9 chr\u00e1ni\u010de k\u013abov a chr\u00e1ni\u010de prstov chr\u00e1nia pred n\u00e1razmi, odreninami a zraneniami.<\/p>\n<p class=\"\" data-start=\"2780\" data-end=\"2916\">???? <strong data-start=\"2783\" data-end=\"2812\">Vynikaj\u00faci \u00fachopov\u00fd v\u00fdkon<\/strong><br data-start=\"2812\" data-end=\"2815\" \/>Zosilnen\u00e1 proti\u0161mykov\u00e1 dla\u0148 poskytuje lep\u0161iu manipul\u00e1ciu so zbra\u0148ou, ovl\u00e1danie n\u00e1strojov a bezpe\u010dn\u00e9 uchopenie motocykla.<\/p>\n<p class=\"\" data-start=\"2918\" data-end=\"3058\">???? <strong data-start=\"2921\" data-end=\"2945\">Dizajn s vysokou mobilitou<\/strong><br data-start=\"2945\" data-end=\"2948\" \/>Predkriven\u00e9 prsty a flexibiln\u00e9 panely umo\u017e\u0148uj\u00fa pln\u00fd rozsah pohybu pre r\u00fdchle reflexy a presn\u00e9 pohyby.<\/p>\n<p class=\"\" data-start=\"3060\" data-end=\"3200\">???? <strong data-start=\"3063\" data-end=\"3093\">Taktick\u00e1 \u013eahk\u00e1 kon\u0161trukcia<\/strong><br data-start=\"3093\" data-end=\"3096\" \/>\u013dahk\u00e9 materi\u00e1ly vyva\u017euj\u00fa pevnos\u0165 a priedu\u0161nos\u0165 pre pohodlie po\u010das dlh\u0161\u00edch misi\u00ed a j\u00e1zd.<\/p>\n<p class=\"\" data-start=\"3202\" data-end=\"3334\">???? <strong data-start=\"3205\" data-end=\"3226\">Pripravenos\u0165 na dotykov\u00fa obrazovku<\/strong><br data-start=\"3226\" data-end=\"3229\" \/>Ukazov\u00e1k a palec s\u00fa kompatibiln\u00e9 s dotykovou obrazovkou na pou\u017e\u00edvanie smartf\u00f3nov, GPS alebo tabletov bez nutnosti ich odstra\u0148ovania.<\/p>","protected":false},"featured_media":9354,"comment_status":"closed","ping_status":"closed","template":"","meta":[],"product_brand":[35],"product_cat":[99,100],"product_tag":[116],"class_list":{"0":"post-8937","1":"product","2":"type-product","3":"status-publish","4":"has-post-thumbnail","6":"product_brand-ryinz","7":"product_cat-gloves","8":"product_cat-police-gloves","9":"product_tag-protective-gloves-for-law-enforcement","11":"first","12":"instock","13":"taxable","14":"shipping-taxable","15":"purchasable","16":"product-type-simple"},"_links":{"self":[{"href":"https:\/\/ryinz.cz\/velkoobchod\/sk\/wp-json\/wp\/v2\/product\/8937","targetHints":{"allow":["GET"]}}],"collection":[{"href":"https:\/\/ryinz.cz\/velkoobchod\/sk\/wp-json\/wp\/v2\/product"}],"about":[{"href":"https:\/\/ryinz.cz\/velkoobchod\/sk\/wp-json\/wp\/v2\/types\/product"}],"replies":[{"embeddable":true,"href":"https:\/\/ryinz.cz\/velkoobchod\/sk\/wp-json\/wp\/v2\/comments?post=8937"}],"wp:featuredmedia":[{"embeddable":true,"href":"https:\/\/ryinz.cz\/velkoobchod\/sk\/wp-json\/wp\/v2\/media\/9354"}],"wp:attachment":[{"href":"https:\/\/ryinz.cz\/velkoobchod\/sk\/wp-json\/wp\/v2\/media?parent=8937"}],"wp:term":[{"taxonomy":"product_brand","embeddable":true,"href":"https:\/\/ryinz.cz\/velkoobchod\/sk\/wp-json\/wp\/v2\/product_brand?post=8937"},{"taxonomy":"product_cat","embeddable":true,"href":"https:\/\/ryinz.cz\/velkoobchod\/sk\/wp-json\/wp\/v2\/product_cat?post=8937"},{"taxonomy":"product_tag","embeddable":true,"href":"https:\/\/ryinz.cz\/velkoobchod\/sk\/wp-json\/wp\/v2\/product_tag?post=8937"}],"curies":[{"name":"wp","href":"https:\/\/api.w.org\/{rel}","templated":true}]}}