{"id":8936,"date":"2025-08-26T11:48:32","date_gmt":"2025-08-26T11:48:32","guid":{"rendered":"https:\/\/ryinz.cz\/velkoobchod\/?post_type=product&#038;p=8936"},"modified":"2026-01-18T20:16:57","modified_gmt":"2026-01-18T20:16:57","slug":"ryinz-vojenske-takticke-utocne-rukavice-extremna-ochrana-pri-praci","status":"publish","type":"product","link":"https:\/\/ryinz.cz\/velkoobchod\/sk\/product\/ryinz-military-tactical-assault-gloves-extreme-duty-protection\/","title":{"rendered":"Vojensk\u00e9 taktick\u00e9 \u00fato\u010dn\u00e9 rukavice Ryinz - extr\u00e9mna ochrana pri pr\u00e1ci"},"content":{"rendered":"<p class=\"\" data-start=\"377\" data-end=\"584\"><strong data-start=\"377\" data-end=\"386\">Ryinz<\/strong> je hnacou silou glob\u00e1lneho obchodu, ktor\u00e1 sp\u00e1ja v\u00fdrobcov s vysok\u00fdm potenci\u00e1lom, zna\u010dky a ve\u013ekoobchodn\u00fdch odberate\u013eov v Eur\u00f3pe, USA a \u00c1zii. Na\u0161e poslanie je jednoduch\u00e9: otv\u00e1rame dvere pre v\u00e1\u0161 \u00faspech.<\/p>\n<p class=\"\" data-start=\"586\" data-end=\"931\">Predstavujeme <strong data-start=\"602\" data-end=\"644\">Vojensk\u00e9 taktick\u00e9 \u00fato\u010dn\u00e9 rukavice Ryinz<\/strong> - profesion\u00e1lne rie\u0161enie pre vojakov, bezpe\u010dnostn\u00fd person\u00e1l, taktick\u00fdch oper\u00e1torov, hr\u00e1\u010dov airsoftu a bojovn\u00edkov v pr\u00edrode, ktor\u00ed vy\u017eaduj\u00fa extr\u00e9mny v\u00fdkon v ka\u017edej situ\u00e1cii. Tieto rukavice s\u00fa skon\u0161truovan\u00e9 tak, aby poskytovali \u00fapln\u00fa ochranu r\u00fak bez toho, aby sa zn\u00ed\u017eila ich flexibilita, \u00fachop alebo pohodlie.<\/p>\n<p class=\"\" data-start=\"933\" data-end=\"1271\">Tieto rukavice vyroben\u00e9 zo zosilnen\u00fdch vysokopevnostn\u00fdch syntetick\u00fdch tkan\u00edn a n\u00e1razuvzdorn\u00e9ho panciera chr\u00e1nia k\u013aby, prsty a dlane pred siln\u00fdmi n\u00e1razmi, pop\u00e1leninami sp\u00f4soben\u00fdmi tren\u00edm, porezan\u00edm a opotrebovan\u00edm \u0165a\u017ek\u00fdm vybaven\u00edm. Odoln\u00fd \u0161krupinov\u00fd chr\u00e1ni\u010d k\u013abov zaru\u010duje, \u017ee va\u0161e ruky zostan\u00fa chr\u00e1nen\u00e9 po\u010das boja, taktick\u00fdch man\u00e9vrov alebo extr\u00e9mnych outdoorov\u00fdch aktiv\u00edt.<\/p>\n<p class=\"\" data-start=\"1273\" data-end=\"1547\"><strong data-start=\"1273\" data-end=\"1316\">Vylep\u0161en\u00fd proti\u0161mykov\u00fd povrch dlane<\/strong>, prec\u00edznym \u0161it\u00edm a priedu\u0161n\u00fdmi l\u00e1tkov\u00fdmi z\u00f3nami umo\u017e\u0148uj\u00fa tieto rukavice maxim\u00e1lnu obratnos\u0165 a vynikaj\u00facu manipul\u00e1ciu so zbra\u0148ou. \u010ci u\u017e ide o ovl\u00e1danie pu\u0161ky, horolezectvo alebo n\u00e1ro\u010dn\u00fa pr\u00e1cu v ter\u00e9ne, za\u017eijete v\u00fdkon, na ktor\u00fd sa m\u00f4\u017eete spo\u013eahn\u00fa\u0165.<\/p>\n<p class=\"\" data-start=\"1549\" data-end=\"1837\">Navrhnut\u00e9 na prisp\u00f4sobenie viacer\u00fdm prostrediam, <strong data-start=\"1594\" data-end=\"1619\">Taktick\u00e9 rukavice Ryinz<\/strong> Odolaj\u00fa pieso\u010dn\u00fdm b\u00farkam, da\u017e\u010fu, chladn\u00e9mu po\u010dasiu a naj\u0165a\u017e\u0161\u00edm podmienkam na bojisku, tak\u017ee s\u00fa ide\u00e1lnou vo\u013ebou pre vojensk\u00e9 oper\u00e1cie, misie org\u00e1nov \u010dinn\u00fdch v trestnom konan\u00ed, pre\u017eitie, airsoftov\u00e9 z\u00e1pasy a loveck\u00e9 v\u00fdpravy.<\/p>\n<p class=\"\" data-start=\"1839\" data-end=\"2074\">Tieto rukavice, pon\u00fakan\u00e9 v r\u00e1mci priv\u00e1tnych zna\u010diek a ve\u013ekoobchodn\u00fdch programov, s\u00fa pripraven\u00e9 na okam\u017eit\u00fa distrib\u00faciu v Eur\u00f3pe a USA. Prisp\u00f4sobte si logo, vyberte si preferovan\u00e9 farby a ozna\u010dte svoju taktick\u00fa l\u00edniu zna\u010dkou Ryinz.<\/p>\n<p class=\"\" data-start=\"2076\" data-end=\"2155\">D\u00f4verujte spolo\u010dnosti Ryinz - v ka\u017edom v\u00fdrobku sa odr\u00e1\u017ea sila, odolnos\u0165 a pripravenos\u0165.<\/p>\n<hr class=\"\" data-start=\"2157\" data-end=\"2160\" \/>\n<h1 class=\"\" data-start=\"2162\" data-end=\"2196\"><strong data-start=\"2167\" data-end=\"2196\">K\u013e\u00fa\u010dov\u00e9 vlastnosti a v\u00fdhody<\/strong><\/h1>\n<p class=\"\" data-start=\"2198\" data-end=\"2336\"><strong data-start=\"2201\" data-end=\"2235\">Ochrana k\u013abov na \u00farovni panciera<\/strong><br data-start=\"2235\" data-end=\"2238\" \/>Pevn\u00e9 tvarovan\u00e9 chr\u00e1ni\u010de k\u013abov poskytuj\u00fa vynikaj\u00facu ochranu pred n\u00e1razmi, odreninami a taktick\u00fdmi hrozbami.<\/p>\n<p class=\"\" data-start=\"2338\" data-end=\"2473\"><strong data-start=\"2341\" data-end=\"2370\">Vylep\u0161en\u00fd \u00fachop a ovl\u00e1danie<\/strong><br data-start=\"2370\" data-end=\"2373\" \/>Proti\u0161mykov\u00e1 technol\u00f3gia dlane zaru\u010duje maxim\u00e1lnu kontrolu nad zbra\u0148ou, vozidlom a n\u00e1strojmi za ak\u00fdchko\u013evek podmienok.<\/p>\n<p class=\"\" data-start=\"2475\" data-end=\"2621\"><strong data-start=\"2478\" data-end=\"2514\">Taktick\u00e1 priedu\u0161n\u00e1 kon\u0161trukcia<\/strong><br data-start=\"2514\" data-end=\"2517\" \/>\u013dahk\u00e1 a priedu\u0161n\u00e1 tkanina odv\u00e1dzaj\u00faca vlhkos\u0165, ktor\u00e1 zabra\u0148uje \u00fanave r\u00fak po\u010das dlh\u0161ej prev\u00e1dzky.<\/p>\n<p class=\"\" data-start=\"2623\" data-end=\"2756\"><strong data-start=\"2626\" data-end=\"2650\">Zosilnen\u00e9 \u0161itie<\/strong><br data-start=\"2650\" data-end=\"2653\" \/>Dvojito zosilnen\u00e9 \u0161vy zvy\u0161uj\u00fa pevnos\u0165 v kritick\u00fdch bodoch nam\u00e1hania, \u010d\u00edm zabezpe\u010duj\u00fa odolnos\u0165 a dlh\u00fa \u017eivotnos\u0165.<\/p>\n<p class=\"\" data-start=\"2758\" data-end=\"2879\"><strong data-start=\"2761\" data-end=\"2796\">Nastavite\u013en\u00e9 bezpe\u010dn\u00e9 uzavretie z\u00e1p\u00e4stia<\/strong><br data-start=\"2796\" data-end=\"2799\" \/>P\u00e1sky na z\u00e1p\u00e4stie so such\u00fdm zipsom umo\u017e\u0148uj\u00fa prisp\u00f4sobi\u0165 si rukavice tak, aby bezpe\u010dne dr\u017eali na svojom mieste.<\/p>\n<p class=\"\" data-start=\"2881\" data-end=\"3017\"><strong data-start=\"2884\" data-end=\"2915\">Ergonomick\u00fd predkriven\u00fd dizajn<\/strong><br data-start=\"2915\" data-end=\"2918\" \/>Optimalizovan\u00e9 pre prirodzen\u00fa polohu r\u00fak, ktor\u00e1 podporuje pohodlie a flexibilitu po\u010das intenz\u00edvnych aktiv\u00edt.<\/p>\n<p class=\"\" data-start=\"3019\" data-end=\"3145\"><strong data-start=\"3022\" data-end=\"3053\">Materi\u00e1ly odoln\u00e9 vo\u010di poveternostn\u00fdm vplyvom<\/strong><br data-start=\"3053\" data-end=\"3056\" \/>Odol\u00e1va da\u017e\u010fu, blatu a piesku, aby si zachovala pri\u013enavos\u0165 a v\u00fdkon v n\u00e1ro\u010dn\u00fdch podmienkach.<\/p>\n<p class=\"\" data-start=\"3147\" data-end=\"3270\"><strong data-start=\"3150\" data-end=\"3186\">Vlastn\u00e9 logo a s\u00fakromn\u00e9 ozna\u010dovanie<\/strong><br data-start=\"3186\" data-end=\"3189\" \/>Spolo\u010dnos\u0165 Ryinz pon\u00faka kompletn\u00e9 rie\u0161enia pre budovanie zna\u010dky - va\u0161e logo, va\u0161e ozna\u010denie, va\u0161u taktick\u00fa l\u00edniu.<\/p>\n<p class=\"\" data-start=\"3272\" data-end=\"3416\"><strong data-start=\"3275\" data-end=\"3305\">Pripravenos\u0165 na B2B dod\u00e1vate\u013esk\u00fd re\u0165azec<\/strong><br data-start=\"3305\" data-end=\"3308\" \/>Ide\u00e1lne pre ve\u013ekoobchodn\u00edkov, policajn\u00e9 oddelenia, vojensk\u00e9 jednotky, bezpe\u010dnostn\u00e9 spolo\u010dnosti a maloobchodn\u00edkov s outdoorov\u00fdm vybaven\u00edm.<\/p>\n<p class=\"\" data-start=\"3418\" data-end=\"3567\"><strong data-start=\"3421\" data-end=\"3461\">V s\u00falade s taktick\u00fdmi normami E\u00da<\/strong><br data-start=\"3461\" data-end=\"3464\" \/>Ide\u00e1lne pre eur\u00f3pskych vojensk\u00fdch dod\u00e1vate\u013eov, taktick\u00e9 obchody, distrib\u00fatorov airsoftu a americk\u00fdch outdoorov\u00fdch predajcov.<\/p>\n<hr class=\"\" data-start=\"3569\" data-end=\"3572\" \/>\n<h1 class=\"\" data-start=\"3574\" data-end=\"3605\"><strong data-start=\"3579\" data-end=\"3605\">\u0160pecifik\u00e1cie produktu<\/strong><\/h1>\n<p class=\"\" data-start=\"3607\" data-end=\"4063\">- <strong data-start=\"3609\" data-end=\"3621\">Materi\u00e1l<\/strong>: Vysokopevnostn\u00fd polyester + syntetick\u00e1 ko\u017ea + pancierov\u00fd polykarbon\u00e1t<br data-start=\"3688\" data-end=\"3691\" \/>- <strong data-start=\"3693\" data-end=\"3702\">Farba<\/strong>: \u010cierna (k dispoz\u00edcii s\u00fa vlastn\u00e9 farby)<br data-start=\"3735\" data-end=\"3738\" \/>- <strong data-start=\"3740\" data-end=\"3749\">Ve\u013ekosti<\/strong>: S, M, L, XL, XXL<br data-start=\"3767\" data-end=\"3770\" \/>- <strong data-start=\"3772\" data-end=\"3788\">Aplik\u00e1cie<\/strong>: Vojensk\u00e9, pr\u00e1vo, Airsoft, taktick\u00fd v\u00fdcvik, po\u013eovn\u00edctvo, vybavenie na pre\u017eitie, motorka<br data-start=\"3878\" data-end=\"3881\" \/>- <strong data-start=\"3883\" data-end=\"3899\">Typ uz\u00e1veru<\/strong>: Nastavite\u013en\u00fd popruh na such\u00fd zips<br data-start=\"3924\" data-end=\"3927\" \/>- <strong data-start=\"3929\" data-end=\"3949\">Ochrann\u00e9 oblasti<\/strong>: K\u013aby, dlane, prsty, chrb\u00e1t ruky<br data-start=\"3989\" data-end=\"3992\" \/>- <strong data-start=\"3994\" data-end=\"4009\">Mo\u017enosti OEM<\/strong>: \u00c1no (vlastn\u00e1 zna\u010dka, vlastn\u00e9 farby, vlastn\u00e9 balenie)<\/p>\n<hr class=\"\" data-start=\"4065\" data-end=\"4068\" \/>\n<h1 class=\"\" data-start=\"4070\" data-end=\"4108\"><strong data-start=\"4075\" data-end=\"4108\">Dokonal\u00ed kupuj\u00faci a odvetvia<\/strong><\/h1>\n<p class=\"\" data-start=\"4110\" data-end=\"4412\">- Dod\u00e1vatelia taktick\u00e9ho a vojensk\u00e9ho v\u00fdstroja<br data-start=\"4148\" data-end=\"4151\" \/>- Poskytovatelia bezpe\u010dnostn\u00fdch uniforiem<br data-start=\"4179\" data-end=\"4182\" \/>- Obchody s airsoftov\u00fdm a paintballov\u00fdm vybaven\u00edm<br data-start=\"4221\" data-end=\"4224\" \/>- Ve\u013ekoobchodn\u00edci s v\u00fdstrojom na pre\u017eitie<br data-start=\"4251\" data-end=\"4254\" \/>- Maloobchodn\u00edci s outdoorov\u00fdm dobrodru\u017estvom<br data-start=\"4283\" data-end=\"4286\" \/>- Dod\u00e1vatelia po\u013eovn\u00edckych a streleck\u00fdch \u0161portov<br data-start=\"4325\" data-end=\"4328\" \/>- Elektronick\u00e9 obchody (Amazon, eBay, Shopify)<br data-start=\"4380\" data-end=\"4383\" \/>- Trhy B2B v E\u00da a USA<\/p>","protected":false},"excerpt":{"rendered":"<p class=\"\" data-start=\"2198\" data-end=\"2336\"><strong data-start=\"2201\" data-end=\"2235\">Ochrana k\u013abov na \u00farovni panciera<\/strong><br data-start=\"2235\" data-end=\"2238\" \/>Pevn\u00e9 tvarovan\u00e9 chr\u00e1ni\u010de k\u013abov poskytuj\u00fa vynikaj\u00facu ochranu pred n\u00e1razmi, odreninami a taktick\u00fdmi hrozbami.<\/p>\n<p class=\"\" data-start=\"2338\" data-end=\"2473\"><strong data-start=\"2341\" data-end=\"2370\">Vylep\u0161en\u00fd \u00fachop a ovl\u00e1danie<\/strong><br data-start=\"2370\" data-end=\"2373\" \/>Proti\u0161mykov\u00e1 technol\u00f3gia dlane zaru\u010duje maxim\u00e1lnu kontrolu nad zbra\u0148ou, vozidlom a n\u00e1strojmi za ak\u00fdchko\u013evek podmienok.<\/p>\n<p class=\"\" data-start=\"2475\" data-end=\"2621\"><strong data-start=\"2478\" data-end=\"2514\">Taktick\u00e1 priedu\u0161n\u00e1 kon\u0161trukcia<\/strong><br data-start=\"2514\" data-end=\"2517\" \/>\u013dahk\u00e1 a priedu\u0161n\u00e1 tkanina odv\u00e1dzaj\u00faca vlhkos\u0165, ktor\u00e1 zabra\u0148uje \u00fanave r\u00fak po\u010das dlh\u0161ej prev\u00e1dzky.<\/p>\n<p class=\"\" data-start=\"2623\" data-end=\"2756\"><strong data-start=\"2626\" data-end=\"2650\">Zosilnen\u00e9 \u0161itie<\/strong><br data-start=\"2650\" data-end=\"2653\" \/>Dvojito zosilnen\u00e9 \u0161vy zvy\u0161uj\u00fa pevnos\u0165 v kritick\u00fdch bodoch nam\u00e1hania, \u010d\u00edm zabezpe\u010duj\u00fa odolnos\u0165 a dlh\u00fa \u017eivotnos\u0165.<\/p>","protected":false},"featured_media":8981,"comment_status":"closed","ping_status":"closed","template":"","meta":[],"product_brand":[35],"product_cat":[99,100],"product_tag":[116],"class_list":{"0":"post-8936","1":"product","2":"type-product","3":"status-publish","4":"has-post-thumbnail","6":"product_brand-ryinz","7":"product_cat-gloves","8":"product_cat-police-gloves","9":"product_tag-protective-gloves-for-law-enforcement","11":"first","12":"instock","13":"taxable","14":"shipping-taxable","15":"purchasable","16":"product-type-simple"},"_links":{"self":[{"href":"https:\/\/ryinz.cz\/velkoobchod\/sk\/wp-json\/wp\/v2\/product\/8936","targetHints":{"allow":["GET"]}}],"collection":[{"href":"https:\/\/ryinz.cz\/velkoobchod\/sk\/wp-json\/wp\/v2\/product"}],"about":[{"href":"https:\/\/ryinz.cz\/velkoobchod\/sk\/wp-json\/wp\/v2\/types\/product"}],"replies":[{"embeddable":true,"href":"https:\/\/ryinz.cz\/velkoobchod\/sk\/wp-json\/wp\/v2\/comments?post=8936"}],"wp:featuredmedia":[{"embeddable":true,"href":"https:\/\/ryinz.cz\/velkoobchod\/sk\/wp-json\/wp\/v2\/media\/8981"}],"wp:attachment":[{"href":"https:\/\/ryinz.cz\/velkoobchod\/sk\/wp-json\/wp\/v2\/media?parent=8936"}],"wp:term":[{"taxonomy":"product_brand","embeddable":true,"href":"https:\/\/ryinz.cz\/velkoobchod\/sk\/wp-json\/wp\/v2\/product_brand?post=8936"},{"taxonomy":"product_cat","embeddable":true,"href":"https:\/\/ryinz.cz\/velkoobchod\/sk\/wp-json\/wp\/v2\/product_cat?post=8936"},{"taxonomy":"product_tag","embeddable":true,"href":"https:\/\/ryinz.cz\/velkoobchod\/sk\/wp-json\/wp\/v2\/product_tag?post=8936"}],"curies":[{"name":"wp","href":"https:\/\/api.w.org\/{rel}","templated":true}]}}