{"id":8935,"date":"2025-06-22T15:22:03","date_gmt":"2025-06-22T15:22:03","guid":{"rendered":"https:\/\/ryinz.cz\/velkoobchod\/?post_type=product&#038;p=8935"},"modified":"2026-01-18T20:16:56","modified_gmt":"2026-01-18T20:16:56","slug":"ryinz-vysoko-narazove-tpr-mechanicke-rukavice-proti-porezaniu-odolne-voci-oleju-zosilnene-uchopenie-pracovne-rukavice-pre-priemyselne-pouzitie-v-automobilovom-priemysle","status":"publish","type":"product","link":"https:\/\/ryinz.cz\/velkoobchod\/sk\/product\/ryinz-high-impact-tpr-mechanics-gloves-anti-cut-oil-resistant-reinforced-grip-work-gloves-for-industrial-automotive-use\/","title":{"rendered":"Mechanick\u00e9 rukavice RYINZ TPR s vysokou odolnos\u0165ou proti porezaniu, odoln\u00e9 vo\u010di olejom, zosilnen\u00e9 pracovn\u00e9 rukavice na priemyseln\u00e9 a automobilov\u00e9 pou\u017eitie"},"content":{"rendered":"<p class=\"\" data-start=\"332\" data-end=\"700\">Str\u00e1nka <strong data-start=\"336\" data-end=\"378\">Mechanick\u00e9 rukavice RYINZ TPR s vysokou odolnos\u0165ou proti n\u00e1razom<\/strong> s\u00fa navrhnut\u00e9 pre profesion\u00e1lov, ktor\u00ed vy\u017eaduj\u00fa vysoko\u00fa\u010dinn\u00fa ochranu r\u00fak v naj\u0165a\u017e\u0161\u00edch pracovn\u00fdch podmienkach. Tieto rukavice s\u00fa navrhnut\u00e9 tak, aby zvl\u00e1dli n\u00e1ro\u010dn\u00e9 \u00falohy v automobilovom, priemyselnom, ropnom a plyn\u00e1renskom priemysle, ban\u00edctve a v \u0165a\u017ekom stroj\u00e1rskom prostred\u00ed - pon\u00fakaj\u00fa dokonal\u00fa kombin\u00e1ciu bezpe\u010dnosti, odolnosti, flexibility a vidite\u013enosti.<\/p>\n<p class=\"\" data-start=\"702\" data-end=\"1193\">Tieto rukavice s\u00fa vyroben\u00e9 z vysoko vidite\u013en\u00fdch ne\u00f3novo \u017elt\u00fdch a \u010derven\u00fdch tkan\u00edn a zaru\u010duj\u00fa, \u017ee va\u0161e ruky bud\u00fa v\u017edy vidite\u013en\u00e9 pri slabom osvetlen\u00ed alebo v nebezpe\u010dn\u00fdch podmienkach. Chrbty rukav\u00edc s\u00fa vybaven\u00e9 <strong data-start=\"898\" data-end=\"956\">chr\u00e1ni\u010de proti n\u00e1razu z termoplastickej gumy (TPR) s pln\u00fdm pokryt\u00edm<\/strong>, ktor\u00e9 poskytuj\u00fa robustn\u00fa ochranu k\u013abov, prstov a z\u00e1prstn\u00fdch kost\u00ed. Ka\u017ed\u00fd segment TPR je presne vytvarovan\u00fd a strategicky umiestnen\u00fd tak, aby absorboval a odr\u00e1\u017eal n\u00e1razy, \u010d\u00edm sa zni\u017euje riziko poranen\u00ed sp\u00f4soben\u00fdch rozdrven\u00edm, stla\u010den\u00edm a pomlia\u017eden\u00edm.<\/p>\n<p class=\"\" data-start=\"1195\" data-end=\"1579\">Dla\u0148 je vybaven\u00e1 <strong data-start=\"1215\" data-end=\"1252\">zosilnen\u00e1 z\u00e1klad\u0148a zo syntetickej ko\u017ee<\/strong> so siln\u00fdm pre\u0161\u00edvan\u00edm a vrstven\u00fdm polstrovan\u00edm pre v\u00e4\u010d\u0161iu odolnos\u0165. \u00dachopov\u00e9 z\u00f3ny s\u00fa potiahnut\u00e9 text\u00farovan\u00fdmi materi\u00e1lmi, ktor\u00e9 zais\u0165uj\u00fa pevn\u00e9 uchopenie n\u00e1radia, strojov a klzk\u00fdch povrchov - dokonca aj v mastn\u00fdch alebo mokr\u00fdch podmienkach. A <strong data-start=\"1475\" data-end=\"1509\">Dvojito pre\u0161it\u00e1 pod\u0161\u00edvka z kevlaru\u00ae<\/strong> pozd\u013a\u017e z\u00f3n s vysok\u00fdm opotrebovan\u00edm zvy\u0161uje odolnos\u0165 proti prerezaniu a predl\u017euje \u017eivotnos\u0165 rukav\u00edc.<\/p>\n<p class=\"\" data-start=\"1581\" data-end=\"1999\">Rukavice s\u00fa navrhnut\u00e9 s oh\u013eadom na ergon\u00f3miu a pon\u00fakaj\u00fa <strong data-start=\"1632\" data-end=\"1662\">v\u00fdborn\u00e1 obratnos\u0165 prstov<\/strong>, \u010do u\u013eah\u010duje manipul\u00e1ciu s mal\u00fdmi dielmi alebo vykon\u00e1vanie detailn\u00fdch \u00faloh bez ich vyberania. Priliehav\u00e9 man\u017eety na z\u00e1p\u00e4stie s\u00fa vybaven\u00e9 s\u0165ahovac\u00edmi p\u00e1sikmi a nastavite\u013en\u00fdmi uz\u00e1vermi, ktor\u00e9 zabezpe\u010duj\u00fa bezpe\u010dn\u00e9 pri\u013enutie a z\u00e1rove\u0148 zabra\u0148uj\u00fa vniknutiu ne\u010dist\u00f4t. Priedu\u0161n\u00e1 tkanina na chrbte rukav\u00edc a stre\u010dov\u00e9 z\u00f3ny pozd\u013a\u017e prstov zni\u017euj\u00fa \u00fanavu r\u00fak po\u010das dlh\u00fdch hod\u00edn pou\u017e\u00edvania.<\/p>\n<p class=\"\" data-start=\"2001\" data-end=\"2185\">\u010ci u\u017e vykon\u00e1vate servis motorov, obsluhujete elektrick\u00e9 n\u00e1radie, pracujete na stavenisku alebo vykon\u00e1vate n\u00e1ro\u010dn\u00e9 priemyseln\u00e9 \u00falohy, tieto rukavice v\u00e1m zabezpe\u010dia ochranu r\u00fak a produktivitu.<\/p>\n<p class=\"\" data-start=\"2187\" data-end=\"2204\"><strong data-start=\"2187\" data-end=\"2204\">K\u013e\u00fa\u010dov\u00e9 vlastnosti:<\/strong><\/p>\n<ul data-start=\"2205\" data-end=\"2550\">\n<li class=\"\" data-start=\"2205\" data-end=\"2246\">\n<p class=\"\" data-start=\"2207\" data-end=\"2246\">Ochrana proti n\u00e1razu TPR pod\u013ea normy ANSI\/ISEA<\/p>\n<\/li>\n<li class=\"\" data-start=\"2247\" data-end=\"2304\">\n<p class=\"\" data-start=\"2249\" data-end=\"2304\">Vysoko vidite\u013en\u00e1 farebn\u00e1 kombin\u00e1cia pre bezpe\u010dnos\u0165 na pracovisku<\/p>\n<\/li>\n<li class=\"\" data-start=\"2305\" data-end=\"2341\">\n<p class=\"\" data-start=\"2307\" data-end=\"2341\">Palma odoln\u00e1 vo\u010di oleju a oderu<\/p>\n<\/li>\n<li class=\"\" data-start=\"2342\" data-end=\"2374\">\n<p class=\"\" data-start=\"2344\" data-end=\"2374\">Zosilnen\u00e9 polstrovan\u00e9 \u00fachopov\u00e9 z\u00f3ny<\/p>\n<\/li>\n<li class=\"\" data-start=\"2375\" data-end=\"2421\">\n<p class=\"\" data-start=\"2377\" data-end=\"2421\">Vynikaj\u00faca obratnos\u0165 a hmatov\u00e1 citlivos\u0165<\/p>\n<\/li>\n<li class=\"\" data-start=\"2422\" data-end=\"2460\">\n<p class=\"\" data-start=\"2424\" data-end=\"2460\">Bezpe\u010dn\u00e9 zap\u00ednanie na z\u00e1p\u00e4st\u00ed s vy\u0165ahovacou z\u00e1lo\u017ekou<\/p>\n<\/li>\n<li class=\"\" data-start=\"2461\" data-end=\"2505\">\n<p class=\"\" data-start=\"2463\" data-end=\"2505\">Dvojito pre\u0161it\u00e9 \u0161vy pre v\u00e4\u010d\u0161iu pevnos\u0165<\/p>\n<\/li>\n<li class=\"\" data-start=\"2506\" data-end=\"2550\">\n<p class=\"\" data-start=\"2508\" data-end=\"2550\">Vhodn\u00e9 do ka\u017ed\u00e9ho po\u010dasia a na celoro\u010dn\u00e9 pou\u017eitie<\/p>\n<\/li>\n<\/ul>\n<p class=\"\" data-start=\"2552\" data-end=\"2578\"><strong data-start=\"2552\" data-end=\"2578\">Odpor\u00fa\u010dan\u00e9 pr\u00edpady pou\u017eitia:<\/strong><\/p>\n<ul data-start=\"2579\" data-end=\"2783\">\n<li class=\"\" data-start=\"2579\" data-end=\"2617\">\n<p class=\"\" data-start=\"2581\" data-end=\"2617\">Mechanika a \u00fadr\u017eba automobilov<\/p>\n<\/li>\n<li class=\"\" data-start=\"2618\" data-end=\"2640\">\n<p class=\"\" data-start=\"2620\" data-end=\"2640\">Ropn\u00fd a plyn\u00e1rensk\u00fd priemysel<\/p>\n<\/li>\n<li class=\"\" data-start=\"2641\" data-end=\"2669\">\n<p class=\"\" data-start=\"2643\" data-end=\"2669\">Stavebn\u00edctvo a stol\u00e1rstvo<\/p>\n<\/li>\n<li class=\"\" data-start=\"2670\" data-end=\"2698\">\n<p class=\"\" data-start=\"2672\" data-end=\"2698\">Manipul\u00e1cia s \u0165a\u017ek\u00fdmi strojmi<\/p>\n<\/li>\n<li class=\"\" data-start=\"2699\" data-end=\"2723\">\n<p class=\"\" data-start=\"2701\" data-end=\"2723\">Sklad a preprava<\/p>\n<\/li>\n<li class=\"\" data-start=\"2724\" data-end=\"2759\">\n<p class=\"\" data-start=\"2726\" data-end=\"2759\">N\u00fadzov\u00e9 z\u00e1chrann\u00e9 a komun\u00e1lne pr\u00e1ce<\/p>\n<\/li>\n<li class=\"\" data-start=\"2760\" data-end=\"2783\">\n<p class=\"\" data-start=\"2762\" data-end=\"2783\">\u0164a\u017eba a demol\u00e1cia<\/p>\n<\/li>\n<\/ul>\n<p class=\"\" data-start=\"2785\" data-end=\"3043\">Mechanick\u00e9 rukavice RYINZ, ktor\u00e9 sa pon\u00fakaj\u00fa vo viacer\u00fdch ve\u013ekostiach, aby v\u00e1m dokonale padli, s\u00fa va\u0161\u00edm spo\u013eahliv\u00fdm spolo\u010dn\u00edkom pre bezpe\u010dn\u00fa, sebaist\u00fa a efekt\u00edvnu pr\u00e1cu. Sp\u013a\u0148aj\u00fa medzin\u00e1rodn\u00e9 normy kvality a v pr\u00edpade spolupr\u00e1ce OEM\/ODM ich mo\u017eno prisp\u00f4sobi\u0165 logu va\u0161ej zna\u010dky.<\/p>\n<p class=\"\" data-start=\"3045\" data-end=\"3228\"><strong data-start=\"3045\" data-end=\"3067\">Pokyny na starostlivos\u0165:<\/strong><br data-start=\"3067\" data-end=\"3070\" \/>Utrite vlhkou handri\u010dkou. Neperte v pr\u00e1\u010dke. Skladujte na chladnom a suchom mieste. Na zabezpe\u010denie optim\u00e1lnej ochrany rukavice vyme\u0148te, akon\u00e1hle sa objavia zn\u00e1mky opotrebovania alebo po\u0161kodenia.<\/p>\n<p class=\"\" data-start=\"3230\" data-end=\"3463\">Spolo\u010dnos\u0165 RYINZ, ktor\u00e1 sa opiera o desa\u0165ro\u010dia v\u00fdrobn\u00fdch sk\u00fasenost\u00ed a ktorej d\u00f4veruj\u00fa profesion\u00e1li na celom svete, poskytuje konzistentn\u00fa kvalitu a v\u00fdkon. Kontaktujte n\u00e1s e\u0161te dnes pre ve\u013ekoobchodn\u00e9 ot\u00e1zky, v\u00fdvoj na z\u00e1kazku alebo mo\u017enosti s\u00fakromn\u00e9ho ozna\u010dovania.<\/p>","protected":false},"excerpt":{"rendered":"<p>Mechanick\u00e9 rukavice RYINZ TPR, navrhnut\u00e9 na extr\u00e9mnu ochranu a ka\u017edodenn\u00e9 pou\u017e\u00edvanie, sp\u00e1jaj\u00fa vysok\u00fa odolnos\u0165 proti n\u00e1razom, presnos\u0165 \u00fachopu a celodenn\u00fd komfort v jednom odolnom dizajne. \u010ci u\u017e pracujete na ropn\u00fdch poliach, opravujete motory alebo manipulujete s \u0165a\u017ek\u00fdmi zariadeniami, tieto rukavice v\u00e1m poskytn\u00fa potrebn\u00fa odolnos\u0165 a obratnos\u0165. Celohrbtov\u00e9 chr\u00e1ni\u010de TPR chr\u00e1nia pred n\u00e1razmi a odreninami, zatia\u013e \u010do text\u00farovan\u00e9 \u00fachopov\u00e9 z\u00f3ny na dlani zaru\u010duj\u00fa, \u017ee nestrat\u00edte kontrolu nad n\u00e1rad\u00edm ani v klzk\u00fdch podmienkach. V\u010faka zosilnen\u00e9mu pre\u0161\u00edvaniu, farb\u00e1m s vysokou vidite\u013enos\u0165ou a priliehav\u00e9mu nastavite\u013en\u00e9mu strihu v\u00e1m tieto rukavice pom\u00f4\u017eu pracova\u0165 inteligentnej\u0161ie a bezpe\u010dnej\u0161ie - ka\u017ed\u00fa zmenu, ka\u017ed\u00fa \u00falohu.<\/p>","protected":false},"featured_media":8976,"comment_status":"closed","ping_status":"closed","template":"","meta":[],"product_brand":[35],"product_cat":[82,83],"product_tag":[97,98],"class_list":{"0":"post-8935","1":"product","2":"type-product","3":"status-publish","4":"has-post-thumbnail","6":"product_brand-ryinz","7":"product_cat-mechanic-industrial-gloves","8":"product_cat-mechanics-gloves","9":"product_tag-en388-certified-gloves","10":"product_tag-neoprene-cuff-mechanics-gloves","12":"first","13":"instock","14":"taxable","15":"shipping-taxable","16":"purchasable","17":"product-type-simple"},"_links":{"self":[{"href":"https:\/\/ryinz.cz\/velkoobchod\/sk\/wp-json\/wp\/v2\/product\/8935","targetHints":{"allow":["GET"]}}],"collection":[{"href":"https:\/\/ryinz.cz\/velkoobchod\/sk\/wp-json\/wp\/v2\/product"}],"about":[{"href":"https:\/\/ryinz.cz\/velkoobchod\/sk\/wp-json\/wp\/v2\/types\/product"}],"replies":[{"embeddable":true,"href":"https:\/\/ryinz.cz\/velkoobchod\/sk\/wp-json\/wp\/v2\/comments?post=8935"}],"wp:featuredmedia":[{"embeddable":true,"href":"https:\/\/ryinz.cz\/velkoobchod\/sk\/wp-json\/wp\/v2\/media\/8976"}],"wp:attachment":[{"href":"https:\/\/ryinz.cz\/velkoobchod\/sk\/wp-json\/wp\/v2\/media?parent=8935"}],"wp:term":[{"taxonomy":"product_brand","embeddable":true,"href":"https:\/\/ryinz.cz\/velkoobchod\/sk\/wp-json\/wp\/v2\/product_brand?post=8935"},{"taxonomy":"product_cat","embeddable":true,"href":"https:\/\/ryinz.cz\/velkoobchod\/sk\/wp-json\/wp\/v2\/product_cat?post=8935"},{"taxonomy":"product_tag","embeddable":true,"href":"https:\/\/ryinz.cz\/velkoobchod\/sk\/wp-json\/wp\/v2\/product_tag?post=8935"}],"curies":[{"name":"wp","href":"https:\/\/api.w.org\/{rel}","templated":true}]}}