{"id":8929,"date":"2025-06-22T15:21:37","date_gmt":"2025-06-22T15:21:37","guid":{"rendered":"https:\/\/ryinz.cz\/velkoobchod\/?post_type=product&#038;p=8929"},"modified":"2026-01-18T20:16:55","modified_gmt":"2026-01-18T20:16:55","slug":"ryinz-mechanicke-rukavice-s-vysokou-odolnostou-proti-narazom-s-tpr-ochranou-proti-vibraciam-odolne-proti-prerezaniu-a-s-vysokym-videnim","status":"publish","type":"product","link":"https:\/\/ryinz.cz\/velkoobchod\/sk\/product\/ryinz-high-impact-resistant-mechanic-gloves-with-tpr-protection-anti-vibration-cut-resistant-and-hi-vis-safety-gloves\/","title":{"rendered":"Mechanick\u00e9 rukavice RYINZ s vysokou odolnos\u0165ou proti n\u00e1razom a ochranou TPR - antivibra\u010dn\u00e9, odoln\u00e9 proti porezaniu a bezpe\u010dnostn\u00e9 rukavice Hi-Vis"},"content":{"rendered":"<p class=\"\" data-start=\"281\" data-end=\"673\">Str\u00e1nka <strong data-start=\"285\" data-end=\"332\">Mechanick\u00e9 rukavice RYINZ odoln\u00e9 vo\u010di vysok\u00fdm n\u00e1razom<\/strong> s\u00fa navrhnut\u00e9 pre najn\u00e1ro\u010dnej\u0161ie priemyseln\u00e9, stroj\u00e1rske a stavebn\u00e9 \u00falohy, pri ktor\u00fdch musia ochrana, pohodlie a presnos\u0165 bezchybne spolupracova\u0165. Tieto rukavice nie s\u00fa len ochrann\u00fdm odevom - s\u00fa d\u00f4le\u017eit\u00fdm n\u00e1strojom pre profesion\u00e1lov, ktor\u00ed \u010delia rizik\u00e1m poranenia n\u00e1razom, vibr\u00e1ci\u00e1m, odrenin\u00e1m a vystaveniu drsn\u00e9mu pracovn\u00e9mu prostrediu.<\/p>\n<p class=\"\" data-start=\"675\" data-end=\"1058\">Tieto rukavice s\u00fa vyroben\u00e9 z modernej syntetickej tkaniny so zosilnenou dla\u0148ou a pru\u017en\u00fdm spandexov\u00fdm pl\u00e1\u0161\u0165om, \u010d\u00edm dosahuj\u00fa dokonal\u00fa rovnov\u00e1hu medzi odolnos\u0165ou a pohodl\u00edm. Ich v\u00fdnimo\u010dnou vlastnos\u0165ou je <strong data-start=\"867\" data-end=\"908\">ochrana z termoplastickej gumy (TPR)<\/strong> na chrbte ruky a na prstoch. Tento priemyseln\u00fd pancier odr\u00e1\u017ea siln\u00e9 n\u00e1razy a chr\u00e1ni pred poranen\u00edm n\u00e1strojmi, \u00falomkami alebo strojmi.<\/p>\n<p class=\"\" data-start=\"1060\" data-end=\"1373\">Na zlep\u0161enie vidite\u013enosti pri slabom osvetlen\u00ed alebo v nebezpe\u010dn\u00fdch oblastiach s\u00fa rukavice navrhnut\u00e9 v <strong data-start=\"1144\" data-end=\"1174\">vysoko vidite\u013en\u00e1 ne\u00f3novo zelen\u00e1<\/strong> farba s \u010diernymi akcentmi a reflexn\u00fdmi detailmi. V\u010faka tomu s\u00fa pracovn\u00edci \u013eahko vidite\u013en\u00ed, \u010do zvy\u0161uje bezpe\u010dnos\u0165 v prostrediach, ako s\u00fa \u00fadr\u017eba ciest, stavebn\u00e9 z\u00f3ny a sklady.<\/p>\n<p class=\"\" data-start=\"1375\" data-end=\"1794\">Oblas\u0165 dlan\u00ed je vybaven\u00e1 <strong data-start=\"1406\" data-end=\"1432\">antivibra\u010dn\u00e9 polstrovanie<\/strong> a zosilnen\u00fdm text\u00farovan\u00fdm vzorom rukov\u00e4te, ktor\u00fd zlep\u0161uje ovl\u00e1danie a zni\u017euje \u00fanavu pri dlhodobom pou\u017e\u00edvan\u00ed. Vn\u00fatorn\u00e9 z\u00f3ny \u00fachopu s\u00fa ob\u0161it\u00e9 priemyselnou ni\u0165ou, ktor\u00e1 poskytuje dodato\u010dn\u00fa ochranu proti opotrebovaniu pri ka\u017edodenn\u00fdch mechanick\u00fdch pr\u00e1cach. \u010ci u\u017e ide o zdv\u00edhanie, zat\u013akanie, vy\u0165ahovanie k\u013e\u00fa\u010dov alebo mont\u00e1\u017e s\u00fa\u010diastok, tieto rukavice zabezpe\u010dia pevn\u00fd a kontrolovan\u00fd \u00fachop pri ka\u017edom pohybe.<\/p>\n<p class=\"\" data-start=\"1796\" data-end=\"2134\">Tieto rukavice s\u00fa navrhnut\u00e9 na celodenn\u00e9 nosenie a maj\u00fa priliehav\u00e9 elastick\u00e9 z\u00e1p\u00e4stie s <strong data-start=\"1881\" data-end=\"1901\">Jednoduch\u00e9 nasadzovanie<\/strong> na r\u00fdchle obliekanie a vyzliekanie, aj ke\u010f m\u00e1te spoten\u00e9 alebo \u0161pinav\u00e9 ruky. Priedu\u0161n\u00e1 pod\u0161\u00edvka zabra\u0148uje hromadeniu vlhkosti a udr\u017eiava pr\u00fadenie vzduchu, zatia\u013e \u010do ergonomick\u00fd dizajn umo\u017e\u0148uje pln\u00fd rozsah pohybu, hmatov\u00fa citlivos\u0165 a presn\u00e9 ovl\u00e1danie.<\/p>\n<p class=\"\" data-start=\"2136\" data-end=\"2153\"><strong data-start=\"2136\" data-end=\"2153\">K\u013e\u00fa\u010dov\u00e9 vlastnosti:<\/strong><\/p>\n<ul data-start=\"2155\" data-end=\"2988\">\n<li class=\"\" data-start=\"2155\" data-end=\"2256\">\n<p class=\"\" data-start=\"2157\" data-end=\"2256\"><strong data-start=\"2157\" data-end=\"2188\">\u00dapln\u00e1 ochrana proti n\u00e1razu TPR:<\/strong> Chrbty prstov, k\u013aby a ruka chr\u00e1nen\u00e9 proti tup\u00e9mu n\u00e1razu<\/p>\n<\/li>\n<li class=\"\" data-start=\"2257\" data-end=\"2368\">\n<p class=\"\" data-start=\"2259\" data-end=\"2368\"><strong data-start=\"2259\" data-end=\"2282\">Hi-Vis ne\u00f3nov\u00fd dizajn:<\/strong> Jasne zelen\u00e9 telo s reflexn\u00fdmi akcentmi na zvidite\u013enenie v tmav\u00fdch alebo ru\u0161n\u00fdch pracovn\u00fdch priestoroch<\/p>\n<\/li>\n<li class=\"\" data-start=\"2369\" data-end=\"2468\">\n<p class=\"\" data-start=\"2371\" data-end=\"2468\"><strong data-start=\"2371\" data-end=\"2395\">Antivibra\u010dn\u00e1 dla\u0148:<\/strong> Tlm\u00ed opakovan\u00e9 n\u00e1razy a zni\u017euje nam\u00e1hanie r\u00fak pri pou\u017e\u00edvan\u00ed n\u00e1radia<\/p>\n<\/li>\n<li class=\"\" data-start=\"2469\" data-end=\"2543\">\n<p class=\"\" data-start=\"2471\" data-end=\"2543\"><strong data-start=\"2471\" data-end=\"2504\">Zosilnen\u00e9 z\u00f3ny dlane a \u00fachopu:<\/strong> Zv\u00fd\u0161en\u00e1 odolnos\u0165 a kontrola sklzu<\/p>\n<\/li>\n<li class=\"\" data-start=\"2544\" data-end=\"2619\">\n<p class=\"\" data-start=\"2546\" data-end=\"2619\"><strong data-start=\"2546\" data-end=\"2574\">Priedu\u0161n\u00e1 vn\u00fatorn\u00e1 pod\u0161\u00edvka:<\/strong> Zni\u017euje potenie a zvy\u0161uje celodenn\u00fd komfort<\/p>\n<\/li>\n<li class=\"\" data-start=\"2620\" data-end=\"2690\">\n<p class=\"\" data-start=\"2622\" data-end=\"2690\"><strong data-start=\"2622\" data-end=\"2655\">Elastick\u00e9 z\u00e1p\u00e4stie a z\u00e1lo\u017eka:<\/strong> Bezpe\u010dn\u00e9 uchytenie a r\u00fdchla aplik\u00e1cia<\/p>\n<\/li>\n<li class=\"\" data-start=\"2691\" data-end=\"2764\">\n<p class=\"\" data-start=\"2693\" data-end=\"2764\"><strong data-start=\"2693\" data-end=\"2719\">Dvojito pre\u0161it\u00e9 \u0161vy:<\/strong> Vysok\u00e1 pevnos\u0165 v \u0165ahu pre drsn\u00e9 podmienky<\/p>\n<\/li>\n<li class=\"\" data-start=\"2765\" data-end=\"2842\">\n<p class=\"\" data-start=\"2767\" data-end=\"2842\"><strong data-start=\"2767\" data-end=\"2795\">Pru\u017en\u00e1 tkanina Spandex:<\/strong> Umo\u017e\u0148uje mobilitu bez ohrozenia bezpe\u010dnosti<\/p>\n<\/li>\n<li class=\"\" data-start=\"2843\" data-end=\"2907\">\n<p class=\"\" data-start=\"2845\" data-end=\"2907\"><strong data-start=\"2845\" data-end=\"2865\">Dostupn\u00e9 ve\u013ekosti:<\/strong> M, L, XL, XXL (vlastn\u00e9 ve\u013ekosti na po\u017eiadanie)<\/p>\n<\/li>\n<li class=\"\" data-start=\"2908\" data-end=\"2988\">\n<p class=\"\" data-start=\"2910\" data-end=\"2988\"><strong data-start=\"2910\" data-end=\"2928\">Prisp\u00f4sobenie:<\/strong> Log\u00e1, s\u00fakromn\u00e9 ozna\u010dovanie, mo\u017enosti balenia pre partnerov OEM<\/p>\n<\/li>\n<\/ul>\n<p class=\"\" data-start=\"2990\" data-end=\"3010\"><strong data-start=\"2990\" data-end=\"3010\">Odpor\u00fa\u010dame pre:<\/strong><\/p>\n<ul data-start=\"3012\" data-end=\"3374\">\n<li class=\"\" data-start=\"3012\" data-end=\"3048\">\n<p class=\"\" data-start=\"3014\" data-end=\"3048\">Mechanici a pracovn\u00edci v automobilovom priemysle<\/p>\n<\/li>\n<li class=\"\" data-start=\"3049\" data-end=\"3082\">\n<p class=\"\" data-start=\"3051\" data-end=\"3082\">Prev\u00e1dzky v ropnom a plyn\u00e1renskom priemysle<\/p>\n<\/li>\n<li class=\"\" data-start=\"3083\" data-end=\"3119\">\n<p class=\"\" data-start=\"3085\" data-end=\"3119\">\u0164a\u017eba, v\u0155tanie a v\u00fdkopov\u00e9 pr\u00e1ce<\/p>\n<\/li>\n<li class=\"\" data-start=\"3120\" data-end=\"3157\">\n<p class=\"\" data-start=\"3122\" data-end=\"3157\">\u00dadr\u017eba a v\u00fdstavba ciest<\/p>\n<\/li>\n<li class=\"\" data-start=\"3158\" data-end=\"3192\">\n<p class=\"\" data-start=\"3160\" data-end=\"3192\">Pohotovostn\u00fd a z\u00e1chrann\u00fd person\u00e1l<\/p>\n<\/li>\n<li class=\"\" data-start=\"3193\" data-end=\"3228\">\n<p class=\"\" data-start=\"3195\" data-end=\"3228\">Nakladanie v sklade a logistika<\/p>\n<\/li>\n<li class=\"\" data-start=\"3229\" data-end=\"3275\">\n<p class=\"\" data-start=\"3231\" data-end=\"3275\">\u00dadr\u017eba in\u017einierskych siet\u00ed a elektrickej siete<\/p>\n<\/li>\n<li class=\"\" data-start=\"3276\" data-end=\"3333\">\n<p class=\"\" data-start=\"3278\" data-end=\"3333\">Mont\u00e1\u017e a obsluha strojov vo v\u00fdrobn\u00fdch jednotk\u00e1ch<\/p>\n<\/li>\n<li class=\"\" data-start=\"3334\" data-end=\"3374\">\n<p class=\"\" data-start=\"3336\" data-end=\"3374\">Obsluha \u0165a\u017ek\u00fdch zariaden\u00ed a vysokozdvi\u017en\u00fdch voz\u00edkov<\/p>\n<\/li>\n<\/ul>\n<p class=\"\" data-start=\"3376\" data-end=\"3408\"><strong data-start=\"3376\" data-end=\"3408\">Certifik\u00e1ty a s\u00falad:<\/strong><\/p>\n<ul data-start=\"3410\" data-end=\"3574\">\n<li class=\"\" data-start=\"3410\" data-end=\"3456\">\n<p class=\"\" data-start=\"3412\" data-end=\"3456\"><strong data-start=\"3412\" data-end=\"3454\">EN388 (norma mechanickej ochrany)<\/strong><\/p>\n<\/li>\n<li class=\"\" data-start=\"3457\" data-end=\"3496\">\n<p class=\"\" data-start=\"3459\" data-end=\"3496\"><strong data-start=\"3459\" data-end=\"3494\">Odolnos\u0165 proti prerezaniu pod\u013ea normy ANSI (na po\u017eiadanie)<\/strong><\/p>\n<\/li>\n<li class=\"\" data-start=\"3497\" data-end=\"3542\">\n<p class=\"\" data-start=\"3499\" data-end=\"3542\"><strong data-start=\"3499\" data-end=\"3540\">Certifik\u00e1t CE - vhodn\u00fd pre trh E\u00da<\/strong><\/p>\n<\/li>\n<li class=\"\" data-start=\"3543\" data-end=\"3574\">\n<p class=\"\" data-start=\"3545\" data-end=\"3574\"><strong data-start=\"3545\" data-end=\"3574\">Materi\u00e1ly v s\u00falade s nariaden\u00edm REACH<\/strong><\/p>\n<\/li>\n<\/ul>\n<p class=\"\" data-start=\"3576\" data-end=\"3936\"><strong data-start=\"3576\" data-end=\"3599\">V\u00fdvoz a ve\u013ekoobchod:<\/strong><br data-start=\"3599\" data-end=\"3602\" \/>Spolo\u010dnos\u0165 RYINZ pon\u00faka rie\u0161enia na mieru pre ve\u013ekoobchodn\u00edkov a distrib\u00fatorov v Eur\u00f3pe a USA. V\u010faka flexibiln\u00fdm minim\u00e1lnym mno\u017estv\u00e1m objedn\u00e1vok (MOQ), prisp\u00f4sobeniu v\u00fdrobkov, s\u00fakromn\u00e9mu ozna\u010dovaniu a mo\u017enostiam r\u00fdchlej prepravy pom\u00e1hame partnerom roz\u0161\u00edri\u0165 ponuku rukav\u00edc s plnou podporou, dokument\u00e1ciou a viacjazy\u010dn\u00fdm balen\u00edm, ktor\u00e9 s\u00fa k dispoz\u00edcii na po\u017eiadanie.<\/p>","protected":false},"excerpt":{"rendered":"<p>Navrhnut\u00fd pre profesion\u00e1lov v n\u00e1ro\u010dn\u00fdch podmienkach <strong data-start=\"4034\" data-end=\"4071\">Mechanick\u00e9 rukavice RYINZ s vysokou odolnos\u0165ou proti n\u00e1razom<\/strong> poskytuj\u00fa ochranu celej ruky s flexibilnou kon\u0161trukciou. Ochrana z termoplastickej gumy (TPR) na prstoch a k\u013aboch chr\u00e1ni pred n\u00e1razmi, zatia\u013e \u010do zosilnen\u00e1 dla\u0148 zni\u017euje \u00fanavu z vibr\u00e1ci\u00ed a zlep\u0161uje \u00fachop n\u00e1strojov. Tieto rukavice s\u00fa vyroben\u00e9 z odoln\u00fdch a z\u00e1rove\u0148 priedu\u0161n\u00fdch materi\u00e1lov, ktor\u00e9 maximalizuj\u00fa pohodlie a presnos\u0165 pri n\u00e1ro\u010dn\u00fdch pr\u00e1cach. Ich dobre vidite\u013en\u00e1 ne\u00f3novo zelen\u00e1 farba zaru\u010duje bezpe\u010dnos\u0165 v ru\u0161n\u00fdch alebo slabo osvetlen\u00fdch pracovn\u00fdch priestoroch. Tieto rukavice s\u00fa ide\u00e1lne pre stroj\u00e1rsky, stavebn\u00fd, ropn\u00fd a plyn\u00e1rensk\u00fd priemysel a skladovanie a s\u00fa vytvoren\u00e9 tak, aby fungovali aj pod tlakom.<\/p>","protected":false},"featured_media":8972,"comment_status":"closed","ping_status":"closed","template":"","meta":[],"product_brand":[35],"product_cat":[82,83],"product_tag":[96,85],"class_list":{"0":"post-8929","1":"product","2":"type-product","3":"status-publish","4":"has-post-thumbnail","6":"product_brand-ryinz","7":"product_cat-mechanic-industrial-gloves","8":"product_cat-mechanics-gloves","9":"product_tag-microfiber-mechanics-gloves","10":"product_tag-tpr-protection-gloves","12":"first","13":"instock","14":"taxable","15":"shipping-taxable","16":"purchasable","17":"product-type-simple"},"_links":{"self":[{"href":"https:\/\/ryinz.cz\/velkoobchod\/sk\/wp-json\/wp\/v2\/product\/8929","targetHints":{"allow":["GET"]}}],"collection":[{"href":"https:\/\/ryinz.cz\/velkoobchod\/sk\/wp-json\/wp\/v2\/product"}],"about":[{"href":"https:\/\/ryinz.cz\/velkoobchod\/sk\/wp-json\/wp\/v2\/types\/product"}],"replies":[{"embeddable":true,"href":"https:\/\/ryinz.cz\/velkoobchod\/sk\/wp-json\/wp\/v2\/comments?post=8929"}],"wp:featuredmedia":[{"embeddable":true,"href":"https:\/\/ryinz.cz\/velkoobchod\/sk\/wp-json\/wp\/v2\/media\/8972"}],"wp:attachment":[{"href":"https:\/\/ryinz.cz\/velkoobchod\/sk\/wp-json\/wp\/v2\/media?parent=8929"}],"wp:term":[{"taxonomy":"product_brand","embeddable":true,"href":"https:\/\/ryinz.cz\/velkoobchod\/sk\/wp-json\/wp\/v2\/product_brand?post=8929"},{"taxonomy":"product_cat","embeddable":true,"href":"https:\/\/ryinz.cz\/velkoobchod\/sk\/wp-json\/wp\/v2\/product_cat?post=8929"},{"taxonomy":"product_tag","embeddable":true,"href":"https:\/\/ryinz.cz\/velkoobchod\/sk\/wp-json\/wp\/v2\/product_tag?post=8929"}],"curies":[{"name":"wp","href":"https:\/\/api.w.org\/{rel}","templated":true}]}}