{"id":8919,"date":"2025-06-22T15:21:07","date_gmt":"2025-06-22T15:21:07","guid":{"rendered":"https:\/\/ryinz.cz\/velkoobchod\/?post_type=product&#038;p=8919"},"modified":"2026-01-18T20:16:52","modified_gmt":"2026-01-18T20:16:52","slug":"ryinz-premium-split-hovadzia-koza-pracovne-rukavice-tazke-bezpecnostne-rukavice-pre-zvaranie-stavebnictvo-vseobecne-prace","status":"publish","type":"product","link":"https:\/\/ryinz.cz\/velkoobchod\/sk\/product\/ryinz-premium-split-cowhide-leather-work-gloves-heavy-duty-safety-gloves-for-welding-construction-general-labor\/","title":{"rendered":"RYINZ Premium Split Cowhide Leather Work Rukavice - Bezpe\u010dnostn\u00e9 rukavice na zv\u00e1ranie, stavebn\u00edctvo a v\u0161eobecn\u00e9 pr\u00e1ce"},"content":{"rendered":"<p class=\"\" data-start=\"306\" data-end=\"652\">Za\u017eite bezkonkuren\u010dn\u00fa ochranu r\u00fak a robustn\u00fa odolnos\u0165 s <strong data-start=\"370\" data-end=\"421\">RYINZ Premium Split Cowhide ko\u017een\u00e9 pracovn\u00e9 rukavice<\/strong>, navrhnut\u00e9 pre profesion\u00e1lov, ktor\u00ed vy\u017eaduj\u00fa spo\u013eahlivos\u0165 a odolnos\u0165 pri ka\u017edej \u00falohe. \u010ci u\u017e zv\u00e1rate, manipulujete s n\u00e1rad\u00edm, pracujete na stavenisku alebo vykon\u00e1vate v\u0161eobecn\u00e9 priemyseln\u00e9 pr\u00e1ce, tieto rukavice s\u00fa vyroben\u00e9 tak, aby zvl\u00e1dli v\u0161etko.<\/p>\n<p class=\"\" data-start=\"654\" data-end=\"1010\">Vyroben\u00e9 z vysokokvalitn\u00fdch <strong data-start=\"680\" data-end=\"705\">\u0161tiepan\u00e1 hov\u00e4dzia ko\u017ea<\/strong>, tieto rukavice poskytuj\u00fa v\u00fdnimo\u010dn\u00fa trvanlivos\u0165, odolnos\u0165 proti prepichnutiu a ochranu proti oderu. Vonkaj\u0161\u00ed pl\u00e1\u0161\u0165 m\u00e1 dvojfarebn\u00fd dizajn so siln\u00fdm semi\u0161om na vonkaj\u0161ej strane a zosilnen\u00e9 biele ko\u017een\u00e9 z\u00e1platy na dlani, kon\u010dekoch prstov a v rozkroku palca na zv\u00fd\u0161enie pri\u013enavosti a odolnosti proti opotrebovaniu v oblastiach s vysokou z\u00e1\u0165a\u017eou.<\/p>\n<p class=\"\" data-start=\"1012\" data-end=\"1319\">Roz\u0161\u00edren\u00fd <strong data-start=\"1025\" data-end=\"1047\">dizajn bezpe\u010dnostnej man\u017eety<\/strong> zabezpe\u010duje nielen ochranu z\u00e1p\u00e4stia pred iskrami, teplom a ne\u010distotami, ale umo\u017e\u0148uje aj jednoduch\u00e9 obliekanie a vyzliekanie. Vn\u00fatorn\u00e1 pod\u0161\u00edvka pon\u00faka prirodzen\u00fa priedu\u0161nos\u0165 v\u010faka p\u00f3rovitej \u0161trukt\u00fare pravej ko\u017ee, v\u010faka \u010domu s\u00fa va\u0161e ruky po\u010das dlh\u00fdch pracovn\u00fdch hod\u00edn chladnej\u0161ie a pohodlnej\u0161ie.<\/p>\n<p class=\"\" data-start=\"1321\" data-end=\"1631\">. <strong data-start=\"1324\" data-end=\"1348\">elastick\u00fd lemovan\u00fd chrb\u00e1t<\/strong> zlep\u0161uje prisp\u00f4sobenie a flexibilitu bez toho, aby bola ohrozen\u00e1 bezpe\u010dnos\u0165, a zosilnen\u00e9 \u0161vy poskytuj\u00fa v\u00e4\u010d\u0161iu \u0161truktur\u00e1lnu integritu pri opakovan\u00fdch \u00faloh\u00e1ch s vysok\u00fdm za\u0165a\u017een\u00edm. Tieto rukavice s\u00fa ur\u010den\u00e9 pre t\u00fdch, ktor\u00ed denne pracuj\u00fa rukami - od stavb\u00e1rov a kov\u00e1\u010dov a\u017e po skladn\u00edkov a z\u00e1hradn\u00edkov.<\/p>\n<p class=\"\" data-start=\"1633\" data-end=\"1972\">Spolo\u010dnos\u0165 RYINZ si uvedomuje z\u00e1sadn\u00fd v\u00fdznam bezpe\u010dnosti r\u00fak. Preto s\u00fa tieto rukavice \u0161it\u00e9 <strong data-start=\"1733\" data-end=\"1751\">Ni\u0165 Kevlar\u00ae<\/strong> odolnos\u0165 vo\u010di teplu a opotrebovaniu, najm\u00e4 pri zv\u00e1ran\u00ed a br\u00fasen\u00ed. V\u010faka ich robustnej a z\u00e1rove\u0148 flexibilnej kon\u0161trukcii s\u00fa rovnako u\u017eito\u010dn\u00e9 na v\u0161etko od rezania palivov\u00e9ho dreva a\u017e po obsluhu vysokozdvi\u017en\u00fdch voz\u00edkov a zv\u00e1rac\u00edch hor\u00e1kov.<\/p>\n<p class=\"\" data-start=\"1974\" data-end=\"1995\"><strong data-start=\"1974\" data-end=\"1995\">Vlastnosti produktu:<\/strong><\/p>\n<ul data-start=\"1997\" data-end=\"2921\">\n<li class=\"\" data-start=\"1997\" data-end=\"2100\">\n<p class=\"\" data-start=\"1999\" data-end=\"2100\"><strong data-start=\"1999\" data-end=\"2035\">\u0160pi\u010dkov\u00e1 \u0161tiepan\u00e1 hov\u00e4dzia ko\u017ea:<\/strong> Odoln\u00e9, hrub\u00e9 a odoln\u00e9 vo\u010di oderu pre drsn\u00e9 prostredie<\/p>\n<\/li>\n<li class=\"\" data-start=\"2101\" data-end=\"2193\">\n<p class=\"\" data-start=\"2103\" data-end=\"2193\"><strong data-start=\"2103\" data-end=\"2133\">Zosilnen\u00e1 dla\u0148 a prsty:<\/strong> Dodato\u010dn\u00e9 n\u00e1plasti pre z\u00f3ny s vysok\u00fdm opotrebovan\u00edm zvy\u0161uj\u00fa \u017eivotnos\u0165 rukav\u00edc<\/p>\n<\/li>\n<li class=\"\" data-start=\"2194\" data-end=\"2289\">\n<p class=\"\" data-start=\"2196\" data-end=\"2289\"><strong data-start=\"2196\" data-end=\"2225\">\u017diaruvzdorn\u00e9 \u0161itie:<\/strong> Kevlarov\u00e9 \u0161vy odol\u00e1vaj\u00fa vysok\u00fdm teplot\u00e1m po\u010das zv\u00e1rania<\/p>\n<\/li>\n<li class=\"\" data-start=\"2290\" data-end=\"2383\">\n<p class=\"\" data-start=\"2292\" data-end=\"2383\"><strong data-start=\"2292\" data-end=\"2325\">Bezpe\u010dnostn\u00e1 man\u017eeta (\u0161t\u00fdl rukavice):<\/strong> Pridan\u00e1 ochrana z\u00e1p\u00e4stia pred teplom, iskrami a odreninami<\/p>\n<\/li>\n<li class=\"\" data-start=\"2384\" data-end=\"2478\">\n<p class=\"\" data-start=\"2386\" data-end=\"2478\"><strong data-start=\"2386\" data-end=\"2403\">Elastick\u00fd chrb\u00e1t:<\/strong> Zais\u0165uje priliehav\u00e9, ergonomick\u00e9 nosenie pre lep\u0161iu kontrolu a men\u0161ie pre\u0161mykovanie<\/p>\n<\/li>\n<li class=\"\" data-start=\"2479\" data-end=\"2573\">\n<p class=\"\" data-start=\"2481\" data-end=\"2573\"><strong data-start=\"2481\" data-end=\"2511\">Dvojvrstvov\u00e1 dla\u0148 a palec:<\/strong> Vylep\u0161en\u00e1 rukov\u00e4\u0165 a polstrovanie na manipul\u00e1ciu s \u0165a\u017ek\u00fdmi alebo ostr\u00fdmi n\u00e1strojmi<\/p>\n<\/li>\n<li class=\"\" data-start=\"2574\" data-end=\"2673\">\n<p class=\"\" data-start=\"2576\" data-end=\"2673\"><strong data-start=\"2576\" data-end=\"2602\">Viac\u00fa\u010delov\u00fd n\u00e1stroj:<\/strong> Vhodn\u00e9 na pr\u00e1cu s kovmi, v stavebn\u00edctve, automobilovom priemysle, po\u013enohospod\u00e1rstve a inde<\/p>\n<\/li>\n<li class=\"\" data-start=\"2674\" data-end=\"2759\">\n<p class=\"\" data-start=\"2676\" data-end=\"2759\"><strong data-start=\"2676\" data-end=\"2697\">Absorpcia potu:<\/strong> Vn\u00fatro z pr\u00edrodnej ko\u017ee absorbuje pot a zvy\u0161uje pohodlie<\/p>\n<\/li>\n<li class=\"\" data-start=\"2760\" data-end=\"2851\">\n<p class=\"\" data-start=\"2762\" data-end=\"2851\"><strong data-start=\"2762\" data-end=\"2785\">Pevn\u00e9 a z\u00e1rove\u0148 flexibiln\u00e9:<\/strong> Zachov\u00e1va dobr\u00fd rozsah pohybu bez straty ochrany<\/p>\n<\/li>\n<li class=\"\" data-start=\"2852\" data-end=\"2921\">\n<p class=\"\" data-start=\"2854\" data-end=\"2921\"><strong data-start=\"2854\" data-end=\"2872\">Postaven\u00e9 tak, aby vydr\u017eali:<\/strong> Odol\u00e1va extr\u00e9mnemu opotrebovaniu pri dlhodobom pou\u017e\u00edvan\u00ed<\/p>\n<\/li>\n<\/ul>\n<p class=\"\" data-start=\"2923\" data-end=\"2948\"><strong data-start=\"2923\" data-end=\"2948\">Aplik\u00e1cie zah\u0155\u0148aj\u00fa:<\/strong><\/p>\n<ul data-start=\"2950\" data-end=\"3196\">\n<li class=\"\" data-start=\"2950\" data-end=\"2976\">\n<p class=\"\" data-start=\"2952\" data-end=\"2976\">Zv\u00e1ranie a pr\u00e1ca s hor\u00e1kom<\/p>\n<\/li>\n<li class=\"\" data-start=\"2977\" data-end=\"3004\">\n<p class=\"\" data-start=\"2979\" data-end=\"3004\">Murovanie a mur\u00e1rstvo<\/p>\n<\/li>\n<li class=\"\" data-start=\"3005\" data-end=\"3035\">\n<p class=\"\" data-start=\"3007\" data-end=\"3035\">Manipul\u00e1cia s oce\u013eou a rezanie<\/p>\n<\/li>\n<li class=\"\" data-start=\"3036\" data-end=\"3064\">\n<p class=\"\" data-start=\"3038\" data-end=\"3064\">V\u0161eobecn\u00e9 priemyseln\u00e9 \u00falohy<\/p>\n<\/li>\n<li class=\"\" data-start=\"3065\" data-end=\"3099\">\n<p class=\"\" data-start=\"3067\" data-end=\"3099\">Po\u013enohospod\u00e1rstvo a starostlivos\u0165 o hospod\u00e1rske zvierat\u00e1<\/p>\n<\/li>\n<li class=\"\" data-start=\"3100\" data-end=\"3132\">\n<p class=\"\" data-start=\"3102\" data-end=\"3132\">\u0164a\u017ek\u00e9 stavebn\u00e9 pr\u00e1ce<\/p>\n<\/li>\n<li class=\"\" data-start=\"3133\" data-end=\"3161\">\n<p class=\"\" data-start=\"3135\" data-end=\"3161\">Lesn\u00edctvo a krajin\u00e1rstvo<\/p>\n<\/li>\n<li class=\"\" data-start=\"3162\" data-end=\"3196\">\n<p class=\"\" data-start=\"3164\" data-end=\"3196\">Vonkaj\u0161ie kutilstvo a dom\u00e1ce \u00fapravy<\/p>\n<\/li>\n<\/ul>\n<p class=\"\" data-start=\"3198\" data-end=\"3217\"><strong data-start=\"3198\" data-end=\"3217\">\u0160pecifik\u00e1cie:<\/strong><\/p>\n<ul data-start=\"3219\" data-end=\"3666\">\n<li class=\"\" data-start=\"3219\" data-end=\"3284\">\n<p class=\"\" data-start=\"3221\" data-end=\"3284\"><strong data-start=\"3221\" data-end=\"3234\">Materi\u00e1l:<\/strong> 100% hov\u00e4dzia \u0161tiepan\u00e1 ko\u017ea so zosilnenou dla\u0148ou<\/p>\n<\/li>\n<li class=\"\" data-start=\"3285\" data-end=\"3369\">\n<p class=\"\" data-start=\"3287\" data-end=\"3369\"><strong data-start=\"3287\" data-end=\"3297\">Farba:<\/strong> \u017dlt\u00fd semi\u0161 s pr\u00edrodnou bielou dla\u0148ou (k dispoz\u00edcii s\u00fa vlastn\u00e9 farebn\u00e9 mo\u017enosti)<\/p>\n<\/li>\n<li class=\"\" data-start=\"3370\" data-end=\"3434\">\n<p class=\"\" data-start=\"3372\" data-end=\"3434\"><strong data-start=\"3372\" data-end=\"3382\">Ve\u013ekosti:<\/strong> M a\u017e XXL (pri hromadn\u00fdch objedn\u00e1vkach s\u00fa k dispoz\u00edcii vlastn\u00e9 ve\u013ekosti)<\/p>\n<\/li>\n<li class=\"\" data-start=\"3435\" data-end=\"3518\">\n<p class=\"\" data-start=\"3437\" data-end=\"3518\"><strong data-start=\"3437\" data-end=\"3455\">Prisp\u00f4sobenie:<\/strong> Logo zna\u010dky, ve\u013ekos\u0165, balenie k dispoz\u00edcii na MOQ 300+ p\u00e1rov<\/p>\n<\/li>\n<li class=\"\" data-start=\"3519\" data-end=\"3576\">\n<p class=\"\" data-start=\"3521\" data-end=\"3576\"><strong data-start=\"3521\" data-end=\"3540\">Certifik\u00e1ty:<\/strong> EN388, s ozna\u010den\u00edm CE, v s\u00falade s normou Reach<\/p>\n<\/li>\n<li class=\"\" data-start=\"3577\" data-end=\"3666\">\n<p class=\"\" data-start=\"3579\" data-end=\"3666\"><strong data-start=\"3579\" data-end=\"3593\">Balenie:<\/strong> 1 p\u00e1r v polyetyl\u00e9novom vrecku, 12 p\u00e1rov v hlavnom balen\u00ed (vlastn\u00e9 balenie na po\u017eiadanie)<\/p>\n<\/li>\n<\/ul>\n<p class=\"\" data-start=\"3668\" data-end=\"4033\"><strong data-start=\"3668\" data-end=\"3682\">Pre\u010do RYINZ?<\/strong><br data-start=\"3682\" data-end=\"3685\" \/>S desa\u0165ro\u010diami sk\u00fasenost\u00ed so z\u00edskavan\u00edm vysokokvalitn\u00e9ho bezpe\u010dnostn\u00e9ho vybavenia z \u00c1zie a dod\u00e1vkami po celej Eur\u00f3pe, <strong data-start=\"3786\" data-end=\"3795\">RYINZ<\/strong> sp\u00e1ja funk\u010dn\u00fd dizajn s komer\u010dnou \u0161k\u00e1lovate\u013enos\u0165ou. Na\u0161e produkty s\u00fa testovan\u00e9 profesion\u00e1lmi a pou\u017e\u00edvaj\u00fa sa vo viac ako 28 krajin\u00e1ch. \u010ci u\u017e ste ve\u013ekoobchodn\u00edk, distrib\u00fator alebo priamy pou\u017e\u00edvate\u013e, spolo\u010dnos\u0165 RYINZ zaru\u010duje \u0161pi\u010dkov\u00fd v\u00fdkon pri ka\u017edom p\u00e1re.<\/p>","protected":false},"excerpt":{"rendered":"<p><strong data-start=\"4095\" data-end=\"4132\">Ko\u017een\u00e9 pracovn\u00e9 rukavice RYINZ Premium<\/strong> s\u00fa ur\u010den\u00e9 pre profesion\u00e1lov, ktor\u00ed potrebuj\u00fa seri\u00f3znu ochranu bez obmedzenia pohodlia. Tieto rukavice s\u00fa vyroben\u00e9 z tvrdej \u0161tiepanej hov\u00e4dzej ko\u017ee a vystu\u017een\u00e9 na v\u0161etk\u00fdch spr\u00e1vnych miestach, tak\u017ee s\u00fa odoln\u00e9 vo\u010di opotrebovaniu, teplu a oderu. S\u00fa ide\u00e1lne pre zv\u00e1ra\u010dov, stavebn\u00fdch robotn\u00edkov a v\u0161etk\u00fdch, ktor\u00ed manipuluj\u00fa s \u0165a\u017ek\u00fdmi n\u00e1strojmi alebo materi\u00e1lmi. Pred\u013a\u017een\u00e1 man\u017eeta na rukaviciach chr\u00e1ni z\u00e1p\u00e4stia pred iskrami a \u00falomkami, zatia\u013e \u010do zosilnen\u00e1 dla\u0148 zaru\u010duje \u00fachop a odolnos\u0165. Tieto rukavice s\u00fa pru\u017en\u00e9, priedu\u0161n\u00e9 a pre\u0161it\u00e9 \u017eiaruvzdornou ni\u0165ou a s\u00fa vyroben\u00e9 tak, aby pracovali rovnako tvrdo ako vy.<\/p>","protected":false},"featured_media":8970,"comment_status":"closed","ping_status":"closed","template":"","meta":[],"product_brand":[35],"product_cat":[82,83],"product_tag":[94,95],"class_list":{"0":"post-8919","1":"product","2":"type-product","3":"status-publish","4":"has-post-thumbnail","6":"product_brand-ryinz","7":"product_cat-mechanic-industrial-gloves","8":"product_cat-mechanics-gloves","9":"product_tag-buffalo-leather-work-gloves","10":"product_tag-cotton-lined-industrial-gloves","12":"first","13":"instock","14":"taxable","15":"shipping-taxable","16":"purchasable","17":"product-type-simple"},"_links":{"self":[{"href":"https:\/\/ryinz.cz\/velkoobchod\/sk\/wp-json\/wp\/v2\/product\/8919","targetHints":{"allow":["GET"]}}],"collection":[{"href":"https:\/\/ryinz.cz\/velkoobchod\/sk\/wp-json\/wp\/v2\/product"}],"about":[{"href":"https:\/\/ryinz.cz\/velkoobchod\/sk\/wp-json\/wp\/v2\/types\/product"}],"replies":[{"embeddable":true,"href":"https:\/\/ryinz.cz\/velkoobchod\/sk\/wp-json\/wp\/v2\/comments?post=8919"}],"wp:featuredmedia":[{"embeddable":true,"href":"https:\/\/ryinz.cz\/velkoobchod\/sk\/wp-json\/wp\/v2\/media\/8970"}],"wp:attachment":[{"href":"https:\/\/ryinz.cz\/velkoobchod\/sk\/wp-json\/wp\/v2\/media?parent=8919"}],"wp:term":[{"taxonomy":"product_brand","embeddable":true,"href":"https:\/\/ryinz.cz\/velkoobchod\/sk\/wp-json\/wp\/v2\/product_brand?post=8919"},{"taxonomy":"product_cat","embeddable":true,"href":"https:\/\/ryinz.cz\/velkoobchod\/sk\/wp-json\/wp\/v2\/product_cat?post=8919"},{"taxonomy":"product_tag","embeddable":true,"href":"https:\/\/ryinz.cz\/velkoobchod\/sk\/wp-json\/wp\/v2\/product_tag?post=8919"}],"curies":[{"name":"wp","href":"https:\/\/api.w.org\/{rel}","templated":true}]}}