{"id":8918,"date":"2025-06-22T15:21:06","date_gmt":"2025-06-22T15:21:06","guid":{"rendered":"https:\/\/ryinz.cz\/velkoobchod\/?post_type=product&#038;p=8918"},"modified":"2026-01-18T20:16:51","modified_gmt":"2026-01-18T20:16:51","slug":"ryinz-winter-ready-tazke-kozene-pracovne-rukavice-s-vodotesnou-manzetou-zateplene-rukavice-do-chladneho-pocasia-drsne-prostredie","status":"publish","type":"product","link":"https:\/\/ryinz.cz\/velkoobchod\/sk\/product\/ryinz-winter-ready-heavy-duty-leather-work-gloves-with-waterproof-cuff-insulated-gloves-for-cold-weather-harsh-environments\/","title":{"rendered":"RYINZ Zimn\u00e9 ko\u017een\u00e9 pracovn\u00e9 rukavice s vodotesnou man\u017eetou - zateplen\u00e9 rukavice do chladn\u00e9ho po\u010dasia a n\u00e1ro\u010dn\u00fdch podmienok"},"content":{"rendered":"<p class=\"\" data-start=\"307\" data-end=\"696\">Zvl\u00e1dnite najn\u00e1ro\u010dnej\u0161ie \u00falohy v najchladnej\u0161\u00edch prostrediach s <strong data-start=\"365\" data-end=\"418\">Ko\u017een\u00e9 pracovn\u00e9 rukavice RYINZ pripraven\u00e9 na zimu<\/strong> - vysoko v\u00fdkonn\u00e9 rie\u0161enie pre profesion\u00e1lov, ktor\u00ed pracuj\u00fa v snehu, da\u017edi alebo pri teplot\u00e1ch pod bodom mrazu. \u010ci u\u017e pracujete v lesn\u00edctve, stavebn\u00edctve, mechanickej \u00fadr\u017ebe alebo vo vonkaj\u0161\u00edch komun\u00e1lnych slu\u017eb\u00e1ch, tieto rukavice s\u00fa \u00fa\u010delovo navrhnut\u00e9 pre odolnos\u0165, teplo a ochranu za ka\u017ed\u00e9ho po\u010dasia.<\/p>\n<p class=\"\" data-start=\"698\" data-end=\"1110\">Rukavice s\u00fa vyroben\u00e9 z prvotriedneho <strong data-start=\"734\" data-end=\"761\">prav\u00e1 hov\u00e4dzia ko\u017ea<\/strong>, zn\u00e1my svojou vynikaj\u00facou odolnos\u0165ou proti oderu, prepichnutiu a opotrebovaniu. Zosilnen\u00e1 oblas\u0165 dlane a ergonomick\u00e9 tvarovanie poskytuj\u00fa zv\u00fd\u0161en\u00fa pevnos\u0165 \u00fachopu a odolnos\u0165 v oblastiach s vysok\u00fdm kontaktom. Prirodzen\u00e9 izola\u010dn\u00e9 vlastnosti ko\u017ee v kombin\u00e1cii s vn\u00fatornou tepelnou pod\u0161\u00edvkou pon\u00fakaj\u00fa maxim\u00e1lne udr\u017eanie tepla, aby ruky zostali v teple aj v mrazivom podneb\u00ed.<\/p>\n<p class=\"\" data-start=\"1112\" data-end=\"1528\">Jednou z najv\u00fdraznej\u0161\u00edch vlastnost\u00ed t\u00fdchto rukav\u00edc je <strong data-start=\"1164\" data-end=\"1192\">pred\u013a\u017een\u00e1 vodotesn\u00e1 man\u017eeta<\/strong>, vyroben\u00e9 z vetruodoln\u00e9ho a vodoodpudiv\u00e9ho materi\u00e1lu, ktor\u00fd blokuje vlhkos\u0165 a sneh. Integrovan\u00fd <strong data-start=\"1286\" data-end=\"1314\">s\u0165ahovacia \u0161n\u00farka na z\u00e1p\u00e4st\u00ed<\/strong> umo\u017e\u0148uje tesn\u00e9 pri\u013enutie k ruke, utes\u0148uje studen\u00fd vzduch a zabra\u0148uje vniknutiu snehu alebo ne\u010dist\u00f4t do rukavice. Elastick\u00e9 z\u00e1p\u00e4stie zlep\u0161uje prisp\u00f4sobenie, pohodlie a pru\u017enos\u0165, \u010d\u00edm zni\u017euje \u00fanavu po\u010das dlh\u00fdch hod\u00edn nosenia.<\/p>\n<p class=\"\" data-start=\"1530\" data-end=\"1871\">Tieto rukavice s\u00fa ide\u00e1lne pre profesion\u00e1lov, ktor\u00ed vy\u017eaduj\u00fa presnos\u0165 a odolnos\u0165. \u0160trukt\u00farovan\u00fd dizajn umo\u017e\u0148uje vynikaj\u00facu pohyblivos\u0165 prstov, \u010do u\u013eah\u010duje pr\u00e1cu s n\u00e1strojmi, manipul\u00e1ciu s \u0165a\u017ek\u00fdm n\u00e1rad\u00edm alebo riadenie strojov v nepriaznivom po\u010das\u00ed. Dvojito pre\u0161it\u00e9 \u0161vy zvy\u0161uj\u00fa ich \u0161truktur\u00e1lnu integritu, \u010d\u00edm zabezpe\u010duj\u00fa, \u017ee \u010dasom vydr\u017eia aj n\u00e1ro\u010dn\u00e9 pou\u017e\u00edvanie.<\/p>\n<p class=\"\" data-start=\"1873\" data-end=\"1894\"><strong data-start=\"1873\" data-end=\"1894\">Vlastnosti produktu:<\/strong><\/p>\n<ul data-start=\"1896\" data-end=\"2869\">\n<li class=\"\" data-start=\"1896\" data-end=\"2012\">\n<p class=\"\" data-start=\"1898\" data-end=\"2012\"><strong data-start=\"1898\" data-end=\"1929\">Vysoko kvalitn\u00e1 hov\u00e4dzia ko\u017ea:<\/strong> Pon\u00faka pevnos\u0165, pru\u017enos\u0165 a odolnos\u0165 proti oderu v n\u00e1ro\u010dn\u00fdch pracovn\u00fdch podmienkach<\/p>\n<\/li>\n<li class=\"\" data-start=\"2013\" data-end=\"2109\">\n<p class=\"\" data-start=\"2015\" data-end=\"2109\"><strong data-start=\"2015\" data-end=\"2044\">Tepelne izolovan\u00e1 pod\u0161\u00edvka:<\/strong> Udr\u017euje ruky v teple a suchu aj pri sne\u017een\u00ed, da\u017edi alebo po\u013eadovici<\/p>\n<\/li>\n<li class=\"\" data-start=\"2110\" data-end=\"2206\">\n<p class=\"\" data-start=\"2112\" data-end=\"2206\"><strong data-start=\"2112\" data-end=\"2144\">Zosilnen\u00e1 dla\u0148 a prsty:<\/strong> Polstrovan\u00e9 \u00fachopov\u00e9 z\u00f3ny zni\u017euj\u00fa tlak a predl\u017euj\u00fa \u017eivotnos\u0165 rukav\u00edc<\/p>\n<\/li>\n<li class=\"\" data-start=\"2207\" data-end=\"2308\">\n<p class=\"\" data-start=\"2209\" data-end=\"2308\"><strong data-start=\"2209\" data-end=\"2238\">Roz\u0161\u00edren\u00e1 vodeodoln\u00e1 man\u017eeta:<\/strong> Blokuje vietor, vodu a ne\u010distoty - ide\u00e1lny na pr\u00e1ce s ve\u013ek\u00fdm mno\u017estvom snehu alebo blata<\/p>\n<\/li>\n<li class=\"\" data-start=\"2309\" data-end=\"2392\">\n<p class=\"\" data-start=\"2311\" data-end=\"2392\"><strong data-start=\"2311\" data-end=\"2334\">Uzavretie \u0161n\u00farky:<\/strong> Zap\u00ednanie na z\u00e1p\u00e4stie na mieru udr\u017euje teplo a chlad vonku<\/p>\n<\/li>\n<li class=\"\" data-start=\"2393\" data-end=\"2475\">\n<p class=\"\" data-start=\"2395\" data-end=\"2475\"><strong data-start=\"2395\" data-end=\"2416\">Ergonomick\u00fd dizajn:<\/strong> Umo\u017e\u0148uje prirodzen\u00fd pohyb ruky a vynikaj\u00facu manipul\u00e1ciu s n\u00e1strojmi<\/p>\n<\/li>\n<li class=\"\" data-start=\"2476\" data-end=\"2556\">\n<p class=\"\" data-start=\"2478\" data-end=\"2556\"><strong data-start=\"2478\" data-end=\"2505\">Viacvrstvov\u00e1 ochrana:<\/strong> Ide\u00e1lne na viacsez\u00f3nne vonkaj\u0161ie alebo priemyseln\u00e9 pou\u017eitie<\/p>\n<\/li>\n<li class=\"\" data-start=\"2557\" data-end=\"2634\">\n<p class=\"\" data-start=\"2559\" data-end=\"2634\"><strong data-start=\"2559\" data-end=\"2593\">Mo\u017enos\u0165 kevlarov\u00e9ho \u0161itia (MOQ):<\/strong> Pre siln\u00fa odolnos\u0165 vo\u010di plame\u0148om alebo rezom<\/p>\n<\/li>\n<li class=\"\" data-start=\"2635\" data-end=\"2710\">\n<p class=\"\" data-start=\"2637\" data-end=\"2710\"><strong data-start=\"2637\" data-end=\"2657\">Dostupn\u00e9 ve\u013ekosti:<\/strong> M a\u017e XXL (pri hromadn\u00fdch objedn\u00e1vkach je k dispoz\u00edcii prisp\u00f4sobenie ve\u013ekosti)<\/p>\n<\/li>\n<li class=\"\" data-start=\"2711\" data-end=\"2786\">\n<p class=\"\" data-start=\"2713\" data-end=\"2786\"><strong data-start=\"2713\" data-end=\"2731\">Mo\u017enosti farieb:<\/strong> \u017dlto-\u010dierna, celo\u010dierna, hned\u00e1 a siv\u00e1 na po\u017eiadanie<\/p>\n<\/li>\n<li class=\"\" data-start=\"2787\" data-end=\"2869\">\n<p class=\"\" data-start=\"2789\" data-end=\"2869\"><strong data-start=\"2789\" data-end=\"2807\">Prisp\u00f4sobenie:<\/strong> K dispoz\u00edcii je zna\u010dka, v\u00fd\u0161ivka a personaliz\u00e1cia obalu<\/p>\n<\/li>\n<\/ul>\n<p class=\"\" data-start=\"2871\" data-end=\"2894\"><strong data-start=\"2871\" data-end=\"2894\">Ide\u00e1lne aplik\u00e1cie:<\/strong><\/p>\n<ul data-start=\"2896\" data-end=\"3261\">\n<li class=\"\" data-start=\"2896\" data-end=\"2924\">\n<p class=\"\" data-start=\"2898\" data-end=\"2924\">Zimn\u00e9 stavebn\u00e9 pr\u00e1ce<\/p>\n<\/li>\n<li class=\"\" data-start=\"2925\" data-end=\"2959\">\n<p class=\"\" data-start=\"2927\" data-end=\"2959\">Lesn\u00e9 hospod\u00e1rstvo a drev\u00e1rske \u010dinnosti<\/p>\n<\/li>\n<li class=\"\" data-start=\"2960\" data-end=\"2988\">\n<p class=\"\" data-start=\"2962\" data-end=\"2988\">Manipul\u00e1cia s \u0165a\u017ek\u00fdmi strojmi<\/p>\n<\/li>\n<li class=\"\" data-start=\"2989\" data-end=\"3030\">\n<p class=\"\" data-start=\"2991\" data-end=\"3030\">Odprat\u00e1vanie snehu a jazda v chladnom po\u010das\u00ed<\/p>\n<\/li>\n<li class=\"\" data-start=\"3031\" data-end=\"3066\">\n<p class=\"\" data-start=\"3033\" data-end=\"3066\">\u00dadr\u017eba in\u017einierskych siet\u00ed a vonkaj\u0161ia \u00fadr\u017eba<\/p>\n<\/li>\n<li class=\"\" data-start=\"3067\" data-end=\"3098\">\n<p class=\"\" data-start=\"3069\" data-end=\"3098\">Logistika a nakladacie doky<\/p>\n<\/li>\n<li class=\"\" data-start=\"3099\" data-end=\"3136\">\n<p class=\"\" data-start=\"3101\" data-end=\"3136\">Z\u00e1sahov\u00e9 a cestn\u00e9 pos\u00e1dky<\/p>\n<\/li>\n<li class=\"\" data-start=\"3137\" data-end=\"3178\">\n<p class=\"\" data-start=\"3139\" data-end=\"3178\">Po\u013enohospod\u00e1rstvo, farm\u00e1rstvo alebo oplotenie vo vo\u013enej pr\u00edrode<\/p>\n<\/li>\n<li class=\"\" data-start=\"3179\" data-end=\"3206\">\n<p class=\"\" data-start=\"3181\" data-end=\"3206\">Chladiarensk\u00e9 sklady<\/p>\n<\/li>\n<li class=\"\" data-start=\"3207\" data-end=\"3261\">\n<p class=\"\" data-start=\"3209\" data-end=\"3261\">Po\u013eovn\u00edctvo, turistika alebo sne\u017en\u00e9 \u0161porty (nekomer\u010dn\u00e9 pou\u017eitie)<\/p>\n<\/li>\n<\/ul>\n<p class=\"\" data-start=\"3263\" data-end=\"3638\"><strong data-start=\"3263\" data-end=\"3298\">Bezpe\u010dnos\u0165 a pohodlie v jednom balen\u00ed<\/strong><br data-start=\"3298\" data-end=\"3301\" \/>V spolo\u010dnosti RYINZ je bezpe\u010dnostn\u00e1 v\u00fdbava viac ako len ochrana - ide o to, aby profesion\u00e1li z\u00edskali sebad\u00f4veru a mohli pod\u00e1va\u0165 \u010do najlep\u0161ie v\u00fdkony. Tieto rukavice poskytuj\u00fa pohodlie, izol\u00e1ciu a ochranu - to v\u0161etko v jednom odolnom a \u0161t\u00fdlovom balen\u00ed. Rovnov\u00e1ha medzi teplom, robustnou kon\u0161trukciou a \u013eahk\u00fdm pohybom z nich rob\u00ed rukavice do mraziv\u00fdch podmienok.<\/p>\n<p class=\"\" data-start=\"3640\" data-end=\"3678\"><strong data-start=\"3640\" data-end=\"3678\">Certifik\u00e1ty a pripravenos\u0165 na v\u00fdvoz:<\/strong><\/p>\n<ul data-start=\"3680\" data-end=\"3843\">\n<li class=\"\" data-start=\"3680\" data-end=\"3722\">\n<p class=\"\" data-start=\"3682\" data-end=\"3722\"><strong data-start=\"3682\" data-end=\"3720\">EN388 (ochrana proti mechanick\u00fdm rizik\u00e1m)<\/strong><\/p>\n<\/li>\n<li class=\"\" data-start=\"3723\" data-end=\"3746\">\n<p class=\"\" data-start=\"3725\" data-end=\"3746\"><strong data-start=\"3725\" data-end=\"3744\">Zhoda s dosahom<\/strong><\/p>\n<\/li>\n<li class=\"\" data-start=\"3747\" data-end=\"3785\">\n<p class=\"\" data-start=\"3749\" data-end=\"3785\"><strong data-start=\"3749\" data-end=\"3783\">Ozna\u010denie CE pre eur\u00f3pske trhy<\/strong><\/p>\n<\/li>\n<li class=\"\" data-start=\"3786\" data-end=\"3843\">\n<p class=\"\" data-start=\"3788\" data-end=\"3843\"><strong data-start=\"3788\" data-end=\"3843\">Vlastn\u00e1 dokument\u00e1cia pre kupuj\u00facich z E\u00da a USA<\/strong><\/p>\n<\/li>\n<\/ul>\n<p class=\"\" data-start=\"3845\" data-end=\"4108\"><strong data-start=\"3845\" data-end=\"3875\">Hromadn\u00e9 objedn\u00e1vky a slu\u017eby OEM:<\/strong><br data-start=\"3875\" data-end=\"3878\" \/>Ve\u013ekoobchodn\u00edkom a distrib\u00fatorom pon\u00fakame flexibiln\u00e9 mno\u017estv\u00e1 objedn\u00e1vok, s\u00fakromn\u00e9 ozna\u010dovanie, viacjazy\u010dn\u00e9 balenie a v\u00fdvozn\u00e9 dokumenty v s\u00falade s predpismi E\u00da. Prostredn\u00edctvom na\u0161ej partnerskej siete je mo\u017en\u00e9 dod\u00e1va\u0165 do celej Eur\u00f3py, Spojen\u00e9ho kr\u00e1\u013eovstva a USA.<\/p>","protected":false},"excerpt":{"rendered":"<p><strong data-start=\"4170\" data-end=\"4212\">Ko\u017een\u00e9 pracovn\u00e9 rukavice RYINZ pripraven\u00e9 na zimu<\/strong> s\u00fa navrhnut\u00e9 pre profesion\u00e1lov, ktor\u00ed \u010delia drsn\u00fdm zimn\u00fdm podmienkam. Tieto rukavice kombinuj\u00fa prvotriednu hov\u00e4dziu ko\u017eu na dosiahnutie odolnosti a tepelne izolovan\u00fa pod\u0161\u00edvku na udr\u017eanie tepla pri teplot\u00e1ch pod bodom mrazu. Vodotesn\u00e1 pred\u013a\u017een\u00e1 man\u017eeta s nastavite\u013enou \u0161n\u00farkou poskytuje maxim\u00e1lnu ochranu pred nepriazniv\u00fdm po\u010das\u00edm a zabra\u0148uje pr\u00edstupu snehu a vetra. Zosilnen\u00e9 oblasti dlane zvy\u0161uj\u00fa pri\u013enavos\u0165 a odolnos\u0165 proti opotrebovaniu, zatia\u013e \u010do pru\u017en\u00fd strih zaru\u010duje pohodlie po\u010das dlh\u00fdch hod\u00edn pr\u00e1ce. Tieto rukavice s\u00fa ide\u00e1lne na pr\u00e1cu v stavebn\u00edctve, lesn\u00edctve, \u00fadr\u017ebe, pri manipul\u00e1cii so snehom a v chladiarensk\u00fdch skladoch a s\u00fa va\u0161\u00edm spo\u013eahliv\u00fdm partnerom pri ka\u017edej n\u00e1ro\u010dnej zimnej \u00falohe.<\/p>","protected":false},"featured_media":8971,"comment_status":"closed","ping_status":"closed","template":"","meta":[],"product_brand":[35],"product_cat":[82,83],"product_tag":[58,92,93],"class_list":{"0":"post-8918","1":"product","2":"type-product","3":"status-publish","4":"has-post-thumbnail","6":"product_brand-ryinz","7":"product_cat-mechanic-industrial-gloves","8":"product_cat-mechanics-gloves","9":"product_tag-cowhide-leather-gloves","10":"product_tag-customizable-branded-work-gloves","11":"product_tag-goat-leather-insulated-gloves","13":"first","14":"instock","15":"taxable","16":"shipping-taxable","17":"purchasable","18":"product-type-simple"},"_links":{"self":[{"href":"https:\/\/ryinz.cz\/velkoobchod\/sk\/wp-json\/wp\/v2\/product\/8918","targetHints":{"allow":["GET"]}}],"collection":[{"href":"https:\/\/ryinz.cz\/velkoobchod\/sk\/wp-json\/wp\/v2\/product"}],"about":[{"href":"https:\/\/ryinz.cz\/velkoobchod\/sk\/wp-json\/wp\/v2\/types\/product"}],"replies":[{"embeddable":true,"href":"https:\/\/ryinz.cz\/velkoobchod\/sk\/wp-json\/wp\/v2\/comments?post=8918"}],"wp:featuredmedia":[{"embeddable":true,"href":"https:\/\/ryinz.cz\/velkoobchod\/sk\/wp-json\/wp\/v2\/media\/8971"}],"wp:attachment":[{"href":"https:\/\/ryinz.cz\/velkoobchod\/sk\/wp-json\/wp\/v2\/media?parent=8918"}],"wp:term":[{"taxonomy":"product_brand","embeddable":true,"href":"https:\/\/ryinz.cz\/velkoobchod\/sk\/wp-json\/wp\/v2\/product_brand?post=8918"},{"taxonomy":"product_cat","embeddable":true,"href":"https:\/\/ryinz.cz\/velkoobchod\/sk\/wp-json\/wp\/v2\/product_cat?post=8918"},{"taxonomy":"product_tag","embeddable":true,"href":"https:\/\/ryinz.cz\/velkoobchod\/sk\/wp-json\/wp\/v2\/product_tag?post=8918"}],"curies":[{"name":"wp","href":"https:\/\/api.w.org\/{rel}","templated":true}]}}