{"id":8917,"date":"2025-06-22T15:21:06","date_gmt":"2025-06-22T15:21:06","guid":{"rendered":"https:\/\/ryinz.cz\/velkoobchod\/?post_type=product&#038;p=8917"},"modified":"2026-01-18T20:16:51","modified_gmt":"2026-01-18T20:16:51","slug":"ryinz-premiove-mechanicke-rukavice-zosilnena-protismykova-dlan-flexibilny-strih-odolne-bezpecnostne-rukavice-pre-automobilovu-dielnu-domacich-majstrov","status":"publish","type":"product","link":"https:\/\/ryinz.cz\/velkoobchod\/sk\/product\/ryinz-premium-mechanics-gloves-reinforced-anti-slip-palm-flexible-fit-durable-safety-gloves-for-automotive-workshop-diy\/","title":{"rendered":"RYINZ Pr\u00e9miov\u00e9 mechanick\u00e9 rukavice - zosilnen\u00e1 proti\u0161mykov\u00e1 dla\u0148, pru\u017en\u00fd strih, odoln\u00e9 bezpe\u010dnostn\u00e9 rukavice pre automobilov\u00fd priemysel, diel\u0148u, dom\u00e1cich majstrov"},"content":{"rendered":"<p class=\"\" data-start=\"314\" data-end=\"638\">Predstavujeme <strong data-start=\"330\" data-end=\"364\">Mechanick\u00e9 rukavice RYINZ Premium<\/strong>, vytvoren\u00e9 pre t\u00fdch, ktor\u00ed vy\u017eaduj\u00fa odolnos\u0165, presnos\u0165 a pohodlie pri ochrane r\u00fak. \u010ci u\u017e opravujete vozidl\u00e1, pracujete na stavenisku, manipulujete s n\u00e1rad\u00edm alebo riadite dom\u00e1ce projekty pre dom\u00e1cich majstrov, tieto rukavice s\u00fa navrhnut\u00e9 tak, aby poskytovali vysok\u00fd v\u00fdkon v ka\u017edej situ\u00e1cii.<\/p>\n<p class=\"\" data-start=\"640\" data-end=\"1028\">Dla\u0148 rukav\u00edc je vyroben\u00e1 zo zosilnenej syntetickej ko\u017ee, ktor\u00e1 poskytuje v\u00fdnimo\u010dn\u00fa odolnos\u0165 proti oderu, opotrebovaniu a prepichnutiu. \u0160peci\u00e1lne text\u00farovan\u00e9 z\u00f3ny a dodato\u010dn\u00e9 polstrovanie na dlani zlep\u0161uj\u00fa \u00fachop a zni\u017euj\u00fa \u00fanavu po\u010das dlh\u00fdch pracovn\u00fdch hod\u00edn. Manipul\u00e1cia s klzk\u00fdmi n\u00e1strojmi, mal\u00fdmi mechanick\u00fdmi dielmi alebo elektrick\u00fdm n\u00e1rad\u00edm sa s t\u00fdmito rukavicami st\u00e1va bezpe\u010dnej\u0161ou a efekt\u00edvnej\u0161ou.<\/p>\n<p class=\"\" data-start=\"1030\" data-end=\"1362\">Hrebe\u0148 rukav\u00edc kombinuje vysoko priedu\u0161n\u00fa a pru\u017en\u00fa tkaninu, ktor\u00e1 umo\u017e\u0148uje vynikaj\u00face pr\u00fadenie vzduchu, v\u010faka \u010domu zostan\u00fa va\u0161e ruky chladn\u00e9 a such\u00e9 aj po\u010das n\u00e1ro\u010dn\u00fdch \u00faloh. Tkanina sa prirodzene oh\u00fdba pod\u013ea pohybov va\u0161ich r\u00fak a pon\u00faka vynikaj\u00facu obratnos\u0165 pri detailn\u00fdch \u00faloh\u00e1ch, ako s\u00fa opravy motorov, elektroin\u0161tal\u00e1cie, mont\u00e1\u017ene pr\u00e1ce alebo spracovanie dreva.<\/p>\n<p class=\"\" data-start=\"1364\" data-end=\"1742\">Dvojito pre\u0161it\u00e9 \u0161vy na nam\u00e1han\u00fdch miestach zvy\u0161uj\u00fa trvanlivos\u0165 a odolnos\u0165 proti roztrhnutiu, tak\u017ee rukavice vydr\u017eia opakovan\u00e9 pou\u017e\u00edvanie bez po\u0161kodenia. Ergonomick\u00e9 predkriven\u00e9 prsty kop\u00edruj\u00fa prirodzen\u00fa krivku va\u0161ej ruky, \u010d\u00edm zni\u017euj\u00fa nam\u00e1hanie a pon\u00fakaj\u00fa dokonale priliehav\u00e9 nosenie. V\u010faka nastavite\u013en\u00e9mu zap\u00ednaniu na z\u00e1p\u00e4st\u00ed rukavice bezpe\u010dne sedia a z\u00e1rove\u0148 zabra\u0148uj\u00fa prenikaniu prachu a ne\u010dist\u00f4t.<\/p>\n<p class=\"\" data-start=\"1744\" data-end=\"1891\">Dokonale vyva\u017euj\u00fa silu, flexibilitu a pohodlie. <strong data-start=\"1806\" data-end=\"1840\">Mechanick\u00e9 rukavice RYINZ Premium<\/strong> s\u00fa va\u0161\u00edm d\u00f4veryhodn\u00fdm partnerom pri ka\u017edodennej n\u00e1ro\u010dnej pr\u00e1ci.<\/p>\n<p class=\"\" data-start=\"1893\" data-end=\"1910\"><strong data-start=\"1893\" data-end=\"1910\">K\u013e\u00fa\u010dov\u00e9 vlastnosti:<\/strong><\/p>\n<ul data-start=\"1911\" data-end=\"2741\">\n<li class=\"\" data-start=\"1911\" data-end=\"1994\">\n<p class=\"\" data-start=\"1913\" data-end=\"1994\"><strong data-start=\"1913\" data-end=\"1943\">Zosilnen\u00e1 proti\u0161mykov\u00e1 dla\u0148:<\/strong> Zlep\u0161uje \u00fachop a zabezpe\u010duje stabiln\u00fa manipul\u00e1ciu s n\u00e1strojmi<\/p>\n<\/li>\n<li class=\"\" data-start=\"1995\" data-end=\"2065\">\n<p class=\"\" data-start=\"1997\" data-end=\"2065\"><strong data-start=\"1997\" data-end=\"2019\">Priedu\u0161n\u00e1 tkanina:<\/strong> Udr\u017euje pohodlie r\u00fak a zni\u017euje potenie<\/p>\n<\/li>\n<li class=\"\" data-start=\"2066\" data-end=\"2149\">\n<p class=\"\" data-start=\"2068\" data-end=\"2149\"><strong data-start=\"2068\" data-end=\"2089\">Ergonomick\u00fd dizajn:<\/strong> Predbe\u017ene zakriven\u00e9 prsty a stre\u010dov\u00e9 z\u00f3ny pre prirodzen\u00fd pohyb<\/p>\n<\/li>\n<li class=\"\" data-start=\"2150\" data-end=\"2229\">\n<p class=\"\" data-start=\"2152\" data-end=\"2229\"><strong data-start=\"2152\" data-end=\"2167\">Odolnos\u0165:<\/strong> Dvojito \u0161it\u00e9 \u0161vy zais\u0165uj\u00fa dlh\u00fa \u017eivotnos\u0165 aj pri n\u00e1ro\u010dnom pou\u017e\u00edvan\u00ed<\/p>\n<\/li>\n<li class=\"\" data-start=\"2230\" data-end=\"2311\">\n<p class=\"\" data-start=\"2232\" data-end=\"2311\"><strong data-start=\"2232\" data-end=\"2259\">Pru\u017en\u00e9 uzatv\u00e1ranie na z\u00e1p\u00e4st\u00ed:<\/strong> Nastavite\u013en\u00fd strih s ochranou proti prachu a ne\u010distot\u00e1m<\/p>\n<\/li>\n<li class=\"\" data-start=\"2312\" data-end=\"2394\">\n<p class=\"\" data-start=\"2314\" data-end=\"2394\"><strong data-start=\"2314\" data-end=\"2344\">\u013dahk\u00e9 a pohodln\u00e9:<\/strong> Umo\u017e\u0148uje pohyb ruky v plnom rozsahu bez stuhnutia<\/p>\n<\/li>\n<li class=\"\" data-start=\"2395\" data-end=\"2493\">\n<p class=\"\" data-start=\"2397\" data-end=\"2493\"><strong data-start=\"2397\" data-end=\"2415\">Taktick\u00fd poh\u013ead:<\/strong> Profesion\u00e1lna dvojfarebn\u00e1 sch\u00e9ma (hned\u00e1\/\u010dierna) zv\u00fdrazn\u00ed v\u00e1\u0161 robustn\u00fd \u0161t\u00fdl<\/p>\n<\/li>\n<li class=\"\" data-start=\"2494\" data-end=\"2594\">\n<p class=\"\" data-start=\"2496\" data-end=\"2594\"><strong data-start=\"2496\" data-end=\"2517\">Multifunk\u010dn\u00e9:<\/strong> Ide\u00e1lne pre mechanikov, technikov, stol\u00e1rov, stavb\u00e1rov a dom\u00e1cich majstrov<\/p>\n<\/li>\n<li class=\"\" data-start=\"2595\" data-end=\"2657\">\n<p class=\"\" data-start=\"2597\" data-end=\"2657\"><strong data-start=\"2597\" data-end=\"2618\">Mo\u017eno pra\u0165 v pr\u00e1\u010dke:<\/strong> Jednoduch\u00e9 \u010distenie bez straty kvality<\/p>\n<\/li>\n<li class=\"\" data-start=\"2658\" data-end=\"2741\">\n<p class=\"\" data-start=\"2660\" data-end=\"2741\"><strong data-start=\"2660\" data-end=\"2683\">Hromadn\u00e9 prisp\u00f4sobenie:<\/strong> Mo\u017enosti OEM\/priv\u00e1tneho ozna\u010dovania pre distrib\u00fatorov<\/p>\n<\/li>\n<\/ul>\n<p class=\"\" data-start=\"2743\" data-end=\"2759\"><strong data-start=\"2743\" data-end=\"2759\">Ide\u00e1lne pre:<\/strong><\/p>\n<ul data-start=\"2760\" data-end=\"2995\">\n<li class=\"\" data-start=\"2760\" data-end=\"2798\">\n<p class=\"\" data-start=\"2762\" data-end=\"2798\">Opravy a \u00fadr\u017eba automobilov<\/p>\n<\/li>\n<li class=\"\" data-start=\"2799\" data-end=\"2834\">\n<p class=\"\" data-start=\"2801\" data-end=\"2834\">Stavebn\u00e9 a tes\u00e1rske pr\u00e1ce<\/p>\n<\/li>\n<li class=\"\" data-start=\"2835\" data-end=\"2880\">\n<p class=\"\" data-start=\"2837\" data-end=\"2880\">in\u0161talat\u00e9rske, mont\u00e1\u017ene a in\u0161tala\u010dn\u00e9 pr\u00e1ce<\/p>\n<\/li>\n<li class=\"\" data-start=\"2881\" data-end=\"2914\">\n<p class=\"\" data-start=\"2883\" data-end=\"2914\">Projekty DIY a opravy v dom\u00e1cnosti<\/p>\n<\/li>\n<li class=\"\" data-start=\"2915\" data-end=\"2950\">\n<p class=\"\" data-start=\"2917\" data-end=\"2950\">Z\u00e1hradn\u00edcke a krajin\u00e1rske pr\u00e1ce<\/p>\n<\/li>\n<li class=\"\" data-start=\"2951\" data-end=\"2995\">\n<p class=\"\" data-start=\"2953\" data-end=\"2995\">V\u0161eobecn\u00e9 skladov\u00e9 alebo dielensk\u00e9 oper\u00e1cie<\/p>\n<\/li>\n<\/ul>\n<p class=\"\" data-start=\"2997\" data-end=\"3289\"><strong data-start=\"2997\" data-end=\"3017\">Dostupn\u00e9 ve\u013ekosti:<\/strong> S, M, L, XL, XXL<br data-start=\"3034\" data-end=\"3037\" \/><strong data-start=\"3037\" data-end=\"3055\">Mo\u017enosti farieb:<\/strong> Predvolen\u00e1 hned\u00e1\/\u010dierna, \u010fal\u0161ie farby s\u00fa k dispoz\u00edcii pri hromadn\u00fdch objedn\u00e1vkach<br data-start=\"3120\" data-end=\"3123\" \/><strong data-start=\"3123\" data-end=\"3142\">Certifik\u00e1ty:<\/strong> Materi\u00e1ly s certifik\u00e1tom CE (na po\u017eiadanie), k dispoz\u00edcii norma EN 388<br data-start=\"3205\" data-end=\"3208\" \/><strong data-start=\"3208\" data-end=\"3222\">Balenie:<\/strong> Balenie pripraven\u00e9 na maloobchodn\u00fd predaj, balenie pod vlastnou zna\u010dkou alebo balenie vo ve\u013ekom<\/p>\n<p class=\"\" data-start=\"3291\" data-end=\"3729\"><strong data-start=\"3291\" data-end=\"3312\">Pre\u010do si vybra\u0165 RYINZ?<\/strong><br data-start=\"3312\" data-end=\"3315\" \/>V spolo\u010dnosti RYINZ sa zameriavame na poskytovanie rukav\u00edc eur\u00f3pskej kvality, ktor\u00e9 sp\u013a\u0148aj\u00fa glob\u00e1lne normy. Na\u0161e rukavice vyr\u00e1ban\u00e9 z modern\u00fdch materi\u00e1lov a s pr\u00edsnou kontrolou kvality sp\u00e1jaj\u00fa funk\u010dnos\u0165, bezpe\u010dnos\u0165 a \u0161t\u00fdl pre pou\u017e\u00edvate\u013eov v automobilovom, stavebnom a priemyselnom odvetv\u00ed. Rukavice RYINZ, navrhnut\u00e9 v spolupr\u00e1ci s pakistansk\u00fdm remeseln\u00fdm spracovan\u00edm a eur\u00f3pskymi \u0161tandardmi z\u00e1sobovania, v\u00e1m zabezpe\u010dia, \u017ee budete v\u017edy pripraven\u00ed na ak\u00fako\u013evek \u00falohu.<\/p>","protected":false},"excerpt":{"rendered":"<p>Za\u017eite rozdiel s <strong data-start=\"3823\" data-end=\"3857\">Mechanick\u00e9 rukavice RYINZ Premium<\/strong> - odborne navrhnut\u00e9 pre profesion\u00e1lov a dom\u00e1cich majstrov, ktor\u00ed potrebuj\u00fa maxim\u00e1lny v\u00fdkon. Tieto rukavice so zosilnenou syntetickou dla\u0148ou pre siln\u00fd proti\u0161mykov\u00fd \u00fachop a priedu\u0161nou tkaninou na chrbte pre celodenn\u00e9 pohodlie pon\u00fakaj\u00fa dokonal\u00fa rovnov\u00e1hu medzi odolnos\u0165ou a pru\u017enos\u0165ou. V\u010faka dvojit\u00e9mu pre\u0161itiu, odolnosti, ergonomick\u00e9mu strihu a jednoduch\u00e9mu nastaveniu z\u00e1p\u00e4stia s\u00fa ide\u00e1lne do dielne, gar\u00e1\u017ee, na stavenisko alebo do dom\u00e1cnosti. Robustn\u00e9, spo\u013eahliv\u00e9 a skon\u0161truovan\u00e9 tak, aby vydr\u017eali - s rukavicami RYINZ m\u00f4\u017eete pracova\u0165 inteligentnej\u0161ie a bezpe\u010dnej\u0161ie.<\/p>","protected":false},"featured_media":8974,"comment_status":"closed","ping_status":"closed","template":"","meta":[],"product_brand":[35],"product_cat":[82,83],"product_tag":[90,91],"class_list":{"0":"post-8917","1":"product","2":"type-product","3":"status-publish","4":"has-post-thumbnail","6":"product_brand-ryinz","7":"product_cat-mechanic-industrial-gloves","8":"product_cat-mechanics-gloves","9":"product_tag-neoprene-cuff-safety-gloves","10":"product_tag-rexion-suede-gloves","12":"first","13":"instock","14":"taxable","15":"shipping-taxable","16":"purchasable","17":"product-type-simple"},"_links":{"self":[{"href":"https:\/\/ryinz.cz\/velkoobchod\/sk\/wp-json\/wp\/v2\/product\/8917","targetHints":{"allow":["GET"]}}],"collection":[{"href":"https:\/\/ryinz.cz\/velkoobchod\/sk\/wp-json\/wp\/v2\/product"}],"about":[{"href":"https:\/\/ryinz.cz\/velkoobchod\/sk\/wp-json\/wp\/v2\/types\/product"}],"replies":[{"embeddable":true,"href":"https:\/\/ryinz.cz\/velkoobchod\/sk\/wp-json\/wp\/v2\/comments?post=8917"}],"wp:featuredmedia":[{"embeddable":true,"href":"https:\/\/ryinz.cz\/velkoobchod\/sk\/wp-json\/wp\/v2\/media\/8974"}],"wp:attachment":[{"href":"https:\/\/ryinz.cz\/velkoobchod\/sk\/wp-json\/wp\/v2\/media?parent=8917"}],"wp:term":[{"taxonomy":"product_brand","embeddable":true,"href":"https:\/\/ryinz.cz\/velkoobchod\/sk\/wp-json\/wp\/v2\/product_brand?post=8917"},{"taxonomy":"product_cat","embeddable":true,"href":"https:\/\/ryinz.cz\/velkoobchod\/sk\/wp-json\/wp\/v2\/product_cat?post=8917"},{"taxonomy":"product_tag","embeddable":true,"href":"https:\/\/ryinz.cz\/velkoobchod\/sk\/wp-json\/wp\/v2\/product_tag?post=8917"}],"curies":[{"name":"wp","href":"https:\/\/api.w.org\/{rel}","templated":true}]}}