{"id":8916,"date":"2025-06-22T15:21:06","date_gmt":"2025-06-22T15:21:06","guid":{"rendered":"https:\/\/ryinz.cz\/velkoobchod\/?post_type=product&#038;p=8916"},"modified":"2026-01-18T20:16:50","modified_gmt":"2026-01-18T20:16:50","slug":"ryinz-priedusne-lahke-mechanicke-rukavice-flexibilny-uchop-zosilnena-dlan-protismykovy-dizajn-pre-dielenske-prace","status":"publish","type":"product","link":"https:\/\/ryinz.cz\/velkoobchod\/sk\/product\/ryinz-breathable-lightweight-mechanics-gloves-flexible-grip-reinforced-palm-anti-slip-design-for-workshop-diy-tasks\/","title":{"rendered":"RYINZ Priedu\u0161n\u00e9 \u013eahk\u00e9 mechanick\u00e9 rukavice - pru\u017en\u00fd \u00fachop, zosilnen\u00e1 dla\u0148, proti\u0161mykov\u00fd dizajn pre diel\u0148u a dom\u00e1cich majstrov"},"content":{"rendered":"<p class=\"\" data-start=\"315\" data-end=\"672\">Str\u00e1nka <strong data-start=\"319\" data-end=\"368\">RYINZ Priedu\u0161n\u00e9 \u013eahk\u00e9 mechanick\u00e9 rukavice<\/strong> s\u00fa prec\u00edzne navrhnut\u00e9 tak, aby poskytovali dokonal\u00fa rovnov\u00e1hu medzi flexibilitou, ochranou a pri\u013enavos\u0165ou pri \u013eahk\u00fdch a\u017e stredne \u0165a\u017ek\u00fdch priemyseln\u00fdch pr\u00e1cach. \u010ci u\u017e u\u0165ahujete skrutky, montujete s\u00fa\u010diastky, obsluhujete ru\u010dn\u00e9 n\u00e1radie alebo vykon\u00e1vate opravy, tieto rukavice poskytuj\u00fa pohodlie a obratnos\u0165, ktor\u00e9 va\u0161e ruky potrebuj\u00fa na dosiahnutie maxim\u00e1lneho v\u00fdkonu.<\/p>\n<p class=\"\" data-start=\"674\" data-end=\"1012\">Tieto rukavice s\u00fa vyroben\u00e9 z kombin\u00e1cie elastick\u00e9ho, priedu\u0161n\u00e9ho spandexu a syntetick\u00e9ho semi\u0161u odoln\u00e9ho vo\u010di oderu a poskytuj\u00fa vynikaj\u00face pohodlie bez toho, aby sa zn\u00ed\u017eila ich odolnos\u0165. \u017diariv\u00e1 \u010derven\u00e1 a oran\u017eov\u00e1 farebn\u00e1 sch\u00e9ma im dod\u00e1va nielen dynamick\u00fd, profesion\u00e1lny vzh\u013ead, ale tie\u017e zlep\u0161uje vidite\u013enos\u0165 r\u00fak v dielni a vo vonkaj\u0161om prostred\u00ed.<\/p>\n<p class=\"\" data-start=\"1014\" data-end=\"1452\">Plocha pre dlane je vybudovan\u00e1 s <strong data-start=\"1044\" data-end=\"1103\">\u0161pecializovan\u00e1 proti\u0161mykov\u00e1 syntetick\u00e1 ko\u017ea s mikro vzorom<\/strong>, a poskytuje v\u00fdnimo\u010dn\u00fa pri\u013enavos\u0165 na mastn\u00fdch, mokr\u00fdch alebo such\u00fdch povrchoch. Zosilnen\u00e9 polstrovanie sedla palca zabezpe\u010duje zv\u00fd\u0161en\u00fa odolnos\u0165 v z\u00f3nach s vysok\u00fdm opotrebovan\u00edm, v\u010faka \u010domu tieto rukavice vydr\u017eia opakovan\u00e9 pou\u017e\u00edvanie bez roztrhnutia alebo roztrhnutia. Hrebe\u0148 ruky je vybaven\u00fd rebrovan\u00fdmi pru\u017en\u00fdmi panelmi, ktor\u00e9 podporuj\u00fa prirodzen\u00fd pohyb ruky a zabra\u0148uj\u00fa \u00fanave pri opakovan\u00fdch \u00faloh\u00e1ch.<\/p>\n<p class=\"\" data-start=\"1454\" data-end=\"1783\">Ergonomick\u00fd strih poskytuje presn\u00fa manipul\u00e1ciu, tak\u017ee tieto rukavice s\u00fa ide\u00e1lne na \u00falohy vy\u017eaduj\u00face obratnos\u0165 a kontrolu, ako je pou\u017e\u00edvanie skrutkova\u010dov, klie\u0161t\u00ed alebo elektrick\u00e9ho n\u00e1radia. Nastavite\u013en\u00e9 zap\u00ednanie na such\u00fd zips na z\u00e1p\u00e4st\u00ed zais\u0165uje bezpe\u010dn\u00e9 a prisp\u00f4soben\u00e9 nosenie, ktor\u00e9 zabra\u0148uje vniknutiu ne\u010dist\u00f4t a \u00falomkov a z\u00e1rove\u0148 umo\u017e\u0148uje jednoduch\u00e9 nasadzovanie a vyzliekanie.<\/p>\n<p class=\"\" data-start=\"1785\" data-end=\"2021\">\u013dahk\u00e9 a priedu\u0161n\u00e9 mechanick\u00e9 rukavice RYINZ s\u00fa va\u0161\u00edm rie\u0161en\u00edm na ka\u017edodenn\u00e9 pou\u017e\u00edvanie v \u0161irokom spektre odvetv\u00ed. Rukavice je mo\u017en\u00e9 pra\u0165 v pr\u00e1\u010dke, \u010do u\u013eah\u010duje ich \u00fadr\u017ebu a podporuje dlhodob\u00fa hygienu a pou\u017eite\u013enos\u0165.<\/p>\n<p class=\"\" data-start=\"2023\" data-end=\"2040\"><strong data-start=\"2023\" data-end=\"2040\">K\u013e\u00fa\u010dov\u00e9 vlastnosti:<\/strong><\/p>\n<ul data-start=\"2041\" data-end=\"2477\">\n<li class=\"\" data-start=\"2041\" data-end=\"2098\">\n<p class=\"\" data-start=\"2043\" data-end=\"2098\">\u013dahk\u00e1, priedu\u0161n\u00e1 kon\u0161trukcia na celodenn\u00e9 nosenie<\/p>\n<\/li>\n<li class=\"\" data-start=\"2099\" data-end=\"2156\">\n<p class=\"\" data-start=\"2101\" data-end=\"2156\">Vysoko vidite\u013en\u00e1 \u010derveno-oran\u017eov\u00e1 farba na zv\u00fd\u0161enie bezpe\u010dnosti<\/p>\n<\/li>\n<li class=\"\" data-start=\"2157\" data-end=\"2209\">\n<p class=\"\" data-start=\"2159\" data-end=\"2209\">Pru\u017en\u00e9 rebrovan\u00e9 panely pre maxim\u00e1lnu pohyblivos\u0165 r\u00fak<\/p>\n<\/li>\n<li class=\"\" data-start=\"2210\" data-end=\"2267\">\n<p class=\"\" data-start=\"2212\" data-end=\"2267\">Proti\u0161mykov\u00e1 dla\u0148 so syntetickou ko\u017eou s mikro vzorom<\/p>\n<\/li>\n<li class=\"\" data-start=\"2268\" data-end=\"2321\">\n<p class=\"\" data-start=\"2270\" data-end=\"2321\">Zosilnen\u00e9 sedlo palca pre zv\u00fd\u0161en\u00fa ochranu proti opotrebovaniu<\/p>\n<\/li>\n<li class=\"\" data-start=\"2322\" data-end=\"2368\">\n<p class=\"\" data-start=\"2324\" data-end=\"2368\">Nastavite\u013en\u00fd p\u00e1sik na z\u00e1p\u00e4stie so such\u00fdm zipsom pre pevn\u00e9 uchytenie<\/p>\n<\/li>\n<li class=\"\" data-start=\"2369\" data-end=\"2403\">\n<p class=\"\" data-start=\"2371\" data-end=\"2403\">Mo\u017eno pra\u0165 v pr\u00e1\u010dke pre jednoduch\u00fa starostlivos\u0165<\/p>\n<\/li>\n<li class=\"\" data-start=\"2404\" data-end=\"2477\">\n<p class=\"\" data-start=\"2406\" data-end=\"2477\">Ide\u00e1lne na \u013eahk\u00e9 a\u017e stredne \u0165a\u017ek\u00e9 mechanick\u00e9 pr\u00e1ce, \u00fadr\u017ebu a \u00falohy pre dom\u00e1cich majstrov<\/p>\n<\/li>\n<\/ul>\n<p class=\"\" data-start=\"2479\" data-end=\"2494\"><strong data-start=\"2479\" data-end=\"2494\">Ide\u00e1lne pou\u017eitie:<\/strong><\/p>\n<ul data-start=\"2495\" data-end=\"2733\">\n<li class=\"\" data-start=\"2495\" data-end=\"2531\">\n<p class=\"\" data-start=\"2497\" data-end=\"2531\">Opravy a \u00fadr\u017eba v dielni<\/p>\n<\/li>\n<li class=\"\" data-start=\"2532\" data-end=\"2567\">\n<p class=\"\" data-start=\"2534\" data-end=\"2567\">Opravy a mont\u00e1\u017e automobilov<\/p>\n<\/li>\n<li class=\"\" data-start=\"2568\" data-end=\"2598\">\n<p class=\"\" data-start=\"2570\" data-end=\"2598\">V\u0161eobecn\u00e1 manipul\u00e1cia v sklade<\/p>\n<\/li>\n<li class=\"\" data-start=\"2599\" data-end=\"2628\">\n<p class=\"\" data-start=\"2601\" data-end=\"2628\">Projekty na zlep\u0161enie dom\u00e1cnosti<\/p>\n<\/li>\n<li class=\"\" data-start=\"2629\" data-end=\"2662\">\n<p class=\"\" data-start=\"2631\" data-end=\"2662\">Kutilsk\u00e9 pr\u00e1ce s drevom a kovom<\/p>\n<\/li>\n<li class=\"\" data-start=\"2663\" data-end=\"2689\">\n<p class=\"\" data-start=\"2665\" data-end=\"2689\">\u013dahk\u00e9 priemyseln\u00e9 \u00falohy<\/p>\n<\/li>\n<li class=\"\" data-start=\"2690\" data-end=\"2733\">\n<p class=\"\" data-start=\"2692\" data-end=\"2733\">Bicyklovanie, z\u00e1hradk\u00e1r\u010denie a rekrea\u010dn\u00e9 vyu\u017eitie<\/p>\n<\/li>\n<\/ul>\n<p class=\"\" data-start=\"2735\" data-end=\"2925\">Tieto rukavice, ktor\u00e9 sa pon\u00fakaj\u00fa v celej \u0161k\u00e1le ve\u013ekost\u00ed, si m\u00f4\u017eete objedna\u0165 v \u0161tandardn\u00fdch verzi\u00e1ch, verzi\u00e1ch na mieru alebo verzi\u00e1ch s vlastnou zna\u010dkou. <strong data-start=\"2849\" data-end=\"2883\">K dispoz\u00edcii s\u00fa slu\u017eby OEM\/ODM<\/strong> pre partnerov, ktor\u00ed chc\u00fa prisp\u00f4sobi\u0165 zna\u010dku.<\/p>\n<p class=\"\" data-start=\"2927\" data-end=\"3123\"><strong data-start=\"2927\" data-end=\"2949\">Pokyny na starostlivos\u0165:<\/strong><br data-start=\"2949\" data-end=\"2952\" \/>Pranie v pr\u00e1\u010dke za studena s jemn\u00fdm prac\u00edm prostriedkom. Su\u0161te na vzduchu. Nebie\u013ete ani nesu\u0161te v su\u0161i\u010dke. Rukavice pravidelne kontrolujte, \u010di nie s\u00fa po\u0161koden\u00e9 alebo opotrebovan\u00e9, a v pr\u00edpade potreby ich vyme\u0148te, aby ste dosiahli maxim\u00e1lnu ochranu.<\/p>\n<p class=\"\" data-start=\"3125\" data-end=\"3291\">So spolo\u010dnos\u0165ou RYINZ m\u00f4\u017eete vyu\u017e\u00edva\u0165 v\u00fdhody prvotriednej v\u00fdroby, eur\u00f3pskych \u0161tandardov kvality a desa\u0165ro\u010dia trvaj\u00faceho z\u00e1v\u00e4zku vytv\u00e1ra\u0165 najspo\u013eahlivej\u0161ie rie\u0161enia ochrany r\u00fak.<\/p>","protected":false},"excerpt":{"rendered":"<p>Priedu\u0161n\u00e9 mechanick\u00e9 rukavice RYINZ s\u00fa navrhnut\u00e9 pre optim\u00e1lnu flexibilitu a kontrolu a s\u00fa va\u0161\u00edm nevyhnutn\u00fdm spolo\u010dn\u00edkom pri ka\u017edodenn\u00fdch pracovn\u00fdch \u00faloh\u00e1ch. \u010ci u\u017e opravujete stroje, montujete s\u00fa\u010diastky alebo pracujete na dom\u00e1cich projektoch pre dom\u00e1cich majstrov, tieto rukavice zabezpe\u010dia, \u017ee va\u0161e ruky zostan\u00fa chr\u00e1nen\u00e9, pohodln\u00e9 a obratn\u00e9. Ich \u013eahk\u00e1 a elastick\u00e1 kon\u0161trukcia pon\u00faka vo\u013enos\u0165 pohybu bez toho, aby ste obetovali pevnos\u0165 \u00fachopu alebo odolnos\u0165. V\u010faka zosilnen\u00fdm dla\u0148ov\u00fdm \u010dastiam a bezpe\u010dn\u00e9mu zap\u00ednaniu na z\u00e1p\u00e4st\u00ed bud\u00fa va\u0161e ruky pripraven\u00e9 na ak\u00fako\u013evek v\u00fdzvu - od zlo\u017eit\u00fdch mechanick\u00fdch opr\u00e1v a\u017e po be\u017en\u00fa dom\u00e1cu \u00fadr\u017ebu. Zosta\u0148te v bezpe\u010d\u00ed, zosta\u0148te efekt\u00edvni a udr\u017eujte sa v pohybe s v\u00fdkonn\u00fdmi rukavicami RYINZ.<\/p>","protected":false},"featured_media":8975,"comment_status":"closed","ping_status":"closed","template":"","meta":[],"product_brand":[35],"product_cat":[82,83],"product_tag":[88,89],"class_list":{"0":"post-8916","1":"product","2":"type-product","3":"status-publish","4":"has-post-thumbnail","6":"product_brand-ryinz","7":"product_cat-mechanic-industrial-gloves","8":"product_cat-mechanics-gloves","9":"product_tag-customizable-work-gloves","10":"product_tag-pu-rexon-mechanics-gloves","12":"first","13":"instock","14":"taxable","15":"shipping-taxable","16":"purchasable","17":"product-type-simple"},"_links":{"self":[{"href":"https:\/\/ryinz.cz\/velkoobchod\/sk\/wp-json\/wp\/v2\/product\/8916","targetHints":{"allow":["GET"]}}],"collection":[{"href":"https:\/\/ryinz.cz\/velkoobchod\/sk\/wp-json\/wp\/v2\/product"}],"about":[{"href":"https:\/\/ryinz.cz\/velkoobchod\/sk\/wp-json\/wp\/v2\/types\/product"}],"replies":[{"embeddable":true,"href":"https:\/\/ryinz.cz\/velkoobchod\/sk\/wp-json\/wp\/v2\/comments?post=8916"}],"wp:featuredmedia":[{"embeddable":true,"href":"https:\/\/ryinz.cz\/velkoobchod\/sk\/wp-json\/wp\/v2\/media\/8975"}],"wp:attachment":[{"href":"https:\/\/ryinz.cz\/velkoobchod\/sk\/wp-json\/wp\/v2\/media?parent=8916"}],"wp:term":[{"taxonomy":"product_brand","embeddable":true,"href":"https:\/\/ryinz.cz\/velkoobchod\/sk\/wp-json\/wp\/v2\/product_brand?post=8916"},{"taxonomy":"product_cat","embeddable":true,"href":"https:\/\/ryinz.cz\/velkoobchod\/sk\/wp-json\/wp\/v2\/product_cat?post=8916"},{"taxonomy":"product_tag","embeddable":true,"href":"https:\/\/ryinz.cz\/velkoobchod\/sk\/wp-json\/wp\/v2\/product_tag?post=8916"}],"curies":[{"name":"wp","href":"https:\/\/api.w.org\/{rel}","templated":true}]}}