{"id":8915,"date":"2025-06-22T15:21:06","date_gmt":"2025-06-22T15:21:06","guid":{"rendered":"https:\/\/ryinz.cz\/velkoobchod\/?post_type=product&#038;p=8915"},"modified":"2026-01-18T20:16:49","modified_gmt":"2026-01-18T20:16:49","slug":"ryinz-tazke-narazuvzdorne-mechanicke-rukavice-ochrana-proti-porezaniu-olejova-prilnavost-antivibracne-pracovne-rukavice-na-priemyselne-pouzitie","status":"publish","type":"product","link":"https:\/\/ryinz.cz\/velkoobchod\/sk\/product\/ryinz-heavy-duty-impact-resistant-mechanics-gloves-cut-protection-oil-grip-anti-vibration-work-gloves-for-industrial-use\/","title":{"rendered":"RYINZ Mechanick\u00e9 rukavice odoln\u00e9 vo\u010di n\u00e1razom - ochrana proti porezaniu, pri\u013enavos\u0165 oleja, antivibra\u010dn\u00e9 pracovn\u00e9 rukavice na priemyseln\u00e9 pou\u017eitie"},"content":{"rendered":"<p class=\"\" data-start=\"323\" data-end=\"637\">Vst\u00fapte do sveta pokro\u010dilej ochrany r\u00fak s <strong data-start=\"376\" data-end=\"430\">Mechanick\u00e9 rukavice RYINZ odoln\u00e9 vo\u010di n\u00e1razom<\/strong> - navrhnut\u00e9 pre profesion\u00e1lov pracuj\u00facich v najn\u00e1ro\u010dnej\u0161\u00edch podmienkach. Tieto rukavice s\u00fa viac ako len oble\u010denie na ruky; s\u00fa \u0161t\u00edtom vytvoren\u00fdm tak, aby odolal n\u00e1razom, vibr\u00e1ci\u00e1m, rezn\u00fdm ran\u00e1m a p\u00f4sobeniu oleja alebo chemik\u00e1li\u00ed.<\/p>\n<p class=\"\" data-start=\"639\" data-end=\"979\">Vonkaj\u0161\u00ed pl\u00e1\u0161\u0165 je vybaven\u00fd vysoko v\u00fdkonn\u00fdm <strong data-start=\"683\" data-end=\"720\">tkanina so zmesou HPPE odoln\u00e1 proti prerezaniu<\/strong> ktor\u00e1 chr\u00e1ni va\u0161e ruky pred ostr\u00fdmi hranami, \u010depe\u013eami alebo rozbit\u00fdm sklom. Tento vysokopevnostn\u00fd materi\u00e1l poskytuje ochranu proti porezaniu na \u00farovni ANSI\/EN388 a z\u00e1rove\u0148 zachov\u00e1va flexibilitu a obratnos\u0165, \u010do je d\u00f4le\u017eit\u00e9 v odvetviach, kde je d\u00f4le\u017eit\u00e1 bezpe\u010dnos\u0165 aj jemn\u00e1 motorika.<\/p>\n<p class=\"\" data-start=\"981\" data-end=\"1307\">Jednou z najv\u00fdraznej\u0161\u00edch vlastnost\u00ed rukav\u00edc je <strong data-start=\"1025\" data-end=\"1061\">Pancier z termoplastickej gumy (TPR)<\/strong> strategicky rozmiestnen\u00e9 po k\u013aboch, prstoch a chrbte ruky. T\u00e1to ochrana z TPR absorbuje a odr\u00e1\u017ea n\u00e1razy, tak\u017ee je ide\u00e1lna pre ropn\u00e9 plo\u0161iny, ban\u00edctvo, automobilov\u00fd priemysel, demol\u00e1cie alebo prev\u00e1dzky s \u0165a\u017ek\u00fdmi strojmi, kde hroz\u00ed \u010dast\u00e9 riziko poranen\u00ed sp\u00f4soben\u00fdch rozdrven\u00edm.<\/p>\n<p class=\"\" data-start=\"1309\" data-end=\"1652\">Dla\u0148 je potiahnut\u00e1 <strong data-start=\"1333\" data-end=\"1364\">proti\u0161mykov\u00e9 nitrilov\u00e9 \u00fachopov\u00e9 z\u00f3ny<\/strong>, \u010d\u00edm sa zabezpe\u010d\u00ed pevn\u00e9 uchytenie na mastn\u00fdch alebo mokr\u00fdch n\u00e1strojoch. T\u00e1to povrchov\u00e1 \u00faprava rukov\u00e4te je odoln\u00e1 vo\u010di oderu a poskytuje dlhotrvaj\u00faci v\u00fdkon v klzkom alebo drsnom prostred\u00ed. Na miestach s vysok\u00fdm opotrebovan\u00edm, ako je rozkrok palca a kon\u010deky prstov, s\u00fa umiestnen\u00e9 zosilnen\u00e9 z\u00e1platy, ktor\u00e9 predl\u017euj\u00fa \u017eivotnos\u0165 rukav\u00edc a zabra\u0148uj\u00fa ich roztrhnutiu.<\/p>\n<p class=\"\" data-start=\"1654\" data-end=\"1897\">Vn\u00fatorn\u00e1 strana je vystlan\u00e1 m\u00e4kkou a priedu\u0161nou tkaninou odv\u00e1dzaj\u00facou vlhkos\u0165, ktor\u00e1 udr\u017e\u00ed va\u0161e ruky v suchu aj po\u010das dlh\u0161ieho pou\u017e\u00edvania. Ergonomick\u00e9 tvarovanie a stre\u010dov\u00e9 z\u00f3ny kop\u00edruj\u00fa prirodzen\u00fd tvar ruky a poskytuj\u00fa pohodlie bez obmedzovania pohybu.<\/p>\n<p class=\"\" data-start=\"1899\" data-end=\"2097\">Rukavice RYINZ s\u00fa nielen ochrann\u00e9, ale aj prisp\u00f4sobiv\u00e9. \u010ci u\u017e u\u0165ahujete skrutky, naklad\u00e1te n\u00e1klad, obsluhujete stroje, alebo manipulujete s ostr\u00fdm plechom, tieto rukavice pon\u00fakaj\u00fa plnospektr\u00e1lnu ochranu.<\/p>\n<p class=\"\" data-start=\"2099\" data-end=\"2120\"><strong data-start=\"2099\" data-end=\"2120\">Vlastnosti produktu:<\/strong><\/p>\n<ul data-start=\"2122\" data-end=\"3097\">\n<li class=\"\" data-start=\"2122\" data-end=\"2223\">\n<p class=\"\" data-start=\"2124\" data-end=\"2223\"><strong data-start=\"2124\" data-end=\"2148\">\u0160krupina odoln\u00e1 proti prerezaniu:<\/strong> Vlo\u017eka z HPPE pod\u013ea normy ANSI\/EN388 pre vysok\u00fa odolnos\u0165 proti ostrie a prepichnutiu<\/p>\n<\/li>\n<li class=\"\" data-start=\"2224\" data-end=\"2326\">\n<p class=\"\" data-start=\"2226\" data-end=\"2326\"><strong data-start=\"2226\" data-end=\"2248\">Ochrana proti n\u00e1razu:<\/strong> Pancier TPR na k\u013aboch a prstoch pre vynikaj\u00facu ochranu proti rozdrveniu a \u00faderom<\/p>\n<\/li>\n<li class=\"\" data-start=\"2327\" data-end=\"2437\">\n<p class=\"\" data-start=\"2329\" data-end=\"2437\"><strong data-start=\"2329\" data-end=\"2352\">Rukov\u00e4\u0165 odoln\u00e1 vo\u010di oleju:<\/strong> Nitrilov\u00e1 vrstva s vysokou pri\u013enavos\u0165ou na dlani pre vynikaj\u00facu pri\u013enavos\u0165 v mokr\u00fdch alebo mastn\u00fdch podmienkach<\/p>\n<\/li>\n<li class=\"\" data-start=\"2438\" data-end=\"2532\">\n<p class=\"\" data-start=\"2440\" data-end=\"2532\"><strong data-start=\"2440\" data-end=\"2458\">Odoln\u00e1 kon\u0161trukcia:<\/strong> Zosilnen\u00fd palec a kon\u010deky prstov predl\u017euj\u00fa \u017eivotnos\u0165 rukav\u00edc pri n\u00e1ro\u010dnom pou\u017e\u00edvan\u00ed<\/p>\n<\/li>\n<li class=\"\" data-start=\"2533\" data-end=\"2634\">\n<p class=\"\" data-start=\"2535\" data-end=\"2634\"><strong data-start=\"2535\" data-end=\"2553\">Ergonomick\u00e9 prisp\u00f4sobenie:<\/strong> Pru\u017en\u00fd strih, predkriven\u00e9 prsty a priedu\u0161n\u00e1 pod\u0161\u00edvka zais\u0165uj\u00fa celodenn\u00e9 pohodlie<\/p>\n<\/li>\n<li class=\"\" data-start=\"2635\" data-end=\"2738\">\n<p class=\"\" data-start=\"2637\" data-end=\"2738\"><strong data-start=\"2637\" data-end=\"2652\">Bezpe\u010dn\u00e9 uchytenie:<\/strong> Zap\u00ednanie na z\u00e1p\u00e4stie na h\u00e1\u010dik a slu\u010dku pon\u00faka mo\u017enos\u0165 nastavenia a pom\u00e1ha udr\u017ea\u0165 ne\u010distoty a \u00falomky vonku<\/p>\n<\/li>\n<li class=\"\" data-start=\"2739\" data-end=\"2821\">\n<p class=\"\" data-start=\"2741\" data-end=\"2821\"><strong data-start=\"2741\" data-end=\"2766\">Roz\u0161\u00edren\u00fd dizajn man\u017eety:<\/strong> Zv\u00fd\u0161en\u00e1 ochrana z\u00e1p\u00e4stia s jednoduch\u00fdm obliekan\u00edm a vyzliekan\u00edm<\/p>\n<\/li>\n<li class=\"\" data-start=\"2822\" data-end=\"2908\">\n<p class=\"\" data-start=\"2824\" data-end=\"2908\"><strong data-start=\"2824\" data-end=\"2851\">Odolnos\u0165 vo\u010di teplu a roztrhnutiu:<\/strong> Viacvrstvov\u00e1 \u0161trukt\u00fara odol\u00e1va opotrebovaniu, teplu a treniu<\/p>\n<\/li>\n<li class=\"\" data-start=\"2909\" data-end=\"2986\">\n<p class=\"\" data-start=\"2911\" data-end=\"2986\"><strong data-start=\"2911\" data-end=\"2932\">Mo\u017eno pra\u0165 v pr\u00e1\u010dke:<\/strong> Zachov\u00e1va si tvar a v\u00fdkon aj po viacn\u00e1sobnom pran\u00ed<\/p>\n<\/li>\n<li class=\"\" data-start=\"2987\" data-end=\"3097\">\n<p class=\"\" data-start=\"2989\" data-end=\"3097\"><strong data-start=\"2989\" data-end=\"3019\">Viac\u00fa\u010delov\u00e9 aplik\u00e1cie:<\/strong> Ide\u00e1lne pre ropn\u00fd a plyn\u00e1rensk\u00fd priemysel, stavebn\u00edctvo, \u0165a\u017ek\u00fa techniku, ban\u00edctvo a kovov\u00fdrobu<\/p>\n<\/li>\n<\/ul>\n<p class=\"\" data-start=\"3099\" data-end=\"3128\"><strong data-start=\"3099\" data-end=\"3128\">Odpor\u00fa\u010dania pre pr\u00edpad pou\u017eitia:<\/strong><\/p>\n<ul data-start=\"3130\" data-end=\"3360\">\n<li class=\"\" data-start=\"3130\" data-end=\"3164\">\n<p class=\"\" data-start=\"3132\" data-end=\"3164\">Mechanici a autotechnici<\/p>\n<\/li>\n<li class=\"\" data-start=\"3165\" data-end=\"3208\">\n<p class=\"\" data-start=\"3167\" data-end=\"3208\">Prev\u00e1dzkovatelia ropn\u00fdch plo\u0161\u00edn a vrtov na mori<\/p>\n<\/li>\n<li class=\"\" data-start=\"3209\" data-end=\"3238\">\n<p class=\"\" data-start=\"3211\" data-end=\"3238\">Obsluha \u0165a\u017ek\u00fdch zariaden\u00ed<\/p>\n<\/li>\n<li class=\"\" data-start=\"3239\" data-end=\"3269\">\n<p class=\"\" data-start=\"3241\" data-end=\"3269\">Demola\u010dn\u00e9 a z\u00e1chrann\u00e9 pr\u00e1ce<\/p>\n<\/li>\n<li class=\"\" data-start=\"3270\" data-end=\"3306\">\n<p class=\"\" data-start=\"3272\" data-end=\"3306\">\u0164a\u017eobn\u00fd a v\u00fdkopov\u00fd priemysel<\/p>\n<\/li>\n<li class=\"\" data-start=\"3307\" data-end=\"3335\">\n<p class=\"\" data-start=\"3309\" data-end=\"3335\">Manipul\u00e1cia s oce\u013eou a sklom<\/p>\n<\/li>\n<li class=\"\" data-start=\"3336\" data-end=\"3360\">\n<p class=\"\" data-start=\"3338\" data-end=\"3360\">V\u0161eobecn\u00e9 priemyseln\u00e9 pou\u017eitie<\/p>\n<\/li>\n<\/ul>\n<p class=\"\" data-start=\"3362\" data-end=\"3389\"><strong data-start=\"3362\" data-end=\"3389\">\u0160pecifik\u00e1cie produktu:<\/strong><\/p>\n<ul data-start=\"3391\" data-end=\"3881\">\n<li class=\"\" data-start=\"3391\" data-end=\"3468\">\n<p class=\"\" data-start=\"3393\" data-end=\"3468\"><strong data-start=\"3393\" data-end=\"3406\">Materi\u00e1l:<\/strong> Pl\u00e1\u0161\u0165 z HPPE odoln\u00fd proti prerezaniu, nitrilov\u00e1 dla\u0148, ochrana chrbta z TPR<\/p>\n<\/li>\n<li class=\"\" data-start=\"3469\" data-end=\"3534\">\n<p class=\"\" data-start=\"3471\" data-end=\"3534\"><strong data-start=\"3471\" data-end=\"3486\">Rozsah ve\u013ekost\u00ed:<\/strong> S - XXL (na po\u017eiadanie s\u00fa k dispoz\u00edcii vlastn\u00e9 ve\u013ekosti)<\/p>\n<\/li>\n<li class=\"\" data-start=\"3535\" data-end=\"3607\">\n<p class=\"\" data-start=\"3537\" data-end=\"3607\"><strong data-start=\"3537\" data-end=\"3555\">Mo\u017enosti farieb:<\/strong> Siv\u00e1\/oran\u017eov\u00e1\/\u010dierna (vlastn\u00e9 farby pre hromadn\u00e9 objedn\u00e1vky)<\/p>\n<\/li>\n<li class=\"\" data-start=\"3608\" data-end=\"3674\">\n<p class=\"\" data-start=\"3610\" data-end=\"3674\"><strong data-start=\"3610\" data-end=\"3625\">Dodr\u017eiavanie predpisov:<\/strong> \u00darove\u0148 rezu EN388, certifik\u00e1t CE, v s\u00falade s normou Reach<\/p>\n<\/li>\n<li class=\"\" data-start=\"3675\" data-end=\"3757\">\n<p class=\"\" data-start=\"3677\" data-end=\"3757\"><strong data-start=\"3677\" data-end=\"3703\">MOQ pre prisp\u00f4sobenie:<\/strong> 500 p\u00e1rov (s logom, obalom alebo farebn\u00fdm zladen\u00edm)<\/p>\n<\/li>\n<li class=\"\" data-start=\"3758\" data-end=\"3826\">\n<p class=\"\" data-start=\"3760\" data-end=\"3826\"><strong data-start=\"3760\" data-end=\"3774\">Balenie:<\/strong> K dispoz\u00edcii s\u00fa jednotliv\u00e9 polyetyl\u00e9nov\u00e9 vreck\u00e1 alebo vlastn\u00e9 balenie<\/p>\n<\/li>\n<li class=\"\" data-start=\"3827\" data-end=\"3881\">\n<p class=\"\" data-start=\"3829\" data-end=\"3881\"><strong data-start=\"3829\" data-end=\"3853\">V\u00fdrobn\u00e1 kapacita:<\/strong> A\u017e 100 000 p\u00e1rov\/mesiac<\/p>\n<\/li>\n<\/ul>\n<p class=\"\" data-start=\"3883\" data-end=\"4293\"><strong data-start=\"3883\" data-end=\"3904\">Pre\u010do si vybra\u0165 RYINZ?<\/strong><br data-start=\"3904\" data-end=\"3907\" \/>Na str\u00e1nke <strong data-start=\"3910\" data-end=\"3919\">RYINZ<\/strong>, sp\u00e1jame <strong data-start=\"3939\" data-end=\"3972\">\u00c1zijsk\u00e9 v\u00fdrobn\u00e9 sk\u00fasenosti<\/strong> s <strong data-start=\"3978\" data-end=\"4009\">Eur\u00f3pske normy pre z\u00edskavanie zdrojov<\/strong>, \u010d\u00edm sa zabezpe\u010d\u00ed kvalita, konzistentnos\u0165 a \u0161k\u00e1lovate\u013enos\u0165 pre va\u0161e priemyseln\u00e9 potreby. Na\u0161e rukavice s\u00fa pr\u00edsne testovan\u00e9, overen\u00e9 v praxi a d\u00f4veruj\u00fa im profesion\u00e1li v 28 krajin\u00e1ch. \u010ci u\u017e potrebujete hromadn\u00e9 objedn\u00e1vky, vlastn\u00e9 zna\u010dky, alebo spo\u013eahliv\u00e9ho partnera pre B2B z\u00e1sobovanie - spolo\u010dnos\u0165 RYINZ poskytuje dokonalos\u0165.<\/p>","protected":false},"excerpt":{"rendered":"<p><strong data-start=\"4350\" data-end=\"4394\">Mechanick\u00e9 rukavice RYINZ Heavy-Duty Impact<\/strong> poskytuje pr\u00e9miov\u00fa ochranu tam, kde je to najd\u00f4le\u017eitej\u0161ie - v pr\u00e1ci. Tieto rukavice s pl\u00e1\u0161\u0165om HPPE odoln\u00fdm proti prerezaniu a \u0161t\u00edtmi TPR absorbuj\u00facimi n\u00e1razy zais\u0165uj\u00fa bezpe\u010dnos\u0165 r\u00fak v najn\u00e1ro\u010dnej\u0161\u00edch priemyseln\u00fdch prostrediach. Nek\u013azav\u00e9 nitrilov\u00e9 dlane poskytuj\u00fa bezkonkuren\u010dn\u00fd \u00fachop v olejovom alebo mokrom prostred\u00ed, zatia\u013e \u010do zosilnen\u00e9 z\u00f3ny s vysok\u00fdm opotrebovan\u00edm predl\u017euj\u00fa \u017eivotnos\u0165. V\u010faka pohodln\u00e9mu strihu, priedu\u0161nej pod\u0161\u00edvke a ergonomick\u00e9mu tvaru s\u00fa ide\u00e1lne na dlhodob\u00e9 pou\u017e\u00edvanie. S\u00fa vytvoren\u00e9 pre stavebn\u00edctvo, ropn\u00fd a plyn\u00e1rensk\u00fd priemysel, automobilov\u00fd priemysel a demola\u010dn\u00e9 pr\u00e1ce - predstavuj\u00fa dokonal\u00e9 bezpe\u010dnostn\u00e9 rie\u0161enie.<\/p>","protected":false},"featured_media":8980,"comment_status":"closed","ping_status":"closed","template":"","meta":[],"product_brand":[35],"product_cat":[83],"product_tag":[86,87],"class_list":{"0":"post-8915","1":"product","2":"type-product","3":"status-publish","4":"has-post-thumbnail","6":"product_brand-ryinz","7":"product_cat-mechanics-gloves","8":"product_tag-heavy-duty-gloves","9":"product_tag-work-gloves","11":"first","12":"instock","13":"taxable","14":"shipping-taxable","15":"purchasable","16":"product-type-simple"},"_links":{"self":[{"href":"https:\/\/ryinz.cz\/velkoobchod\/sk\/wp-json\/wp\/v2\/product\/8915","targetHints":{"allow":["GET"]}}],"collection":[{"href":"https:\/\/ryinz.cz\/velkoobchod\/sk\/wp-json\/wp\/v2\/product"}],"about":[{"href":"https:\/\/ryinz.cz\/velkoobchod\/sk\/wp-json\/wp\/v2\/types\/product"}],"replies":[{"embeddable":true,"href":"https:\/\/ryinz.cz\/velkoobchod\/sk\/wp-json\/wp\/v2\/comments?post=8915"}],"wp:featuredmedia":[{"embeddable":true,"href":"https:\/\/ryinz.cz\/velkoobchod\/sk\/wp-json\/wp\/v2\/media\/8980"}],"wp:attachment":[{"href":"https:\/\/ryinz.cz\/velkoobchod\/sk\/wp-json\/wp\/v2\/media?parent=8915"}],"wp:term":[{"taxonomy":"product_brand","embeddable":true,"href":"https:\/\/ryinz.cz\/velkoobchod\/sk\/wp-json\/wp\/v2\/product_brand?post=8915"},{"taxonomy":"product_cat","embeddable":true,"href":"https:\/\/ryinz.cz\/velkoobchod\/sk\/wp-json\/wp\/v2\/product_cat?post=8915"},{"taxonomy":"product_tag","embeddable":true,"href":"https:\/\/ryinz.cz\/velkoobchod\/sk\/wp-json\/wp\/v2\/product_tag?post=8915"}],"curies":[{"name":"wp","href":"https:\/\/api.w.org\/{rel}","templated":true}]}}