{"id":8913,"date":"2025-06-22T15:21:05","date_gmt":"2025-06-22T15:21:05","guid":{"rendered":"https:\/\/ryinz.cz\/velkoobchod\/?post_type=product&#038;p=8913"},"modified":"2026-01-18T20:16:48","modified_gmt":"2026-01-18T20:16:48","slug":"ryinz-cierne-presivane-lyziarske-rukavice-zateplene-nepremokave-zimne-rukavice-s-protismykovou-rukovatou-pre-snowboarding-alpske-pouzitie","status":"publish","type":"product","link":"https:\/\/ryinz.cz\/velkoobchod\/sk\/product\/ryinz-black-quilted-ski-snow-gloves-insulated-waterproof-winter-gloves-with-anti-slip-grip-for-snowboarding-alpine-use\/","title":{"rendered":"RYINZ Black Quilted Ski &amp; Snow Gloves - zateplen\u00e9, nepremokav\u00e9, zimn\u00e9 rukavice s proti\u0161mykov\u00fdm gripom na snowboarding a alpsk\u00e9 pou\u017eitie"},"content":{"rendered":"<p class=\"\" data-start=\"344\" data-end=\"786\">Vydajte sa do extr\u00e9mnych mrazov s vynikaj\u00facou ochranou a v\u00fdkonom v <strong data-start=\"413\" data-end=\"448\">RYINZ GMFG-32 Ly\u017eiarske a sne\u017en\u00e9 rukavice<\/strong> - odborne navrhnut\u00e9 pre snowboardistov, ly\u017eiarov a outdoorov\u00fdch profesion\u00e1lov, ktor\u00ed vy\u017eaduj\u00fa odolnos\u0165, pohodlie a \u0161t\u00fdl. Tieto zimn\u00e9 rukavice, vyroben\u00e9 z pre\u0161\u00edvan\u00e9ho vonkaj\u0161ieho pl\u00e1\u0161\u0165a a prec\u00edzne zo\u0161itej kon\u0161trukcie, kombinuj\u00fa teplo a vetruvzdorn\u00fa ochranu s elegantn\u00fdm \u010dierno-\u010diernym dizajnom vhodn\u00fdm do h\u00f4r, ktor\u00fd zlep\u0161uje formu aj funkciu.<\/p>\n<p class=\"\" data-start=\"788\" data-end=\"1203\">Vonkaj\u0161ia strana rukav\u00edc je navrhnut\u00e1 s pou\u017eit\u00edm <strong data-start=\"832\" data-end=\"869\">pokro\u010dil\u00e1 tkanina odoln\u00e1 vo\u010di poveternostn\u00fdm vplyvom<\/strong> ktor\u00e1 odpudzuje sneh, vlhkos\u0165 a vietor. Matn\u00fd \u010dierny pre\u0161\u00edvan\u00fd vzor nielen\u017ee dod\u00e1va \u0161t\u00fdlov\u00fd vizu\u00e1lny prvok, ale zlep\u0161uje udr\u017eiavanie tepla t\u00fdm, \u017ee zni\u017euje prenikanie studen\u00e9ho vzduchu. T\u00e1to tkanina je spojen\u00e1 s <strong data-start=\"1070\" data-end=\"1097\">vn\u00fatorn\u00fd priestor z term\u00e1lneho fl\u00edsu<\/strong> pod\u0161\u00edvka, ktor\u00e1 poskytuje trval\u00e9 teplo a pohodlie po\u010das cel\u00e9ho d\u0148a, a to aj vo vysokohorskom prostred\u00ed pod bodom mrazu.<\/p>\n<p class=\"\" data-start=\"1205\" data-end=\"1585\">Strategicky umiestnen\u00e9 <strong data-start=\"1226\" data-end=\"1261\">proti\u0161mykov\u00e9 silik\u00f3nov\u00e9 vzory rukov\u00e4te<\/strong> na dlani a prstoch zlep\u0161uj\u00fa \u00fachop a umo\u017e\u0148uj\u00fa ist\u00fa manipul\u00e1ciu s ly\u017eiarskymi palicami, hranami snowboardu alebo mobiln\u00fdmi zariadeniami. \u010ci u\u017e st\u00fapate na horu, alebo sa r\u00fatite dolu zjazdovkou, tieto rukavice zostan\u00fa priliehav\u00e9, citliv\u00e9 a spo\u013eahliv\u00e9. Zosilnen\u00e9 z\u00f3ny na miestach s vysok\u00fdm tren\u00edm predl\u017euj\u00fa \u017eivotnos\u0165 aj pri n\u00e1ro\u010dnom a opakovanom pou\u017e\u00edvan\u00ed.<\/p>\n<p class=\"\" data-start=\"1587\" data-end=\"2024\">Dlh\u00e1 man\u017eeta na z\u00e1p\u00e4st\u00ed obsahuje <strong data-start=\"1626\" data-end=\"1656\">nastavite\u013en\u00e1 \u0161n\u00farka<\/strong> na utesnenie snehu a udr\u017eanie telesn\u00e9ho tepla. Elastick\u00fd p\u00e1sik na z\u00e1p\u00e4stie s jednoduch\u00fdm s\u0165ahovan\u00edm zaru\u010duje bezpe\u010dn\u00e9 uchytenie na celodenn\u00e9 pou\u017e\u00edvanie, zatia\u013e \u010do integrovan\u00e9 spony udr\u017eia p\u00e1r pohromade po\u010das chv\u00ed\u013e mimo slu\u017eby. Tieto rukavice s\u00fa k dispoz\u00edcii v r\u00f4znych ve\u013ekostiach a podporuj\u00fa prisp\u00f4sobenie pre zna\u010dky, distrib\u00fatorov a maloobchodn\u00e9 predajne, ktor\u00e9 chc\u00fa roz\u0161\u00edri\u0165 svoju zimn\u00fa kolekciu o s\u00fakromn\u00e9 zna\u010dky.<\/p>\n<p class=\"\" data-start=\"2026\" data-end=\"2165\"><strong data-start=\"2026\" data-end=\"2035\">RYINZ<\/strong> je d\u00f4veryhodn\u00e1 pre eur\u00f3pskych kupuj\u00facich v\u010faka svojej kvalite, pohodliu a \u00fastretov\u00fdm slu\u017eb\u00e1m B2B. Tento model GMFG-32 je pr\u00edkladom tohto z\u00e1v\u00e4zku.<\/p>\n<hr class=\"\" data-start=\"2167\" data-end=\"2170\" \/>\n<p class=\"\" data-start=\"2172\" data-end=\"2195\"><strong data-start=\"2172\" data-end=\"2195\">Najd\u00f4le\u017eitej\u0161ie vlastnosti produktu:<\/strong><\/p>\n<ul data-start=\"2197\" data-end=\"2611\">\n<li class=\"\" data-start=\"2197\" data-end=\"2233\">\n<p class=\"\" data-start=\"2199\" data-end=\"2233\">Pre\u0161\u00edvan\u00fd vonkaj\u0161\u00ed pl\u00e1\u0161\u0165 s matnou povrchovou \u00fapravou<\/p>\n<\/li>\n<li class=\"\" data-start=\"2234\" data-end=\"2272\">\n<p class=\"\" data-start=\"2236\" data-end=\"2272\">Vn\u00fatorn\u00e1 fleecov\u00e1 izol\u00e1cia pre teplo<\/p>\n<\/li>\n<li class=\"\" data-start=\"2273\" data-end=\"2314\">\n<p class=\"\" data-start=\"2275\" data-end=\"2314\">Materi\u00e1ly odoln\u00e9 vo\u010di vode a vetru<\/p>\n<\/li>\n<li class=\"\" data-start=\"2315\" data-end=\"2348\">\n<p class=\"\" data-start=\"2317\" data-end=\"2348\">Proti\u0161mykov\u00e9 silik\u00f3nov\u00e9 z\u00f3ny na dlani<\/p>\n<\/li>\n<li class=\"\" data-start=\"2349\" data-end=\"2379\">\n<p class=\"\" data-start=\"2351\" data-end=\"2379\">Zosilnen\u00e9 oblasti s vysok\u00fdm opotreben\u00edm<\/p>\n<\/li>\n<li class=\"\" data-start=\"2380\" data-end=\"2420\">\n<p class=\"\" data-start=\"2382\" data-end=\"2420\">Nastavite\u013en\u00e9 zap\u00ednanie na \u0161n\u00farku na z\u00e1p\u00e4st\u00ed<\/p>\n<\/li>\n<li class=\"\" data-start=\"2421\" data-end=\"2461\">\n<p class=\"\" data-start=\"2423\" data-end=\"2461\">Dlh\u00e1 man\u017eeta pre v\u00e4\u010d\u0161ie pokrytie predlaktia<\/p>\n<\/li>\n<li class=\"\" data-start=\"2462\" data-end=\"2502\">\n<p class=\"\" data-start=\"2464\" data-end=\"2502\">Elastick\u00fd popruh na z\u00e1p\u00e4stie s prep\u00ednac\u00edm z\u00e1mkom<\/p>\n<\/li>\n<li class=\"\" data-start=\"2503\" data-end=\"2544\">\n<p class=\"\" data-start=\"2505\" data-end=\"2544\">Predbe\u017en\u00e9 zakrivenie prstov pre lep\u0161\u00ed \u00fachop<\/p>\n<\/li>\n<li class=\"\" data-start=\"2545\" data-end=\"2581\">\n<p class=\"\" data-start=\"2547\" data-end=\"2581\">Z\u00e1mok klipu na zavesenie alebo sp\u00e1rovanie<\/p>\n<\/li>\n<li class=\"\" data-start=\"2582\" data-end=\"2611\">\n<p class=\"\" data-start=\"2584\" data-end=\"2611\">Mo\u017eno pra\u0165 v pr\u00e1\u010dke a opakovane pou\u017e\u00edva\u0165<\/p>\n<\/li>\n<\/ul>\n<hr class=\"\" data-start=\"2613\" data-end=\"2616\" \/>\n<p class=\"\" data-start=\"2618\" data-end=\"2635\"><strong data-start=\"2618\" data-end=\"2635\">Aplik\u00e1cie:<\/strong><\/p>\n<ul data-start=\"2637\" data-end=\"2918\">\n<li class=\"\" data-start=\"2637\" data-end=\"2671\">\n<p class=\"\" data-start=\"2639\" data-end=\"2671\">Alpsk\u00e9 ly\u017eovanie a snowboarding<\/p>\n<\/li>\n<li class=\"\" data-start=\"2672\" data-end=\"2712\">\n<p class=\"\" data-start=\"2674\" data-end=\"2712\">Jazda na sne\u017enom sk\u00fatri a preteky v pr\u00edrode<\/p>\n<\/li>\n<li class=\"\" data-start=\"2713\" data-end=\"2753\">\n<p class=\"\" data-start=\"2715\" data-end=\"2753\">Zimn\u00e1 turistika, kempovanie a pe\u0161ia turistika<\/p>\n<\/li>\n<li class=\"\" data-start=\"2754\" data-end=\"2789\">\n<p class=\"\" data-start=\"2756\" data-end=\"2789\">Doch\u00e1dzanie do pr\u00e1ce a pr\u00e1ca v chladnom podneb\u00ed<\/p>\n<\/li>\n<li class=\"\" data-start=\"2790\" data-end=\"2827\">\n<p class=\"\" data-start=\"2792\" data-end=\"2827\">Mraziarensk\u00fd a chladiarensk\u00fd priemysel<\/p>\n<\/li>\n<li class=\"\" data-start=\"2828\" data-end=\"2873\">\n<p class=\"\" data-start=\"2830\" data-end=\"2873\">Rybolov na \u013eade alebo s\u00fa\u0165a\u017ee v zimn\u00fdch \u0161portoch<\/p>\n<\/li>\n<li class=\"\" data-start=\"2874\" data-end=\"2918\">\n<p class=\"\" data-start=\"2876\" data-end=\"2918\">Z\u00e1chrann\u00e9 alebo snehov\u00e9 hliadky<\/p>\n<\/li>\n<\/ul>\n<hr class=\"\" data-start=\"2920\" data-end=\"2923\" \/>\n<p class=\"\" data-start=\"2925\" data-end=\"2944\"><strong data-start=\"2925\" data-end=\"2944\">\u0160pecifik\u00e1cie:<\/strong><\/p>\n<ul data-start=\"2946\" data-end=\"3349\">\n<li class=\"\" data-start=\"2946\" data-end=\"2991\">\n<p class=\"\" data-start=\"2948\" data-end=\"2991\">Materi\u00e1l: Polyesterov\u00fd pl\u00e1\u0161\u0165 + PU \u00fachopov\u00e9 z\u00f3ny<\/p>\n<\/li>\n<li class=\"\" data-start=\"2992\" data-end=\"3026\">\n<p class=\"\" data-start=\"2994\" data-end=\"3026\">Oblo\u017eenie: Termo kart\u00e1\u010dovan\u00fd fleece<\/p>\n<\/li>\n<li class=\"\" data-start=\"3027\" data-end=\"3054\">\n<p class=\"\" data-start=\"3029\" data-end=\"3054\">Ve\u013ekosti: S, M, L, XL, XXL<\/p>\n<\/li>\n<li class=\"\" data-start=\"3055\" data-end=\"3100\">\n<p class=\"\" data-start=\"3057\" data-end=\"3100\">Uzavretie: \u0160n\u00farka na z\u00e1p\u00e4st\u00ed + elastick\u00fd p\u00e1sik<\/p>\n<\/li>\n<li class=\"\" data-start=\"3101\" data-end=\"3157\">\n<p class=\"\" data-start=\"3103\" data-end=\"3157\">Balenie: Polybag, visa\u010dka alebo mo\u017enosti pripraven\u00e9 na maloobchodn\u00fd predaj<\/p>\n<\/li>\n<li class=\"\" data-start=\"3158\" data-end=\"3216\">\n<p class=\"\" data-start=\"3160\" data-end=\"3216\">Farby: \u010cierna ako \u0161tandard; vlastn\u00e9 farebn\u00e9 prevedenie na po\u017eiadanie<\/p>\n<\/li>\n<li class=\"\" data-start=\"3217\" data-end=\"3255\">\n<p class=\"\" data-start=\"3219\" data-end=\"3255\">Certifik\u00e1cia: CE EN388, ISO 21420<\/p>\n<\/li>\n<li class=\"\" data-start=\"3256\" data-end=\"3289\">\n<p class=\"\" data-start=\"3258\" data-end=\"3289\">MOQ pre objedn\u00e1vky OEM: 500 p\u00e1rov<\/p>\n<\/li>\n<li class=\"\" data-start=\"3290\" data-end=\"3349\">\n<p class=\"\" data-start=\"3292\" data-end=\"3349\">Prisp\u00f4sobenie: Zna\u010dka, balenie a ve\u013ekos\u0165 na po\u017eiadanie<\/p>\n<\/li>\n<\/ul>","protected":false},"excerpt":{"rendered":"<p>Ly\u017eiarske a sne\u017en\u00e9 rukavice RYINZ GMFG-32 poskytuj\u00fa teplo a vodotesn\u00fa ochranu na extr\u00e9mne zimn\u00e9 dobrodru\u017estv\u00e1. Tieto rukavice s\u00fa navrhnut\u00e9 s \u010diernym pre\u0161\u00edvan\u00fdm pl\u00e1\u0161\u0165om, tepelnou izol\u00e1ciou a silik\u00f3nov\u00fdmi \u00fachopmi na dlaniach a s\u00fa ide\u00e1lne na alpsk\u00e9 \u0161porty, snowboarding a pr\u00e1cu v chladnom po\u010das\u00ed v pr\u00edrode. Dlh\u00e9 man\u017eety so s\u0165ahovac\u00edmi \u0161n\u00farkami zabra\u0148uj\u00fa vniknutiu snehu, zatia\u013e \u010do elastick\u00e9 p\u00e1siky na z\u00e1p\u00e4st\u00ed poskytuj\u00fa bezpe\u010dn\u00e9 a nastavite\u013en\u00e9 uchytenie. Ide\u00e1lne pre B2B kupuj\u00facich, ktor\u00ed h\u013eadaj\u00fa rukavice s vysokou vidite\u013enos\u0165ou pripraven\u00e9 pre E\u00da, ktor\u00e9 spo\u013eahlivo funguj\u00fa v mrazivom prostred\u00ed. V\u010faka mo\u017enostiam vlastn\u00e9ho ozna\u010denia a certifikovan\u00fdm materi\u00e1lom s\u00fa rukavice RYINZ vynikaj\u00facim doplnkom ka\u017ed\u00e9ho portf\u00f3lia zimn\u00e9ho vybavenia alebo profesion\u00e1lnej snehovej s\u00fapravy.<\/p>","protected":false},"featured_media":8953,"comment_status":"closed","ping_status":"closed","template":"","meta":[],"product_brand":[35],"product_cat":[57],"product_tag":[77,78],"class_list":{"0":"post-8913","1":"product","2":"type-product","3":"status-publish","4":"has-post-thumbnail","6":"product_brand-ryinz","7":"product_cat-ski-snowboarding-gloves","8":"product_tag-amara-fabric-gloves","9":"product_tag-insulated-snow-gloves","11":"first","12":"instock","13":"taxable","14":"shipping-taxable","15":"purchasable","16":"product-type-simple"},"_links":{"self":[{"href":"https:\/\/ryinz.cz\/velkoobchod\/sk\/wp-json\/wp\/v2\/product\/8913","targetHints":{"allow":["GET"]}}],"collection":[{"href":"https:\/\/ryinz.cz\/velkoobchod\/sk\/wp-json\/wp\/v2\/product"}],"about":[{"href":"https:\/\/ryinz.cz\/velkoobchod\/sk\/wp-json\/wp\/v2\/types\/product"}],"replies":[{"embeddable":true,"href":"https:\/\/ryinz.cz\/velkoobchod\/sk\/wp-json\/wp\/v2\/comments?post=8913"}],"wp:featuredmedia":[{"embeddable":true,"href":"https:\/\/ryinz.cz\/velkoobchod\/sk\/wp-json\/wp\/v2\/media\/8953"}],"wp:attachment":[{"href":"https:\/\/ryinz.cz\/velkoobchod\/sk\/wp-json\/wp\/v2\/media?parent=8913"}],"wp:term":[{"taxonomy":"product_brand","embeddable":true,"href":"https:\/\/ryinz.cz\/velkoobchod\/sk\/wp-json\/wp\/v2\/product_brand?post=8913"},{"taxonomy":"product_cat","embeddable":true,"href":"https:\/\/ryinz.cz\/velkoobchod\/sk\/wp-json\/wp\/v2\/product_cat?post=8913"},{"taxonomy":"product_tag","embeddable":true,"href":"https:\/\/ryinz.cz\/velkoobchod\/sk\/wp-json\/wp\/v2\/product_tag?post=8913"}],"curies":[{"name":"wp","href":"https:\/\/api.w.org\/{rel}","templated":true}]}}