{"id":8912,"date":"2025-06-22T15:21:05","date_gmt":"2025-06-22T15:21:05","guid":{"rendered":"https:\/\/ryinz.cz\/velkoobchod\/?post_type=product&#038;p=8912"},"modified":"2026-01-18T20:16:48","modified_gmt":"2026-01-18T20:16:48","slug":"ryinz-premiove-nepremokave-zimne-sportove-rukavice-termalne-lyziarske-snehove-rukavice-s-vreckom-na-zips-a-nastavitelnym-popruhom","status":"publish","type":"product","link":"https:\/\/ryinz.cz\/velkoobchod\/sk\/product\/ryinz-premium-waterproof-winter-sports-gloves-thermal-ski-snow-gloves-with-zipper-pocket-and-adjustable-strap\/","title":{"rendered":"RYINZ Pr\u00e9miov\u00e9 nepremokav\u00e9 zimn\u00e9 \u0161portov\u00e9 rukavice - zateplen\u00e9 ly\u017eiarske a snehov\u00e9 rukavice s vreckom na zips a nastavite\u013en\u00fdm popruhom"},"content":{"rendered":"<p class=\"\" data-start=\"362\" data-end=\"734\">Za\u017eite bezkonkuren\u010dn\u00fd komfort a v\u00fdkon s <strong data-start=\"416\" data-end=\"465\">RYINZ Premium nepremokav\u00e9 zimn\u00e9 \u0161portov\u00e9 rukavice<\/strong>, ur\u010den\u00e9 pre outdoorov\u00fdch nad\u0161encov, ly\u017eiarov, snowboardistov a v\u0161etk\u00fdch, ktor\u00ed pracuj\u00fa alebo sa hraj\u00fa v extr\u00e9mnych mrazoch. Tieto rukavice s\u00fa vytvoren\u00e9 pre odolnos\u0165, ochranu a celodenn\u00e9 teplo, pri\u010dom pon\u00fakaj\u00fa elegantn\u00fd, taktick\u00fd vzh\u013ead, ktor\u00fd vyva\u017euje \u0161t\u00fdl so seri\u00f3znou funk\u010dnos\u0165ou.<\/p>\n<p class=\"\" data-start=\"736\" data-end=\"1161\">Kon\u0161truovan\u00e9 s <strong data-start=\"753\" data-end=\"798\">prav\u00e1 kozia ko\u017ea a zosilnen\u00fd nylon<\/strong>, tieto rukavice poskytuj\u00fa vynikaj\u00facu odolnos\u0165 proti oderu a ochranu bez toho, aby bola obetovan\u00e1 ich pru\u017enos\u0165. Vonkaj\u0161\u00ed pl\u00e1\u0161\u0165 poskytuje \u00fapln\u00fa odolnos\u0165 vo\u010di vetru a vode, \u010d\u00edm chr\u00e1ni va\u0161e ruky pred snehom, \u013eadom a snehovou n\u00e1dielkou. Rukavice RYINZ s\u00fa vyroben\u00e9 tak, aby udr\u017eali krok s va\u0161\u00edm tempom a vydr\u017eali aj tie najn\u00e1ro\u010dnej\u0161ie podmienky, \u010di u\u017e sa r\u00fatite dolu zjazdovkou, alebo trekujete v snehovej b\u00farke.<\/p>\n<p class=\"\" data-start=\"1163\" data-end=\"1469\">Vn\u00fatorn\u00e1 v\u00fdbava rukav\u00edc <strong data-start=\"1193\" data-end=\"1219\">viacvrstvov\u00e1 izol\u00e1cia<\/strong>, vr\u00e1tane syntetickej vrstvy s vysokou hrejivos\u0165ou a m\u00e4kkej kefovanej pod\u0161\u00edvky, ktor\u00e1 je pr\u00edjemn\u00e1 na dotyk. Tieto materi\u00e1ly pracuj\u00fa v harm\u00f3nii, aby zachyt\u00e1vali teplo vo vn\u00fatri rukav\u00edc a z\u00e1rove\u0148 odv\u00e1dzali vlhkos\u0165, \u010d\u00edm udr\u017eiavaj\u00fa ruky v suchu aj po\u010das intenz\u00edvnej aktivity.<\/p>\n<p class=\"\" data-start=\"1471\" data-end=\"1762\">Jednou z najv\u00fdraznej\u0161\u00edch funkci\u00ed je <strong data-start=\"1507\" data-end=\"1546\">praktick\u00e9 vodotesn\u00e9 vrecko na zips<\/strong> nach\u00e1dzaj\u00face sa na chrbte ruky. Toto vrecko je ide\u00e1lne na drobnosti, ako s\u00fa k\u013e\u00fa\u010de, peniaze alebo ohrieva\u010de r\u00fak - ide\u00e1lne na dlh\u00e9 ly\u017eova\u010dky alebo zimn\u00e9 dobrodru\u017estv\u00e1, ke\u010f potrebujete \u013eahk\u00fd pr\u00edstup bez nutnosti vyzliec\u0165 si rukavice.<\/p>\n<p class=\"\" data-start=\"1764\" data-end=\"2208\">Str\u00e1nka <strong data-start=\"1768\" data-end=\"1794\">nastavite\u013en\u00fd remienok na z\u00e1p\u00e4stie<\/strong> a <strong data-start=\"1799\" data-end=\"1819\">elastick\u00e1 \u0161n\u00farka<\/strong> na man\u017eete poskytuj\u00fa plne prisp\u00f4sobite\u013en\u00e9 prisp\u00f4sobenie, ktor\u00e9 utes\u0148uje studen\u00fd vzduch a sneh. V\u010faka tomuto dizajnu s dlhou man\u017eetou s\u00fa kompatibiln\u00e9 aj so zimn\u00fdmi bundami a v\u00fdbavou, \u010do zabra\u0148uje vniknutiu snehu po\u010das r\u00fdchlych zjazdov alebo j\u00e1zd v hlbokom pra\u0161ane. Zosilnen\u00e9 dla\u0148ov\u00e9 z\u00f3ny s pridan\u00fdmi gripovac\u00edmi n\u00e1\u0161ivkami zabezpe\u010duj\u00fa spo\u013eahliv\u00fa manipul\u00e1ciu s palicami, n\u00e1rad\u00edm a v\u00fdstrojom, \u010d\u00edm v\u00e1m poskytuj\u00fa kontrolu bez toho, aby ste obetovali ochranu.<\/p>\n<p class=\"\" data-start=\"2210\" data-end=\"2547\">Ur\u010den\u00e9 pre <strong data-start=\"2228\" data-end=\"2245\">mu\u017ei a \u017eeny<\/strong>, tieto rukavice kombinuj\u00fa odoln\u00e9 materi\u00e1ly, modern\u00e9 prvky a ergonomick\u00e9 tvarovanie, aby pon\u00fakli dokonal\u00fa rovnov\u00e1hu medzi pohodl\u00edm a odolnos\u0165ou. \u010ci u\u017e ly\u017eujete, jazd\u00edte na snowboarde, sne\u017enom sk\u00fatri alebo odhadzujete sneh, rukavice <strong data-start=\"2464\" data-end=\"2495\">Zimn\u00e9 rukavice RYINZ Premium<\/strong> poskytuj\u00fa spo\u013eahliv\u00fd v\u00fdkon, ke\u010f ho najviac potrebujete.<\/p>\n<hr class=\"\" data-start=\"2549\" data-end=\"2552\" \/>\n<h3 class=\"\" data-start=\"2554\" data-end=\"2581\"><strong data-start=\"2558\" data-end=\"2581\">Najd\u00f4le\u017eitej\u0161ie vlastnosti produktu:<\/strong><\/h3>\n<ul data-start=\"2583\" data-end=\"3140\">\n<li class=\"\" data-start=\"2583\" data-end=\"2641\">\n<p class=\"\" data-start=\"2585\" data-end=\"2641\">Pr\u00e9miov\u00e1 kozia ko\u017ea a zosilnen\u00e1 nylonov\u00e1 kon\u0161trukcia<\/p>\n<\/li>\n<li class=\"\" data-start=\"2642\" data-end=\"2687\">\n<p class=\"\" data-start=\"2644\" data-end=\"2687\">Vodotesn\u00fd a vetru odoln\u00fd vonkaj\u0161\u00ed pl\u00e1\u0161\u0165<\/p>\n<\/li>\n<li class=\"\" data-start=\"2688\" data-end=\"2758\">\n<p class=\"\" data-start=\"2690\" data-end=\"2758\">Zateplenie so syntetickou v\u00fdpl\u0148ou udr\u017eiavaj\u00facou teplo a kart\u00e1\u010dovanou pod\u0161\u00edvkou<\/p>\n<\/li>\n<li class=\"\" data-start=\"2759\" data-end=\"2808\">\n<p class=\"\" data-start=\"2761\" data-end=\"2808\">Integrovan\u00e9 vrecko na zips na drobnosti<\/p>\n<\/li>\n<li class=\"\" data-start=\"2809\" data-end=\"2862\">\n<p class=\"\" data-start=\"2811\" data-end=\"2862\">Nastavite\u013en\u00fd remienok na z\u00e1p\u00e4stie pre pohodln\u00e9 a prisp\u00f4soben\u00e9 nosenie<\/p>\n<\/li>\n<li class=\"\" data-start=\"2863\" data-end=\"2917\">\n<p class=\"\" data-start=\"2865\" data-end=\"2917\">S\u0165ahovacia \u0161n\u00farka na man\u017eete na utesnenie snehu a studen\u00e9ho vzduchu<\/p>\n<\/li>\n<li class=\"\" data-start=\"2918\" data-end=\"2971\">\n<p class=\"\" data-start=\"2920\" data-end=\"2971\">Predbe\u017ene zakriven\u00e9 ergonomick\u00e9 prsty pre prirodzen\u00fd pohyb<\/p>\n<\/li>\n<li class=\"\" data-start=\"2972\" data-end=\"3025\">\n<p class=\"\" data-start=\"2974\" data-end=\"3025\">Zosilnen\u00e9 dlane pre odolnos\u0165 a lep\u0161\u00ed \u00fachop<\/p>\n<\/li>\n<li class=\"\" data-start=\"3026\" data-end=\"3081\">\n<p class=\"\" data-start=\"3028\" data-end=\"3081\">Elegantn\u00fd tmavohned\u00fd a \u010dierny dizajn pre unisex vzh\u013ead<\/p>\n<\/li>\n<li class=\"\" data-start=\"3082\" data-end=\"3140\">\n<p class=\"\" data-start=\"3084\" data-end=\"3140\">Ide\u00e1lne na \u0161port, z\u00e1chran\u00e1rske pr\u00e1ce alebo pr\u00e1cu v zime vonku<\/p>\n<\/li>\n<\/ul>\n<hr class=\"\" data-start=\"3142\" data-end=\"3145\" \/>\n<h3 class=\"\" data-start=\"3147\" data-end=\"3168\"><strong data-start=\"3151\" data-end=\"3168\">Aplik\u00e1cie:<\/strong><\/h3>\n<ul data-start=\"3170\" data-end=\"3418\">\n<li class=\"\" data-start=\"3170\" data-end=\"3197\">\n<p class=\"\" data-start=\"3172\" data-end=\"3197\">Ly\u017eovanie a snowboarding<\/p>\n<\/li>\n<li class=\"\" data-start=\"3198\" data-end=\"3241\">\n<p class=\"\" data-start=\"3200\" data-end=\"3241\">Sne\u017enice, turistika a horolezectvo<\/p>\n<\/li>\n<li class=\"\" data-start=\"3242\" data-end=\"3276\">\n<p class=\"\" data-start=\"3244\" data-end=\"3276\">Zimn\u00e9 pr\u00e1ce a hliadkovanie vonku<\/p>\n<\/li>\n<li class=\"\" data-start=\"3277\" data-end=\"3308\">\n<p class=\"\" data-start=\"3279\" data-end=\"3308\">Jazda na sne\u017en\u00fdch sk\u00fatroch a \u0161tvorkolk\u00e1ch<\/p>\n<\/li>\n<li class=\"\" data-start=\"3309\" data-end=\"3346\">\n<p class=\"\" data-start=\"3311\" data-end=\"3346\">Chladiarensk\u00e9 skladovanie a vysokohorsk\u00e1 logistika<\/p>\n<\/li>\n<li class=\"\" data-start=\"3347\" data-end=\"3383\">\n<p class=\"\" data-start=\"3349\" data-end=\"3383\">Vojensk\u00e9 a taktick\u00e9 pou\u017eitie v zime<\/p>\n<\/li>\n<li class=\"\" data-start=\"3384\" data-end=\"3418\">\n<p class=\"\" data-start=\"3386\" data-end=\"3418\">Maloobchod s outdoorov\u00fdm \u0161portov\u00fdm vybaven\u00edm<\/p>\n<\/li>\n<\/ul>\n<hr class=\"\" data-start=\"3420\" data-end=\"3423\" \/>\n<h3 class=\"\" data-start=\"3425\" data-end=\"3448\"><strong data-start=\"3429\" data-end=\"3448\">\u0160pecifik\u00e1cie:<\/strong><\/h3>\n<ul data-start=\"3450\" data-end=\"3822\">\n<li class=\"\" data-start=\"3450\" data-end=\"3490\">\n<p class=\"\" data-start=\"3452\" data-end=\"3490\">Materi\u00e1l: Materi\u00e1l: kozia ko\u017ea, nylonov\u00e1 tkanina<\/p>\n<\/li>\n<li class=\"\" data-start=\"3491\" data-end=\"3532\">\n<p class=\"\" data-start=\"3493\" data-end=\"3532\">Izol\u00e1cia: Syntetick\u00e1 + fl\u00edsov\u00e1 pod\u0161\u00edvka<\/p>\n<\/li>\n<li class=\"\" data-start=\"3533\" data-end=\"3560\">\n<p class=\"\" data-start=\"3535\" data-end=\"3560\">Ve\u013ekosti: S, M, L, XL, XXL<\/p>\n<\/li>\n<li class=\"\" data-start=\"3561\" data-end=\"3593\">\n<p class=\"\" data-start=\"3563\" data-end=\"3593\">Vhodn\u00fd: Unisex ergonomick\u00fd dizajn<\/p>\n<\/li>\n<li class=\"\" data-start=\"3594\" data-end=\"3649\">\n<p class=\"\" data-start=\"3596\" data-end=\"3649\">Vlastnosti: Vrecko na zips, popruh na z\u00e1p\u00e4stie, man\u017eeta so \u0161n\u00farkou<\/p>\n<\/li>\n<li class=\"\" data-start=\"3650\" data-end=\"3711\">\n<p class=\"\" data-start=\"3652\" data-end=\"3711\">Prisp\u00f4sobenie: V\u00fdber farby, potla\u010d loga<\/p>\n<\/li>\n<li class=\"\" data-start=\"3712\" data-end=\"3730\">\n<p class=\"\" data-start=\"3714\" data-end=\"3730\">MOQ: 300 p\u00e1rov<\/p>\n<\/li>\n<li class=\"\" data-start=\"3731\" data-end=\"3779\">\n<p class=\"\" data-start=\"3733\" data-end=\"3779\">Certifik\u00e1ty: CE, EN388\/EN511 (na po\u017eiadanie)<\/p>\n<\/li>\n<li class=\"\" data-start=\"3780\" data-end=\"3822\">\n<p class=\"\" data-start=\"3782\" data-end=\"3822\">Balenie: Ve\u013ekoobjemov\u00e9 alebo vlastn\u00e9 maloobchodn\u00e9 krabice<\/p>\n<\/li>\n<\/ul>","protected":false},"excerpt":{"rendered":"<p class=\"\" data-start=\"3881\" data-end=\"4496\">Bu\u010fte chr\u00e1nen\u00ed, v teple a pripraven\u00ed na zimn\u00e9 dobrodru\u017estv\u00e1 s <strong data-start=\"3944\" data-end=\"3983\">Vodotesn\u00e9 ly\u017eiarske rukavice RYINZ Premium<\/strong>. Tieto vysoko v\u00fdkonn\u00e9 rukavice s\u00fa vyroben\u00e9 z kozej ko\u017ee a robustn\u00e9ho nylonu, aby bola zaru\u010den\u00e1 ich odolnos\u0165 a \u0161t\u00fdl. V\u010faka dizajnu s dlhou man\u017eetou, nepremokav\u00e9mu vonkaj\u0161iemu pl\u00e1\u0161\u0165u a vn\u00fatraj\u0161ku s fl\u00edsovou pod\u0161\u00edvkou s\u00fa ide\u00e1lne na ly\u017eiarske v\u00fdlety, snowboarding, horolezectvo a zimn\u00fa pr\u00e1cu. Integrovan\u00e9 vrecko na zips uchov\u00e1va drobn\u00e9 predmety v bezpe\u010d\u00ed, zatia\u013e \u010do nastavite\u013en\u00fd p\u00e1sik na z\u00e1p\u00e4stie a \u0161n\u00farka na man\u017eetu poskytuj\u00fa dokonal\u00e9 prisp\u00f4sobenie. Boli navrhnut\u00e9 s oh\u013eadom na pohodlie a v\u00fdkon a pon\u00fakaj\u00fa vynikaj\u00facu pri\u013enavos\u0165, izol\u00e1ciu a flexibilitu pre ka\u017ed\u00fa snehov\u00fa v\u00fdzvu.<\/p>","protected":false},"featured_media":8946,"comment_status":"closed","ping_status":"closed","template":"","meta":[],"product_brand":[35],"product_cat":[57],"product_tag":[75,76],"class_list":{"0":"post-8912","1":"product","2":"type-product","3":"status-publish","4":"has-post-thumbnail","6":"product_brand-ryinz","7":"product_cat-ski-snowboarding-gloves","8":"product_tag-custom-logo-winter-gloves","9":"product_tag-customizable-ski-gloves","11":"first","12":"instock","13":"taxable","14":"shipping-taxable","15":"purchasable","16":"product-type-simple"},"_links":{"self":[{"href":"https:\/\/ryinz.cz\/velkoobchod\/sk\/wp-json\/wp\/v2\/product\/8912","targetHints":{"allow":["GET"]}}],"collection":[{"href":"https:\/\/ryinz.cz\/velkoobchod\/sk\/wp-json\/wp\/v2\/product"}],"about":[{"href":"https:\/\/ryinz.cz\/velkoobchod\/sk\/wp-json\/wp\/v2\/types\/product"}],"replies":[{"embeddable":true,"href":"https:\/\/ryinz.cz\/velkoobchod\/sk\/wp-json\/wp\/v2\/comments?post=8912"}],"wp:featuredmedia":[{"embeddable":true,"href":"https:\/\/ryinz.cz\/velkoobchod\/sk\/wp-json\/wp\/v2\/media\/8946"}],"wp:attachment":[{"href":"https:\/\/ryinz.cz\/velkoobchod\/sk\/wp-json\/wp\/v2\/media?parent=8912"}],"wp:term":[{"taxonomy":"product_brand","embeddable":true,"href":"https:\/\/ryinz.cz\/velkoobchod\/sk\/wp-json\/wp\/v2\/product_brand?post=8912"},{"taxonomy":"product_cat","embeddable":true,"href":"https:\/\/ryinz.cz\/velkoobchod\/sk\/wp-json\/wp\/v2\/product_cat?post=8912"},{"taxonomy":"product_tag","embeddable":true,"href":"https:\/\/ryinz.cz\/velkoobchod\/sk\/wp-json\/wp\/v2\/product_tag?post=8912"}],"curies":[{"name":"wp","href":"https:\/\/api.w.org\/{rel}","templated":true}]}}