{"id":8911,"date":"2025-06-22T15:21:05","date_gmt":"2025-06-22T15:21:05","guid":{"rendered":"https:\/\/ryinz.cz\/velkoobchod\/?post_type=product&#038;p=8911"},"modified":"2026-01-18T20:16:47","modified_gmt":"2026-01-18T20:16:47","slug":"ryinz-nepremokave-termalne-palciaky-tazke-zateplene-snehove-rukavice-na-lyze-snowboard-extremne-chladne-pocasie","status":"publish","type":"product","link":"https:\/\/ryinz.cz\/velkoobchod\/sk\/product\/ryinz-waterproof-thermal-mittens-heavy-duty-insulated-snow-mitts-for-ski-snowboard-extreme-cold-weather\/","title":{"rendered":"RYINZ Waterproof Thermal Mittens - odoln\u00e9 zateplen\u00e9 rukavice na ly\u017ee, snowboard a do extr\u00e9mne chladn\u00e9ho po\u010dasia"},"content":{"rendered":"<p class=\"\" data-start=\"360\" data-end=\"732\">Predstavujeme <strong data-start=\"376\" data-end=\"412\">RYINZ Nepremokav\u00e9 termo rukavice<\/strong> - navrhnut\u00e9 tak, aby poskytovali v\u00fdnimo\u010dn\u00e9 teplo, pohodlie a ochranu v extr\u00e9mne chladnom prostred\u00ed. Tieto pal\u010diaky s\u00fa vytvoren\u00e9 pre v\u00e1\u017ene zimn\u00e9 podmienky a kombinuj\u00fa pokro\u010dil\u00e9 materi\u00e1ly a inteligentn\u00fd dizajn, aby va\u0161e ruky zostali such\u00e9 a tepl\u00e9, \u010di u\u017e ly\u017eujete, jazd\u00edte na snowboarde, chod\u00edte na t\u00fary alebo vykon\u00e1vate n\u00e1ro\u010dn\u00fa pr\u00e1cu v pr\u00edrode.<\/p>\n<p class=\"\" data-start=\"734\" data-end=\"1169\">Rukavice s\u00fa prirodzene teplej\u0161ie ako rukavice, preto\u017ee dok\u00e1\u017eu \u00fa\u010dinnej\u0161ie zadr\u017eiava\u0165 teplo t\u00fdm, \u017ee dr\u017eia prsty pri sebe. Str\u00e1nka <strong data-start=\"859\" data-end=\"899\">Dizajn RYINZ t\u00fato v\u00fdhodu e\u0161te zvy\u0161uje<\/strong> s viacvrstvov\u00fdm izola\u010dn\u00fdm syst\u00e9mom, ktor\u00fd zah\u0155\u0148a nepremokav\u00fd vonkaj\u0161\u00ed pl\u00e1\u0161\u0165, term\u00e1lnu fl\u00edsov\u00fa pod\u0161\u00edvku a tepeln\u00fa bari\u00e9rov\u00fa vrstvu pre trval\u00e9 teplo pri teplot\u00e1ch pod bodom mrazu. Perfektne sa hod\u00ed na pou\u017eitie na svahoch, v sne\u017en\u00fdch poliach alebo po\u010das cestovania a doch\u00e1dzania do pr\u00e1ce pod bodom mrazu.<\/p>\n<p class=\"\" data-start=\"1171\" data-end=\"1576\">Vyroben\u00e9 z <strong data-start=\"1184\" data-end=\"1238\">robustn\u00e9 nylonov\u00e9 a syntetick\u00e9 materi\u00e1ly odoln\u00e9 vo\u010di poveternostn\u00fdm vplyvom<\/strong>, tieto rukavice s\u00fa vyroben\u00e9 tak, aby vydr\u017eali n\u00e1ro\u010dn\u00e9 podmienky. Vonkaj\u0161\u00ed pl\u00e1\u0161\u0165 je odoln\u00fd vo\u010di vode, snehu a vetru, zatia\u013e \u010do vn\u00fatorn\u00e1 pod\u0161\u00edvka zaru\u010duje jemn\u00fd, poko\u017eke pr\u00edjemn\u00fd pocit, ktor\u00fd udr\u017euje va\u0161e ruky v suchu t\u00fdm, \u017ee odv\u00e1dza vn\u00fatorn\u00fa vlhkos\u0165. A <strong data-start=\"1458\" data-end=\"1483\">zosilnen\u00fd panel na dlani<\/strong> poskytuje odolnos\u0165 a oporu pri uchopen\u00ed, \u010do u\u013eah\u010duje dr\u017eanie ly\u017eiarskych pal\u00edc, lopat alebo n\u00e1radia.<\/p>\n<p class=\"\" data-start=\"1578\" data-end=\"1998\">Pre pohodlie a funk\u010dnos\u0165 s\u00fa rukavice RYINZ vybaven\u00e9 <strong data-start=\"1636\" data-end=\"1680\">nastavite\u013en\u00fd remienok so sponou cez z\u00e1p\u00e4stie<\/strong> aby ste rukavicu pevne utiahli a zabr\u00e1nili vniknutiu snehu. Pred\u013a\u017een\u00e1 man\u017eeta s <strong data-start=\"1775\" data-end=\"1805\">nastavite\u013en\u00e1 \u0161n\u00farka na stiahnutie<\/strong> poskytuje dodato\u010dn\u00fa ochranu a kompatibilitu s bundami alebo snehov\u00fdmi kombin\u00e9zami. \u010ci u\u017e jazd\u00edte v pra\u0161ane alebo pracujete vonku na snehu, tieto pal\u010diaky s\u00fa vyroben\u00e9 tak, aby udr\u017eali chlad vonku a teplo vn\u00fatri.<\/p>\n<p class=\"\" data-start=\"2000\" data-end=\"2203\">Okrem technick\u00fdch v\u00fdhod rukavice pon\u00fakaj\u00fa <strong data-start=\"2057\" data-end=\"2098\">minimalistick\u00e1 estetika \u010diernej na \u010diernej<\/strong> s charakteristickou zna\u010dkou RYINZ - ide\u00e1lna pre mu\u017eov aj \u017eeny, ktor\u00ed uprednost\u0148uj\u00fa elegantn\u00fa taktick\u00fa zimn\u00fa v\u00fdbavu.<\/p>\n<hr class=\"\" data-start=\"2205\" data-end=\"2208\" \/>\n<h3 class=\"\" data-start=\"2210\" data-end=\"2237\"><strong data-start=\"2214\" data-end=\"2237\">Najd\u00f4le\u017eitej\u0161ie vlastnosti produktu:<\/strong><\/h3>\n<ul data-start=\"2239\" data-end=\"2775\">\n<li class=\"\" data-start=\"2239\" data-end=\"2298\">\n<p class=\"\" data-start=\"2241\" data-end=\"2298\">Term\u00e1lne zimn\u00e9 pal\u010diaky na snehov\u00e9 \u0161porty a extr\u00e9mne mrazy<\/p>\n<\/li>\n<li class=\"\" data-start=\"2299\" data-end=\"2356\">\n<p class=\"\" data-start=\"2301\" data-end=\"2356\">Vonkaj\u0161\u00ed pl\u00e1\u0161\u0165 odoln\u00fd vo\u010di vetru, vode a snehu<\/p>\n<\/li>\n<li class=\"\" data-start=\"2357\" data-end=\"2428\">\n<p class=\"\" data-start=\"2359\" data-end=\"2428\">Viacvrstvov\u00e1 tepeln\u00e1 izol\u00e1cia s fl\u00edsov\u00fdm vn\u00fatrom odv\u00e1dzaj\u00facim vlhkos\u0165<\/p>\n<\/li>\n<li class=\"\" data-start=\"2429\" data-end=\"2473\">\n<p class=\"\" data-start=\"2431\" data-end=\"2473\">Zosilnen\u00e1 rukov\u00e4\u0165 na dlani pre bezpe\u010dn\u00fa manipul\u00e1ciu<\/p>\n<\/li>\n<li class=\"\" data-start=\"2474\" data-end=\"2533\">\n<p class=\"\" data-start=\"2476\" data-end=\"2533\">Ergonomick\u00fd strih pre prirodzen\u00fd pohyb a udr\u017eanie tepla<\/p>\n<\/li>\n<li class=\"\" data-start=\"2534\" data-end=\"2594\">\n<p class=\"\" data-start=\"2536\" data-end=\"2594\">Nastavite\u013en\u00fd remienok s prackou na z\u00e1p\u00e4st\u00ed pre bezpe\u010dn\u00e9 prisp\u00f4sobenie<\/p>\n<\/li>\n<li class=\"\" data-start=\"2595\" data-end=\"2646\">\n<p class=\"\" data-start=\"2597\" data-end=\"2646\">Zap\u00ednanie man\u017eiet na \u0161n\u00farku na utesnenie proti snehu a vetru<\/p>\n<\/li>\n<li class=\"\" data-start=\"2647\" data-end=\"2693\">\n<p class=\"\" data-start=\"2649\" data-end=\"2693\">Pred\u013a\u017een\u00e9 man\u017eety na rukaviciach pre v\u00e4\u010d\u0161ie pokrytie<\/p>\n<\/li>\n<li class=\"\" data-start=\"2694\" data-end=\"2744\">\n<p class=\"\" data-start=\"2696\" data-end=\"2744\">Odoln\u00e9 \u0161itie a materi\u00e1ly odoln\u00e9 vo\u010di opotrebovaniu<\/p>\n<\/li>\n<li class=\"\" data-start=\"2745\" data-end=\"2775\">\n<p class=\"\" data-start=\"2747\" data-end=\"2775\">Vhodn\u00e9 pre mu\u017eov a \u017eeny<\/p>\n<\/li>\n<\/ul>\n<hr class=\"\" data-start=\"2777\" data-end=\"2780\" \/>\n<h3 class=\"\" data-start=\"2782\" data-end=\"2803\"><strong data-start=\"2786\" data-end=\"2803\">Aplik\u00e1cie:<\/strong><\/h3>\n<ul data-start=\"2805\" data-end=\"3115\">\n<li class=\"\" data-start=\"2805\" data-end=\"2842\">\n<p class=\"\" data-start=\"2807\" data-end=\"2842\">Zjazdov\u00e9 a be\u017eeck\u00e9 ly\u017eovanie<\/p>\n<\/li>\n<li class=\"\" data-start=\"2843\" data-end=\"2876\">\n<p class=\"\" data-start=\"2845\" data-end=\"2876\">Snowboarding a jazda na sne\u017en\u00fdch sk\u00fatroch<\/p>\n<\/li>\n<li class=\"\" data-start=\"2877\" data-end=\"2919\">\n<p class=\"\" data-start=\"2879\" data-end=\"2919\">Horolezectvo a turistika v chladnom po\u010das\u00ed<\/p>\n<\/li>\n<li class=\"\" data-start=\"2920\" data-end=\"2968\">\n<p class=\"\" data-start=\"2922\" data-end=\"2968\">Vonkaj\u0161ie zimn\u00e9 pr\u00e1ce vr\u00e1tane odprat\u00e1vania snehu<\/p>\n<\/li>\n<li class=\"\" data-start=\"2969\" data-end=\"3005\">\n<p class=\"\" data-start=\"2971\" data-end=\"3005\">Pou\u017eitie vo vojensk\u00fdch a bezpe\u010dnostn\u00fdch hliadkach<\/p>\n<\/li>\n<li class=\"\" data-start=\"3006\" data-end=\"3042\">\n<p class=\"\" data-start=\"3008\" data-end=\"3042\">Z\u00e1chran\u00e1rsky a n\u00fadzov\u00fd v\u00fdstroj<\/p>\n<\/li>\n<li class=\"\" data-start=\"3043\" data-end=\"3089\">\n<p class=\"\" data-start=\"3045\" data-end=\"3089\">Doj\u00ed\u017e\u010fanie alebo cestovanie v m\u00ednusov\u00fdch podmienkach<\/p>\n<\/li>\n<li class=\"\" data-start=\"3090\" data-end=\"3115\">\n<p class=\"\" data-start=\"3092\" data-end=\"3115\">Manipul\u00e1cia v chladiarensk\u00fdch skladoch<\/p>\n<\/li>\n<\/ul>\n<hr class=\"\" data-start=\"3117\" data-end=\"3120\" \/>\n<h3 class=\"\" data-start=\"3122\" data-end=\"3145\"><strong data-start=\"3126\" data-end=\"3145\">\u0160pecifik\u00e1cie:<\/strong><\/h3>\n<ul data-start=\"3147\" data-end=\"3513\">\n<li class=\"\" data-start=\"3147\" data-end=\"3220\">\n<p class=\"\" data-start=\"3149\" data-end=\"3220\">Materi\u00e1ly: Materi\u00e1l: nepremokav\u00fd nylonov\u00fd pl\u00e1\u0161\u0165, fl\u00edsov\u00e1 pod\u0161\u00edvka, syntetick\u00e1 izol\u00e1cia<\/p>\n<\/li>\n<li class=\"\" data-start=\"3221\" data-end=\"3248\">\n<p class=\"\" data-start=\"3223\" data-end=\"3248\">Ve\u013ekosti: S, M, L, XL, XXL<\/p>\n<\/li>\n<li class=\"\" data-start=\"3249\" data-end=\"3271\">\n<p class=\"\" data-start=\"3251\" data-end=\"3271\">Farba: Matn\u00e1 \u010dierna<\/p>\n<\/li>\n<li class=\"\" data-start=\"3272\" data-end=\"3319\">\n<p class=\"\" data-start=\"3274\" data-end=\"3319\">Uzavretie: Z\u00e1p\u00e4stn\u00fd popruh s prackou + man\u017eeta so \u0161n\u00farkou<\/p>\n<\/li>\n<li class=\"\" data-start=\"3320\" data-end=\"3388\">\n<p class=\"\" data-start=\"3322\" data-end=\"3388\">Prisp\u00f4sobenie: Vlastn\u00e1 zna\u010dka, \u00fapravy farieb, vlastn\u00e9 zna\u010dky<\/p>\n<\/li>\n<li class=\"\" data-start=\"3389\" data-end=\"3451\">\n<p class=\"\" data-start=\"3391\" data-end=\"3451\">Balenie: \u0160tandardn\u00e9 polyetyl\u00e9nov\u00e9 vrecko alebo zna\u010dkov\u00e1 krabica (pod\u013ea po\u017eiadavky)<\/p>\n<\/li>\n<li class=\"\" data-start=\"3452\" data-end=\"3494\">\n<p class=\"\" data-start=\"3454\" data-end=\"3494\">Certifik\u00e1cia: CE &amp; EN 511 (na po\u017eiadanie)<\/p>\n<\/li>\n<li class=\"\" data-start=\"3495\" data-end=\"3513\">\n<p class=\"\" data-start=\"3497\" data-end=\"3513\">MOQ: 200 p\u00e1rov<\/p>\n<\/li>\n<\/ul>","protected":false},"excerpt":{"rendered":"<p>RYINZ nepremokav\u00e9 termo rukavice pon\u00fakaj\u00fa v\u00fdnimo\u010dn\u00e9 teplo a ochranu v najn\u00e1ro\u010dnej\u0161\u00edch zimn\u00fdch podmienkach. Tieto pal\u010diaky s\u00fa navrhnut\u00e9 na ly\u017eovanie, snowboarding a treking v snehu a s\u00fa vybaven\u00e9 viacvrstvovou izol\u00e1ciou a vodotesnou \u0161krupinovou kon\u0161trukciou, ktor\u00e1 blokuje teplo a br\u00e1ni vetru, snehu a vlhkosti. Ich zosilnen\u00e1 dla\u0148 zvy\u0161uje odolnos\u0165 pri uchopen\u00ed v\u00fdstroja, zatia\u013e \u010do \u0161irok\u00e1 man\u017eeta a dvojit\u00fd syst\u00e9m zap\u00ednania (p\u00e1sik a \u0161n\u00farka) zabezpe\u010duj\u00fa priliehav\u00e9, snehu odoln\u00e9 nosenie. Pohodln\u00e9 a odoln\u00e9 rukavice s\u00fa ide\u00e1lne na vysokohorsk\u00e9 \u0161porty, pr\u00e1cu v z\u013eadovatenom ter\u00e9ne alebo cestovanie v mrazivom po\u010das\u00ed. Vhodn\u00e9 pre mu\u017eov aj \u017eeny a prisp\u00f4sobite\u013en\u00e9 potreb\u00e1m va\u0161ej zna\u010dky.<\/p>","protected":false},"featured_media":8945,"comment_status":"closed","ping_status":"closed","template":"","meta":[],"product_brand":[35],"product_cat":[57],"product_tag":[73,74],"class_list":{"0":"post-8911","1":"product","2":"type-product","3":"status-publish","4":"has-post-thumbnail","6":"product_brand-ryinz","7":"product_cat-ski-snowboarding-gloves","8":"product_tag-adjustable-snow-mittens","9":"product_tag-fleece-lined-mittens","11":"first","12":"instock","13":"taxable","14":"shipping-taxable","15":"purchasable","16":"product-type-simple"},"_links":{"self":[{"href":"https:\/\/ryinz.cz\/velkoobchod\/sk\/wp-json\/wp\/v2\/product\/8911","targetHints":{"allow":["GET"]}}],"collection":[{"href":"https:\/\/ryinz.cz\/velkoobchod\/sk\/wp-json\/wp\/v2\/product"}],"about":[{"href":"https:\/\/ryinz.cz\/velkoobchod\/sk\/wp-json\/wp\/v2\/types\/product"}],"replies":[{"embeddable":true,"href":"https:\/\/ryinz.cz\/velkoobchod\/sk\/wp-json\/wp\/v2\/comments?post=8911"}],"wp:featuredmedia":[{"embeddable":true,"href":"https:\/\/ryinz.cz\/velkoobchod\/sk\/wp-json\/wp\/v2\/media\/8945"}],"wp:attachment":[{"href":"https:\/\/ryinz.cz\/velkoobchod\/sk\/wp-json\/wp\/v2\/media?parent=8911"}],"wp:term":[{"taxonomy":"product_brand","embeddable":true,"href":"https:\/\/ryinz.cz\/velkoobchod\/sk\/wp-json\/wp\/v2\/product_brand?post=8911"},{"taxonomy":"product_cat","embeddable":true,"href":"https:\/\/ryinz.cz\/velkoobchod\/sk\/wp-json\/wp\/v2\/product_cat?post=8911"},{"taxonomy":"product_tag","embeddable":true,"href":"https:\/\/ryinz.cz\/velkoobchod\/sk\/wp-json\/wp\/v2\/product_tag?post=8911"}],"curies":[{"name":"wp","href":"https:\/\/api.w.org\/{rel}","templated":true}]}}