{"id":8908,"date":"2025-06-22T15:21:04","date_gmt":"2025-06-22T15:21:04","guid":{"rendered":"https:\/\/ryinz.cz\/velkoobchod\/?post_type=product&#038;p=8908"},"modified":"2026-01-18T20:16:45","modified_gmt":"2026-01-18T20:16:45","slug":"ryinz-art-print-vodotesne-lyziarske-snowboardove-rukavice-s-nastavitelnym-popruhom-zimne-rukavice-so-stylovym-grafickym-dizajnom","status":"publish","type":"product","link":"https:\/\/ryinz.cz\/velkoobchod\/sk\/product\/ryinz-art-print-waterproof-ski-snowboard-gloves-adjustable-strap-winter-gloves-with-stylish-graphic-design\/","title":{"rendered":"RYINZ Art-Print Vodotesn\u00e9 ly\u017eiarske a snowboardov\u00e9 rukavice - nastavite\u013en\u00fd p\u00e1sik Zimn\u00e9 rukavice so \u0161t\u00fdlov\u00fdm grafick\u00fdm dizajnom"},"content":{"rendered":"<p class=\"\" data-start=\"326\" data-end=\"639\">Zosta\u0148te v teple, \u0161t\u00fdle a chr\u00e1nen\u00ed na svahoch s <strong data-start=\"383\" data-end=\"424\">RYINZ GSG-0502 Ly\u017eiarske a snowboardov\u00e9 rukavice<\/strong>, navrhnut\u00e9 na vysoko v\u00fdkonn\u00e9 zimn\u00e9 \u0161porty a vysokohorsk\u00e9 dobrodru\u017estv\u00e1. Tieto rukavice s\u00fa viac ne\u017e len ochranou - s\u00fa vyjadren\u00edm osobnosti, s jedine\u010dn\u00fdmi vzormi s umeleckou potla\u010dou, ktor\u00e9 v\u00e1s na hor\u00e1ch odl\u00ed\u0161ia.<\/p>\n<p class=\"\" data-start=\"641\" data-end=\"940\">Vyroben\u00e9 pomocou <strong data-start=\"655\" data-end=\"698\">odoln\u00fd polyesterov\u00fd pl\u00e1\u0161\u0165 odoln\u00fd vo\u010di vode<\/strong> a zosilnenou dla\u0148ou z PU ko\u017ee s\u00fa tieto rukavice navrhnut\u00e9 tak, aby odolali siln\u00e9mu chladu, mokr\u00e9mu snehu a vetern\u00fdm podmienkam. Vn\u00fatorn\u00e1 pod\u0161\u00edvka je vybaven\u00e1 m\u00e4kkou fl\u00edsovou izol\u00e1ciou pre optim\u00e1lne udr\u017eanie tepla a celodenn\u00e9 pohodlie v mraziv\u00fdch teplot\u00e1ch.<\/p>\n<p class=\"\" data-start=\"942\" data-end=\"1247\">Hlavnou prednos\u0165ou modelu GSG-0502 je jeho <strong data-start=\"985\" data-end=\"1021\">exkluz\u00edvny exteri\u00e9r s viacer\u00fdmi vzormi<\/strong>, dostupn\u00e9 v r\u00f4znych digit\u00e1lne vytla\u010den\u00fdch vzoroch in\u0161pirovan\u00fdch umen\u00edm. Tieto v\u00fdrazn\u00e9 vizu\u00e1lne vzory nielen odr\u00e1\u017eaj\u00fa osobn\u00fd \u0161t\u00fdl, ale aj zvy\u0161uj\u00fa vidite\u013enos\u0165 po\u010das snowboardingu, ly\u017eovania, jazdy na sne\u017enom sk\u00fatri a turistiky v zasne\u017eenom ter\u00e9ne.<\/p>\n<p class=\"\" data-start=\"1249\" data-end=\"1667\"><strong data-start=\"1249\" data-end=\"1277\">V\u00fdkon sa stret\u00e1va s dizajnom<\/strong> s ergonomicky tvarovan\u00fdm strihom, predkriven\u00fdmi prstami a pevn\u00fdm nastavite\u013en\u00fdm p\u00e1sikom na z\u00e1p\u00e4stie, ktor\u00fd zaru\u010duje pevn\u00e9 uchytenie. Rukavice obsahuj\u00fa odoln\u00fd <strong data-start=\"1423\" data-end=\"1472\">popruh s h\u00e1\u010dikom a slu\u010dkou s r\u00fdchloup\u00ednacou prackou<\/strong> aby boli rukavice zaisten\u00e9 a zn\u00ed\u017eilo sa riziko prieniku snehu. Ke\u010f sa nepou\u017e\u00edvaj\u00fa, p\u00e1r dr\u017e\u00ed pohromade uzamykacia spona a volite\u013en\u00e9 p\u00fatko na z\u00e1p\u00e4stie zaru\u010duje, \u017ee ich nikdy nevypust\u00edte z vleku.<\/p>\n<p class=\"\" data-start=\"1669\" data-end=\"1947\">Vn\u00fatorne s\u00fa rukavice vybaven\u00e9 <strong data-start=\"1702\" data-end=\"1742\">priedu\u0161n\u00e1 membr\u00e1na odv\u00e1dzaj\u00faca vlhkos\u0165<\/strong> ktor\u00e1 zabra\u0148uje hromadeniu potu po\u010das intenz\u00edvnych aktiv\u00edt a z\u00e1rove\u0148 zabra\u0148uje prenikaniu vonkaj\u0161ej vlhkosti. V\u010faka tomu s\u00fa vhodn\u00e9 pre pou\u017e\u00edvate\u013eov vysokohorsk\u00fdch a akt\u00edvnych zimn\u00fdch \u0161portov, ktor\u00ed vy\u017eaduj\u00fa pohodlie aj v\u00fdkon.<\/p>\n<p class=\"\" data-start=\"1949\" data-end=\"2224\">Tieto rukavice s\u00fa ide\u00e1lne na unisex pou\u017eitie (mu\u017ei a \u017eeny) a s\u00fa dostupn\u00e9 vo ve\u013ekostiach od XS do XXL. \u010ci u\u017e sa chyst\u00e1te na \u010fal\u0161iu ly\u017eiarsku v\u00fdpravu do \u00c1lp, alebo zh\u00e1\u0148ate funk\u010dn\u00e9 a m\u00f3dne rukavice pre svoj obchod, <strong data-start=\"2169\" data-end=\"2187\">RYINZ GSG-0502<\/strong> poskytuje inteligentn\u00e9, v\u00fdnimo\u010dn\u00e9 rie\u0161enie.<\/p>\n<hr class=\"\" data-start=\"2226\" data-end=\"2229\" \/>\n<h3 class=\"\" data-start=\"2231\" data-end=\"2258\"><strong data-start=\"2235\" data-end=\"2258\">Najd\u00f4le\u017eitej\u0161ie vlastnosti produktu:<\/strong><\/h3>\n<ul data-start=\"2260\" data-end=\"2823\">\n<li class=\"\" data-start=\"2260\" data-end=\"2325\">\n<p class=\"\" data-start=\"2262\" data-end=\"2325\">Vodotesn\u00fd a vetruodoln\u00fd polyesterov\u00fd pl\u00e1\u0161\u0165 s dla\u0148ou z PU ko\u017ee<\/p>\n<\/li>\n<li class=\"\" data-start=\"2326\" data-end=\"2396\">\n<p class=\"\" data-start=\"2328\" data-end=\"2396\">Digit\u00e1lne potla\u010den\u00fd viacfarebn\u00fd exteri\u00e9r s viacer\u00fdmi mo\u017enos\u0165ami dizajnu<\/p>\n<\/li>\n<li class=\"\" data-start=\"2397\" data-end=\"2442\">\n<p class=\"\" data-start=\"2399\" data-end=\"2442\">M\u00e4kk\u00e1 fl\u00edsov\u00e1 pod\u0161\u00edvka pre tepeln\u00fa izol\u00e1ciu<\/p>\n<\/li>\n<li class=\"\" data-start=\"2443\" data-end=\"2493\">\n<p class=\"\" data-start=\"2445\" data-end=\"2493\">Nastavite\u013en\u00fd popruh + syst\u00e9m r\u00fdchloup\u00ednac\u00edch praciek<\/p>\n<\/li>\n<li class=\"\" data-start=\"2494\" data-end=\"2544\">\n<p class=\"\" data-start=\"2496\" data-end=\"2544\">Zosilnen\u00e1 dla\u0148 pre lep\u0161\u00ed \u00fachop a odolnos\u0165<\/p>\n<\/li>\n<li class=\"\" data-start=\"2545\" data-end=\"2591\">\n<p class=\"\" data-start=\"2547\" data-end=\"2591\">Priedu\u0161n\u00e1 vn\u00fatorn\u00e1 membr\u00e1na odv\u00e1dzaj\u00faca vlhkos\u0165<\/p>\n<\/li>\n<li class=\"\" data-start=\"2592\" data-end=\"2633\">\n<p class=\"\" data-start=\"2594\" data-end=\"2633\">Uzamykacia spona a volite\u013en\u00e9 z\u00e1p\u00e4stn\u00e9 vod\u00edtko<\/p>\n<\/li>\n<li class=\"\" data-start=\"2634\" data-end=\"2704\">\n<p class=\"\" data-start=\"2636\" data-end=\"2704\">K dispoz\u00edcii vo viacer\u00fdch grafick\u00fdch prevedeniach (zobrazen\u00e9 pod hlavn\u00fdm obr\u00e1zkom)<\/p>\n<\/li>\n<li class=\"\" data-start=\"2705\" data-end=\"2772\">\n<p class=\"\" data-start=\"2707\" data-end=\"2772\">Ide\u00e1lne na ly\u017eovanie, snowboarding, zimn\u00fa turistiku a jazdu na sne\u017en\u00fdch sk\u00fatroch<\/p>\n<\/li>\n<li class=\"\" data-start=\"2773\" data-end=\"2823\">\n<p class=\"\" data-start=\"2775\" data-end=\"2823\">K dispoz\u00edcii s\u00fa slu\u017eby OEM a s\u00fakromn\u00e9 zna\u010dky<\/p>\n<\/li>\n<\/ul>\n<hr class=\"\" data-start=\"2825\" data-end=\"2828\" \/>\n<h3 class=\"\" data-start=\"2830\" data-end=\"2851\"><strong data-start=\"2834\" data-end=\"2851\">Aplik\u00e1cie:<\/strong><\/h3>\n<ul data-start=\"2853\" data-end=\"3100\">\n<li class=\"\" data-start=\"2853\" data-end=\"2893\">\n<p class=\"\" data-start=\"2855\" data-end=\"2893\">Rekrea\u010dn\u00e9 ly\u017eovanie a snowboarding<\/p>\n<\/li>\n<li class=\"\" data-start=\"2894\" data-end=\"2924\">\n<p class=\"\" data-start=\"2896\" data-end=\"2924\">Profesion\u00e1lne alpsk\u00e9 \u0161porty<\/p>\n<\/li>\n<li class=\"\" data-start=\"2925\" data-end=\"2946\">\n<p class=\"\" data-start=\"2927\" data-end=\"2946\">Jazda na sne\u017enom sk\u00fatri<\/p>\n<\/li>\n<li class=\"\" data-start=\"2947\" data-end=\"2978\">\n<p class=\"\" data-start=\"2949\" data-end=\"2978\">Zimn\u00e9 doch\u00e1dzanie a cestovanie<\/p>\n<\/li>\n<li class=\"\" data-start=\"2979\" data-end=\"3015\">\n<p class=\"\" data-start=\"2981\" data-end=\"3015\">Pozn\u00e1vanie pr\u00edrody a trekking<\/p>\n<\/li>\n<li class=\"\" data-start=\"3016\" data-end=\"3059\">\n<p class=\"\" data-start=\"3018\" data-end=\"3059\">In\u0161truktori ly\u017eovania a pracovn\u00edci v ly\u017eiarskych stredisk\u00e1ch<\/p>\n<\/li>\n<li class=\"\" data-start=\"3060\" data-end=\"3100\">\n<p class=\"\" data-start=\"3062\" data-end=\"3100\">M\u00f3dne kolekcie zimn\u00e9ho oble\u010denia<\/p>\n<\/li>\n<\/ul>\n<hr class=\"\" data-start=\"3102\" data-end=\"3105\" \/>\n<h3 class=\"\" data-start=\"3107\" data-end=\"3130\"><strong data-start=\"3111\" data-end=\"3130\">\u0160pecifik\u00e1cie:<\/strong><\/h3>\n<ul data-start=\"3132\" data-end=\"3608\">\n<li class=\"\" data-start=\"3132\" data-end=\"3193\">\n<p class=\"\" data-start=\"3134\" data-end=\"3193\">Materi\u00e1l: Materi\u00e1l: nepremokav\u00fd polyester, PU ko\u017ea, fleecov\u00e1 pod\u0161\u00edvka<\/p>\n<\/li>\n<li class=\"\" data-start=\"3194\" data-end=\"3264\">\n<p class=\"\" data-start=\"3196\" data-end=\"3264\">Ve\u013ekosti: XS, S, M, L, XL, XXL (pri hromadn\u00fdch objedn\u00e1vkach s\u00fa k dispoz\u00edcii vlastn\u00e9 ve\u013ekosti)<\/p>\n<\/li>\n<li class=\"\" data-start=\"3265\" data-end=\"3330\">\n<p class=\"\" data-start=\"3267\" data-end=\"3330\">Farba\/n\u00e1vrhy: (k dispoz\u00edcii OEM)<\/p>\n<\/li>\n<li class=\"\" data-start=\"3331\" data-end=\"3384\">\n<p class=\"\" data-start=\"3333\" data-end=\"3384\">Uzavretie: Popruh s h\u00e1\u010dikom a slu\u010dkou s nastavite\u013enou prackou<\/p>\n<\/li>\n<li class=\"\" data-start=\"3385\" data-end=\"3437\">\n<p class=\"\" data-start=\"3387\" data-end=\"3437\">Zna\u010dkovanie: \u0160tandardn\u00e9 alebo vlastn\u00e9 logo zna\u010dky RYINZ<\/p>\n<\/li>\n<li class=\"\" data-start=\"3438\" data-end=\"3473\">\n<p class=\"\" data-start=\"3440\" data-end=\"3473\">Certifik\u00e1ty: EN388, EN511<\/p>\n<\/li>\n<li class=\"\" data-start=\"3474\" data-end=\"3514\">\n<p class=\"\" data-start=\"3476\" data-end=\"3514\">Balenie: Polybag alebo maloobchodn\u00e1 krabica OEM<\/p>\n<\/li>\n<li class=\"\" data-start=\"3515\" data-end=\"3537\">\n<p class=\"\" data-start=\"3517\" data-end=\"3537\">MOQ: 300-500 p\u00e1rov<\/p>\n<\/li>\n<li class=\"\" data-start=\"3538\" data-end=\"3608\">\n<p class=\"\" data-start=\"3540\" data-end=\"3608\">Volite\u013en\u00e9 doplnky: Dotykov\u00fd ukazov\u00e1k, tepeln\u00e9 vrecko, vod\u00edtko na z\u00e1p\u00e4stie<\/p>\n<\/li>\n<\/ul>","protected":false},"excerpt":{"rendered":"<p>Rukavice RYINZ GSG-0502 s\u00fa va\u0161\u00edm zimn\u00fdm spolo\u010dn\u00edkom, ktor\u00fd kombinuje teplo, nepremokavos\u0165 a \u00fa\u017easn\u00fd vizu\u00e1lny vzh\u013ead. Tieto rukavice, navrhnut\u00e9 pre milovn\u00edkov snehov\u00fdch \u0161portov, maj\u00fa priedu\u0161n\u00fa fl\u00edsov\u00fa pod\u0161\u00edvku, \u00fachop na dlani z PU ko\u017ee a v\u00fdrazn\u00fd zvr\u0161ok s digit\u00e1lnou potla\u010dou. Nastavite\u013en\u00fd p\u00e1sik s prackou zaru\u010duje dokonal\u00e9 prisp\u00f4sobenie, zatia\u013e \u010do umelecko-grafick\u00fd dizajn odl\u00ed\u0161i v\u00e1\u0161 vzh\u013ead na svahu. Ide\u00e1lne na ly\u017eovanie, snowboarding alebo objavovanie chladn\u00e9ho po\u010dasia. K dispoz\u00edcii vo viacer\u00fdch vzoroch a ve\u013ekostiach s plnou podporou OEM zna\u010dky pre kupuj\u00facich v Eur\u00f3pe a mimo nej.<\/p>","protected":false},"featured_media":8951,"comment_status":"closed","ping_status":"closed","template":"","meta":[],"product_brand":[35],"product_cat":[57],"product_tag":[66,58,67],"class_list":{"0":"post-8908","1":"product","2":"type-product","3":"status-publish","4":"has-post-thumbnail","6":"product_brand-ryinz","7":"product_cat-ski-snowboarding-gloves","8":"product_tag-adjustable-winter-gloves","9":"product_tag-cowhide-leather-gloves","10":"product_tag-stretch-fabric-gloves","12":"first","13":"instock","14":"taxable","15":"shipping-taxable","16":"purchasable","17":"product-type-simple"},"_links":{"self":[{"href":"https:\/\/ryinz.cz\/velkoobchod\/sk\/wp-json\/wp\/v2\/product\/8908","targetHints":{"allow":["GET"]}}],"collection":[{"href":"https:\/\/ryinz.cz\/velkoobchod\/sk\/wp-json\/wp\/v2\/product"}],"about":[{"href":"https:\/\/ryinz.cz\/velkoobchod\/sk\/wp-json\/wp\/v2\/types\/product"}],"replies":[{"embeddable":true,"href":"https:\/\/ryinz.cz\/velkoobchod\/sk\/wp-json\/wp\/v2\/comments?post=8908"}],"wp:featuredmedia":[{"embeddable":true,"href":"https:\/\/ryinz.cz\/velkoobchod\/sk\/wp-json\/wp\/v2\/media\/8951"}],"wp:attachment":[{"href":"https:\/\/ryinz.cz\/velkoobchod\/sk\/wp-json\/wp\/v2\/media?parent=8908"}],"wp:term":[{"taxonomy":"product_brand","embeddable":true,"href":"https:\/\/ryinz.cz\/velkoobchod\/sk\/wp-json\/wp\/v2\/product_brand?post=8908"},{"taxonomy":"product_cat","embeddable":true,"href":"https:\/\/ryinz.cz\/velkoobchod\/sk\/wp-json\/wp\/v2\/product_cat?post=8908"},{"taxonomy":"product_tag","embeddable":true,"href":"https:\/\/ryinz.cz\/velkoobchod\/sk\/wp-json\/wp\/v2\/product_tag?post=8908"}],"curies":[{"name":"wp","href":"https:\/\/api.w.org\/{rel}","templated":true}]}}