{"id":8907,"date":"2025-06-22T15:21:04","date_gmt":"2025-06-22T15:21:04","guid":{"rendered":"https:\/\/ryinz.cz\/velkoobchod\/?post_type=product&#038;p=8907"},"modified":"2026-01-18T20:16:45","modified_gmt":"2026-01-18T20:16:45","slug":"ryinz-lyziarske-rukavice-do-kazdeho-pocasia-zosilnene-termalne-zimne-rukavice-s-nastavitelnymi-manzetami-pre-muzov-zeny","status":"publish","type":"product","link":"https:\/\/ryinz.cz\/velkoobchod\/sk\/product\/ryinz-all-weather-snow-ski-gloves-reinforced-thermal-winter-gloves-with-adjustable-cuffs-for-men-women\/","title":{"rendered":"RYINZ All-Weather Snow &amp; Ski Gloves - Zosilnen\u00e9 zateplen\u00e9 zimn\u00e9 rukavice s nastavite\u013en\u00fdmi man\u017eetami pre mu\u017eov a \u017eeny"},"content":{"rendered":"<p class=\"\" data-start=\"325\" data-end=\"664\">Navrhnut\u00fd pre t\u00fdch, ktor\u00ed \u017eij\u00fa pre hory. <strong data-start=\"376\" data-end=\"415\">RYINZ Rukavice na sneh a ly\u017eovanie do ka\u017ed\u00e9ho po\u010dasia<\/strong> poskytuj\u00fa maxim\u00e1lnu ochranu, pohodlie a v\u00fdkon v chladnom po\u010das\u00ed. Tieto rukavice s\u00fa navrhnut\u00e9 tak, aby v\u00e1s udr\u017eali v suchu, teple a pod plnou kontrolou, \u010di u\u017e br\u00e1zdite zjazdovky, prech\u00e1dzate na sne\u017eniciach po z\u013eadovaten\u00fdch chodn\u00edkoch alebo pracujete vonku v chlade.<\/p>\n<p class=\"\" data-start=\"666\" data-end=\"1135\">Vyroben\u00e9 z <strong data-start=\"679\" data-end=\"733\">zosilnen\u00e1 syntetick\u00e1 ko\u017ea a odoln\u00e1 tkanina<\/strong>, tieto rukavice poskytuj\u00fa vynikaj\u00facu trvanlivos\u0165 a odolnos\u0165 proti oderu aj v t\u00fdch najn\u00e1ro\u010dnej\u0161\u00edch zimn\u00fdch podmienkach. Vonkaj\u0161\u00ed pl\u00e1\u0161\u0165 odol\u00e1va vetru a vlhkosti, zatia\u013e \u010do dlane a kon\u010deky prstov s\u00fa vystu\u017een\u00e9 materi\u00e1lmi s vysokou odolnos\u0165ou proti opotrebovaniu, aby v\u00e1m poskytli vynikaj\u00facu pri\u013enavos\u0165 a dlh\u00fa \u017eivotnos\u0165. Ich elegantn\u00fd, modern\u00fd dvojfarebn\u00fd siv\u00fd dizajn je \u0161t\u00fdlov\u00fd a z\u00e1rove\u0148 robustn\u00fd, tak\u017ee s\u00fa ide\u00e1lne pre \u0161portov\u00fdch nad\u0161encov aj outdoorov\u00fdch profesion\u00e1lov.<\/p>\n<p class=\"\" data-start=\"1137\" data-end=\"1547\">Vn\u00fatro rukav\u00edc je vybaven\u00e9 <strong data-start=\"1172\" data-end=\"1214\">viacvrstvov\u00fd tepelnoizola\u010dn\u00fd syst\u00e9m<\/strong>, ktor\u00e1 poskytuje vynikaj\u00facu schopnos\u0165 udr\u017ea\u0165 teplo pri zachovan\u00ed priedu\u0161nosti. M\u00e4kk\u00e1 pod\u0161\u00edvka na dotyk zais\u0165uje celodenn\u00e9 pohodlie, zatia\u013e \u010do stredn\u00e1 vrstva izol\u00e1cie vytv\u00e1ra tepeln\u00fa bari\u00e9ru proti \u013eadov\u00e9mu vetru a mokr\u00e9mu snehu. Tieto rukavice zachyt\u00e1vaj\u00fa teplo a odv\u00e1dzaj\u00fa vlhkos\u0165, \u010d\u00edm zabra\u0148uj\u00fa hromadeniu potu a udr\u017eiavaj\u00fa va\u0161e ruky pohodlne such\u00e9 po\u010das dlh\u00fdch snehov\u00fdch dn\u00ed.<\/p>\n<p class=\"\" data-start=\"1549\" data-end=\"2017\">. <strong data-start=\"1552\" data-end=\"1578\">nastavite\u013en\u00fd remienok na z\u00e1p\u00e4stie<\/strong> a <strong data-start=\"1583\" data-end=\"1605\">elastick\u00e1 \u0161n\u00fara cinch<\/strong> na man\u017eete rukavice umo\u017e\u0148uj\u00fa prisp\u00f4sobi\u0165 si strih a zabr\u00e1ni\u0165 snehu, \u013eadu a vetru. Tieto rukavice bezpe\u010dne priliehaj\u00fa na ruk\u00e1vy bundy, tak\u017ee s\u00fa ide\u00e1lne na snowboarding, ly\u017eovanie, turistiku alebo jazdu na sne\u017enom sk\u00fatri. Str\u00e1nka . <strong data-start=\"1812\" data-end=\"1840\">predkriven\u00fd dizajn prstov<\/strong> napodob\u0148uje prirodzen\u00fd pohyb ruky pre neunavuj\u00faci \u00fachop a lep\u0161iu obratnos\u0165, \u010di u\u017e pou\u017e\u00edvate palice, v\u00fdstroj alebo telef\u00f3ny s mo\u017enos\u0165ou hrotu citliv\u00e9ho na dotyk (k dispoz\u00edcii na \u017eelanie).<\/p>\n<p class=\"\" data-start=\"2019\" data-end=\"2330\">Okrem toho je zadn\u00e1 strana ruky vybaven\u00e1 <strong data-start=\"2063\" data-end=\"2103\">zosilnen\u00e9 oblo\u017eenie a polstrovan\u00e9 z\u00f3ny<\/strong>, ktor\u00e9 poskytuj\u00fa odolnos\u0165 vo\u010di n\u00e1razom a zv\u00fd\u0161en\u00fa trvanlivos\u0165. Man\u017eeta po celej d\u013a\u017eke je navrhnut\u00e1 tak, aby pre\u0161la cez ruk\u00e1vy pre maxim\u00e1lnu ochranu pred nepriazniv\u00fdm po\u010das\u00edm, a \u013eahk\u00e1 kon\u0161trukcia zabra\u0148uje objemn\u00e9mu a strnul\u00e9mu pohybu pri zachovan\u00ed \u0161trukt\u00fary.<\/p>\n<p class=\"\" data-start=\"2332\" data-end=\"2536\">Ide\u00e1lne pre <strong data-start=\"2342\" data-end=\"2359\">mu\u017ei a \u017eeny<\/strong>, ,. <strong data-start=\"2365\" data-end=\"2404\">RYINZ Rukavice na sneh a ly\u017eovanie do ka\u017ed\u00e9ho po\u010dasia<\/strong> s\u00fa dokonalou kombin\u00e1ciou v\u00fdkonu, ochrany a pohodlia - s\u00fa ur\u010den\u00e9 na rekrea\u010dn\u00fa z\u00e1bavu aj profesion\u00e1lnu pr\u00e1cu v zime.<\/p>\n<hr class=\"\" data-start=\"2538\" data-end=\"2541\" \/>\n<h3 class=\"\" data-start=\"2543\" data-end=\"2570\"><strong data-start=\"2547\" data-end=\"2570\">Najd\u00f4le\u017eitej\u0161ie vlastnosti produktu:<\/strong><\/h3>\n<ul data-start=\"2572\" data-end=\"3128\">\n<li class=\"\" data-start=\"2572\" data-end=\"2625\">\n<p class=\"\" data-start=\"2574\" data-end=\"2625\">Vonkaj\u0161\u00ed pl\u00e1\u0161\u0165 z tkaniny odolnej vo\u010di vode a vetru<\/p>\n<\/li>\n<li class=\"\" data-start=\"2626\" data-end=\"2687\">\n<p class=\"\" data-start=\"2628\" data-end=\"2687\">Odoln\u00e1 dla\u0148 zo syntetickej ko\u017ee so zosilnen\u00fdmi z\u00f3nami opotrebovania<\/p>\n<\/li>\n<li class=\"\" data-start=\"2688\" data-end=\"2743\">\n<p class=\"\" data-start=\"2690\" data-end=\"2743\">Viacvrstvov\u00e1 izol\u00e1cia pre teplo a priedu\u0161nos\u0165<\/p>\n<\/li>\n<li class=\"\" data-start=\"2744\" data-end=\"2779\">\n<p class=\"\" data-start=\"2746\" data-end=\"2779\">M\u00e4kk\u00e1 kart\u00e1\u010dovan\u00e1 pod\u0161\u00edvka pre pohodlie<\/p>\n<\/li>\n<li class=\"\" data-start=\"2780\" data-end=\"2839\">\n<p class=\"\" data-start=\"2782\" data-end=\"2839\">Nastavite\u013en\u00fd popruh na z\u00e1p\u00e4stie + \u0161n\u00farka na utesnenie snehu<\/p>\n<\/li>\n<li class=\"\" data-start=\"2840\" data-end=\"2897\">\n<p class=\"\" data-start=\"2842\" data-end=\"2897\">Pred\u013a\u017een\u00e1 man\u017eeta v \u0161t\u00fdle rukavice sa hod\u00ed na ruk\u00e1vy bundy<\/p>\n<\/li>\n<li class=\"\" data-start=\"2898\" data-end=\"2946\">\n<p class=\"\" data-start=\"2900\" data-end=\"2946\">Predbe\u017ene zakriven\u00e9 prsty pre prirodzen\u00fd pohyb ruky<\/p>\n<\/li>\n<li class=\"\" data-start=\"2947\" data-end=\"3011\">\n<p class=\"\" data-start=\"2949\" data-end=\"3011\">Dvojfarebn\u00fd modern\u00fd dizajn (svetlosiv\u00e1\/tmavosiv\u00e1) pre unisex vzh\u013ead<\/p>\n<\/li>\n<li class=\"\" data-start=\"3012\" data-end=\"3072\">\n<p class=\"\" data-start=\"3014\" data-end=\"3072\">Dostato\u010dne odoln\u00fd pre backcountry, dostato\u010dne \u0161t\u00fdlov\u00fd pre stredisk\u00e1<\/p>\n<\/li>\n<li class=\"\" data-start=\"3073\" data-end=\"3128\">\n<p class=\"\" data-start=\"3075\" data-end=\"3128\">Vhodn\u00e9 na \u0161port, z\u00e1chranu a pr\u00e1cu v chladnom po\u010das\u00ed<\/p>\n<\/li>\n<\/ul>\n<hr class=\"\" data-start=\"3130\" data-end=\"3133\" \/>\n<h3 class=\"\" data-start=\"3135\" data-end=\"3156\"><strong data-start=\"3139\" data-end=\"3156\">Aplik\u00e1cie:<\/strong><\/h3>\n<ul data-start=\"3158\" data-end=\"3415\">\n<li class=\"\" data-start=\"3158\" data-end=\"3185\">\n<p class=\"\" data-start=\"3160\" data-end=\"3185\">Ly\u017eovanie a snowboarding<\/p>\n<\/li>\n<li class=\"\" data-start=\"3186\" data-end=\"3218\">\n<p class=\"\" data-start=\"3188\" data-end=\"3218\">\u013dadov\u00fd treking, horolezectvo<\/p>\n<\/li>\n<li class=\"\" data-start=\"3219\" data-end=\"3253\">\n<p class=\"\" data-start=\"3221\" data-end=\"3253\">Jazda na sne\u017en\u00fdch sk\u00fatroch a zimn\u00e1 cyklistika<\/p>\n<\/li>\n<li class=\"\" data-start=\"3254\" data-end=\"3293\">\n<p class=\"\" data-start=\"3256\" data-end=\"3293\">Skladovanie v chlade alebo zimn\u00e9 pr\u00e1ce vonku<\/p>\n<\/li>\n<li class=\"\" data-start=\"3294\" data-end=\"3326\">\n<p class=\"\" data-start=\"3296\" data-end=\"3326\">Alpsk\u00e1 z\u00e1chrann\u00e1 slu\u017eba a ly\u017eiarska hliadka<\/p>\n<\/li>\n<li class=\"\" data-start=\"3327\" data-end=\"3369\">\n<p class=\"\" data-start=\"3329\" data-end=\"3369\">Manipul\u00e1cia so zariaden\u00edm v \u013eadovom prostred\u00ed<\/p>\n<\/li>\n<li class=\"\" data-start=\"3370\" data-end=\"3415\">\n<p class=\"\" data-start=\"3372\" data-end=\"3415\">Maloobchod so \u0161portov\u00fdm oble\u010den\u00edm a po\u017ei\u010dov\u0148a v\u00fdstroja<\/p>\n<\/li>\n<\/ul>\n<hr class=\"\" data-start=\"3417\" data-end=\"3420\" \/>\n<h3 class=\"\" data-start=\"3422\" data-end=\"3445\"><strong data-start=\"3426\" data-end=\"3445\">\u0160pecifik\u00e1cie:<\/strong><\/h3>\n<ul data-start=\"3447\" data-end=\"3911\">\n<li class=\"\" data-start=\"3447\" data-end=\"3489\">\n<p class=\"\" data-start=\"3449\" data-end=\"3489\">Materi\u00e1l: Materi\u00e1l: polyester, syntetick\u00e1 ko\u017ea<\/p>\n<\/li>\n<li class=\"\" data-start=\"3490\" data-end=\"3540\">\n<p class=\"\" data-start=\"3492\" data-end=\"3540\">Izol\u00e1cia: Pod\u0161\u00edvka s kefou + tepeln\u00e1 stredn\u00e1 vrstva<\/p>\n<\/li>\n<li class=\"\" data-start=\"3541\" data-end=\"3594\">\n<p class=\"\" data-start=\"3543\" data-end=\"3594\">Ve\u013ekosti: S, M, L, XL, XXL (mo\u017enos\u0165 prisp\u00f4sobenia ve\u013ekosti)<\/p>\n<\/li>\n<li class=\"\" data-start=\"3595\" data-end=\"3624\">\n<p class=\"\" data-start=\"3597\" data-end=\"3624\">Vhodn\u00fd: Unisex ergonomick\u00fd strih<\/p>\n<\/li>\n<li class=\"\" data-start=\"3625\" data-end=\"3682\">\n<p class=\"\" data-start=\"3627\" data-end=\"3682\">Uzavretie: Nastavite\u013en\u00fd p\u00e1sik na such\u00fd zips + zap\u00ednanie na z\u00e1p\u00e4st\u00ed<\/p>\n<\/li>\n<li class=\"\" data-start=\"3683\" data-end=\"3738\">\n<p class=\"\" data-start=\"3685\" data-end=\"3738\">Zna\u010dkovanie: K dispoz\u00edcii je \u0161tandardn\u00e1 alebo s\u00fakromn\u00e1 zna\u010dka RYINZ<\/p>\n<\/li>\n<li class=\"\" data-start=\"3739\" data-end=\"3788\">\n<p class=\"\" data-start=\"3741\" data-end=\"3788\">Prisp\u00f4sobenie: Logo, farebn\u00e1 sch\u00e9ma, typ oblo\u017eenia<\/p>\n<\/li>\n<li class=\"\" data-start=\"3789\" data-end=\"3807\">\n<p class=\"\" data-start=\"3791\" data-end=\"3807\">MOQ: 300 p\u00e1rov<\/p>\n<\/li>\n<li class=\"\" data-start=\"3808\" data-end=\"3859\">\n<p class=\"\" data-start=\"3810\" data-end=\"3859\">Certifik\u00e1cia: K dispoz\u00edcii na vy\u017eiadanie (CE, EN388)<\/p>\n<\/li>\n<li class=\"\" data-start=\"3860\" data-end=\"3911\">\n<p class=\"\" data-start=\"3862\" data-end=\"3911\">Balenie: Jednotliv\u00e9 polyetyl\u00e9nov\u00e9 vreck\u00e1 alebo prisp\u00f4soben\u00e9 krabice<\/p>\n<\/li>\n<\/ul>","protected":false},"excerpt":{"rendered":"<p>Zosta\u0148te v pohodl\u00ed a istote na snehu s <strong data-start=\"4018\" data-end=\"4057\">RYINZ Rukavice na sneh a ly\u017eovanie do ka\u017ed\u00e9ho po\u010dasia<\/strong> - Rukavice pripraven\u00e9 na zimu, ktor\u00e9 s\u00fa vytvoren\u00e9 na seri\u00f3zny v\u00fdkon v extr\u00e9mnych podmienkach. Tieto rukavice kombinuj\u00fa odoln\u00fd vonkaj\u0161\u00ed pl\u00e1\u0161\u0165 s tepelnou izol\u00e1ciou a pohodlnou pod\u0161\u00edvkou, \u010do zaru\u010duje spo\u013eahliv\u00fa ochranu proti vetru, snehu a vlhkosti. Ich dlh\u00e1 man\u017eeta poskytuje dodato\u010dn\u00e9 krytie, zatia\u013e \u010do nastavite\u013en\u00fd p\u00e1sik a p\u00e1sik na z\u00e1p\u00e4st\u00ed ich bezpe\u010dne udr\u017e\u00ed na mieste. Zosilnen\u00e1 dla\u0148 zlep\u0161uje \u00fachop, zatia\u013e \u010do polstrovan\u00e9 oblasti a predkriven\u00e9 prsty zvy\u0161uj\u00fa flexibilitu a ochranu. Tieto rukavice s\u00fa ide\u00e1lne na ly\u017eovanie, snowboarding, jazdu na sne\u017enom sk\u00fatri a pr\u00e1cu v chladnom po\u010das\u00ed a s\u00fa ur\u010den\u00e9 pre mu\u017eov a \u017eeny, ktor\u00ed potrebuj\u00fa \u0161t\u00fdl aj v\u00fdkon v jednom.<\/p>","protected":false},"featured_media":8947,"comment_status":"closed","ping_status":"closed","template":"","meta":[],"product_brand":[35],"product_cat":[57],"product_tag":[63,65],"class_list":{"0":"post-8907","1":"product","2":"type-product","3":"status-publish","4":"has-post-thumbnail","6":"product_brand-ryinz","7":"product_cat-ski-snowboarding-gloves","8":"product_tag-adjustable-snowboarding-gloves","9":"product_tag-cordura-ski-gloves","11":"first","12":"instock","13":"taxable","14":"shipping-taxable","15":"purchasable","16":"product-type-simple"},"_links":{"self":[{"href":"https:\/\/ryinz.cz\/velkoobchod\/sk\/wp-json\/wp\/v2\/product\/8907","targetHints":{"allow":["GET"]}}],"collection":[{"href":"https:\/\/ryinz.cz\/velkoobchod\/sk\/wp-json\/wp\/v2\/product"}],"about":[{"href":"https:\/\/ryinz.cz\/velkoobchod\/sk\/wp-json\/wp\/v2\/types\/product"}],"replies":[{"embeddable":true,"href":"https:\/\/ryinz.cz\/velkoobchod\/sk\/wp-json\/wp\/v2\/comments?post=8907"}],"wp:featuredmedia":[{"embeddable":true,"href":"https:\/\/ryinz.cz\/velkoobchod\/sk\/wp-json\/wp\/v2\/media\/8947"}],"wp:attachment":[{"href":"https:\/\/ryinz.cz\/velkoobchod\/sk\/wp-json\/wp\/v2\/media?parent=8907"}],"wp:term":[{"taxonomy":"product_brand","embeddable":true,"href":"https:\/\/ryinz.cz\/velkoobchod\/sk\/wp-json\/wp\/v2\/product_brand?post=8907"},{"taxonomy":"product_cat","embeddable":true,"href":"https:\/\/ryinz.cz\/velkoobchod\/sk\/wp-json\/wp\/v2\/product_cat?post=8907"},{"taxonomy":"product_tag","embeddable":true,"href":"https:\/\/ryinz.cz\/velkoobchod\/sk\/wp-json\/wp\/v2\/product_tag?post=8907"}],"curies":[{"name":"wp","href":"https:\/\/api.w.org\/{rel}","templated":true}]}}