{"id":8906,"date":"2025-06-22T15:21:04","date_gmt":"2025-06-22T15:21:04","guid":{"rendered":"https:\/\/ryinz.cz\/velkoobchod\/?post_type=product&#038;p=8906"},"modified":"2026-01-18T20:16:44","modified_gmt":"2026-01-18T20:16:44","slug":"ryinz-extremne-chladne-pocasie-lyziarske-snowboardove-rukavice-vetru-odolne-vodotesne-zateplene-zimne-rukavice-s-popruhom-na-zapastie","status":"publish","type":"product","link":"https:\/\/ryinz.cz\/velkoobchod\/sk\/product\/ryinz-extreme-cold-weather-ski-snowboarding-gloves-windproof-waterproof-insulated-winter-gloves-with-wrist-strap\/","title":{"rendered":"RYINZ Extreme Cold Weather Ski &amp; Snowboarding Gloves - vetruvzdorn\u00e9, vodotesn\u00e9, zateplen\u00e9 zimn\u00e9 rukavice s popruhom na z\u00e1p\u00e4stie"},"content":{"rendered":"<p class=\"\" data-start=\"346\" data-end=\"701\">Za\u017eite \u0161pi\u010dkov\u00fd v\u00fdkon a v\u00fdnimo\u010dn\u00fa ochranu v drsnom zimnom prostred\u00ed s <strong data-start=\"439\" data-end=\"504\">RYINZ MSG-0064 Rukavice na ly\u017eovanie a snowboarding v extr\u00e9mne chladnom po\u010das\u00ed<\/strong>. Tieto rukavice s\u00fa ur\u010den\u00e9 pre \u0161portovcov, pracovn\u00edkov v pr\u00edrode, nad\u0161encov snehov\u00fdch \u0161portov a vysokohorsk\u00fdch cestovate\u013eov, ktor\u00ed vy\u017eaduj\u00fa teplo, funk\u010dnos\u0165 a dlhotrvaj\u00facu odolnos\u0165 pri teplot\u00e1ch pod bodom mrazu.<\/p>\n<p class=\"\" data-start=\"703\" data-end=\"1106\">Kon\u0161trukcia s <strong data-start=\"722\" data-end=\"744\">trojvrstvov\u00fd syst\u00e9m<\/strong>, tieto rukavice maj\u00fa <strong data-start=\"769\" data-end=\"807\">odoln\u00fd vodotesn\u00fd nylonov\u00fd vonkaj\u0161\u00ed pl\u00e1\u0161\u0165<\/strong>, a <strong data-start=\"811\" data-end=\"848\">zosilnen\u00e1 dla\u0148 zo syntetickej ko\u017ee<\/strong>, a <strong data-start=\"856\" data-end=\"894\">m\u00e4kk\u00e1 izolovan\u00e1 fleecov\u00e1 vn\u00fatorn\u00e1 pod\u0161\u00edvka<\/strong> pre maxim\u00e1lnu ochranu pred vetrom, vlhkos\u0165ou a mrazom. \u010ci u\u017e ly\u017eujete, jazd\u00edte na snowboarde, odhadzujete sneh, alebo prech\u00e1dzate horsk\u00fdm ter\u00e9nom, MSG-0064 pon\u00faka neochvejn\u00fa spo\u013eahlivos\u0165 a teplo.<\/p>\n<p class=\"\" data-start=\"1108\" data-end=\"1434\">Oblas\u0165 dlane je vytvoren\u00e1 pomocou <strong data-start=\"1138\" data-end=\"1162\">PU ko\u017ea s vysokou pri\u013enavos\u0165ou<\/strong>, navrhnut\u00e9 na zlep\u0161enie kontroly a zabr\u00e1nenie sk\u013aznutiu pri dr\u017ean\u00ed ly\u017eiarskych pal\u00edc, rukov\u00e4t\u00ed sne\u017en\u00fdch sk\u00fatrov alebo v\u00fdstroja. Strategick\u00e9 v\u00fdstuhy na spodnej \u010dasti dlane a koncoch prstov zvy\u0161uj\u00fa pevnos\u0165 v oblastiach s vysok\u00fdm opotrebovan\u00edm, v\u010faka \u010domu s\u00fa tieto rukavice v\u00fdnimo\u010dne odoln\u00e9 na akt\u00edvne pou\u017e\u00edvanie v n\u00e1ro\u010dn\u00fdch podmienkach.<\/p>\n<p class=\"\" data-start=\"1436\" data-end=\"1770\">Vn\u00fatorne rukavice obsahuj\u00fa <strong data-start=\"1469\" data-end=\"1511\">priedu\u0161n\u00e1, ale teplo zadr\u017eiavaj\u00faca membr\u00e1na<\/strong>, \u010do umo\u017e\u0148uje \u00fanik vlhkosti a z\u00e1rove\u0148 zadr\u017eiava tepl\u00fd vzduch vo vn\u00fatri. To vytv\u00e1ra optim\u00e1lnu mikrokl\u00edmu pre va\u0161e ruky aj po\u010das dlh\u0161ieho pobytu vonku. Str\u00e1nka <strong data-start=\"1672\" data-end=\"1695\">m\u00e4kk\u00e1 kart\u00e1\u010dovan\u00e1 pod\u0161\u00edvka<\/strong> poskytuje pr\u00edjemn\u00fd pocit a zabra\u0148uje treniu alebo podr\u00e1\u017edeniu po\u010das dlh\u00e9ho nosenia.<\/p>\n<p class=\"\" data-start=\"1772\" data-end=\"2067\">Rukavice MSG-0064 s\u00fa tie\u017e vybaven\u00e9 <strong data-start=\"1805\" data-end=\"1847\">pred\u013a\u017een\u00e9 man\u017eety so zap\u00ednan\u00edm na \u0161n\u00farku<\/strong> a <strong data-start=\"1852\" data-end=\"1879\">nastavite\u013en\u00e9 popruhy na z\u00e1p\u00e4stie<\/strong>, \u010do v\u00e1m umo\u017en\u00ed \u00fa\u010dinne utesni\u0165 sneh a vietor. Integrovan\u00fd <strong data-start=\"1947\" data-end=\"1991\">nastavite\u013en\u00fd remienok so sponou cez z\u00e1p\u00e4stie<\/strong> zais\u0165uje bezpe\u010dn\u00e9 uchytenie a zabra\u0148uje sk\u013aznutiu aj po\u010das r\u00fdchlej aktivity.<\/p>\n<p class=\"\" data-start=\"2069\" data-end=\"2305\">Okrem toho sa rukavice dod\u00e1vaj\u00fa s <strong data-start=\"2104\" data-end=\"2144\">uzamykacie svorky na udr\u017eanie p\u00e1rov pohromade<\/strong> a s\u00fa kompatibiln\u00e9 so z\u00e1p\u00e4stn\u00fdmi vod\u00edtkami pre v\u00e4\u010d\u0161iu bezpe\u010dnos\u0165 na ly\u017eiarskych vlekoch. Reflexn\u00e9 logo zvy\u0161uje vidite\u013enos\u0165 pri slabom osvetlen\u00ed a zvy\u0161uje bezpe\u010dnos\u0165.<\/p>\n<p class=\"\" data-start=\"2307\" data-end=\"2603\">Ergonomick\u00fd tvar rukav\u00edc, navrhnut\u00fd s oh\u013eadom na v\u00fdkon, zaru\u010duje flexibilitu a obratnos\u0165 a z\u00e1rove\u0148 poskytuje izol\u00e1ciu. S\u00fa ide\u00e1lne na <strong data-start=\"2463\" data-end=\"2526\">ly\u017eiari, snowboardisti, pracovn\u00edci v chladnom podneb\u00ed, horsk\u00ed turisti<\/strong>, a v\u0161etci, ktor\u00ed potrebuj\u00fa spo\u013eahliv\u00e9 termo rukavice do najchladnej\u0161ieho prostredia.<\/p>\n<p class=\"\" data-start=\"2605\" data-end=\"2795\">V\u010faka unisex dizajnu a dostupnosti vo viacer\u00fdch ve\u013ekostiach <strong data-start=\"2666\" data-end=\"2684\">RYINZ MSG-0064<\/strong> je najlep\u0161ou vo\u013ebou pre predajcov zimn\u00e9ho \u0161portov\u00e9ho vybavenia, predajcov horskej v\u00fdstroje alebo pre osobn\u00e9 vylep\u0161enia vybavenia do chladn\u00e9ho po\u010dasia.<\/p>\n<hr class=\"\" data-start=\"2797\" data-end=\"2800\" \/>\n<h3 class=\"\" data-start=\"2802\" data-end=\"2829\"><strong data-start=\"2806\" data-end=\"2829\">Najd\u00f4le\u017eitej\u0161ie vlastnosti produktu:<\/strong><\/h3>\n<ul data-start=\"2831\" data-end=\"3515\">\n<li class=\"\" data-start=\"2831\" data-end=\"2929\">\n<p class=\"\" data-start=\"2833\" data-end=\"2929\">Trojvrstvov\u00e1 ochrana: Vonkaj\u0161\u00ed nepremokav\u00fd pl\u00e1\u0161\u0165, tepl\u00e1 izol\u00e1cia a m\u00e4kk\u00e1 fleecov\u00e1 vn\u00fatorn\u00e1 pod\u0161\u00edvka<\/p>\n<\/li>\n<li class=\"\" data-start=\"2930\" data-end=\"2989\">\n<p class=\"\" data-start=\"2932\" data-end=\"2989\">Vysoko pri\u013enav\u00e1 dla\u0148 z PU ko\u017ee so zosilnen\u00fdmi kontaktn\u00fdmi z\u00f3nami<\/p>\n<\/li>\n<li class=\"\" data-start=\"2990\" data-end=\"3065\">\n<p class=\"\" data-start=\"2992\" data-end=\"3065\">Odolnos\u0165 vo\u010di vetru a snehu s nastavite\u013en\u00fdm popruhom na z\u00e1p\u00e4stie a pred\u013a\u017eenou man\u017eetou<\/p>\n<\/li>\n<li class=\"\" data-start=\"3066\" data-end=\"3136\">\n<p class=\"\" data-start=\"3068\" data-end=\"3136\">Priedu\u0161n\u00e1 vn\u00fatorn\u00e1 membr\u00e1na odv\u00e1dzaj\u00faca vlhkos\u0165 pre sucho a pohodlie<\/p>\n<\/li>\n<li class=\"\" data-start=\"3137\" data-end=\"3224\">\n<p class=\"\" data-start=\"3139\" data-end=\"3224\">Bezpe\u010dn\u00fd popruh so sponou na z\u00e1p\u00e4stie + uzamykacie spony + s\u0165ahovacia man\u017eeta pre \u00fapln\u00fa ochranu<\/p>\n<\/li>\n<li class=\"\" data-start=\"3225\" data-end=\"3281\">\n<p class=\"\" data-start=\"3227\" data-end=\"3281\">Ergonomick\u00fd dizajn pre flexibilitu a pohyb prstov<\/p>\n<\/li>\n<li class=\"\" data-start=\"3282\" data-end=\"3349\">\n<p class=\"\" data-start=\"3284\" data-end=\"3349\">Reflexn\u00e9 logo RYINZ pre vidite\u013enos\u0165 po\u010das noci alebo snehovej b\u00farky<\/p>\n<\/li>\n<li class=\"\" data-start=\"3350\" data-end=\"3448\">\n<p class=\"\" data-start=\"3352\" data-end=\"3448\">Vhodn\u00e9 na snowboarding, ly\u017eovanie, zimn\u00fa turistiku, odh\u0155\u0148anie snehu alebo do chladn\u00e9ho po\u010dasia<\/p>\n<\/li>\n<li class=\"\" data-start=\"3449\" data-end=\"3515\">\n<p class=\"\" data-start=\"3451\" data-end=\"3515\">K dispoz\u00edcii v \u010diernej\/\u0161edej farbe a s mo\u017enos\u0165ou prisp\u00f4sobenia pomocou s\u00fakromn\u00e9ho ozna\u010denia<\/p>\n<\/li>\n<\/ul>\n<hr class=\"\" data-start=\"3517\" data-end=\"3520\" \/>\n<h3 class=\"\" data-start=\"3522\" data-end=\"3543\"><strong data-start=\"3526\" data-end=\"3543\">Aplik\u00e1cie:<\/strong><\/h3>\n<ul data-start=\"3545\" data-end=\"3891\">\n<li class=\"\" data-start=\"3545\" data-end=\"3583\">\n<p class=\"\" data-start=\"3547\" data-end=\"3583\">Rekrea\u010dn\u00e9 ly\u017eovanie a snowboarding<\/p>\n<\/li>\n<li class=\"\" data-start=\"3584\" data-end=\"3632\">\n<p class=\"\" data-start=\"3586\" data-end=\"3632\">Zimn\u00e9 outdoorov\u00e9 \u0161porty a vysokohorsk\u00e9 exped\u00edcie<\/p>\n<\/li>\n<li class=\"\" data-start=\"3633\" data-end=\"3677\">\n<p class=\"\" data-start=\"3635\" data-end=\"3677\">Priemyseln\u00e9 pr\u00e1ce a pr\u00e1ce v chladnom prostred\u00ed<\/p>\n<\/li>\n<li class=\"\" data-start=\"3678\" data-end=\"3721\">\n<p class=\"\" data-start=\"3680\" data-end=\"3721\">Vojensk\u00e9 a taktick\u00e9 zimn\u00e9 oper\u00e1cie<\/p>\n<\/li>\n<li class=\"\" data-start=\"3722\" data-end=\"3760\">\n<p class=\"\" data-start=\"3724\" data-end=\"3760\">Jazda na sne\u017enom sk\u00fatri a psom z\u00e1prahu<\/p>\n<\/li>\n<li class=\"\" data-start=\"3761\" data-end=\"3801\">\n<p class=\"\" data-start=\"3763\" data-end=\"3801\">Turistika, treking a horolezectvo<\/p>\n<\/li>\n<li class=\"\" data-start=\"3802\" data-end=\"3849\">\n<p class=\"\" data-start=\"3804\" data-end=\"3849\">Pou\u017e\u00edvanie chladiarensk\u00fdch skladov a chladiarensk\u00fdch skladov<\/p>\n<\/li>\n<li class=\"\" data-start=\"3850\" data-end=\"3891\">\n<p class=\"\" data-start=\"3852\" data-end=\"3891\">Pol\u00edcia, z\u00e1chran\u00e1ri a pohotovostn\u00fd person\u00e1l<\/p>\n<\/li>\n<\/ul>\n<hr class=\"\" data-start=\"3893\" data-end=\"3896\" \/>\n<h3 class=\"\" data-start=\"3898\" data-end=\"3921\"><strong data-start=\"3902\" data-end=\"3921\">\u0160pecifik\u00e1cie:<\/strong><\/h3>\n<ul data-start=\"3923\" data-end=\"4431\">\n<li class=\"\" data-start=\"3923\" data-end=\"3942\">\n<p class=\"\" data-start=\"3925\" data-end=\"3942\">Model: MSG-0064<\/p>\n<\/li>\n<li class=\"\" data-start=\"3943\" data-end=\"4017\">\n<p class=\"\" data-start=\"3945\" data-end=\"4017\">Materi\u00e1ly: Materi\u00e1l: nepremokav\u00fd nylon, PU syntetick\u00e1 ko\u017ea, m\u00e4kk\u00fd br\u00fasen\u00fd fleece<\/p>\n<\/li>\n<li class=\"\" data-start=\"4018\" data-end=\"4049\">\n<p class=\"\" data-start=\"4020\" data-end=\"4049\">Ve\u013ekosti: XS, S, M, L, XL, XXL<\/p>\n<\/li>\n<li class=\"\" data-start=\"4050\" data-end=\"4122\">\n<p class=\"\" data-start=\"4052\" data-end=\"4122\">Typ uz\u00e1veru: Nastavite\u013en\u00fd popruh s h\u00e1\u010dikom a \u0161n\u00farkou<\/p>\n<\/li>\n<li class=\"\" data-start=\"4123\" data-end=\"4175\">\n<p class=\"\" data-start=\"4125\" data-end=\"4175\">Farba: \u010dierna\/\u0161ed\u00e1 (mo\u017enos\u0165 prisp\u00f4sobenia pri hromadn\u00fdch objedn\u00e1vkach)<\/p>\n<\/li>\n<li class=\"\" data-start=\"4176\" data-end=\"4220\">\n<p class=\"\" data-start=\"4178\" data-end=\"4220\">Logo: RYINZ (mo\u017enos\u0165 tla\u010de loga OEM)<\/p>\n<\/li>\n<li class=\"\" data-start=\"4221\" data-end=\"4285\">\n<p class=\"\" data-start=\"4223\" data-end=\"4285\">Hodnotenie teploty: Vhodn\u00e9 pre prostredie s teplotou od -25 \u00b0C do -30 \u00b0C<\/p>\n<\/li>\n<li class=\"\" data-start=\"4286\" data-end=\"4344\">\n<p class=\"\" data-start=\"4288\" data-end=\"4344\">Certifik\u00e1cia: CE EN388 \/ EN511 na vy\u017eiadanie<\/p>\n<\/li>\n<li class=\"\" data-start=\"4345\" data-end=\"4385\">\n<p class=\"\" data-start=\"4347\" data-end=\"4385\">MOQ: 300-500 p\u00e1rov na z\u00e1kazku<\/p>\n<\/li>\n<li class=\"\" data-start=\"4386\" data-end=\"4431\">\n<p class=\"\" data-start=\"4388\" data-end=\"4431\">Balenie: Polybag, OEM maloobchodn\u00e1 krabica volite\u013en\u00e1<\/p>\n<\/li>\n<\/ul>","protected":false},"excerpt":{"rendered":"<p>Vydajte sa do najchladnej\u0161\u00edch podmienok s istotou v <strong data-start=\"4549\" data-end=\"4593\">RYINZ MSG-0064 Rukavice na ly\u017eovanie a snowboarding<\/strong>. Tieto rukavice s\u00fa navrhnut\u00e9 pre extr\u00e9mny v\u00fdkon a kombinuj\u00fa nepremokav\u00fa vonkaj\u0161iu tkaninu, izol\u00e1ciu s fl\u00edsovou pod\u0161\u00edvkou a dlane s vysokou pri\u013enavos\u0165ou PU pre vynikaj\u00face teplo a pou\u017eite\u013enos\u0165 v snehu. V\u010faka pred\u013a\u017een\u00fdm man\u017eet\u00e1m, zap\u00ednaniu na \u0161n\u00farku a nastavite\u013en\u00fdm p\u00e1sikom na z\u00e1p\u00e4st\u00ed pon\u00fakaj\u00fa bezpe\u010dn\u00e9 nosenie a \u00fapln\u00fa ochranu pred vetrom a snehom. S\u00fa vystu\u017een\u00e9 v nam\u00e1han\u00fdch bodoch a priedu\u0161n\u00e9 zvn\u00fatra, preto s\u00fa ide\u00e1lne na snowboarding, ly\u017eovanie, zimn\u00fa turistiku alebo pr\u00e1cu v chladnom po\u010das\u00ed. Tieto rukavice, ktor\u00e9 s\u00fa navrhnut\u00e9 tak, aby odol\u00e1vali m\u00ednusov\u00fdm klimatick\u00fdm podmienkam, a za ktor\u00fdmi stoj\u00ed d\u00f4veryhodn\u00e1 kvalita RYINZ, s\u00fa k dispoz\u00edcii vo viacer\u00fdch ve\u013ekostiach a pon\u00fakaj\u00fa mo\u017enosti OEM ozna\u010denia pre profesion\u00e1lnych kupuj\u00facich v celej Eur\u00f3pe aj mimo nej.<\/p>","protected":false},"featured_media":8950,"comment_status":"closed","ping_status":"closed","template":"","meta":[],"product_brand":[35],"product_cat":[57],"product_tag":[63,64],"class_list":{"0":"post-8906","1":"product","2":"type-product","3":"status-publish","4":"has-post-thumbnail","6":"product_brand-ryinz","7":"product_cat-ski-snowboarding-gloves","8":"product_tag-adjustable-snowboarding-gloves","9":"product_tag-fleece-lined-snowboarding-gloves","11":"first","12":"instock","13":"taxable","14":"shipping-taxable","15":"purchasable","16":"product-type-simple"},"_links":{"self":[{"href":"https:\/\/ryinz.cz\/velkoobchod\/sk\/wp-json\/wp\/v2\/product\/8906","targetHints":{"allow":["GET"]}}],"collection":[{"href":"https:\/\/ryinz.cz\/velkoobchod\/sk\/wp-json\/wp\/v2\/product"}],"about":[{"href":"https:\/\/ryinz.cz\/velkoobchod\/sk\/wp-json\/wp\/v2\/types\/product"}],"replies":[{"embeddable":true,"href":"https:\/\/ryinz.cz\/velkoobchod\/sk\/wp-json\/wp\/v2\/comments?post=8906"}],"wp:featuredmedia":[{"embeddable":true,"href":"https:\/\/ryinz.cz\/velkoobchod\/sk\/wp-json\/wp\/v2\/media\/8950"}],"wp:attachment":[{"href":"https:\/\/ryinz.cz\/velkoobchod\/sk\/wp-json\/wp\/v2\/media?parent=8906"}],"wp:term":[{"taxonomy":"product_brand","embeddable":true,"href":"https:\/\/ryinz.cz\/velkoobchod\/sk\/wp-json\/wp\/v2\/product_brand?post=8906"},{"taxonomy":"product_cat","embeddable":true,"href":"https:\/\/ryinz.cz\/velkoobchod\/sk\/wp-json\/wp\/v2\/product_cat?post=8906"},{"taxonomy":"product_tag","embeddable":true,"href":"https:\/\/ryinz.cz\/velkoobchod\/sk\/wp-json\/wp\/v2\/product_tag?post=8906"}],"curies":[{"name":"wp","href":"https:\/\/api.w.org\/{rel}","templated":true}]}}