{"id":8905,"date":"2025-06-22T15:21:04","date_gmt":"2025-06-22T15:21:04","guid":{"rendered":"https:\/\/ryinz.cz\/velkoobchod\/?post_type=product&#038;p=8905"},"modified":"2026-01-18T20:16:44","modified_gmt":"2026-01-18T20:16:44","slug":"ryinz-nepremokave-lyziarske-snowboardove-rukavice-s-kozenou-dlanou-tepla-podsivka-vetruodolna-ochrana-pre-sporty-v-chladnom-pocasi","status":"publish","type":"product","link":"https:\/\/ryinz.cz\/velkoobchod\/sk\/product\/ryinz-waterproof-ski-snowboarding-gloves-with-leather-palm-warm-lining-windproof-protection-for-cold-weather-sports\/","title":{"rendered":"RYINZ Vodotesn\u00e9 ly\u017eiarske a snowboardov\u00e9 rukavice s ko\u017eenou dla\u0148ou, teplou pod\u0161\u00edvkou a vetruodolnou ochranou pre \u0161porty v chladnom po\u010das\u00ed"},"content":{"rendered":"<p class=\"\" data-start=\"320\" data-end=\"635\">Zosta\u0148te v teple, chr\u00e1nen\u00ed a \u0161t\u00fdlov\u00ed na svahu s modelom <strong data-start=\"377\" data-end=\"412\">RYINZ Rukavice na ly\u017eovanie a snowboarding<\/strong>, ur\u010den\u00e9 na v\u00fdkonn\u00e9 zimn\u00e9 \u0161porty a pr\u00e1cu v exteri\u00e9ri pod nulou. Tento model rukav\u00edc sp\u00e1ja funk\u010dn\u00fd dizajn, odoln\u00e9 materi\u00e1ly a modern\u00fa estetiku, aby splnil o\u010dak\u00e1vania profesion\u00e1lov aj nad\u0161encov.<\/p>\n<p class=\"\" data-start=\"637\" data-end=\"1050\">Kon\u0161trukcia s <strong data-start=\"656\" data-end=\"689\">vonkaj\u0161\u00ed pl\u00e1\u0161\u0165 odoln\u00fd vo\u010di poveternostn\u00fdm vplyvom<\/strong>, tieto rukavice chr\u00e1nia va\u0161e ruky pred snehom, sne\u017een\u00edm a \u0161tip\u013eav\u00fdm vetrom. V\u00fdrazn\u00e1 oran\u017eovo-sivo-\u010dierna farebn\u00e1 sch\u00e9ma pon\u00faka vysok\u00fa vidite\u013enos\u0165 v zasne\u017eenom ter\u00e9ne a z\u00e1rove\u0148 si zachov\u00e1va elegantn\u00fd, \u0161portov\u00fd vzh\u013ead. Dla\u0148 je vystu\u017een\u00e1 <strong data-start=\"912\" data-end=\"931\">prav\u00e1 ko\u017ea<\/strong>, ktor\u00e9 pon\u00fakaj\u00fa vynikaj\u00facu pri\u013enavos\u0165 a dlhotrvaj\u00facu odolnos\u0165 - dokonca aj pri n\u00e1ro\u010dnom pou\u017e\u00edvan\u00ed, ako je ly\u017eovanie, snowboarding a jazda na sne\u017enom sk\u00fatri.<\/p>\n<p class=\"\" data-start=\"1052\" data-end=\"1461\">Vo vn\u00fatri n\u00e1jdete <strong data-start=\"1074\" data-end=\"1097\">m\u00e4kk\u00e1 tepeln\u00e1 pod\u0161\u00edvka<\/strong> ktor\u00e1 zachyt\u00e1va telesn\u00e9 teplo a izoluje ruky, aby sa dlh\u0161ie zahriali bez prehriatia. Vn\u00fatro je priedu\u0161n\u00e9, odv\u00e1dza vlhkos\u0165 od poko\u017eky a z\u00e1rove\u0148 neprep\u00fa\u0161\u0165a studen\u00fd vzduch. Polstrovan\u00fd panel na k\u013aboch prstov zvy\u0161uje ochranu pred n\u00e1razmi a nepriazniv\u00fdmi poveternostn\u00fdmi podmienkami a predkriven\u00e1 kon\u0161trukcia prstov zais\u0165uje prirodzen\u00e9 nosenie a v\u00e4\u010d\u0161ie pohodlie po\u010das dlh\u00e9ho pou\u017e\u00edvania.<\/p>\n<p class=\"\" data-start=\"1463\" data-end=\"1806\">Oblas\u0165 z\u00e1p\u00e4stia je vybaven\u00e1 pru\u017en\u00fdm <strong data-start=\"1504\" data-end=\"1536\">syst\u00e9m uzatv\u00e1rania na h\u00e1\u010dik a slu\u010dku<\/strong> pre pohodln\u00e9 a prisp\u00f4sobite\u013en\u00e9 nosenie. Elastick\u00e9 zipsy na z\u00e1p\u00e4st\u00ed zabra\u0148uj\u00fa prenikaniu snehu a pom\u00e1haj\u00fa udr\u017ea\u0165 vn\u00fatorn\u00e9 teplo. Ergonomick\u00e9 \u00fachopov\u00e9 z\u00f3ny poskytuj\u00fa vynikaj\u00face dr\u017eanie a zni\u017euj\u00fa \u00fanavu, \u010di u\u017e dr\u017e\u00edte ly\u017eiarske palice, pohybujete sa v z\u013eadovatenom ter\u00e9ne alebo jazd\u00edte po svahu.<\/p>\n<p class=\"\" data-start=\"1808\" data-end=\"2049\">Tieto rukavice s\u00fa navrhnut\u00e9 tak, aby fungovali pod tlakom testovan\u00fdm \u0161portovcami a zimn\u00fdmi profesion\u00e1lmi a zabezpe\u010dili dlhotrvaj\u00face nosenie v chladnom a n\u00e1ro\u010dnom prostred\u00ed. Od vrcholov h\u00f4r a\u017e po priemyseln\u00e9 pracovisk\u00e1, <strong data-start=\"2011\" data-end=\"2048\">Rukavice RYINZ s\u00fa vyroben\u00e9 na ochranu<\/strong>.<\/p>\n<p class=\"\" data-start=\"2051\" data-end=\"2074\"><strong data-start=\"2051\" data-end=\"2074\">Najd\u00f4le\u017eitej\u0161ie vlastnosti produktu:<\/strong><\/p>\n<ul data-start=\"2076\" data-end=\"3000\">\n<li class=\"\" data-start=\"2076\" data-end=\"2176\">\n<p class=\"\" data-start=\"2078\" data-end=\"2176\"><strong data-start=\"2078\" data-end=\"2103\">Odoln\u00e1 kon\u0161trukcia:<\/strong> Vetru a vode odoln\u00fd vonkaj\u0161\u00ed pl\u00e1\u0161\u0165 so zosilnenou ko\u017eenou dla\u0148ou<\/p>\n<\/li>\n<li class=\"\" data-start=\"2177\" data-end=\"2270\">\n<p class=\"\" data-start=\"2179\" data-end=\"2270\"><strong data-start=\"2179\" data-end=\"2202\">Tepl\u00e9 a pohodln\u00e9:<\/strong> Vn\u00fatorn\u00fd priestor je vystlan\u00fd tepelno-izola\u010dn\u00fdm materi\u00e1lom, ktor\u00fd udr\u017e\u00ed ruky v teple<\/p>\n<\/li>\n<li class=\"\" data-start=\"2271\" data-end=\"2356\">\n<p class=\"\" data-start=\"2273\" data-end=\"2356\"><strong data-start=\"2273\" data-end=\"2295\">Priedu\u0161n\u00fd dizajn:<\/strong> Zni\u017euje potenie a zlep\u0161uje vetranie po\u010das intenz\u00edvneho pou\u017e\u00edvania<\/p>\n<\/li>\n<li class=\"\" data-start=\"2357\" data-end=\"2428\">\n<p class=\"\" data-start=\"2359\" data-end=\"2428\"><strong data-start=\"2359\" data-end=\"2386\">Proti\u0161mykov\u00e1 ko\u017een\u00e1 dla\u0148:<\/strong> Vynikaj\u00faca pri\u013enavos\u0165 za mokra alebo na \u013eade<\/p>\n<\/li>\n<li class=\"\" data-start=\"2429\" data-end=\"2506\">\n<p class=\"\" data-start=\"2431\" data-end=\"2506\"><strong data-start=\"2431\" data-end=\"2446\">Bezpe\u010dn\u00e9 uchytenie:<\/strong> Nastavite\u013en\u00fd popruh na z\u00e1p\u00e4stie a elastick\u00e1 man\u017eeta pre \u00fapln\u00e9 pokrytie<\/p>\n<\/li>\n<li class=\"\" data-start=\"2507\" data-end=\"2580\">\n<p class=\"\" data-start=\"2509\" data-end=\"2580\"><strong data-start=\"2509\" data-end=\"2529\">Vysok\u00e1 vidite\u013enos\u0165:<\/strong> Jasn\u00fd oran\u017eovo-\u0161edo-\u010dierny dizajn pre v\u00e4\u010d\u0161iu bezpe\u010dnos\u0165<\/p>\n<\/li>\n<li class=\"\" data-start=\"2581\" data-end=\"2672\">\n<p class=\"\" data-start=\"2583\" data-end=\"2672\"><strong data-start=\"2583\" data-end=\"2606\">Predbe\u017ene zakriven\u00e9 prsty:<\/strong> Prirodzen\u00fd strih pre men\u0161iu \u00fanavu r\u00fak po\u010das ly\u017eovania alebo snowboardingu<\/p>\n<\/li>\n<li class=\"\" data-start=\"2673\" data-end=\"2756\">\n<p class=\"\" data-start=\"2675\" data-end=\"2756\"><strong data-start=\"2675\" data-end=\"2697\">Ochrana proti n\u00e1razu:<\/strong> Zosilnen\u00e1 z\u00f3na k\u013abov pre bezpe\u010dnos\u0165 pri p\u00e1doch alebo prek\u00e1\u017ekach<\/p>\n<\/li>\n<li class=\"\" data-start=\"2757\" data-end=\"2848\">\n<p class=\"\" data-start=\"2759\" data-end=\"2848\"><strong data-start=\"2759\" data-end=\"2780\">Viac\u00fa\u010delov\u00e9 pou\u017eitie:<\/strong> Vhodn\u00e9 na \u0161port, odh\u0155\u0148anie snehu, turistiku a doch\u00e1dzanie do pr\u00e1ce v zime<\/p>\n<\/li>\n<li class=\"\" data-start=\"2849\" data-end=\"2922\">\n<p class=\"\" data-start=\"2851\" data-end=\"2922\"><strong data-start=\"2851\" data-end=\"2871\">Dostupn\u00e9 ve\u013ekosti:<\/strong> S, M, L, XL, XXL (prisp\u00f4sobenie ve\u013ekosti pre hromadn\u00e9 objedn\u00e1vky)<\/p>\n<\/li>\n<li class=\"\" data-start=\"2923\" data-end=\"3000\">\n<p class=\"\" data-start=\"2925\" data-end=\"3000\"><strong data-start=\"2925\" data-end=\"2945\">Vlastn\u00e1 zna\u010dka:<\/strong> Mo\u017enosti s\u00fakromnej zna\u010dky s vytla\u010den\u00fdm alebo vy\u0161it\u00fdm logom<\/p>\n<\/li>\n<\/ul>\n<p class=\"\" data-start=\"3002\" data-end=\"3019\"><strong data-start=\"3002\" data-end=\"3019\">Aplik\u00e1cie:<\/strong><\/p>\n<ul data-start=\"3021\" data-end=\"3314\">\n<li class=\"\" data-start=\"3021\" data-end=\"3057\">\n<p class=\"\" data-start=\"3023\" data-end=\"3057\">Zjazdov\u00e9 ly\u017eovanie a snowboarding<\/p>\n<\/li>\n<li class=\"\" data-start=\"3058\" data-end=\"3106\">\n<p class=\"\" data-start=\"3060\" data-end=\"3106\">Be\u017eeck\u00e9 ly\u017eovanie alebo backcountry trekking<\/p>\n<\/li>\n<li class=\"\" data-start=\"3107\" data-end=\"3137\">\n<p class=\"\" data-start=\"3109\" data-end=\"3137\">Jazda na sne\u017en\u00fdch sk\u00fatroch alebo \u0161tvorkolk\u00e1ch<\/p>\n<\/li>\n<li class=\"\" data-start=\"3138\" data-end=\"3171\">\n<p class=\"\" data-start=\"3140\" data-end=\"3171\">Priemyseln\u00e9 \u00falohy v chladnom po\u010das\u00ed<\/p>\n<\/li>\n<li class=\"\" data-start=\"3172\" data-end=\"3202\">\n<p class=\"\" data-start=\"3174\" data-end=\"3202\">Pr\u00e1ca v mraziar\u0148ach a skladoch<\/p>\n<\/li>\n<li class=\"\" data-start=\"3203\" data-end=\"3247\">\n<p class=\"\" data-start=\"3205\" data-end=\"3247\">Pou\u017e\u00edvanie stavebn\u00fdch a cestn\u00fdch pos\u00e1dok v zime<\/p>\n<\/li>\n<li class=\"\" data-start=\"3248\" data-end=\"3288\">\n<p class=\"\" data-start=\"3250\" data-end=\"3288\">Doj\u00ed\u017e\u010fanie v extr\u00e9mne chladnom podneb\u00ed<\/p>\n<\/li>\n<li class=\"\" data-start=\"3289\" data-end=\"3314\">\n<p class=\"\" data-start=\"3291\" data-end=\"3314\">\u013dadolezectvo a turistika<\/p>\n<\/li>\n<\/ul>\n<p class=\"\" data-start=\"3316\" data-end=\"3338\"><strong data-start=\"3316\" data-end=\"3338\">Mo\u017enosti balenia:<\/strong><\/p>\n<ul data-start=\"3340\" data-end=\"3526\">\n<li class=\"\" data-start=\"3340\" data-end=\"3388\">\n<p class=\"\" data-start=\"3342\" data-end=\"3388\">\u0160tandardn\u00e9 polyetyl\u00e9nov\u00e9 vrecko alebo vlastn\u00e9 zna\u010dkov\u00e9 balenie<\/p>\n<\/li>\n<li class=\"\" data-start=\"3389\" data-end=\"3431\">\n<p class=\"\" data-start=\"3391\" data-end=\"3431\">\u0160t\u00edtky s \u010diarov\u00fdm k\u00f3dom pre maloobchodn\u00e9 jednotky<\/p>\n<\/li>\n<li class=\"\" data-start=\"3432\" data-end=\"3473\">\n<p class=\"\" data-start=\"3434\" data-end=\"3473\">Hromadn\u00e9 balenie pre B2B kupuj\u00facich<\/p>\n<\/li>\n<li class=\"\" data-start=\"3474\" data-end=\"3526\">\n<p class=\"\" data-start=\"3476\" data-end=\"3526\">Volite\u013en\u00e9 balenie na zavesenie a vystavenie pre maloobchod<\/p>\n<\/li>\n<\/ul>\n<p class=\"\" data-start=\"3528\" data-end=\"3547\"><strong data-start=\"3528\" data-end=\"3547\">Certifik\u00e1ty:<\/strong><\/p>\n<ul data-start=\"3549\" data-end=\"3734\">\n<li class=\"\" data-start=\"3549\" data-end=\"3565\">\n<p class=\"\" data-start=\"3551\" data-end=\"3565\">Certifik\u00e1t CE<\/p>\n<\/li>\n<li class=\"\" data-start=\"3566\" data-end=\"3610\">\n<p class=\"\" data-start=\"3568\" data-end=\"3610\">Ochrana pred chladn\u00fdm po\u010das\u00edm v s\u00falade s normou EN 511<\/p>\n<\/li>\n<li class=\"\" data-start=\"3611\" data-end=\"3640\">\n<p class=\"\" data-start=\"3613\" data-end=\"3640\">Materi\u00e1ly v s\u00falade s nariaden\u00edm REACH<\/p>\n<\/li>\n<li class=\"\" data-start=\"3641\" data-end=\"3695\">\n<p class=\"\" data-start=\"3643\" data-end=\"3695\">Navrhnut\u00e9 v s\u00falade s bezpe\u010dnostn\u00fdmi smernicami E\u00da pre osobn\u00e9 ochrann\u00e9 prostriedky<\/p>\n<\/li>\n<li class=\"\" data-start=\"3696\" data-end=\"3734\">\n<p class=\"\" data-start=\"3698\" data-end=\"3734\">Dodr\u017eiavanie v\u00fdrobn\u00fdch noriem ISO<\/p>\n<\/li>\n<\/ul>\n<p class=\"\" data-start=\"3736\" data-end=\"3763\"><strong data-start=\"3736\" data-end=\"3763\">Slu\u017eby prisp\u00f4sobenia:<\/strong><\/p>\n<p class=\"\" data-start=\"3765\" data-end=\"4074\">Ako eur\u00f3psky dod\u00e1vate\u013e <strong data-start=\"3791\" data-end=\"3800\">RYINZ<\/strong>, pon\u00fakame flexibiln\u00e9 slu\u017eby OEM\/ODM. Klienti si m\u00f4\u017eu vy\u017eiada\u0165 vlastn\u00e9 ve\u013ekosti, log\u00e1 zna\u010diek, kombin\u00e1cie farieb potla\u010de a \u0161pecializovan\u00e9 balenia na maloobchodn\u00e9, t\u00edmov\u00e9 alebo pracovn\u00e9 \u00fa\u010dely. \u0160pecializujeme sa na <strong data-start=\"3996\" data-end=\"4041\">hromadn\u00e9 objedn\u00e1vky s pr\u00e9miovou z\u00e1kazn\u00edckou podporou<\/strong> pre kupuj\u00facich v E\u00da a USA.<\/p>","protected":false},"excerpt":{"rendered":"<p>Viacvrstvov\u00e9 ly\u017eiarske a snowboardov\u00e9 rukavice RYINZ maj\u00fa nepremokav\u00fd pl\u00e1\u0161\u0165, tepl\u00fa vn\u00fatorn\u00fa pod\u0161\u00edvku a odoln\u00fa ko\u017een\u00fa dla\u0148 - s\u00fa navrhnut\u00e9 do vysokohorsk\u00fdch podmienok. Predkriven\u00e9 prsty, bezpe\u010dn\u00e9 zap\u00ednanie na z\u00e1p\u00e4st\u00ed a kon\u0161trukcia utesnen\u00e1 proti poveternostn\u00fdm vplyvom udr\u017euj\u00fa ruky v teple a suchu a z\u00e1rove\u0148 poskytuj\u00fa ochranu proti vetru a vlhkosti. Tieto rukavice s\u00fa navrhnut\u00e9 na ly\u017eovanie, snowboarding, jazdu na sne\u017enom sk\u00fatri a pr\u00e1cu v pr\u00edrode a poskytuj\u00fa celodenn\u00e9 pohodlie a trval\u00fa odolnos\u0165 s mo\u017enos\u0165ami vlastn\u00e9ho ozna\u010denia pre predajcov a t\u00edmy.<\/p>","protected":false},"featured_media":8955,"comment_status":"closed","ping_status":"closed","template":"","meta":[],"product_brand":[35],"product_cat":[57],"product_tag":[61,62],"class_list":{"0":"post-8905","1":"product","2":"type-product","3":"status-publish","4":"has-post-thumbnail","6":"product_brand-ryinz","7":"product_cat-ski-snowboarding-gloves","8":"product_tag-cowhide-leather-ski-gloves","9":"product_tag-insulated-snowboarding-gloves","11":"first","12":"instock","13":"taxable","14":"shipping-taxable","15":"purchasable","16":"product-type-simple"},"_links":{"self":[{"href":"https:\/\/ryinz.cz\/velkoobchod\/sk\/wp-json\/wp\/v2\/product\/8905","targetHints":{"allow":["GET"]}}],"collection":[{"href":"https:\/\/ryinz.cz\/velkoobchod\/sk\/wp-json\/wp\/v2\/product"}],"about":[{"href":"https:\/\/ryinz.cz\/velkoobchod\/sk\/wp-json\/wp\/v2\/types\/product"}],"replies":[{"embeddable":true,"href":"https:\/\/ryinz.cz\/velkoobchod\/sk\/wp-json\/wp\/v2\/comments?post=8905"}],"wp:featuredmedia":[{"embeddable":true,"href":"https:\/\/ryinz.cz\/velkoobchod\/sk\/wp-json\/wp\/v2\/media\/8955"}],"wp:attachment":[{"href":"https:\/\/ryinz.cz\/velkoobchod\/sk\/wp-json\/wp\/v2\/media?parent=8905"}],"wp:term":[{"taxonomy":"product_brand","embeddable":true,"href":"https:\/\/ryinz.cz\/velkoobchod\/sk\/wp-json\/wp\/v2\/product_brand?post=8905"},{"taxonomy":"product_cat","embeddable":true,"href":"https:\/\/ryinz.cz\/velkoobchod\/sk\/wp-json\/wp\/v2\/product_cat?post=8905"},{"taxonomy":"product_tag","embeddable":true,"href":"https:\/\/ryinz.cz\/velkoobchod\/sk\/wp-json\/wp\/v2\/product_tag?post=8905"}],"curies":[{"name":"wp","href":"https:\/\/api.w.org\/{rel}","templated":true}]}}