{"id":8904,"date":"2025-06-22T15:21:04","date_gmt":"2025-06-22T15:21:04","guid":{"rendered":"https:\/\/ryinz.cz\/velkoobchod\/?post_type=product&#038;p=8904"},"modified":"2026-01-18T20:16:43","modified_gmt":"2026-01-18T20:16:43","slug":"ryinz-lahke-nepremokave-lyziarske-snehove-rukavice-priedusne-termo-rukavice-pre-vysokohorske-sporty-snowboarding-zimna-jazda","status":"publish","type":"product","link":"https:\/\/ryinz.cz\/velkoobchod\/sk\/product\/ryinz-lightweight-waterproof-ski-snow-gloves-breathable-thermal-gloves-for-alpine-sports-snowboarding-winter-riding\/","title":{"rendered":"RYINZ \u013dahk\u00e9 nepremokav\u00e9 ly\u017eiarske a snehov\u00e9 rukavice - priedu\u0161n\u00e9 termo rukavice na alpsk\u00e9 \u0161porty, snowboarding a zimn\u00fa jazdu"},"content":{"rendered":"<p class=\"\" data-start=\"342\" data-end=\"720\">Prekon\u00e1vajte chladn\u00e9 podmienky s istotou pomocou <strong data-start=\"400\" data-end=\"427\">Ly\u017eiarske a sne\u017en\u00e9 rukavice RYINZ<\/strong> - v\u0161estrann\u00e9, \u013eahk\u00e9 a v\u00fdkonn\u00e9 rie\u0161enie pre sne\u017en\u00e9 \u0161porty a zimn\u00e9 aktivity. Tieto rukavice, navrhnut\u00e9 pre profesion\u00e1lov, nad\u0161encov a pracovn\u00edkov v zime, kombinuj\u00fa inovat\u00edvnu izol\u00e1ciu, ergonomick\u00fd strih a p\u00fatav\u00fd dizajn, aby poskytovali bezkonkuren\u010dn\u00e9 pohodlie a u\u017eito\u010dnos\u0165.<\/p>\n<p class=\"\" data-start=\"722\" data-end=\"1184\">Tento model rukav\u00edc m\u00e1 elegantn\u00fd <strong data-start=\"756\" data-end=\"802\">zelen\u00fd, biely a \u010dierny farebn\u00fd blok<\/strong> so \u0161t\u00fdlov\u00fdm logom RYINZ, ktor\u00e9 s\u00fa vytvoren\u00e9 tak, aby vynikli na svahu a z\u00e1rove\u0148 pon\u00fakali vysoko funk\u010dn\u00fd v\u00fdkon. Vonkaj\u0161ia vrstva je vetruvzdorn\u00e1 a vodeodoln\u00e1, navrhnut\u00e1 tak, aby odolala snehu, sne\u017eeniu a n\u00e1hlym zmen\u00e1m po\u010dasia. Vystu\u017een\u00e1 dla\u0148ov\u00e1 \u010das\u0165 s <strong data-start=\"1050\" data-end=\"1081\">proti\u0161mykov\u00e1 syntetick\u00e1 ko\u017ea<\/strong> zlep\u0161uje pri\u013enavos\u0165 na ty\u010diach, dosk\u00e1ch alebo n\u00e1strojoch, \u010d\u00edm zaru\u010duje bezpe\u010dnos\u0165 a kontrolu aj v mokrom alebo z\u013eadovatenom prostred\u00ed.<\/p>\n<p class=\"\" data-start=\"1186\" data-end=\"1491\">Vn\u00fatri sa nach\u00e1dza <strong data-start=\"1196\" data-end=\"1219\">m\u00e4kk\u00e1 tepeln\u00e1 pod\u0161\u00edvka<\/strong> poskytuje \u00fa\u010dinn\u00fa izol\u00e1ciu t\u00fdm, \u017ee zadr\u017eiava telesn\u00e9 teplo a z\u00e1rove\u0148 zost\u00e1va priedu\u0161n\u00e1, \u010d\u00edm zabra\u0148uje hromadeniu potu po\u010das vysoko nam\u00e1havej aktivity. \u010ci u\u017e ly\u017eujete na alpsk\u00fdch svahoch, alebo sa pohybujete po zimn\u00fdch chodn\u00edkoch, tieto rukavice udr\u017euj\u00fa pr\u00edjemn\u00fa mikrokl\u00edmu pre va\u0161e ruky.<\/p>\n<p class=\"\" data-start=\"1493\" data-end=\"1852\">Navrhnut\u00e9 s <strong data-start=\"1507\" data-end=\"1530\">k\u013abov\u00e9 prsty<\/strong>, tieto rukavice podporuj\u00fa prirodzen\u00fd \u00fachop bez \u00fanavy pri dlhodobom pou\u017e\u00edvan\u00ed. \u013dahk\u00e9 materi\u00e1ly zabezpe\u010duj\u00fa \u013eahk\u00fd pohyb, zatia\u013e \u010do nastavite\u013en\u00e1 man\u017eeta na z\u00e1p\u00e4st\u00ed pom\u00e1ha blokova\u0165 sneh a studen\u00fd vzduch. Zosilnen\u00e9 \u0161vy a z\u00f3ny odoln\u00e9 vo\u010di oderu zvy\u0161uj\u00fa odolnos\u0165, v\u010faka \u010domu s\u00fa tieto rukavice ide\u00e1lne na rekrea\u010dn\u00e9 aj profesion\u00e1lne pou\u017eitie.<\/p>\n<p class=\"\" data-start=\"1854\" data-end=\"2018\">\u010ci u\u017e ste nad\u0161enec snowboardingu, dobrodruh v ter\u00e9ne alebo pracujete v chladnom podneb\u00ed, <strong data-start=\"1946\" data-end=\"2017\">Rukavice RYINZ pon\u00fakaj\u00fa odolnos\u0165, ochranu a pohodlie, ktor\u00e9 potrebujete<\/strong>.<\/p>\n<hr class=\"\" data-start=\"2020\" data-end=\"2023\" \/>\n<p class=\"\" data-start=\"2025\" data-end=\"2048\"><strong data-start=\"2025\" data-end=\"2048\">Najd\u00f4le\u017eitej\u0161ie vlastnosti produktu:<\/strong><\/p>\n<ul data-start=\"2050\" data-end=\"2778\">\n<li class=\"\" data-start=\"2050\" data-end=\"2136\">\n<p class=\"\" data-start=\"2052\" data-end=\"2136\"><strong data-start=\"2052\" data-end=\"2075\">Tepeln\u00e1 izol\u00e1cia:<\/strong> Tepl\u00e1 vn\u00fatorn\u00e1 pod\u0161\u00edvka navrhnut\u00e1 na v\u00fdkon pri n\u00edzkych teplot\u00e1ch<\/p>\n<\/li>\n<li class=\"\" data-start=\"2137\" data-end=\"2216\">\n<p class=\"\" data-start=\"2139\" data-end=\"2216\"><strong data-start=\"2139\" data-end=\"2166\">Odolnos\u0165 vo\u010di vetru a vode:<\/strong> Vonkaj\u0161\u00ed pl\u00e1\u0161\u0165 odpudzuje vlhkos\u0165 a blokuje \u013eadov\u00fd vietor<\/p>\n<\/li>\n<li class=\"\" data-start=\"2217\" data-end=\"2300\">\n<p class=\"\" data-start=\"2219\" data-end=\"2300\"><strong data-start=\"2219\" data-end=\"2245\">Zosilnen\u00e9 z\u00f3ny uchopenia:<\/strong> Vylep\u0161en\u00e9 ovl\u00e1danie dlane s odolnou povrchovou \u00fapravou z PU ko\u017ee<\/p>\n<\/li>\n<li class=\"\" data-start=\"2301\" data-end=\"2376\">\n<p class=\"\" data-start=\"2303\" data-end=\"2376\"><strong data-start=\"2303\" data-end=\"2319\">Pohodln\u00fd strih:<\/strong> \u013dahk\u00fd a flexibiln\u00fd s prisp\u00f4soben\u00fdm zap\u00ednan\u00edm na z\u00e1p\u00e4st\u00ed<\/p>\n<\/li>\n<li class=\"\" data-start=\"2377\" data-end=\"2450\">\n<p class=\"\" data-start=\"2379\" data-end=\"2450\"><strong data-start=\"2379\" data-end=\"2396\">Elegantn\u00fd dizajn:<\/strong> Zelen\u00fd, \u010dierny a biely kontrast so \u0161portov\u00fdm vzh\u013eadom<\/p>\n<\/li>\n<li class=\"\" data-start=\"2451\" data-end=\"2526\">\n<p class=\"\" data-start=\"2453\" data-end=\"2526\"><strong data-start=\"2453\" data-end=\"2473\">Ergonomick\u00fd tvar:<\/strong> Predbe\u017ene zakriven\u00e9 prsty pre lep\u0161ie prisp\u00f4sobenie a dr\u017eanie ruky<\/p>\n<\/li>\n<li class=\"\" data-start=\"2527\" data-end=\"2595\">\n<p class=\"\" data-start=\"2529\" data-end=\"2595\"><strong data-start=\"2529\" data-end=\"2554\">Priedu\u0161n\u00e9 materi\u00e1ly:<\/strong> Udr\u017euje ruky v suchu po\u010das pou\u017e\u00edvania pri vysok\u00fdch pohyboch<\/p>\n<\/li>\n<li class=\"\" data-start=\"2596\" data-end=\"2662\">\n<p class=\"\" data-start=\"2598\" data-end=\"2662\"><strong data-start=\"2598\" data-end=\"2620\">\u013dahk\u00e1 kon\u0161trukcia:<\/strong> Ide\u00e1lne pre r\u00fdchlos\u0165, obratnos\u0165 a \u0161ikovnos\u0165<\/p>\n<\/li>\n<li class=\"\" data-start=\"2663\" data-end=\"2738\">\n<p class=\"\" data-start=\"2665\" data-end=\"2738\"><strong data-start=\"2665\" data-end=\"2695\">K dispoz\u00edcii je vlastn\u00e1 zna\u010dka:<\/strong> Podpora OEM\/ODM pre objedn\u00e1vky s\u00fakromn\u00fdch zna\u010diek<\/p>\n<\/li>\n<li class=\"\" data-start=\"2739\" data-end=\"2778\">\n<p class=\"\" data-start=\"2741\" data-end=\"2778\"><strong data-start=\"2741\" data-end=\"2761\">Dostupn\u00e9 ve\u013ekosti:<\/strong> S, M, L, XL, XXL<\/p>\n<\/li>\n<\/ul>\n<hr class=\"\" data-start=\"2780\" data-end=\"2783\" \/>\n<p class=\"\" data-start=\"2785\" data-end=\"2799\"><strong data-start=\"2785\" data-end=\"2799\">Pr\u00edpady pou\u017eitia:<\/strong><\/p>\n<ul data-start=\"2801\" data-end=\"3069\">\n<li class=\"\" data-start=\"2801\" data-end=\"2836\">\n<p class=\"\" data-start=\"2803\" data-end=\"2836\">Alpsk\u00e9 a be\u017eeck\u00e9 ly\u017eovanie<\/p>\n<\/li>\n<li class=\"\" data-start=\"2837\" data-end=\"2869\">\n<p class=\"\" data-start=\"2839\" data-end=\"2869\">Snowboarding a sne\u017enice<\/p>\n<\/li>\n<li class=\"\" data-start=\"2870\" data-end=\"2904\">\n<p class=\"\" data-start=\"2872\" data-end=\"2904\">Zimn\u00e1 jazda na motocykli alebo bicykli<\/p>\n<\/li>\n<li class=\"\" data-start=\"2905\" data-end=\"2936\">\n<p class=\"\" data-start=\"2907\" data-end=\"2936\">Jazda na sne\u017en\u00fdch sk\u00fatroch alebo \u0161tvorkolk\u00e1ch<\/p>\n<\/li>\n<li class=\"\" data-start=\"2937\" data-end=\"2971\">\n<p class=\"\" data-start=\"2939\" data-end=\"2971\">Pracovn\u00e9 prostredie v chladnom po\u010das\u00ed<\/p>\n<\/li>\n<li class=\"\" data-start=\"2972\" data-end=\"3011\">\n<p class=\"\" data-start=\"2974\" data-end=\"3011\">Outdoorov\u00e9 \u0161porty a trekking v snehu<\/p>\n<\/li>\n<li class=\"\" data-start=\"3012\" data-end=\"3040\">\n<p class=\"\" data-start=\"3014\" data-end=\"3040\">Manipul\u00e1cia s mrazni\u010dkou<\/p>\n<\/li>\n<li class=\"\" data-start=\"3041\" data-end=\"3069\">\n<p class=\"\" data-start=\"3043\" data-end=\"3069\">Doj\u00ed\u017e\u010fanie v nepriaznivom po\u010das\u00ed<\/p>\n<\/li>\n<\/ul>\n<hr class=\"\" data-start=\"3071\" data-end=\"3074\" \/>\n<p class=\"\" data-start=\"3076\" data-end=\"3095\"><strong data-start=\"3076\" data-end=\"3095\">\u0160pecifik\u00e1cie:<\/strong><\/p>\n<ul data-start=\"3097\" data-end=\"3431\">\n<li class=\"\" data-start=\"3097\" data-end=\"3143\">\n<p class=\"\" data-start=\"3099\" data-end=\"3143\">\u0160krupina: Polyester + vodeodoln\u00e1 vrstva<\/p>\n<\/li>\n<li class=\"\" data-start=\"3144\" data-end=\"3195\">\n<p class=\"\" data-start=\"3146\" data-end=\"3195\">Dla\u0148: PU syntetick\u00e1 ko\u017ea so zosilnen\u00fdm \u00fachopom<\/p>\n<\/li>\n<li class=\"\" data-start=\"3196\" data-end=\"3235\">\n<p class=\"\" data-start=\"3198\" data-end=\"3235\">Oblo\u017eenie: M\u00e4kk\u00fd br\u00fasen\u00fd term\u00e1lny fleece<\/p>\n<\/li>\n<li class=\"\" data-start=\"3236\" data-end=\"3283\">\n<p class=\"\" data-start=\"3238\" data-end=\"3283\">Uzavretie: Elastick\u00e9 z\u00e1p\u00e4stie s bezpe\u010dnou man\u017eetou<\/p>\n<\/li>\n<li class=\"\" data-start=\"3284\" data-end=\"3328\">\n<p class=\"\" data-start=\"3286\" data-end=\"3328\">Um\u00fdvate\u013en\u00e9: Ru\u010dn\u00e9 pranie na opakovan\u00e9 pou\u017eitie<\/p>\n<\/li>\n<li class=\"\" data-start=\"3329\" data-end=\"3373\">\n<p class=\"\" data-start=\"3331\" data-end=\"3373\">Balenie: Polybag alebo vlastn\u00e1 zna\u010dkov\u00e1 krabica<\/p>\n<\/li>\n<li class=\"\" data-start=\"3374\" data-end=\"3431\">\n<p class=\"\" data-start=\"3376\" data-end=\"3431\">Certifik\u00e1ty: CE, EN ISO 21420:2020, EN 388<\/p>\n<\/li>\n<\/ul>\n<hr class=\"\" data-start=\"3433\" data-end=\"3436\" \/>\n<p class=\"\" data-start=\"3438\" data-end=\"3464\"><strong data-start=\"3438\" data-end=\"3464\">Mo\u017enosti prisp\u00f4sobenia:<\/strong><\/p>\n<ul data-start=\"3466\" data-end=\"3682\">\n<li class=\"\" data-start=\"3466\" data-end=\"3497\">\n<p class=\"\" data-start=\"3468\" data-end=\"3497\">Tla\u010d alebo v\u00fd\u0161ivka loga<\/p>\n<\/li>\n<li class=\"\" data-start=\"3498\" data-end=\"3543\">\n<p class=\"\" data-start=\"3500\" data-end=\"3543\">Farebn\u00e9 kombin\u00e1cie, ktor\u00e9 zodpovedaj\u00fa va\u0161ej zna\u010dke<\/p>\n<\/li>\n<li class=\"\" data-start=\"3544\" data-end=\"3600\">\n<p class=\"\" data-start=\"3546\" data-end=\"3600\">Vlastn\u00e9 balenie (so z\u00e1vesom, \u010diarov\u00fdm k\u00f3dom alebo dar\u010dekovou krabi\u010dkou)<\/p>\n<\/li>\n<li class=\"\" data-start=\"3601\" data-end=\"3636\">\n<p class=\"\" data-start=\"3603\" data-end=\"3636\">Pripraven\u00e9 na maloobchodn\u00fd predaj alebo hromadn\u00e9 objedn\u00e1vky B2B<\/p>\n<\/li>\n<li class=\"\" data-start=\"3637\" data-end=\"3682\">\n<p class=\"\" data-start=\"3639\" data-end=\"3682\">Flexibilita MOQ pre z\u00e1kazn\u00edkov so s\u00fakromnou zna\u010dkou<\/p>\n<\/li>\n<\/ul>","protected":false},"excerpt":{"rendered":"<p>\u013dahk\u00e9 snehov\u00e9 rukavice RYINZ poskytuj\u00fa v\u00fdnimo\u010dn\u00fd v\u00fdkon v chladnom po\u010das\u00ed pri ly\u017eovan\u00ed, snowboardingu alebo pr\u00e1ci v zime. Rukavice s\u00fa vyroben\u00e9 z priedu\u0161n\u00fdch materi\u00e1lov a maj\u00fa term\u00e1lnu fl\u00edsov\u00fa pod\u0161\u00edvku, tak\u017ee udr\u017euj\u00fa ruky v teple bez prehrievania. Ich proti\u0161mykov\u00e1 dla\u0148 zo syntetickej ko\u017ee zais\u0165uje pevn\u00fd \u00fachop vo vlhk\u00fdch podmienkach, zatia\u013e \u010do nepremokav\u00fd a vetru odoln\u00fd pl\u00e1\u0161\u0165 chr\u00e1ni pred nepriazniv\u00fdmi vplyvmi po\u010dasia. V\u010faka modern\u00e9mu zeleno-\u010dierno-bielemu dizajnu a priliehav\u00e9mu strihu na z\u00e1p\u00e4st\u00ed s\u00fa tieto rukavice rovnako \u0161t\u00fdlov\u00e9 ako funk\u010dn\u00e9. Tieto rukavice s\u00fa ide\u00e1lne pre distrib\u00fatorov outdoorov\u00e9ho vybavenia v E\u00da, predajcov zimn\u00fdch \u0161portov a profesion\u00e1lne t\u00edmy, podporuj\u00fa s\u00fakromn\u00e9 ozna\u010dovanie, vlastn\u00e9 farebn\u00e9 prevedenia a kompletn\u00fa OEM v\u00fdrobu pod eur\u00f3pskou z\u00e1\u0161titou spolo\u010dnosti RYINZ.<\/p>","protected":false},"featured_media":8954,"comment_status":"closed","ping_status":"closed","template":"","meta":[],"product_brand":[35],"product_cat":[57],"product_tag":[58,59,60],"class_list":{"0":"post-8904","1":"product","2":"type-product","3":"status-publish","4":"has-post-thumbnail","6":"product_brand-ryinz","7":"product_cat-ski-snowboarding-gloves","8":"product_tag-cowhide-leather-gloves","9":"product_tag-insulated-winter-gloves","10":"product_tag-smart-touch-ski-gloves","12":"first","13":"instock","14":"taxable","15":"shipping-taxable","16":"purchasable","17":"product-type-simple"},"_links":{"self":[{"href":"https:\/\/ryinz.cz\/velkoobchod\/sk\/wp-json\/wp\/v2\/product\/8904","targetHints":{"allow":["GET"]}}],"collection":[{"href":"https:\/\/ryinz.cz\/velkoobchod\/sk\/wp-json\/wp\/v2\/product"}],"about":[{"href":"https:\/\/ryinz.cz\/velkoobchod\/sk\/wp-json\/wp\/v2\/types\/product"}],"replies":[{"embeddable":true,"href":"https:\/\/ryinz.cz\/velkoobchod\/sk\/wp-json\/wp\/v2\/comments?post=8904"}],"wp:featuredmedia":[{"embeddable":true,"href":"https:\/\/ryinz.cz\/velkoobchod\/sk\/wp-json\/wp\/v2\/media\/8954"}],"wp:attachment":[{"href":"https:\/\/ryinz.cz\/velkoobchod\/sk\/wp-json\/wp\/v2\/media?parent=8904"}],"wp:term":[{"taxonomy":"product_brand","embeddable":true,"href":"https:\/\/ryinz.cz\/velkoobchod\/sk\/wp-json\/wp\/v2\/product_brand?post=8904"},{"taxonomy":"product_cat","embeddable":true,"href":"https:\/\/ryinz.cz\/velkoobchod\/sk\/wp-json\/wp\/v2\/product_cat?post=8904"},{"taxonomy":"product_tag","embeddable":true,"href":"https:\/\/ryinz.cz\/velkoobchod\/sk\/wp-json\/wp\/v2\/product_tag?post=8904"}],"curies":[{"name":"wp","href":"https:\/\/api.w.org\/{rel}","templated":true}]}}