{"id":8903,"date":"2025-06-22T15:21:03","date_gmt":"2025-06-22T15:21:03","guid":{"rendered":"https:\/\/ryinz.cz\/velkoobchod\/?post_type=product&#038;p=8903"},"modified":"2026-01-18T20:16:42","modified_gmt":"2026-01-18T20:16:42","slug":"ryinz-vyhrievane-lyziarske-snowboardove-rukavice-s-vodotesnym-plastom-dobijatelnou-bateriou-a-moznostou-dotykoveho-ovladania","status":"publish","type":"product","link":"https:\/\/ryinz.cz\/velkoobchod\/sk\/product\/ryinz-heated-ski-snowboarding-gloves-with-waterproof-shell-rechargeable-battery-and-touchscreen-capability\/","title":{"rendered":"Vyhrievan\u00e9 ly\u017eiarske a snowboardov\u00e9 rukavice RYINZ s vodotesn\u00fdm pl\u00e1\u0161\u0165om, dob\u00edjacou bat\u00e9riou a mo\u017enos\u0165ou dotykov\u00e9ho ovl\u00e1dania"},"content":{"rendered":"<p class=\"\" data-start=\"351\" data-end=\"761\">Za\u017eite vzru\u0161enie zo zimn\u00fdch \u0161portov bez toho, aby ste museli obetova\u0165 pohodlie alebo teplo <strong data-start=\"433\" data-end=\"475\">Vyhrievan\u00e9 ly\u017eiarske a snowboardov\u00e9 rukavice RYINZ<\/strong>, navrhnut\u00e9 do extr\u00e9mnych poveternostn\u00fdch podmienok a na vysoko v\u00fdkonn\u00e9 outdoorov\u00e9 aktivity. Tieto rukavice kombinuj\u00fa pokro\u010dil\u00fa technol\u00f3giu vyhrievania, odoln\u00fa kon\u0161trukciu a u\u017e\u00edvate\u013esky pr\u00edvetiv\u00e9 funkcie, aby sp\u013a\u0148ali potreby ly\u017eiarov, snowboardistov, jazdcov na sne\u017en\u00fdch sk\u00fatroch a pracovn\u00edkov pracuj\u00facich v pr\u00edrode v chladnom podneb\u00ed.<\/p>\n<p class=\"\" data-start=\"763\" data-end=\"1206\">Vyroben\u00e9 z vysoko v\u00fdkonn\u00e9ho <strong data-start=\"795\" data-end=\"829\">vodotesn\u00fd a vetruodoln\u00fd pl\u00e1\u0161\u0165<\/strong>, tieto rukavice s\u00fa vyroben\u00e9 tak, aby udr\u017eali va\u0161e ruky v suchu a chr\u00e1nili ich v snehu, da\u017edi alebo snehovej b\u00farke. Vonkaj\u0161ia vrstva obsahuje kombin\u00e1ciu syntetick\u00fdch text\u00edli\u00ed a ko\u017een\u00fdch v\u00fdstuh pre maxim\u00e1lnu odolnos\u0165 a pru\u017enos\u0165. Vn\u00fatri sa nach\u00e1dza mimoriadne m\u00e4kk\u00e1 zateplen\u00e1 pod\u0161\u00edvka a integrovan\u00e1 <strong data-start=\"1113\" data-end=\"1146\">vykurovacie prvky z uhl\u00edkov\u00fdch vl\u00e1kien<\/strong> poskytuje nepretr\u017eit\u00e9 teplo prstom a chrbtu ruky.<\/p>\n<p class=\"\" data-start=\"1208\" data-end=\"1564\">Stla\u010den\u00edm tla\u010didla m\u00f4\u017eu pou\u017e\u00edvatelia aktivova\u0165 jednu z t\u00fdchto funkci\u00ed <strong data-start=\"1261\" data-end=\"1285\">tri \u00farovne vykurovania<\/strong>, a okam\u017eite rozv\u00e1dza teplo tam, kde je najviac potrebn\u00e9. Rukavice s\u00fa nap\u00e1jan\u00e9 <strong data-start=\"1365\" data-end=\"1403\">dob\u00edjate\u013en\u00e9 l\u00edtium-i\u00f3nov\u00e9 bat\u00e9rie<\/strong>, ktor\u00e1 pon\u00faka a\u017e 6-8 hod\u00edn tepla pri n\u00edzkom nastaven\u00ed, 4-5 hod\u00edn pri strednom a 2-3 hodiny pri vysokom nastaven\u00ed - ide\u00e1lne na dlh\u00e9 dni na svahu alebo v mraziv\u00fdch pracovn\u00fdch podmienkach.<\/p>\n<p class=\"\" data-start=\"1566\" data-end=\"1982\">Ergonomick\u00fd dizajn zah\u0155\u0148a <strong data-start=\"1596\" data-end=\"1615\">polstrovan\u00e9 k\u013aby<\/strong>, predkriven\u00e9 prsty a proti\u0161mykov\u00e9 dlane z PU ko\u017ee pre vynikaj\u00face uchopenie ly\u017eiarskych pal\u00edc, snowboardov alebo n\u00e1radia. Pred\u013a\u017een\u00e1 kon\u0161trukcia man\u017eety s nastavite\u013enou \u0161n\u00farkou a elastick\u00fdm z\u00e1p\u00e4st\u00edm zaru\u010duje bezpe\u010dn\u00e9 nosenie a z\u00e1rove\u0148 zabra\u0148uje prenikaniu snehu a studen\u00e9ho vzduchu. Dokonca aj s nasaden\u00fdmi rukavicami. <strong data-start=\"1885\" data-end=\"1922\">kon\u010deky prstov kompatibiln\u00e9 s dotykovou obrazovkou<\/strong> umo\u017e\u0148uj\u00fa pou\u017e\u00edvate\u013eom bezprobl\u00e9mov\u00e9 pou\u017e\u00edvanie smartf\u00f3nov alebo zariaden\u00ed GPS.<\/p>\n<p class=\"\" data-start=\"1984\" data-end=\"2001\"><strong data-start=\"1984\" data-end=\"2001\">K\u013e\u00fa\u010dov\u00e9 vlastnosti:<\/strong><\/p>\n<ul data-start=\"2003\" data-end=\"2974\">\n<li class=\"\" data-start=\"2003\" data-end=\"2116\">\n<p class=\"\" data-start=\"2005\" data-end=\"2116\"><strong data-start=\"2005\" data-end=\"2037\">Dob\u00edjac\u00ed vykurovac\u00ed syst\u00e9m:<\/strong> Tri nastavenia teploty (n\u00edzka\/stredn\u00e1\/vysok\u00e1) s v\u00fddr\u017eou bat\u00e9rie a\u017e 8 hod\u00edn<\/p>\n<\/li>\n<li class=\"\" data-start=\"2117\" data-end=\"2208\">\n<p class=\"\" data-start=\"2119\" data-end=\"2208\"><strong data-start=\"2119\" data-end=\"2150\">Vykurovacie z\u00f3ny z uhl\u00edkov\u00fdch vl\u00e1kien:<\/strong> Rovnomerne rozlo\u017een\u00e9 teplo na chrbte ruky a prstoch<\/p>\n<\/li>\n<li class=\"\" data-start=\"2209\" data-end=\"2301\">\n<p class=\"\" data-start=\"2211\" data-end=\"2301\"><strong data-start=\"2211\" data-end=\"2229\">Odoln\u00e1 kon\u0161trukcia:<\/strong> Vodotesn\u00e9, vetruvzdorn\u00e9 a vystu\u017een\u00e9 ko\u017eou v oblastiach s vysok\u00fdm opotrebovan\u00edm<\/p>\n<\/li>\n<li class=\"\" data-start=\"2302\" data-end=\"2377\">\n<p class=\"\" data-start=\"2304\" data-end=\"2377\"><strong data-start=\"2304\" data-end=\"2328\">Prsty na dotykovej obrazovke:<\/strong> Obsluha mobiln\u00fdch zariaden\u00ed bez nutnosti vyzliec\u0165 si rukavice<\/p>\n<\/li>\n<li class=\"\" data-start=\"2378\" data-end=\"2452\">\n<p class=\"\" data-start=\"2380\" data-end=\"2452\"><strong data-start=\"2380\" data-end=\"2395\">Bezpe\u010dn\u00e9 uchytenie:<\/strong> Nastavite\u013en\u00fd popruh na z\u00e1p\u00e4stie a elastick\u00e1 man\u017eeta so \u0161n\u00farkou<\/p>\n<\/li>\n<li class=\"\" data-start=\"2453\" data-end=\"2528\">\n<p class=\"\" data-start=\"2455\" data-end=\"2528\"><strong data-start=\"2455\" data-end=\"2478\">Dla\u0148 so zv\u00fd\u0161en\u00fdm \u00fachopom:<\/strong> Proti\u0161mykov\u00fd PU na lep\u0161iu kontrolu a presnos\u0165<\/p>\n<\/li>\n<li class=\"\" data-start=\"2529\" data-end=\"2622\">\n<p class=\"\" data-start=\"2531\" data-end=\"2622\"><strong data-start=\"2531\" data-end=\"2553\">Polstrovan\u00e1 ochrana:<\/strong> Extra vrstva na k\u013aboch a dlani pre bezpe\u010dnos\u0165 pri p\u00e1de alebo n\u00e1raze<\/p>\n<\/li>\n<li class=\"\" data-start=\"2623\" data-end=\"2711\">\n<p class=\"\" data-start=\"2625\" data-end=\"2711\"><strong data-start=\"2625\" data-end=\"2657\">R\u00fdchle nab\u00edjanie bat\u00e9rie:<\/strong> S\u00fa\u010das\u0165ou balenia s\u00fa dve bat\u00e9rie s n\u00e1stennou nab\u00edja\u010dkou a k\u00e1blom<\/p>\n<\/li>\n<li class=\"\" data-start=\"2712\" data-end=\"2775\">\n<p class=\"\" data-start=\"2714\" data-end=\"2775\"><strong data-start=\"2714\" data-end=\"2740\">Priedu\u0161n\u00e1 izol\u00e1cia:<\/strong> Udr\u017euje teplo a vlhkos\u0165 vonku<\/p>\n<\/li>\n<li class=\"\" data-start=\"2776\" data-end=\"2858\">\n<p class=\"\" data-start=\"2778\" data-end=\"2858\"><strong data-start=\"2778\" data-end=\"2801\">Prisp\u00f4sobenie loga:<\/strong> K dispoz\u00edcii pre s\u00fakromn\u00fa zna\u010dku alebo hromadn\u00e9 firemn\u00e9 zna\u010dky<\/p>\n<\/li>\n<li class=\"\" data-start=\"2859\" data-end=\"2913\">\n<p class=\"\" data-start=\"2861\" data-end=\"2913\"><strong data-start=\"2861\" data-end=\"2871\">Ve\u013ekosti:<\/strong> M, L, XL, XXL (vlastn\u00e9 ve\u013ekosti na po\u017eiadanie)<\/p>\n<\/li>\n<li class=\"\" data-start=\"2914\" data-end=\"2974\">\n<p class=\"\" data-start=\"2916\" data-end=\"2974\"><strong data-start=\"2916\" data-end=\"2926\">Farba:<\/strong> \u010cierna s \u010derven\u00fdmi akcentmi (vlastn\u00e9 farby na objedn\u00e1vku)<\/p>\n<\/li>\n<\/ul>\n<p class=\"\" data-start=\"2976\" data-end=\"2993\"><strong data-start=\"2976\" data-end=\"2993\">Aplik\u00e1cie:<\/strong><\/p>\n<ul data-start=\"2995\" data-end=\"3309\">\n<li class=\"\" data-start=\"2995\" data-end=\"3040\">\n<p class=\"\" data-start=\"2997\" data-end=\"3040\">Alpsk\u00e9 ly\u017eovanie, snowboarding, jazda na sne\u017enom sk\u00fatri<\/p>\n<\/li>\n<li class=\"\" data-start=\"3041\" data-end=\"3070\">\n<p class=\"\" data-start=\"3043\" data-end=\"3070\">Zimn\u00e1 turistika a kempovanie<\/p>\n<\/li>\n<li class=\"\" data-start=\"3071\" data-end=\"3104\">\n<p class=\"\" data-start=\"3073\" data-end=\"3104\">Skladovanie v chlade a pr\u00e1ca v mrazni\u010dke<\/p>\n<\/li>\n<li class=\"\" data-start=\"3105\" data-end=\"3132\">\n<p class=\"\" data-start=\"3107\" data-end=\"3132\">Rybolov na \u013eade a po\u013eovn\u00edctvo<\/p>\n<\/li>\n<li class=\"\" data-start=\"3133\" data-end=\"3162\">\n<p class=\"\" data-start=\"3135\" data-end=\"3162\">Horsk\u00e1 z\u00e1chrann\u00e1 slu\u017eba alebo hliadka<\/p>\n<\/li>\n<li class=\"\" data-start=\"3163\" data-end=\"3204\">\n<p class=\"\" data-start=\"3165\" data-end=\"3204\">Jazda na motocykli alebo e-biku v zime<\/p>\n<\/li>\n<li class=\"\" data-start=\"3205\" data-end=\"3255\">\n<p class=\"\" data-start=\"3207\" data-end=\"3255\">\u0160portov\u00e9 podujatia vonku v mraziv\u00fdch teplot\u00e1ch<\/p>\n<\/li>\n<li class=\"\" data-start=\"3256\" data-end=\"3309\">\n<p class=\"\" data-start=\"3258\" data-end=\"3309\">V\u00fdstavba a \u00fadr\u017eba v m\u00ednusov\u00fdch podmienkach<\/p>\n<\/li>\n<\/ul>\n<p class=\"\" data-start=\"3311\" data-end=\"3335\"><strong data-start=\"3311\" data-end=\"3335\">S\u00fa\u010das\u0165ou balenia je:<\/strong><\/p>\n<ul data-start=\"3337\" data-end=\"3563\">\n<li class=\"\" data-start=\"3337\" data-end=\"3364\">\n<p class=\"\" data-start=\"3339\" data-end=\"3364\">1 p\u00e1r vyhrievan\u00fdch rukav\u00edc<\/p>\n<\/li>\n<li class=\"\" data-start=\"3365\" data-end=\"3414\">\n<p class=\"\" data-start=\"3367\" data-end=\"3414\">2 nab\u00edjate\u013en\u00e9 bat\u00e9rie (jedna pre ka\u017ed\u00fa rukavicu)<\/p>\n<\/li>\n<li class=\"\" data-start=\"3415\" data-end=\"3456\">\n<p class=\"\" data-start=\"3417\" data-end=\"3456\">1 du\u00e1lny nab\u00edjac\u00ed k\u00e1bel alebo sie\u0165ov\u00fd adapt\u00e9r<\/p>\n<\/li>\n<li class=\"\" data-start=\"3457\" data-end=\"3503\">\n<p class=\"\" data-start=\"3459\" data-end=\"3503\">Pou\u017e\u00edvate\u013esk\u00e1 pr\u00edru\u010dka s viacjazy\u010dn\u00fdmi pokynmi<\/p>\n<\/li>\n<li class=\"\" data-start=\"3504\" data-end=\"3563\">\n<p class=\"\" data-start=\"3506\" data-end=\"3563\">Volite\u013en\u00e9 vodotesn\u00e9 \u00falo\u017en\u00e9 puzdro pre cestovn\u00e9 ta\u0161ky alebo ta\u0161ky na v\u00fdstroj<\/p>\n<\/li>\n<\/ul>\n<p class=\"\" data-start=\"3565\" data-end=\"3597\"><strong data-start=\"3565\" data-end=\"3597\">Dodr\u017eiavanie predpisov a certifik\u00e1cie:<\/strong><\/p>\n<ul data-start=\"3599\" data-end=\"3781\">\n<li class=\"\" data-start=\"3599\" data-end=\"3630\">\n<p class=\"\" data-start=\"3601\" data-end=\"3630\">Certifik\u00e1t CE - pripraven\u00e9 pre Eur\u00f3pu<\/p>\n<\/li>\n<li class=\"\" data-start=\"3631\" data-end=\"3660\">\n<p class=\"\" data-start=\"3633\" data-end=\"3660\">Komponenty v s\u00falade s RoHS<\/p>\n<\/li>\n<li class=\"\" data-start=\"3661\" data-end=\"3699\">\n<p class=\"\" data-start=\"3663\" data-end=\"3699\">Certifikovan\u00e9 bezpe\u010dnostn\u00e9 normy pre bat\u00e9rie<\/p>\n<\/li>\n<li class=\"\" data-start=\"3700\" data-end=\"3727\">\n<p class=\"\" data-start=\"3702\" data-end=\"3727\">Hodnotenie vodotesnosti: IPX4<\/p>\n<\/li>\n<li class=\"\" data-start=\"3728\" data-end=\"3781\">\n<p class=\"\" data-start=\"3730\" data-end=\"3781\">Bezpe\u010dn\u00e9 pre kontakt s poko\u017ekou - Hypoalerg\u00e9nna vn\u00fatorn\u00e1 v\u00fdstelka<\/p>\n<\/li>\n<\/ul>\n<p class=\"\" data-start=\"3783\" data-end=\"3813\"><strong data-start=\"3783\" data-end=\"3813\">Priv\u00e1tna zna\u010dka a ve\u013ekoobchod:<\/strong><\/p>\n<p class=\"\" data-start=\"3815\" data-end=\"4141\">Spolo\u010dnos\u0165 RYINZ pon\u00faka \u00fapln\u00fa podporu OEM a ODM pre ve\u013ekoobchodn\u00edkov, distrib\u00fatorov a maloobchodn\u00edkov v Eur\u00f3pe, Severnej Amerike a \u00c1zii. \u010ci u\u017e chcete prida\u0165 svoje logo, zmeni\u0165 farby alebo zahrn\u00fa\u0165 vlastn\u00e9 balenie, na\u0161e dizajn\u00e9rske a v\u00fdrobn\u00e9 t\u00edmy s\u00fa pripraven\u00e9 splni\u0165 \u0161pecifick\u00e9 po\u017eiadavky va\u0161ej zna\u010dky s r\u00fdchlymi dodac\u00edmi lehotami a konkurencieschopn\u00fdmi cenami.<\/p>","protected":false},"excerpt":{"rendered":"<p>Str\u00e1nka <strong data-start=\"4200\" data-end=\"4242\">Vyhrievan\u00e9 ly\u017eiarske a snowboardov\u00e9 rukavice RYINZ<\/strong> pon\u00fakaj\u00fa dokonal\u00fa kombin\u00e1ciu pokro\u010dilej tepelnej technol\u00f3gie a odolnej ochrany pre nad\u0161encov zimn\u00fdch \u0161portov a profesion\u00e1lov. V\u010faka vodotesn\u00e9mu pl\u00e1\u0161\u0165u, dob\u00edjaciemu vyhrievaciemu syst\u00e9mu, proti\u0161mykov\u00e9mu \u00fachytu a dotykov\u00fdm prstom udr\u017eia tieto rukavice va\u0161e ruky v teple, suchu a funk\u010dn\u00e9 aj v t\u00fdch najchladnej\u0161\u00edch podmienkach. S\u00fa ide\u00e1lne na ly\u017eovanie, snowboarding, jazdu na sne\u017enom sk\u00fatri alebo pr\u00e1cu vonku po\u010das zimy. Tri nastavite\u013en\u00e9 \u00farovne tepla nap\u00e1jan\u00e9 vstavan\u00fdmi bat\u00e9riami zabezpe\u010duj\u00fa konzistentn\u00e9 teplo. K dispoz\u00edcii vo viacer\u00fdch ve\u013ekostiach a s vlastnou zna\u010dkou pre ve\u013ekoodberate\u013eov.<\/p>","protected":false},"featured_media":8944,"comment_status":"closed","ping_status":"closed","template":"","meta":[],"product_brand":[35],"product_cat":[57],"product_tag":[55,56],"class_list":{"0":"post-8903","1":"product","2":"type-product","3":"status-publish","4":"has-post-thumbnail","6":"product_brand-ryinz","7":"product_cat-ski-snowboarding-gloves","8":"product_tag-heated-ski-gloves","9":"product_tag-heated-snowboarding-gloves","11":"first","12":"instock","13":"taxable","14":"shipping-taxable","15":"purchasable","16":"product-type-simple"},"_links":{"self":[{"href":"https:\/\/ryinz.cz\/velkoobchod\/sk\/wp-json\/wp\/v2\/product\/8903","targetHints":{"allow":["GET"]}}],"collection":[{"href":"https:\/\/ryinz.cz\/velkoobchod\/sk\/wp-json\/wp\/v2\/product"}],"about":[{"href":"https:\/\/ryinz.cz\/velkoobchod\/sk\/wp-json\/wp\/v2\/types\/product"}],"replies":[{"embeddable":true,"href":"https:\/\/ryinz.cz\/velkoobchod\/sk\/wp-json\/wp\/v2\/comments?post=8903"}],"wp:featuredmedia":[{"embeddable":true,"href":"https:\/\/ryinz.cz\/velkoobchod\/sk\/wp-json\/wp\/v2\/media\/8944"}],"wp:attachment":[{"href":"https:\/\/ryinz.cz\/velkoobchod\/sk\/wp-json\/wp\/v2\/media?parent=8903"}],"wp:term":[{"taxonomy":"product_brand","embeddable":true,"href":"https:\/\/ryinz.cz\/velkoobchod\/sk\/wp-json\/wp\/v2\/product_brand?post=8903"},{"taxonomy":"product_cat","embeddable":true,"href":"https:\/\/ryinz.cz\/velkoobchod\/sk\/wp-json\/wp\/v2\/product_cat?post=8903"},{"taxonomy":"product_tag","embeddable":true,"href":"https:\/\/ryinz.cz\/velkoobchod\/sk\/wp-json\/wp\/v2\/product_tag?post=8903"}],"curies":[{"name":"wp","href":"https:\/\/api.w.org\/{rel}","templated":true}]}}