{"id":8902,"date":"2025-06-22T15:21:03","date_gmt":"2025-06-22T15:21:03","guid":{"rendered":"https:\/\/ryinz.cz\/velkoobchod\/?post_type=product&#038;p=8902"},"modified":"2026-01-18T20:16:42","modified_gmt":"2026-01-18T20:16:42","slug":"ryinz-profesionalne-rukavice-na-horskom-bicykli-s-plnym-prstom-odolne-rukavice-mtb-pre-muzov-a-zeny-protismykove-priedusne-stylove","status":"publish","type":"product","link":"https:\/\/ryinz.cz\/velkoobchod\/sk\/product\/ryinz-professional-mountain-bike-gloves-full-finger-durable-mtb-gloves-for-men-and-women-anti-slip-breathable-stylish\/","title":{"rendered":"RYINZ Profesion\u00e1lne rukavice na horsk\u00e9 bicykle - odoln\u00e9 MTB rukavice pre mu\u017eov a \u017eeny - proti\u0161mykov\u00e9, priedu\u0161n\u00e9, \u0161t\u00fdlov\u00e9"},"content":{"rendered":"<p class=\"\" data-start=\"298\" data-end=\"823\">Za\u017eite v\u00fdkon na najvy\u0161\u0161ej \u00farovni s rukavicami RYINZ Professional Mountain Bike, ktor\u00e9 s\u00fa navrhnut\u00e9 tak, aby nanovo definovali va\u0161e cyklistick\u00e9 dobrodru\u017estvo v n\u00e1ro\u010dn\u00fdch ter\u00e9noch. Tieto rukavice, \u0161it\u00e9 na mieru s v\u00e1\u0161\u0148ou a prec\u00edznos\u0165ou, predstavuj\u00fa dokonal\u00fa rovnov\u00e1hu medzi odolnos\u0165ou, \u0161t\u00fdlom, pohodl\u00edm a bezpe\u010dnos\u0165ou - s\u00fa nevyhnutn\u00e9 pre ka\u017ed\u00e9ho seri\u00f3zneho horsk\u00e9ho cyklistu, jazdca BMX alebo nad\u0161enca ter\u00e9nnej cyklistiky. \u010ci u\u017e zdol\u00e1vate drsn\u00e9 horsk\u00e9 trate alebo sa pohybujete na r\u00fdchlych zjazdov\u00fdch pretekoch, tieto rukavice s\u00fa navrhnut\u00e9 tak, aby poskytovali v\u00fdnimo\u010dn\u00fa kontrolu a istotu.<\/p>\n<p class=\"\" data-start=\"825\" data-end=\"1283\">Rukavice s\u00fa vyroben\u00e9 z prvotriednej zmesi syntetickej ko\u017ee a priedu\u0161nej stre\u010dovej tkaniny a poskytuj\u00fa vynikaj\u00facu ochranu bez toho, aby sa zn\u00ed\u017eila ich flexibilita alebo vetranie. \u013dahk\u00e1 kon\u0161trukcia zaru\u010duje, \u017ee va\u0161e ruky zostan\u00fa chladn\u00e9 a such\u00e9, \u010d\u00edm sa zabr\u00e1ni prehriatiu aj po\u010das najintenz\u00edvnej\u0161\u00edch j\u00e1zd. Perforovan\u00e1 ko\u017ea na k\u013e\u00fa\u010dov\u00fdch miestach maximalizuje pr\u00fadenie vzduchu, \u010d\u00edm vytv\u00e1ra z\u00e1\u017eitok z jazdy bez potenia, ktor\u00fd je ide\u00e1lny na jarn\u00e9, letn\u00e9 a skor\u00e9 jesenn\u00e9 obdobie.<\/p>\n<p class=\"\" data-start=\"1285\" data-end=\"1622\">Ergonomick\u00fd dizajn s cel\u00fdmi prstami kop\u00edruje prirodzen\u00fd tvar ruky, \u010d\u00edm zabezpe\u010duje prisp\u00f4sobenie druhej ko\u017ei, ktor\u00e9 zvy\u0161uje obratnos\u0165 a zabra\u0148uje \u00fanave pri dlh\u00fdch jazd\u00e1ch. V\u010faka inovat\u00edvnej kon\u0161trukcii s vopred zakriven\u00fdmi prstami jazdci profituj\u00fa z prirodzen\u00e9ho \u00fachopu riadidiel, \u010do zlep\u0161uje zru\u010dnosti pri ovl\u00e1dan\u00ed bicykla a z\u00e1rove\u0148 zni\u017euje riziko vzniku p\u013euzgierov a pre\u0165a\u017eenia.<\/p>\n<p class=\"\" data-start=\"1624\" data-end=\"2153\">Zv\u00fd\u0161en\u00e1 bezpe\u010dnos\u0165 je jednou z najv\u00fdraznej\u0161\u00edch vlastnost\u00ed t\u00fdchto rukav\u00edc. Oblas\u0165 dlane je vystu\u017een\u00e1 mimoriadne siln\u00fdm polstrovan\u00edm zo syntetickej ko\u017ee, ktor\u00e9 absorbuje n\u00e1razy a zni\u017euje vibr\u00e1cie z nerovn\u00e9ho ter\u00e9nu. Integrovan\u00e9 proti\u0161mykov\u00e9 pr\u00fa\u017eky na prstoch a dlani zais\u0165uj\u00fa bezpe\u010dn\u00e9 a ist\u00e9 uchopenie riadidiel a prevodov\u00fdch p\u00e1k, a to aj za mokra. Zosilnen\u00e9 n\u00e1razov\u00e9 z\u00f3ny na chrbte ruky a k\u013aboch prid\u00e1vaj\u00fa vrstvu ochrany proti ne\u010dakan\u00fdm p\u00e1dom, kon\u00e1rom alebo kame\u0148om, v\u010faka \u010domu je va\u0161a jazda bezpe\u010dnej\u0161ia bez zbyto\u010dn\u00e9ho zv\u00e4\u010d\u0161ovania objemu.<\/p>\n<p class=\"\" data-start=\"2155\" data-end=\"2492\">\u010eal\u0161\u00edm k\u013e\u00fa\u010dov\u00fdm prvkom je pru\u017en\u00e9 a odoln\u00e9 zap\u00ednanie na such\u00fd zips na z\u00e1p\u00e4st\u00ed, ktor\u00e9 umo\u017e\u0148uje jednoduch\u00e9 nasadenie a vyzle\u010denie a plne nastavite\u013en\u00e9 nosenie. \u010ci u\u017e m\u00e1te na sebe \u013eahk\u00fd dres alebo hrub\u00fa bundu, tieto rukavice sa dokonale prisp\u00f4sobia bez toho, aby obmedzovali pohyb z\u00e1p\u00e4stia. Priliehav\u00fd strih chr\u00e1ni pred prachom, ne\u010distotami a \u00falomkami, pri\u010dom zachov\u00e1va pln\u00fd rozsah pohybu.<\/p>\n<p class=\"\" data-start=\"2494\" data-end=\"2931\">Tieto rukavice RYINZ na horsk\u00e9 bicykle nie s\u00fa len funk\u010dn\u00e9, ale prin\u00e1\u0161aj\u00fa aj modern\u00fd, agres\u00edvny \u0161t\u00fdl do v\u00e1\u0161ho jazdeck\u00e9ho vybavenia. V\u010faka dynamickej kombin\u00e1cii bielych, hned\u00fdch a \u010diernych odtie\u0148ov a minimalistick\u00fdm reflexn\u00fdm pr\u00fa\u017ekom pre lep\u0161iu vidite\u013enos\u0165 za zhor\u0161en\u00fdch sveteln\u00fdch podmienok s\u00fa tieto rukavice z\u00e1rukou, \u017ee budete vyzera\u0165 rovnako dobre ako jazdi\u0165. Ikonick\u00e9 logo RYINZ umiestnen\u00e9 odv\u00e1\u017ene na chrbte signalizuje kvalitu a profesionalitu, nech u\u017e v\u00e1s va\u0161a cesta zavedie kamko\u013evek.<\/p>\n<p class=\"\" data-start=\"2933\" data-end=\"3212\">Tieto rukavice s\u00fa ide\u00e1lne pre viacer\u00e9 discipl\u00edny, s\u00fa ide\u00e1lne na MTB, BMX, dirt biking, trailov\u00e9 jazdenie, cross-country, zjazdov\u00e9 preteky, freeride a dokonca aj na motocykel. V\u010faka svojej v\u0161estrannosti s\u00fa nevyhnutnou s\u00fa\u010das\u0165ou v\u00fdbavy pre jazdcov v\u0161etk\u00fdch \u00farovn\u00ed, od za\u010diato\u010dn\u00edkov a\u017e po profesion\u00e1lov.<\/p>\n<p class=\"\" data-start=\"3214\" data-end=\"3541\">\u00dadr\u017eba je bezprobl\u00e9mov\u00e1 - rukavice sa \u013eahko \u010distia jemn\u00fdm ru\u010dn\u00fdm pran\u00edm v studenej vode a r\u00fdchlo schn\u00fa na vzduchu bez straty tvaru alebo pru\u017enosti. Rukavice RYINZ MTB s\u00fa skon\u0161truovan\u00e9 tak, aby vydr\u017eali po\u017eiadavky ka\u017edodenn\u00e9ho tr\u00e9ningu a s\u00fa\u0165a\u017en\u00fdch pretekov, a s\u00fa najlep\u0161ou vo\u013ebou pre jazdcov, ktor\u00ed odmietaj\u00fa kompromisy v oblasti v\u00fdkonu.<\/p>\n<p class=\"\" data-start=\"3543\" data-end=\"3738\">K dispoz\u00edcii je viacero ve\u013ekost\u00ed (S, M, L, XL, XXL), aby dokonale padli ka\u017ed\u00e9mu jazdcovi. Presn\u00e9 miery na dosiahnutie maxim\u00e1lneho pohodlia a \u00fa\u010dinnosti n\u00e1jdete v na\u0161ej podrobnej tabu\u013eke ve\u013ekost\u00ed.<\/p>\n<p class=\"\" data-start=\"3740\" data-end=\"4005\">Zlep\u0161ite svoje jazdeck\u00e9 z\u00e1\u017eitky s rukavicami, ktor\u00e9 s\u00fa rovnako odoln\u00e9 a dobrodru\u017en\u00e9 ako vy. S rukavicami RYINZ je ka\u017ed\u00e1 jazda v\u00ed\u0165azn\u00e1. Pripravte sa na tvrd\u0161iu jazdu, r\u00fdchlej\u0161iu jazdu a bezpe\u010dnej\u0161iu jazdu - s podporou d\u00f4veryhodn\u00fdch inov\u00e1ci\u00ed a remeseln\u00e9ho spracovania profesion\u00e1lnej v\u00fdbavy RYINZ.<\/p>","protected":false},"excerpt":{"rendered":"<p>S profesion\u00e1lnymi rukavicami na horsk\u00fd bicykel RYINZ zdol\u00e1te ka\u017ed\u00fa trasu. Tieto celoprst\u00e9 MTB rukavice s\u00fa navrhnut\u00e9 pre \u0161pi\u010dkov\u00fd v\u00fdkon a s\u00fa vybaven\u00e9 priedu\u0161nou, elastickou tkaninou s v\u00fdstu\u017eou zo syntetickej ko\u017ee pre v\u00fdnimo\u010dn\u00fa odolnos\u0165 a vetranie. Predkriven\u00e9 prsty, tlmiace polstrovanie dlane a proti\u0161mykov\u00e9 pr\u00fa\u017eky zlep\u0161uj\u00fa v\u00e1\u0161 \u00fachop, pohodlie a kontrolu. V\u010faka nastavite\u013en\u00fdm such\u00fdm zipsom, \u0161t\u00fdlov\u00fdm reflexn\u00fdm akcentom a viacer\u00fdm mo\u017enostiam ve\u013ekosti s\u00fa tieto rukavice dokonal\u00fdm spolo\u010dn\u00edkom na horsk\u00fa cyklistiku, BMX, jazdu na trailoch a dobrodru\u017estv\u00e1 v ter\u00e9ne. S\u00fa vytvoren\u00e9 pre seri\u00f3znych jazdcov, ktor\u00ed od svojej cyklistickej v\u00fdbavy vy\u017eaduj\u00fa \u0161t\u00fdl, ochranu a vynikaj\u00faci v\u00fdkon.<\/p>","protected":false},"featured_media":8934,"comment_status":"closed","ping_status":"closed","template":"","meta":[],"product_brand":[35],"product_cat":[31,50],"product_tag":[49,54,40],"class_list":{"0":"post-8902","1":"product","2":"type-product","3":"status-publish","4":"has-post-thumbnail","6":"product_brand-ryinz","7":"product_cat-cycling-mountain-gloves","8":"product_cat-mountain-bike-gloves","9":"product_tag-full-finger-cycling-gloves","10":"product_tag-microfiber-palm-gloves","11":"product_tag-performance-cycling-gear","13":"first","14":"instock","15":"sold-individually","16":"taxable","17":"shipping-taxable","18":"purchasable","19":"product-type-simple"},"_links":{"self":[{"href":"https:\/\/ryinz.cz\/velkoobchod\/sk\/wp-json\/wp\/v2\/product\/8902","targetHints":{"allow":["GET"]}}],"collection":[{"href":"https:\/\/ryinz.cz\/velkoobchod\/sk\/wp-json\/wp\/v2\/product"}],"about":[{"href":"https:\/\/ryinz.cz\/velkoobchod\/sk\/wp-json\/wp\/v2\/types\/product"}],"replies":[{"embeddable":true,"href":"https:\/\/ryinz.cz\/velkoobchod\/sk\/wp-json\/wp\/v2\/comments?post=8902"}],"wp:featuredmedia":[{"embeddable":true,"href":"https:\/\/ryinz.cz\/velkoobchod\/sk\/wp-json\/wp\/v2\/media\/8934"}],"wp:attachment":[{"href":"https:\/\/ryinz.cz\/velkoobchod\/sk\/wp-json\/wp\/v2\/media?parent=8902"}],"wp:term":[{"taxonomy":"product_brand","embeddable":true,"href":"https:\/\/ryinz.cz\/velkoobchod\/sk\/wp-json\/wp\/v2\/product_brand?post=8902"},{"taxonomy":"product_cat","embeddable":true,"href":"https:\/\/ryinz.cz\/velkoobchod\/sk\/wp-json\/wp\/v2\/product_cat?post=8902"},{"taxonomy":"product_tag","embeddable":true,"href":"https:\/\/ryinz.cz\/velkoobchod\/sk\/wp-json\/wp\/v2\/product_tag?post=8902"}],"curies":[{"name":"wp","href":"https:\/\/api.w.org\/{rel}","templated":true}]}}