{"id":8901,"date":"2025-06-22T15:21:03","date_gmt":"2025-06-22T15:21:03","guid":{"rendered":"https:\/\/ryinz.cz\/velkoobchod\/?post_type=product&#038;p=8901"},"modified":"2026-01-18T20:16:41","modified_gmt":"2026-01-18T20:16:41","slug":"ryinz-all-terrain-celoprste-rukavice-na-horske-bicykle-priedusne-lahke-narazuvzdorne-rukavice-pre-muzov-a-zeny","status":"publish","type":"product","link":"https:\/\/ryinz.cz\/velkoobchod\/sk\/product\/ryinz-all-terrain-full-finger-mountain-bike-gloves-breathable-lightweight-shockproof-mtb-gloves-for-men-and-women\/","title":{"rendered":"RYINZ All-Terrain Full Finger Mountain Bike Rukavice - priedu\u0161n\u00e9, \u013eahk\u00e9, n\u00e1razuvzdorn\u00e9 MTB rukavice pre mu\u017eov a \u017eeny"},"content":{"rendered":"<p class=\"\" data-start=\"280\" data-end=\"723\">Predstavujeme v\u00e1m celoprst\u00e9 rukavice na horsk\u00fd bicykel RYINZ All-Terrain - prelom v profesion\u00e1lnom cyklistickom vybaven\u00ed navrhnutom pre v\u00e1\u0161niv\u00fdch jazdcov. \u010ci u\u017e br\u00e1zdite horsk\u00e9 trate, pretek\u00e1te v zjazde, br\u00e1zdite n\u00e1ro\u010dn\u00e9 ter\u00e9ny, alebo len doch\u00e1dzate do pr\u00e1ce, tieto rukavice zaru\u010duj\u00fa bezkonkuren\u010dn\u00fd v\u00fdkon, ochranu a pohodlie. S\u00fa vyroben\u00e9 z pokro\u010dil\u00fdch materi\u00e1lov a ergonomick\u00e9ho in\u017einierstva, aby udr\u017eali krok s va\u0161imi najn\u00e1ro\u010dnej\u0161\u00edmi jazdami.<\/p>\n<p class=\"\" data-start=\"725\" data-end=\"1163\">Vrchn\u00e1 kon\u0161trukcia je vyroben\u00e1 z robustnej, ale mimoriadne priedu\u0161nej 3D sie\u0165oviny, ktor\u00e1 zabezpe\u010duje optim\u00e1lne pr\u00fadenie vzduchu, aby va\u0161e ruky zostali chladn\u00e9 a such\u00e9 aj po\u010das intenz\u00edvneho v\u00fdkonu. Teplo a vlhkos\u0165 s\u00fa \u00fa\u010dinne odv\u00e1dzan\u00e9, \u010d\u00edm sa predch\u00e1dza nepr\u00edjemn\u00fdm pocitom zo spoten\u00fdch dlan\u00ed. Rukavice v kombin\u00e1cii s elastick\u00fdmi spandexov\u00fdmi panelmi pon\u00fakaj\u00fa prisp\u00f4sobiv\u00fd, priliehav\u00fd strih, ktor\u00fd je ako druh\u00e1 ko\u017ea, \u010d\u00edm sa zvy\u0161uje prirodzen\u00fd pohyb a flexibilita bez toho, aby sa zn\u00ed\u017eila odolnos\u0165.<\/p>\n<p class=\"\" data-start=\"1165\" data-end=\"1659\">Oblas\u0165 dlan\u00ed je skuto\u010dn\u00fdm majstrovsk\u00fdm dielom technick\u00e9ho dizajnu. Je vyroben\u00e1 zo syntetickej ko\u017ee odolnej vo\u010di oderu a poskytuje mimoriadnu rovnov\u00e1hu medzi odolnos\u0165ou, pri\u013enavos\u0165ou a ochranou. Zosilnen\u00e9 g\u00e9lov\u00e9 polstrovanie v kritick\u00fdch tlakov\u00fdch z\u00f3nach absorbuje n\u00e1razy a zni\u017euje vibr\u00e1cie pren\u00e1\u0161an\u00e9 cez riadidl\u00e1, \u010d\u00edm chr\u00e1ni va\u0161e nervy a k\u013aby pred nap\u00e4t\u00edm a \u00fanavou. \u010ci u\u017e prekon\u00e1vate kamenist\u00e9 zjazdy, alebo sa predierate cez korene a ko\u013eaje, tieto rukavice minimalizuj\u00fa znecitlivenie r\u00fak a maximalizuj\u00fa kontrolu.<\/p>\n<p class=\"\" data-start=\"1661\" data-end=\"2032\">Integrovan\u00e9 silik\u00f3nov\u00e9 odtla\u010dky na koncoch prstov poskytuj\u00fa vynikaj\u00facu pri\u013enavos\u0165, ktor\u00e1 je obzvl\u00e1\u0161\u0165 d\u00f4le\u017eit\u00e1 na udr\u017eanie presn\u00e9ho ovl\u00e1dania brzdovej a prevodovej p\u00e1ky v mokr\u00fdch, zablaten\u00fdch alebo pra\u0161n\u00fdch podmienkach. Okrem toho s\u00fa rukavice kompatibiln\u00e9 s dotykovou obrazovkou, \u010do umo\u017e\u0148uje bezprobl\u00e9mov\u00fa interakciu so smartf\u00f3nmi alebo zariadeniami GPS bez nutnosti ich vyzliekania, \u010do je pre modern\u00fdch cyklistov nevyhnutn\u00e1 vlastnos\u0165.<\/p>\n<p class=\"\" data-start=\"2034\" data-end=\"2396\">Bezpe\u010dnos\u0165 a prisp\u00f4sobenie \u010falej zvy\u0161uje nastavite\u013en\u00fd z\u00e1p\u00e4stn\u00fd popruh s pevn\u00fdm syst\u00e9mom zap\u00ednania na such\u00fd zips. Ten zaru\u010duje nielen prisp\u00f4sobenie r\u00f4znym ve\u013ekostiam z\u00e1p\u00e4stia, ale tie\u017e zabra\u0148uje sk\u013aznutiu rukav\u00edc po\u010das agres\u00edvnej jazdy. N\u00e1ramok na z\u00e1p\u00e4stie je vyroben\u00fd z m\u00e4kkej, elastickej tkaniny pre \u013eahk\u00fd pohyb a v\u00e4\u010d\u0161ie pohodlie po\u010das j\u00e1zd na dlh\u00e9 vzdialenosti.<\/p>\n<p class=\"\" data-start=\"2398\" data-end=\"2757\">Pri n\u00e1vrhu sa kladie ve\u013ek\u00fd d\u00f4raz na bezpe\u010dnos\u0165. Reflexn\u00e9 detaily s\u00fa strategicky umiestnen\u00e9 tak, aby zvy\u0161ovali vidite\u013enos\u0165 v prostred\u00ed so slab\u00fdm osvetlen\u00edm a poskytovali dodato\u010dn\u00fa vrstvu ochrany pri ve\u010dern\u00fdch alebo skor\u00fdch rann\u00fdch jazd\u00e1ch. Vystu\u017een\u00e9 panely na k\u013aboch poskytuj\u00fa miernu ochranu pred vetvami, \u00falomkami alebo ne\u010dakan\u00fdmi n\u00e1razmi bez toho, aby zvy\u0161ovali tuhos\u0165 alebo zni\u017eovali pru\u017enos\u0165.<\/p>\n<p class=\"\" data-start=\"2759\" data-end=\"3098\">Tieto rukavice RYINZ s\u00fa neuverite\u013ene v\u0161estrann\u00e9, ide\u00e1lne nielen na horsk\u00fa cyklistiku, ale aj na jazdu na \u0161otoline, motokros, beh po chodn\u00edku, lezenie, dobrodru\u017en\u00e9 preteky a dokonca aj na tr\u00e9ningy v posil\u0148ovni, kde je ochrana r\u00fak nevyhnutn\u00e1. S\u00fa skon\u0161truovan\u00e9 tak, aby fungovali vo v\u0161etk\u00fdch ro\u010dn\u00fdch obdobiach - od chladn\u00fdch jarn\u00fdch r\u00e1n a hor\u00facich letn\u00fdch popoludn\u00ed a\u017e po mierne jesenn\u00e9 ve\u010dery.<\/p>\n<p class=\"\" data-start=\"3100\" data-end=\"3360\">Starostlivos\u0165 o rukavice je bezprobl\u00e9mov\u00e1: daj\u00fa sa pra\u0165 v ruke jemn\u00fdm mydlom a studenou vodou. Ich farebn\u00e1 sch\u00e9ma odoln\u00e1 vo\u010di vyblednutiu a odoln\u00e9 \u0161itie zaru\u010duj\u00fa, \u017ee si zachovaj\u00fa svoj profesion\u00e1lny vzh\u013ead a v\u00fdkon aj po opakovanom pran\u00ed a dlh\u0161om pou\u017e\u00edvan\u00ed.<\/p>\n<p class=\"\" data-start=\"3362\" data-end=\"3630\">Tieto rukavice s\u00fa dostupn\u00e9 v r\u00f4znych ve\u013ekostiach od S po XXL a s\u00fa prisp\u00f4soben\u00e9 tak, aby dokonale padli ka\u017ed\u00e9mu jazdcovi. Ich elegantn\u00e1 a agres\u00edvna estetika, ktor\u00e1 kombinuje modr\u00e9, \u010dierne a siv\u00e9 t\u00f3ny s v\u00fdrazn\u00fdm ozna\u010den\u00edm RYINZ, ur\u010dite urob\u00ed siln\u00fd dojem na ka\u017edom traile alebo ulici.<\/p>\n<p class=\"\" data-start=\"3632\" data-end=\"3843\">Celoprstov\u00e9 MTB rukavice RYINZ All-Terrain s\u00fa viac ako len rukavice - s\u00fa roz\u0161\u00edren\u00edm v\u00e1\u0161ho tela, ktor\u00e9 zvy\u0161uje v\u00fdkon. Jazdite tvrd\u0161ie, lep\u0161ie sa dr\u017ete a poc\u00ed\u0165te rozdiel, ktor\u00fd prin\u00e1\u0161a vybavenie profesion\u00e1lnej \u00farovne.<\/p>","protected":false},"excerpt":{"rendered":"<p>S celoprst\u00fdmi rukavicami na horsk\u00fd bicykel RYINZ All-Terrain dominujte ka\u017edej jazde. Tieto vysoko v\u00fdkonn\u00e9 cyklistick\u00e9 rukavice s\u00fa vybaven\u00e9 priedu\u0161nou sie\u0165ovinovou kon\u0161trukciou pre maxim\u00e1lne pr\u00fadenie vzduchu a stre\u010dovou tkaninou pre prisp\u00f4sobiv\u00fd strih ako druh\u00e1 ko\u017ea. Dla\u0148 je spevnen\u00e1 syntetickou ko\u017eou odolnou proti oderu a g\u00e9lov\u00fdmi podlo\u017ekami absorbuj\u00facimi n\u00e1razy, ktor\u00e9 tlmia n\u00e1razy a zni\u017euj\u00fa \u00fanavu v n\u00e1ro\u010dnom ter\u00e9ne. Silik\u00f3nov\u00e9 vylep\u0161enia \u00fachopu zabezpe\u010duj\u00fa bezpe\u010dn\u00e9 dr\u017eanie brzdov\u00fdch p\u00e1k a radenia prevodov\u00fdch stup\u0148ov aj v n\u00e1ro\u010dn\u00fdch podmienkach. V\u010faka kompatibilite s dotykov\u00fdm displejom, nastavite\u013en\u00fdm p\u00e1sikom na z\u00e1p\u00e4stie na such\u00fd zips, reflexn\u00fdm bezpe\u010dnostn\u00fdm akcentom a zosilnenej ochrane k\u013abov poskytuj\u00fa tieto rukavice v\u0161etko, \u010do ter\u00e9nny jazdec potrebuje: pohodlie, pri\u013enavos\u0165, flexibilitu a bezpe\u010dnos\u0165. Ide\u00e1lne na MTB, jazdu na trailoch, dobrodru\u017estv\u00e1 na \u0161trku, motokros a celodenn\u00e9 cyklistick\u00e9 misie. V\u010faka rukaviciam RYINZ bud\u00fa va\u0161e ruky chr\u00e1nen\u00e9, ist\u00e9 a pod \u00faplnou kontrolou, m\u00ed\u013eu za m\u00ed\u013eou.<\/p>","protected":false},"featured_media":8933,"comment_status":"closed","ping_status":"closed","template":"","meta":[],"product_brand":[35],"product_cat":[31,50],"product_tag":[52,49,53],"class_list":{"0":"post-8901","1":"product","2":"type-product","3":"status-publish","4":"has-post-thumbnail","6":"product_brand-ryinz","7":"product_cat-cycling-mountain-gloves","8":"product_cat-mountain-bike-gloves","9":"product_tag-breathable-neoprene-gloves","10":"product_tag-full-finger-cycling-gloves","11":"product_tag-professional-cycling-gloves","13":"first","14":"instock","15":"sold-individually","16":"taxable","17":"shipping-taxable","18":"purchasable","19":"product-type-simple"},"_links":{"self":[{"href":"https:\/\/ryinz.cz\/velkoobchod\/sk\/wp-json\/wp\/v2\/product\/8901","targetHints":{"allow":["GET"]}}],"collection":[{"href":"https:\/\/ryinz.cz\/velkoobchod\/sk\/wp-json\/wp\/v2\/product"}],"about":[{"href":"https:\/\/ryinz.cz\/velkoobchod\/sk\/wp-json\/wp\/v2\/types\/product"}],"replies":[{"embeddable":true,"href":"https:\/\/ryinz.cz\/velkoobchod\/sk\/wp-json\/wp\/v2\/comments?post=8901"}],"wp:featuredmedia":[{"embeddable":true,"href":"https:\/\/ryinz.cz\/velkoobchod\/sk\/wp-json\/wp\/v2\/media\/8933"}],"wp:attachment":[{"href":"https:\/\/ryinz.cz\/velkoobchod\/sk\/wp-json\/wp\/v2\/media?parent=8901"}],"wp:term":[{"taxonomy":"product_brand","embeddable":true,"href":"https:\/\/ryinz.cz\/velkoobchod\/sk\/wp-json\/wp\/v2\/product_brand?post=8901"},{"taxonomy":"product_cat","embeddable":true,"href":"https:\/\/ryinz.cz\/velkoobchod\/sk\/wp-json\/wp\/v2\/product_cat?post=8901"},{"taxonomy":"product_tag","embeddable":true,"href":"https:\/\/ryinz.cz\/velkoobchod\/sk\/wp-json\/wp\/v2\/product_tag?post=8901"}],"curies":[{"name":"wp","href":"https:\/\/api.w.org\/{rel}","templated":true}]}}