{"id":8900,"date":"2025-06-22T15:21:03","date_gmt":"2025-06-22T15:21:03","guid":{"rendered":"https:\/\/ryinz.cz\/velkoobchod\/?post_type=product&#038;p=8900"},"modified":"2026-01-18T20:16:41","modified_gmt":"2026-01-18T20:16:41","slug":"profesionalne-rukavice-na-horske-bicykle-mtb-s-plnymi-prstami-ktore-su-kompatibilne-s-dotykovou-obrazovkou-neklzave-priedusne-od-ryinz","status":"publish","type":"product","link":"https:\/\/ryinz.cz\/velkoobchod\/sk\/product\/professional-full-finger-mtb-mountain-bike-gloves-non-slip-breathable-touchscreen-compatible-by-ryinz\/","title":{"rendered":"Profesion\u00e1lne celoprst\u00e9 rukavice na horsk\u00e9 bicykle MTB - proti\u0161mykov\u00e9, priedu\u0161n\u00e9, kompatibiln\u00e9 s dotykovou obrazovkou od RYINZ"},"content":{"rendered":"<p class=\"\" data-start=\"304\" data-end=\"759\">Predstavujeme rukavice RYINZ Professional Full Finger MTB Mountain Bike Gloves, pr\u00e9miov\u00e9 rie\u0161enie navrhnut\u00e9 \u0161peci\u00e1lne pre v\u00e1\u017enych cyklistov, horsk\u00fdch cyklistov a dobrodruhov. Tieto rukavice v sebe sp\u00e1jaj\u00fa odolnos\u0165, pohodlie a pokro\u010dil\u00e9 funkcie, ktor\u00e9 pozdvihn\u00fa va\u0161e cyklistick\u00e9 z\u00e1\u017eitky na vy\u0161\u0161iu \u00farove\u0148. \u010ci u\u017e zdol\u00e1vate n\u00e1ro\u010dn\u00e9 horsk\u00e9 trasy, doch\u00e1dzanie do mesta alebo dlh\u00e9 cestn\u00e9 jazdy, tieto rukavice poskytuj\u00fa bezkonkuren\u010dn\u00fa ochranu, pri\u013enavos\u0165 a kontrolu na ka\u017edej ceste.<\/p>\n<p class=\"\" data-start=\"761\" data-end=\"1188\">Tieto rukavice s\u00fa vyroben\u00e9 z vynikaj\u00facej zmesi priedu\u0161n\u00e9ho polyesteru, syntetickej ko\u017ee a spandexu, \u010d\u00edm zabezpe\u010duj\u00fa optim\u00e1lne pr\u00fadenie vzduchu a z\u00e1rove\u0148 pon\u00fakaj\u00fa robustn\u00fa odolnos\u0165. Vysoko odvetran\u00e1 tkanina udr\u017e\u00ed va\u0161e ruky v suchu a bez potu aj po\u010das intenz\u00edvnych j\u00e1zd pod slnkom. Vlastnosti materi\u00e1lov odv\u00e1dzaj\u00facich vlhkos\u0165 zabezpe\u010duj\u00fa celodenn\u00e9 pohodlie, v\u010faka \u010domu s\u00fa tieto rukavice ide\u00e1lnym spolo\u010dn\u00edkom pre profesion\u00e1lnych pretek\u00e1rov aj pr\u00edle\u017eitostn\u00fdch cyklistov.<\/p>\n<p class=\"\" data-start=\"1190\" data-end=\"1649\">Rukavice maj\u00fa ergonomick\u00fd dizajn s cel\u00fdmi prstami prisp\u00f4soben\u00fd prirodzen\u00e9mu zakriveniu r\u00fak. To zaru\u010duje priliehav\u00e9 a z\u00e1rove\u0148 pru\u017en\u00e9 nosenie, ktor\u00e9 neobmedzuje va\u0161e pohyby. Predtvarovan\u00e1 kon\u0161trukcia zni\u017euje \u00fanavu r\u00fak, \u010do v\u00e1m umo\u017en\u00ed lep\u0161ie ovl\u00e1da\u0165 riadidl\u00e1 po\u010das prudk\u00fdch st\u00fapan\u00ed a r\u00fdchlych zjazdov. Zosilnen\u00e9 \u0161itie pozd\u013a\u017e kritick\u00fdch oblast\u00ed zaru\u010duje, \u017ee rukavice vydr\u017eia ka\u017edodenn\u00e9 opotrebovanie aj v extr\u00e9mnych podmienkach.<\/p>\n<p class=\"\" data-start=\"1651\" data-end=\"2028\">Hlavnou prednos\u0165ou t\u00fdchto rukav\u00edc je proti\u0161mykov\u00e1 dla\u0148 z prvotriednej syntetickej ko\u017ee so silik\u00f3nov\u00fdmi vzormi na uchopenie. To zaru\u010duje vynikaj\u00facu kontrolu nad riadidlami, najm\u00e4 pri prudk\u00fdch man\u00e9vroch alebo v mokr\u00fdch podmienkach. Strategicky umiestnen\u00e9 tlmiace vank\u00fa\u0161iky zni\u017euj\u00fa vibr\u00e1cie z nerovn\u00e9ho ter\u00e9nu, \u010d\u00edm chr\u00e1nia va\u0161e ruky pred znecitliven\u00edm, boles\u0165ou a dlhodobou z\u00e1\u0165a\u017eou.<\/p>\n<p class=\"\" data-start=\"2030\" data-end=\"2443\">Bezpe\u010dnos\u0165 a pohodlie id\u00fa ruka v ruke s integrovanou kompatibilitou s dotykov\u00fdm displejom na palci a ukazov\u00e1ku. Svoj smartf\u00f3n, zariadenie GPS alebo po\u010d\u00edta\u010d na bicykli m\u00f4\u017eete \u013eahko ovl\u00e1da\u0165 bez toho, aby ste si museli vyzliec\u0165 rukavice, \u010do v\u00e1m u\u013eah\u010d\u00ed navig\u00e1ciu alebo komunik\u00e1ciu po\u010das jazdy. Vystu\u017een\u00e9 kon\u010deky prstov pon\u00fakaj\u00fa zv\u00fd\u0161en\u00fa odolnos\u0165 bez toho, aby sa zn\u00ed\u017eila citlivos\u0165, \u010d\u00edm sa zabezpe\u010d\u00ed dlhodob\u00fd v\u00fdkon dotykovej obrazovky.<\/p>\n<p class=\"\" data-start=\"2445\" data-end=\"2718\">Rukavice s\u00fa vybaven\u00e9 nastavite\u013en\u00fdm p\u00e1sikom na such\u00fd zips na z\u00e1p\u00e4st\u00ed, ktor\u00fd pon\u00faka bezpe\u010dn\u00e9 a prisp\u00f4sobite\u013en\u00e9 uchytenie pre r\u00f4zne ve\u013ekosti z\u00e1p\u00e4stia. To zabra\u0148uje sk\u013aznutiu rukav\u00edc po\u010das vysoko intenz\u00edvnych aktiv\u00edt a zabezpe\u010duje, \u017ee rukavice zostan\u00fa pohodlne na svojom mieste po\u010das celej jazdy.<\/p>\n<p class=\"\" data-start=\"2720\" data-end=\"3084\">Z estetick\u00e9ho h\u013eadiska sa rukavice RYINZ Professional Full Finger MTB vyzna\u010duj\u00fa elegantn\u00fdm, dynamick\u00fdm dizajnom kombinuj\u00facim tmavomodr\u00e9, \u010dierne a zlat\u00e9 prvky. Reli\u00e9fne grafick\u00e9 l\u00ednie nielen\u017ee zvy\u0161uj\u00fa vizu\u00e1lnu pr\u00ed\u0165a\u017elivos\u0165, ale prid\u00e1vaj\u00fa aj jemn\u00fa text\u00faru pre extra pri\u013enavos\u0165. V\u010faka tomuto \u0161t\u00fdlov\u00e9mu vzh\u013eadu s\u00fa vhodn\u00e9 pre mu\u017eov aj \u017eeny, ktor\u00ed si cenia v\u00fdkon aj vzh\u013ead.<\/p>\n<p class=\"\" data-start=\"3086\" data-end=\"3370\">Tieto rukavice s\u00fa ide\u00e1lne na \u0161irok\u00fa \u0161k\u00e1lu aktiv\u00edt mimo horskej cyklistiky vr\u00e1tane jazdy na BMX, motokrosu, ter\u00e9nnej cyklistiky, turistiky, tr\u00e9ningu v posil\u0148ovni a dokonca aj na be\u017en\u00e9 dobrodru\u017estv\u00e1 v pr\u00edrode. S\u00fa ide\u00e1lne na jarn\u00e9, letn\u00e9 a jesenn\u00e9 pou\u017e\u00edvanie, pri\u010dom sa \u013eahko prisp\u00f4sobia r\u00f4znym poveternostn\u00fdm podmienkam.<\/p>\n<p class=\"\" data-start=\"3372\" data-end=\"3714\">Rukavice RYINZ Professional Full Finger MTB s\u00fa k dispoz\u00edcii vo viacer\u00fdch ve\u013ekostiach a pon\u00fakaj\u00fa prisp\u00f4sobenie pre mal\u00e9, stredn\u00e9, ve\u013ek\u00e9 a ve\u013emi ve\u013ek\u00e9 ruky. Pre dokonal\u00e9 prisp\u00f4sobenie si pozrite na\u0161u podrobn\u00fa tabu\u013eku ve\u013ekost\u00ed. Okrem toho sa tieto rukavice \u013eahko udr\u017eiavaj\u00fa - sta\u010d\u00ed ich ru\u010dne vypra\u0165 v studenej vode a vysu\u0161i\u0165 na vzduchu, aby si zachovali svoj tvar a v\u00fdkon.<\/p>\n<p class=\"\" data-start=\"3716\" data-end=\"4046\">Ka\u017ed\u00fd seri\u00f3zny cyklista vie, \u017ee je d\u00f4le\u017eit\u00e9 chr\u00e1ni\u0165 si ruky, a s rukavicami RYINZ investujete do kvality, bezpe\u010dnosti a dlhodob\u00e9ho pohodlia. Sme hrd\u00ed na to, \u017ee dod\u00e1vame vysoko v\u00fdkonn\u00fd cyklistick\u00fd v\u00fdstroj, ktor\u00e9mu d\u00f4veruj\u00fa \u0161portovci na celom svete. Vysk\u00fa\u0161ajte rozdiel e\u0161te dnes so spolo\u010dnos\u0165ou RYINZ - va\u0161\u00edm najlep\u0161\u00edm partnerom v oblasti dokonalej cyklistiky.<\/p>\n<p class=\"\" data-start=\"4048\" data-end=\"4277\">\u010ci u\u017e sa chyst\u00e1te na intenz\u00edvne horsk\u00e9 preteky, alebo pl\u00e1nujete v\u00edkendov\u00fa jazdu na trailoch, rukavice RYINZ MTB s\u00fa va\u0161\u00edm vybaven\u00edm. Objednajte si ich e\u0161te dnes a jazdite s istotou, \u0161t\u00fdlom a vynikaj\u00facim v\u00fdkonom na ka\u017edom kilometri!<\/p>","protected":false},"excerpt":{"rendered":"<p><strong>Zlep\u0161ite svoj z\u00e1\u017eitok z jazdy na bicykli s celoprst\u00fdmi rukavicami RYINZ Professional MTB na horsk\u00fd bicykel. Tieto rukavice, navrhnut\u00e9 pre v\u00fdkon a skon\u0161truovan\u00e9 pre odolnos\u0165, pon\u00fakaj\u00fa v\u00fdnimo\u010dn\u00fa priedu\u0161nos\u0165, pohodlie a kontrolu. V\u010faka proti\u0161mykovej dlani s podlo\u017ekami absorbuj\u00facimi n\u00e1razy, kompatibilite s dotykov\u00fdmi displejmi, ergonomick\u00e9mu dizajnu a nastavite\u013en\u00e9mu zap\u00ednaniu na such\u00fd zips s\u00fa ide\u00e1lne na horsk\u00fa cyklistiku, BMX, motokros a \u010fal\u0161ie. Ide\u00e1lne pre mu\u017eov a \u017eeny, ktor\u00ed h\u013eadaj\u00fa dokonal\u00fa kombin\u00e1ciu \u0161t\u00fdlu, ochrany a funk\u010dnosti. K dispoz\u00edcii v \u0161t\u00fdlov\u00fdch tmavomodr\u00fdch, \u010diernych a zlat\u00fdch farb\u00e1ch so zosilnen\u00fdm pre\u0161\u00edvan\u00edm pre zv\u00fd\u0161en\u00fa \u017eivotnos\u0165. Zosta\u0148te v pohodl\u00ed a sebavedom\u00ed na ka\u017edej trase s RYINZ!<\/strong><\/p>","protected":false},"featured_media":8932,"comment_status":"closed","ping_status":"closed","template":"","meta":[],"product_brand":[35],"product_cat":[31,50],"product_tag":[49,51],"class_list":{"0":"post-8900","1":"product","2":"type-product","3":"status-publish","4":"has-post-thumbnail","6":"product_brand-ryinz","7":"product_cat-cycling-mountain-gloves","8":"product_cat-mountain-bike-gloves","9":"product_tag-full-finger-cycling-gloves","10":"product_tag-neoprene-cycling-gloves","12":"first","13":"instock","14":"sold-individually","15":"taxable","16":"shipping-taxable","17":"purchasable","18":"product-type-simple"},"_links":{"self":[{"href":"https:\/\/ryinz.cz\/velkoobchod\/sk\/wp-json\/wp\/v2\/product\/8900","targetHints":{"allow":["GET"]}}],"collection":[{"href":"https:\/\/ryinz.cz\/velkoobchod\/sk\/wp-json\/wp\/v2\/product"}],"about":[{"href":"https:\/\/ryinz.cz\/velkoobchod\/sk\/wp-json\/wp\/v2\/types\/product"}],"replies":[{"embeddable":true,"href":"https:\/\/ryinz.cz\/velkoobchod\/sk\/wp-json\/wp\/v2\/comments?post=8900"}],"wp:featuredmedia":[{"embeddable":true,"href":"https:\/\/ryinz.cz\/velkoobchod\/sk\/wp-json\/wp\/v2\/media\/8932"}],"wp:attachment":[{"href":"https:\/\/ryinz.cz\/velkoobchod\/sk\/wp-json\/wp\/v2\/media?parent=8900"}],"wp:term":[{"taxonomy":"product_brand","embeddable":true,"href":"https:\/\/ryinz.cz\/velkoobchod\/sk\/wp-json\/wp\/v2\/product_brand?post=8900"},{"taxonomy":"product_cat","embeddable":true,"href":"https:\/\/ryinz.cz\/velkoobchod\/sk\/wp-json\/wp\/v2\/product_cat?post=8900"},{"taxonomy":"product_tag","embeddable":true,"href":"https:\/\/ryinz.cz\/velkoobchod\/sk\/wp-json\/wp\/v2\/product_tag?post=8900"}],"curies":[{"name":"wp","href":"https:\/\/api.w.org\/{rel}","templated":true}]}}