{"id":8899,"date":"2025-06-22T15:21:02","date_gmt":"2025-06-22T15:21:02","guid":{"rendered":"https:\/\/ryinz.cz\/velkoobchod\/?post_type=product&#038;p=8899"},"modified":"2026-01-18T20:16:40","modified_gmt":"2026-01-18T20:16:40","slug":"ryinz-rukavice-na-horskom-bicykli-plne-prsty-priedusne-mtb-enduro-cross-country-downhill-rukavice-pre-muzov-a-zeny","status":"publish","type":"product","link":"https:\/\/ryinz.cz\/velkoobchod\/sk\/product\/ryinz-mountain-bike-gloves-full-finger-breathable-mtb-enduro-cross-country-downhill-gloves-for-men-and-women\/","title":{"rendered":"RYINZ Mountain Bike Rukavice Full Finger - priedu\u0161n\u00e9 MTB, Enduro, Cross-Country, Downhill rukavice pre mu\u017eov a \u017eeny"},"content":{"rendered":"<p class=\"\" data-start=\"285\" data-end=\"734\">S rukavicami RYINZ na horsk\u00e9 bicykle s cel\u00fdmi prstami, ktor\u00e9 s\u00fa navrhnut\u00e9 tak, aby poskytovali dokonal\u00fa kontrolu, pohodlie a ochranu pre seri\u00f3znych cyklistov, m\u00f4\u017eete uvo\u013eni\u0165 svojho jazdeck\u00e9ho ducha. \u010ci u\u017e zdol\u00e1vate n\u00e1ro\u010dn\u00e9 horsk\u00e9 traily, zvl\u00e1date enduro v\u00fdzvy, pretek\u00e1te v zjazde alebo si u\u017e\u00edvate cross-country dobrodru\u017estv\u00e1, tieto rukavice poskytuj\u00fa dokonal\u00fa kombin\u00e1ciu pri\u013enavosti, priedu\u0161nosti a odolnosti, ktor\u00e1 zodpoved\u00e1 va\u0161ej intenzite.<\/p>\n<p class=\"\" data-start=\"736\" data-end=\"1151\">Rukavice RYINZ na horsk\u00e9 bicykle s\u00fa vybaven\u00e9 \u013eahkou, priedu\u0161nou sie\u0165ovinou na chrbte, ktor\u00e1 udr\u017euje ruky v chlade aj po\u010das najn\u00e1ro\u010dnej\u0161\u00edch j\u00e1zd. Aj pri ve\u013ekej n\u00e1mahe alebo v hor\u00facom po\u010das\u00ed zabezpe\u010duje pokro\u010dil\u00fd ventila\u010dn\u00fd syst\u00e9m komfort pri odv\u00e1dzan\u00ed vlhkosti, ktor\u00fd zabra\u0148uje poteniu dlan\u00ed a zlep\u0161uje kontrolu nad \u00fachopom. Tieto rukavice, navrhnut\u00e9 \u0161peci\u00e1lne pre discipl\u00edny horskej cyklistiky, vynikaj\u00fa v n\u00e1ro\u010dn\u00fdch ter\u00e9noch a extr\u00e9mnych poveternostn\u00fdch podmienkach.<\/p>\n<p class=\"\" data-start=\"1153\" data-end=\"1624\">Dlane s\u00fa vyroben\u00e9 z vysokokvalitn\u00e9ho zosilnen\u00e9ho syntetick\u00e9ho semi\u0161u, ktor\u00fd pon\u00faka vynikaj\u00facu pri\u013enavos\u0165 a odolnos\u0165 proti oderu bez toho, aby bola obetovan\u00e1 flexibilita. Proti\u0161mykov\u00e9 silik\u00f3nov\u00e9 pr\u00fa\u017eky na prstoch maximalizuj\u00fa va\u0161u kontrolu nad riadidlami, brzdami a radiacimi p\u00e1kami, \u010d\u00edm v\u00e1m poskytuj\u00fa v\u00fdhodu potrebn\u00fa pri technick\u00fdch zjazdoch a ostr\u00fdch z\u00e1krut\u00e1ch. Polstrovanie pohlcuj\u00face n\u00e1razy strategicky umiestnen\u00e9 na dlaniach zni\u017euje vibr\u00e1cie, minimalizuje \u00fanavu a chr\u00e1ni citliv\u00e9 miesta po\u010das dlh\u0161ej jazdy.<\/p>\n<p class=\"\" data-start=\"1626\" data-end=\"2011\">Tieto rukavice s\u00fa navrhnut\u00e9 pre agres\u00edvny \u0161t\u00fdl jazdy a pon\u00fakaj\u00fa ochranu cel\u00fdch prstov pri zachovan\u00ed v\u00fdnimo\u010dne \u013eahk\u00e9ho a citliv\u00e9ho strihu. Bezpe\u010dn\u00e9 zap\u00ednanie na z\u00e1p\u00e4st\u00ed na h\u00e1\u010dik a slu\u010dku umo\u017e\u0148uje nastavi\u0165 tesnos\u0165 na prisp\u00f4sobenie, \u010d\u00edm sa zabezpe\u010d\u00ed, \u017ee rukavice zostan\u00fa na svojom mieste aj po\u010das intenz\u00edvnej jazdy. Vystu\u017een\u00e9 panely na palci poskytuj\u00fa dodato\u010dn\u00fa odolnos\u0165 v oblastiach s vysokou z\u00e1\u0165a\u017eou.<\/p>\n<p class=\"\" data-start=\"2013\" data-end=\"2332\">Rukavice RYINZ na horsk\u00fd bicykel s\u00fa tie\u017e kompatibiln\u00e9 s dotykov\u00fdm displejom, \u010do umo\u017e\u0148uje jednoduch\u00e9 pou\u017e\u00edvanie smartf\u00f3nu, zariadenia GPS alebo ak\u010dnej kamery bez toho, aby ste si museli vyzliec\u0165 rukavice. Tieto rukavice s\u00fa k dispoz\u00edcii vo v\u00fdrazn\u00fdch a atrakt\u00edvnych farb\u00e1ch vr\u00e1tane v\u00fdraznej \u010dervenej, bielej a modrej kombin\u00e1cie, v\u010faka \u010domu budete vyzera\u0165 rovnako v\u00fdkonne ako jazdi\u0165.<\/p>\n<p class=\"\" data-start=\"2334\" data-end=\"2523\">Tieto rukavice s\u00fa ide\u00e1lne pre v\u0161etky typy horskej cyklistiky - od trailovej a all-mountain a\u017e po zjazdov\u00fa a cross-country - a s\u00fa nevyhnutnou v\u00fdbavou pre jazdcov, ktor\u00ed vy\u017eaduj\u00fa v\u00fdkon, ochranu a \u0161t\u00fdl.<\/p>\n<p class=\"\" data-start=\"2525\" data-end=\"2546\"><strong data-start=\"2525\" data-end=\"2544\">\u0160pecifik\u00e1cie:<\/strong><\/p>\n<ul data-start=\"2547\" data-end=\"3025\">\n<li class=\"\" data-start=\"2547\" data-end=\"2579\">\n<p class=\"\" data-start=\"2549\" data-end=\"2579\">Pohlavie: Unisex (mu\u017ei a \u017eeny)<\/p>\n<\/li>\n<li class=\"\" data-start=\"2580\" data-end=\"2622\">\n<p class=\"\" data-start=\"2582\" data-end=\"2622\">Typ: Rukavice na horsk\u00fd bicykel s cel\u00fdmi prstami<\/p>\n<\/li>\n<li class=\"\" data-start=\"2623\" data-end=\"2669\">\n<p class=\"\" data-start=\"2625\" data-end=\"2669\">Farby: \u010cerven\u00e1, biela a modr\u00e1 (viacfarebn\u00e1)<\/p>\n<\/li>\n<li class=\"\" data-start=\"2670\" data-end=\"2707\">\n<p class=\"\" data-start=\"2672\" data-end=\"2707\">Dostupn\u00e9 ve\u013ekosti: S, M, L, XL, XXL<\/p>\n<\/li>\n<li class=\"\" data-start=\"2708\" data-end=\"2765\">\n<p class=\"\" data-start=\"2710\" data-end=\"2765\">Materi\u00e1l: Priedu\u0161n\u00e1 sie\u0165ovina na chrbte, zosilnen\u00e1 semi\u0161ov\u00e1 dla\u0148<\/p>\n<\/li>\n<li class=\"\" data-start=\"2766\" data-end=\"2882\">\n<p class=\"\" data-start=\"2768\" data-end=\"2882\">Vlastnosti: Proti\u0161mykov\u00e1 silik\u00f3nov\u00e1 rukov\u00e4\u0165, n\u00e1razy pohlcuj\u00face polstrovanie dlane, priedu\u0161n\u00e1 sie\u0165ovina, nastavite\u013en\u00e9 zap\u00ednanie na h\u00e1\u010dik a slu\u010dku<\/p>\n<\/li>\n<li class=\"\" data-start=\"2883\" data-end=\"2936\">\n<p class=\"\" data-start=\"2885\" data-end=\"2936\">\u0160peci\u00e1lne doplnky: Kompatibiln\u00e9 s dotykov\u00fdm displejom<\/p>\n<\/li>\n<li class=\"\" data-start=\"2937\" data-end=\"3025\">\n<p class=\"\" data-start=\"2939\" data-end=\"3025\">Ide\u00e1lne pre: MTB, Enduro, Cross-Country, Downhill, Jazda po chodn\u00edku, Fitness, Pr\u00edle\u017eitostn\u00e1 cyklistika<\/p>\n<\/li>\n<\/ul>\n<p class=\"\" data-start=\"3027\" data-end=\"3046\"><strong data-start=\"3027\" data-end=\"3044\">K\u013e\u00fa\u010dov\u00e9 vlastnosti:<\/strong><\/p>\n<ul data-start=\"3047\" data-end=\"3849\">\n<li class=\"\" data-start=\"3047\" data-end=\"3104\">\n<p class=\"\" data-start=\"3049\" data-end=\"3104\">\u013dahk\u00e1, priedu\u0161n\u00e1 sie\u0165ovina pre vynikaj\u00facu ventil\u00e1ciu<\/p>\n<\/li>\n<li class=\"\" data-start=\"3105\" data-end=\"3157\">\n<p class=\"\" data-start=\"3107\" data-end=\"3157\">Zosilnen\u00e1 proti\u0161mykov\u00e1 semi\u0161ov\u00e1 dla\u0148 pre maxim\u00e1lny \u00fachop<\/p>\n<\/li>\n<li class=\"\" data-start=\"3158\" data-end=\"3211\">\n<p class=\"\" data-start=\"3160\" data-end=\"3211\">Antivibra\u010dn\u00e9 polstrovanie pre pohodlie a ochranu<\/p>\n<\/li>\n<li class=\"\" data-start=\"3212\" data-end=\"3255\">\n<p class=\"\" data-start=\"3214\" data-end=\"3255\">Kompatibilita s dotykovou obrazovkou na kon\u010dekoch prstov<\/p>\n<\/li>\n<li class=\"\" data-start=\"3256\" data-end=\"3312\">\n<p class=\"\" data-start=\"3258\" data-end=\"3312\">Flexibiln\u00e1, \u013eahk\u00e1 kon\u0161trukcia pre obratnos\u0165 a pohodlie<\/p>\n<\/li>\n<li class=\"\" data-start=\"3313\" data-end=\"3357\">\n<p class=\"\" data-start=\"3315\" data-end=\"3357\">Nastavite\u013en\u00fd remienok na z\u00e1p\u00e4stie pre dokonal\u00e9 prisp\u00f4sobenie<\/p>\n<\/li>\n<li class=\"\" data-start=\"3358\" data-end=\"3405\">\n<p class=\"\" data-start=\"3360\" data-end=\"3405\">Absorpcia n\u00e1razov v kritick\u00fdch tlakov\u00fdch z\u00f3nach<\/p>\n<\/li>\n<li class=\"\" data-start=\"3406\" data-end=\"3463\">\n<p class=\"\" data-start=\"3408\" data-end=\"3463\">\u0160t\u00fdlov\u00fd \u010derveno-bielo-modr\u00fd dizajn pre lep\u0161iu vidite\u013enos\u0165<\/p>\n<\/li>\n<li class=\"\" data-start=\"3464\" data-end=\"3509\">\n<p class=\"\" data-start=\"3466\" data-end=\"3509\">Odoln\u00e9 \u0161itie a robustn\u00e1 kon\u0161trukcia<\/p>\n<\/li>\n<li class=\"\" data-start=\"3510\" data-end=\"3556\">\n<p class=\"\" data-start=\"3512\" data-end=\"3556\">Ide\u00e1lne na jarn\u00e9, letn\u00e9 a jesenn\u00e9 jazdy<\/p>\n<\/li>\n<li class=\"\" data-start=\"3557\" data-end=\"3615\">\n<p class=\"\" data-start=\"3559\" data-end=\"3615\">Ide\u00e1lne na s\u00fa\u0165a\u017en\u00e9 preteky aj rekrea\u010dn\u00fa cyklistiku<\/p>\n<\/li>\n<li class=\"\" data-start=\"3616\" data-end=\"3662\">\n<p class=\"\" data-start=\"3618\" data-end=\"3662\">Skon\u0161truovan\u00e9 tak, aby odolali n\u00e1ro\u010dn\u00fdm horsk\u00fdm ter\u00e9nom<\/p>\n<\/li>\n<li class=\"\" data-start=\"3663\" data-end=\"3727\">\n<p class=\"\" data-start=\"3665\" data-end=\"3727\">Navrhnut\u00e9 na zn\u00ed\u017eenie \u00fanavy r\u00fak a zv\u00fd\u0161enie jazdnej vytrvalosti<\/p>\n<\/li>\n<li class=\"\" data-start=\"3728\" data-end=\"3798\">\n<p class=\"\" data-start=\"3730\" data-end=\"3798\">Vhodn\u00e9 pre za\u010diato\u010dn\u00edkov, nad\u0161encov aj profesion\u00e1lnych jazdcov<\/p>\n<\/li>\n<li class=\"\" data-start=\"3799\" data-end=\"3849\">\n<p class=\"\" data-start=\"3801\" data-end=\"3849\">Jednoduch\u00e1 \u00fadr\u017eba: mo\u017eno pra\u0165 v ruke a r\u00fdchlo schn\u00fa\u0165<\/p>\n<\/li>\n<\/ul>\n<p class=\"\" data-start=\"3851\" data-end=\"4023\">Pripravte sa na \u010fal\u0161iu jazdu s celoprst\u00fdmi rukavicami na horsk\u00fd bicykel RYINZ - va\u0161im najlep\u0161\u00edm partnerom pri zdol\u00e1van\u00ed naj\u0165a\u017e\u0161\u00edch tr\u00e1s a dosahovan\u00ed \u0161pi\u010dkov\u00e9ho v\u00fdkonu na ka\u017edom kilometri.<\/p>","protected":false},"excerpt":{"rendered":"<p>S celoprst\u00fdmi rukavicami na horsk\u00fd bicykel RYINZ zdol\u00e1te ka\u017ed\u00fa trasu. Tieto rukavice s\u00fa navrhnut\u00e9 pre MTB, enduro, cross-country a downhill cyklistiku a s\u00fa vybaven\u00e9 priedu\u0161nou sie\u0165ovinou, proti\u0161mykov\u00fdmi dla\u0148ami, polstrovan\u00edm absorbuj\u00facim n\u00e1razy a kompatibilitou s dotykov\u00fdm displejom. S\u00fa \u013eahk\u00e9, pru\u017en\u00e9 a odoln\u00e9 a zabezpe\u010duj\u00fa maxim\u00e1lnu kontrolu, pohodlie a ochranu po\u010das ka\u017edej jazdy. Jazdite inteligentnej\u0161ie a tvrd\u0161ie s rukavicami RYINZ stvoren\u00fdmi pre \u0161ampi\u00f3nov.<\/p>\n<ul data-start=\"3047\" data-end=\"3849\">\n<li class=\"\" data-start=\"3256\" data-end=\"3312\">\n<p class=\"\" data-start=\"3258\" data-end=\"3312\">Flexibiln\u00e1, \u013eahk\u00e1 kon\u0161trukcia pre obratnos\u0165 a pohodlie<\/p>\n<\/li>\n<li class=\"\" data-start=\"3313\" data-end=\"3357\">\n<p class=\"\" data-start=\"3315\" data-end=\"3357\">Nastavite\u013en\u00fd remienok na z\u00e1p\u00e4stie pre dokonal\u00e9 prisp\u00f4sobenie<\/p>\n<\/li>\n<li class=\"\" data-start=\"3358\" data-end=\"3405\">\n<p class=\"\" data-start=\"3360\" data-end=\"3405\">Absorpcia n\u00e1razov v kritick\u00fdch tlakov\u00fdch z\u00f3nach<\/p>\n<\/li>\n<li class=\"\" data-start=\"3406\" data-end=\"3463\">\n<p class=\"\" data-start=\"3408\" data-end=\"3463\">\u0160t\u00fdlov\u00fd \u010derveno-bielo-modr\u00fd dizajn pre lep\u0161iu vidite\u013enos\u0165<\/p>\n<\/li>\n<li class=\"\" data-start=\"3464\" data-end=\"3509\">\n<p class=\"\" data-start=\"3466\" data-end=\"3509\">Odoln\u00e9 \u0161itie a robustn\u00e1 kon\u0161trukcia<\/p>\n<\/li>\n<li class=\"\" data-start=\"3510\" data-end=\"3556\">\n<p class=\"\" data-start=\"3512\" data-end=\"3556\">Ide\u00e1lne na jarn\u00e9, letn\u00e9 a jesenn\u00e9 jazdy<\/p>\n<\/li>\n<\/ul>","protected":false},"featured_media":8931,"comment_status":"closed","ping_status":"closed","template":"","meta":[],"product_brand":[35],"product_cat":[31,50],"product_tag":[49,34],"class_list":{"0":"post-8899","1":"product","2":"type-product","3":"status-publish","4":"has-post-thumbnail","6":"product_brand-ryinz","7":"product_cat-cycling-mountain-gloves","8":"product_cat-mountain-bike-gloves","9":"product_tag-full-finger-cycling-gloves","10":"product_tag-mountain-bike-gloves","12":"first","13":"instock","14":"sold-individually","15":"taxable","16":"shipping-taxable","17":"purchasable","18":"product-type-simple"},"_links":{"self":[{"href":"https:\/\/ryinz.cz\/velkoobchod\/sk\/wp-json\/wp\/v2\/product\/8899","targetHints":{"allow":["GET"]}}],"collection":[{"href":"https:\/\/ryinz.cz\/velkoobchod\/sk\/wp-json\/wp\/v2\/product"}],"about":[{"href":"https:\/\/ryinz.cz\/velkoobchod\/sk\/wp-json\/wp\/v2\/types\/product"}],"replies":[{"embeddable":true,"href":"https:\/\/ryinz.cz\/velkoobchod\/sk\/wp-json\/wp\/v2\/comments?post=8899"}],"wp:featuredmedia":[{"embeddable":true,"href":"https:\/\/ryinz.cz\/velkoobchod\/sk\/wp-json\/wp\/v2\/media\/8931"}],"wp:attachment":[{"href":"https:\/\/ryinz.cz\/velkoobchod\/sk\/wp-json\/wp\/v2\/media?parent=8899"}],"wp:term":[{"taxonomy":"product_brand","embeddable":true,"href":"https:\/\/ryinz.cz\/velkoobchod\/sk\/wp-json\/wp\/v2\/product_brand?post=8899"},{"taxonomy":"product_cat","embeddable":true,"href":"https:\/\/ryinz.cz\/velkoobchod\/sk\/wp-json\/wp\/v2\/product_cat?post=8899"},{"taxonomy":"product_tag","embeddable":true,"href":"https:\/\/ryinz.cz\/velkoobchod\/sk\/wp-json\/wp\/v2\/product_tag?post=8899"}],"curies":[{"name":"wp","href":"https:\/\/api.w.org\/{rel}","templated":true}]}}