{"id":8898,"date":"2025-06-22T15:21:02","date_gmt":"2025-06-22T15:21:02","guid":{"rendered":"https:\/\/ryinz.cz\/velkoobchod\/?post_type=product&#038;p=8898"},"modified":"2026-01-18T20:16:40","modified_gmt":"2026-01-18T20:16:40","slug":"ryinz-neonovo-zelene-priedusne-polprstove-cyklisticke-rukavice-s-gelovou-vyplnou-proti-posmyknutiu-pre-cestne-mtb-a-fitness-pouzitie","status":"publish","type":"product","link":"https:\/\/ryinz.cz\/velkoobchod\/sk\/product\/ryinz-neon-green-breathable-half-finger-cycling-gloves-with-gel-padding-anti-slip-grip-for-road-mtb-and-fitness-use\/","title":{"rendered":"RYINZ Ne\u00f3novo zelen\u00e9 priedu\u0161n\u00e9 cyklistick\u00e9 rukavice s g\u00e9lovou v\u00fdstelkou a proti\u0161mykov\u00fdm \u00fachopom na cesty, MTB a fitness"},"content":{"rendered":"<p class=\"\" data-start=\"396\" data-end=\"877\">Predstavujeme dokonal\u00e9 rie\u0161enie pre cyklistov, ktor\u00ed vy\u017eaduj\u00fa v\u00fdkon aj vidite\u013enos\u0165: cyklistick\u00e9 rukavice bez prstov s vysokou vidite\u013enos\u0165ou od spolo\u010dnosti RYINZ. Tieto rukavice s\u00fa navrhnut\u00e9 na vytrvalos\u0165, r\u00fdchlos\u0165 a dlh\u00e9 jazdy a sp\u00e1jaj\u00fa v\u00fdnimo\u010dn\u00fa funk\u010dnos\u0165 s profesion\u00e1lnou estetikou. Tento model s modernou vrchnou \u010das\u0165ou z ne\u00f3novej sie\u0165oviny s vysokou vidite\u013enos\u0165ou a ergonomickou kon\u0161trukciou poskytuje prvotriedne pohodlie a kontrolu pre amat\u00e9rskych aj profesion\u00e1lnych cyklistov.<\/p>\n<p class=\"\" data-start=\"879\" data-end=\"1335\">Tieto rukavice s\u00fa vyroben\u00e9 z odoln\u00e9ho syntetick\u00e9ho semi\u0161u a maj\u00fa zosilnen\u00e9 \u0161itie, \u010do zaru\u010duje zv\u00fd\u0161en\u00fa ochranu dlane bez toho, aby sa zn\u00ed\u017eila ich obratnos\u0165. Dla\u0148 je vybaven\u00e1 strategick\u00fdmi proti\u0161mykov\u00fdmi silik\u00f3nov\u00fdmi vzormi, ktor\u00e9 zvy\u0161uj\u00fa kontrolu a pri\u013enavos\u0165 za v\u0161etk\u00fdch poveternostn\u00fdch podmienok, \u010di u\u017e \u0161liapete v da\u017edi, vetre alebo v pote. Kon\u0161trukcia bez prstov zlep\u0161uje vetranie a umo\u017e\u0148uje vo\u013en\u00fd pohyb, tak\u017ee je ide\u00e1lna do hor\u00faceho podnebia a na pou\u017eitie pri vysok\u00fdch v\u00fdkonoch.<\/p>\n<p class=\"\" data-start=\"1337\" data-end=\"1761\">Priedu\u0161n\u00fd sie\u0165ovan\u00fd zvr\u0161ok r\u00fdchlo odv\u00e1dza vlhkos\u0165 a zabra\u0148uje prehrievaniu, zatia\u013e \u010do m\u00e4kk\u00fd n\u00edzkoprofilov\u00fd p\u00e1sik na such\u00fd zips zais\u0165uje bezpe\u010dn\u00e9 nosenie bez \u00fanavy z\u00e1p\u00e4stia. T\u00e1to kombin\u00e1cia poskytuje jazdcom \u010fal\u0161iu vrstvu stability a kontroly nad riadidlami, brzdami a raden\u00edm prevodov\u00fdch stup\u0148ov. \u010ci u\u017e zdol\u00e1vate mestsk\u00e9 cesty, horsk\u00e9 chodn\u00edky alebo vidiecke cesti\u010dky, tieto rukavice s\u00fa va\u0161\u00edm spo\u013eahliv\u00fdm partnerom pre r\u00fdchlos\u0165 a pohodlie.<\/p>\n<p class=\"\" data-start=\"1763\" data-end=\"2059\">Ka\u017ed\u00e1 rukavica je vybaven\u00e1 m\u00e4kk\u00fdm frot\u00e9 panelom na palci, ktor\u00fd utiera pot po\u010das intenz\u00edvnej jazdy, a polstrovan\u00e9 z\u00f3ny zni\u017euj\u00fa vibr\u00e1cie na ceste, aby sa zabr\u00e1nilo necitlivosti a \u00fanave. Rukavice s\u00fa \u013eahk\u00e9, pru\u017en\u00e9 a daj\u00fa sa pra\u0165 v pr\u00e1\u010dke - v\u010faka tomu s\u00fa ide\u00e1lne na ka\u017edodenn\u00fd tr\u00e9ning, turistiku a doch\u00e1dzanie do pr\u00e1ce.<\/p>\n<p class=\"\" data-start=\"2061\" data-end=\"2404\">Cyklistick\u00e9 rukavice RYINZ boli testovan\u00e9 profesion\u00e1lnymi aj be\u017en\u00fdmi cyklistami, aby sa zabezpe\u010dilo, \u017ee prekonaj\u00fa o\u010dak\u00e1vania. V r\u00e1mci n\u00e1\u0161ho z\u00e1v\u00e4zku kvality prech\u00e1dza ka\u017ed\u00fd p\u00e1r po\u010das v\u00fdroby pr\u00edsnou kontrolou kvality. Spolo\u010dnos\u0165 RYINZ pon\u00faka ve\u013ekoobchodn\u00e9 prisp\u00f4sobenie pre ve\u013ekoodberate\u013eov vr\u00e1tane potla\u010de loga, zladenia farieb a mo\u017enosti maloobchodn\u00e9ho balenia.<\/p>\n<p class=\"\" data-start=\"2406\" data-end=\"2810\">Tieto rukavice s\u00fa ide\u00e1lne na pou\u017eitie na cyklistick\u00fdch podujatiach, v pretek\u00e1rskych t\u00edmoch alebo ako s\u00fa\u010das\u0165 zna\u010dkov\u00e9ho tovaru pre spolo\u010dnosti vyr\u00e1baj\u00face fitness a \u0161portov\u00e9 oble\u010denie. Dod\u00e1vame na eur\u00f3pske trhy, B2B n\u00e1kupcom, \u0161portov\u00fdm distrib\u00fatorom a outdoorov\u00fdm maloobchodn\u00edkom v 28 krajin\u00e1ch. Na\u0161e rukavice s\u00fa k dispoz\u00edcii v \u0161irokom rozsahu ve\u013ekost\u00ed a sp\u013a\u0148aj\u00fa medzin\u00e1rodn\u00e9 bezpe\u010dnostn\u00e9 a materi\u00e1lov\u00e9 normy. Na po\u017eiadanie s\u00fa k dispoz\u00edcii aj mo\u017enosti MOQ a slu\u017eby OEM.<\/p>\n<p class=\"\" data-start=\"2812\" data-end=\"3124\">\u010ci u\u017e ste zna\u010dka, ktor\u00e1 h\u013ead\u00e1 vlastn\u00e9 cyklistick\u00e9 rukavice s vysokou vidite\u013enos\u0165ou, alebo predajca, ktor\u00fd h\u013ead\u00e1 kvalitn\u00e9 skladov\u00e9 z\u00e1soby, spolo\u010dnos\u0165 RYINZ je v\u00e1\u0161 d\u00f4veryhodn\u00fd v\u00fdrobn\u00fd partner v oblasti v\u00fdkonn\u00fdch cyklistick\u00fdch rukav\u00edc. V\u010faka dlhoro\u010dn\u00fdm sk\u00fasenostiam s v\u00fdrobou rukav\u00edc a povesti spo\u013eahlivosti s\u00fa na\u0161e v\u00fdrobky z\u00e1rukou spokojnosti a opakovan\u00e9ho predaja.<\/p>\n<p class=\"\" data-start=\"3126\" data-end=\"3788\"><strong data-start=\"3126\" data-end=\"3162\">Pre\u010do si vybra\u0165 cyklistick\u00e9 rukavice RYINZ?<\/strong><br data-start=\"3162\" data-end=\"3165\" \/>- Priedu\u0161n\u00fd zvr\u0161ok zo sie\u0165oviny na regul\u00e1ciu tepla a potu<br data-start=\"3215\" data-end=\"3218\" \/>- Bezprstov\u00fd dizajn pre maxim\u00e1lnu flexibilitu a sp\u00e4tn\u00fa v\u00e4zbu pri uchopen\u00ed<br data-start=\"3279\" data-end=\"3282\" \/>- M\u00e4kk\u00e1 polstrovan\u00e1 semi\u0161ov\u00e1 dla\u0148 s g\u00e9lov\u00fdmi z\u00f3nami na zn\u00ed\u017eenie vibr\u00e1ci\u00ed<br data-start=\"3345\" data-end=\"3348\" \/>- Nastavite\u013en\u00fd popruh na such\u00fd zips pre pohodln\u00e9 z\u00e1p\u00e4stie a bezpe\u010dn\u00e9 zap\u00ednanie<br data-start=\"3410\" data-end=\"3413\" \/>- \u013dahk\u00fd, um\u00fdvate\u013en\u00fd a pripraven\u00fd na poveternostn\u00e9 vplyvy<br data-start=\"3455\" data-end=\"3458\" \/>- Vhodn\u00e9 pre mu\u017eov, \u017eeny a unisex ve\u013ekosti<br data-start=\"3502\" data-end=\"3505\" \/>- Ide\u00e1lne pre cestn\u00fa cyklistiku, spinning, MTB, triatlon a mestsk\u00fa cyklistiku<br data-start=\"3573\" data-end=\"3576\" \/>- Hromadn\u00e1 v\u00fdroba s mo\u017enos\u0165ou ozna\u010denia pre ve\u013ekoobchodn\u00edkov a z\u00e1kazn\u00edkov OEM<br data-start=\"3647\" data-end=\"3650\" \/>- R\u00fdchle dodanie, s\u00fakromn\u00e9 ozna\u010dovanie a n\u00edzke minim\u00e1lne mno\u017estv\u00e1 objedn\u00e1vok<br data-start=\"3717\" data-end=\"3720\" \/>- D\u00f4veryhodn\u00fd pre eur\u00f3pskych maloobchodn\u00edkov s cyklistick\u00fdm tovarom a B2B spolo\u010dnosti vyr\u00e1baj\u00face \u0161portov\u00e9 oble\u010denie<\/p>\n<p class=\"\" data-start=\"3790\" data-end=\"4107\"><strong data-start=\"3790\" data-end=\"3812\">Prisp\u00f4sobte si n\u00e1s:<\/strong><br data-start=\"3812\" data-end=\"3815\" \/>Spolo\u010dnos\u0165 RYINZ je profesion\u00e1lny v\u00fdrobca so s\u00eddlom v Pakistane a eur\u00f3pskou predajnou kancel\u00e1riou. Pon\u00fakame slu\u017eby OEM, ODM a white-label pre kupuj\u00facich na celom svete. Prisp\u00f4sobte si tento model n\u00e1zvom va\u0161ej spolo\u010dnosti, logom alebo vlajkou krajiny. Kontaktujte n\u00e1s e\u0161te dnes a vy\u017eiadajte si vzorku alebo si pozrite n\u00e1\u0161 kompletn\u00fd katal\u00f3g cyklistick\u00e9ho vybavenia.<\/p>","protected":false},"excerpt":{"rendered":"<p>Za\u017eite pohodlie, priedu\u0161nos\u0165 a vynikaj\u00facu pri\u013enavos\u0165 s cyklistick\u00fdmi rukavicami bez prstov s vysokou vidite\u013enos\u0165ou RYINZ - vytvoren\u00e9 pre seri\u00f3znych jazdcov, ktor\u00ed vy\u017eaduj\u00fa \u0161pi\u010dkov\u00fd v\u00fdkon a ka\u017edodenn\u00fa pou\u017eite\u013enos\u0165. V\u010faka \u013eahk\u00e9mu zvr\u0161ku z ne\u00f3novej sie\u0165oviny odv\u00e1dzaj\u00facej vlhkos\u0165 a polstrovanej semi\u0161ovej dlani tieto rukavice zni\u017euj\u00fa vibr\u00e1cie na ceste a zlep\u0161uj\u00fa kontrolu v ka\u017edom ter\u00e9ne. Kon\u0161trukcia s otvoren\u00fdmi prstami pon\u00faka vynikaj\u00facu flexibilitu pri brzden\u00ed, raden\u00ed a chladen\u00ed na dlh\u00fdch jazd\u00e1ch. S\u00fa stvoren\u00e9 do letn\u00e9ho po\u010dasia, na tr\u00e9ning v hale aj na jazdu vonku a s\u00fa ide\u00e1lne pre cyklistov doch\u00e1dzaj\u00facich do pr\u00e1ce, pretek\u00e1rov a fitness cyklistov. V\u010faka nastavite\u013en\u00fdm p\u00e1sikom na z\u00e1p\u00e4stie, m\u00e4kk\u00fdm palcom na utieranie potu a zosilnen\u00e9mu \u0161itiu pon\u00fakaj\u00fa tieto rukavice \u0161t\u00fdl aj podstatu - ide\u00e1lne na ve\u013ekoobchodn\u00e9, zna\u010dkov\u00e9 propaga\u010dn\u00e9 alebo osobn\u00e9 pou\u017eitie.<\/p>\n<p>&nbsp;<\/p>","protected":false},"featured_media":8921,"comment_status":"closed","ping_status":"closed","template":"","meta":[],"product_brand":[35],"product_cat":[31,33],"product_tag":[46,47,48],"class_list":{"0":"post-8898","1":"product","2":"type-product","3":"status-publish","4":"has-post-thumbnail","6":"product_brand-ryinz","7":"product_cat-cycling-mountain-gloves","8":"product_cat-cycling-gloves","9":"product_tag-breathable-mesh-gloves","10":"product_tag-lightweight-cycling-gloves","11":"product_tag-padded-palm-gloves","13":"first","14":"instock","15":"sold-individually","16":"taxable","17":"shipping-taxable","18":"purchasable","19":"product-type-simple"},"_links":{"self":[{"href":"https:\/\/ryinz.cz\/velkoobchod\/sk\/wp-json\/wp\/v2\/product\/8898","targetHints":{"allow":["GET"]}}],"collection":[{"href":"https:\/\/ryinz.cz\/velkoobchod\/sk\/wp-json\/wp\/v2\/product"}],"about":[{"href":"https:\/\/ryinz.cz\/velkoobchod\/sk\/wp-json\/wp\/v2\/types\/product"}],"replies":[{"embeddable":true,"href":"https:\/\/ryinz.cz\/velkoobchod\/sk\/wp-json\/wp\/v2\/comments?post=8898"}],"wp:featuredmedia":[{"embeddable":true,"href":"https:\/\/ryinz.cz\/velkoobchod\/sk\/wp-json\/wp\/v2\/media\/8921"}],"wp:attachment":[{"href":"https:\/\/ryinz.cz\/velkoobchod\/sk\/wp-json\/wp\/v2\/media?parent=8898"}],"wp:term":[{"taxonomy":"product_brand","embeddable":true,"href":"https:\/\/ryinz.cz\/velkoobchod\/sk\/wp-json\/wp\/v2\/product_brand?post=8898"},{"taxonomy":"product_cat","embeddable":true,"href":"https:\/\/ryinz.cz\/velkoobchod\/sk\/wp-json\/wp\/v2\/product_cat?post=8898"},{"taxonomy":"product_tag","embeddable":true,"href":"https:\/\/ryinz.cz\/velkoobchod\/sk\/wp-json\/wp\/v2\/product_tag?post=8898"}],"curies":[{"name":"wp","href":"https:\/\/api.w.org\/{rel}","templated":true}]}}