{"id":8896,"date":"2025-06-22T15:21:02","date_gmt":"2025-06-22T15:21:02","guid":{"rendered":"https:\/\/ryinz.cz\/velkoobchod\/?post_type=product&#038;p=8896"},"modified":"2026-01-18T20:16:39","modified_gmt":"2026-01-18T20:16:39","slug":"ryinz-pro-grip-polprstove-cyklisticke-rukavice-absorbujuce-narazy-proti-sklznutiu-priedusne-pretekarske-rukavice-pre-muzov-a-zeny","status":"publish","type":"product","link":"https:\/\/ryinz.cz\/velkoobchod\/sk\/product\/ryinz-pro-grip-half-finger-cycling-gloves-shock-absorbing-anti-slip-breathable-racing-bike-gloves-for-men-and-women\/","title":{"rendered":"Cyklistick\u00e9 rukavice RYINZ Pro Grip Half Finger - tlmiace n\u00e1razy, proti\u0161mykov\u00e9, priedu\u0161n\u00e9 pretek\u00e1rske rukavice pre mu\u017eov a \u017eeny"},"content":{"rendered":"<p class=\"\" data-start=\"241\" data-end=\"736\">Za\u017eite maxim\u00e1lne pohodlie a kontrolu pri jazde na bicykli s cyklistick\u00fdmi rukavicami RYINZ Pro Grip Half Finger. Tieto rukavice s\u00fa \u0161peci\u00e1lne navrhnut\u00e9 pre cestn\u00fdch pretek\u00e1rov, cyklistov na horsk\u00fdch bicykloch, doch\u00e1dzaj\u00facich do pr\u00e1ce a fitness nad\u0161encov a pon\u00fakaj\u00fa vynikaj\u00faci v\u00fdkon, odolnos\u0165 a \u0161t\u00fdl. Rukavice RYINZ Pro Grip, vytvoren\u00e9 pre seri\u00f3znych jazdcov, kombinuj\u00fa \u0161pi\u010dkov\u00e9 materi\u00e1ly a ergonomick\u00fd strih, aby zv\u00fd\u0161ili v\u00e1\u0161 z\u00e1\u017eitok z jazdy, zn\u00ed\u017eili \u00fanavu a zv\u00fd\u0161ili bezpe\u010dnos\u0165 po\u010das ka\u017ed\u00e9ho dobrodru\u017estva.<\/p>\n<p class=\"\" data-start=\"738\" data-end=\"1216\">Tieto rukavice s\u00fa vyroben\u00e9 z vysoko elastickej, priedu\u0161nej sie\u0165oviny a umo\u017e\u0148uj\u00fa optim\u00e1lne pr\u00fadenie vzduchu, \u010d\u00edm zabra\u0148uj\u00fa prehrievaniu a hromadeniu potu aj po\u010das dlh\u00fdch letn\u00fdch j\u00e1zd. Kon\u0161trukcia s polovi\u010dn\u00fdmi prstami poskytuje vynikaj\u00facu flexibilitu a hmatov\u00fa citlivos\u0165, \u010do v\u00e1m umo\u017e\u0148uje radi\u0165 prevodov\u00e9 stupne, ovl\u00e1da\u0165 brzdy a manipulova\u0165 s mobiln\u00fdmi zariadeniami bez toho, aby ste si museli rukavice vyzliec\u0165. S\u00fa ide\u00e1lne pre \u0161portovcov aj pr\u00edle\u017eitostn\u00fdch jazdcov, poskytuj\u00fa vo\u013enos\u0165 a obratnos\u0165, ktor\u00e9 potrebujete na pln\u00fa kontrolu na ceste alebo na trati.<\/p>\n<p class=\"\" data-start=\"1218\" data-end=\"1616\">V\u00fdrazn\u00fdm prvkom t\u00fdchto rukav\u00edc je strategicky umiestnen\u00e9 g\u00e9lov\u00e9 polstrovanie v oblasti dlane, ktor\u00e9 tlm\u00ed n\u00e1razy. Je navrhnut\u00e1 tak, aby absorbovala vibr\u00e1cie a n\u00e1razy na ceste, \u010d\u00edm v\u00fdrazne zni\u017euje nam\u00e1hanie a necitlivos\u0165 r\u00fak, najm\u00e4 v n\u00e1ro\u010dnom ter\u00e9ne alebo po\u010das dia\u013ekov\u00fdch j\u00e1zd. \u010ci u\u017e pretek\u00e1te alebo cestujete, rukavice RYINZ Pro Grip chr\u00e1nia va\u0161e ruky a z\u00e1rove\u0148 si zachov\u00e1vaj\u00fa \u013eahkos\u0165 a pru\u017enos\u0165.<\/p>\n<p class=\"\" data-start=\"1618\" data-end=\"2034\">Dlane s\u00fa vystu\u017een\u00e9 proti\u0161mykov\u00fdmi \u0161es\u0165uholn\u00edkov\u00fdmi text\u00farovan\u00fdmi n\u00e1\u0161ivkami, ktor\u00e9 poskytuj\u00fa bezpe\u010dn\u00fd \u00fachop riadidiel aj v mokr\u00fdch, zablaten\u00fdch alebo spoten\u00fdch podmienkach. Tieto rukavice v\u00e1m dodaj\u00fa sebavedomie pri agres\u00edvnej jazde a z\u00e1rove\u0148 si za ka\u017ed\u00fdch okolnost\u00ed zachovaj\u00fa pevn\u00fa kontrolu nad bicyklom. Ergonomick\u00fd strih a 3D prisp\u00f4sobenie zais\u0165uj\u00fa priliehav\u00e9 nosenie bez obmedzovania pohybu r\u00fak, \u010do zlep\u0161uje man\u00e9vrovate\u013enos\u0165 a prenos sily na riadidl\u00e1.<\/p>\n<p class=\"\" data-start=\"2036\" data-end=\"2404\">Medzi \u010fal\u0161ie kon\u0161truk\u010dn\u00e9 prvky patria \u013eahko vytiahnute\u013en\u00e9 v\u00fdstupky na prstoch na r\u00fdchle vyzliekanie, reflexn\u00e9 prvky na zv\u00fd\u0161enie bezpe\u010dnosti pri slabom osvetlen\u00ed a m\u00e4kk\u00e1 n\u00e1\u0161ivka z mikrovl\u00e1kna na palci na utieranie potu po\u010das intenz\u00edvnej jazdy. Nastavite\u013en\u00e9 zap\u00ednanie na z\u00e1p\u00e4st\u00ed poskytuje prisp\u00f4soben\u00e9, bezpe\u010dn\u00e9 uchytenie a zabra\u0148uje sk\u013aznutiu rukav\u00edc po\u010das jazdy na bicykli, fitnes tr\u00e9ningu alebo tr\u00e9ningu v posil\u0148ovni.<\/p>\n<p class=\"\" data-start=\"2406\" data-end=\"2841\">Rukavice RYINZ Pro Grip Half Finger s\u00fa k dispoz\u00edcii v \u0161t\u00fdlov\u00fdch \u010diernych, siv\u00fdch a pretek\u00e1rskych zlat\u00fdch farb\u00e1ch a s\u00fa rovnako m\u00f3dne ako funk\u010dn\u00e9. Ich odoln\u00e9 \u0161itie a vysokokvalitn\u00e9 materi\u00e1ly s\u013eubuj\u00fa dlhotrvaj\u00faci v\u00fdkon sez\u00f3nu po sez\u00f3ne. S\u00fa ide\u00e1lne na cestn\u00fa cyklistiku, horsk\u00fa cyklistiku, BMX, jazdu na \u0161otoline, indoor cycling, hodiny spinningu a dokonca aj na be\u017en\u00e9 pou\u017e\u00edvanie v posil\u0148ovni, a preto ich mus\u00ed ma\u0165 ka\u017ed\u00fd, kto to mysl\u00ed v\u00e1\u017ene s pohodl\u00edm a v\u00fdkonom.<\/p>\n<p class=\"\" data-start=\"2843\" data-end=\"2864\"><strong data-start=\"2843\" data-end=\"2862\">\u0160pecifik\u00e1cie:<\/strong><\/p>\n<ul data-start=\"2865\" data-end=\"3258\">\n<li class=\"\" data-start=\"2865\" data-end=\"2897\">\n<p class=\"\" data-start=\"2867\" data-end=\"2897\">Pohlavie: Unisex (mu\u017ei a \u017eeny)<\/p>\n<\/li>\n<li class=\"\" data-start=\"2898\" data-end=\"2944\">\n<p class=\"\" data-start=\"2900\" data-end=\"2944\">\u0160t\u00fdl: Polovi\u010dn\u00fd prst, Pro Grip Racing Design<\/p>\n<\/li>\n<li class=\"\" data-start=\"2945\" data-end=\"2981\">\n<p class=\"\" data-start=\"2947\" data-end=\"2981\">Farby: \u010cierna, siv\u00e1, pretek\u00e1rska zlat\u00e1<\/p>\n<\/li>\n<li class=\"\" data-start=\"2982\" data-end=\"3014\">\n<p class=\"\" data-start=\"2984\" data-end=\"3014\">Dostupn\u00e9 ve\u013ekosti: S, M, L, XL<\/p>\n<\/li>\n<li class=\"\" data-start=\"3015\" data-end=\"3112\">\n<p class=\"\" data-start=\"3017\" data-end=\"3112\">Materi\u00e1ly: Priedu\u0161n\u00e1 sie\u0165ovina na chrbte, g\u00e9lov\u00e9 polstrovanie absorbuj\u00face n\u00e1razy, proti\u0161mykov\u00e9 text\u00farovan\u00e9 dlane<\/p>\n<\/li>\n<li class=\"\" data-start=\"3113\" data-end=\"3160\">\n<p class=\"\" data-start=\"3115\" data-end=\"3160\">Typ uz\u00e1veru: Nastavite\u013en\u00fd p\u00e1sik na such\u00fd zips<\/p>\n<\/li>\n<li class=\"\" data-start=\"3161\" data-end=\"3258\">\n<p class=\"\" data-start=\"3163\" data-end=\"3258\">Ide\u00e1lne pre: Cyklistika na ceste, horsk\u00e1 cyklistika, kondi\u010dn\u00fd tr\u00e9ning, indoor cycling, BMX, jazda na kolobe\u017eke<\/p>\n<\/li>\n<\/ul>\n<p class=\"\" data-start=\"3260\" data-end=\"3613\">Vybavte sa cyklistick\u00fdmi rukavicami RYINZ Pro Grip Half Finger a jazdite s bezkonkuren\u010dnou istotou, pohodl\u00edm a \u0161t\u00fdlom. \u010ci u\u017e zdol\u00e1vate horsk\u00e9 trasy, \u0161printujete po dia\u013eniciach alebo \u0161liapete do ped\u00e1lov v uliciach mesta, tieto rukavice s\u00fa navrhnut\u00e9 tak, aby podporovali ka\u017ed\u00fd v\u00e1\u0161 pohyb. Jazdite r\u00fdchlej\u0161ie, dlh\u0161ie a inteligentnej\u0161ie s rukavicami RYINZ - va\u0161im partnerom na ka\u017edom kilometri.<\/p>","protected":false},"excerpt":{"rendered":"<p class=\"\" data-start=\"3620\" data-end=\"4068\"><br data-start=\"3665\" data-end=\"3668\" \/>S cyklistick\u00fdmi rukavicami RYINZ Pro Grip Half Finger ovl\u00e1dnete svoju jazdu. Tieto rukavice s\u00fa navrhnut\u00e9 pre pretek\u00e1rov a ka\u017edodenn\u00fdch cyklistov a s\u00fa vybaven\u00e9 priedu\u0161nou sie\u0165ovinou, proti\u0161mykov\u00fdm \u0161es\u0165hrann\u00fdm \u00fachopom, g\u00e9lov\u00fdmi vank\u00fa\u0161ikmi absorbuj\u00facimi n\u00e1razy a \u013eahkou, pru\u017enou kon\u0161trukciou. S\u00fa ide\u00e1lne na cestn\u00e9, MTB, BMX a fitness tr\u00e9ningy, udr\u017euj\u00fa va\u0161e ruky v pohode, chr\u00e1nia ich a s\u00fa pohodln\u00e9. Zv\u00fd\u0161te svoj v\u00fdkon a zosta\u0148te \u0161t\u00fdlov\u00ed s rukavicami RYINZ.<\/p>\n<p data-start=\"3620\" data-end=\"4068\">Rukavice RYINZ Pro Grip Half Finger s\u00fa k dispoz\u00edcii v \u0161t\u00fdlov\u00fdch \u010diernych, siv\u00fdch a pretek\u00e1rskych zlat\u00fdch farb\u00e1ch a s\u00fa rovnako m\u00f3dne ako funk\u010dn\u00e9. Ich odoln\u00e9 \u0161itie a vysokokvalitn\u00e9 materi\u00e1ly s\u013eubuj\u00fa dlhotrvaj\u00faci v\u00fdkon sez\u00f3nu po sez\u00f3ne. S\u00fa ide\u00e1lne na cestn\u00fa cyklistiku, horsk\u00fa cyklistiku, BMX, jazdu na \u0161otoline, indoor cycling, hodiny spinningu a dokonca aj na be\u017en\u00e9 pou\u017e\u00edvanie v posil\u0148ovni, a preto ich mus\u00ed ma\u0165 ka\u017ed\u00fd, kto to mysl\u00ed v\u00e1\u017ene s pohodl\u00edm a v\u00fdkonom.<\/p>","protected":false},"featured_media":8926,"comment_status":"closed","ping_status":"closed","template":"","meta":[],"product_brand":[35],"product_cat":[31,33],"product_tag":[36,37,40],"class_list":{"0":"post-8896","1":"product","2":"type-product","3":"status-publish","4":"has-post-thumbnail","6":"product_brand-ryinz","7":"product_cat-cycling-mountain-gloves","8":"product_cat-cycling-gloves","9":"product_tag-cycling-gloves","10":"product_tag-half-finger-gloves","11":"product_tag-performance-cycling-gear","13":"first","14":"instock","15":"taxable","16":"shipping-taxable","17":"purchasable","18":"product-type-simple"},"_links":{"self":[{"href":"https:\/\/ryinz.cz\/velkoobchod\/sk\/wp-json\/wp\/v2\/product\/8896","targetHints":{"allow":["GET"]}}],"collection":[{"href":"https:\/\/ryinz.cz\/velkoobchod\/sk\/wp-json\/wp\/v2\/product"}],"about":[{"href":"https:\/\/ryinz.cz\/velkoobchod\/sk\/wp-json\/wp\/v2\/types\/product"}],"replies":[{"embeddable":true,"href":"https:\/\/ryinz.cz\/velkoobchod\/sk\/wp-json\/wp\/v2\/comments?post=8896"}],"wp:featuredmedia":[{"embeddable":true,"href":"https:\/\/ryinz.cz\/velkoobchod\/sk\/wp-json\/wp\/v2\/media\/8926"}],"wp:attachment":[{"href":"https:\/\/ryinz.cz\/velkoobchod\/sk\/wp-json\/wp\/v2\/media?parent=8896"}],"wp:term":[{"taxonomy":"product_brand","embeddable":true,"href":"https:\/\/ryinz.cz\/velkoobchod\/sk\/wp-json\/wp\/v2\/product_brand?post=8896"},{"taxonomy":"product_cat","embeddable":true,"href":"https:\/\/ryinz.cz\/velkoobchod\/sk\/wp-json\/wp\/v2\/product_cat?post=8896"},{"taxonomy":"product_tag","embeddable":true,"href":"https:\/\/ryinz.cz\/velkoobchod\/sk\/wp-json\/wp\/v2\/product_tag?post=8896"}],"curies":[{"name":"wp","href":"https:\/\/api.w.org\/{rel}","templated":true}]}}