{"id":8895,"date":"2025-06-22T15:21:02","date_gmt":"2025-06-22T15:21:02","guid":{"rendered":"https:\/\/ryinz.cz\/velkoobchod\/?post_type=product&#038;p=8895"},"modified":"2026-01-18T20:16:38","modified_gmt":"2026-01-18T20:16:38","slug":"ryinz-ultra-grip-polprstove-cyklisticke-rukavice-pre-muzov-zeny-priedusne-polstrovane-rukavice-na-bicykel-pre-cestne-mtb-fitness-spin-trening","status":"publish","type":"product","link":"https:\/\/ryinz.cz\/velkoobchod\/sk\/product\/ryinz-ultra-grip-half-finger-cycling-gloves-for-men-women-breathable-padded-bicycle-gloves-for-road-mtb-fitness-spin-training\/","title":{"rendered":"RYINZ Ultra Grip Cyklistick\u00e9 rukavice s polovi\u010dn\u00fdmi prstami pre mu\u017eov a \u017eeny - priedu\u0161n\u00e9 polstrovan\u00e9 rukavice na bicykel na cesty, MTB, fitness a spinning"},"content":{"rendered":"<p>Cyklistick\u00e9 rukavice RYINZ Ultra Grip Half-Finger s\u00fa dokonal\u00fdm rie\u0161en\u00edm pre cyklistov, ktor\u00ed h\u013eadaj\u00fa priedu\u0161nos\u0165, pohodlie a kontrolu. Tieto rukavice, vyroben\u00e9 z vysokokvalitn\u00fdch a \u013eahk\u00fdch materi\u00e1lov, s\u00fa navrhnut\u00e9 tak, aby zni\u017eovali \u00fanavu r\u00fak, absorbovali n\u00e1razy a poskytovali vynikaj\u00facu pri\u013enavos\u0165 po\u010das intenz\u00edvnych j\u00e1zd. Kon\u0161trukcia s polovi\u010dn\u00fdmi prstami podporuje maxim\u00e1lnu pohyblivos\u0165 prstov a vetranie, tak\u017ee s\u00fa ide\u00e1lne na letn\u00fa cyklistiku, horsk\u00fa cyklistiku, cestn\u00e9 preteky a tr\u00e9ningy v hale. Nastavite\u013en\u00e9 p\u00e1siky na z\u00e1p\u00e4stie zais\u0165uj\u00fa bezpe\u010dn\u00e9 nosenie, zatia\u013e \u010do dla\u0148 s g\u00e9lovou v\u00fdstelkou absorbuje vibr\u00e1cie a chr\u00e1ni pred otlakmi. Ergonomick\u00e1 kon\u0161trukcia kop\u00edruje prirodzen\u00e9 kont\u00fary va\u0161ej ruky, aby v\u00e1m dokonale a flexibilne padla. \u010ci u\u017e zdol\u00e1vate strm\u00e9 kopce, man\u00e9vrujete v n\u00e1ro\u010dnom ter\u00e9ne, alebo si u\u017e\u00edvate be\u017en\u00fa jazdu, rukavice RYINZ poskytuj\u00fa v\u00fdkon, odolnos\u0165 a \u0161t\u00fdl. Tieto rukavice s\u00fa tie\u017e vybaven\u00e9 proti\u0161mykov\u00fdmi silik\u00f3nov\u00fdmi rukov\u00e4\u0165ami, ktor\u00e9 zabra\u0148uj\u00fa sk\u013aznutiu ruky, a to aj po\u010das spoten\u00fdch seden\u00ed. V\u010faka zosilnen\u00e9mu \u0161itiu a priedu\u0161nej sie\u0165ovine pon\u00fakaj\u00fa dlhotrvaj\u00face nosenie pre amat\u00e9rov aj profesion\u00e1lnych cyklistov. Tieto cyklistick\u00e9 rukavice s\u00fa ide\u00e1lne pre mu\u017eov aj \u017eeny, s\u00fa unisexov\u00e9 a dostupn\u00e9 vo viacer\u00fdch ve\u013ekostiach, ktor\u00e9 sa prisp\u00f4sobia ka\u017edej ruke. Stiahnute\u013en\u00e9 v\u00fdstupky na prstoch umo\u017e\u0148uj\u00fa r\u00fdchle a jednoduch\u00e9 vyzliekanie po jazde. Pou\u017e\u00edvajte ich na hodin\u00e1ch spinningu, pri jazde na bicykli vonku alebo pri crossovom tr\u00e9ningu. Rukavice RYINZ mo\u017eno pra\u0165 v pr\u00e1\u010dke a s\u00fa r\u00fdchloschn\u00face, tak\u017ee ich \u00fadr\u017eba je bezprobl\u00e9mov\u00e1. Pru\u017en\u00e9 zap\u00ednanie na such\u00fd zips umo\u017e\u0148uje jednoduch\u00e9 nastavenie, v\u010faka \u010domu netla\u010d\u00ed na z\u00e1p\u00e4stie. S\u00fa navrhnut\u00e9 pre bezpe\u010dnos\u0165, zni\u017euj\u00fa riziko zranenia a umo\u017e\u0148uj\u00fa pohodln\u00fa jazdu aj pri dlh\u00fdch dojazdoch. V\u00fdrazn\u00e9 logo RYINZ dod\u00e1va zna\u010dke n\u00e1dych a istotu v\u00fdkonu. Tieto rukavice, testovan\u00e9 skuto\u010dn\u00fdmi jazdcami, sp\u013a\u0148aj\u00fa vysok\u00e9 \u0161tandardy pri\u013enavosti, odolnosti vo\u010di potu a pohodlia. S\u00fa nielen funk\u010dn\u00e9, ale aj m\u00f3dne, s elegantn\u00fdm \u010diernym dizajnom zv\u00fdraznen\u00fdm reflexn\u00fdmi detailmi pre lep\u0161iu vidite\u013enos\u0165. Tieto rukavice s\u00fa skvel\u00e9 pre v\u0161etky \u00farovne - od ka\u017edodenn\u00fdch doch\u00e1dzaj\u00facich a\u017e po pretek\u00e1rov na dlh\u00e9 vzdialenosti. Priedu\u0161n\u00fd zvr\u0161ok z lycry udr\u017eiava rovnomern\u00e9 pr\u00fadenie vzduchu, \u010d\u00edm zabra\u0148uje prehrievaniu. Polstrovanie na dlani zni\u017euje vibr\u00e1cie na ceste a nam\u00e1hanie z\u00e1p\u00e4stia. Rukavice RYINZ s polovi\u010dn\u00fdmi prstami, navrhnut\u00e9 v spolupr\u00e1ci s odborn\u00edkmi na fitness a jazdcami, s\u00fa nevyhnutnou s\u00fa\u010das\u0165ou ka\u017ed\u00e9ho cyklistick\u00e9ho n\u00e1radia. Ak to mysl\u00edte v\u00e1\u017ene s v\u00fdkonom a hodnotou, tento v\u00fdrobok v\u00e1m ju poskytne. Technol\u00f3gia Comfort-fit zaru\u010duje, \u017ee sa rukavice \u010dasom vytvaruj\u00fa pod\u013ea va\u0161ej ruky a poskytuj\u00fa pocit prisp\u00f4sobenia. M\u00f4\u017eete im d\u00f4verova\u0165 pri triatlonovom tr\u00e9ningu, vytrvalostnej cyklistike a \u010fal\u0161\u00edch aktivit\u00e1ch. Ich kompaktn\u00fd skladac\u00ed charakter u\u013eah\u010duje ich skladovanie a pren\u00e1\u0161anie v ka\u017edej cyklistickej v\u00fdbave. Tieto rukavice pre\u0161li testovan\u00edm odolnosti, hodnoten\u00edm opotrebovania a roztrhnutia a kontrolou odolnosti \u00fachopu. Vynikn\u00fa bez oh\u013eadu na to, \u010di ste v posil\u0148ovni alebo na \u0161trkovej ceste. Spolo\u010dnos\u0165 RYINZ stoj\u00ed na \u010dele v\u00fdroby rukav\u00edc a db\u00e1 na to, aby ka\u017ed\u00fd v\u00fdrobok vyva\u017eoval funk\u010dnos\u0165 s modern\u00fdm \u0161t\u00fdlom. Na\u0161e cyklistick\u00e9 rukavice s\u00fa tie\u017e kompatibiln\u00e9 s dotykovou navig\u00e1ciou na r\u00fdchle pou\u017e\u00edvanie telef\u00f3nu na cest\u00e1ch. Pozdvihnite svoju jazdu s rukavicami navrhnut\u00fdmi pre \u0161portovcov, \u0161portovcami.<\/p>","protected":false},"excerpt":{"rendered":"<p>V\u010faka ich kompaktnej skladate\u013enosti sa daj\u00fa \u013eahko ulo\u017ei\u0165 a pren\u00e1\u0161a\u0165 v ka\u017edej cyklistickej v\u00fdbave. Tieto rukavice pre\u0161li testovan\u00edm odolnosti, hodnoten\u00edm opotrebenia a odolnosti pri uchopen\u00ed. Vynikn\u00fa bez oh\u013eadu na to, \u010di ste v posil\u0148ovni alebo na \u0161trkovej ceste. Spolo\u010dnos\u0165 RYINZ stoj\u00ed na \u010dele v\u00fdroby rukav\u00edc a db\u00e1 na to, aby ka\u017ed\u00fd v\u00fdrobok vyva\u017eoval funk\u010dnos\u0165 s modern\u00fdm \u0161t\u00fdlom. Na\u0161e cyklistick\u00e9 rukavice s\u00fa tie\u017e kompatibiln\u00e9 s dotykovou navig\u00e1ciou na r\u00fdchle pou\u017e\u00edvanie telef\u00f3nu na cest\u00e1ch. Pozdvihnite svoju jazdu s rukavicami navrhnut\u00fdmi pre \u0161portovcov, \u0161portovcami.<\/p>","protected":false},"featured_media":8930,"comment_status":"closed","ping_status":"closed","template":"","meta":[],"product_brand":[35],"product_cat":[31,33],"product_tag":[40,42],"class_list":{"0":"post-8895","1":"product","2":"type-product","3":"status-publish","4":"has-post-thumbnail","6":"product_brand-ryinz","7":"product_cat-cycling-mountain-gloves","8":"product_cat-cycling-gloves","9":"product_tag-performance-cycling-gear","10":"product_tag-shock-absorbing-gloves","12":"first","13":"instock","14":"taxable","15":"shipping-taxable","16":"purchasable","17":"product-type-simple"},"_links":{"self":[{"href":"https:\/\/ryinz.cz\/velkoobchod\/sk\/wp-json\/wp\/v2\/product\/8895","targetHints":{"allow":["GET"]}}],"collection":[{"href":"https:\/\/ryinz.cz\/velkoobchod\/sk\/wp-json\/wp\/v2\/product"}],"about":[{"href":"https:\/\/ryinz.cz\/velkoobchod\/sk\/wp-json\/wp\/v2\/types\/product"}],"replies":[{"embeddable":true,"href":"https:\/\/ryinz.cz\/velkoobchod\/sk\/wp-json\/wp\/v2\/comments?post=8895"}],"wp:featuredmedia":[{"embeddable":true,"href":"https:\/\/ryinz.cz\/velkoobchod\/sk\/wp-json\/wp\/v2\/media\/8930"}],"wp:attachment":[{"href":"https:\/\/ryinz.cz\/velkoobchod\/sk\/wp-json\/wp\/v2\/media?parent=8895"}],"wp:term":[{"taxonomy":"product_brand","embeddable":true,"href":"https:\/\/ryinz.cz\/velkoobchod\/sk\/wp-json\/wp\/v2\/product_brand?post=8895"},{"taxonomy":"product_cat","embeddable":true,"href":"https:\/\/ryinz.cz\/velkoobchod\/sk\/wp-json\/wp\/v2\/product_cat?post=8895"},{"taxonomy":"product_tag","embeddable":true,"href":"https:\/\/ryinz.cz\/velkoobchod\/sk\/wp-json\/wp\/v2\/product_tag?post=8895"}],"curies":[{"name":"wp","href":"https:\/\/api.w.org\/{rel}","templated":true}]}}