{"id":8894,"date":"2025-06-22T15:21:01","date_gmt":"2025-06-22T15:21:01","guid":{"rendered":"https:\/\/ryinz.cz\/velkoobchod\/?post_type=product&#038;p=8894"},"modified":"2026-01-18T20:16:38","modified_gmt":"2026-01-18T20:16:38","slug":"ryinz-zebra-print-cyklisticke-rukavice-polprstove-polstrovane-rukavice-na-bicyklovanie-spinning-telocvicna-a-fitness-priedusne-a-stylove","status":"publish","type":"product","link":"https:\/\/ryinz.cz\/velkoobchod\/sk\/product\/ryinz-zebra-print-cycling-gloves-half-finger-padded-gloves-for-biking-spinning-gym-and-fitness-breathable-and-stylish\/","title":{"rendered":"Cyklistick\u00e9 rukavice RYINZ Zebra Print - polprstov\u00e9 polstrovan\u00e9 rukavice na bicykel, spinning, do posil\u0148ovne a fitnes - priedu\u0161n\u00e9 a \u0161t\u00fdlov\u00e9"},"content":{"rendered":"<p>Odha\u013ete svoju divok\u00fa str\u00e1nku s cyklistick\u00fdmi rukavicami RYINZ Zebra Print, ktor\u00e9 s\u00fa navrhnut\u00e9 tak, aby kombinovali odv\u00e1\u017eny \u0161t\u00fdl s bezkonkuren\u010dn\u00fdm v\u00fdkonom. Tieto rukavice pon\u00fakaj\u00fa dokonal\u00fa kombin\u00e1ciu pohodlia, kontroly a osobitosti, \u010di u\u017e sa preh\u00e1\u0148ate ulicami mesta, sk\u00famate drsn\u00e9 horsk\u00e9 chodn\u00edky, alebo sa venujete intenz\u00edvnej cyklistike v hale. Ide\u00e1lne pre cyklistov, ktor\u00ed chc\u00fa vynikn\u00fa\u0165 a z\u00e1rove\u0148 zosta\u0165 chr\u00e1nen\u00ed a pod\u00e1va\u0165 \u010do najlep\u0161\u00ed v\u00fdkon.<\/p>\n<p>Cyklistick\u00e9 rukavice RYINZ Zebra Print s\u00fa vyroben\u00e9 z vysoko elastick\u00fdch, priedu\u0161n\u00fdch materi\u00e1lov a udr\u017eia va\u0161e ruky v chlade a suchu bez oh\u013eadu na to, ako intenz\u00edvne jazd\u00edte. Tkanina odv\u00e1dzaj\u00faca vlhkos\u0165 na chrbte zais\u0165uje spr\u00e1vne vetranie, zni\u017euje hromadenie potu a zabra\u0148uje prehrievaniu po\u010das hor\u00facich letn\u00fdch j\u00e1zd. Kon\u0161trukcia s polovi\u010dn\u00fdmi prstami zvy\u0161uje flexibilitu a poskytuje hmatov\u00e9 ovl\u00e1danie, \u010do umo\u017e\u0148uje jednoduch\u00fa zmenu prevodov, brzdenie a pou\u017e\u00edvanie smartf\u00f3nu bez nutnosti vyzliekania rukav\u00edc.<\/p>\n<p>Strategicky umiestnen\u00e9 dlane s g\u00e9lovou v\u00fdstelkou absorbuj\u00fa n\u00e1razy a vibr\u00e1cie z nerovn\u00e9ho ter\u00e9nu, v\u010faka \u010domu zostan\u00fa va\u0161e ruky uvo\u013enen\u00e9 a neunavia sa ani po\u010das dlh\u00fdch j\u00e1zd. Oblas\u0165 dlan\u00ed je obohaten\u00e1 o odoln\u00e9 proti\u0161mykov\u00e9 text\u00fary, ktor\u00e9 udr\u017eiavaj\u00fa bezpe\u010dn\u00fd \u00fachop riadidiel za ka\u017ed\u00e9ho po\u010dasia - v da\u017edi, blate alebo potu. Zosilnen\u00e9 \u0161itie zaru\u010duje, \u017ee tieto rukavice vydr\u017eia n\u00e1roky n\u00e1ro\u010dnej jazdy sez\u00f3nu za sez\u00f3nou.<\/p>\n<p>Okrem cyklistiky s\u00fa tieto rukavice dostato\u010dne univerz\u00e1lne aj na fitnes tr\u00e9ning, posil\u0148ovanie, spinning a v\u0161eobecn\u00e9 cvi\u010denie v posil\u0148ovni. Ich priliehav\u00fd, ergonomick\u00fd strih minimalizuje trenie, zni\u017euje riziko vzniku p\u013euzgierov a zlep\u0161uje celkov\u00fd jazdn\u00fd v\u00fdkon. Syst\u00e9m \u013eahko vytiahnute\u013en\u00fdch v\u00fdstupkov umo\u017e\u0148uje r\u00fdchle vyzliekanie po dlhej jazde, zatia\u013e \u010do nastavite\u013en\u00fd p\u00e1sik na such\u00fd zips zaru\u010duje prisp\u00f4soben\u00e9, bezpe\u010dn\u00e9 nosenie, ktor\u00e9 zostane na svojom mieste bez obmedzenia pohybu z\u00e1p\u00e4stia.<\/p>\n<p>Ikonick\u00fd \u010dierno-biely vzor so zebrou nielen\u017ee dod\u00e1 v\u00e1\u0161mu cyklistick\u00e9mu oble\u010deniu \u0161t\u00fdlov\u00fd vzh\u013ead, ale z\u00e1rove\u0148 mu dod\u00e1 jedine\u010dn\u00fd \u0161mrnc, ktor\u00fdm sa odl\u00ed\u0161ite na trati, trati alebo v posil\u0148ovni. \u010ci u\u017e ste s\u00fa\u0165a\u017en\u00fd pretek\u00e1r, pr\u00edle\u017eitostn\u00fd cestuj\u00faci alebo nad\u0161enec do fitness, cyklistick\u00e9 rukavice RYINZ Zebra Print s\u00fa tou najlep\u0161ou vo\u013ebou pre vynikaj\u00facu ochranu r\u00fak, v\u00fdnimo\u010dn\u00e9 pohodlie a v\u00fdrazn\u00fd \u0161t\u00fdl.<\/p>\n<p>\u0160pecifik\u00e1cie:<\/p>\n<p>Pohlavie: Unisex (mu\u017ei a \u017eeny)<\/p>\n<p>\u0160t\u00fdl: Polovi\u010dn\u00fd prst, polstrovan\u00e1 dla\u0148, dizajn Zebra Print<\/p>\n<p>Farby: \u010ciernobiely zebrovan\u00fd vzor<\/p>\n<p>Dostupn\u00e9 ve\u013ekosti: S, M, L, XL<\/p>\n<p>Materi\u00e1ly: Priedu\u0161n\u00e1 elastick\u00e1 tkanina, dlane s g\u00e9lovou v\u00fdpl\u0148ou, proti\u0161mykov\u00e1 text\u00farovan\u00e1 rukov\u00e4\u0165<\/p>\n<p>Typ uz\u00e1veru: Nastavite\u013en\u00fd p\u00e1sik na such\u00fd zips<\/p>\n<p>Ide\u00e1lne pre: Cyklistika na ceste, horsk\u00e1 cyklistika, fitnes tr\u00e9ning, indoor cycling, spinning, tr\u00e9ning v posil\u0148ovni<\/p>\n<p>Vlastnosti:<\/p>\n<p>P\u00fatav\u00fd dizajn so zebrou<\/p>\n<p>Priedu\u0161n\u00e1 a vlhkos\u0165 odv\u00e1dzaj\u00faca zadn\u00e1 tkanina<\/p>\n<p>G\u00e9lov\u00e9 polstrovanie dlane absorbuj\u00face n\u00e1razy<\/p>\n<p>Proti\u0161mykov\u00e1 rukov\u00e4\u0165 na bezpe\u010dn\u00fa manipul\u00e1ciu<\/p>\n<p>\u013dahk\u00e9 a flexibiln\u00e9 pre maxim\u00e1lnu obratnos\u0165<\/p>\n<p>Jednoduch\u00e9 s\u0165ahovanie z\u00e1lo\u017eiek pre pohodlie<\/p>\n<p>Nastavite\u013en\u00fd remienok na z\u00e1p\u00e4stie pre bezpe\u010dn\u00e9 uchytenie<\/p>\n<p>Odoln\u00e9 \u0161itie pre dlhotrvaj\u00face nosenie<\/p>\n<p>Vybavte sa cyklistick\u00fdmi rukavicami RYINZ s potla\u010dou Zebra a pozdvihnite \u00farove\u0148 ka\u017edej jazdy alebo tr\u00e9ningu. Tieto rukavice pon\u00fakaj\u00fa bezkonkuren\u010dn\u00e9 pohodlie, ochranu a p\u00fatav\u00fd dizajn, v\u010faka ktor\u00e9mu bud\u00fa va\u0161e ruky v bezpe\u010d\u00ed a \u0161t\u00fdlov\u00e9, jazdu za jazdou, kilometer za kilometrom.<\/p>","protected":false},"excerpt":{"rendered":"<p>Vybavte sa cyklistick\u00fdmi rukavicami RYINZ s potla\u010dou Zebra a pozdvihnite \u00farove\u0148 ka\u017edej jazdy alebo tr\u00e9ningu. Tieto rukavice pon\u00fakaj\u00fa bezkonkuren\u010dn\u00e9 pohodlie, ochranu a p\u00fatav\u00fd dizajn, v\u010faka ktor\u00e9mu bud\u00fa va\u0161e ruky v bezpe\u010d\u00ed a \u0161t\u00fdlov\u00e9, jazdu za jazdou, kilometer za kilometrom.<\/p>\n<p>Jazdite \u0161t\u00fdlovo a sebaisto s cyklistick\u00fdmi rukavicami RYINZ s potla\u010dou zebry. Tieto rukavice s polovi\u010dn\u00fdmi prstami, ktor\u00e9 s\u00fa navrhnut\u00e9 z priedu\u0161nej tkaniny odv\u00e1dzaj\u00facej vlhkos\u0165, s g\u00e9lov\u00fdmi vank\u00fa\u0161ikmi absorbuj\u00facimi n\u00e1razy a bezpe\u010dn\u00fdm proti\u0161mykov\u00fdm \u00fachopom, poskytuj\u00fa celodenn\u00e9 pohodlie a kontrolu. S\u00fa ide\u00e1lne na cestn\u00fa cyklistiku, horsk\u00fa cyklistiku, kondi\u010dn\u00fd tr\u00e9ning a tr\u00e9ning v posil\u0148ovni a ich odv\u00e1\u017eny zebrovan\u00fd dizajn v\u00e1m zaru\u010d\u00ed, \u017ee vyniknete pri ka\u017edej jazde.<\/p>","protected":false},"featured_media":8922,"comment_status":"closed","ping_status":"closed","template":"","meta":[],"product_brand":[35],"product_cat":[31,33],"product_tag":[36,37,41],"class_list":{"0":"post-8894","1":"product","2":"type-product","3":"status-publish","4":"has-post-thumbnail","6":"product_brand-ryinz","7":"product_cat-cycling-mountain-gloves","8":"product_cat-cycling-gloves","9":"product_tag-cycling-gloves","10":"product_tag-half-finger-gloves","11":"product_tag-lightweight-gloves","13":"first","14":"instock","15":"taxable","16":"shipping-taxable","17":"purchasable","18":"product-type-simple"},"_links":{"self":[{"href":"https:\/\/ryinz.cz\/velkoobchod\/sk\/wp-json\/wp\/v2\/product\/8894","targetHints":{"allow":["GET"]}}],"collection":[{"href":"https:\/\/ryinz.cz\/velkoobchod\/sk\/wp-json\/wp\/v2\/product"}],"about":[{"href":"https:\/\/ryinz.cz\/velkoobchod\/sk\/wp-json\/wp\/v2\/types\/product"}],"replies":[{"embeddable":true,"href":"https:\/\/ryinz.cz\/velkoobchod\/sk\/wp-json\/wp\/v2\/comments?post=8894"}],"wp:featuredmedia":[{"embeddable":true,"href":"https:\/\/ryinz.cz\/velkoobchod\/sk\/wp-json\/wp\/v2\/media\/8922"}],"wp:attachment":[{"href":"https:\/\/ryinz.cz\/velkoobchod\/sk\/wp-json\/wp\/v2\/media?parent=8894"}],"wp:term":[{"taxonomy":"product_brand","embeddable":true,"href":"https:\/\/ryinz.cz\/velkoobchod\/sk\/wp-json\/wp\/v2\/product_brand?post=8894"},{"taxonomy":"product_cat","embeddable":true,"href":"https:\/\/ryinz.cz\/velkoobchod\/sk\/wp-json\/wp\/v2\/product_cat?post=8894"},{"taxonomy":"product_tag","embeddable":true,"href":"https:\/\/ryinz.cz\/velkoobchod\/sk\/wp-json\/wp\/v2\/product_tag?post=8894"}],"curies":[{"name":"wp","href":"https:\/\/api.w.org\/{rel}","templated":true}]}}