{"id":8892,"date":"2025-06-22T15:21:01","date_gmt":"2025-06-22T15:21:01","guid":{"rendered":"https:\/\/ryinz.cz\/velkoobchod\/?post_type=product&#038;p=8892"},"modified":"2026-01-18T20:16:36","modified_gmt":"2026-01-18T20:16:36","slug":"ryinz-ruzove-polprstove-cyklisticke-rukavice-priedusne-lahke-polstrovane-rukavice-na-bicykel-pre-zeny-a-muzov-tlmiace-narazy","status":"publish","type":"product","link":"https:\/\/ryinz.cz\/velkoobchod\/sk\/product\/ryinz-pink-half-finger-cycling-gloves-breathable-lightweight-padded-bike-gloves-for-women-and-men-shock-absorbing-comfort\/","title":{"rendered":"RYINZ Pink Half Finger Cycling Gloves - priedu\u0161n\u00e9 \u013eahk\u00e9 polstrovan\u00e9 rukavice na bicykel pre \u017eeny a mu\u017eov, tlmiace n\u00e1razy"},"content":{"rendered":"<p class=\"\" data-start=\"262\" data-end=\"748\">Predstavujeme cyklistick\u00e9 rukavice RYINZ Pink Half Finger, ktor\u00e9 s\u00fa dokonalou kombin\u00e1ciou v\u00fdkonu, pohodlia a p\u00fatav\u00e9ho \u0161t\u00fdlu. Tieto rukavice, navrhnut\u00e9 \u0161peci\u00e1lne pre jazdcov, ktor\u00ed po\u017eaduj\u00fa funk\u010dnos\u0165 bez toho, aby obetovali m\u00f3du, pon\u00fakaj\u00fa v\u0161etko potrebn\u00e9 pre lep\u0161\u00ed z\u00e1\u017eitok z jazdy na bicykli. \u010ci u\u017e pretek\u00e1te na ceste, zdol\u00e1vate n\u00e1ro\u010dn\u00e9 kopce, spinningujete v hale, alebo jazd\u00edte po meste, rukavice RYINZ v\u00e1m poskytn\u00fa v\u00fdkon, ktor\u00fd si zasl\u00fa\u017eite.<\/p>\n<p class=\"\" data-start=\"750\" data-end=\"1087\">Tieto rukavice s\u00fa vyroben\u00e9 z vysokokvalitn\u00fdch priedu\u0161n\u00fdch materi\u00e1lov a umo\u017e\u0148uj\u00fa maxim\u00e1lne pr\u00fadenie vzduchu, tak\u017ee va\u0161e ruky zostan\u00fa chladn\u00e9, such\u00e9 a pohodln\u00e9 aj po\u010das najintenz\u00edvnej\u0161\u00edch j\u00e1zd. Tkanina odv\u00e1dzaj\u00faca vlhkos\u0165 udr\u017eiava pot na uzde, zatia\u013e \u010do \u013eahk\u00e1 kon\u0161trukcia poskytuje pocit, \u017ee sa takmer nec\u00edtite, \u010do v\u00e1m umo\u017en\u00ed s\u00fastredi\u0165 sa na jazdu bez rozpty\u013eovania.<\/p>\n<p class=\"\" data-start=\"1089\" data-end=\"1464\">Dlane s\u00fa d\u00f4myselne vystlan\u00e9 g\u00e9lov\u00fdmi a penov\u00fdmi vlo\u017ekami absorbuj\u00facimi n\u00e1razy, ktor\u00e9 s\u00fa strategicky umiestnen\u00e9 tak, aby zni\u017eovali vibr\u00e1cie na ceste, zmier\u0148ovali tlak na ruky a zabra\u0148ovali znecitliveniu a \u00fanave. Tieto rukavice chr\u00e1nia va\u0161e ruky pri jazde na dlh\u00e9 vzdialenosti a z\u00e1rove\u0148 zlep\u0161uj\u00fa va\u0161u kontrolu nad riadidlami. Text\u00farovan\u00fd proti\u0161mykov\u00fd povrch poskytuje bezpe\u010dn\u00fd a ist\u00fd \u00fachop aj za mokra.<\/p>\n<p class=\"\" data-start=\"1466\" data-end=\"1796\">Tieto rukavice s\u00fa navrhnut\u00e9 v \u0161t\u00fdlovej a \u017eiarivej ru\u017eovej farbe v kombin\u00e1cii s elegantn\u00fdmi \u010diernymi akcentmi a logom RYINZ a pon\u00fakaj\u00fa modern\u00fd vzh\u013ead a profesion\u00e1lnu kvalitu. Kon\u0161trukcia s polovi\u010dn\u00fdmi prstami zaru\u010duje vo\u013enos\u0165 pohybu a hmatov\u00fa kontrolu, v\u010faka \u010domu m\u00f4\u017eete \u013eahko ovl\u00e1da\u0165 brzdy, prevodov\u00e9 stupne a mobiln\u00e9 zariadenia bez toho, aby ste si museli rukavice vyzliec\u0165.<\/p>\n<p class=\"\" data-start=\"1798\" data-end=\"2168\">Nastavite\u013en\u00e9 zap\u00ednanie na such\u00fd zips zais\u0165uje tesn\u00e9 a prisp\u00f4sobite\u013en\u00e9 uchytenie okolo z\u00e1p\u00e4stia, zabra\u0148uje sk\u013aznutiu a umo\u017e\u0148uje r\u00fdchle nasadenie a vyzle\u010denie. Okrem toho sa v\u010faka \u0165ah\u00e1\u010dikom na prstoch daj\u00fa r\u00fdchlo a bez n\u00e1mahy vyzliec\u0165 aj po spotenej jazde. Zosilnen\u00e9 dvojit\u00e9 \u0161vy zvy\u0161uj\u00fa odolnos\u0165 rukav\u00edc, tak\u017ee s\u00fa ide\u00e1lne na ka\u017edodenn\u00e9 jazdy a n\u00e1ro\u010dn\u00e9 tr\u00e9ningy.<\/p>\n<p class=\"\" data-start=\"2170\" data-end=\"2440\">Ru\u017eov\u00e9 cyklistick\u00e9 rukavice RYINZ nie s\u00fa ur\u010den\u00e9 len na bicyklovanie - s\u00fa vynikaj\u00face na r\u00f4zne fitnes aktivity, ako s\u00fa tr\u00e9ningy v posil\u0148ovni, posil\u0148ovanie, veslovanie a dokonca aj jazda na kolobe\u017eke alebo e-biku. Ich multifunk\u010dn\u00fd dizajn zaru\u010duje, \u017ee svoju invest\u00edciu vyu\u017eijete naplno.<\/p>\n<p class=\"\" data-start=\"2442\" data-end=\"2779\">V\u010faka ergonomick\u00e9mu tvaru a priedu\u0161nej kon\u0161trukcii tieto rukavice minimalizuj\u00fa pravdepodobnos\u0165 \u00fanavy r\u00fak, p\u013euzgierov alebo prehriatia, \u010d\u00edm v\u00e1m pom\u00e1haj\u00fa jazdi\u0165 dlh\u0161ie a c\u00edti\u0165 sa lep\u0161ie. \u010ci u\u017e ste pr\u00edle\u017eitostn\u00fd cyklista, mestsk\u00fd cyklista doch\u00e1dzaj\u00faci do pr\u00e1ce, s\u00fa\u0165a\u017en\u00fd pretek\u00e1r alebo fitnes nad\u0161enec, tieto rukavice poskytuj\u00fa spo\u013eahliv\u00fd v\u00fdkon pri ka\u017edej jazde.<\/p>\n<p class=\"\" data-start=\"2781\" data-end=\"3056\">So zna\u010dkou RYINZ nem\u00e1te len rukavice - vyber\u00e1te si vybavenie, ktor\u00e9 v\u00e1s podporuje pri ka\u017edom stla\u010den\u00ed ped\u00e1lov, ka\u017edom st\u00fapan\u00ed a ka\u017edom prekonan\u00ed cie\u013eovej \u010diary. D\u00f4verujte spolo\u010dnosti RYINZ, \u017ee v\u00e1m poskytne rukavice navrhnut\u00e9 pre \u0161ampi\u00f3nov a navrhnut\u00e9 pre jednotlivcov, ktor\u00ed sa neboja vynikn\u00fa\u0165.<\/p>","protected":false},"excerpt":{"rendered":"<p>Jazdite \u0161t\u00fdlovo a pohodlne s cyklistick\u00fdmi rukavicami RYINZ Pink Half Finger. Tieto priedu\u0161n\u00e9, \u013eahk\u00e9 rukavice pon\u00fakaj\u00fa vynikaj\u00facu ventil\u00e1ciu, proti\u0161mykov\u00e9 polstrovanie dlane tlmiace n\u00e1razy a \u013eahko nastavite\u013en\u00e9 zap\u00ednanie na z\u00e1p\u00e4st\u00ed pre bezpe\u010dn\u00e9 nosenie. S\u00fa ide\u00e1lne na bicyklovanie, spinning, fitnes tr\u00e9ning a jazdu na kolobe\u017eke a kombinuj\u00fa m\u00f3dny ru\u017eov\u00fd dizajn s robustnou odolnos\u0165ou. U\u017e\u00edvajte si maxim\u00e1lnu pri\u013enavos\u0165, zn\u00ed\u017een\u00fa \u00fanavu a dokonal\u00fa ochranu r\u00fak pri ka\u017edej jazde. Vyberte si RYINZ pre \u0161t\u00fdl zameran\u00fd na v\u00fdkon, ktor\u00fd podpor\u00ed ka\u017ed\u00fd zdolan\u00fd kilometer.<\/p>","protected":false},"featured_media":8924,"comment_status":"closed","ping_status":"closed","template":"","meta":[],"product_brand":[35],"product_cat":[31,33],"product_tag":[36,37,38,39],"class_list":{"0":"post-8892","1":"product","2":"type-product","3":"status-publish","4":"has-post-thumbnail","6":"product_brand-ryinz","7":"product_cat-cycling-mountain-gloves","8":"product_cat-cycling-gloves","9":"product_tag-cycling-gloves","10":"product_tag-half-finger-gloves","11":"product_tag-pink-gloves","12":"product_tag-sport-gloves","14":"first","15":"instock","16":"taxable","17":"shipping-taxable","18":"purchasable","19":"product-type-simple"},"_links":{"self":[{"href":"https:\/\/ryinz.cz\/velkoobchod\/sk\/wp-json\/wp\/v2\/product\/8892","targetHints":{"allow":["GET"]}}],"collection":[{"href":"https:\/\/ryinz.cz\/velkoobchod\/sk\/wp-json\/wp\/v2\/product"}],"about":[{"href":"https:\/\/ryinz.cz\/velkoobchod\/sk\/wp-json\/wp\/v2\/types\/product"}],"replies":[{"embeddable":true,"href":"https:\/\/ryinz.cz\/velkoobchod\/sk\/wp-json\/wp\/v2\/comments?post=8892"}],"wp:featuredmedia":[{"embeddable":true,"href":"https:\/\/ryinz.cz\/velkoobchod\/sk\/wp-json\/wp\/v2\/media\/8924"}],"wp:attachment":[{"href":"https:\/\/ryinz.cz\/velkoobchod\/sk\/wp-json\/wp\/v2\/media?parent=8892"}],"wp:term":[{"taxonomy":"product_brand","embeddable":true,"href":"https:\/\/ryinz.cz\/velkoobchod\/sk\/wp-json\/wp\/v2\/product_brand?post=8892"},{"taxonomy":"product_cat","embeddable":true,"href":"https:\/\/ryinz.cz\/velkoobchod\/sk\/wp-json\/wp\/v2\/product_cat?post=8892"},{"taxonomy":"product_tag","embeddable":true,"href":"https:\/\/ryinz.cz\/velkoobchod\/sk\/wp-json\/wp\/v2\/product_tag?post=8892"}],"curies":[{"name":"wp","href":"https:\/\/api.w.org\/{rel}","templated":true}]}}