{"id":8891,"date":"2025-06-22T15:21:01","date_gmt":"2025-06-22T15:21:01","guid":{"rendered":"https:\/\/ryinz.cz\/velkoobchod\/?post_type=product&#038;p=8891"},"modified":"2026-01-18T20:16:36","modified_gmt":"2026-01-18T20:16:36","slug":"ryinz-priedusne-polprstove-cyklisticke-rukavice-lahke-protismykove-polstrovane-sportove-rukavice-pre-muzov-a-zeny","status":"publish","type":"product","link":"https:\/\/ryinz.cz\/velkoobchod\/sk\/product\/ryinz-breathable-half-finger-cycling-gloves-lightweight-anti-slip-padded-sport-bike-gloves-for-men-and-women\/","title":{"rendered":"RYINZ Priedu\u0161n\u00e9 cyklistick\u00e9 rukavice Half Finger - \u013eahk\u00e9 proti\u0161mykov\u00e9 polstrovan\u00e9 \u0161portov\u00e9 rukavice pre mu\u017eov a \u017eeny"},"content":{"rendered":"<p class=\"\" data-start=\"254\" data-end=\"755\">Objavte vynikaj\u00face pohodlie, pri\u013enavos\u0165 a ochranu s priedu\u0161n\u00fdmi polprstov\u00fdmi cyklistick\u00fdmi rukavicami RYINZ, ktor\u00e9 boli navrhnut\u00e9 \u0161peci\u00e1lne pre v\u00e1\u0161niv\u00fdch cyklistov, ktor\u00ed si cenia v\u00fdkon a odolnos\u0165. Tieto rukavice s\u00fa vyroben\u00e9 z vysokokvalitnej priedu\u0161nej tkaniny a zais\u0165uj\u00fa maxim\u00e1lnu ventil\u00e1ciu, v\u010faka ktorej bud\u00fa va\u0161e ruky chladn\u00e9 a nebud\u00fa sa poti\u0165 ani po\u010das dlh\u00fdch j\u00e1zd v intenz\u00edvnom teple. \u013dahk\u00fd materi\u00e1l pon\u00faka pocit druhej ko\u017ee, \u010do umo\u017e\u0148uje pln\u00fa pohyblivos\u0165 r\u00fak bez toho, aby bola obetovan\u00e1 ochrana.<\/p>\n<p class=\"\" data-start=\"757\" data-end=\"1106\">Oblas\u0165 dlane je vystu\u017een\u00e1 proti\u0161mykov\u00fdm polstrovan\u00edm pohlcuj\u00facim n\u00e1razy, ktor\u00e9 je strategicky umiestnen\u00e9 tak, aby minimalizovalo vibr\u00e1cie z nerovn\u00e9ho ter\u00e9nu, chr\u00e1nilo pred \u00fanavou r\u00fak a zvy\u0161ovalo stabilitu \u00fachopu. Rukavice RYINZ poskytuj\u00fa konzistentn\u00e9 ovl\u00e1danie a vynikaj\u00face pohodlie, \u010di u\u017e sa pohybujete po \u010dlenit\u00fdch cest\u00e1ch, \u0161printujete na ceste, alebo prech\u00e1dzate ulicami mesta.<\/p>\n<p class=\"\" data-start=\"1109\" data-end=\"1446\">Kon\u0161trukcia s polovi\u010dnou d\u013a\u017ekou prstov podporuje lep\u0161iu hmatov\u00fa citlivos\u0165, \u010do u\u013eah\u010duje ovl\u00e1danie b\u0155zd, prevodov a \u010fal\u0161\u00edch funkci\u00ed riadidiel bez straty prirodzen\u00e9ho pocitu z jazdy. Nastavite\u013en\u00e9 z\u00e1p\u00e4stn\u00e9 uz\u00e1very umo\u017e\u0148uj\u00fa prisp\u00f4sobi\u0165 si strih, \u010d\u00edm sa zabezpe\u010d\u00ed, \u017ee rukavice zostan\u00fa bezpe\u010dne na svojom mieste bez toho, aby obmedzovali prietok krvi alebo sp\u00f4sobovali nepohodlie.<\/p>\n<p class=\"\" data-start=\"1448\" data-end=\"1792\">\u0160t\u00fdlov\u00fd minimalistick\u00fd \u010dierny dizajn s jemn\u00fdm ozna\u010den\u00edm RYINZ zaru\u010duje elegantn\u00fd, profesion\u00e1lny vzh\u013ead vhodn\u00fd pre mu\u017eov aj \u017eeny cyklistov. \u010ci u\u017e jazd\u00edte s\u00fa\u0165a\u017ene alebo na fitness, tieto rukavice dokonale vyva\u017euj\u00fa v\u00fdkon a \u0161t\u00fdl. Odoln\u00e9 dvojit\u00e9 pre\u0161\u00edvanie zaru\u010duje dlhotrvaj\u00face nosenie aj po opakovanom pou\u017e\u00edvan\u00ed a viacer\u00fdch prac\u00edch cykloch.<\/p>\n<p class=\"\" data-start=\"1795\" data-end=\"2150\">R\u00fdchlo odn\u00edmate\u013en\u00e9 v\u00fdstupky na prstoch umo\u017e\u0148uj\u00fa \u013eahk\u00e9 stiahnutie rukav\u00edc, aj ke\u010f s\u00fa mokr\u00e9 od potu. M\u00e4kk\u00e1 absorp\u010dn\u00e1 n\u00e1plas\u0165 na palci je zabudovan\u00e1 na utieranie potu, zachov\u00e1va jasn\u00fd v\u00fdh\u013ead a neru\u0161en\u00e9 s\u00fastredenie po\u010das jazdy. Ergonomick\u00fd dizajn dlane a m\u00e4kk\u00e1 vn\u00fatorn\u00e1 pod\u0161\u00edvka zais\u0165uj\u00fa maxim\u00e1lne pohodlie r\u00fak na dlh\u00fdch cest\u00e1ch, \u010d\u00edm sa redukuj\u00fa hor\u00face miesta a tlakov\u00e9 body.<\/p>\n<p class=\"\" data-start=\"2153\" data-end=\"2494\">Ide\u00e1lne na r\u00f4zne cyklistick\u00e9 discipl\u00edny vr\u00e1tane horskej cyklistiky (MTB), cestnej cyklistiky, jazdy na \u0161otoline, BMX, spinningu a dokonca aj na v\u0161eobecn\u00e9 fitnes aktivity, ako s\u00fa tr\u00e9ningy v posil\u0148ovni, vzpieranie alebo veslovanie. V\u010faka svojmu univerz\u00e1lnemu dizajnu rukavice RYINZ v\u00fdborne posl\u00fa\u017eia aj ako rukavice na kolobe\u017eky, e-biky a rukavice na be\u017en\u00e9 outdoorov\u00e9 aktivity.<\/p>\n<p class=\"\" data-start=\"2496\" data-end=\"2831\">Cyklistick\u00e9 rukavice RYINZ Breathable Half Finger s\u00fa ur\u010den\u00e9 pre ka\u017ed\u00e9ho, kto si potrp\u00ed na pohodlie, kontrolu a odolnos\u0165. Zlep\u0161ite svoj z\u00e1\u017eitok z jazdy s rukavicami, ktor\u00fdm d\u00f4veruj\u00fa profesion\u00e1lni cyklisti aj be\u017en\u00ed jazdci. Jazdite \u010falej, r\u00fdchlej\u0161ie a bezpe\u010dnej\u0161ie s ochrannou silou a ergonomick\u00fdm leskom cyklistick\u00fdch rukav\u00edc RYINZ.<\/p>\n<p class=\"\" data-start=\"2833\" data-end=\"3022\">Od n\u00e1ro\u010dn\u00fdch v\u00fdstupov po vzru\u0161uj\u00face zjazdy, od ka\u017edodenn\u00e9ho doch\u00e1dzania do pr\u00e1ce po v\u00edkendov\u00e9 dobrodru\u017estv\u00e1, rukavice RYINZ zabezpe\u010dia, \u017ee va\u0161e ruky zostan\u00fa chr\u00e1nen\u00e9, podporovan\u00e9 a v pohodl\u00ed na ka\u017edom kilometri cesty.<\/p>","protected":false},"excerpt":{"rendered":"<p>S priedu\u0161n\u00fdmi polprstov\u00fdmi cyklistick\u00fdmi rukavicami RYINZ zostanete v pohode, komforte a pod kontrolou. Tieto rukavice s\u00fa navrhnut\u00e9 z vysoko v\u00fdkonnej priedu\u0161nej tkaniny, proti\u0161mykov\u00e9ho polstrovania dlane absorbuj\u00faceho n\u00e1razy a ergonomickej kon\u0161trukcie s polovi\u010dn\u00fdmi prstami a poskytuj\u00fa dokonal\u00fa pri\u013enavos\u0165 a zni\u017euj\u00fa \u00fanavu. S\u00fa ide\u00e1lne na horsk\u00fa cyklistiku, cestn\u00fa cyklistiku, fitnes tr\u00e9ning a jazdu na kolobe\u017eke, maj\u00fa nastavite\u013en\u00e9 zap\u00ednanie na z\u00e1p\u00e4st\u00ed a \u013eahko vytiahnute\u013en\u00e9 v\u00fdstupky na r\u00fdchle vyzliekanie. Ide\u00e1lne pre mu\u017eov a \u017eeny, ktor\u00ed vy\u017eaduj\u00fa kvalitu, \u0161t\u00fdl a pohodlie pri ka\u017edej jazde. Rukavice RYINZ s\u00fa z\u00e1kladn\u00fdm vylep\u0161en\u00edm, ktor\u00e9 si va\u0161e ruky zasl\u00fa\u017eia.<\/p>","protected":false},"featured_media":8927,"comment_status":"closed","ping_status":"closed","template":"","meta":[],"product_brand":[35],"product_cat":[31,33],"product_tag":[32,34],"class_list":{"0":"post-8891","1":"product","2":"type-product","3":"status-publish","4":"has-post-thumbnail","6":"product_brand-ryinz","7":"product_cat-cycling-mountain-gloves","8":"product_cat-cycling-gloves","9":"product_tag-cycling-mountain-gloves","10":"product_tag-mountain-bike-gloves","12":"first","13":"instock","14":"taxable","15":"shipping-taxable","16":"purchasable","17":"product-type-simple"},"_links":{"self":[{"href":"https:\/\/ryinz.cz\/velkoobchod\/sk\/wp-json\/wp\/v2\/product\/8891","targetHints":{"allow":["GET"]}}],"collection":[{"href":"https:\/\/ryinz.cz\/velkoobchod\/sk\/wp-json\/wp\/v2\/product"}],"about":[{"href":"https:\/\/ryinz.cz\/velkoobchod\/sk\/wp-json\/wp\/v2\/types\/product"}],"replies":[{"embeddable":true,"href":"https:\/\/ryinz.cz\/velkoobchod\/sk\/wp-json\/wp\/v2\/comments?post=8891"}],"wp:featuredmedia":[{"embeddable":true,"href":"https:\/\/ryinz.cz\/velkoobchod\/sk\/wp-json\/wp\/v2\/media\/8927"}],"wp:attachment":[{"href":"https:\/\/ryinz.cz\/velkoobchod\/sk\/wp-json\/wp\/v2\/media?parent=8891"}],"wp:term":[{"taxonomy":"product_brand","embeddable":true,"href":"https:\/\/ryinz.cz\/velkoobchod\/sk\/wp-json\/wp\/v2\/product_brand?post=8891"},{"taxonomy":"product_cat","embeddable":true,"href":"https:\/\/ryinz.cz\/velkoobchod\/sk\/wp-json\/wp\/v2\/product_cat?post=8891"},{"taxonomy":"product_tag","embeddable":true,"href":"https:\/\/ryinz.cz\/velkoobchod\/sk\/wp-json\/wp\/v2\/product_tag?post=8891"}],"curies":[{"name":"wp","href":"https:\/\/api.w.org\/{rel}","templated":true}]}}