{"id":8890,"date":"2025-06-22T15:21:00","date_gmt":"2025-06-22T15:21:00","guid":{"rendered":"https:\/\/ryinz.cz\/velkoobchod\/?post_type=product&#038;p=8890"},"modified":"2026-01-18T20:16:35","modified_gmt":"2026-01-18T20:16:35","slug":"ryinz-priedusne-polstrovane-polprstove-cyklisticke-rukavice-pre-muzov-a-zeny-absorpcia-narazov-proti-posmyknutiu-lahke-letne-jazdecke-rukavice","status":"publish","type":"product","link":"https:\/\/ryinz.cz\/velkoobchod\/sk\/product\/ryinz-breathable-padded-half-finger-cycling-gloves-for-men-and-women-shock-absorption-anti-slip-lightweight-summer-riding-gloves\/","title":{"rendered":"RYINZ Priedu\u0161n\u00e9 polstrovan\u00e9 cyklistick\u00e9 rukavice pre mu\u017eov a \u017eeny - absorpcia n\u00e1razov, proti\u0161mykov\u00e9, \u013eahk\u00e9 letn\u00e9 jazdeck\u00e9 rukavice"},"content":{"rendered":"<p class=\"\" data-start=\"535\" data-end=\"942\">Cyklistick\u00e9 rukavice RYINZ Breathable Padded Half Finger s\u00fa ide\u00e1lnou vo\u013ebou pre cyklistov, ktor\u00ed po\u017eaduj\u00fa vysok\u00fd v\u00fdkon aj \u0161t\u00fdlov\u00e9 pohodlie. Tieto polprstov\u00e9 rukavice, vytvoren\u00e9 pre mu\u017eov aj \u017eeny, poskytuj\u00fa bezkonkuren\u010dn\u00fa priedu\u0161nos\u0165, ergonomick\u00fa podporu a lep\u0161iu pri\u013enavos\u0165 pri ka\u017edom type jazdy - od doch\u00e1dzania do mesta po horsk\u00e9 trasy a dia\u013ekov\u00fa cestn\u00fa cyklistiku.<\/p>\n<p class=\"\" data-start=\"944\" data-end=\"1286\">Rukavice s\u00fa vyroben\u00e9 z prvotriednych \u013eahk\u00fdch materi\u00e1lov a na chrbte maj\u00fa priedu\u0161n\u00fa sie\u0165ovinu, ktor\u00e1 zabezpe\u010duje maxim\u00e1lne pr\u00fadenie vzduchu a udr\u017euje ruky v chlade a bez potu aj po\u010das najintenz\u00edvnej\u0161\u00edch j\u00e1zd. \u0160t\u00fdlov\u00fd modern\u00fd dizajn v pr\u00edrodn\u00fdch zemit\u00fdch t\u00f3noch rob\u00ed z t\u00fdchto rukav\u00edc univerz\u00e1lneho spolo\u010dn\u00edka, ktor\u00fd sa \u013eahko hod\u00ed k \u0161portov\u00e9mu aj be\u017en\u00e9mu \u0161portov\u00e9mu oble\u010deniu.<\/p>\n<p class=\"\" data-start=\"1288\" data-end=\"1610\">Strategicky polstrovan\u00e9 dlane obsahuj\u00fa penov\u00e9 vlo\u017eky absorbuj\u00face n\u00e1razy, ktor\u00e9 minimalizuj\u00fa vibr\u00e1cie na ceste a \u00fanavu r\u00fak, \u010do umo\u017e\u0148uje dlh\u0161iu a pohodlnej\u0161iu jazdu. \u010ci u\u017e prech\u00e1dzate po hrbo\u013eat\u00fdch cest\u00e1ch alebo jazd\u00edte po hladk\u00fdch dia\u013eniciach, tieto rukavice zni\u017euj\u00fa nam\u00e1hanie r\u00fak a z\u00e1p\u00e4st\u00ed, \u010d\u00edm zlep\u0161uj\u00fa kontrolu nad bicyklom.<\/p>\n<p class=\"\" data-start=\"1612\" data-end=\"1978\">Proti\u0161mykov\u00e1 silik\u00f3nov\u00e1 potla\u010d na dlani poskytuje vynikaj\u00facu pri\u013enavos\u0165 za v\u0161etk\u00fdch poveternostn\u00fdch podmienok a umo\u017e\u0148uje v\u00e1m \u00faplne ovl\u00e1da\u0165 riadidl\u00e1, aj ke\u010f \u010del\u00edte da\u017e\u010fu alebo vysokej vlhkosti. Odoln\u00e1 kon\u0161trukcia so zosilnen\u00fdm \u0161it\u00edm medzit\u00fdm zaru\u010duje, \u017ee rukavice vydr\u017eia ka\u017edodenn\u00e9 pou\u017e\u00edvanie, tr\u00e9ningy a s\u00fa\u0165a\u017en\u00e9 podujatia bez straty tvaru alebo pohodlia.<\/p>\n<p class=\"\" data-start=\"1980\" data-end=\"2281\">\u013dahko nastavite\u013en\u00fd remienok na z\u00e1p\u00e4stie s bezpe\u010dn\u00fdm zap\u00ednan\u00edm na such\u00fd zips v\u00e1m umo\u017en\u00ed dokonale prisp\u00f4sobi\u0165 ve\u013ekos\u0165 z\u00e1p\u00e4stia, zabr\u00e1ni sk\u013aznutiu a umo\u017en\u00ed r\u00fdchle zapnutie a vypnutie. Okrem toho p\u00fatka na prsty so s\u0165ahovacou p\u00e1skou umo\u017e\u0148uj\u00fa r\u00fdchle odstr\u00e1nenie rukav\u00edc po tr\u00e9ningu alebo jazde bez nam\u00e1hania rukav\u00edc.<\/p>\n<p class=\"\" data-start=\"2283\" data-end=\"2671\">Ergonomick\u00fd strih kon\u0161trukcie s polovi\u010dn\u00fdmi prstami poskytuje prirodzen\u00fd pohyb a vynikaj\u00facu hmatov\u00fa sp\u00e4tn\u00fa v\u00e4zbu, v\u010faka \u010domu m\u00f4\u017eete \u013eahko ovl\u00e1da\u0165 prevodovky, brzdy a smartf\u00f3ny bez toho, aby ste si museli rukavice vyzliec\u0165. \u010ci u\u017e jazd\u00edte na horskom bicykli, cestnom pretek\u00e1rskom bicykli, bicykli na doch\u00e1dzanie do pr\u00e1ce, alebo dokonca pou\u017e\u00edvate tieto rukavice na tr\u00e9ning v posil\u0148ovni, vzpieranie alebo fitnes tr\u00e9ning, RYINZ zaru\u010duje vynikaj\u00facu podporu a funk\u010dnos\u0165.<\/p>\n<p class=\"\" data-start=\"2673\" data-end=\"2863\">Okrem cyklistiky s\u00fa tieto rukavice ide\u00e1lne aj na hodiny spinningu, veslovanie, turistiku s palicami alebo v\u0161eobecn\u00fa outdoorov\u00fa kond\u00edciu, tak\u017ee s\u00fa viac\u00fa\u010delov\u00e9 a nevyhnutn\u00e9 pre akt\u00edvny \u017eivotn\u00fd \u0161t\u00fdl.<\/p>\n<p class=\"\" data-start=\"2865\" data-end=\"2886\"><strong data-start=\"2865\" data-end=\"2884\">\u0160pecifik\u00e1cie:<\/strong><\/p>\n<ul data-start=\"2887\" data-end=\"3210\">\n<li class=\"\" data-start=\"2887\" data-end=\"2919\">\n<p class=\"\" data-start=\"2889\" data-end=\"2919\">Pohlavie: Unisex (mu\u017ei a \u017eeny)<\/p>\n<\/li>\n<li class=\"\" data-start=\"2920\" data-end=\"2942\">\n<p class=\"\" data-start=\"2922\" data-end=\"2942\">\u0160t\u00fdl: Polovi\u010dn\u00fd prst<\/p>\n<\/li>\n<li class=\"\" data-start=\"2943\" data-end=\"2979\">\n<p class=\"\" data-start=\"2945\" data-end=\"2979\">Farby: Zemit\u00e1 biela, siv\u00e1, hned\u00e1<\/p>\n<\/li>\n<li class=\"\" data-start=\"2980\" data-end=\"3012\">\n<p class=\"\" data-start=\"2982\" data-end=\"3012\">Dostupn\u00e9 ve\u013ekosti: S, M, L, XL<\/p>\n<\/li>\n<li class=\"\" data-start=\"3013\" data-end=\"3080\">\n<p class=\"\" data-start=\"3015\" data-end=\"3080\">Materi\u00e1ly: Priedu\u0161n\u00e1 sie\u0165ovina, polstrovan\u00e1 pena, dla\u0148 zo syntetickej ko\u017ee<\/p>\n<\/li>\n<li class=\"\" data-start=\"3081\" data-end=\"3117\">\n<p class=\"\" data-start=\"3083\" data-end=\"3117\">Uzavretie: Nastavite\u013en\u00fd p\u00e1sik na such\u00fd zips<\/p>\n<\/li>\n<li class=\"\" data-start=\"3118\" data-end=\"3210\">\n<p class=\"\" data-start=\"3120\" data-end=\"3210\">Ide\u00e1lne pre: Cyklistika na ceste, MTB, doch\u00e1dzanie do pr\u00e1ce, indoor spinning, fitness tr\u00e9ningy, jazda na kolobe\u017eke<\/p>\n<\/li>\n<\/ul>\n<p class=\"\" data-start=\"3212\" data-end=\"3452\">Rukavice RYINZ s\u00fa ur\u010den\u00e9 pre \u0161ampi\u00f3nov, ktor\u00ed ocenia ka\u017ed\u00fd detail - pohodlie, v\u00fdkon a \u0161t\u00fdlov\u00fa praktickos\u0165. Vyberte si priedu\u0161n\u00e9 polprstov\u00e9 cyklistick\u00e9 rukavice RYINZ a za\u017eite dlh\u0161ie jazdy, lep\u0161iu pri\u013enavos\u0165 a prvotriednu ochranu ka\u017ed\u00fd de\u0148.<\/p>","protected":false},"excerpt":{"rendered":"<p class=\"\" data-start=\"3459\" data-end=\"4029\">S cyklistick\u00fdmi rukavicami RYINZ Breathable Padded Half Finger sa posuniete na vy\u0161\u0161iu \u00farove\u0148. Tieto rukavice s\u00fa navrhnut\u00e9 pre maxim\u00e1lnu ventil\u00e1ciu a lep\u0161iu pri\u013enavos\u0165, maj\u00fa n\u00e1razy pohlcuj\u00face polstrovanie dlane, proti\u0161mykov\u00e9 silik\u00f3nov\u00e9 potla\u010de a \u013eahko nastavite\u013en\u00fd p\u00e1sik na z\u00e1p\u00e4st\u00ed pre dokonal\u00e9 prisp\u00f4sobenie. \u0160t\u00fdlov\u00e1 farebn\u00e1 kombin\u00e1cia Earth White-Grey-Brown sa hod\u00ed do \u0161atn\u00edka ka\u017ed\u00e9ho jazdca. Ide\u00e1lne na cestn\u00fa cyklistiku, MTB, spinning, fitness a v\u0161eobecn\u00e9 \u0161portov\u00e9 vyu\u017eitie. Jazdite \u010falej, silnej\u0161ie a s v\u00e4\u010d\u0161ou istotou pomocou v\u00fdkonn\u00fdch rukav\u00edc RYINZ.<\/p>","protected":false},"featured_media":8920,"comment_status":"closed","ping_status":"closed","template":"","meta":[],"product_brand":[35],"product_cat":[31,33],"product_tag":[30,32],"class_list":{"0":"post-8890","1":"product","2":"type-product","3":"status-publish","4":"has-post-thumbnail","6":"product_brand-ryinz","7":"product_cat-cycling-mountain-gloves","8":"product_cat-cycling-gloves","9":"product_tag-cycling","10":"product_tag-cycling-mountain-gloves","12":"first","13":"instock","14":"virtual","15":"taxable","16":"purchasable","17":"product-type-simple"},"_links":{"self":[{"href":"https:\/\/ryinz.cz\/velkoobchod\/sk\/wp-json\/wp\/v2\/product\/8890","targetHints":{"allow":["GET"]}}],"collection":[{"href":"https:\/\/ryinz.cz\/velkoobchod\/sk\/wp-json\/wp\/v2\/product"}],"about":[{"href":"https:\/\/ryinz.cz\/velkoobchod\/sk\/wp-json\/wp\/v2\/types\/product"}],"replies":[{"embeddable":true,"href":"https:\/\/ryinz.cz\/velkoobchod\/sk\/wp-json\/wp\/v2\/comments?post=8890"}],"wp:featuredmedia":[{"embeddable":true,"href":"https:\/\/ryinz.cz\/velkoobchod\/sk\/wp-json\/wp\/v2\/media\/8920"}],"wp:attachment":[{"href":"https:\/\/ryinz.cz\/velkoobchod\/sk\/wp-json\/wp\/v2\/media?parent=8890"}],"wp:term":[{"taxonomy":"product_brand","embeddable":true,"href":"https:\/\/ryinz.cz\/velkoobchod\/sk\/wp-json\/wp\/v2\/product_brand?post=8890"},{"taxonomy":"product_cat","embeddable":true,"href":"https:\/\/ryinz.cz\/velkoobchod\/sk\/wp-json\/wp\/v2\/product_cat?post=8890"},{"taxonomy":"product_tag","embeddable":true,"href":"https:\/\/ryinz.cz\/velkoobchod\/sk\/wp-json\/wp\/v2\/product_tag?post=8890"}],"curies":[{"name":"wp","href":"https:\/\/api.w.org\/{rel}","templated":true}]}}